{"id":1671695,"date":"2023-02-12T17:53:12","date_gmt":"2023-02-12T15:53:12","guid":{"rendered":"https:\/\/greenspells.com\/?post_type=product&#038;p=1671695"},"modified":"2025-01-08T10:57:18","modified_gmt":"2025-01-08T08:57:18","slug":"biocos-rozalinu-eterinis-aliejus-virziniu-mirteniu","status":"publish","type":"product","link":"https:\/\/greenspells.com\/lt\/produktas\/biocos-rozalinu-eterinis-aliejus-virziniu-mirteniu\/","title":{"rendered":"BIOCOS <br> Rozalin\u0173 eterinis aliejus (vir\u017eini\u0173 mirteni\u0173)"},"content":{"rendered":"<p>Rozalin\u0173 eterinis aliejaus da\u017enai vadinamas kvapniu arbatmed\u017eiu arba vaik\u0173 arbatmed\u017eiu, nes yra \u0161velnesnis, malonesnis, turi g\u0117li\u0161k\u0173 kvapo nat\u0173. Rozalin\u0173 eterinio aliejaus sud\u0117tis i\u0161siskiria tomis pa\u010diomis sud\u0117tin\u0117mis dalimis kaip ir eukalipt\u0173, arbatmed\u017ei\u0173 bei levand\u0173 eteriniai aliejai.<\/p>\n<h3 class=\"product-information-heading\">PREK\u0116S INFORMACIJA<\/h3>\n<p><strong>Kiekis:<\/strong> 5 ml<\/p>\n<div class=\"row\">\n<div class=\"col-xs-12 col-md-6\">\n<div class=\"rte\">\n<p dir=\"ltr\"><strong>Bot<\/strong>:\u00a0Melaleuca ericifolia<\/p>\n<p dir=\"ltr\"><strong>Kilm\u0117s \u0161alis<\/strong>:\u00a0Australija<\/p>\n<p dir=\"ltr\"><strong>Ekologi\u0161kas<\/strong>: NE<\/p>\n<p dir=\"ltr\"><strong>Chemotipas (pagrindiniai komponentai)<\/strong>:\u00a0 Linalool, 1,8-Cineole, \u03b1-Terpineol<\/p>\n<p dir=\"ltr\"><strong>I\u0161gavimo b\u016bdas<\/strong>: distiliavimo<\/p>\n<p dir=\"ltr\"><strong>Augalo dalis<\/strong>: lapai, \u0161akel\u0117s<\/p>\n<p dir=\"ltr\"><strong>Aromatas<\/strong>:\u00a0 \u0161velnus, gaivus, \u0161velniai cineoli\u0161kas, su pu\u0161is primenan\u010diomis vir\u0161utin\u0117mis natomis ir \u017eemi\u0161kais niuansais<\/p>\n<p dir=\"ltr\"><strong>Nata<\/strong>:\u00a0vir\u0161utin\u0117<\/p>\n<p dir=\"ltr\"><strong>Alchemija<\/strong>:\u00a0rozalin\u0173 eterinis aliejus dera su kvapi\u0173j\u0173 \u0161alavij\u0173, eukalipto, k\u0117ni\u0173, palergonij\u0173, levand\u0173, citrin\u0173, mandarin\u0173, rozmarin\u0173, \u010diobreli\u0173 ir kt. eteriniais aliejais.<\/p>\n<p dir=\"ltr\">M\u016bs\u0173 Rozalina eterinis aliejus pasi\u017eymi ypa\u010d maloniu aromatu \u2013 \u0161velnus, gaivus, \u0161velniai cineoli\u0161kas, su pu\u0161is primenan\u010diomis vir\u0161utin\u0117mis natomis ir \u017eemi\u0161kais niuansais. Rozalina &#8211; aromaterapijos naujok\u0117 (prad\u0117ta distiliuoti tik 1981 m.) ir laikoma \u0161velnia arbatmed\u017eio alternatyva, kuri d\u0117l didesnio linalolio kiekio pasi\u017eymi \u0161velnesniu aromatu. Linalolas &#8211; \u0161velnus, medieni\u0161kas aromatas, dominuojantis ro\u017emed\u017eio ir kalendros s\u0117kl\u0173 kvapuose,\u00a0 suteikiantis rozalinai malonesn\u012f kvap\u0105. Augalas, i\u0161 kurio i\u0161gaunamas rozalinos aliejus botanikos pasaulyje vadinamas Melaleuca ericifolia ir yra kilusi i\u0161 Australijos, kur gausiai auga dr\u0117gnuose, pav\u0117singuose pakran\u010di\u0173 regionuose.<\/p>\n<p dir=\"ltr\">Rozalinos aliejai i\u0161 \u0161iaurin\u0117s Australijos dalies yra turtingi linaloliu, o i\u0161 pietin\u0117s dalies &#8211; cineoliu. Teigiama, kad Rosalina pasi\u017eymi pana\u0161iomis savyb\u0117mis, kaip ir jos \u201cpusbroliai\u201d arbatmedis ir niaouli, ir yra nepaprastai \u0161velni aromaterapijai, difuzoriams ir ypa\u010d tinka vaikams.<\/p>\n<p dir=\"ltr\"><strong>R\u016b\u0161iavimo informacija<\/strong>:<\/p>\n<ul>\n<li>Buteliukas \u2013 stiklas<\/li>\n<li>Kam\u0161telis, la\u0161intuvas \u2013 plastikas<\/li>\n<li>Etiket\u0117 \u2013 plastikas PVC<\/li>\n<\/ul>\n<p dir=\"ltr\"><strong>Chemin\u0117 analiz\u0117<\/strong>:\u00a0Linalool, 1,8-Cineole, \u03b1-Terpineol<\/p>\n<p dir=\"ltr\"><strong>Kosmetin\u0117s savyb\u0117s<\/strong>\u00a0<strong>&#8211; gali b\u016bti\u00a0naudojamas kosmetikos gaminiuose kaip aktyvioji med\u017eiaga:<\/strong><\/p>\n<ul>\n<li>padedanti kovojant su\u00a0spuogais;<\/li>\n<li>tinkanti jautriai odai.<\/li>\n<\/ul>\n<p dir=\"ltr\"><strong>Aromaterapin\u0117s savyb\u0117s<\/strong>:<\/p>\n<ul>\n<li>ma\u017eina stres\u0105, ramina, padeda atsipalaiduoti;<\/li>\n<li>padeda pagerinti miego kokyb\u0119;<\/li>\n<li>palengvina kv\u0117pavim\u0105 &#8211; \u012fkv\u0117pkite nuo nosinait\u0117s, laikykite j\u0105 prie lovos miego metu, pakvepinkite vaiko \u017eaisl\u0105, su kuriuo jis miega;<\/li>\n<li>naudojant masa\u017eui atpalaiduoja raumen\u0173 \u012ftamp\u0105.<\/li>\n<\/ul>\n<p dir=\"ltr\"><strong>Parfumerin\u0117s savyb\u0117s<\/strong>:<\/p>\n<ul>\n<li>rozalin\u0173 eterinio aliejaus aromatas &#8211; vir\u0161utin\u0117 nata, turinti gaiv\u0173, citrin\u0173, kampari\u0161k\u0105 aromat\u0105, artim\u0105 arbatmed\u017ei\u0173 arba eukalipt\u0173, ta\u010diau daug \u0161velnesn\u012f;<\/li>\n<li>puikiai dera su citrusini\u0173 vaisi\u0173 eteriniais aliejais, ypa\u010d citrin\u0173 eteriniu aliejumi, g\u0117li\u0173 aliejais, tokiais kaip levanda, ir su medienos bei \u017eoleli\u0173 aliejais.<\/li>\n<\/ul>\n<p dir=\"ltr\"><strong>Gyv\u016bnams<\/strong>:<\/p>\n<p dir=\"ltr\">Galima garinti patalpose, kuriose yra gyv\u016bnas. Rozalin\u0173 eterinis aliejus gali pad\u0117ti silpno imuniteto gyv\u016bnams atstatyti j\u0117gas. Ant odos gyv\u016bnams ver\u010diau nevartoti.<\/p>\n<p dir=\"ltr\"><em>D\u0117l teis\u0117s akt\u0173 reikalavim\u0173 negalime \u010dia apra\u0161yti vis\u0173 eterinio aliejaus terapini\u0173 savybi\u0173.<\/em><\/p>\n<p dir=\"ltr\"><strong>Naudojimas<\/strong>:<\/p>\n<ul>\n<li>3-5 la\u0161us paskleiskite ore garintuvu (difuzoriumi);<\/li>\n<li>U\u017ela\u0161inkite ant servet\u0117l\u0117s ir pad\u0117kite \u0161iltoje vietoje, pavyzd\u017eiui ant radiatoriaus. \u0160ildomas eterinis aliejus paskleis naudingas molekules ore;<\/li>\n<li>\u012ela\u0161inkite \u012f vanden\u012f 5 la\u0161us plaudami grindis;<\/li>\n<li>Gryni eteriniai aliejai ant odos nenaudojami. Juos b\u016btina skiesti su baziniais aliejais. Masa\u017eams, \u012ftrinimams, kvepinimuisi skieskite su baziniu aliejumi (migdol\u0173, sezam\u0173, ar kt.): 10 la\u0161\u0173 mi\u0161inio \u012f 10 ml (du valgomieji \u0161auk\u0161tai) bazinio aliejaus;<\/li>\n<li>La\u0161inkite \u012f voni\u0105, praskied\u0119 su kastilijos muilu: 10 la\u0161\u0173 eterinio aliejaus \u012f 10 ml kastilijos muilo. Nela\u0161inkite eterinio aliejaus tiesiai \u012f vanden\u012f, nes aliejai netirpsta vandenyje, bet pl\u016bduriuoja pavir\u0161iuje, tod\u0117l gali patekti tiesiai ant odos ir j\u0105 sudirginti;<\/li>\n<li>La\u0161inkite 3 la\u0161us ant dr\u0117gnos servet\u0117l\u0117s ir d\u0117kite \u012f spint\u0105 ar drabu\u017ei\u0173 d\u017eiovintuv\u0105, kad kvepinti drabu\u017eius. Kai kurie eteriniai aliejai gali i\u0161tepti baltos spalvos drabu\u017eius!<\/li>\n<li>Naudokite inhaliacijoms: la\u0161inkite 3-4 la\u0161us \u012f kar\u0161t\u0105 vanden\u012f ir kv\u0117puokite jo garais arba la\u0161inkite \u012f asmenin\u012f inhaliatori\u0173;<\/li>\n<li>Tur\u0117kite po ranka eterinio aliejaus buteliuk\u0105 ir nu\u0117m\u0119 la\u0161intuv\u0105 \u012fkv\u0117pkite 2-3 kartus.<\/li>\n<\/ul>\n<p dir=\"ltr\"><strong>Kaip teisingai garinti eterinius aliejus?\u00a0<\/strong><\/p>\n<p dir=\"ltr\">Siekiant maksimalaus poveikio m\u016bs\u0173 emocijoms (pav. ma\u017einti stres\u0105, gerinti nuotaik\u0105, raminti ir pan), eterinius aliejus reikia garinti intervalais, geriausia 3-4 kartus po 15 minu\u010di\u0173 garinti elektriniame difuzoriuje, ir tarp garinim\u0173 daryti ne trumpesn\u0119 kaip 30 minu\u010di\u0173 pertrauk\u0105.\u00a0 M\u016bs\u0173 smegenys, kurios atsakingos ir u\u017e emocij\u0173 reguliavim\u0105, labai plasti\u0161kos ir linkusios prisitaikyti prie aplinkos, tad ir prie eterini\u0173 aliej\u0173 skleid\u017eiamo poveikio pripranta. Siekiant geriausio terapinio poveikio emocijoms, smegenims reikia dinamikos, kuri\u0105 ir sukuria eterini\u0173 aliej\u0173 garinimas intervalais.<\/p>\n<p dir=\"ltr\">Jei siekiate eterini\u0173 aliej\u0173 poveikio fizinei b\u016bsenai (pav. pykinimui slopinti, aplinkos orui i\u0161valyti, per\u0161alimui lengvinti), garinkite eterinius aliejus kelis kartus per dien\u0105 po 30 minu\u010di\u0173.<\/p>\n<p dir=\"ltr\"><strong>SAUGUMAS!<\/strong><\/p>\n<p dir=\"ltr\">B\u016btina skiesti. (Maksimali koncentracija veido kosmetikai &#8211; 1.5%, k\u016bno masa\u017eui &#8211; 3%)<\/p>\n<p dir=\"ltr\">N\u0117\u0161\u010diosiosioms: poveikis n\u0117\u0161\u010diosioms n\u0117ra iki galo i\u0161tirtas, tod\u0117l prie\u0161 naudojant rekomenduojame pasikonsultuoti su gydytoju aromaterapeutu.<\/p>\n<p dir=\"ltr\">Vaikams:\u00a0saugus naudoti k\u016bdikiams ir vaikams nuo gimimo.<\/p>\n<p dir=\"ltr\">Vengti naudoti oksidavus\u012f eterin\u012f rozalin\u0173 aliej\u0173, nes gali sukelti odos sudirgim\u0105.<\/p>\n<p dir=\"ltr\">Jei eterinis aliejus sudirgint\u0173 od\u0105, j\u0105 b\u016btina valyti bet kokiu baziniu aliejumi, kur\u012f turite po ranka (alyvuogi\u0173, saul\u0117gra\u017e\u0173 ar kt.). Nenaudokite vandens eteriniams aliejams nuplauti, nes vanduo dar giliau perne\u0161 eterinius aliejus \u012f od\u0105 ir tik sustiprins sudirginim\u0105.<\/p>\n<p dir=\"ltr\">Siekiant i\u0161saugoti vertingas eterini\u0173 aliej\u0173 savybes, eterinius aliejus ir j\u0173 mi\u0161inius reik\u0117t\u0173 laikyti tamsioje v\u0117sioje vietoje.<\/p>\n<p><em><strong>Aromaterapijos pagrindin\u0117 taisykl\u0117 \u2013 ma\u017eiau yra daugiau<\/strong>, t.y. eteriniai aliejai geriau veikia esant ma\u017eoms doz\u0117ms.\u00a0<\/em><\/p>\n<\/div>\n<\/div>\n<\/div>","protected":false},"excerpt":{"rendered":"<p>Rozalin\u0173 eterinis aliejaus da\u017enai vadinamas kvapniu arbatmed\u017eiu arba vaik\u0173 arbatmed\u017eiu, nes yra \u0161velnesnis, malonesnis, turi g\u0117li\u0161k\u0173 kvapo nat\u0173. Rozalin\u0173 eterinio aliejaus sud\u0117tis i\u0161siskiria tomis pa\u010diomis sud\u0117tin\u0117mis dalimis kaip ir eukalipt\u0173, arbatmed\u017ei\u0173 bei levand\u0173 eteriniai aliejai. PREK\u0116S INFORMACIJA Kiekis: 5 ml Bot:\u00a0Melaleuca ericifolia Kilm\u0117s \u0161alis:\u00a0Australija Ekologi\u0161kas: NE Chemotipas (pagrindiniai komponentai):\u00a0 Linalool, 1,8-Cineole, \u03b1-Terpineol I\u0161gavimo b\u016bdas: distiliavimo [&hellip;]<\/p>\n","protected":false},"featured_media":1671698,"comment_status":"open","ping_status":"closed","template":"","meta":{"content-type":"","_monsterinsights_skip_tracking":false,"_monsterinsights_sitenote_active":false,"_monsterinsights_sitenote_note":"","_monsterinsights_sitenote_category":0,"_uf_show_specific_survey":0,"_uf_disable_surveys":false},"product_brand":[1652],"product_cat":[1506,1511,15],"product_tag":[1531,1529,1530],"class_list":{"0":"post-1671695","1":"product","2":"type-product","3":"status-publish","4":"has-post-thumbnail","6":"product_brand-biocos-kosmetika","7":"product_cat-essential-oils","8":"product_cat-essential-oils-essential-oils","9":"product_cat-all-products","10":"product_tag-eteriniai-aliejai-vaikams","11":"product_tag-rozalinu-eterinis-aliejus","12":"product_tag-virziniu-mirteniu-eterinis-aliejus","14":"first","15":"instock","16":"taxable","17":"shipping-taxable","18":"purchasable","19":"product-type-simple"},"bundled_by":[],"bundle_stock_status":"instock","bundle_stock_quantity":null,"bundle_virtual":false,"bundle_layout":"","bundle_add_to_cart_form_location":"","bundle_editable_in_cart":false,"bundle_sold_individually_context":"","bundle_item_grouping":"","bundle_min_size":"","bundle_max_size":"","bundle_price":[],"bundled_items":[],"bundle_sell_ids":[],"group_of_quantity":0,"min_quantity":0,"max_quantity":"","exclude_order_quantity_value_rules":"no","exclude_category_quantity_rules":"no","combine_variations":"no","exclude_global_add_ons":[],"addons":[],"yoast_head":"<!-- This site is optimized with the Yoast SEO plugin v27.4 - https:\/\/yoast.com\/product\/yoast-seo-wordpress\/ -->\n<title>BIOCOS  Rozalin\u0173 eterinis aliejus (vir\u017eini\u0173 mirteni\u0173) - Greenspells<\/title>\n<meta name=\"description\" content=\"Da\u017enai vadinamas kvapniu arbatmed\u017eiu arba vaik\u0173 arbatmed\u017eiu, nes yra \u0161velnesnis, malonesnis, turi g\u0117li\u0161k\u0173 kvapo nat\u0173.\" \/>\n<meta name=\"robots\" content=\"index, follow, max-snippet:-1, max-image-preview:large, max-video-preview:-1\" \/>\n<link rel=\"canonical\" href=\"https:\/\/greenspells.com\/lt\/produktas\/biocos-rozalinu-eterinis-aliejus-virziniu-mirteniu\/\" \/>\n<meta property=\"og:locale\" content=\"lt_LT\" \/>\n<meta property=\"og:type\" content=\"article\" \/>\n<meta property=\"og:title\" content=\"BIOCOS  Rozalin\u0173 eterinis aliejus (vir\u017eini\u0173 mirteni\u0173) - Greenspells\" \/>\n<meta property=\"og:description\" content=\"Da\u017enai vadinamas kvapniu arbatmed\u017eiu arba vaik\u0173 arbatmed\u017eiu, nes yra \u0161velnesnis, malonesnis, turi g\u0117li\u0161k\u0173 kvapo nat\u0173.\" \/>\n<meta property=\"og:url\" content=\"https:\/\/greenspells.com\/lt\/produktas\/biocos-rozalinu-eterinis-aliejus-virziniu-mirteniu\/\" \/>\n<meta property=\"og:site_name\" content=\"Greenspells\" \/>\n<meta property=\"article:publisher\" content=\"https:\/\/www.facebook.com\/Greenspells\" \/>\n<meta property=\"article:modified_time\" content=\"2025-01-08T08:57:18+00:00\" \/>\n<meta property=\"og:image\" content=\"https:\/\/greenspells.com\/wp-content\/uploads\/2023\/02\/rozalinu-eterinis-aliejus.png\" \/>\n\t<meta property=\"og:image:width\" content=\"600\" \/>\n\t<meta property=\"og:image:height\" content=\"600\" \/>\n\t<meta property=\"og:image:type\" content=\"image\/png\" \/>\n<meta name=\"twitter:card\" content=\"summary_large_image\" \/>\n<meta name=\"twitter:label1\" content=\"Est. reading time\" \/>\n\t<meta name=\"twitter:data1\" content=\"4 minut\u0117s\" \/>\n<script type=\"application\/ld+json\" class=\"yoast-schema-graph\">{\"@context\":\"https:\\\/\\\/schema.org\",\"@graph\":[{\"@type\":\"WebPage\",\"@id\":\"https:\\\/\\\/greenspells.com\\\/product\\\/biocos-rozalinu-eterinis-aliejus-virziniu-mirteniu\\\/\",\"url\":\"https:\\\/\\\/greenspells.com\\\/product\\\/biocos-rozalinu-eterinis-aliejus-virziniu-mirteniu\\\/\",\"name\":\"BIOCOS Rozalin\u0173 eterinis aliejus (vir\u017eini\u0173 mirteni\u0173) - Greenspells\",\"isPartOf\":{\"@id\":\"https:\\\/\\\/greenspells.com\\\/#website\"},\"primaryImageOfPage\":{\"@id\":\"https:\\\/\\\/greenspells.com\\\/product\\\/biocos-rozalinu-eterinis-aliejus-virziniu-mirteniu\\\/#primaryimage\"},\"image\":{\"@id\":\"https:\\\/\\\/greenspells.com\\\/product\\\/biocos-rozalinu-eterinis-aliejus-virziniu-mirteniu\\\/#primaryimage\"},\"thumbnailUrl\":\"https:\\\/\\\/i0.wp.com\\\/greenspells.com\\\/wp-content\\\/uploads\\\/2023\\\/02\\\/rozalinu-eterinis-aliejus.png?fit=600%2C600&ssl=1\",\"datePublished\":\"2023-02-12T15:53:12+00:00\",\"dateModified\":\"2025-01-08T08:57:18+00:00\",\"description\":\"Da\u017enai vadinamas kvapniu arbatmed\u017eiu arba vaik\u0173 arbatmed\u017eiu, nes yra \u0161velnesnis, malonesnis, turi g\u0117li\u0161k\u0173 kvapo nat\u0173.\",\"breadcrumb\":{\"@id\":\"https:\\\/\\\/greenspells.com\\\/product\\\/biocos-rozalinu-eterinis-aliejus-virziniu-mirteniu\\\/#breadcrumb\"},\"inLanguage\":\"lt-LT\",\"potentialAction\":[{\"@type\":\"ReadAction\",\"target\":[\"https:\\\/\\\/greenspells.com\\\/product\\\/biocos-rozalinu-eterinis-aliejus-virziniu-mirteniu\\\/\"]}]},{\"@type\":\"ImageObject\",\"inLanguage\":\"lt-LT\",\"@id\":\"https:\\\/\\\/greenspells.com\\\/product\\\/biocos-rozalinu-eterinis-aliejus-virziniu-mirteniu\\\/#primaryimage\",\"url\":\"https:\\\/\\\/i0.wp.com\\\/greenspells.com\\\/wp-content\\\/uploads\\\/2023\\\/02\\\/rozalinu-eterinis-aliejus.png?fit=600%2C600&ssl=1\",\"contentUrl\":\"https:\\\/\\\/i0.wp.com\\\/greenspells.com\\\/wp-content\\\/uploads\\\/2023\\\/02\\\/rozalinu-eterinis-aliejus.png?fit=600%2C600&ssl=1\",\"width\":600,\"height\":600,\"caption\":\"rozalin\u0173 eterinis aliejus\"},{\"@type\":\"BreadcrumbList\",\"@id\":\"https:\\\/\\\/greenspells.com\\\/product\\\/biocos-rozalinu-eterinis-aliejus-virziniu-mirteniu\\\/#breadcrumb\",\"itemListElement\":[{\"@type\":\"ListItem\",\"position\":1,\"name\":\"Home\",\"item\":\"https:\\\/\\\/greenspells.com\\\/\"},{\"@type\":\"ListItem\",\"position\":2,\"name\":\"Shop\",\"item\":\"https:\\\/\\\/greenspells.com\\\/shop\\\/\"},{\"@type\":\"ListItem\",\"position\":3,\"name\":\"BIOCOS Rozalin\u0173 eterinis aliejus (vir\u017eini\u0173 mirteni\u0173)\"}]},{\"@type\":\"WebSite\",\"@id\":\"https:\\\/\\\/greenspells.com\\\/#website\",\"url\":\"https:\\\/\\\/greenspells.com\\\/\",\"name\":\"Greenspells\",\"description\":\"Nat\u016brali ir ekologi\u0161ka kosmetika\",\"publisher\":{\"@id\":\"https:\\\/\\\/greenspells.com\\\/#organization\"},\"potentialAction\":[{\"@type\":\"SearchAction\",\"target\":{\"@type\":\"EntryPoint\",\"urlTemplate\":\"https:\\\/\\\/greenspells.com\\\/?s={search_term_string}\"},\"query-input\":{\"@type\":\"PropertyValueSpecification\",\"valueRequired\":true,\"valueName\":\"search_term_string\"}}],\"inLanguage\":\"lt-LT\"},{\"@type\":\"Organization\",\"@id\":\"https:\\\/\\\/greenspells.com\\\/#organization\",\"name\":\"Greenspells\",\"url\":\"https:\\\/\\\/greenspells.com\\\/\",\"logo\":{\"@type\":\"ImageObject\",\"inLanguage\":\"lt-LT\",\"@id\":\"https:\\\/\\\/greenspells.com\\\/#\\\/schema\\\/logo\\\/image\\\/\",\"url\":\"https:\\\/\\\/i0.wp.com\\\/greenspells.com\\\/wp-content\\\/uploads\\\/2020\\\/09\\\/20200722_153424_0000.png?fit=1500%2C1500&ssl=1\",\"contentUrl\":\"https:\\\/\\\/i0.wp.com\\\/greenspells.com\\\/wp-content\\\/uploads\\\/2020\\\/09\\\/20200722_153424_0000.png?fit=1500%2C1500&ssl=1\",\"width\":1500,\"height\":1500,\"caption\":\"Greenspells\"},\"image\":{\"@id\":\"https:\\\/\\\/greenspells.com\\\/#\\\/schema\\\/logo\\\/image\\\/\"},\"sameAs\":[\"https:\\\/\\\/www.facebook.com\\\/Greenspells\",\"https:\\\/\\\/www.instagram.com\\\/greenspells_store\\\/\"]}]}<\/script>\n<!-- \/ Yoast SEO plugin. -->","yoast_head_json":{"title":"BIOCOS  Rozalin\u0173 eterinis aliejus (vir\u017eini\u0173 mirteni\u0173) - Greenspells","description":"Da\u017enai vadinamas kvapniu arbatmed\u017eiu arba vaik\u0173 arbatmed\u017eiu, nes yra \u0161velnesnis, malonesnis, turi g\u0117li\u0161k\u0173 kvapo nat\u0173.","robots":{"index":"index","follow":"follow","max-snippet":"max-snippet:-1","max-image-preview":"max-image-preview:large","max-video-preview":"max-video-preview:-1"},"canonical":"https:\/\/greenspells.com\/lt\/produktas\/biocos-rozalinu-eterinis-aliejus-virziniu-mirteniu\/","og_locale":"lt_LT","og_type":"article","og_title":"BIOCOS  Rozalin\u0173 eterinis aliejus (vir\u017eini\u0173 mirteni\u0173) - Greenspells","og_description":"Da\u017enai vadinamas kvapniu arbatmed\u017eiu arba vaik\u0173 arbatmed\u017eiu, nes yra \u0161velnesnis, malonesnis, turi g\u0117li\u0161k\u0173 kvapo nat\u0173.","og_url":"https:\/\/greenspells.com\/lt\/produktas\/biocos-rozalinu-eterinis-aliejus-virziniu-mirteniu\/","og_site_name":"Greenspells","article_publisher":"https:\/\/www.facebook.com\/Greenspells","article_modified_time":"2025-01-08T08:57:18+00:00","og_image":[{"width":600,"height":600,"url":"https:\/\/greenspells.com\/wp-content\/uploads\/2023\/02\/rozalinu-eterinis-aliejus.png","type":"image\/png"}],"twitter_card":"summary_large_image","twitter_misc":{"Est. reading time":"4 minut\u0117s"},"schema":{"@context":"https:\/\/schema.org","@graph":[{"@type":"WebPage","@id":"https:\/\/greenspells.com\/product\/biocos-rozalinu-eterinis-aliejus-virziniu-mirteniu\/","url":"https:\/\/greenspells.com\/product\/biocos-rozalinu-eterinis-aliejus-virziniu-mirteniu\/","name":"BIOCOS Rozalin\u0173 eterinis aliejus (vir\u017eini\u0173 mirteni\u0173) - Greenspells","isPartOf":{"@id":"https:\/\/greenspells.com\/#website"},"primaryImageOfPage":{"@id":"https:\/\/greenspells.com\/product\/biocos-rozalinu-eterinis-aliejus-virziniu-mirteniu\/#primaryimage"},"image":{"@id":"https:\/\/greenspells.com\/product\/biocos-rozalinu-eterinis-aliejus-virziniu-mirteniu\/#primaryimage"},"thumbnailUrl":"https:\/\/i0.wp.com\/greenspells.com\/wp-content\/uploads\/2023\/02\/rozalinu-eterinis-aliejus.png?fit=600%2C600&ssl=1","datePublished":"2023-02-12T15:53:12+00:00","dateModified":"2025-01-08T08:57:18+00:00","description":"Da\u017enai vadinamas kvapniu arbatmed\u017eiu arba vaik\u0173 arbatmed\u017eiu, nes yra \u0161velnesnis, malonesnis, turi g\u0117li\u0161k\u0173 kvapo nat\u0173.","breadcrumb":{"@id":"https:\/\/greenspells.com\/product\/biocos-rozalinu-eterinis-aliejus-virziniu-mirteniu\/#breadcrumb"},"inLanguage":"lt-LT","potentialAction":[{"@type":"ReadAction","target":["https:\/\/greenspells.com\/product\/biocos-rozalinu-eterinis-aliejus-virziniu-mirteniu\/"]}]},{"@type":"ImageObject","inLanguage":"lt-LT","@id":"https:\/\/greenspells.com\/product\/biocos-rozalinu-eterinis-aliejus-virziniu-mirteniu\/#primaryimage","url":"https:\/\/i0.wp.com\/greenspells.com\/wp-content\/uploads\/2023\/02\/rozalinu-eterinis-aliejus.png?fit=600%2C600&ssl=1","contentUrl":"https:\/\/i0.wp.com\/greenspells.com\/wp-content\/uploads\/2023\/02\/rozalinu-eterinis-aliejus.png?fit=600%2C600&ssl=1","width":600,"height":600,"caption":"rozalin\u0173 eterinis aliejus"},{"@type":"BreadcrumbList","@id":"https:\/\/greenspells.com\/product\/biocos-rozalinu-eterinis-aliejus-virziniu-mirteniu\/#breadcrumb","itemListElement":[{"@type":"ListItem","position":1,"name":"Home","item":"https:\/\/greenspells.com\/"},{"@type":"ListItem","position":2,"name":"Shop","item":"https:\/\/greenspells.com\/shop\/"},{"@type":"ListItem","position":3,"name":"BIOCOS Rozalin\u0173 eterinis aliejus (vir\u017eini\u0173 mirteni\u0173)"}]},{"@type":"WebSite","@id":"https:\/\/greenspells.com\/#website","url":"https:\/\/greenspells.com\/","name":"Greenspells","description":"Nat\u016brali ir ekologi\u0161ka kosmetika","publisher":{"@id":"https:\/\/greenspells.com\/#organization"},"potentialAction":[{"@type":"SearchAction","target":{"@type":"EntryPoint","urlTemplate":"https:\/\/greenspells.com\/?s={search_term_string}"},"query-input":{"@type":"PropertyValueSpecification","valueRequired":true,"valueName":"search_term_string"}}],"inLanguage":"lt-LT"},{"@type":"Organization","@id":"https:\/\/greenspells.com\/#organization","name":"Greenspells","url":"https:\/\/greenspells.com\/","logo":{"@type":"ImageObject","inLanguage":"lt-LT","@id":"https:\/\/greenspells.com\/#\/schema\/logo\/image\/","url":"https:\/\/i0.wp.com\/greenspells.com\/wp-content\/uploads\/2020\/09\/20200722_153424_0000.png?fit=1500%2C1500&ssl=1","contentUrl":"https:\/\/i0.wp.com\/greenspells.com\/wp-content\/uploads\/2020\/09\/20200722_153424_0000.png?fit=1500%2C1500&ssl=1","width":1500,"height":1500,"caption":"Greenspells"},"image":{"@id":"https:\/\/greenspells.com\/#\/schema\/logo\/image\/"},"sameAs":["https:\/\/www.facebook.com\/Greenspells","https:\/\/www.instagram.com\/greenspells_store\/"]}]}},"jetpack_likes_enabled":true,"jetpack_sharing_enabled":true,"_links":{"self":[{"href":"https:\/\/greenspells.com\/lt\/wp-json\/wp\/v2\/product\/1671695","targetHints":{"allow":["GET"]}}],"collection":[{"href":"https:\/\/greenspells.com\/lt\/wp-json\/wp\/v2\/product"}],"about":[{"href":"https:\/\/greenspells.com\/lt\/wp-json\/wp\/v2\/types\/product"}],"replies":[{"embeddable":true,"href":"https:\/\/greenspells.com\/lt\/wp-json\/wp\/v2\/comments?post=1671695"}],"wp:featuredmedia":[{"embeddable":true,"href":"https:\/\/greenspells.com\/lt\/wp-json\/wp\/v2\/media\/1671698"}],"wp:attachment":[{"href":"https:\/\/greenspells.com\/lt\/wp-json\/wp\/v2\/media?parent=1671695"}],"wp:term":[{"taxonomy":"product_brand","embeddable":true,"href":"https:\/\/greenspells.com\/lt\/wp-json\/wp\/v2\/product_brand?post=1671695"},{"taxonomy":"product_cat","embeddable":true,"href":"https:\/\/greenspells.com\/lt\/wp-json\/wp\/v2\/product_cat?post=1671695"},{"taxonomy":"product_tag","embeddable":true,"href":"https:\/\/greenspells.com\/lt\/wp-json\/wp\/v2\/product_tag?post=1671695"}],"curies":[{"name":"wp","href":"https:\/\/api.w.org\/{rel}","templated":true}]}}