{"id":1671691,"date":"2023-02-12T17:49:06","date_gmt":"2023-02-12T15:49:06","guid":{"rendered":"https:\/\/greenspells.com\/?post_type=product&#038;p=1671691"},"modified":"2025-01-08T10:57:42","modified_gmt":"2025-01-08T08:57:42","slug":"biocos-pipirmeciu-eterinis-aliejus-ekologiskas","status":"publish","type":"product","link":"https:\/\/greenspells.com\/lt\/produktas\/biocos-pipirmeciu-eterinis-aliejus-ekologiskas\/","title":{"rendered":"BIOCOS <br> Pipirm\u0117\u010di\u0173 eterinis aliejus, <br> ekologi\u0161kas"},"content":{"rendered":"<p>Nat\u016bralus pipirm\u0117\u010di\u0173 (Bot. Mentha piperita) eterinis aliejus pasi\u017eymi teigiam\u0173 savybi\u0173 gausa &#8211; tonizuoja, v\u0117sina, valo od\u0105, lengvina kv\u0117pavim\u0105 ir naudojamas kompresuose esant galvos skausmui, baido kenk\u0117jus.<\/p>\n<h3 class=\"product-information-heading\">PREK\u0116S INFORMACIJA<\/h3>\n<p><strong>Kiekis:<\/strong> 5ml<\/p>\n<div class=\"row\">\n<div class=\"col-xs-12 col-md-6\">\n<div class=\"rte\">\n<p dir=\"ltr\"><strong>Bot<\/strong>:\u00a0Mentha piperita<\/p>\n<p dir=\"ltr\"><strong>Kilm\u0117s \u0161alis<\/strong>:\u00a0Indija<\/p>\n<p dir=\"ltr\"><strong>Ekologi\u0161kas<\/strong>:\u00a0TAIP<\/p>\n<p dir=\"ltr\"><strong>Chemotipas (pagrindiniai komponentai<\/strong>):\u00a0Menthol, Menthone, Menthyl acetate<\/p>\n<p dir=\"ltr\"><strong>I\u0161gavimo b\u016bdas<\/strong>: distiliavimo<\/p>\n<p dir=\"ltr\"><strong>Augalo dalis<\/strong>: lapai<\/p>\n<p dir=\"ltr\"><strong>Aromatas<\/strong>:\u00a0\u0161vie\u017eias, saldus, gilus, stipraus m\u0117t\u0173 aromato, turintis sald\u0173 balzamiko atspalv\u012f<\/p>\n<p dir=\"ltr\"><strong>Nata<\/strong>:\u00a0vir\u0161utin\u0117<\/p>\n<p dir=\"ltr\"><strong>Alchemija<\/strong>:\u00a0dera su kedr\u0173, kiparis\u0173, penkiagysli\u0173 mirteni\u0173, eukalipt\u0173, pelargonij\u0173, levand\u0173, citrin\u0173, rozmarin\u0173, pipirm\u0117\u010di\u0173, mandarin\u0173, mair\u016bno, pu\u0161ies eteriniais aliejais.<\/p>\n<p dir=\"ltr\">Nuo seno rom\u0117nai pipirm\u0117\u010di\u0173 eterin\u012f aliej\u0173 naudojo vir\u0161kinimui gerinti, dezodoruoti, lengvinti galvos skausm\u0105. Pipirm\u0117\u010di\u0173 eterinis aliejus pla\u010diai naudojamas ir iki \u0161iol dant\u0173 pastos sud\u0117tyje, masa\u017einiuose aliejuose, mi\u0161iniuose kv\u0117pavimui lengvinti, budrumui, \u017evalumui skatinti. Pipirm\u0117\u010di\u0173 eterinio aliejaus kvapo nem\u0117gsta ropojantys parazitai \u2013 tarakonai, skruzd\u0117s, blusos, pel\u0117s. Tuo pa\u010diu pipirm\u0117\u010di\u0173 eterinis aliejus nepakenks j\u016bs\u0173 nam\u0173 augintiniams, tad saugiai naudosite kenk\u0117j\u0173 baidymui.<\/p>\n<p dir=\"ltr\">Atsi\u017evelgiant \u012f pipirm\u0117\u010di\u0173 auginimo ir sud\u0117tingo rav\u0117jimo ypatumus, rekomenduojame visada rinktis ir naudoti ekologi\u0161k\u0105 pipirm\u0117\u010di\u0173 eterin\u012f aliej\u0173, kuris distiliuotas i\u0161 augal\u0173, u\u017eaugint\u0173 be pesticid\u0173, rav\u0117ti rankomis, o ne pur\u0161kiant.<\/p>\n<p dir=\"ltr\"><strong>\u012eSP\u0116JIMAI!<\/strong><\/p>\n<ul>\n<li>Pipirm\u0117\u010di\u0173 eterinio aliejaus negalima naudoti vaikams iki 2 met\u0173<\/li>\n<li>Nereik\u0117t\u0173 naudoti kartu su homeopatiniais vaistais, nes gali silpninti j\u0173 poveik\u012f;<\/li>\n<li>Nenaudokite vakarais, nes gali trukdyti u\u017emigti.<\/li>\n<\/ul>\n<p dir=\"ltr\"><strong>R\u016b\u0161iavimo informacija<\/strong>:<\/p>\n<ul>\n<li>Buteliukas \u2013 stiklas<\/li>\n<li>Kam\u0161telis, la\u0161intuvas \u2013 plastikas<\/li>\n<li>Etiket\u0117 \u2013 plastikas PVC<\/li>\n<\/ul>\n<p dir=\"ltr\"><strong>Chemin\u0117 analiz\u0117<\/strong>:\u00a0Menthol, Menthone, Menthyl acetate<\/p>\n<p dir=\"ltr\"><strong>Kosmetin\u0117s savyb\u0117s<\/strong>:<\/p>\n<ul>\n<li>valo od\u0105, rekomenduojamas veido garinimas vandens ir eterinio aliejaus garais esant spuogams;<\/li>\n<li>naudojamas burnos skalavimui, nes dezodoruoja, padeda palaikyti sveikas dantenas (la\u0161inti \u012f vanden\u012f 2 la\u0161iukus).<\/li>\n<\/ul>\n<p dir=\"ltr\"><strong>Aromaterapin\u0117s savyb\u0117s<\/strong>:<\/p>\n<ul>\n<li>tonizuoja, \u017eadina proto budrum\u0105, suteikia \u017evalumo, gerina nuotaik\u0105;<\/li>\n<li>d\u0117l intensyvaus aromato gali b\u016bti naudojama kaip \u0161oko priemon\u0117 &#8211; \u012fkv\u0117pti i\u0161 buteliuko;<\/li>\n<li>naudojant namuose &#8211; \u0161alina nemalonius kvapus, gaivina erdves, suteikia skalbiniams gaiv\u0173 kvap\u0105;<\/li>\n<li>naudojant masa\u017eui atpalaiduoja pavargusius, \u012fsitempusius, skausmingus raumenis;<\/li>\n<li>padeda atbaidyti (nekelnkiant augintiniams ir vaikams) ropojan\u010dius kenk\u0117jus: tarakonus, peles, skruzdes, blusas;<\/li>\n<li>padeda gerinti vir\u0161kinim\u0105: naudojamas masa\u017einiuose mi\u0161iniuose, skirtuose pilvo masa\u017eui;<\/li>\n<li>padeda lengvinti kv\u0117pavim\u0105, garinamas, inhaliuojamas per\u0161alus.<\/li>\n<li>naudojamas kompresuose esant galvos skausm\u0105.<\/li>\n<\/ul>\n<p dir=\"ltr\"><strong>Parfumerin\u0117s savyb\u0117s<\/strong>:<\/p>\n<ul>\n<li>Gaivus, v\u0117sus, saldaini\u0173 saldumo, gilus ir stipriai m\u0117tinis aromatas su galingu mentoliu ir sald\u017eiu balzaminiu atspalviu gali b\u016bti naudojamas tiek aromaterapijos priemon\u0117se, tiek nat\u016bralioje parfumerijoje.<\/li>\n<\/ul>\n<p dir=\"ltr\"><strong>Gyv\u016bnams<\/strong>:<\/p>\n<p dir=\"ltr\">Lengvina kv\u0117pavim\u0105, gerina d\u0117mesio koncentracij\u0105, skatina budrum\u0105, puikiai valo, tonizuoja patalp\u0173, kuriose gyvena gyv\u016bnai, or\u0105.<\/p>\n<p dir=\"ltr\"><strong>Receptas<\/strong>:<\/p>\n<p dir=\"ltr\"><em>Pasigaminkite masa\u017ein\u012f aromaterapin\u012f mi\u0161in\u012f, kuris gerina vir\u0161kinim\u0105<\/em><\/p>\n<p dir=\"ltr\">\u012e 100 ml bazinio aliejaus (pavyzd\u017eiui \u2013 sald\u017ei\u0173j\u0173 migdol\u0173) \u012fla\u0161inti 20 la\u0161eli\u0173 pipirm\u0117\u010di\u0173 eterinio aliejaus ir gerai sumai\u0161yti. Pasirei\u0161kus pirmiems vir\u0161kinimo sutrikimo po\u017eymiams reik\u0117t\u0173 \u0161iuo mi\u0161iniu \u0161velniai pamasa\u017euoti \u0161uns pilvuk\u0105.<\/p>\n<p dir=\"ltr\">\u2022 Tai galima daryti kelet\u0105 kart\u0173 per dien\u0105 (prie\u0161 tai \u012fsitikinkite, ar j\u016bs\u0173 augintinis n\u0117ra alergi\u0161kas!)<\/p>\n<p dir=\"ltr\">\u2022 Saugoti, kad mi\u0161inio nepatekt\u0173 aplink akis ar genitalijas, nes tai gali sukelti gleivini\u0173 dirginim\u0105!<\/p>\n<p dir=\"ltr\"><em>D\u0117l teis\u0117s akt\u0173 reikalavim\u0173 negalime \u010dia apra\u0161yti vis\u0173 eterinio aliejaus terapini\u0173 savybi\u0173.<\/em><\/p>\n<p dir=\"ltr\"><strong>Naudojimas<\/strong>:<\/p>\n<ul>\n<li>3-5 la\u0161us paskleiskite aromat\u0173 difuzoriumi \u2013 pipirm\u0117\u010di\u0173 eterinis aliejus kar\u0161t\u0105 vasaros dien\u0105 suteiks gaivos poj\u016bt\u012f;<\/li>\n<li>Emociniam stimuliuojan\u010diam poveikiui, prabudimui &#8211; \u012fkv\u0117pkite tiesiai i\u0161 buteliuko ar u\u017ela\u0161inus ant nosinait\u0117s, gali pad\u0117ti suma\u017einti pykinim\u0105;<\/li>\n<li>Gryni eteriniai aliejai ant odos nenaudojami. Juos b\u016btina skiesti su baziniais augaliniais aliejais. Masa\u017eams, \u012ftrinimams, kv\u0117pinimuisi skieskite su baziniu aliejumi (migdol\u0173, sezam\u0173, ar kt.): 10 la\u0161\u0173 eterini\u0173 aliej\u0173 mi\u0161inio \u012f 10 ml (du valgomieji \u0161auk\u0161tai) bazinio aliejaus;<\/li>\n<li>Pilkite \u012f voni\u0105, praskied\u0119 kastilijos muilu: ne daugiau 3 la\u0161\u0173 pipirm\u0117\u010di\u0173 eterinio aliejaus \u012f 10 ml kastilijos muilo. Nela\u0161inkite eterinio aliejaus tiesiai \u012f vanden\u012f, nes aliejai netirpsta vandenyje, bet pl\u016bduriuoja pavir\u0161iuje, tod\u0117l gali patekti ant odos ir j\u0105 sudirginti;<\/li>\n<li>La\u0161inkite 3 la\u0161us ant dr\u0117gnos servet\u0117l\u0117s ir d\u0117kite \u012f spint\u0105 ar drabu\u017ei\u0173 d\u017eiovintuv\u0105, kad pakvepinti drabu\u017eius. Kai kurie eteriniai aliejai gali i\u0161tepti baltos spalvos drabu\u017eius.<\/li>\n<li>Kv\u0117pavimui lengvinti naudojamas kartu su levand\u0173, mair\u016bn\u0173 eteriniais aliejais. Inhaliacijoms la\u0161inkite 3-4 la\u0161us \u012f kar\u0161t\u0105 vanden\u012f ir kv\u0117puokite garais arba la\u0161inkite \u012f asmenin\u012f inhaliatori\u0173. Pipirm\u0117\u010di\u0173 eterin\u012f aliej\u0173 tokiu b\u016bdu naudokite ir odos garinimui, esant spuogams.<\/li>\n<li>Esant galvos skausmui, naudokite kompres\u0105 kartu su levand\u0173 eteriniu aliejumi.<\/li>\n<\/ul>\n<p dir=\"ltr\"><strong>Kaip teisingai garinti eterinius aliejus?\u00a0<\/strong><\/p>\n<p dir=\"ltr\">Siekiant maksimalaus poveikio m\u016bs\u0173 emocijoms (pav. ma\u017einti stres\u0105, gerinti nuotaik\u0105, raminti ir pan), eterinius aliejus reikia garinti intervalais, geriausia 3-4 kartus po 15 minu\u010di\u0173 garinti elektriniame difuzoriuje, ir tarp garinim\u0173 daryti ne trumpesn\u0119 kaip 30 minu\u010di\u0173 pertrauk\u0105.\u00a0 M\u016bs\u0173 smegenys, kurios atsakingos ir u\u017e emocij\u0173 reguliavim\u0105, labai plasti\u0161kos ir linkusios prisitaikyti prie aplinkos, tad ir prie eterini\u0173 aliej\u0173 skleid\u017eiamo poveikio pripranta. Siekiant geriausio terapinio poveikio emocijoms, smegenims reikia dinamikos, kuri\u0105 ir sukuria eterini\u0173 aliej\u0173 garinimas intervalais.<\/p>\n<p dir=\"ltr\">Jei siekiate eterini\u0173 aliej\u0173 poveikio fizinei b\u016bsenai (pav. pykinimui slopinti, aplinkos orui i\u0161valyti, per\u0161alimui lengvinti), garinkite eterinius aliejus kelis kartus per dien\u0105 po 30 minu\u010di\u0173.<\/p>\n<p dir=\"ltr\"><strong>Receptas<\/strong>:<\/p>\n<p dir=\"ltr\"><em>KOMPRESAS STIPRESNIAM NUDEGIMUI RAMINTI<\/em><\/p>\n<p dir=\"ltr\">\u012e \u0161alto vandens 500 ml \u012fla\u0161inti 5 la\u0161elius levand\u0173 ir po vien\u0105 la\u0161el\u012f ramun\u0117li\u0173 ir pipirm\u0117\u010di\u0173 eterinio aliejaus. Sudr\u0117kinti kompres\u0105 ir u\u017ed\u0117ti ant nudegusios odos.<\/p>\n<p dir=\"ltr\">Jei naudojate veidui,\u00a0ned\u0117kite\u00a0pipirm\u0117\u010di\u0173 eterinio aliejaus!<\/p>\n<p dir=\"ltr\"><em>V\u0116SINANTIS P\u0116D\u0172 BALZAMAS<\/em><\/p>\n<p dir=\"ltr\">Ingredientai:<\/p>\n<ul>\n<li dir=\"ltr\">\n<p dir=\"ltr\">50 ml kokos\u0173 aliejaus<\/p>\n<\/li>\n<li dir=\"ltr\">\n<p dir=\"ltr\">50 ml mango sviesto<\/p>\n<\/li>\n<\/ul>\n<p dir=\"ltr\">I\u0161tirpinkite aliejus, v\u0117stant juos sumai\u0161ykite, o jei norite puraus kremo \u2013 i\u0161plakite su mikseriu iki baltumo. Tuomet sula\u0161inkite eterinius aliejus.<\/p>\n<ul>\n<li dir=\"ltr\">\n<p dir=\"ltr\">Vitamino E \u2013 20 la\u0161\u0173<\/p>\n<\/li>\n<li dir=\"ltr\">\n<p dir=\"ltr\">Arbatmed\u017eio eterinio aliejaus 15 la\u0161\u0173<\/p>\n<\/li>\n<li dir=\"ltr\">\n<p dir=\"ltr\">Eukalipt\u0173 eterinio aliejaus\u00a0 15 la\u0161\u0173<\/p>\n<\/li>\n<li dir=\"ltr\">\n<p dir=\"ltr\">Pipirm\u0117\u010di\u0173 eterinio aliejaus 15 la\u0161\u0173<\/p>\n<\/li>\n<\/ul>\n<p dir=\"ltr\">Galite naudoti kitus bazinius aliejus ar j\u0173 mi\u0161in\u012f, \u012f kuriuos \u012fmai\u0161ysite eterinius aliejus.<\/p>\n<p dir=\"ltr\"><strong>SAUGUMAS!<\/strong><\/p>\n<p dir=\"ltr\">B\u016btina skiesti. (Maksimali koncentracija k\u016bno masa\u017eui &#8211; 3%, vonioms &#8211; 4%)<\/p>\n<p dir=\"ltr\">Nereik\u0117t\u0173 naudoti kartu su homeopatiniais vaistais, nes gali silpninti j\u0173 poveik\u012f;<\/p>\n<p dir=\"ltr\">Nenaudokite vakarais, nes gali trukdyti u\u017emigti.<\/p>\n<p dir=\"ltr\"><em>N\u0117\u0161\u010diosiosioms<\/em>: poveikis n\u0117\u0161\u010diosioms n\u0117ra iki galo i\u0161tirtas, tod\u0117l prie\u0161 naudojant rekomenduojame pasikonsultuoti su gydytoju aromaterapeutu.<\/p>\n<p dir=\"ltr\"><em>Vaikams<\/em>:\u00a0nenaudojamas vaikams iki 2 met\u0173.<\/p>\n<p dir=\"ltr\">Vengti naudoti oksidavus\u012f eterin\u012f pipirme\u010di\u0173 aliej\u0173, nes gali sukelti odos sudirgim\u0105.<\/p>\n<p dir=\"ltr\">Jei eterinis aliejus sudirgint\u0173 od\u0105, j\u0105 b\u016btina valyti bet kokiu baziniu aliejumi, kur\u012f turite po ranka (alyvuogi\u0173, saul\u0117gra\u017e\u0173 ar kt.). Nenaudokite vandens eteriniams aliejams nuplauti, nes vanduo dar giliau perne\u0161 eterinius aliejus \u012f od\u0105 ir tik sustiprins sudirginim\u0105.<\/p>\n<p dir=\"ltr\">Siekiant i\u0161saugoti vertingas eterini\u0173 aliej\u0173 savybes, eterinius aliejus ir j\u0173 mi\u0161inius reik\u0117t\u0173 laikyti tamsioje v\u0117sioje vietoje.<\/p>\n<p><em><strong>Aromaterapijos pagrindin\u0117 taisykl\u0117 \u2013\u00a0ma\u017eiau yra daugiau<\/strong>, t.y. eteriniai aliejai geriau veikia esant ma\u017eoms doz\u0117ms.\u00a0<\/em><\/p>\n<\/div>\n<\/div>\n<\/div>","protected":false},"excerpt":{"rendered":"<p>Nat\u016bralus pipirm\u0117\u010di\u0173 (Bot. Mentha piperita) eterinis aliejus pasi\u017eymi teigiam\u0173 savybi\u0173 gausa &#8211; tonizuoja, v\u0117sina, valo od\u0105, lengvina kv\u0117pavim\u0105 ir naudojamas kompresuose esant galvos skausmui, baido kenk\u0117jus. PREK\u0116S INFORMACIJA Kiekis: 5ml Bot:\u00a0Mentha piperita Kilm\u0117s \u0161alis:\u00a0Indija Ekologi\u0161kas:\u00a0TAIP Chemotipas (pagrindiniai komponentai):\u00a0Menthol, Menthone, Menthyl acetate I\u0161gavimo b\u016bdas: distiliavimo Augalo dalis: lapai Aromatas:\u00a0\u0161vie\u017eias, saldus, gilus, stipraus m\u0117t\u0173 aromato, turintis sald\u0173 [&hellip;]<\/p>\n","protected":false},"featured_media":1671694,"comment_status":"open","ping_status":"closed","template":"","meta":{"content-type":"","_monsterinsights_skip_tracking":false,"_monsterinsights_sitenote_active":false,"_monsterinsights_sitenote_note":"","_monsterinsights_sitenote_category":0,"_uf_show_specific_survey":0,"_uf_disable_surveys":false},"product_brand":[1652],"product_cat":[1506,1511,15],"product_tag":[1528],"class_list":{"0":"post-1671691","1":"product","2":"type-product","3":"status-publish","4":"has-post-thumbnail","6":"product_brand-biocos-kosmetika","7":"product_cat-essential-oils","8":"product_cat-essential-oils-essential-oils","9":"product_cat-all-products","10":"product_tag-pipirmeciu-eterinis-aliejus","12":"first","13":"instock","14":"taxable","15":"shipping-taxable","16":"purchasable","17":"product-type-simple"},"bundled_by":[],"bundle_stock_status":"instock","bundle_stock_quantity":null,"bundle_virtual":false,"bundle_layout":"","bundle_add_to_cart_form_location":"","bundle_editable_in_cart":false,"bundle_sold_individually_context":"","bundle_item_grouping":"","bundle_min_size":"","bundle_max_size":"","bundle_price":[],"bundled_items":[],"bundle_sell_ids":[],"group_of_quantity":0,"min_quantity":0,"max_quantity":"","exclude_order_quantity_value_rules":"no","exclude_category_quantity_rules":"no","combine_variations":"no","exclude_global_add_ons":[],"addons":[],"yoast_head":"<!-- This site is optimized with the Yoast SEO plugin v27.4 - https:\/\/yoast.com\/product\/yoast-seo-wordpress\/ -->\n<title>BIOCOS  Pipirm\u0117\u010di\u0173 eterinis aliejus,  ekologi\u0161kas - Greenspells<\/title>\n<meta name=\"description\" content=\"Pasi\u017eymi teigiam\u0173 savybi\u0173 gausa - tonizuoja, v\u0117sina, valo od\u0105, lengvina kv\u0117pavim\u0105 ir naudojamas kompresuose esant galvos skausmui, baido kenk\u0117jus.\" \/>\n<meta name=\"robots\" content=\"index, follow, max-snippet:-1, max-image-preview:large, max-video-preview:-1\" \/>\n<link rel=\"canonical\" href=\"https:\/\/greenspells.com\/lt\/produktas\/biocos-pipirmeciu-eterinis-aliejus-ekologiskas\/\" \/>\n<meta property=\"og:locale\" content=\"lt_LT\" \/>\n<meta property=\"og:type\" content=\"article\" \/>\n<meta property=\"og:title\" content=\"BIOCOS  Pipirm\u0117\u010di\u0173 eterinis aliejus,  ekologi\u0161kas - Greenspells\" \/>\n<meta property=\"og:description\" content=\"Pasi\u017eymi teigiam\u0173 savybi\u0173 gausa - tonizuoja, v\u0117sina, valo od\u0105, lengvina kv\u0117pavim\u0105 ir naudojamas kompresuose esant galvos skausmui, baido kenk\u0117jus.\" \/>\n<meta property=\"og:url\" content=\"https:\/\/greenspells.com\/lt\/produktas\/biocos-pipirmeciu-eterinis-aliejus-ekologiskas\/\" \/>\n<meta property=\"og:site_name\" content=\"Greenspells\" \/>\n<meta property=\"article:publisher\" content=\"https:\/\/www.facebook.com\/Greenspells\" \/>\n<meta property=\"article:modified_time\" content=\"2025-01-08T08:57:42+00:00\" \/>\n<meta property=\"og:image\" content=\"https:\/\/greenspells.com\/wp-content\/uploads\/2023\/02\/pipirmeciu-org-eterinis-aliejus.png\" \/>\n\t<meta property=\"og:image:width\" content=\"600\" \/>\n\t<meta property=\"og:image:height\" content=\"600\" \/>\n\t<meta property=\"og:image:type\" content=\"image\/png\" \/>\n<meta name=\"twitter:card\" content=\"summary_large_image\" \/>\n<meta name=\"twitter:label1\" content=\"Est. reading time\" \/>\n\t<meta name=\"twitter:data1\" content=\"5 minut\u0117s\" \/>\n<script type=\"application\/ld+json\" class=\"yoast-schema-graph\">{\"@context\":\"https:\\\/\\\/schema.org\",\"@graph\":[{\"@type\":\"WebPage\",\"@id\":\"https:\\\/\\\/greenspells.com\\\/product\\\/biocos-pipirmeciu-eterinis-aliejus-ekologiskas\\\/\",\"url\":\"https:\\\/\\\/greenspells.com\\\/product\\\/biocos-pipirmeciu-eterinis-aliejus-ekologiskas\\\/\",\"name\":\"BIOCOS Pipirm\u0117\u010di\u0173 eterinis aliejus, ekologi\u0161kas - Greenspells\",\"isPartOf\":{\"@id\":\"https:\\\/\\\/greenspells.com\\\/#website\"},\"primaryImageOfPage\":{\"@id\":\"https:\\\/\\\/greenspells.com\\\/product\\\/biocos-pipirmeciu-eterinis-aliejus-ekologiskas\\\/#primaryimage\"},\"image\":{\"@id\":\"https:\\\/\\\/greenspells.com\\\/product\\\/biocos-pipirmeciu-eterinis-aliejus-ekologiskas\\\/#primaryimage\"},\"thumbnailUrl\":\"https:\\\/\\\/i0.wp.com\\\/greenspells.com\\\/wp-content\\\/uploads\\\/2023\\\/02\\\/pipirmeciu-org-eterinis-aliejus.png?fit=600%2C600&ssl=1\",\"datePublished\":\"2023-02-12T15:49:06+00:00\",\"dateModified\":\"2025-01-08T08:57:42+00:00\",\"description\":\"Pasi\u017eymi teigiam\u0173 savybi\u0173 gausa - tonizuoja, v\u0117sina, valo od\u0105, lengvina kv\u0117pavim\u0105 ir naudojamas kompresuose esant galvos skausmui, baido kenk\u0117jus.\",\"breadcrumb\":{\"@id\":\"https:\\\/\\\/greenspells.com\\\/product\\\/biocos-pipirmeciu-eterinis-aliejus-ekologiskas\\\/#breadcrumb\"},\"inLanguage\":\"lt-LT\",\"potentialAction\":[{\"@type\":\"ReadAction\",\"target\":[\"https:\\\/\\\/greenspells.com\\\/product\\\/biocos-pipirmeciu-eterinis-aliejus-ekologiskas\\\/\"]}]},{\"@type\":\"ImageObject\",\"inLanguage\":\"lt-LT\",\"@id\":\"https:\\\/\\\/greenspells.com\\\/product\\\/biocos-pipirmeciu-eterinis-aliejus-ekologiskas\\\/#primaryimage\",\"url\":\"https:\\\/\\\/i0.wp.com\\\/greenspells.com\\\/wp-content\\\/uploads\\\/2023\\\/02\\\/pipirmeciu-org-eterinis-aliejus.png?fit=600%2C600&ssl=1\",\"contentUrl\":\"https:\\\/\\\/i0.wp.com\\\/greenspells.com\\\/wp-content\\\/uploads\\\/2023\\\/02\\\/pipirmeciu-org-eterinis-aliejus.png?fit=600%2C600&ssl=1\",\"width\":600,\"height\":600,\"caption\":\"pipirm\u0117\u010di\u0173 eterinis aliejus\"},{\"@type\":\"BreadcrumbList\",\"@id\":\"https:\\\/\\\/greenspells.com\\\/product\\\/biocos-pipirmeciu-eterinis-aliejus-ekologiskas\\\/#breadcrumb\",\"itemListElement\":[{\"@type\":\"ListItem\",\"position\":1,\"name\":\"Home\",\"item\":\"https:\\\/\\\/greenspells.com\\\/\"},{\"@type\":\"ListItem\",\"position\":2,\"name\":\"Shop\",\"item\":\"https:\\\/\\\/greenspells.com\\\/shop\\\/\"},{\"@type\":\"ListItem\",\"position\":3,\"name\":\"BIOCOS Pipirm\u0117\u010di\u0173 eterinis aliejus, ekologi\u0161kas\"}]},{\"@type\":\"WebSite\",\"@id\":\"https:\\\/\\\/greenspells.com\\\/#website\",\"url\":\"https:\\\/\\\/greenspells.com\\\/\",\"name\":\"Greenspells\",\"description\":\"Nat\u016brali ir ekologi\u0161ka kosmetika\",\"publisher\":{\"@id\":\"https:\\\/\\\/greenspells.com\\\/#organization\"},\"potentialAction\":[{\"@type\":\"SearchAction\",\"target\":{\"@type\":\"EntryPoint\",\"urlTemplate\":\"https:\\\/\\\/greenspells.com\\\/?s={search_term_string}\"},\"query-input\":{\"@type\":\"PropertyValueSpecification\",\"valueRequired\":true,\"valueName\":\"search_term_string\"}}],\"inLanguage\":\"lt-LT\"},{\"@type\":\"Organization\",\"@id\":\"https:\\\/\\\/greenspells.com\\\/#organization\",\"name\":\"Greenspells\",\"url\":\"https:\\\/\\\/greenspells.com\\\/\",\"logo\":{\"@type\":\"ImageObject\",\"inLanguage\":\"lt-LT\",\"@id\":\"https:\\\/\\\/greenspells.com\\\/#\\\/schema\\\/logo\\\/image\\\/\",\"url\":\"https:\\\/\\\/i0.wp.com\\\/greenspells.com\\\/wp-content\\\/uploads\\\/2020\\\/09\\\/20200722_153424_0000.png?fit=1500%2C1500&ssl=1\",\"contentUrl\":\"https:\\\/\\\/i0.wp.com\\\/greenspells.com\\\/wp-content\\\/uploads\\\/2020\\\/09\\\/20200722_153424_0000.png?fit=1500%2C1500&ssl=1\",\"width\":1500,\"height\":1500,\"caption\":\"Greenspells\"},\"image\":{\"@id\":\"https:\\\/\\\/greenspells.com\\\/#\\\/schema\\\/logo\\\/image\\\/\"},\"sameAs\":[\"https:\\\/\\\/www.facebook.com\\\/Greenspells\",\"https:\\\/\\\/www.instagram.com\\\/greenspells_store\\\/\"]}]}<\/script>\n<!-- \/ Yoast SEO plugin. -->","yoast_head_json":{"title":"BIOCOS  Pipirm\u0117\u010di\u0173 eterinis aliejus,  ekologi\u0161kas - Greenspells","description":"Pasi\u017eymi teigiam\u0173 savybi\u0173 gausa - tonizuoja, v\u0117sina, valo od\u0105, lengvina kv\u0117pavim\u0105 ir naudojamas kompresuose esant galvos skausmui, baido kenk\u0117jus.","robots":{"index":"index","follow":"follow","max-snippet":"max-snippet:-1","max-image-preview":"max-image-preview:large","max-video-preview":"max-video-preview:-1"},"canonical":"https:\/\/greenspells.com\/lt\/produktas\/biocos-pipirmeciu-eterinis-aliejus-ekologiskas\/","og_locale":"lt_LT","og_type":"article","og_title":"BIOCOS  Pipirm\u0117\u010di\u0173 eterinis aliejus,  ekologi\u0161kas - Greenspells","og_description":"Pasi\u017eymi teigiam\u0173 savybi\u0173 gausa - tonizuoja, v\u0117sina, valo od\u0105, lengvina kv\u0117pavim\u0105 ir naudojamas kompresuose esant galvos skausmui, baido kenk\u0117jus.","og_url":"https:\/\/greenspells.com\/lt\/produktas\/biocos-pipirmeciu-eterinis-aliejus-ekologiskas\/","og_site_name":"Greenspells","article_publisher":"https:\/\/www.facebook.com\/Greenspells","article_modified_time":"2025-01-08T08:57:42+00:00","og_image":[{"width":600,"height":600,"url":"https:\/\/greenspells.com\/wp-content\/uploads\/2023\/02\/pipirmeciu-org-eterinis-aliejus.png","type":"image\/png"}],"twitter_card":"summary_large_image","twitter_misc":{"Est. reading time":"5 minut\u0117s"},"schema":{"@context":"https:\/\/schema.org","@graph":[{"@type":"WebPage","@id":"https:\/\/greenspells.com\/product\/biocos-pipirmeciu-eterinis-aliejus-ekologiskas\/","url":"https:\/\/greenspells.com\/product\/biocos-pipirmeciu-eterinis-aliejus-ekologiskas\/","name":"BIOCOS Pipirm\u0117\u010di\u0173 eterinis aliejus, ekologi\u0161kas - Greenspells","isPartOf":{"@id":"https:\/\/greenspells.com\/#website"},"primaryImageOfPage":{"@id":"https:\/\/greenspells.com\/product\/biocos-pipirmeciu-eterinis-aliejus-ekologiskas\/#primaryimage"},"image":{"@id":"https:\/\/greenspells.com\/product\/biocos-pipirmeciu-eterinis-aliejus-ekologiskas\/#primaryimage"},"thumbnailUrl":"https:\/\/i0.wp.com\/greenspells.com\/wp-content\/uploads\/2023\/02\/pipirmeciu-org-eterinis-aliejus.png?fit=600%2C600&ssl=1","datePublished":"2023-02-12T15:49:06+00:00","dateModified":"2025-01-08T08:57:42+00:00","description":"Pasi\u017eymi teigiam\u0173 savybi\u0173 gausa - tonizuoja, v\u0117sina, valo od\u0105, lengvina kv\u0117pavim\u0105 ir naudojamas kompresuose esant galvos skausmui, baido kenk\u0117jus.","breadcrumb":{"@id":"https:\/\/greenspells.com\/product\/biocos-pipirmeciu-eterinis-aliejus-ekologiskas\/#breadcrumb"},"inLanguage":"lt-LT","potentialAction":[{"@type":"ReadAction","target":["https:\/\/greenspells.com\/product\/biocos-pipirmeciu-eterinis-aliejus-ekologiskas\/"]}]},{"@type":"ImageObject","inLanguage":"lt-LT","@id":"https:\/\/greenspells.com\/product\/biocos-pipirmeciu-eterinis-aliejus-ekologiskas\/#primaryimage","url":"https:\/\/i0.wp.com\/greenspells.com\/wp-content\/uploads\/2023\/02\/pipirmeciu-org-eterinis-aliejus.png?fit=600%2C600&ssl=1","contentUrl":"https:\/\/i0.wp.com\/greenspells.com\/wp-content\/uploads\/2023\/02\/pipirmeciu-org-eterinis-aliejus.png?fit=600%2C600&ssl=1","width":600,"height":600,"caption":"pipirm\u0117\u010di\u0173 eterinis aliejus"},{"@type":"BreadcrumbList","@id":"https:\/\/greenspells.com\/product\/biocos-pipirmeciu-eterinis-aliejus-ekologiskas\/#breadcrumb","itemListElement":[{"@type":"ListItem","position":1,"name":"Home","item":"https:\/\/greenspells.com\/"},{"@type":"ListItem","position":2,"name":"Shop","item":"https:\/\/greenspells.com\/shop\/"},{"@type":"ListItem","position":3,"name":"BIOCOS Pipirm\u0117\u010di\u0173 eterinis aliejus, ekologi\u0161kas"}]},{"@type":"WebSite","@id":"https:\/\/greenspells.com\/#website","url":"https:\/\/greenspells.com\/","name":"Greenspells","description":"Nat\u016brali ir ekologi\u0161ka kosmetika","publisher":{"@id":"https:\/\/greenspells.com\/#organization"},"potentialAction":[{"@type":"SearchAction","target":{"@type":"EntryPoint","urlTemplate":"https:\/\/greenspells.com\/?s={search_term_string}"},"query-input":{"@type":"PropertyValueSpecification","valueRequired":true,"valueName":"search_term_string"}}],"inLanguage":"lt-LT"},{"@type":"Organization","@id":"https:\/\/greenspells.com\/#organization","name":"Greenspells","url":"https:\/\/greenspells.com\/","logo":{"@type":"ImageObject","inLanguage":"lt-LT","@id":"https:\/\/greenspells.com\/#\/schema\/logo\/image\/","url":"https:\/\/i0.wp.com\/greenspells.com\/wp-content\/uploads\/2020\/09\/20200722_153424_0000.png?fit=1500%2C1500&ssl=1","contentUrl":"https:\/\/i0.wp.com\/greenspells.com\/wp-content\/uploads\/2020\/09\/20200722_153424_0000.png?fit=1500%2C1500&ssl=1","width":1500,"height":1500,"caption":"Greenspells"},"image":{"@id":"https:\/\/greenspells.com\/#\/schema\/logo\/image\/"},"sameAs":["https:\/\/www.facebook.com\/Greenspells","https:\/\/www.instagram.com\/greenspells_store\/"]}]}},"jetpack_likes_enabled":true,"jetpack_sharing_enabled":true,"_links":{"self":[{"href":"https:\/\/greenspells.com\/lt\/wp-json\/wp\/v2\/product\/1671691","targetHints":{"allow":["GET"]}}],"collection":[{"href":"https:\/\/greenspells.com\/lt\/wp-json\/wp\/v2\/product"}],"about":[{"href":"https:\/\/greenspells.com\/lt\/wp-json\/wp\/v2\/types\/product"}],"replies":[{"embeddable":true,"href":"https:\/\/greenspells.com\/lt\/wp-json\/wp\/v2\/comments?post=1671691"}],"wp:featuredmedia":[{"embeddable":true,"href":"https:\/\/greenspells.com\/lt\/wp-json\/wp\/v2\/media\/1671694"}],"wp:attachment":[{"href":"https:\/\/greenspells.com\/lt\/wp-json\/wp\/v2\/media?parent=1671691"}],"wp:term":[{"taxonomy":"product_brand","embeddable":true,"href":"https:\/\/greenspells.com\/lt\/wp-json\/wp\/v2\/product_brand?post=1671691"},{"taxonomy":"product_cat","embeddable":true,"href":"https:\/\/greenspells.com\/lt\/wp-json\/wp\/v2\/product_cat?post=1671691"},{"taxonomy":"product_tag","embeddable":true,"href":"https:\/\/greenspells.com\/lt\/wp-json\/wp\/v2\/product_tag?post=1671691"}],"curies":[{"name":"wp","href":"https:\/\/api.w.org\/{rel}","templated":true}]}}