{"id":1671686,"date":"2023-02-12T17:43:54","date_gmt":"2023-02-12T15:43:54","guid":{"rendered":"https:\/\/greenspells.com\/?post_type=product&#038;p=1671686"},"modified":"2025-01-08T10:58:04","modified_gmt":"2025-01-08T08:58:04","slug":"biocos-mandarinu-raudonuju-tangerinu-eterinis-aliejus","status":"publish","type":"product","link":"https:\/\/greenspells.com\/lt\/produktas\/biocos-mandarinu-raudonuju-tangerinu-eterinis-aliejus\/","title":{"rendered":"BIOCOS <br> Mandarin\u0173 (raudon\u0173j\u0173, tangerin\u0173) eterinis aliejus"},"content":{"rendered":"<p>Raudon\u0173j\u0173 mandarin\u0173, tangerin\u0173 eterinio aliejaus aromatas ma\u017eiausiai saldus, palyginti su kitais mandarinais, bet jame atsiskleid\u017eia g\u0117li\u0161ka nata.\u00a0Bet kuris mandarin\u0173 eterinis aliejus yra tikras vaik\u0173 favoritas, tad puikiai tinka garinti difuzoriumi vaik\u0173 kambaryje, kurti vaik\u0173 patalyn\u0117s dulksn\u0105. Gelton\u0173j\u0173 mandarin\u0173 aromatas suteiks ry\u0161kumo ir patrauklumo j\u016bs\u0173 kvap\u0173 kompozicijai.<\/p>\n<h3 style=\"font-weight: 400;\">PREK\u0116S INFORMACIJA<\/h3>\n<p><strong>Kiekis:<\/strong> 5 ml<\/p>\n<p style=\"font-weight: 400;\"><strong>Bot<\/strong>:\u00a0Citrus reticulata Blanco var. Tangerine<\/p>\n<p style=\"font-weight: 400;\"><strong>Kilm\u0117s \u0161alis<\/strong>:\u00a0Italija<\/p>\n<p style=\"font-weight: 400;\"><strong>Ekologi\u0161kas<\/strong>:\u00a0NE<\/p>\n<p style=\"font-weight: 400;\"><strong>Chemotipas (pagrindiniai komponentai)<\/strong>:\u00a0 Limonene, \u03b3-Terpinene, \u03b2-Pinene<\/p>\n<p style=\"font-weight: 400;\"><strong>I\u0161gavimo b\u016bdas<\/strong>: \u0161alto spaudimo<\/p>\n<p style=\"font-weight: 400;\"><strong>Augalo dalis<\/strong>: vaisi\u0173 \u017eieveli\u0173<\/p>\n<p style=\"font-weight: 400;\"><strong>Aromatas<\/strong>:\u00a0lygus, sald\u017eiar\u016bg\u0161tis citrusinis su g\u0117li\u0173 nata<\/p>\n<p style=\"font-weight: 400;\"><strong>Nata<\/strong>:\u00a0vir\u0161utin\u0117 nata<\/p>\n<p style=\"font-weight: 400;\"><strong>Alchemija<\/strong>:\u00a0Gelton\u0173j\u0173 mandarin\u0173 eterinis aliejus dera\u00a0bazilik\u0173,\u00a0juod\u0173j\u0173 pipir\u0173,\u00a0cinamon\u0173,\u00a0kvapi\u0173j\u0173,\u00a0 \u0161alavij\u0173,\u00a0gvazdik\u0117li\u0173,\u00a0\u00a0frankincenso,\u00a0pelargonij\u0173,\u00a0greipfrut\u0173,\u00a0jazmin\u0173,\u00a0kadagi\u0173,\u00a0citrin\u0173,\u00a0nerolio,\u00a0palmaroz\u0173 (imbierin\u0117 citrin\u017eol\u0117),\u00a0pa\u010diuli\u0173,\u00a0santalo,\u00a0ylang ylang\u00a0eteriniais aliejais.<\/p>\n<p style=\"font-weight: 400;\">Mandarinai, kil\u0119 i\u0161 Piet\u0173 Kinijos, \u012f Europ\u0105 buvo atve\u017eti XX a. prad\u017eioje. Europoje mandarino vaisius keit\u0117si ir tapo ma\u017eas, elips\u0117s formos, ta\u010diau atve\u017eus \u012f JAV jis v\u0117l supana\u0161\u0117jo \u012f kini\u0161k\u0105 mandarin\u0105. Be to, be fizini\u0173 mandarino savybi\u0173, skiriasi ir skonin\u0117s, bei kvapo savyb\u0117s, chemin\u0117 sud\u0117tis. Tai itin priklauso dirvo\u017eemio ir klimato &#8211; auginimo vietos. Kult\u016brin\u0117s s\u0105lygos, tokios kaip didel\u0117 hibridizacija taip pat prisideda prie \u0161i\u0173 skirtum\u0173.<\/p>\n<p style=\"font-weight: 400;\">Aliejaus i\u0161gavimui mandarinai skinami dar ne visai subrend\u0119, nuo spalio iki lapkri\u010dio pabaigos. Kaip ir daugumos citrusini\u0173 eterini\u0173 aliej\u0173, mandarin\u0173 chemin\u0117je sud\u0117tyje did\u017eiausi\u0105 dal\u012f sudaro limonenas ir aitroki citrusiniai aldehidai.\u00a0 Nuotaikingas mandarin\u0173 kvapas ir saldi jo \u0161iluma pakelia nuotaik\u0105. Tai gerid\u017eiamiausias aromatas \u017eiemos \u0161ven\u010di\u0173 sezonui.<\/p>\n<p style=\"font-weight: 400;\"><strong>R\u016b\u0161iavimo informacija<\/strong>:<\/p>\n<ul>\n<li>Buteliukas \u2013 stiklas<\/li>\n<li>Kam\u0161telis, la\u0161intuvas \u2013 plastikas<\/li>\n<li>Etiket\u0117 \u2013 plastikas PVC<\/li>\n<\/ul>\n<p style=\"font-weight: 400;\"><strong>Chemin\u0117 analiz\u0117<\/strong>:\u00a0Limonene, \u03b3-Terpinene, \u03b2-Pinene<\/p>\n<p style=\"font-weight: 400;\"><strong>Kosmetin\u0117s savyb\u0117s<\/strong>:<\/p>\n<ul>\n<li>atgaivina, skaistina, tonizuoja od\u0105;<\/li>\n<li>rekomenduojamas riebiai, mi\u0161riai odai, padeda kovoti su spuogeli\u0173, ink\u0161tir\u0173 susidarymu;<\/li>\n<li>padeda kovoti su strijomis, suteikia odai stangrumo;<\/li>\n<li>naudojamas burnos skalavimui, nes dezodoruoja, padeda palaikyti sveikas dantenas (la\u0161inti \u012f vanden\u012f 2 la\u0161iukus).<\/li>\n<\/ul>\n<p style=\"font-weight: 400;\"><strong>Aromaterapin\u0117s savyb\u0117s<\/strong>:<\/p>\n<ul>\n<li>ma\u017eina stres\u0105, nerim\u0105, gerina nuotaik\u0105;<\/li>\n<li>gerina mieg\u0105;<\/li>\n<li>naudojant 2% mi\u0161in\u012f pilvo masa\u017eui gerina vir\u0161kinim\u0105, slopina nervinius pilvo srities maudimus, ma\u017eina \u017eags\u0117jim\u0105, pilvo p\u016btim\u0105, tinka vaikams nuo gimimo;<\/li>\n<li>\u0161alina nemalonius kvapus patalpose.<\/li>\n<\/ul>\n<p style=\"font-weight: 400;\"><strong>Parfumerin\u0117s savyb\u0117s<\/strong>:<\/p>\n<ul>\n<li>Mandarinas parfumerijoje &#8211; saul\u0117ta, purslus kurianti vir\u0161utin\u0117 citrusin\u0117 nata;<\/li>\n<li>\u0161is citrusinis aromatas yra kartesnis ir \u017ealesnis u\u017e bergamot\u0119;<\/li>\n<li>\u0161i citrusin\u0117 nata, palyginus su kitais citrusais, ilgai i\u0161liekanti, tod\u0117l j\u0105 galima u\u017euosti net kaip \u0161irdies nat\u0105;<\/li>\n<li>mandarinas gali b\u016bti derinamas su visomis kvap\u0173 \u0161eimomis, ypa\u010d su rytieti\u0161kais kvapais.<\/li>\n<\/ul>\n<p style=\"font-weight: 400;\"><strong>Gyv\u016bnams<\/strong>:<\/p>\n<p style=\"font-weight: 400;\">Gelton\u0173j\u0173 mandarin\u0173 eterinis aliejus veikia raminan\u010diai, atpalaiduojan\u010diai, ma\u017eina stres\u0105, nerim\u0105, gerina vir\u0161kinim\u0105. Tinka neramiems gyv\u016bnams, kai jie lieka vieni, gedi ir nerimauja. Puikiai dezodoruoja ir valo patalp\u0173, kuriose gyvena gyv\u016bnai, or\u0105. Vir\u0161kinimui gerinti, pilvo p\u016btimui ma\u017einti naudojamas 1% mi\u0161inys augaliniame aliejuje ir masa\u017euojamas pilvas.<\/p>\n<p style=\"font-weight: 400;\"><i><em style=\"font-weight: inherit;\">D\u0117l teis\u0117s akt\u0173 reikalavim\u0173 negalime \u010dia apra\u0161yti vis\u0173 eterinio aliejaus terapini\u0173 savybi\u0173.<\/em><\/i><\/p>\n<p style=\"font-weight: 400;\"><strong>Naudojimas<\/strong>:<\/p>\n<ul>\n<li>3-5 la\u0161us paskleiskite ore garintuvu (difuzoriumi);<\/li>\n<li>U\u017ela\u0161inkite ant servet\u0117l\u0117s ir pad\u0117kite \u0161iltoje vietoje, pavyzd\u017eiui ant radiatoriaus. \u0160ildomas eterinis aliejus paskleis naudingas molekules ore.<\/li>\n<li>\u012ela\u0161inkite \u012f vanden\u012f 5 la\u0161us plaudami grindis;<\/li>\n<li>Gryni eteriniai aliejai ant odos nenaudojami. Juos b\u016btina skiesti su baziniais aliejais. Masa\u017eams, \u012ftrinimams, kvepinimuisi skieskite su baziniu aliejumi (migdol\u0173, sezam\u0173, ar kt.): 10 la\u0161\u0173 mi\u0161inio \u012f 10 ml (du valgomieji \u0161auk\u0161tai) bazinio aliejaus;<\/li>\n<li>Pilkite \u012f voni\u0105, praskied\u0119 su kastilijos muilu: 5 la\u0161ai eterinio aliejaus \u012f 10 ml kastilijos muilo. Nela\u0161inkite eterinio aliejaus tiesiai \u012f vanden\u012f, nes aliejai netirpsta vandenyje, bet pl\u016bduriuoja pavir\u0161iuje, tod\u0117l gali patekti tiesiai ant odos ir j\u0105 sudirginti;<\/li>\n<li>La\u0161inkite 3 la\u0161us ant dr\u0117gnos servet\u0117l\u0117s ir d\u0117kite \u012f spint\u0105 ar drabu\u017ei\u0173 d\u017eiovintuv\u0105, kad kvepinti drabu\u017eius. Kai kurie eteriniai aliejai gali i\u0161tepti baltos spalvos drabu\u017eius!<\/li>\n<li>Naudokite inhaliacijoms: la\u0161inkite 10 la\u0161\u0173 gryno eterinio aliejaus ar j\u0173 mi\u0161inio \u012f asmenin\u012f inhaliatori\u0173, \u012fkv\u0117pkite.<\/li>\n<li>Tur\u0117kite po ranka eterinio aliejaus buteliuk\u0105 ir nu\u0117m\u0119 la\u0161intuv\u0105 \u012fkv\u0117pkite 2-3 kartus.<\/li>\n<\/ul>\n<p style=\"font-weight: 400;\"><strong>Kaip teisingai garinti eterinius aliejus?\u00a0<\/strong><\/p>\n<p style=\"font-weight: 400;\">Siekiant maksimalaus poveikio m\u016bs\u0173 emocijoms (pav. ma\u017einti stres\u0105, gerinti nuotaik\u0105, raminti ir pan), eterinius aliejus reikia garinti intervalais, geriausia 3-4 kartus po 15 minu\u010di\u0173 garinti elektriniame difuzoriuje, ir tarp garinim\u0173 daryti ne trumpesn\u0119 kaip 30 minu\u010di\u0173 pertrauk\u0105.\u00a0 M\u016bs\u0173 smegenys, kurios atsakingos ir u\u017e emocij\u0173 reguliavim\u0105, labai plasti\u0161kos ir linkusios prisitaikyti prie aplinkos, tad ir prie eterini\u0173 aliej\u0173 skleid\u017eiamo poveikio pripranta. Siekiant geriausio terapinio poveikio emocijoms, smegenims reikia dinamikos, kuri\u0105 ir sukuria eterini\u0173 aliej\u0173 garinimas intervalais.<\/p>\n<p style=\"font-weight: 400;\">Jei siekiate eterini\u0173 aliej\u0173 poveikio fizinei b\u016bsenai (pav. pykinimui slopinti, aplinkos orui i\u0161valyti, per\u0161alimui lengvinti), garinkite eterinius aliejus kelis kartus per dien\u0105 po 30 minu\u010di\u0173.<\/p>\n<p style=\"font-weight: 400;\"><strong>Receptas<\/strong>:<\/p>\n<p style=\"font-weight: 400;\">Aromaterapeut\u0117 P. Davis Knygoje Aromaterapija nuo A iki Z ra\u0161o: \u201eD\u0117l \u0161velnaus poveikio Pranc\u016bzijoje vadinamas vaik\u0173 vaistu, da\u017enai naudojamas, kai vargina vaikyst\u0117s pilvo skausmai, raug\u0117jimas ar \u017eagsulys. Mandarin\u0173 ir migdol\u0173 aliejaus skiediniu (2%) pamasa\u017euokite vaiko pilvel\u012f pagal laikrod\u017eio rodykl\u0119.\u201d<\/p>\n<p style=\"font-weight: 400;\"><i><em style=\"font-weight: inherit;\">Aliejus nuo strij\u0173<\/em><\/i>:<\/p>\n<ul>\n<li>1 la\u0161elis levand\u0173 eterinio aliejaus<\/li>\n<li>1 la\u0161elis mandarin\u0173 eterinio aliejaus<\/li>\n<li>1 la\u0161elis nerolio eterinio aliejaus<\/li>\n<li>12 ml migdol\u0173 ar kito augalinio aliejaus<\/li>\n<\/ul>\n<p style=\"font-weight: 400;\">\u0160iuo mi\u0161iniu tepkite pilv\u0105 nuo penkto n\u0117\u0161tumo m\u0117nesio kasdien.<\/p>\n<p style=\"font-weight: 400;\"><strong>SAUGUMAS!<\/strong><\/p>\n<p style=\"font-weight: 400;\">B\u016btina skiesti. (Maksimali koncentracija veido kosmetikai &#8211; 1.5%, k\u016bno masa\u017eui &#8211; 3%)<\/p>\n<p style=\"font-weight: 400;\"><i><em style=\"font-weight: inherit;\">N\u0117\u0161\u010diosiosioms<\/em><\/i>: saugus naudoti tiek n\u0117\u0161tumo metu, tiek vaikams nuo gimimo.<\/p>\n<p style=\"font-weight: 400;\"><i><em style=\"font-weight: inherit;\">Vaikams<\/em><\/i>:\u00a0saugus naudoti k\u016bdikiams ir vaikams.<\/p>\n<p style=\"font-weight: 400;\">Vengti naudoti oksidavus\u012f eterin\u012f gelton\u0173j\u0173 mandarin\u0173 aliej\u0173, nes gali sukelti odos sudirgim\u0105.<\/p>\n<p style=\"font-weight: 400;\">Jei eterinis aliejus sudirgint\u0173 od\u0105, j\u0105 b\u016btina valyti bet kokiu baziniu aliejumi, kur\u012f turite po ranka (alyvuogi\u0173, saul\u0117gra\u017e\u0173 ar kt.). Nenaudokite vandens eteriniams aliejams nuplauti, nes vanduo dar giliau perne\u0161 eterinius aliejus \u012f od\u0105 ir tik sustiprins sudirginim\u0105.<\/p>\n<p style=\"font-weight: 400;\">Siekiant i\u0161saugoti vertingas eterini\u0173 aliej\u0173 savybes, eterinius aliejus ir j\u0173 mi\u0161inius reik\u0117t\u0173 laikyti tamsioje v\u0117sioje vietoje.<\/p>\n<p style=\"font-weight: 400;\">Nefototoksi\u0161kas, tinkamai praskeist\u0105 galima saugiai naudoti ant odos net vasar\u0105.<\/p>\n<p style=\"font-weight: 400;\"><i><em style=\"font-weight: inherit;\"><strong>Aromaterapijos pagrindin\u0117 taisykl\u0117 \u2013 ma\u017eiau yra daugiau<\/strong>, t.y. eteriniai aliejai geriau veikia esant ma\u017eoms doz\u0117ms.\u00a0<\/em><\/i><\/p>","protected":false},"excerpt":{"rendered":"<p>Raudon\u0173j\u0173 mandarin\u0173, tangerin\u0173 eterinio aliejaus aromatas ma\u017eiausiai saldus, palyginti su kitais mandarinais, bet jame atsiskleid\u017eia g\u0117li\u0161ka nata.\u00a0Bet kuris mandarin\u0173 eterinis aliejus yra tikras vaik\u0173 favoritas, tad puikiai tinka garinti difuzoriumi vaik\u0173 kambaryje, kurti vaik\u0173 patalyn\u0117s dulksn\u0105. Gelton\u0173j\u0173 mandarin\u0173 aromatas suteiks ry\u0161kumo ir patrauklumo j\u016bs\u0173 kvap\u0173 kompozicijai. PREK\u0116S INFORMACIJA Kiekis: 5 ml Bot:\u00a0Citrus reticulata Blanco var. [&hellip;]<\/p>\n","protected":false},"featured_media":1671690,"comment_status":"open","ping_status":"closed","template":"","meta":{"content-type":"","_monsterinsights_skip_tracking":false,"_monsterinsights_sitenote_active":false,"_monsterinsights_sitenote_note":"","_monsterinsights_sitenote_category":0,"_uf_show_specific_survey":0,"_uf_disable_surveys":false},"product_brand":[1652],"product_cat":[1506,1511,15],"product_tag":[1507,1515,1527],"class_list":{"0":"post-1671686","1":"product","2":"type-product","3":"status-publish","4":"has-post-thumbnail","6":"product_brand-biocos-kosmetika","7":"product_cat-essential-oils","8":"product_cat-essential-oils-essential-oils","9":"product_cat-all-products","10":"product_tag-biocos","11":"product_tag-eteriniai-aliejai","12":"product_tag-mandarinu-eterinis-aliejus","14":"first","15":"instock","16":"taxable","17":"shipping-taxable","18":"purchasable","19":"product-type-simple"},"bundled_by":[],"bundle_stock_status":"instock","bundle_stock_quantity":null,"bundle_virtual":false,"bundle_layout":"","bundle_add_to_cart_form_location":"","bundle_editable_in_cart":false,"bundle_sold_individually_context":"","bundle_item_grouping":"","bundle_min_size":"","bundle_max_size":"","bundle_price":[],"bundled_items":[],"bundle_sell_ids":[],"group_of_quantity":0,"min_quantity":0,"max_quantity":"","exclude_order_quantity_value_rules":"no","exclude_category_quantity_rules":"no","combine_variations":"no","exclude_global_add_ons":[],"addons":[],"yoast_head":"<!-- This site is optimized with the Yoast SEO plugin v27.4 - https:\/\/yoast.com\/product\/yoast-seo-wordpress\/ -->\n<title>BIOCOS  Mandarin\u0173 (raudon\u0173j\u0173, tangerin\u0173) eterinis aliejus - Greenspells<\/title>\n<meta name=\"description\" content=\"Raudon\u0173j\u0173 mandarin\u0173 eterinio aliejaus aromatas ma\u017eiausiai saldus, palyginti su kitais mandarinais. Puikiai tinka garinti difuzoriumi vaik\u0173 kambaryje.\" \/>\n<meta name=\"robots\" content=\"index, follow, max-snippet:-1, max-image-preview:large, max-video-preview:-1\" \/>\n<link rel=\"canonical\" href=\"https:\/\/greenspells.com\/lt\/produktas\/biocos-mandarinu-raudonuju-tangerinu-eterinis-aliejus\/\" \/>\n<meta property=\"og:locale\" content=\"lt_LT\" \/>\n<meta property=\"og:type\" content=\"article\" \/>\n<meta property=\"og:title\" content=\"BIOCOS  Mandarin\u0173 (raudon\u0173j\u0173, tangerin\u0173) eterinis aliejus - Greenspells\" \/>\n<meta property=\"og:description\" content=\"Raudon\u0173j\u0173 mandarin\u0173 eterinio aliejaus aromatas ma\u017eiausiai saldus, palyginti su kitais mandarinais. Puikiai tinka garinti difuzoriumi vaik\u0173 kambaryje.\" \/>\n<meta property=\"og:url\" content=\"https:\/\/greenspells.com\/lt\/produktas\/biocos-mandarinu-raudonuju-tangerinu-eterinis-aliejus\/\" \/>\n<meta property=\"og:site_name\" content=\"Greenspells\" \/>\n<meta property=\"article:publisher\" content=\"https:\/\/www.facebook.com\/Greenspells\" \/>\n<meta property=\"article:modified_time\" content=\"2025-01-08T08:58:04+00:00\" \/>\n<meta property=\"og:image\" content=\"https:\/\/greenspells.com\/wp-content\/uploads\/2023\/02\/mandarinu-raudonuju-tangerinu-eterinis-aliejus.png\" \/>\n\t<meta property=\"og:image:width\" content=\"600\" \/>\n\t<meta property=\"og:image:height\" content=\"600\" \/>\n\t<meta property=\"og:image:type\" content=\"image\/png\" \/>\n<meta name=\"twitter:card\" content=\"summary_large_image\" \/>\n<meta name=\"twitter:label1\" content=\"Est. reading time\" \/>\n\t<meta name=\"twitter:data1\" content=\"4 minut\u0117s\" \/>\n<script type=\"application\/ld+json\" class=\"yoast-schema-graph\">{\"@context\":\"https:\\\/\\\/schema.org\",\"@graph\":[{\"@type\":\"WebPage\",\"@id\":\"https:\\\/\\\/greenspells.com\\\/product\\\/biocos-mandarinu-raudonuju-tangerinu-eterinis-aliejus\\\/\",\"url\":\"https:\\\/\\\/greenspells.com\\\/product\\\/biocos-mandarinu-raudonuju-tangerinu-eterinis-aliejus\\\/\",\"name\":\"BIOCOS Mandarin\u0173 (raudon\u0173j\u0173, tangerin\u0173) eterinis aliejus - Greenspells\",\"isPartOf\":{\"@id\":\"https:\\\/\\\/greenspells.com\\\/#website\"},\"primaryImageOfPage\":{\"@id\":\"https:\\\/\\\/greenspells.com\\\/product\\\/biocos-mandarinu-raudonuju-tangerinu-eterinis-aliejus\\\/#primaryimage\"},\"image\":{\"@id\":\"https:\\\/\\\/greenspells.com\\\/product\\\/biocos-mandarinu-raudonuju-tangerinu-eterinis-aliejus\\\/#primaryimage\"},\"thumbnailUrl\":\"https:\\\/\\\/i0.wp.com\\\/greenspells.com\\\/wp-content\\\/uploads\\\/2023\\\/02\\\/mandarinu-raudonuju-tangerinu-eterinis-aliejus.png?fit=600%2C600&ssl=1\",\"datePublished\":\"2023-02-12T15:43:54+00:00\",\"dateModified\":\"2025-01-08T08:58:04+00:00\",\"description\":\"Raudon\u0173j\u0173 mandarin\u0173 eterinio aliejaus aromatas ma\u017eiausiai saldus, palyginti su kitais mandarinais. Puikiai tinka garinti difuzoriumi vaik\u0173 kambaryje.\",\"breadcrumb\":{\"@id\":\"https:\\\/\\\/greenspells.com\\\/product\\\/biocos-mandarinu-raudonuju-tangerinu-eterinis-aliejus\\\/#breadcrumb\"},\"inLanguage\":\"lt-LT\",\"potentialAction\":[{\"@type\":\"ReadAction\",\"target\":[\"https:\\\/\\\/greenspells.com\\\/product\\\/biocos-mandarinu-raudonuju-tangerinu-eterinis-aliejus\\\/\"]}]},{\"@type\":\"ImageObject\",\"inLanguage\":\"lt-LT\",\"@id\":\"https:\\\/\\\/greenspells.com\\\/product\\\/biocos-mandarinu-raudonuju-tangerinu-eterinis-aliejus\\\/#primaryimage\",\"url\":\"https:\\\/\\\/i0.wp.com\\\/greenspells.com\\\/wp-content\\\/uploads\\\/2023\\\/02\\\/mandarinu-raudonuju-tangerinu-eterinis-aliejus.png?fit=600%2C600&ssl=1\",\"contentUrl\":\"https:\\\/\\\/i0.wp.com\\\/greenspells.com\\\/wp-content\\\/uploads\\\/2023\\\/02\\\/mandarinu-raudonuju-tangerinu-eterinis-aliejus.png?fit=600%2C600&ssl=1\",\"width\":600,\"height\":600,\"caption\":\"mandarin\u0173 tangerin\u0173 eterinis aliejus\"},{\"@type\":\"BreadcrumbList\",\"@id\":\"https:\\\/\\\/greenspells.com\\\/product\\\/biocos-mandarinu-raudonuju-tangerinu-eterinis-aliejus\\\/#breadcrumb\",\"itemListElement\":[{\"@type\":\"ListItem\",\"position\":1,\"name\":\"Home\",\"item\":\"https:\\\/\\\/greenspells.com\\\/\"},{\"@type\":\"ListItem\",\"position\":2,\"name\":\"Shop\",\"item\":\"https:\\\/\\\/greenspells.com\\\/shop\\\/\"},{\"@type\":\"ListItem\",\"position\":3,\"name\":\"BIOCOS Mandarin\u0173 (raudon\u0173j\u0173, tangerin\u0173) eterinis aliejus\"}]},{\"@type\":\"WebSite\",\"@id\":\"https:\\\/\\\/greenspells.com\\\/#website\",\"url\":\"https:\\\/\\\/greenspells.com\\\/\",\"name\":\"Greenspells\",\"description\":\"Nat\u016brali ir ekologi\u0161ka kosmetika\",\"publisher\":{\"@id\":\"https:\\\/\\\/greenspells.com\\\/#organization\"},\"potentialAction\":[{\"@type\":\"SearchAction\",\"target\":{\"@type\":\"EntryPoint\",\"urlTemplate\":\"https:\\\/\\\/greenspells.com\\\/?s={search_term_string}\"},\"query-input\":{\"@type\":\"PropertyValueSpecification\",\"valueRequired\":true,\"valueName\":\"search_term_string\"}}],\"inLanguage\":\"lt-LT\"},{\"@type\":\"Organization\",\"@id\":\"https:\\\/\\\/greenspells.com\\\/#organization\",\"name\":\"Greenspells\",\"url\":\"https:\\\/\\\/greenspells.com\\\/\",\"logo\":{\"@type\":\"ImageObject\",\"inLanguage\":\"lt-LT\",\"@id\":\"https:\\\/\\\/greenspells.com\\\/#\\\/schema\\\/logo\\\/image\\\/\",\"url\":\"https:\\\/\\\/i0.wp.com\\\/greenspells.com\\\/wp-content\\\/uploads\\\/2020\\\/09\\\/20200722_153424_0000.png?fit=1500%2C1500&ssl=1\",\"contentUrl\":\"https:\\\/\\\/i0.wp.com\\\/greenspells.com\\\/wp-content\\\/uploads\\\/2020\\\/09\\\/20200722_153424_0000.png?fit=1500%2C1500&ssl=1\",\"width\":1500,\"height\":1500,\"caption\":\"Greenspells\"},\"image\":{\"@id\":\"https:\\\/\\\/greenspells.com\\\/#\\\/schema\\\/logo\\\/image\\\/\"},\"sameAs\":[\"https:\\\/\\\/www.facebook.com\\\/Greenspells\",\"https:\\\/\\\/www.instagram.com\\\/greenspells_store\\\/\"]}]}<\/script>\n<!-- \/ Yoast SEO plugin. -->","yoast_head_json":{"title":"BIOCOS  Mandarin\u0173 (raudon\u0173j\u0173, tangerin\u0173) eterinis aliejus - Greenspells","description":"Raudon\u0173j\u0173 mandarin\u0173 eterinio aliejaus aromatas ma\u017eiausiai saldus, palyginti su kitais mandarinais. Puikiai tinka garinti difuzoriumi vaik\u0173 kambaryje.","robots":{"index":"index","follow":"follow","max-snippet":"max-snippet:-1","max-image-preview":"max-image-preview:large","max-video-preview":"max-video-preview:-1"},"canonical":"https:\/\/greenspells.com\/lt\/produktas\/biocos-mandarinu-raudonuju-tangerinu-eterinis-aliejus\/","og_locale":"lt_LT","og_type":"article","og_title":"BIOCOS  Mandarin\u0173 (raudon\u0173j\u0173, tangerin\u0173) eterinis aliejus - Greenspells","og_description":"Raudon\u0173j\u0173 mandarin\u0173 eterinio aliejaus aromatas ma\u017eiausiai saldus, palyginti su kitais mandarinais. Puikiai tinka garinti difuzoriumi vaik\u0173 kambaryje.","og_url":"https:\/\/greenspells.com\/lt\/produktas\/biocos-mandarinu-raudonuju-tangerinu-eterinis-aliejus\/","og_site_name":"Greenspells","article_publisher":"https:\/\/www.facebook.com\/Greenspells","article_modified_time":"2025-01-08T08:58:04+00:00","og_image":[{"width":600,"height":600,"url":"https:\/\/greenspells.com\/wp-content\/uploads\/2023\/02\/mandarinu-raudonuju-tangerinu-eterinis-aliejus.png","type":"image\/png"}],"twitter_card":"summary_large_image","twitter_misc":{"Est. reading time":"4 minut\u0117s"},"schema":{"@context":"https:\/\/schema.org","@graph":[{"@type":"WebPage","@id":"https:\/\/greenspells.com\/product\/biocos-mandarinu-raudonuju-tangerinu-eterinis-aliejus\/","url":"https:\/\/greenspells.com\/product\/biocos-mandarinu-raudonuju-tangerinu-eterinis-aliejus\/","name":"BIOCOS Mandarin\u0173 (raudon\u0173j\u0173, tangerin\u0173) eterinis aliejus - Greenspells","isPartOf":{"@id":"https:\/\/greenspells.com\/#website"},"primaryImageOfPage":{"@id":"https:\/\/greenspells.com\/product\/biocos-mandarinu-raudonuju-tangerinu-eterinis-aliejus\/#primaryimage"},"image":{"@id":"https:\/\/greenspells.com\/product\/biocos-mandarinu-raudonuju-tangerinu-eterinis-aliejus\/#primaryimage"},"thumbnailUrl":"https:\/\/i0.wp.com\/greenspells.com\/wp-content\/uploads\/2023\/02\/mandarinu-raudonuju-tangerinu-eterinis-aliejus.png?fit=600%2C600&ssl=1","datePublished":"2023-02-12T15:43:54+00:00","dateModified":"2025-01-08T08:58:04+00:00","description":"Raudon\u0173j\u0173 mandarin\u0173 eterinio aliejaus aromatas ma\u017eiausiai saldus, palyginti su kitais mandarinais. Puikiai tinka garinti difuzoriumi vaik\u0173 kambaryje.","breadcrumb":{"@id":"https:\/\/greenspells.com\/product\/biocos-mandarinu-raudonuju-tangerinu-eterinis-aliejus\/#breadcrumb"},"inLanguage":"lt-LT","potentialAction":[{"@type":"ReadAction","target":["https:\/\/greenspells.com\/product\/biocos-mandarinu-raudonuju-tangerinu-eterinis-aliejus\/"]}]},{"@type":"ImageObject","inLanguage":"lt-LT","@id":"https:\/\/greenspells.com\/product\/biocos-mandarinu-raudonuju-tangerinu-eterinis-aliejus\/#primaryimage","url":"https:\/\/i0.wp.com\/greenspells.com\/wp-content\/uploads\/2023\/02\/mandarinu-raudonuju-tangerinu-eterinis-aliejus.png?fit=600%2C600&ssl=1","contentUrl":"https:\/\/i0.wp.com\/greenspells.com\/wp-content\/uploads\/2023\/02\/mandarinu-raudonuju-tangerinu-eterinis-aliejus.png?fit=600%2C600&ssl=1","width":600,"height":600,"caption":"mandarin\u0173 tangerin\u0173 eterinis aliejus"},{"@type":"BreadcrumbList","@id":"https:\/\/greenspells.com\/product\/biocos-mandarinu-raudonuju-tangerinu-eterinis-aliejus\/#breadcrumb","itemListElement":[{"@type":"ListItem","position":1,"name":"Home","item":"https:\/\/greenspells.com\/"},{"@type":"ListItem","position":2,"name":"Shop","item":"https:\/\/greenspells.com\/shop\/"},{"@type":"ListItem","position":3,"name":"BIOCOS Mandarin\u0173 (raudon\u0173j\u0173, tangerin\u0173) eterinis aliejus"}]},{"@type":"WebSite","@id":"https:\/\/greenspells.com\/#website","url":"https:\/\/greenspells.com\/","name":"Greenspells","description":"Nat\u016brali ir ekologi\u0161ka kosmetika","publisher":{"@id":"https:\/\/greenspells.com\/#organization"},"potentialAction":[{"@type":"SearchAction","target":{"@type":"EntryPoint","urlTemplate":"https:\/\/greenspells.com\/?s={search_term_string}"},"query-input":{"@type":"PropertyValueSpecification","valueRequired":true,"valueName":"search_term_string"}}],"inLanguage":"lt-LT"},{"@type":"Organization","@id":"https:\/\/greenspells.com\/#organization","name":"Greenspells","url":"https:\/\/greenspells.com\/","logo":{"@type":"ImageObject","inLanguage":"lt-LT","@id":"https:\/\/greenspells.com\/#\/schema\/logo\/image\/","url":"https:\/\/i0.wp.com\/greenspells.com\/wp-content\/uploads\/2020\/09\/20200722_153424_0000.png?fit=1500%2C1500&ssl=1","contentUrl":"https:\/\/i0.wp.com\/greenspells.com\/wp-content\/uploads\/2020\/09\/20200722_153424_0000.png?fit=1500%2C1500&ssl=1","width":1500,"height":1500,"caption":"Greenspells"},"image":{"@id":"https:\/\/greenspells.com\/#\/schema\/logo\/image\/"},"sameAs":["https:\/\/www.facebook.com\/Greenspells","https:\/\/www.instagram.com\/greenspells_store\/"]}]}},"jetpack_likes_enabled":true,"jetpack_sharing_enabled":true,"_links":{"self":[{"href":"https:\/\/greenspells.com\/lt\/wp-json\/wp\/v2\/product\/1671686","targetHints":{"allow":["GET"]}}],"collection":[{"href":"https:\/\/greenspells.com\/lt\/wp-json\/wp\/v2\/product"}],"about":[{"href":"https:\/\/greenspells.com\/lt\/wp-json\/wp\/v2\/types\/product"}],"replies":[{"embeddable":true,"href":"https:\/\/greenspells.com\/lt\/wp-json\/wp\/v2\/comments?post=1671686"}],"wp:featuredmedia":[{"embeddable":true,"href":"https:\/\/greenspells.com\/lt\/wp-json\/wp\/v2\/media\/1671690"}],"wp:attachment":[{"href":"https:\/\/greenspells.com\/lt\/wp-json\/wp\/v2\/media?parent=1671686"}],"wp:term":[{"taxonomy":"product_brand","embeddable":true,"href":"https:\/\/greenspells.com\/lt\/wp-json\/wp\/v2\/product_brand?post=1671686"},{"taxonomy":"product_cat","embeddable":true,"href":"https:\/\/greenspells.com\/lt\/wp-json\/wp\/v2\/product_cat?post=1671686"},{"taxonomy":"product_tag","embeddable":true,"href":"https:\/\/greenspells.com\/lt\/wp-json\/wp\/v2\/product_tag?post=1671686"}],"curies":[{"name":"wp","href":"https:\/\/api.w.org\/{rel}","templated":true}]}}