{"id":1671681,"date":"2023-02-12T17:38:29","date_gmt":"2023-02-12T15:38:29","guid":{"rendered":"https:\/\/greenspells.com\/?post_type=product&#038;p=1671681"},"modified":"2025-01-08T10:58:35","modified_gmt":"2025-01-08T08:58:35","slug":"biocos-levandu-eterinis-aliejus-bulgariskuju","status":"publish","type":"product","link":"https:\/\/greenspells.com\/lt\/produktas\/biocos-levandu-eterinis-aliejus-bulgariskuju\/","title":{"rendered":"BIOCOS <br> Levand\u0173 eterinis aliejus (bulgari\u0161k\u0173j\u0173)"},"content":{"rendered":"<p>Tikr\u0173j\u0173 levand\u0173 eterinis aliejus vienas m\u0117giamiausi\u0173 ir da\u017eniausiai naudojam\u0173 eterini\u0173 aliej\u0173 pasaulyje, kur\u012f rasite bene kiekvienuose namuose. Jo g\u0117li\u0161kas, malonus kvapas itin vertinamas d\u0117l raminam\u0173j\u0173 savybi\u0173: padeda atsipalaiduoti, ma\u017einti stres\u0105, gerinti mieg\u0105. Bet vertiniausia jo savyb\u0117 &#8211; geb\u0117jimas suderinti prot\u0105, siel\u0105, k\u016bn\u0105 ir paskatinti sveikimo proces\u0105.<\/p>\n<h3 class=\"product-information-heading\">PREK\u0116S INFORMACIJA<\/h3>\n<p><strong>Kiekis<\/strong>: 5 ml<\/p>\n<div class=\"row\">\n<div class=\"col-xs-12\">\n<div class=\"rte\">\n<p dir=\"ltr\"><strong>Bot<\/strong>:\u00a0Lavandula angustifolia<\/p>\n<p dir=\"ltr\"><strong>Kilm\u0117s \u0161alis<\/strong>:\u00a0Bulgarija<\/p>\n<p dir=\"ltr\"><strong>Ekologi\u0161kas<\/strong>:\u00a0NE<\/p>\n<p dir=\"ltr\"><strong>Chemotipas (pagrindiniai komponentai)<\/strong>:\u00a0Linalyl acetate, Linalool<\/p>\n<p dir=\"ltr\"><strong>I\u0161gavimo b\u016bdas<\/strong>: distiliacija<\/p>\n<p dir=\"ltr\"><strong>Augalo dalis<\/strong>: \u017eiedai<\/p>\n<p dir=\"ltr\"><strong>Aromatas<\/strong>:\u00a0g\u0117li\u0161kas, sald\u017eiai \u017eolinis.<\/p>\n<p dir=\"ltr\"><strong>Nata<\/strong>:\u00a0vir\u0161utin\u0117\/\u0161irdies<\/p>\n<p dir=\"ltr\"><strong>Alchemija<\/strong>:\u00a0levand\u0173 aliejus puikiai dera su daugeliu &#8211; apelsin\u0173, citrin\u0173, ramun\u0117li\u0173, kvapi\u0173j\u0173 \u0161alavij\u0173, pelargonij\u0173 &#8211; ir kitais eteriniais aliejais.<\/p>\n<p dir=\"ltr\">Bulgarijos ekologiniame \u016bkyje distiliuotas tikr\u0173j\u0173 levand\u0173 (bot. Lavandula angustifolia) eterinis aliejus labiausiai vertinamas d\u0117l raminam\u0173j\u0173 savybi\u0173 \u2013 padeda ma\u017einti stres\u0105, pasiruo\u0161ti miegui, nusiraminti. Be to, levand\u0173 eterinis aliejus naudojamas masa\u017einiuose mi\u0161iniuose, taip pat priemon\u0117se po depiliacijos ar skutimosi. Levand\u0173 eterinis aliejus dezodoruoja aplink\u0105, puikiai dera su\u00a0apelsin\u0173, citrin\u0173, ramun\u0117li\u0173, kvapi\u0173j\u0173 \u0161alavij\u0173, pelargonij\u0173 ir kitais eteriniais aliejais.<\/p>\n<p dir=\"ltr\">Bulgari\u0161k\u0173 levand\u0173 eterinis aliejus \u2013 pats universaliausias, \u0161velniausias ir labiausiai charakteringo levand\u0173 kvapo eterinis aliejus. B\u016btent bulgari\u0161kos levandos eteriniame aliejuje optimalus linalolio ir linalyl acetato santykis, kuris puikiai ramina, gerina mieg\u0105.<\/p>\n<p dir=\"ltr\">Pranc\u016bzi\u0161k\u0173 levand\u0173 eterinis aliejus paprastai yra a\u0161tresnio kvapo su balzaminiais pustoniais ir intesnyvesnio prie\u0161u\u017edegiminio poveikio.<\/p>\n<p dir=\"ltr\">Kaip pasirinkti? Jei levand\u0173 eterin\u012f aliej\u0173 naudosite vaikams, augintiniams arba miegui gerinti, rinkit\u0117s bulgari\u0161k\u0173 levand\u0173 eterin\u012f aliej\u0173. B\u016btent bulgari\u0161k\u0173 levand\u0173 eterinis aliejus geriausiai tiks vaikams ir augintiniams, kuri\u0173 kv\u0117pavimo sistema yra jautri.<\/p>\n<p dir=\"ltr\">Levandos augalas, manoma, kilusi i\u0161 Indijos auk\u0161tum\u0173, ta\u010diau dabar auga \u012fvairiose saul\u0117tose, sausose, akmenuotose pasaulio vietose. \u0160is kvapnus ir vertingas augalas u\u017eb\u016br\u0117 senov\u0117s rom\u0117nus auginusius levand\u0105 dabartiniame Provanso regione. Levandos pavadinimas kil\u0119s i\u0161 lotyn\u0173 kalbos \u017eod\u017eio \u201clavere\u201d, kuris rei\u0161kia \u201cplauti\u201d, nes besir\u016bpinantys savo \u0161vara rom\u0117nai drabu\u017eius skalbdavo naudodami levand\u0105, taip pat\u00a0 kvepindavo \u0161iuo aliejumi vonias. Viduram\u017eiais, levanda buvo naudojama namuose ir ba\u017eny\u010diose &#8211; kvepinti patalpas, drabu\u017eius, patalus, taip pat gamino kvapnius mai\u0161elius vabzd\u017eiams baidyti, o Anglijoje levand\u0173 pripildydavo \u0161vark\u0173, kepuri\u0173 pamu\u0161alus, kad r\u016bbai kvep\u0117t\u0173 nuolatos. Ilgus metus Pranc\u016bzija buvo did\u017eiausia levand\u0173 augintoja ir eterinio aliejaus eksportuotoja, ta\u010diau pastaraisiais metais j\u0105 vejasi Bulgarija.<\/p>\n<p dir=\"ltr\">Sud\u0117tinga levand\u0173 eterinio aliejaus chemin\u0117 sud\u0117tis lemia plat\u0173 jos pritaikym\u0105.<\/p>\n<p dir=\"ltr\"><strong>R\u016b\u0161iavimo informacija<\/strong>:<\/p>\n<ul>\n<li>Buteliukas \u2013 stiklas<\/li>\n<li>Kam\u0161telis, la\u0161intuvas \u2013 plastikas<\/li>\n<li>Etiket\u0117 \u2013 plastikas PVC<\/li>\n<\/ul>\n<p dir=\"ltr\"><strong>Eterinio aliejaus chemin\u0117 sud\u0117tis (pagrindin\u0117s dalys)<\/strong>:\u00a0Linalyl acetate, Linalool<\/p>\n<p dir=\"ltr\"><strong>Kosmetin\u0117s savyb\u0117s<\/strong>:<\/p>\n<ul>\n<li>ramina od\u0105: priemon\u0117se po skutimosi, po depiliacijos ar nudegim\u0173;<\/li>\n<li>ma\u017eina nie\u017e\u0117jim\u0105 ir odos sudirgim\u0105 po \u012fkandim\u0173, \u012fg\u0117lim\u0173;<\/li>\n<li>regeneruoja od\u0105: priemon\u0117se nuo rauk\u0161li\u0173, strij\u0173, rand\u0173.<\/li>\n<\/ul>\n<p dir=\"ltr\"><strong>Aromaterapin\u0117s savyb\u0117s<\/strong>:<\/p>\n<ul>\n<li>ma\u017eina stres\u0105, nerim\u0105;<\/li>\n<li>gerina mieg\u0105;<\/li>\n<li>atpalaiduojamiems masa\u017eams;<\/li>\n<li>pavargusi\u0173, \u012fsitempusi\u0173, skausming\u0173 raumen\u0173 masa\u017eui;<\/li>\n<li>\u012fkvepiamas esant gimdymo skausmui, nes\u00a0ramina atpalaiduoja, balansuoja, ma\u017eina skausm\u0105, raumen\u0173 \u012ftamp\u0105, skatina gimdos susitraukimus;<\/li>\n<li>dezodoruoja aplink\u0105, neutralizuoja nemalonius kvapus.<\/li>\n<\/ul>\n<p dir=\"ltr\"><strong>Parfumerin\u0117s savyb\u0117s<\/strong>:<\/p>\n<ul>\n<li>levand\u0173 kvapas &#8211; vienas lengviausiai atpa\u017e\u012fstam\u0173 kvap\u0173;<\/li>\n<li>\u0161is g\u0117li\u0161kas aromatas yra lengvas ir gaivinantis, saldus, turintis \u017eoli\u0161k\u0173 ir balzamini\u0173 pustoni\u0173. Priklausomai nuo augimviet\u0117s gali b\u016bti ir kampari\u0161kas su subtilia pu\u0161ies u\u017euomina;<\/li>\n<li>levand\u0173 eterinio aliejaus kvapas naudingas norint stiprinti g\u0117li\u0161kas natas;<\/li>\n<li>\u0160iuolaikin\u0117je parfumerijoje levanda \u0161velniai m\u0117gstama moteri\u0161kuose aromatuose, nors naudojama ir unisex, ir vyri\u0161kuose kvepaluose;<\/li>\n<li>levanda prideda aromat\u0173 kompozicijai \u017eoli\u0161kumo, gali suteikti kvapui m\u0117tos \u0161altumo arba atvirk\u0161\u010diai &#8211; pad\u0117ti sukurti \u0161ilt\u0105, prieskonin\u012f, kar\u0161t\u0105 vasaros nakt\u012f primenant\u012f aromat\u0105. Itin dera su pu\u0161\u0173, kvapi\u0173j\u0173 \u0161alavij\u0173, rozmarin\u0173, pa\u010diuli\u0173, briedrag\u0117s, bergamot\u0117s, nerolio ir apelsin\u0173 \u017eied\u0173 aromatais;<\/li>\n<li>kvepalams gaminti da\u017eniausiai naudojama Lavandula angustifolia arba kitaip Lavandula officinalis r\u016b\u0161ys, taip pat kampari\u0161ka Lavandula stoechas, kuri labiau kvepia kaip rozmarinas;<\/li>\n<li>i\u0161 olandi\u0161kos levandos ir Lavandula intermedia i\u0161gaunamas aliejus daug a\u0161tresnis ir turi labiau medicinin\u012f aromat\u0105.<\/li>\n<\/ul>\n<p dir=\"ltr\"><strong>Gyv\u016bnams<\/strong>:<\/p>\n<p dir=\"ltr\">Levand\u0173 eterinis aliejus veikia raminan\u010diai, atpalaiduojan\u010diai, tinka garinti vakare. Tinkamai praskiestas tinka naudoti ant nie\u017etin\u010dios, sudirgintos odos, skatina regeneracij\u0105, lengvina sveikim\u0105. Dezodoruoja ir valo patalp\u0173, kuriose gyvena gyv\u016bnai, or\u0105.<\/p>\n<p dir=\"ltr\"><em>D\u0117l teis\u0117s akt\u0173 reikalavim\u0173 negalime apra\u0161yti vis\u0173 eterinio aliejaus terapini\u0173 savybi\u0173, nors jos yra pagr\u012fstos aromaterapeut\u0173 tyrimais.<\/em><\/p>\n<p dir=\"ltr\"><strong>Naudojimas<\/strong>:<\/p>\n<ul>\n<li>3-5 la\u0161us paskleiskite ore garintuvu (difuzoriumi);<\/li>\n<li>U\u017ela\u0161inkite ant servet\u0117l\u0117s ir pad\u0117kite \u0161iltoje vietoje, pavyzd\u017eiui ant radiatoriaus. \u0160ildomas eterinis aliejus paskleis naudingas molekules ore;<\/li>\n<li>\u012ela\u0161inkite \u012f vanden\u012f 5 la\u0161us plaudami grindis;<\/li>\n<li>Gryni eteriniai aliejai ant odos nenaudojami. Juos b\u016btina skiesti su baziniais aliejais. Masa\u017eams, \u012ftrinimams, kvepinimuisi skieskite su baziniu aliejumi (migdol\u0173, sezam\u0173, ar kt.): 10 la\u0161\u0173 mi\u0161inio \u012f 10 ml (du valgomieji \u0161auk\u0161tai) bazinio aliejaus;<\/li>\n<li>Pilkite \u012f voni\u0105, i\u0161tirpin\u0119 kastilijos muile: 5 la\u0161\u0173 eterinio aliejaus \u012f 10 ml. kastilijos muilo. Nela\u0161inkite eterinio aliejaus tiesiai \u012f vanden\u012f, nes aliejai netirpsta vandenyje, bet pl\u016bduriuoja pavir\u0161iuje, tod\u0117l gali patekti tiesiai ant odos ir j\u0105 sudirginti;<\/li>\n<li>La\u0161inkite 3 la\u0161us ant dr\u0117gnos servet\u0117l\u0117s ir d\u0117kite \u012f spint\u0105 ar drabu\u017ei\u0173 d\u017eiovintuv\u0105, kad kvepinti drabu\u017eius. Kai kurie eteriniai aliejai gali i\u0161tepti baltos spalvos drabu\u017eius!<\/li>\n<li>Naudokite inhaliacijoms: la\u0161inkite 3-4 la\u0161us \u012f kar\u0161t\u0105 vanden\u012f ir kv\u0117puokite jo garais arba la\u0161inkite \u012f asmenin\u012f inhaliatori\u0173.<\/li>\n<li>Tur\u0117kite po ranka eterinio aliejaus buteliuk\u0105 ir nu\u0117m\u0119 la\u0161intuv\u0105 \u012fkv\u0117pkite 2-3 kartus.<\/li>\n<\/ul>\n<p dir=\"ltr\"><strong>Kaip teisingai garinti eterinius aliejus?\u00a0<\/strong><\/p>\n<p dir=\"ltr\">Siekiant maksimalaus poveikio m\u016bs\u0173 emocijoms (pav. ma\u017einti stres\u0105, gerinti nuotaik\u0105, raminti ir pan), eterinius aliejus reikia garinti intervalais, geriausia 3-4 kartus po 15 minu\u010di\u0173 garinti elektriniame difuzoriuje, ir tarp garinim\u0173 daryti ne trumpesn\u0119 kaip 30 minu\u010di\u0173 pertrauk\u0105.\u00a0 M\u016bs\u0173 smegenys, kurios atsakingos ir u\u017e emocij\u0173 reguliavim\u0105, labai plasti\u0161kos ir linkusios prisitaikyti prie aplinkos, tad ir prie eterini\u0173 aliej\u0173 skleid\u017eiamo poveikio pripranta. Siekiant geriausio terapinio poveikio emocijoms, smegenims reikia dinamikos, kuri\u0105 ir sukuria eterini\u0173 aliej\u0173 garinimas intervalais.<\/p>\n<p dir=\"ltr\">Jei siekiate eterini\u0173 aliej\u0173 poveikio fizinei b\u016bsenai (pav. pykinimui slopinti, aplinkos orui i\u0161valyti, per\u0161alimui lengvinti), garinkite eterinius aliejus kelis kartus per dien\u0105 po 30 minu\u010di\u0173.<\/p>\n<p dir=\"ltr\"><strong>Receptas<\/strong>:<\/p>\n<p dir=\"ltr\"><em>Pagalba nudegusiai saul\u0117je odai<\/em><\/p>\n<ul>\n<li dir=\"ltr\">\n<p dir=\"ltr\">50 ml at\u0161aldyto alavij\u0173 gelio<\/p>\n<\/li>\n<li dir=\"ltr\">\n<p dir=\"ltr\">10 la\u0161\u0173 levand\u0173 eterinio aliejaus<\/p>\n<\/li>\n<\/ul>\n<p dir=\"ltr\">Suplakite ir tepkite nudegusias vietas. \u0160is raminamasis gelis tiks ir veido odai, ir vaikams nuo 2 met\u0173.<\/p>\n<p dir=\"ltr\"><strong>SAUGUMAS!<\/strong><\/p>\n<p dir=\"ltr\">Levand\u0173 eterinis aliejus vienas i\u0161 nedaugelio, kur\u012f galima naudoti neskiest\u0105 ant odos. Pavyzd\u017eiui, raminant nudegusi\u0105 od\u0105 arba vabzd\u017ei\u0173 \u012fkandim\u0173 sudirgimus, galima tepti la\u0161el\u012f gryno eterinio aliejaus. Ta\u010diau, naudojant didesniems odos plotams, reik\u0117t\u0173 skiesti. (rekomenduojama koncentracija veido kosmetikai iki 1.5%, k\u016bno masa\u017eui &#8211; 3%)<\/p>\n<p dir=\"ltr\"><em>N\u0117\u0161\u010diosiosioms<\/em>:\u00a0tikr\u0173j\u0173 levand\u0173 eterinis aliejus n\u0117\u0161tumo metu nerekomenduojamas, ta\u010diau itin naudingas gimdymo metu, nes jis ramina, atpalaiduoja, balansuoja, ma\u017eina skausm\u0105, raumen\u0173 \u012ftamp\u0105, skatina gimdos susitraukimus. Nugaros ir str\u0117n\u0173 masa\u017eai su levand\u0173 eteriniu aliejumi (2 proc. augaliniame aliejuje) rekomenduojami likus savaitei iki gimdymo. Levand\u0173 eterinis aliejus negali b\u016bti naudojamas po epid\u016brinio nuskausminimo.<\/p>\n<p dir=\"ltr\"><em>Vaikams<\/em>:\u00a0saugus naudoti k\u016bdikiams ir vaikams.<\/p>\n<p dir=\"ltr\">Vengti naudoti oksidavus\u012f eterin\u012f levand\u0173 aliej\u0173, nes gali sukelti odos sudirgim\u0105.<\/p>\n<p dir=\"ltr\">Jei eterinis aliejus sudirgint\u0173 od\u0105, j\u0105 b\u016btina valyti bet kokiu baziniu aliejumi, kur\u012f turite po ranka (alyvuogi\u0173, saul\u0117gra\u017e\u0173 ar kt.). Nenaudokite vandens eteriniams aliejams nuplauti, nes vanduo dar giliau perne\u0161 eterinius aliejus \u012f od\u0105 ir tik sustiprins sudirginim\u0105.<\/p>\n<p dir=\"ltr\">Siekiant i\u0161saugoti vertingas eterini\u0173 aliej\u0173 savybes, eterinius aliejus ir j\u0173 mi\u0161inius reik\u0117t\u0173 laikyti tamsioje v\u0117sioje vietoje.<\/p>\n<p><em><strong>Aromaterapijos pagrindin\u0117 taisykl\u0117 \u2013\u00a0ma\u017eiau yra daugiau<\/strong>, t.y. eteriniai aliejai geriau veikia esant ma\u017eoms doz\u0117ms.\u00a0<\/em><\/p>\n<\/div>\n<\/div>\n<\/div>","protected":false},"excerpt":{"rendered":"<p>Tikr\u0173j\u0173 levand\u0173 eterinis aliejus vienas m\u0117giamiausi\u0173 ir da\u017eniausiai naudojam\u0173 eterini\u0173 aliej\u0173 pasaulyje, kur\u012f rasite bene kiekvienuose namuose. Jo g\u0117li\u0161kas, malonus kvapas itin vertinamas d\u0117l raminam\u0173j\u0173 savybi\u0173: padeda atsipalaiduoti, ma\u017einti stres\u0105, gerinti mieg\u0105. Bet vertiniausia jo savyb\u0117 &#8211; geb\u0117jimas suderinti prot\u0105, siel\u0105, k\u016bn\u0105 ir paskatinti sveikimo proces\u0105. PREK\u0116S INFORMACIJA Kiekis: 5 ml Bot:\u00a0Lavandula angustifolia Kilm\u0117s \u0161alis:\u00a0Bulgarija [&hellip;]<\/p>\n","protected":false},"featured_media":1671685,"comment_status":"open","ping_status":"closed","template":"","meta":{"content-type":"","_monsterinsights_skip_tracking":false,"_monsterinsights_sitenote_active":false,"_monsterinsights_sitenote_note":"","_monsterinsights_sitenote_category":0,"_uf_show_specific_survey":0,"_uf_disable_surveys":false},"product_brand":[1652],"product_cat":[1506,1511,15],"product_tag":[1507,1515,1526],"class_list":{"0":"post-1671681","1":"product","2":"type-product","3":"status-publish","4":"has-post-thumbnail","6":"product_brand-biocos-kosmetika","7":"product_cat-essential-oils","8":"product_cat-essential-oils-essential-oils","9":"product_cat-all-products","10":"product_tag-biocos","11":"product_tag-eteriniai-aliejai","12":"product_tag-levandu-eterinis-aliejus","14":"first","15":"instock","16":"taxable","17":"shipping-taxable","18":"purchasable","19":"product-type-simple"},"bundled_by":[],"bundle_stock_status":"instock","bundle_stock_quantity":null,"bundle_virtual":false,"bundle_layout":"","bundle_add_to_cart_form_location":"","bundle_editable_in_cart":false,"bundle_sold_individually_context":"","bundle_item_grouping":"","bundle_min_size":"","bundle_max_size":"","bundle_price":[],"bundled_items":[],"bundle_sell_ids":[],"group_of_quantity":0,"min_quantity":0,"max_quantity":"","exclude_order_quantity_value_rules":"no","exclude_category_quantity_rules":"no","combine_variations":"no","exclude_global_add_ons":[],"addons":[],"yoast_head":"<!-- This site is optimized with the Yoast SEO plugin v27.4 - https:\/\/yoast.com\/product\/yoast-seo-wordpress\/ -->\n<title>BIOCOS  Levand\u0173 eterinis aliejus (bulgari\u0161k\u0173j\u0173) - Greenspells<\/title>\n<meta name=\"description\" content=\"Tikr\u0173j\u0173 levand\u0173 eterinis aliejus itin vertinamas d\u0117l raminam\u0173j\u0173 savybi\u0173: padeda atsipalaiduoti, ma\u017einti stres\u0105, gerinti mieg\u0105.\" \/>\n<meta name=\"robots\" content=\"index, follow, max-snippet:-1, max-image-preview:large, max-video-preview:-1\" \/>\n<link rel=\"canonical\" href=\"https:\/\/greenspells.com\/lt\/produktas\/biocos-levandu-eterinis-aliejus-bulgariskuju\/\" \/>\n<meta property=\"og:locale\" content=\"lt_LT\" \/>\n<meta property=\"og:type\" content=\"article\" \/>\n<meta property=\"og:title\" content=\"BIOCOS  Levand\u0173 eterinis aliejus (bulgari\u0161k\u0173j\u0173) - Greenspells\" \/>\n<meta property=\"og:description\" content=\"Tikr\u0173j\u0173 levand\u0173 eterinis aliejus itin vertinamas d\u0117l raminam\u0173j\u0173 savybi\u0173: padeda atsipalaiduoti, ma\u017einti stres\u0105, gerinti mieg\u0105.\" \/>\n<meta property=\"og:url\" content=\"https:\/\/greenspells.com\/lt\/produktas\/biocos-levandu-eterinis-aliejus-bulgariskuju\/\" \/>\n<meta property=\"og:site_name\" content=\"Greenspells\" \/>\n<meta property=\"article:publisher\" content=\"https:\/\/www.facebook.com\/Greenspells\" \/>\n<meta property=\"article:modified_time\" content=\"2025-01-08T08:58:35+00:00\" \/>\n<meta property=\"og:image\" content=\"https:\/\/greenspells.com\/wp-content\/uploads\/2023\/02\/levandu-eterinis-aliejus.png\" \/>\n\t<meta property=\"og:image:width\" content=\"600\" \/>\n\t<meta property=\"og:image:height\" content=\"600\" \/>\n\t<meta property=\"og:image:type\" content=\"image\/png\" \/>\n<meta name=\"twitter:card\" content=\"summary_large_image\" \/>\n<meta name=\"twitter:label1\" content=\"Est. reading time\" \/>\n\t<meta name=\"twitter:data1\" content=\"5 minut\u0117s\" \/>\n<script type=\"application\/ld+json\" class=\"yoast-schema-graph\">{\"@context\":\"https:\\\/\\\/schema.org\",\"@graph\":[{\"@type\":\"WebPage\",\"@id\":\"https:\\\/\\\/greenspells.com\\\/product\\\/biocos-levandu-eterinis-aliejus-bulgariskuju\\\/\",\"url\":\"https:\\\/\\\/greenspells.com\\\/product\\\/biocos-levandu-eterinis-aliejus-bulgariskuju\\\/\",\"name\":\"BIOCOS Levand\u0173 eterinis aliejus (bulgari\u0161k\u0173j\u0173) - Greenspells\",\"isPartOf\":{\"@id\":\"https:\\\/\\\/greenspells.com\\\/#website\"},\"primaryImageOfPage\":{\"@id\":\"https:\\\/\\\/greenspells.com\\\/product\\\/biocos-levandu-eterinis-aliejus-bulgariskuju\\\/#primaryimage\"},\"image\":{\"@id\":\"https:\\\/\\\/greenspells.com\\\/product\\\/biocos-levandu-eterinis-aliejus-bulgariskuju\\\/#primaryimage\"},\"thumbnailUrl\":\"https:\\\/\\\/i0.wp.com\\\/greenspells.com\\\/wp-content\\\/uploads\\\/2023\\\/02\\\/levandu-eterinis-aliejus.png?fit=600%2C600&ssl=1\",\"datePublished\":\"2023-02-12T15:38:29+00:00\",\"dateModified\":\"2025-01-08T08:58:35+00:00\",\"description\":\"Tikr\u0173j\u0173 levand\u0173 eterinis aliejus itin vertinamas d\u0117l raminam\u0173j\u0173 savybi\u0173: padeda atsipalaiduoti, ma\u017einti stres\u0105, gerinti mieg\u0105.\",\"breadcrumb\":{\"@id\":\"https:\\\/\\\/greenspells.com\\\/product\\\/biocos-levandu-eterinis-aliejus-bulgariskuju\\\/#breadcrumb\"},\"inLanguage\":\"lt-LT\",\"potentialAction\":[{\"@type\":\"ReadAction\",\"target\":[\"https:\\\/\\\/greenspells.com\\\/product\\\/biocos-levandu-eterinis-aliejus-bulgariskuju\\\/\"]}]},{\"@type\":\"ImageObject\",\"inLanguage\":\"lt-LT\",\"@id\":\"https:\\\/\\\/greenspells.com\\\/product\\\/biocos-levandu-eterinis-aliejus-bulgariskuju\\\/#primaryimage\",\"url\":\"https:\\\/\\\/i0.wp.com\\\/greenspells.com\\\/wp-content\\\/uploads\\\/2023\\\/02\\\/levandu-eterinis-aliejus.png?fit=600%2C600&ssl=1\",\"contentUrl\":\"https:\\\/\\\/i0.wp.com\\\/greenspells.com\\\/wp-content\\\/uploads\\\/2023\\\/02\\\/levandu-eterinis-aliejus.png?fit=600%2C600&ssl=1\",\"width\":600,\"height\":600,\"caption\":\"levandu eterinis aliejus\"},{\"@type\":\"BreadcrumbList\",\"@id\":\"https:\\\/\\\/greenspells.com\\\/product\\\/biocos-levandu-eterinis-aliejus-bulgariskuju\\\/#breadcrumb\",\"itemListElement\":[{\"@type\":\"ListItem\",\"position\":1,\"name\":\"Home\",\"item\":\"https:\\\/\\\/greenspells.com\\\/\"},{\"@type\":\"ListItem\",\"position\":2,\"name\":\"Shop\",\"item\":\"https:\\\/\\\/greenspells.com\\\/shop\\\/\"},{\"@type\":\"ListItem\",\"position\":3,\"name\":\"BIOCOS Levand\u0173 eterinis aliejus (bulgari\u0161k\u0173j\u0173)\"}]},{\"@type\":\"WebSite\",\"@id\":\"https:\\\/\\\/greenspells.com\\\/#website\",\"url\":\"https:\\\/\\\/greenspells.com\\\/\",\"name\":\"Greenspells\",\"description\":\"Nat\u016brali ir ekologi\u0161ka kosmetika\",\"publisher\":{\"@id\":\"https:\\\/\\\/greenspells.com\\\/#organization\"},\"potentialAction\":[{\"@type\":\"SearchAction\",\"target\":{\"@type\":\"EntryPoint\",\"urlTemplate\":\"https:\\\/\\\/greenspells.com\\\/?s={search_term_string}\"},\"query-input\":{\"@type\":\"PropertyValueSpecification\",\"valueRequired\":true,\"valueName\":\"search_term_string\"}}],\"inLanguage\":\"lt-LT\"},{\"@type\":\"Organization\",\"@id\":\"https:\\\/\\\/greenspells.com\\\/#organization\",\"name\":\"Greenspells\",\"url\":\"https:\\\/\\\/greenspells.com\\\/\",\"logo\":{\"@type\":\"ImageObject\",\"inLanguage\":\"lt-LT\",\"@id\":\"https:\\\/\\\/greenspells.com\\\/#\\\/schema\\\/logo\\\/image\\\/\",\"url\":\"https:\\\/\\\/i0.wp.com\\\/greenspells.com\\\/wp-content\\\/uploads\\\/2020\\\/09\\\/20200722_153424_0000.png?fit=1500%2C1500&ssl=1\",\"contentUrl\":\"https:\\\/\\\/i0.wp.com\\\/greenspells.com\\\/wp-content\\\/uploads\\\/2020\\\/09\\\/20200722_153424_0000.png?fit=1500%2C1500&ssl=1\",\"width\":1500,\"height\":1500,\"caption\":\"Greenspells\"},\"image\":{\"@id\":\"https:\\\/\\\/greenspells.com\\\/#\\\/schema\\\/logo\\\/image\\\/\"},\"sameAs\":[\"https:\\\/\\\/www.facebook.com\\\/Greenspells\",\"https:\\\/\\\/www.instagram.com\\\/greenspells_store\\\/\"]}]}<\/script>\n<!-- \/ Yoast SEO plugin. -->","yoast_head_json":{"title":"BIOCOS  Levand\u0173 eterinis aliejus (bulgari\u0161k\u0173j\u0173) - Greenspells","description":"Tikr\u0173j\u0173 levand\u0173 eterinis aliejus itin vertinamas d\u0117l raminam\u0173j\u0173 savybi\u0173: padeda atsipalaiduoti, ma\u017einti stres\u0105, gerinti mieg\u0105.","robots":{"index":"index","follow":"follow","max-snippet":"max-snippet:-1","max-image-preview":"max-image-preview:large","max-video-preview":"max-video-preview:-1"},"canonical":"https:\/\/greenspells.com\/lt\/produktas\/biocos-levandu-eterinis-aliejus-bulgariskuju\/","og_locale":"lt_LT","og_type":"article","og_title":"BIOCOS  Levand\u0173 eterinis aliejus (bulgari\u0161k\u0173j\u0173) - Greenspells","og_description":"Tikr\u0173j\u0173 levand\u0173 eterinis aliejus itin vertinamas d\u0117l raminam\u0173j\u0173 savybi\u0173: padeda atsipalaiduoti, ma\u017einti stres\u0105, gerinti mieg\u0105.","og_url":"https:\/\/greenspells.com\/lt\/produktas\/biocos-levandu-eterinis-aliejus-bulgariskuju\/","og_site_name":"Greenspells","article_publisher":"https:\/\/www.facebook.com\/Greenspells","article_modified_time":"2025-01-08T08:58:35+00:00","og_image":[{"width":600,"height":600,"url":"https:\/\/greenspells.com\/wp-content\/uploads\/2023\/02\/levandu-eterinis-aliejus.png","type":"image\/png"}],"twitter_card":"summary_large_image","twitter_misc":{"Est. reading time":"5 minut\u0117s"},"schema":{"@context":"https:\/\/schema.org","@graph":[{"@type":"WebPage","@id":"https:\/\/greenspells.com\/product\/biocos-levandu-eterinis-aliejus-bulgariskuju\/","url":"https:\/\/greenspells.com\/product\/biocos-levandu-eterinis-aliejus-bulgariskuju\/","name":"BIOCOS Levand\u0173 eterinis aliejus (bulgari\u0161k\u0173j\u0173) - Greenspells","isPartOf":{"@id":"https:\/\/greenspells.com\/#website"},"primaryImageOfPage":{"@id":"https:\/\/greenspells.com\/product\/biocos-levandu-eterinis-aliejus-bulgariskuju\/#primaryimage"},"image":{"@id":"https:\/\/greenspells.com\/product\/biocos-levandu-eterinis-aliejus-bulgariskuju\/#primaryimage"},"thumbnailUrl":"https:\/\/i0.wp.com\/greenspells.com\/wp-content\/uploads\/2023\/02\/levandu-eterinis-aliejus.png?fit=600%2C600&ssl=1","datePublished":"2023-02-12T15:38:29+00:00","dateModified":"2025-01-08T08:58:35+00:00","description":"Tikr\u0173j\u0173 levand\u0173 eterinis aliejus itin vertinamas d\u0117l raminam\u0173j\u0173 savybi\u0173: padeda atsipalaiduoti, ma\u017einti stres\u0105, gerinti mieg\u0105.","breadcrumb":{"@id":"https:\/\/greenspells.com\/product\/biocos-levandu-eterinis-aliejus-bulgariskuju\/#breadcrumb"},"inLanguage":"lt-LT","potentialAction":[{"@type":"ReadAction","target":["https:\/\/greenspells.com\/product\/biocos-levandu-eterinis-aliejus-bulgariskuju\/"]}]},{"@type":"ImageObject","inLanguage":"lt-LT","@id":"https:\/\/greenspells.com\/product\/biocos-levandu-eterinis-aliejus-bulgariskuju\/#primaryimage","url":"https:\/\/i0.wp.com\/greenspells.com\/wp-content\/uploads\/2023\/02\/levandu-eterinis-aliejus.png?fit=600%2C600&ssl=1","contentUrl":"https:\/\/i0.wp.com\/greenspells.com\/wp-content\/uploads\/2023\/02\/levandu-eterinis-aliejus.png?fit=600%2C600&ssl=1","width":600,"height":600,"caption":"levandu eterinis aliejus"},{"@type":"BreadcrumbList","@id":"https:\/\/greenspells.com\/product\/biocos-levandu-eterinis-aliejus-bulgariskuju\/#breadcrumb","itemListElement":[{"@type":"ListItem","position":1,"name":"Home","item":"https:\/\/greenspells.com\/"},{"@type":"ListItem","position":2,"name":"Shop","item":"https:\/\/greenspells.com\/shop\/"},{"@type":"ListItem","position":3,"name":"BIOCOS Levand\u0173 eterinis aliejus (bulgari\u0161k\u0173j\u0173)"}]},{"@type":"WebSite","@id":"https:\/\/greenspells.com\/#website","url":"https:\/\/greenspells.com\/","name":"Greenspells","description":"Nat\u016brali ir ekologi\u0161ka kosmetika","publisher":{"@id":"https:\/\/greenspells.com\/#organization"},"potentialAction":[{"@type":"SearchAction","target":{"@type":"EntryPoint","urlTemplate":"https:\/\/greenspells.com\/?s={search_term_string}"},"query-input":{"@type":"PropertyValueSpecification","valueRequired":true,"valueName":"search_term_string"}}],"inLanguage":"lt-LT"},{"@type":"Organization","@id":"https:\/\/greenspells.com\/#organization","name":"Greenspells","url":"https:\/\/greenspells.com\/","logo":{"@type":"ImageObject","inLanguage":"lt-LT","@id":"https:\/\/greenspells.com\/#\/schema\/logo\/image\/","url":"https:\/\/i0.wp.com\/greenspells.com\/wp-content\/uploads\/2020\/09\/20200722_153424_0000.png?fit=1500%2C1500&ssl=1","contentUrl":"https:\/\/i0.wp.com\/greenspells.com\/wp-content\/uploads\/2020\/09\/20200722_153424_0000.png?fit=1500%2C1500&ssl=1","width":1500,"height":1500,"caption":"Greenspells"},"image":{"@id":"https:\/\/greenspells.com\/#\/schema\/logo\/image\/"},"sameAs":["https:\/\/www.facebook.com\/Greenspells","https:\/\/www.instagram.com\/greenspells_store\/"]}]}},"jetpack_likes_enabled":true,"jetpack_sharing_enabled":true,"_links":{"self":[{"href":"https:\/\/greenspells.com\/lt\/wp-json\/wp\/v2\/product\/1671681","targetHints":{"allow":["GET"]}}],"collection":[{"href":"https:\/\/greenspells.com\/lt\/wp-json\/wp\/v2\/product"}],"about":[{"href":"https:\/\/greenspells.com\/lt\/wp-json\/wp\/v2\/types\/product"}],"replies":[{"embeddable":true,"href":"https:\/\/greenspells.com\/lt\/wp-json\/wp\/v2\/comments?post=1671681"}],"wp:featuredmedia":[{"embeddable":true,"href":"https:\/\/greenspells.com\/lt\/wp-json\/wp\/v2\/media\/1671685"}],"wp:attachment":[{"href":"https:\/\/greenspells.com\/lt\/wp-json\/wp\/v2\/media?parent=1671681"}],"wp:term":[{"taxonomy":"product_brand","embeddable":true,"href":"https:\/\/greenspells.com\/lt\/wp-json\/wp\/v2\/product_brand?post=1671681"},{"taxonomy":"product_cat","embeddable":true,"href":"https:\/\/greenspells.com\/lt\/wp-json\/wp\/v2\/product_cat?post=1671681"},{"taxonomy":"product_tag","embeddable":true,"href":"https:\/\/greenspells.com\/lt\/wp-json\/wp\/v2\/product_tag?post=1671681"}],"curies":[{"name":"wp","href":"https:\/\/api.w.org\/{rel}","templated":true}]}}