{"id":1671668,"date":"2023-02-12T17:21:13","date_gmt":"2023-02-12T15:21:13","guid":{"rendered":"https:\/\/greenspells.com\/?post_type=product&#038;p=1671668"},"modified":"2025-01-08T11:00:05","modified_gmt":"2025-01-08T09:00:05","slug":"biocos-citrinzoles-eterinis-aliejus-ekologiskas","status":"publish","type":"product","link":"https:\/\/greenspells.com\/lt\/produktas\/biocos-citrinzoles-eterinis-aliejus-ekologiskas\/","title":{"rendered":"BIOCOS <br> Citrin\u017eol\u0117s eterinis aliejus, <br> ekologi\u0161kas"},"content":{"rendered":"<p>Grynas nat\u016bralus citrin\u017eol\u0117s (bot. Cymbopogon citratus)\u00a0eterinis aliejus &#8211; puikus pasirinkimas ie\u0161kantiems gaivaus, \u017eoli\u0161kai citrusinio \u0161varos aromato. Citrin\u017eoli\u0173 eterinis aliejus pasi\u017eymi ne tik gaiviu kvapu, bet ir vertingomis savyb\u0117mis &#8211;\u00a0 suteikia energijos, atgaivina, skatina veikti ir susikoncentruoti, o kosmetikos produktuose &#8211; tonizuoja, skaistina od\u0105.<\/p>\n<h3 style=\"font-weight: 400;\">PREK\u0116S INFORMACIJA<\/h3>\n<p><strong>Kiekis<\/strong>: 5 ml<\/p>\n<p style=\"font-weight: 400;\"><strong>Bot<\/strong>:\u00a0Cymbopogon citratus<\/p>\n<p style=\"font-weight: 400;\"><strong>Kilm\u0117s \u0161alis<\/strong>: Indija<\/p>\n<p style=\"font-weight: 400;\"><strong>Ekologi\u0161kas<\/strong>:\u00a0TAIP<\/p>\n<p style=\"font-weight: 400;\"><strong>Chemotipas (pagrindiniai komponentai)<\/strong>:\u00a0Geranial, Neral<\/p>\n<p style=\"font-weight: 400;\"><strong>I\u0161gavimo b\u016bdas<\/strong>: distiliavimo<\/p>\n<p style=\"font-weight: 400;\"><strong>Aromatas<\/strong>:\u00a0stiprus, sald\u017eiai gaivus, citrusinis<\/p>\n<p style=\"font-weight: 400;\"><strong>Nata<\/strong>:\u00a0vir\u0161utin\u0117<\/p>\n<p style=\"font-weight: 400;\"><strong>Alchemija<\/strong>:\u00a0dera su bergamot\u0117s ir kitais citrusais, levand\u0173, kedr\u0173, pelargonij\u0173 pu\u0161\u0173 eteriniais aliejais.<\/p>\n<p style=\"font-weight: 400;\">Citrin\u017eoli\u0173 eterinis aliejus vienas pla\u010diausiai naudojam\u0173 eterini\u0173 aliej\u0173 gro\u017eio, higienos, nam\u0173 \u0161varos, kulinarijos ir farmacijos gaminiuose.<\/p>\n<p style=\"font-weight: 400;\">Garinamas citrin\u017eoli\u0173 eterinis aliejus ma\u017eina stres\u0105, nerim\u0105, gerina nuotaik\u0105, padeda i\u0161laikyti pozityv\u0173 m\u0105stym\u0105, padeda sutelkti d\u0117mes\u012f, ma\u017eina protin\u012f nuovarg\u012f, namuose \u0161alina nemalonius kvapus.\u00a0Pla\u010diai naudojamas k\u016bno dezodoravimo priemon\u0117se, nevir\u0161ijant 0. 7% maksimalios koncentracijos aliejuje.<\/p>\n<p style=\"font-weight: 400;\"><strong>Pla\u010diau apie augal\u0105<\/strong>:<\/p>\n<p style=\"font-weight: 400;\">Cymbopogon citratus\u00a0vadinama citrin\u017eole, yra daugiamet\u0117 atogr\u0105\u017e\u0173 \u017eol\u0117 turinti ilgus siaurus lapus. Daugiausiai eterinio aliejaus i\u0161gaunama tropik\u0173 arba subtropik\u0173 regionuose Azijoje, piet\u0173 Amerikoje, Afrikoje distiliuojant \u0161vie\u017eius, kiek pad\u017eiovintus Cymbopogon citratus lapus. Chemin\u0117 citrin\u017eol\u0117s eterinio aliejaus kompozicija gali kisti, d\u0117l augalo auginimo vietov\u0117s, augalo am\u017eiaus, surinkimo laiko, genetini\u0173 skirtum\u0173 ir \u016bki\u0173 taikom\u0173 auginimo metod\u0173.<\/p>\n<p style=\"font-weight: 400;\"><strong>R\u016b\u0161iavimo informacija<\/strong>:<\/p>\n<p style=\"font-weight: 400;\">Buteliukas \u2013 stiklas<\/p>\n<p style=\"font-weight: 400;\">Kam\u0161telis, la\u0161intuvas \u2013 plastikas<\/p>\n<p style=\"font-weight: 400;\">Etiket\u0117 \u2013 plastikas PVC<\/p>\n<p style=\"font-weight: 400;\"><strong>Chemin\u0117 analiz\u0117:<\/strong><\/p>\n<p style=\"font-weight: 400;\">Geranial, Neral<\/p>\n<p style=\"font-weight: 400;\"><strong>Kosmetin\u0117s savyb\u0117s<\/strong>:<\/p>\n<ul>\n<li>tonizuoja od\u0105<\/li>\n<li>itin ma\u017eomis koncentracijomis (iki 0,7%) padeda kontroliuoti spuogelius<\/li>\n<li>naudojamas burnos skalavimui, nes dezodoruoja, padeda palaikyti sveikas dantenas (la\u0161inti \u012f vanden\u012f 2 la\u0161iukus)<\/li>\n<li>naudojamas k\u016bno dezodoravimo priemon\u0117se, nes efektyviai \u0161alina nemalonius kvapus<\/li>\n<\/ul>\n<p style=\"font-weight: 400;\"><strong>Aromaterapin\u0117s savyb\u0117s<\/strong>:<\/p>\n<ul>\n<li>ma\u017eina stres\u0105, nerim\u0105, gerina nuotaik\u0105<\/li>\n<li>padeda i\u0161laikyti pozityv\u0173 m\u0105stym\u0105<\/li>\n<li>gerina d\u0117mesingum\u0105<\/li>\n<li>ma\u017eina protin\u012f nuovarg\u012f, emocin\u012f i\u0161sekim\u0105<\/li>\n<li>naudojant namuose &#8211; \u0161alina nemalonius kvapus, gaivina erdves<\/li>\n<\/ul>\n<p style=\"font-weight: 400;\"><strong>Parfumerin\u0117s savyb\u0117s<\/strong>:<\/p>\n<p style=\"font-weight: 400;\">Kvapi citrin\u017eol\u0117 itin populiari citrusiniuose kvepaluose d\u0117l savo gaivumo ir giedros. Citrin\u017eol\u0117 kvepaluose atsiskleid\u017eia kaip \u0161viesi ir d\u017eiaugsminga vir\u0161utin\u0117 nata, prideda sodrumo bet kokiam aromatui. Ji primena saul\u0117tas pavasario pavakares, vasaros dienas, praleistas \u0161alia vandens gurk\u0161nojant \u0161vie\u017eiai spaustas citrus\u0173 sultis. Citrin\u017eol\u0117 dera su kitais citrusini\u0173 vaisi\u0173 kvapais, ta\u010diau prideda jiems arabi\u0161k\u0173 kvepal\u0173 paslapties. Kartu su kokos\u0173 kvapu citrin\u017eol\u0117 gali sukurti patraukl\u0173 aromat\u0105 tinkant\u012f kar\u0161tai vasaros dienai prie j\u016bros. Kvap\u0173 kompozicijos su \u0161ia nata intensyvios, ne\u012ftik\u0117tinai gaivinan\u010dios, ta\u010diau kartu ir eleganti\u0161kos, jausmingos, skatinan\u010dios ger\u0105 nuotaik\u0105 ir energijos pliupsn\u012f.<\/p>\n<p style=\"font-weight: 400;\"><strong>Gyv\u016bnams<\/strong>:<\/p>\n<p style=\"font-weight: 400;\">Citrin\u017eol\u0117s eterinis aliejus labai intensyvaus aromato, tad naudoti galima tik labai ma\u017eas koncentracijas. Puikiai dezodoruoja ir valo patalp\u0173, kuriose gyvena gyv\u016bnai, or\u0105.<\/p>\n<p style=\"font-weight: 400;\"><strong>Saugokite, kad citrin\u017eol\u0117s eterinis aliejus nepatekt\u0173 gyv\u016bnui \u012f vir\u0161kinimo trakt\u0105!<\/strong><\/p>\n<p style=\"font-weight: 400;\"><i><em style=\"font-weight: inherit;\">D\u0117l teis\u0117s akt\u0173 reikalavim\u0173 negalime \u010dia apra\u0161yti vis\u0173 eterinio aliejaus terapini\u0173 savybi\u0173.<\/em><\/i><\/p>\n<p style=\"font-weight: 400;\"><strong>Naudojimas<\/strong>:<\/p>\n<ul>\n<li>3-5 la\u0161us paskleiskite ore garintuvu (difuzoriumi);<\/li>\n<li>U\u017ela\u0161inkite ant servet\u0117l\u0117s ir pad\u0117kite \u0161iltoje vietoje, pavyzd\u017eiui ant radiatoriaus. \u0160ildomas eterinis aliejus paskleis naudingas molekules ore.<\/li>\n<li>\u012ela\u0161inkite \u012f vanden\u012f 5 la\u0161us plaudami grindis;<\/li>\n<li>Gryni eteriniai aliejai ant odos nenaudojami. Juos b\u016btina skiesti su baziniais aliejais. Masa\u017eams, \u012ftrinimams, kvepinimuisi skieskite su baziniu aliejumi (migdol\u0173, sezam\u0173, ar kt.): 10 la\u0161\u0173 eterini\u0173 aliej\u0173 mi\u0161inio \u012f 10 ml (du valgomieji \u0161auk\u0161tai) bazinio aliejaus;<\/li>\n<li>Pilkite \u012f voni\u0105, praskied\u0119 su kastilijos muilu: 5 la\u0161us eterinio aliejaus \u012f 10 ml kastilijos muilo. Nela\u0161inkite eterinio aliejaus tiesiai \u012f vanden\u012f, nes aliejai netirpsta vandenyje, bet pl\u016bduriuoja pavir\u0161iuje, tod\u0117l gali patekti tiesiai ant odos ir j\u0105 sudirginti;<\/li>\n<li>La\u0161inkite 3 la\u0161us ant dr\u0117gnos servet\u0117l\u0117s ir d\u0117kite \u012f spint\u0105 ar drabu\u017ei\u0173 d\u017eiovintuv\u0105, kad kvepinti drabu\u017eius. Kai kurie eteriniai aliejai gali i\u0161tepti baltos spalvos drabu\u017eius!<\/li>\n<\/ul>\n<p style=\"font-weight: 400;\"><strong>Kaip teisingai garinti eterinius aliejus?\u00a0<\/strong><\/p>\n<p style=\"font-weight: 400;\">Siekiant maksimalaus poveikio m\u016bs\u0173 emocijoms (pav. ma\u017einti stres\u0105, gerinti nuotaik\u0105, raminti ir pan), eterinius aliejus reikia garinti intervalais, geriausia 3-4 kartus po 15 minu\u010di\u0173 garinti elektriniame difuzoriuje, ir tarp garinim\u0173 daryti ne trumpesn\u0119 kaip 30 minu\u010di\u0173 pertrauk\u0105.\u00a0 M\u016bs\u0173 smegenys, kurios atsakingos ir u\u017e emocij\u0173 reguliavim\u0105, labai plasti\u0161kos ir linkusios prisitaikyti prie aplinkos, tad ir prie eterini\u0173 aliej\u0173 skleid\u017eiamo poveikio pripranta. Siekiant geriausio terapinio poveikio emocijoms, smegenims reikia dinamikos, kuri\u0105 ir sukuria eterini\u0173 aliej\u0173 garinimas intervalais.<\/p>\n<p style=\"font-weight: 400;\">Jei siekiate eterini\u0173 aliej\u0173 poveikio fizinei b\u016bsenai (pav. pykinimui slopinti, aplinkos orui i\u0161valyti, per\u0161alimui lengvinti), garinkite eterinius aliejus kelis kartus per dien\u0105 po 30 minu\u010di\u0173.<\/p>\n<p style=\"font-weight: 400;\"><strong>Receptas<\/strong>:<\/p>\n<p style=\"font-weight: 400;\"><i><em style=\"font-weight: inherit;\">Drusk\u0173 vonel\u0117 kojoms<\/em><\/i><\/p>\n<ul>\n<li>Negyvosios j\u016bros druska &#8211; 50 g<\/li>\n<li>Citrin\u0173 eterinis aliejus &#8211; 10 la\u0161\u0173<\/li>\n<li>Citrin\u017eoli\u0173 tikr\u0173j\u0173 eterinis aliejus \u2013 5 la\u0161ai<\/li>\n<li>Arbatmed\u017ei\u0173 eterinis aliejus &#8211; 5 la\u0161ai<\/li>\n<\/ul>\n<p style=\"font-weight: 400;\"><i><em style=\"font-weight: inherit;\">Gaminimo eiga<\/em><\/i>:<\/p>\n<ol>\n<li>Sumai\u0161ykite eterinius aliejus ir negyvosios j\u016bros drusk\u0105.<\/li>\n<li>Supilkite mi\u0161in\u012f \u012f vonel\u0119.<\/li>\n<\/ol>\n<p style=\"font-weight: 400;\"><strong>SAUGUMAS!<\/strong><\/p>\n<p style=\"font-weight: 400;\">B\u016btina skiesti. (Maksimali koncentracija naudojant ant odos &#8211; 0,7 %)<\/p>\n<p style=\"font-weight: 400;\"><i><em style=\"font-weight: inherit;\">Ne\u0161\u010diosiosioms<\/em><\/i>: poveikis n\u0117\u0161\u010diosioms n\u0117ra iki galo i\u0161tirtas, tod\u0117l prie\u0161 naudojant rekomenduojame pasikonsultuoti su gydytoju aromaterapeutu.<\/p>\n<p style=\"font-weight: 400;\"><i><em style=\"font-weight: inherit;\">Vaikams<\/em><\/i>:\u00a0Saugus naudoti vaikams nuo 2 met\u0173 laikantis maksimalios koncentracijos ant odos 0,7%<\/p>\n<p style=\"font-weight: 400;\">Vengti naudoti oksidavus\u012f citrin\u017eoli\u0173 eterin\u012f aliej\u0173, nes gali sukelti odos sudirgim\u0105.<\/p>\n<p style=\"font-weight: 400;\"><i><em style=\"font-weight: inherit;\">Aromaterapijos pagrindin\u0117 taisykl\u0117 \u2013\u00a0ma\u017eiau yra daugiau, t.y. eteriniai aliejai geriau veikia esant ma\u017eoms doz\u0117ms!<\/em><\/i><\/p>","protected":false},"excerpt":{"rendered":"<p>Grynas nat\u016bralus citrin\u017eol\u0117s (bot. Cymbopogon citratus)\u00a0eterinis aliejus &#8211; puikus pasirinkimas ie\u0161kantiems gaivaus, \u017eoli\u0161kai citrusinio \u0161varos aromato. Citrin\u017eoli\u0173 eterinis aliejus pasi\u017eymi ne tik gaiviu kvapu, bet ir vertingomis savyb\u0117mis &#8211;\u00a0 suteikia energijos, atgaivina, skatina veikti ir susikoncentruoti, o kosmetikos produktuose &#8211; tonizuoja, skaistina od\u0105. PREK\u0116S INFORMACIJA Kiekis: 5 ml Bot:\u00a0Cymbopogon citratus Kilm\u0117s \u0161alis: Indija Ekologi\u0161kas:\u00a0TAIP Chemotipas [&hellip;]<\/p>\n","protected":false},"featured_media":1671671,"comment_status":"open","ping_status":"closed","template":"","meta":{"content-type":"","_monsterinsights_skip_tracking":false,"_monsterinsights_sitenote_active":false,"_monsterinsights_sitenote_note":"","_monsterinsights_sitenote_category":0,"_uf_show_specific_survey":0,"_uf_disable_surveys":false},"product_brand":[1652],"product_cat":[1506,1511,15],"product_tag":[1507,1520,1521,1515],"class_list":{"0":"post-1671668","1":"product","2":"type-product","3":"status-publish","4":"has-post-thumbnail","6":"product_brand-biocos-kosmetika","7":"product_cat-essential-oils","8":"product_cat-essential-oils-essential-oils","9":"product_cat-all-products","10":"product_tag-biocos","11":"product_tag-citrinzoiu-eterinis-aliejus","12":"product_tag-ekologiski-aliejai","13":"product_tag-eteriniai-aliejai","15":"first","16":"instock","17":"taxable","18":"shipping-taxable","19":"purchasable","20":"product-type-simple"},"bundled_by":[],"bundle_stock_status":"instock","bundle_stock_quantity":null,"bundle_virtual":false,"bundle_layout":"","bundle_add_to_cart_form_location":"","bundle_editable_in_cart":false,"bundle_sold_individually_context":"","bundle_item_grouping":"","bundle_min_size":"","bundle_max_size":"","bundle_price":[],"bundled_items":[],"bundle_sell_ids":[],"group_of_quantity":0,"min_quantity":0,"max_quantity":"","exclude_order_quantity_value_rules":"no","exclude_category_quantity_rules":"no","combine_variations":"no","exclude_global_add_ons":[],"addons":[],"yoast_head":"<!-- This site is optimized with the Yoast SEO plugin v27.5 - https:\/\/yoast.com\/product\/yoast-seo-wordpress\/ -->\n<title>BIOCOS  Citrin\u017eol\u0117s eterinis aliejus,  ekologi\u0161kas - Greenspells<\/title>\n<meta name=\"description\" content=\"Garinamas citrin\u017eoli\u0173 eterinis aliejus ma\u017eina stres\u0105, nerim\u0105, gerina nuotaik\u0105, padeda i\u0161laikyti pozityv\u0173 m\u0105stym\u0105, padeda sutelkti d\u0117mes\u012f, ma\u017eina protin\u012f nuovarg\u012f, namuose \u0161alina nemalonius kvapus.\" \/>\n<meta name=\"robots\" content=\"index, follow, max-snippet:-1, max-image-preview:large, max-video-preview:-1\" \/>\n<link rel=\"canonical\" href=\"https:\/\/greenspells.com\/lt\/produktas\/biocos-citrinzoles-eterinis-aliejus-ekologiskas\/\" \/>\n<meta property=\"og:locale\" content=\"lt_LT\" \/>\n<meta property=\"og:type\" content=\"article\" \/>\n<meta property=\"og:title\" content=\"BIOCOS  Citrin\u017eol\u0117s eterinis aliejus,  ekologi\u0161kas - Greenspells\" \/>\n<meta property=\"og:description\" content=\"Garinamas citrin\u017eoli\u0173 eterinis aliejus ma\u017eina stres\u0105, nerim\u0105, gerina nuotaik\u0105, padeda i\u0161laikyti pozityv\u0173 m\u0105stym\u0105, padeda sutelkti d\u0117mes\u012f, ma\u017eina protin\u012f nuovarg\u012f, namuose \u0161alina nemalonius kvapus.\" \/>\n<meta property=\"og:url\" content=\"https:\/\/greenspells.com\/lt\/produktas\/biocos-citrinzoles-eterinis-aliejus-ekologiskas\/\" \/>\n<meta property=\"og:site_name\" content=\"Greenspells\" \/>\n<meta property=\"article:publisher\" content=\"https:\/\/www.facebook.com\/Greenspells\" \/>\n<meta property=\"article:modified_time\" content=\"2025-01-08T09:00:05+00:00\" \/>\n<meta property=\"og:image\" content=\"https:\/\/greenspells.com\/wp-content\/uploads\/2023\/02\/citrinzoliu-eterinis-aliejus-ekologiskas.png\" \/>\n\t<meta property=\"og:image:width\" content=\"600\" \/>\n\t<meta property=\"og:image:height\" content=\"600\" \/>\n\t<meta property=\"og:image:type\" content=\"image\/png\" \/>\n<meta name=\"twitter:card\" content=\"summary_large_image\" \/>\n<meta name=\"twitter:label1\" content=\"Est. reading time\" \/>\n\t<meta name=\"twitter:data1\" content=\"4 minut\u0117s\" \/>\n<script type=\"application\/ld+json\" class=\"yoast-schema-graph\">{\"@context\":\"https:\\\/\\\/schema.org\",\"@graph\":[{\"@type\":\"WebPage\",\"@id\":\"https:\\\/\\\/greenspells.com\\\/product\\\/biocos-citrinzoles-eterinis-aliejus-ekologiskas\\\/\",\"url\":\"https:\\\/\\\/greenspells.com\\\/product\\\/biocos-citrinzoles-eterinis-aliejus-ekologiskas\\\/\",\"name\":\"BIOCOS Citrin\u017eol\u0117s eterinis aliejus, ekologi\u0161kas - Greenspells\",\"isPartOf\":{\"@id\":\"https:\\\/\\\/greenspells.com\\\/#website\"},\"primaryImageOfPage\":{\"@id\":\"https:\\\/\\\/greenspells.com\\\/product\\\/biocos-citrinzoles-eterinis-aliejus-ekologiskas\\\/#primaryimage\"},\"image\":{\"@id\":\"https:\\\/\\\/greenspells.com\\\/product\\\/biocos-citrinzoles-eterinis-aliejus-ekologiskas\\\/#primaryimage\"},\"thumbnailUrl\":\"https:\\\/\\\/i0.wp.com\\\/greenspells.com\\\/wp-content\\\/uploads\\\/2023\\\/02\\\/citrinzoliu-eterinis-aliejus-ekologiskas.png?fit=600%2C600&ssl=1\",\"datePublished\":\"2023-02-12T15:21:13+00:00\",\"dateModified\":\"2025-01-08T09:00:05+00:00\",\"description\":\"Garinamas citrin\u017eoli\u0173 eterinis aliejus ma\u017eina stres\u0105, nerim\u0105, gerina nuotaik\u0105, padeda i\u0161laikyti pozityv\u0173 m\u0105stym\u0105, padeda sutelkti d\u0117mes\u012f, ma\u017eina protin\u012f nuovarg\u012f, namuose \u0161alina nemalonius kvapus.\",\"breadcrumb\":{\"@id\":\"https:\\\/\\\/greenspells.com\\\/product\\\/biocos-citrinzoles-eterinis-aliejus-ekologiskas\\\/#breadcrumb\"},\"inLanguage\":\"lt-LT\",\"potentialAction\":[{\"@type\":\"ReadAction\",\"target\":[\"https:\\\/\\\/greenspells.com\\\/product\\\/biocos-citrinzoles-eterinis-aliejus-ekologiskas\\\/\"]}]},{\"@type\":\"ImageObject\",\"inLanguage\":\"lt-LT\",\"@id\":\"https:\\\/\\\/greenspells.com\\\/product\\\/biocos-citrinzoles-eterinis-aliejus-ekologiskas\\\/#primaryimage\",\"url\":\"https:\\\/\\\/i0.wp.com\\\/greenspells.com\\\/wp-content\\\/uploads\\\/2023\\\/02\\\/citrinzoliu-eterinis-aliejus-ekologiskas.png?fit=600%2C600&ssl=1\",\"contentUrl\":\"https:\\\/\\\/i0.wp.com\\\/greenspells.com\\\/wp-content\\\/uploads\\\/2023\\\/02\\\/citrinzoliu-eterinis-aliejus-ekologiskas.png?fit=600%2C600&ssl=1\",\"width\":600,\"height\":600,\"caption\":\"citrinzoliu eterinis aliejus\"},{\"@type\":\"BreadcrumbList\",\"@id\":\"https:\\\/\\\/greenspells.com\\\/product\\\/biocos-citrinzoles-eterinis-aliejus-ekologiskas\\\/#breadcrumb\",\"itemListElement\":[{\"@type\":\"ListItem\",\"position\":1,\"name\":\"Home\",\"item\":\"https:\\\/\\\/greenspells.com\\\/\"},{\"@type\":\"ListItem\",\"position\":2,\"name\":\"Shop\",\"item\":\"https:\\\/\\\/greenspells.com\\\/shop\\\/\"},{\"@type\":\"ListItem\",\"position\":3,\"name\":\"BIOCOS Citrin\u017eol\u0117s eterinis aliejus, ekologi\u0161kas\"}]},{\"@type\":\"WebSite\",\"@id\":\"https:\\\/\\\/greenspells.com\\\/#website\",\"url\":\"https:\\\/\\\/greenspells.com\\\/\",\"name\":\"Greenspells\",\"description\":\"Nat\u016brali ir ekologi\u0161ka kosmetika\",\"publisher\":{\"@id\":\"https:\\\/\\\/greenspells.com\\\/#organization\"},\"potentialAction\":[{\"@type\":\"SearchAction\",\"target\":{\"@type\":\"EntryPoint\",\"urlTemplate\":\"https:\\\/\\\/greenspells.com\\\/?s={search_term_string}\"},\"query-input\":{\"@type\":\"PropertyValueSpecification\",\"valueRequired\":true,\"valueName\":\"search_term_string\"}}],\"inLanguage\":\"lt-LT\"},{\"@type\":\"Organization\",\"@id\":\"https:\\\/\\\/greenspells.com\\\/#organization\",\"name\":\"Greenspells\",\"url\":\"https:\\\/\\\/greenspells.com\\\/\",\"logo\":{\"@type\":\"ImageObject\",\"inLanguage\":\"lt-LT\",\"@id\":\"https:\\\/\\\/greenspells.com\\\/#\\\/schema\\\/logo\\\/image\\\/\",\"url\":\"https:\\\/\\\/i0.wp.com\\\/greenspells.com\\\/wp-content\\\/uploads\\\/2020\\\/09\\\/20200722_153424_0000.png?fit=1500%2C1500&ssl=1\",\"contentUrl\":\"https:\\\/\\\/i0.wp.com\\\/greenspells.com\\\/wp-content\\\/uploads\\\/2020\\\/09\\\/20200722_153424_0000.png?fit=1500%2C1500&ssl=1\",\"width\":1500,\"height\":1500,\"caption\":\"Greenspells\"},\"image\":{\"@id\":\"https:\\\/\\\/greenspells.com\\\/#\\\/schema\\\/logo\\\/image\\\/\"},\"sameAs\":[\"https:\\\/\\\/www.facebook.com\\\/Greenspells\",\"https:\\\/\\\/www.instagram.com\\\/greenspells_store\\\/\"]}]}<\/script>\n<!-- \/ Yoast SEO plugin. -->","yoast_head_json":{"title":"BIOCOS  Citrin\u017eol\u0117s eterinis aliejus,  ekologi\u0161kas - Greenspells","description":"Garinamas citrin\u017eoli\u0173 eterinis aliejus ma\u017eina stres\u0105, nerim\u0105, gerina nuotaik\u0105, padeda i\u0161laikyti pozityv\u0173 m\u0105stym\u0105, padeda sutelkti d\u0117mes\u012f, ma\u017eina protin\u012f nuovarg\u012f, namuose \u0161alina nemalonius kvapus.","robots":{"index":"index","follow":"follow","max-snippet":"max-snippet:-1","max-image-preview":"max-image-preview:large","max-video-preview":"max-video-preview:-1"},"canonical":"https:\/\/greenspells.com\/lt\/produktas\/biocos-citrinzoles-eterinis-aliejus-ekologiskas\/","og_locale":"lt_LT","og_type":"article","og_title":"BIOCOS  Citrin\u017eol\u0117s eterinis aliejus,  ekologi\u0161kas - Greenspells","og_description":"Garinamas citrin\u017eoli\u0173 eterinis aliejus ma\u017eina stres\u0105, nerim\u0105, gerina nuotaik\u0105, padeda i\u0161laikyti pozityv\u0173 m\u0105stym\u0105, padeda sutelkti d\u0117mes\u012f, ma\u017eina protin\u012f nuovarg\u012f, namuose \u0161alina nemalonius kvapus.","og_url":"https:\/\/greenspells.com\/lt\/produktas\/biocos-citrinzoles-eterinis-aliejus-ekologiskas\/","og_site_name":"Greenspells","article_publisher":"https:\/\/www.facebook.com\/Greenspells","article_modified_time":"2025-01-08T09:00:05+00:00","og_image":[{"width":600,"height":600,"url":"https:\/\/greenspells.com\/wp-content\/uploads\/2023\/02\/citrinzoliu-eterinis-aliejus-ekologiskas.png","type":"image\/png"}],"twitter_card":"summary_large_image","twitter_misc":{"Est. reading time":"4 minut\u0117s"},"schema":{"@context":"https:\/\/schema.org","@graph":[{"@type":"WebPage","@id":"https:\/\/greenspells.com\/product\/biocos-citrinzoles-eterinis-aliejus-ekologiskas\/","url":"https:\/\/greenspells.com\/product\/biocos-citrinzoles-eterinis-aliejus-ekologiskas\/","name":"BIOCOS Citrin\u017eol\u0117s eterinis aliejus, ekologi\u0161kas - Greenspells","isPartOf":{"@id":"https:\/\/greenspells.com\/#website"},"primaryImageOfPage":{"@id":"https:\/\/greenspells.com\/product\/biocos-citrinzoles-eterinis-aliejus-ekologiskas\/#primaryimage"},"image":{"@id":"https:\/\/greenspells.com\/product\/biocos-citrinzoles-eterinis-aliejus-ekologiskas\/#primaryimage"},"thumbnailUrl":"https:\/\/i0.wp.com\/greenspells.com\/wp-content\/uploads\/2023\/02\/citrinzoliu-eterinis-aliejus-ekologiskas.png?fit=600%2C600&ssl=1","datePublished":"2023-02-12T15:21:13+00:00","dateModified":"2025-01-08T09:00:05+00:00","description":"Garinamas citrin\u017eoli\u0173 eterinis aliejus ma\u017eina stres\u0105, nerim\u0105, gerina nuotaik\u0105, padeda i\u0161laikyti pozityv\u0173 m\u0105stym\u0105, padeda sutelkti d\u0117mes\u012f, ma\u017eina protin\u012f nuovarg\u012f, namuose \u0161alina nemalonius kvapus.","breadcrumb":{"@id":"https:\/\/greenspells.com\/product\/biocos-citrinzoles-eterinis-aliejus-ekologiskas\/#breadcrumb"},"inLanguage":"lt-LT","potentialAction":[{"@type":"ReadAction","target":["https:\/\/greenspells.com\/product\/biocos-citrinzoles-eterinis-aliejus-ekologiskas\/"]}]},{"@type":"ImageObject","inLanguage":"lt-LT","@id":"https:\/\/greenspells.com\/product\/biocos-citrinzoles-eterinis-aliejus-ekologiskas\/#primaryimage","url":"https:\/\/i0.wp.com\/greenspells.com\/wp-content\/uploads\/2023\/02\/citrinzoliu-eterinis-aliejus-ekologiskas.png?fit=600%2C600&ssl=1","contentUrl":"https:\/\/i0.wp.com\/greenspells.com\/wp-content\/uploads\/2023\/02\/citrinzoliu-eterinis-aliejus-ekologiskas.png?fit=600%2C600&ssl=1","width":600,"height":600,"caption":"citrinzoliu eterinis aliejus"},{"@type":"BreadcrumbList","@id":"https:\/\/greenspells.com\/product\/biocos-citrinzoles-eterinis-aliejus-ekologiskas\/#breadcrumb","itemListElement":[{"@type":"ListItem","position":1,"name":"Home","item":"https:\/\/greenspells.com\/"},{"@type":"ListItem","position":2,"name":"Shop","item":"https:\/\/greenspells.com\/shop\/"},{"@type":"ListItem","position":3,"name":"BIOCOS Citrin\u017eol\u0117s eterinis aliejus, ekologi\u0161kas"}]},{"@type":"WebSite","@id":"https:\/\/greenspells.com\/#website","url":"https:\/\/greenspells.com\/","name":"Greenspells","description":"Nat\u016brali ir ekologi\u0161ka kosmetika","publisher":{"@id":"https:\/\/greenspells.com\/#organization"},"potentialAction":[{"@type":"SearchAction","target":{"@type":"EntryPoint","urlTemplate":"https:\/\/greenspells.com\/?s={search_term_string}"},"query-input":{"@type":"PropertyValueSpecification","valueRequired":true,"valueName":"search_term_string"}}],"inLanguage":"lt-LT"},{"@type":"Organization","@id":"https:\/\/greenspells.com\/#organization","name":"Greenspells","url":"https:\/\/greenspells.com\/","logo":{"@type":"ImageObject","inLanguage":"lt-LT","@id":"https:\/\/greenspells.com\/#\/schema\/logo\/image\/","url":"https:\/\/i0.wp.com\/greenspells.com\/wp-content\/uploads\/2020\/09\/20200722_153424_0000.png?fit=1500%2C1500&ssl=1","contentUrl":"https:\/\/i0.wp.com\/greenspells.com\/wp-content\/uploads\/2020\/09\/20200722_153424_0000.png?fit=1500%2C1500&ssl=1","width":1500,"height":1500,"caption":"Greenspells"},"image":{"@id":"https:\/\/greenspells.com\/#\/schema\/logo\/image\/"},"sameAs":["https:\/\/www.facebook.com\/Greenspells","https:\/\/www.instagram.com\/greenspells_store\/"]}]}},"jetpack_likes_enabled":true,"jetpack_sharing_enabled":true,"_links":{"self":[{"href":"https:\/\/greenspells.com\/lt\/wp-json\/wp\/v2\/product\/1671668","targetHints":{"allow":["GET"]}}],"collection":[{"href":"https:\/\/greenspells.com\/lt\/wp-json\/wp\/v2\/product"}],"about":[{"href":"https:\/\/greenspells.com\/lt\/wp-json\/wp\/v2\/types\/product"}],"replies":[{"embeddable":true,"href":"https:\/\/greenspells.com\/lt\/wp-json\/wp\/v2\/comments?post=1671668"}],"wp:featuredmedia":[{"embeddable":true,"href":"https:\/\/greenspells.com\/lt\/wp-json\/wp\/v2\/media\/1671671"}],"wp:attachment":[{"href":"https:\/\/greenspells.com\/lt\/wp-json\/wp\/v2\/media?parent=1671668"}],"wp:term":[{"taxonomy":"product_brand","embeddable":true,"href":"https:\/\/greenspells.com\/lt\/wp-json\/wp\/v2\/product_brand?post=1671668"},{"taxonomy":"product_cat","embeddable":true,"href":"https:\/\/greenspells.com\/lt\/wp-json\/wp\/v2\/product_cat?post=1671668"},{"taxonomy":"product_tag","embeddable":true,"href":"https:\/\/greenspells.com\/lt\/wp-json\/wp\/v2\/product_tag?post=1671668"}],"curies":[{"name":"wp","href":"https:\/\/api.w.org\/{rel}","templated":true}]}}