{"id":1671664,"date":"2023-02-12T17:15:14","date_gmt":"2023-02-12T15:15:14","guid":{"rendered":"https:\/\/greenspells.com\/?post_type=product&#038;p=1671664"},"modified":"2025-01-08T11:00:54","modified_gmt":"2025-01-08T09:00:54","slug":"biocos-citrinu-eterinis-aliejus","status":"publish","type":"product","link":"https:\/\/greenspells.com\/lt\/produktas\/biocos-citrinu-eterinis-aliejus\/","title":{"rendered":"BIOCOS <br> Citrin\u0173 eterinis aliejus"},"content":{"rendered":"<p>Citrin\u0173 eterinis aliejus\u00a0 d\u0117l savo gaivaus, energingo klasikinio citrus\u0173 aromato yra vienas lengviausiai atpa\u017e\u012fstam\u0173 kvap\u0173 kiekvienam i\u0161 m\u016bs\u0173. \u0160is aliejus pasi\u017eymi gausa nauding\u0173j\u0173 savybi\u0173 &#8211; suteikia energijos, d\u017eiaugsmo, padeda nurimti, naudojant veido kosmetikoje &#8211; skaistina od\u0105, suteikia jai \u0161vyt\u0117jimo, namuose gali pasitarnauti kaip efektyvi priemon\u0117 nemaloniems kvapas patalpose neutralizuoti.<\/p>\n<h3 style=\"font-weight: 400;\"><strong>PREK\u0116S INFORMACIJA<\/strong><\/h3>\n<p><strong>Kiekis:<\/strong> 5 ml<\/p>\n<p style=\"font-weight: 400;\"><strong>Bot<\/strong>: Citrus limon<\/p>\n<p style=\"font-weight: 400;\"><strong>Kilm\u0117s \u0161alis<\/strong>: Italija<\/p>\n<p style=\"font-weight: 400;\"><strong>Ekologi\u0161kas<\/strong>:\u00a0NE<\/p>\n<p style=\"font-weight: 400;\"><strong>Chemotipas (pagrindiniai komponentai)<\/strong>:\u00a0limonene,\u03b2- Pinene<\/p>\n<p style=\"font-weight: 400;\"><strong>I\u0161gavimo b\u016bdas<\/strong>: \u0161alto spaudimo b\u016bdu<\/p>\n<p style=\"font-weight: 400;\"><strong>Vaisiaus dalis<\/strong>:\u00a0\u017eievel\u0117<\/p>\n<p style=\"font-weight: 400;\"><strong>Aromatas<\/strong>:\u00a0intensyvus, \u0161vie\u017eias, gaivus<\/p>\n<p style=\"font-weight: 400;\"><strong>Nata<\/strong>:\u00a0vir\u0161utin\u0117<\/p>\n<p style=\"font-weight: 400;\"><strong>Alchemija<\/strong>:\u00a0dera su\u00a0bergamo\u010di\u0173\u00a0ir kit\u0173 citrus\u0173 aliejais, juod\u0173j\u0173 pipir\u0173, kardamono,\u00a0\u0161vitr\u016bn\u0173 (labdano),\u00a0eukalipt\u0173,\u00a0frankincenso,\u00a0pelargonij\u0173,\u00a0levand\u0173,\u00a0\u00a0nerolio,\u00a0pa\u010diuli\u0173,\u00a0rozmarin\u0173,\u00a0santal\u0173.<\/p>\n<p style=\"font-weight: 400;\">Citrinmedis, manoma, kil\u0119s i\u0161 \u0161iaur\u0117s ryt\u0173 Indijos. Atlikti genetiniai tyrimai rodo, jog citrinmedis prad\u0117tas auginti sukry\u017eminus aitriojo apelsino (Citrus aurantium) ir citrono (Citrus medica)\u00a0 med\u017eius. Europoje citrina prad\u0117ta auginti pietin\u0117s Italijos regione jau II a., kiek v\u0117liau paplito Persijoje, Irake ir Egipte. Citrina senov\u0117je buvo pripa\u017einta kaip \u201csveikatos vaisius\u201d o i\u0161 citrinos \u017eieveli\u0173 i\u0161gautas eterinis aliejus buvo pla\u010diai naudojamas tuometin\u0117se ind\u0173, egiptie\u010di\u0173 ir rom\u0117n\u0173 tradicini\u0173 medicin\u0173 sistemose. \u0160iuolaikiniame, moderniame pasaulyje citrina sutinkama bema\u017e visur &#8211; virtuv\u0117je gaminant, higienos priemon\u0117se, nam\u0173 \u0161varos produktuose, o jos aliejus &#8211; veido, k\u016bno ir plauk\u0173 kosmetikoje, taip pat ir parfumerijoje.<\/p>\n<p style=\"font-weight: 400;\"><strong>R\u016b\u0161iavimo informacija<\/strong>:<\/p>\n<ul>\n<li>Buteliukas \u2013 stiklas<\/li>\n<li>Kam\u0161telis, la\u0161intuvas \u2013 plastikas<\/li>\n<li>Etiket\u0117 \u2013 plastikas PVC<\/li>\n<\/ul>\n<p style=\"font-weight: 400;\"><strong>Chemin\u0117 analiz\u0117<\/strong>:<\/p>\n<p style=\"font-weight: 400;\">Limonene,\u03b2- Pinene<\/p>\n<p style=\"font-weight: 400;\"><strong>Kosmetin\u0117s savyb\u0117s<\/strong>:<\/p>\n<ul>\n<li>veikia prevenci\u0161kai prie\u0161 spuogus, ta\u010diau, yra fototoksi\u0161kas, tad ant odos galima naudoti tik itin ma\u017eas koncentracijas<\/li>\n<li>stangrina, atgaivina, skaistina, balina od\u0105, suteikia jai \u0161vyt\u0117jimo, naudojamas ilgesn\u012f laik\u0105 balina strazdanas, ma\u017eina pigmentacij\u0105<\/li>\n<li>tinkamas riebiai odai, nes ma\u017eina riebal\u0173 i\u0161siskyrim\u0105<\/li>\n<li>naudojamas burnos skalavimui, nes dezodoruoja, padeda palaikyti sveikas dantenas (la\u0161inti \u012f vanden\u012f 2 la\u0161iukus).<\/li>\n<\/ul>\n<p style=\"font-weight: 400;\"><strong>Aromaterapin\u0117s savyb\u0117s<\/strong>:<\/p>\n<ul>\n<li>ma\u017eina stres\u0105, nerim\u0105, nervin\u0119 \u012ftamp\u0105<\/li>\n<li>suteikia energijos ir d\u017eiaugsmo, optimizmo<\/li>\n<li>padeda susikoncentruoti<\/li>\n<li>suaktyvina apsaugines organizmo funkcijas, rekomenduojama garinti difuzoriuose kei\u010diantis sezonams<\/li>\n<li>padeda atstatyti organizmo r\u016bg\u0161\u010di\u0173 ir \u0161arm\u0173 pusiausvyr\u0105: 1 litras vandens su la\u0161eliu eterinio aliejaus per dien\u0105<\/li>\n<li>naudojant namuose &#8211; \u0161alina nemalonius kvapus, gaivina erdves, dezinfekuoja pavir\u0161ius<\/li>\n<\/ul>\n<p style=\"font-weight: 400;\"><strong>Parfumerin\u0117s savyb\u0117s<\/strong>:<\/p>\n<ul>\n<li>citrinos kvapas itin gaivus, \u0161viesus, r\u016bg\u0161\u010diai a\u0161trokas, kaip ir b\u016bdinga \u0161iam vaisiui<\/li>\n<li>puikiai dera ir su kitais citrusais &#8211; laim\u0173, apelsin\u0173 ar greipfrut\u0173 eteriniais aliejais<\/li>\n<li>kvepaluose da\u017eniausiai naudojamas kaip vir\u0161utin\u0117 nata, kuri gali fantasti\u0161kai su\u017eadinti, pabudinti uosl\u0119 nuo pat pirmo \u012fkv\u0117pimo. Nors citrinos nata nugaruoja gana greitai (kaip ir dauguma vir\u0161utini\u0173 nat\u0173), ta\u010diau ji palieka nei\u0161dildoma \u012fsp\u016bd\u012f ir pakyl\u0117jimo jausm\u0105.<\/li>\n<\/ul>\n<p style=\"font-weight: 400;\"><strong>Gyv\u016bnams<\/strong>:<\/p>\n<p style=\"font-weight: 400;\">Citrin\u0173 eterinis aliejus gyv\u016bnams gali pad\u0117ti nusiraminti, \u012fveikti neigiamas emocijas ir nerim\u0105. Puikiai dezodoruoja ir valo patalp\u0173, kuriose gyvena gyv\u016bnai, or\u0105. Fototoksi\u0161kas, tad ant odos geriau nevartoti.<\/p>\n<p style=\"font-weight: 400;\"><i><em style=\"font-weight: inherit;\">D\u0117l teis\u0117s akt\u0173 reikalavim\u0173 negalime \u010dia apra\u0161yti vis\u0173 eterinio aliejaus terapini\u0173 savybi\u0173.<\/em><\/i><\/p>\n<p style=\"font-weight: 400;\"><strong>Naudojimas<\/strong>:<\/p>\n<ul>\n<li>3-5 la\u0161us paskleiskite ore garintuvu (difuzoriumi);<\/li>\n<li>U\u017ela\u0161inkite ant servet\u0117l\u0117s ir pad\u0117kite \u0161iltoje vietoje, pavyzd\u017eiui ant radiatoriaus. \u0160ildomas eterinis aliejus paskleis naudingas molekules ore;<\/li>\n<li>\u012ela\u0161inkite \u012f vanden\u012f 5 la\u0161us plaudami grindis;<\/li>\n<li>Gryni eteriniai aliejai ant odos nenaudojami. Juos b\u016btina skiesti su baziniais aliejais. Masa\u017eams, \u012ftrinimams, kvepinimuisi skieskite su baziniu aliejumi (migdol\u0173, sezam\u0173, ar kt.): 10 la\u0161\u0173 mi\u0161inio \u012f 10 ml (du valgomieji \u0161auk\u0161tai) bazinio aliejaus;<\/li>\n<li>Pilkite \u012f voni\u0105, praskied\u0119 su kastilijos muilu: 10 la\u0161\u0173 eterinio aliejaus \u012f 10 ml kastilijos muilo. Nela\u0161inkite eterinio aliejaus tiesiai \u012f vanden\u012f, nes aliejai netirpsta vandenyje, bet pl\u016bduriuoja pavir\u0161iuje, tod\u0117l gali patekti tiesiai ant odos ir j\u0105 sudirginti;<\/li>\n<li>La\u0161inkite 3 la\u0161us ant dr\u0117gnos servet\u0117l\u0117s ir d\u0117kite \u012f spint\u0105 ar drabu\u017ei\u0173 d\u017eiovintuv\u0105, kad kvepinti drabu\u017eius. Kai kurie eteriniai aliejai gali i\u0161tepti baltos spalvos drabu\u017eius!<\/li>\n<li>Naudokite inhaliacijoms: la\u0161inkite 3-4 la\u0161us \u012f kar\u0161t\u0105 vanden\u012f ir kv\u0117puokite jo garais arba la\u0161inkite \u012f asmenin\u012f inhaliatori\u0173.<\/li>\n<li>Tur\u0117kite po ranka eterinio aliejaus buteliuk\u0105 ir nu\u0117m\u0119 la\u0161intuv\u0105 \u012fkv\u0117pkite 2-3 kartus.<\/li>\n<\/ul>\n<p style=\"font-weight: 400;\"><strong>Kaip teisingai garinti eterinius aliejus?\u00a0<\/strong><\/p>\n<p style=\"font-weight: 400;\">Siekiant maksimalaus poveikio m\u016bs\u0173 emocijoms (pav. ma\u017einti stres\u0105, gerinti nuotaik\u0105, raminti ir pan), eterinius aliejus reikia garinti intervalais, geriausia 3-4 kartus po 15 minu\u010di\u0173 garinti elektriniame difuzoriuje, ir tarp garinim\u0173 daryti ne trumpesn\u0119 kaip 30 minu\u010di\u0173 pertrauk\u0105.\u00a0 M\u016bs\u0173 smegenys, kurios atsakingos ir u\u017e emocij\u0173 reguliavim\u0105, labai plasti\u0161kos ir linkusios prisitaikyti prie aplinkos, tad ir prie eterini\u0173 aliej\u0173 skleid\u017eiamo poveikio pripranta. Siekiant geriausio terapinio poveikio emocijoms, smegenims reikia dinamikos, kuri\u0105 ir sukuria eterini\u0173 aliej\u0173 garinimas intervalais.<\/p>\n<p style=\"font-weight: 400;\">Jei siekiate eterini\u0173 aliej\u0173 poveikio fizinei b\u016bsenai (pav. pykinimui slopinti, aplinkos orui i\u0161valyti, per\u0161alimui lengvinti), garinkite eterinius aliejus kelis kartus per dien\u0105 po 30 minu\u010di\u0173.<\/p>\n<p style=\"font-weight: 400;\"><strong>Receptas<\/strong>:<\/p>\n<p style=\"font-weight: 400;\"><i><em style=\"font-weight: inherit;\">Laiming\u0173 nam\u0173 kvapas:<\/em><\/i><\/p>\n<p style=\"font-weight: 400;\"><i><em style=\"font-weight: inherit;\">JUMS REIK\u0116S<\/em><\/i>:<\/p>\n<ul>\n<li>Buteliuko su purk\u0161tuku, rekomenduojame stiklin\u012f, nes jis geriau i\u0161laiko kvap\u0105.<\/li>\n<li>Poros \u0161auk\u0161t\u0173 alkoholio (spirito ar parfumerinio alkoholio) &#8211;\u00a0 jis pad\u0117s eteriniams aliejams susimai\u0161yti su vandeniu, o papurk\u0161tas gaiviklis grei\u010diau i\u0161d\u017eius.<\/li>\n<li>Vandens.<\/li>\n<li>8 la\u0161ai levand\u0173 eterinio aliejaus<\/li>\n<li>8 la\u0161ai\u00a0citrin\u0173 eterinio aliejaus<\/li>\n<li>8 la\u0161ai\u00a0rozmarin\u0173 eterinio aliejaus<\/li>\n<\/ul>\n<p style=\"font-weight: 400;\"><i><em style=\"font-weight: inherit;\">GAMINIMO EIGA<\/em><\/i>:<\/p>\n<ul>\n<li>\u012e tu\u0161\u010di\u0105 stiklin\u012f buteliuk\u0105 \u012fpilkite ma\u017edaug du \u0161auk\u0161tus alkohol\u012fo;<\/li>\n<li>\u012ela\u0161inkite apie 20-30 la\u0161\u0173 eterini\u0173 aliej\u0173 ir gerai i\u0161mai\u0161ykite.<\/li>\n<li>Pripildykite buteliuk\u0105 vandens.<\/li>\n<\/ul>\n<p style=\"font-weight: 400;\"><strong>SAUGUMAS!<\/strong><\/p>\n<p style=\"font-weight: 400;\">B\u016btina skiesti. (Maksimali koncentracija veido kosmetikai &#8211; 1.5%, k\u016bno masa\u017eui &#8211; 3%, vonioms &#8211; 4%).<\/p>\n<p style=\"font-weight: 400;\">Fototoksi\u0161kas.<\/p>\n<p style=\"font-weight: 400;\"><i><em style=\"font-weight: inherit;\">Ne\u0161\u010diosiosioms<\/em><\/i>: poveikis n\u0117\u0161\u010diosioms n\u0117ra iki galo i\u0161tirtas, tod\u0117l prie\u0161 naudojant rekomenduojame pasikonsultuoti su gydytoju aromaterapeutu.<\/p>\n<p style=\"font-weight: 400;\"><i><em style=\"font-weight: inherit;\">Vaikams<\/em><\/i>:\u00a0saugus naudoti vaikams nuo 2 met\u0173\u00a0am\u017eiaus.<\/p>\n<p style=\"font-weight: 400;\">Vengti naudoti oksidavus\u012f eterin\u012f citrin\u0173 aliej\u0173, nes gali sukelti odos sudirgim\u0105.<\/p>\n<p style=\"font-weight: 400;\">Jei eterinis aliejus sudirgint\u0173 od\u0105, j\u0105 b\u016btina valyti bet kokiu baziniu aliejumi, kur\u012f turite po ranka (alyvuogi\u0173, saul\u0117gra\u017e\u0173 ar kt.). Nenaudokite vandens eteriniams aliejams nuplauti, nes vanduo dar giliau perne\u0161 eterinius aliejus \u012f od\u0105 ir tik sustiprins sudirginim\u0105.<\/p>\n<p style=\"font-weight: 400;\">Siekiant i\u0161saugoti vertingas eterini\u0173 aliej\u0173 savybes, eterinius aliejus ir j\u0173 mi\u0161inius reik\u0117t\u0173 laikyti tamsioje v\u0117sioje vietoje.<\/p>\n<p style=\"font-weight: 400;\"><strong><i><em style=\"font-weight: inherit;\">Aromaterapijos pagrindin\u0117 taisykl\u0117 \u2013 ma\u017eiau yra daugiau<\/em><\/i><\/strong><i><em style=\"font-weight: inherit;\">, t.y. eteriniai aliejai geriau veikia esant ma\u017eoms doz\u0117ms.<\/em><\/i><\/p>","protected":false},"excerpt":{"rendered":"<p>Citrin\u0173 eterinis aliejus\u00a0 d\u0117l savo gaivaus, energingo klasikinio citrus\u0173 aromato yra vienas lengviausiai atpa\u017e\u012fstam\u0173 kvap\u0173 kiekvienam i\u0161 m\u016bs\u0173. \u0160is aliejus pasi\u017eymi gausa nauding\u0173j\u0173 savybi\u0173 &#8211; suteikia energijos, d\u017eiaugsmo, padeda nurimti, naudojant veido kosmetikoje &#8211; skaistina od\u0105, suteikia jai \u0161vyt\u0117jimo, namuose gali pasitarnauti kaip efektyvi priemon\u0117 nemaloniems kvapas patalpose neutralizuoti. PREK\u0116S INFORMACIJA Kiekis: 5 ml Bot: [&hellip;]<\/p>\n","protected":false},"featured_media":1671667,"comment_status":"open","ping_status":"closed","template":"","meta":{"content-type":"","_monsterinsights_skip_tracking":false,"_monsterinsights_sitenote_active":false,"_monsterinsights_sitenote_note":"","_monsterinsights_sitenote_category":0,"_uf_show_specific_survey":0,"_uf_disable_surveys":false},"product_brand":[1652],"product_cat":[1506,1511,15],"product_tag":[1507,1519,1515],"class_list":{"0":"post-1671664","1":"product","2":"type-product","3":"status-publish","4":"has-post-thumbnail","6":"product_brand-biocos-kosmetika","7":"product_cat-essential-oils","8":"product_cat-essential-oils-essential-oils","9":"product_cat-all-products","10":"product_tag-biocos","11":"product_tag-citrinu-eterinis-aliejus","12":"product_tag-eteriniai-aliejai","14":"first","15":"instock","16":"taxable","17":"shipping-taxable","18":"purchasable","19":"product-type-simple"},"bundled_by":[],"bundle_stock_status":"instock","bundle_stock_quantity":null,"bundle_virtual":false,"bundle_layout":"","bundle_add_to_cart_form_location":"","bundle_editable_in_cart":false,"bundle_sold_individually_context":"","bundle_item_grouping":"","bundle_min_size":"","bundle_max_size":"","bundle_price":[],"bundled_items":[],"bundle_sell_ids":[],"group_of_quantity":0,"min_quantity":0,"max_quantity":"","exclude_order_quantity_value_rules":"no","exclude_category_quantity_rules":"no","combine_variations":"no","exclude_global_add_ons":[],"addons":[],"yoast_head":"<!-- This site is optimized with the Yoast SEO plugin v27.5 - https:\/\/yoast.com\/product\/yoast-seo-wordpress\/ -->\n<title>BIOCOS  Citrin\u0173 eterinis aliejus - Greenspells<\/title>\n<meta name=\"description\" content=\"Citrin\u0173 eterinis aliejus d\u0117l savo gaivaus, energingo klasikinio citrus\u0173 aromato yra vienas lengviausiai atpa\u017e\u012fstam\u0173 kvap\u0173 kiekvienam i\u0161 m\u016bs\u0173\" \/>\n<meta name=\"robots\" content=\"index, follow, max-snippet:-1, max-image-preview:large, max-video-preview:-1\" \/>\n<link rel=\"canonical\" href=\"https:\/\/greenspells.com\/lt\/produktas\/biocos-citrinu-eterinis-aliejus\/\" \/>\n<meta property=\"og:locale\" content=\"lt_LT\" \/>\n<meta property=\"og:type\" content=\"article\" \/>\n<meta property=\"og:title\" content=\"BIOCOS  Citrin\u0173 eterinis aliejus - Greenspells\" \/>\n<meta property=\"og:description\" content=\"Citrin\u0173 eterinis aliejus d\u0117l savo gaivaus, energingo klasikinio citrus\u0173 aromato yra vienas lengviausiai atpa\u017e\u012fstam\u0173 kvap\u0173 kiekvienam i\u0161 m\u016bs\u0173\" \/>\n<meta property=\"og:url\" content=\"https:\/\/greenspells.com\/lt\/produktas\/biocos-citrinu-eterinis-aliejus\/\" \/>\n<meta property=\"og:site_name\" content=\"Greenspells\" \/>\n<meta property=\"article:publisher\" content=\"https:\/\/www.facebook.com\/Greenspells\" \/>\n<meta property=\"article:modified_time\" content=\"2025-01-08T09:00:54+00:00\" \/>\n<meta property=\"og:image\" content=\"https:\/\/greenspells.com\/wp-content\/uploads\/2023\/02\/citrinu-eterinis-aliejus.png\" \/>\n\t<meta property=\"og:image:width\" content=\"600\" \/>\n\t<meta property=\"og:image:height\" content=\"600\" \/>\n\t<meta property=\"og:image:type\" content=\"image\/png\" \/>\n<meta name=\"twitter:card\" content=\"summary_large_image\" \/>\n<meta name=\"twitter:label1\" content=\"Est. reading time\" \/>\n\t<meta name=\"twitter:data1\" content=\"4 minut\u0117s\" \/>\n<script type=\"application\/ld+json\" class=\"yoast-schema-graph\">{\"@context\":\"https:\\\/\\\/schema.org\",\"@graph\":[{\"@type\":\"WebPage\",\"@id\":\"https:\\\/\\\/greenspells.com\\\/product\\\/biocos-citrinu-eterinis-aliejus\\\/\",\"url\":\"https:\\\/\\\/greenspells.com\\\/product\\\/biocos-citrinu-eterinis-aliejus\\\/\",\"name\":\"BIOCOS Citrin\u0173 eterinis aliejus - Greenspells\",\"isPartOf\":{\"@id\":\"https:\\\/\\\/greenspells.com\\\/#website\"},\"primaryImageOfPage\":{\"@id\":\"https:\\\/\\\/greenspells.com\\\/product\\\/biocos-citrinu-eterinis-aliejus\\\/#primaryimage\"},\"image\":{\"@id\":\"https:\\\/\\\/greenspells.com\\\/product\\\/biocos-citrinu-eterinis-aliejus\\\/#primaryimage\"},\"thumbnailUrl\":\"https:\\\/\\\/i0.wp.com\\\/greenspells.com\\\/wp-content\\\/uploads\\\/2023\\\/02\\\/citrinu-eterinis-aliejus.png?fit=600%2C600&ssl=1\",\"datePublished\":\"2023-02-12T15:15:14+00:00\",\"dateModified\":\"2025-01-08T09:00:54+00:00\",\"description\":\"Citrin\u0173 eterinis aliejus d\u0117l savo gaivaus, energingo klasikinio citrus\u0173 aromato yra vienas lengviausiai atpa\u017e\u012fstam\u0173 kvap\u0173 kiekvienam i\u0161 m\u016bs\u0173\",\"breadcrumb\":{\"@id\":\"https:\\\/\\\/greenspells.com\\\/product\\\/biocos-citrinu-eterinis-aliejus\\\/#breadcrumb\"},\"inLanguage\":\"lt-LT\",\"potentialAction\":[{\"@type\":\"ReadAction\",\"target\":[\"https:\\\/\\\/greenspells.com\\\/product\\\/biocos-citrinu-eterinis-aliejus\\\/\"]}]},{\"@type\":\"ImageObject\",\"inLanguage\":\"lt-LT\",\"@id\":\"https:\\\/\\\/greenspells.com\\\/product\\\/biocos-citrinu-eterinis-aliejus\\\/#primaryimage\",\"url\":\"https:\\\/\\\/i0.wp.com\\\/greenspells.com\\\/wp-content\\\/uploads\\\/2023\\\/02\\\/citrinu-eterinis-aliejus.png?fit=600%2C600&ssl=1\",\"contentUrl\":\"https:\\\/\\\/i0.wp.com\\\/greenspells.com\\\/wp-content\\\/uploads\\\/2023\\\/02\\\/citrinu-eterinis-aliejus.png?fit=600%2C600&ssl=1\",\"width\":600,\"height\":600,\"caption\":\"citrinu eterinis aliejus\"},{\"@type\":\"BreadcrumbList\",\"@id\":\"https:\\\/\\\/greenspells.com\\\/product\\\/biocos-citrinu-eterinis-aliejus\\\/#breadcrumb\",\"itemListElement\":[{\"@type\":\"ListItem\",\"position\":1,\"name\":\"Home\",\"item\":\"https:\\\/\\\/greenspells.com\\\/\"},{\"@type\":\"ListItem\",\"position\":2,\"name\":\"Shop\",\"item\":\"https:\\\/\\\/greenspells.com\\\/shop\\\/\"},{\"@type\":\"ListItem\",\"position\":3,\"name\":\"BIOCOS Citrin\u0173 eterinis aliejus\"}]},{\"@type\":\"WebSite\",\"@id\":\"https:\\\/\\\/greenspells.com\\\/#website\",\"url\":\"https:\\\/\\\/greenspells.com\\\/\",\"name\":\"Greenspells\",\"description\":\"Nat\u016brali ir ekologi\u0161ka kosmetika\",\"publisher\":{\"@id\":\"https:\\\/\\\/greenspells.com\\\/#organization\"},\"potentialAction\":[{\"@type\":\"SearchAction\",\"target\":{\"@type\":\"EntryPoint\",\"urlTemplate\":\"https:\\\/\\\/greenspells.com\\\/?s={search_term_string}\"},\"query-input\":{\"@type\":\"PropertyValueSpecification\",\"valueRequired\":true,\"valueName\":\"search_term_string\"}}],\"inLanguage\":\"lt-LT\"},{\"@type\":\"Organization\",\"@id\":\"https:\\\/\\\/greenspells.com\\\/#organization\",\"name\":\"Greenspells\",\"url\":\"https:\\\/\\\/greenspells.com\\\/\",\"logo\":{\"@type\":\"ImageObject\",\"inLanguage\":\"lt-LT\",\"@id\":\"https:\\\/\\\/greenspells.com\\\/#\\\/schema\\\/logo\\\/image\\\/\",\"url\":\"https:\\\/\\\/i0.wp.com\\\/greenspells.com\\\/wp-content\\\/uploads\\\/2020\\\/09\\\/20200722_153424_0000.png?fit=1500%2C1500&ssl=1\",\"contentUrl\":\"https:\\\/\\\/i0.wp.com\\\/greenspells.com\\\/wp-content\\\/uploads\\\/2020\\\/09\\\/20200722_153424_0000.png?fit=1500%2C1500&ssl=1\",\"width\":1500,\"height\":1500,\"caption\":\"Greenspells\"},\"image\":{\"@id\":\"https:\\\/\\\/greenspells.com\\\/#\\\/schema\\\/logo\\\/image\\\/\"},\"sameAs\":[\"https:\\\/\\\/www.facebook.com\\\/Greenspells\",\"https:\\\/\\\/www.instagram.com\\\/greenspells_store\\\/\"]}]}<\/script>\n<!-- \/ Yoast SEO plugin. -->","yoast_head_json":{"title":"BIOCOS  Citrin\u0173 eterinis aliejus - Greenspells","description":"Citrin\u0173 eterinis aliejus d\u0117l savo gaivaus, energingo klasikinio citrus\u0173 aromato yra vienas lengviausiai atpa\u017e\u012fstam\u0173 kvap\u0173 kiekvienam i\u0161 m\u016bs\u0173","robots":{"index":"index","follow":"follow","max-snippet":"max-snippet:-1","max-image-preview":"max-image-preview:large","max-video-preview":"max-video-preview:-1"},"canonical":"https:\/\/greenspells.com\/lt\/produktas\/biocos-citrinu-eterinis-aliejus\/","og_locale":"lt_LT","og_type":"article","og_title":"BIOCOS  Citrin\u0173 eterinis aliejus - Greenspells","og_description":"Citrin\u0173 eterinis aliejus d\u0117l savo gaivaus, energingo klasikinio citrus\u0173 aromato yra vienas lengviausiai atpa\u017e\u012fstam\u0173 kvap\u0173 kiekvienam i\u0161 m\u016bs\u0173","og_url":"https:\/\/greenspells.com\/lt\/produktas\/biocos-citrinu-eterinis-aliejus\/","og_site_name":"Greenspells","article_publisher":"https:\/\/www.facebook.com\/Greenspells","article_modified_time":"2025-01-08T09:00:54+00:00","og_image":[{"width":600,"height":600,"url":"https:\/\/greenspells.com\/wp-content\/uploads\/2023\/02\/citrinu-eterinis-aliejus.png","type":"image\/png"}],"twitter_card":"summary_large_image","twitter_misc":{"Est. reading time":"4 minut\u0117s"},"schema":{"@context":"https:\/\/schema.org","@graph":[{"@type":"WebPage","@id":"https:\/\/greenspells.com\/product\/biocos-citrinu-eterinis-aliejus\/","url":"https:\/\/greenspells.com\/product\/biocos-citrinu-eterinis-aliejus\/","name":"BIOCOS Citrin\u0173 eterinis aliejus - Greenspells","isPartOf":{"@id":"https:\/\/greenspells.com\/#website"},"primaryImageOfPage":{"@id":"https:\/\/greenspells.com\/product\/biocos-citrinu-eterinis-aliejus\/#primaryimage"},"image":{"@id":"https:\/\/greenspells.com\/product\/biocos-citrinu-eterinis-aliejus\/#primaryimage"},"thumbnailUrl":"https:\/\/i0.wp.com\/greenspells.com\/wp-content\/uploads\/2023\/02\/citrinu-eterinis-aliejus.png?fit=600%2C600&ssl=1","datePublished":"2023-02-12T15:15:14+00:00","dateModified":"2025-01-08T09:00:54+00:00","description":"Citrin\u0173 eterinis aliejus d\u0117l savo gaivaus, energingo klasikinio citrus\u0173 aromato yra vienas lengviausiai atpa\u017e\u012fstam\u0173 kvap\u0173 kiekvienam i\u0161 m\u016bs\u0173","breadcrumb":{"@id":"https:\/\/greenspells.com\/product\/biocos-citrinu-eterinis-aliejus\/#breadcrumb"},"inLanguage":"lt-LT","potentialAction":[{"@type":"ReadAction","target":["https:\/\/greenspells.com\/product\/biocos-citrinu-eterinis-aliejus\/"]}]},{"@type":"ImageObject","inLanguage":"lt-LT","@id":"https:\/\/greenspells.com\/product\/biocos-citrinu-eterinis-aliejus\/#primaryimage","url":"https:\/\/i0.wp.com\/greenspells.com\/wp-content\/uploads\/2023\/02\/citrinu-eterinis-aliejus.png?fit=600%2C600&ssl=1","contentUrl":"https:\/\/i0.wp.com\/greenspells.com\/wp-content\/uploads\/2023\/02\/citrinu-eterinis-aliejus.png?fit=600%2C600&ssl=1","width":600,"height":600,"caption":"citrinu eterinis aliejus"},{"@type":"BreadcrumbList","@id":"https:\/\/greenspells.com\/product\/biocos-citrinu-eterinis-aliejus\/#breadcrumb","itemListElement":[{"@type":"ListItem","position":1,"name":"Home","item":"https:\/\/greenspells.com\/"},{"@type":"ListItem","position":2,"name":"Shop","item":"https:\/\/greenspells.com\/shop\/"},{"@type":"ListItem","position":3,"name":"BIOCOS Citrin\u0173 eterinis aliejus"}]},{"@type":"WebSite","@id":"https:\/\/greenspells.com\/#website","url":"https:\/\/greenspells.com\/","name":"Greenspells","description":"Nat\u016brali ir ekologi\u0161ka kosmetika","publisher":{"@id":"https:\/\/greenspells.com\/#organization"},"potentialAction":[{"@type":"SearchAction","target":{"@type":"EntryPoint","urlTemplate":"https:\/\/greenspells.com\/?s={search_term_string}"},"query-input":{"@type":"PropertyValueSpecification","valueRequired":true,"valueName":"search_term_string"}}],"inLanguage":"lt-LT"},{"@type":"Organization","@id":"https:\/\/greenspells.com\/#organization","name":"Greenspells","url":"https:\/\/greenspells.com\/","logo":{"@type":"ImageObject","inLanguage":"lt-LT","@id":"https:\/\/greenspells.com\/#\/schema\/logo\/image\/","url":"https:\/\/i0.wp.com\/greenspells.com\/wp-content\/uploads\/2020\/09\/20200722_153424_0000.png?fit=1500%2C1500&ssl=1","contentUrl":"https:\/\/i0.wp.com\/greenspells.com\/wp-content\/uploads\/2020\/09\/20200722_153424_0000.png?fit=1500%2C1500&ssl=1","width":1500,"height":1500,"caption":"Greenspells"},"image":{"@id":"https:\/\/greenspells.com\/#\/schema\/logo\/image\/"},"sameAs":["https:\/\/www.facebook.com\/Greenspells","https:\/\/www.instagram.com\/greenspells_store\/"]}]}},"jetpack_likes_enabled":true,"jetpack_sharing_enabled":true,"_links":{"self":[{"href":"https:\/\/greenspells.com\/lt\/wp-json\/wp\/v2\/product\/1671664","targetHints":{"allow":["GET"]}}],"collection":[{"href":"https:\/\/greenspells.com\/lt\/wp-json\/wp\/v2\/product"}],"about":[{"href":"https:\/\/greenspells.com\/lt\/wp-json\/wp\/v2\/types\/product"}],"replies":[{"embeddable":true,"href":"https:\/\/greenspells.com\/lt\/wp-json\/wp\/v2\/comments?post=1671664"}],"wp:featuredmedia":[{"embeddable":true,"href":"https:\/\/greenspells.com\/lt\/wp-json\/wp\/v2\/media\/1671667"}],"wp:attachment":[{"href":"https:\/\/greenspells.com\/lt\/wp-json\/wp\/v2\/media?parent=1671664"}],"wp:term":[{"taxonomy":"product_brand","embeddable":true,"href":"https:\/\/greenspells.com\/lt\/wp-json\/wp\/v2\/product_brand?post=1671664"},{"taxonomy":"product_cat","embeddable":true,"href":"https:\/\/greenspells.com\/lt\/wp-json\/wp\/v2\/product_cat?post=1671664"},{"taxonomy":"product_tag","embeddable":true,"href":"https:\/\/greenspells.com\/lt\/wp-json\/wp\/v2\/product_tag?post=1671664"}],"curies":[{"name":"wp","href":"https:\/\/api.w.org\/{rel}","templated":true}]}}