{"id":1671661,"date":"2023-02-12T17:09:38","date_gmt":"2023-02-12T15:09:38","guid":{"rendered":"https:\/\/greenspells.com\/?post_type=product&#038;p=1671661"},"modified":"2025-01-08T11:01:19","modified_gmt":"2025-01-08T09:01:19","slug":"biocos-bergamociu-eterinis-aliejus","status":"publish","type":"product","link":"https:\/\/greenspells.com\/lt\/produktas\/biocos-bergamociu-eterinis-aliejus\/","title":{"rendered":"BIOCOS <br> Bergamo\u010di\u0173 eterinis aliejus"},"content":{"rendered":"<p>Bergamo\u010di\u0173 (Bot. Citrus bergamia) eterinio aliejaus aromatas &#8211; itin populiarus ir m\u0117giamas. Bergamo\u010di\u0173 eterinis aliejus padeda \u012fveikti neigiamas emocines b\u016bsenas &#8211;\u00a0 stres\u0105, baim\u0119, \u012ftamp\u0105, susir\u016bpinim\u0105, be to skatina ger\u0105 nuotaik\u0105, stiprina dvasi\u0105. Bergamo\u010di\u0173 eterinis aliejus tinkamas garinti patalpose, kur b\u0117gioja vaikai, ar miegamajame prie\u0161 mieg\u0105.<\/p>\n<h3 class=\"product-information-heading\"><strong>PREK\u0116S INFORMACIJA<\/strong><\/h3>\n<p><strong>Kiekis<\/strong>: 5 ml<\/p>\n<div class=\"row\">\n<div class=\"col-xs-12 col-md-6\">\n<div class=\"rte\">\n<p dir=\"ltr\"><strong>Bot<\/strong>:\u00a0Citrus Bergamia<\/p>\n<p dir=\"ltr\"><strong>Kilm\u0117s \u0161alis<\/strong>:\u00a0Italija<\/p>\n<p dir=\"ltr\"><strong>Sertifikatai<\/strong>:\u00a0neekologi\u0161kas<\/p>\n<p dir=\"ltr\"><strong>Chemotipas (pagrindiniai komponentai)<\/strong>:\u00a0Limonene, Linalyl acetate, Linalool<\/p>\n<p dir=\"ltr\"><strong>I\u0161gavimo b\u016bdas<\/strong>: \u0161alto spaudimo<\/p>\n<p dir=\"ltr\"><strong>Augalo dalis<\/strong>:\u00a0\u017eievel\u0117s<\/p>\n<p dir=\"ltr\"><strong>Aromatas<\/strong>:\u00a0\u0161velnus citrusinis<\/p>\n<p dir=\"ltr\"><strong>Nata<\/strong>:\u00a0vir\u0161utin\u0117<\/p>\n<p dir=\"ltr\"><strong>Alchemija<\/strong>:\u00a0bergamo\u010di\u0173 eterinis aliejus dera su kvapi\u0173j\u0173 \u0161alavij\u0173, frankincenso, mandarin\u0173, jazmin\u0173, juod\u0173j\u0173 pipir\u0173, kiparis\u0173, pelargonij\u0173, sandalmed\u017eio, apelsin\u0173, rozmarin\u0173, vetiverij\u0173, ylang ylang eteriniais aliejais.<\/p>\n<p dir=\"ltr\">Tradicinis bergamo\u010di\u0173 eterinis aliejus padidina odos jautrum\u0105 \u0161viesai, tad maksimali koncentracija priemon\u0117se, naudojamose ant odos (masa\u017einis aliejus, losjonas ar kt.) &#8211; 2 %. Draud\u017eiama naudoti neskiest\u0105 ant odos.<\/p>\n<p dir=\"ltr\">Bergamot\u0117 (Bot. Citrus bergamia) &#8211; speciali\u0173 dirvos ir oro, delika\u010dios prie\u017ei\u016bros reikalaujantis citrus\u0173 medis, augantis pietin\u0117je Italijoje. 90 procent\u0173 visos pasaulio produkcijos kyla i\u0161 Reggio Calambria provincijos Italijoje &#8211; joje s\u0105lygos augti bergamotei yra pa\u010dios palankiausios. Manoma, jog bergamot\u0117 kilo i\u0161 pietvakarin\u0117s Azijos kra\u0161t\u0173, o\u00a0 Europoje paplito XVIII a. Venecijos pirkli\u0173 d\u0117ka.\u00a0 \u012edomu tai, kad iki \u0161i\u0173 laik\u0173 botanikai n\u0117ra visi\u0161kai tikri d\u0117l bergamot\u0117s kilm\u0117s &#8211; vieni teigia, jog bergamot\u0117 atsirado nat\u016braliai, kiti &#8211; kad buvo i\u0161vesta sukry\u017eminus aitr\u0173j\u012f apelsinmed\u012f su kitais citrusini\u0173 vaisi\u0173 med\u017eiais (citrina arba laimu). Bergamot\u0117 itin populiari ir vertinama parfumerijos industrijoje &#8211; da\u017enai naudojama kaip turtinga vir\u0161utin\u0117 nata, suteikianti kvepalams gaivumo ir lengvumo dvelksm\u0105.\u00a0Bergamo\u010di\u0173 aliej\u0173 galima naudoti kasdien &#8211; pilti \u012f vonias, aromatizuoti kambarius ar naudoti kaip kvepalus.<\/p>\n<p dir=\"ltr\"><strong>R\u016b\u0161iavimo informacija<\/strong>:<\/p>\n<ul>\n<li>Buteliukas \u2013 stiklas<\/li>\n<li>Kam\u0161telis, la\u0161intuvas \u2013 plastikas<\/li>\n<li>Etiket\u0117 \u2013 plastikas PVC<\/li>\n<\/ul>\n<p dir=\"ltr\"><strong>Chemin\u0117 analiz\u0117<\/strong>:<\/p>\n<p dir=\"ltr\">Limonene, Linalyl acetate, Linalool<\/p>\n<p dir=\"ltr\"><strong>Kosmetin\u0117s savyb\u0117s<\/strong>:<\/p>\n<ul>\n<li>balansuoja odos sebumo i\u0161siskyrim\u0105;<\/li>\n<li>padeda atverti poras, ma\u017einti spuogelius;<\/li>\n<li>veiksmingas prakaito dezodorantas;<\/li>\n<li>naudojama priemon\u0117se, atbaidan\u010diose vabzd\u017eius;<\/li>\n<li>naudojamas burnos skalavimui, nes dezodoruoja, padeda palaikyti sveikas dantenas (la\u0161inti \u012f vanden\u012f 2 la\u0161iukus).<\/li>\n<\/ul>\n<p dir=\"ltr\"><strong>Aromaterapin\u0117s savyb\u0117s<\/strong>:<\/p>\n<ul>\n<li>ma\u017eina stres\u0105, nerim\u0105, baim\u0119, gerina nuotaik\u0105, pakelia dvasi\u0105;<\/li>\n<li>padeda gerinti mieg\u0105;<\/li>\n<li>padeda reguliuoti apetit\u0105 tiems, kas turi emocini\u0173 mitybos sutrikim\u0173 &#8211; anoreksij\u0105, bulimij\u0105;<\/li>\n<li>naudojant namuose &#8211; \u0161alina nemalonius kvapus, gaivina erdves;<\/li>\n<li>naudojant masa\u017eui padeda atsipalaiduoti, pajusti gyvenimo d\u017eiaugsm\u0105.<\/li>\n<\/ul>\n<p dir=\"ltr\"><strong>Parfumerin\u0117s savyb\u0117s<\/strong>:<\/p>\n<ul>\n<li>bergamot\u0117s kvapas pasi\u017eymi \u017ealumu, elegancija ir nors yra citrusinis, \u0161iek tiek kartokas, turi ir vaisi\u0161k\u0173 bei g\u0117li\u0161k\u0173 niuans\u0173. Kvapas gali priminti sald\u0173j\u012f apelsin\u0105, ta\u010diau yra g\u0117li\u0161kesnis, galima pajusti netgi prieskoni\u0173 natas.<\/li>\n<li>\u0161is aromatas itin populiarus d\u0117l savo universalumo, tod\u0117l da\u017enai sutinkamas tiek moteri\u0161kuose tiek vyri\u0161kuose kvepaluose.<\/li>\n<li>parfumeriams bergamot\u0117 pasitarnauja kaip fiksatorius apjungiantis kartu kitus aromatus ir padedantis sukurti viening\u0105 kvepal\u0173 kompozicij\u0105.<\/li>\n<li>bergamo\u010di\u0173 eterinis aliejus buvo ir viena i\u0161 pagrindini\u0173\u00a0Eau de Clogne\u00a0sudedam\u0173j\u0173 med\u017eiag\u0173.<\/li>\n<\/ul>\n<p dir=\"ltr\"><strong>Gyv\u016bnams<\/strong>:\u00a0nerekomenduojamas.<\/p>\n<p dir=\"ltr\"><em>D\u0117l teis\u0117s akt\u0173 reikalavim\u0173 negalime \u010dia apra\u0161yti vis\u0173 eterinio aliejaus terapini\u0173 savybi\u0173.<\/em><\/p>\n<p dir=\"ltr\"><strong>Naudojimas<\/strong>:<\/p>\n<ul>\n<li>3-5 la\u0161us paskleiskite aromat\u0173 difuzoriumi;<\/li>\n<li>Emociniam poveikiui &#8211; \u012fkv\u0117pkite tiesiai i\u0161 buteliuko ar u\u017ela\u0161inus ant nosinait\u0117s;<\/li>\n<li>Gryni eteriniai aliejai ant odos nenaudojami. Juos b\u016btina skiesti su baziniais augaliniais aliejais. Masa\u017eams, \u012ftrinimams, kv\u0117pinimuisi skieskite su baziniu aliejumi (migdol\u0173, sezam\u0173, ar kt.): 10 la\u0161\u0173 eterinio aliejaus ar j\u0173 mi\u0161inio \u012f 10 ml (du valgomieji \u0161auk\u0161tai) bazinio aliejaus;<\/li>\n<li>Pilkite \u012f voni\u0105, praskied\u0119 su kastilijos muilu: 10 la\u0161\u0173 eterinio aliejaus \u012f 10 ml. kastilijos muilo. Nela\u0161inkite eterinio aliejaus tiesiai \u012f vanden\u012f, nes aliejai netirpsta vandenyje, bet pl\u016bduriuoja pavir\u0161iuje, tod\u0117l gali patekti ant odos ir j\u0105 sudirginti;<\/li>\n<li>La\u0161inkite 3 la\u0161us ant dr\u0117gnos servet\u0117l\u0117s ir d\u0117kite \u012f spint\u0105 ar drabu\u017ei\u0173 d\u017eiovintuv\u0105, kad pakvepinti drabu\u017eius. Kai kurie eteriniai aliejai gali i\u0161tepti baltos spalvos drabu\u017eius.<\/li>\n<li>Inhaliacijoms la\u0161inkite 3-4 la\u0161us \u012f kar\u0161t\u0105 vanden\u012f ir kv\u0117puokite garais arba la\u0161inkite \u012f asmenin\u012f inhaliatori\u0173.<\/li>\n<\/ul>\n<p dir=\"ltr\"><strong>Kaip teisingai garinti eterinius aliejus?\u00a0<\/strong><\/p>\n<p dir=\"ltr\">Siekiant maksimalaus poveikio m\u016bs\u0173 emocijoms (pav. ma\u017einti stres\u0105, gerinti nuotaik\u0105, raminti ir pan), eterinius aliejus reikia garinti intervalais, geriausia 3-4 kartus po 15 minu\u010di\u0173 garinti elektriniame difuzoriuje, ir tarp garinim\u0173 daryti ne trumpesn\u0119 kaip 30 minu\u010di\u0173 pertrauk\u0105.\u00a0 M\u016bs\u0173 smegenys, kurios atsakingos ir u\u017e emocij\u0173 reguliavim\u0105, labai plasti\u0161kos ir linkusios prisitaikyti prie aplinkos, tad ir prie eterini\u0173 aliej\u0173 skleid\u017eiamo poveikio pripranta. Siekiant geriausio terapinio poveikio emocijoms, smegenims reikia dinamikos, kuri\u0105 ir sukuria eterini\u0173 aliej\u0173 garinimas intervalais.<\/p>\n<p dir=\"ltr\">Jei siekiate eterini\u0173 aliej\u0173 poveikio fizinei b\u016bsenai (pav. pykinimui slopinti, aplinkos orui i\u0161valyti, per\u0161alimui lengvinti), garinkite eterinius aliejus kelis kartus per dien\u0105 po 30 minu\u010di\u0173.<\/p>\n<p dir=\"ltr\"><strong>SAUGUMAS!<\/strong><\/p>\n<p dir=\"ltr\">B\u016btina skiesti. (Maksimali koncentracija veido kosmetikai &#8211; 1.5%, k\u016bno masa\u017eui &#8211; 2%, vonioms &#8211; 4%).<\/p>\n<p dir=\"ltr\">Fototoksi\u0161kas.\u00a0Tradicinis bergamo\u010di\u0173 eterinis aliejus padidina odos jautrum\u0105 \u0161viesai, tad maksimali koncentracija priemon\u0117se, naudojamose ant odos (masa\u017einis aliejus, losjonas ar kt.) &#8211; 2 %. Draud\u017eiama naudoti neskiest\u0105 ant odos.<\/p>\n<p dir=\"ltr\"><em>N\u0117\u0161\u010diosiosioms<\/em>: poveikis n\u0117\u0161\u010diosioms n\u0117ra iki galo i\u0161tirtas, tod\u0117l prie\u0161 naudojant rekomenduojame pasikonsultuoti su gydytoju aromaterapeutu.<\/p>\n<p dir=\"ltr\"><em>Vaikams<\/em>:\u00a0saugus naudoti vaikams nuo 2 met\u0173\u00a0am\u017eiaus.<\/p>\n<p dir=\"ltr\">Vengti naudoti oksidavus\u012f eterin\u012f bergamo\u010di\u0173 aliej\u0173, nes gali sukelti odos sudirgim\u0105.<\/p>\n<p dir=\"ltr\">Jei eterinis aliejus sudirgint\u0173 od\u0105, j\u0105 b\u016btina valyti bet kokiu baziniu aliejumi, kur\u012f turite po ranka (alyvuogi\u0173, saul\u0117gra\u017e\u0173 ar kt.). Nenaudokite vandens eteriniams aliejams nuplauti, nes vanduo dar giliau perne\u0161 eterinius aliejus \u012f od\u0105 ir tik sustiprins sudirginim\u0105.<\/p>\n<p dir=\"ltr\">Siekiant i\u0161saugoti vertingas eterini\u0173 aliej\u0173 savybes, eterinius aliejus ir j\u0173 mi\u0161inius reik\u0117t\u0173 laikyti tamsioje v\u0117sioje vietoje.<\/p>\n<p><em><strong>Aromaterapijos pagrindin\u0117 taisykl\u0117 \u2013 ma\u017eiau yra daugiau<\/strong>, t.y. eteriniai aliejai geriau veikia esant ma\u017eoms doz\u0117ms.\u00a0<\/em><\/p>\n<\/div>\n<\/div>\n<\/div>","protected":false},"excerpt":{"rendered":"<p>Bergamo\u010di\u0173 (Bot. Citrus bergamia) eterinio aliejaus aromatas &#8211; itin populiarus ir m\u0117giamas. Bergamo\u010di\u0173 eterinis aliejus padeda \u012fveikti neigiamas emocines b\u016bsenas &#8211;\u00a0 stres\u0105, baim\u0119, \u012ftamp\u0105, susir\u016bpinim\u0105, be to skatina ger\u0105 nuotaik\u0105, stiprina dvasi\u0105. Bergamo\u010di\u0173 eterinis aliejus tinkamas garinti patalpose, kur b\u0117gioja vaikai, ar miegamajame prie\u0161 mieg\u0105. PREK\u0116S INFORMACIJA Kiekis: 5 ml Bot:\u00a0Citrus Bergamia Kilm\u0117s \u0161alis:\u00a0Italija Sertifikatai:\u00a0neekologi\u0161kas [&hellip;]<\/p>","protected":false},"featured_media":1671663,"comment_status":"open","ping_status":"closed","template":"","meta":{"content-type":"","_monsterinsights_skip_tracking":false,"_monsterinsights_sitenote_active":false,"_monsterinsights_sitenote_note":"","_monsterinsights_sitenote_category":0,"_uf_show_specific_survey":0,"_uf_disable_surveys":false},"product_brand":[1652],"product_cat":[1506,1511,15],"product_tag":[1517,1507,1515,1518],"class_list":{"0":"post-1671661","1":"product","2":"type-product","3":"status-publish","4":"has-post-thumbnail","6":"product_brand-biocos-kosmetika","7":"product_cat-essential-oils","8":"product_cat-essential-oils-essential-oils","9":"product_cat-all-products","10":"product_tag-bergamociu-eterinis-aliejus","11":"product_tag-biocos","12":"product_tag-eteriniai-aliejai","13":"product_tag-nergamociu-eterinis-aliejus","15":"first","16":"instock","17":"taxable","18":"shipping-taxable","19":"purchasable","20":"product-type-simple"},"bundled_by":[],"bundle_stock_status":"instock","bundle_stock_quantity":null,"bundle_virtual":false,"bundle_layout":"","bundle_add_to_cart_form_location":"","bundle_editable_in_cart":false,"bundle_sold_individually_context":"","bundle_item_grouping":"","bundle_min_size":"","bundle_max_size":"","bundle_price":[],"bundled_items":[],"bundle_sell_ids":[],"group_of_quantity":0,"min_quantity":0,"max_quantity":"","exclude_order_quantity_value_rules":"no","exclude_category_quantity_rules":"no","combine_variations":"no","exclude_global_add_ons":[],"addons":[],"yoast_head":"<!-- This site is optimized with the Yoast SEO plugin v27.4 - https:\/\/yoast.com\/product\/yoast-seo-wordpress\/ -->\n<title>BIOCOS  Bergamo\u010di\u0173 eterinis aliejus - Greenspells<\/title>\n<meta name=\"description\" content=\"Bergamo\u010di\u0173 eterinis aliejus padeda \u012fveikti neigiamas emocines b\u016bsenas - stres\u0105, baim\u0119, \u012ftamp\u0105, susir\u016bpinim\u0105, be to skatina ger\u0105 nuotaik\u0105, stiprina dvasi\u0105.\" \/>\n<meta name=\"robots\" content=\"index, follow, max-snippet:-1, max-image-preview:large, max-video-preview:-1\" \/>\n<link rel=\"canonical\" href=\"https:\/\/greenspells.com\/lt\/produktas\/biocos-bergamociu-eterinis-aliejus\/\" \/>\n<meta property=\"og:locale\" content=\"lt_LT\" \/>\n<meta property=\"og:type\" content=\"article\" \/>\n<meta property=\"og:title\" content=\"BIOCOS  Bergamo\u010di\u0173 eterinis aliejus - Greenspells\" \/>\n<meta property=\"og:description\" content=\"Bergamo\u010di\u0173 eterinis aliejus padeda \u012fveikti neigiamas emocines b\u016bsenas - stres\u0105, baim\u0119, \u012ftamp\u0105, susir\u016bpinim\u0105, be to skatina ger\u0105 nuotaik\u0105, stiprina dvasi\u0105.\" \/>\n<meta property=\"og:url\" content=\"https:\/\/greenspells.com\/lt\/produktas\/biocos-bergamociu-eterinis-aliejus\/\" \/>\n<meta property=\"og:site_name\" content=\"Greenspells\" \/>\n<meta property=\"article:publisher\" content=\"https:\/\/www.facebook.com\/Greenspells\" \/>\n<meta property=\"article:modified_time\" content=\"2025-01-08T09:01:19+00:00\" \/>\n<meta property=\"og:image\" content=\"https:\/\/greenspells.com\/wp-content\/uploads\/2023\/02\/bergamociu-eterinis-aliejus.png\" \/>\n\t<meta property=\"og:image:width\" content=\"600\" \/>\n\t<meta property=\"og:image:height\" content=\"600\" \/>\n\t<meta property=\"og:image:type\" content=\"image\/png\" \/>\n<meta name=\"twitter:card\" content=\"summary_large_image\" \/>\n<meta name=\"twitter:label1\" content=\"Est. reading time\" \/>\n\t<meta name=\"twitter:data1\" content=\"4 minut\u0117s\" \/>\n<script type=\"application\/ld+json\" class=\"yoast-schema-graph\">{\"@context\":\"https:\\\/\\\/schema.org\",\"@graph\":[{\"@type\":\"WebPage\",\"@id\":\"https:\\\/\\\/greenspells.com\\\/product\\\/biocos-bergamociu-eterinis-aliejus\\\/\",\"url\":\"https:\\\/\\\/greenspells.com\\\/product\\\/biocos-bergamociu-eterinis-aliejus\\\/\",\"name\":\"BIOCOS Bergamo\u010di\u0173 eterinis aliejus - Greenspells\",\"isPartOf\":{\"@id\":\"https:\\\/\\\/greenspells.com\\\/#website\"},\"primaryImageOfPage\":{\"@id\":\"https:\\\/\\\/greenspells.com\\\/product\\\/biocos-bergamociu-eterinis-aliejus\\\/#primaryimage\"},\"image\":{\"@id\":\"https:\\\/\\\/greenspells.com\\\/product\\\/biocos-bergamociu-eterinis-aliejus\\\/#primaryimage\"},\"thumbnailUrl\":\"https:\\\/\\\/i0.wp.com\\\/greenspells.com\\\/wp-content\\\/uploads\\\/2023\\\/02\\\/bergamociu-eterinis-aliejus.png?fit=600%2C600&ssl=1\",\"datePublished\":\"2023-02-12T15:09:38+00:00\",\"dateModified\":\"2025-01-08T09:01:19+00:00\",\"description\":\"Bergamo\u010di\u0173 eterinis aliejus padeda \u012fveikti neigiamas emocines b\u016bsenas - stres\u0105, baim\u0119, \u012ftamp\u0105, susir\u016bpinim\u0105, be to skatina ger\u0105 nuotaik\u0105, stiprina dvasi\u0105.\",\"breadcrumb\":{\"@id\":\"https:\\\/\\\/greenspells.com\\\/product\\\/biocos-bergamociu-eterinis-aliejus\\\/#breadcrumb\"},\"inLanguage\":\"lt-LT\",\"potentialAction\":[{\"@type\":\"ReadAction\",\"target\":[\"https:\\\/\\\/greenspells.com\\\/product\\\/biocos-bergamociu-eterinis-aliejus\\\/\"]}]},{\"@type\":\"ImageObject\",\"inLanguage\":\"lt-LT\",\"@id\":\"https:\\\/\\\/greenspells.com\\\/product\\\/biocos-bergamociu-eterinis-aliejus\\\/#primaryimage\",\"url\":\"https:\\\/\\\/i0.wp.com\\\/greenspells.com\\\/wp-content\\\/uploads\\\/2023\\\/02\\\/bergamociu-eterinis-aliejus.png?fit=600%2C600&ssl=1\",\"contentUrl\":\"https:\\\/\\\/i0.wp.com\\\/greenspells.com\\\/wp-content\\\/uploads\\\/2023\\\/02\\\/bergamociu-eterinis-aliejus.png?fit=600%2C600&ssl=1\",\"width\":600,\"height\":600,\"caption\":\"bergamociu eternis aliejus\"},{\"@type\":\"BreadcrumbList\",\"@id\":\"https:\\\/\\\/greenspells.com\\\/product\\\/biocos-bergamociu-eterinis-aliejus\\\/#breadcrumb\",\"itemListElement\":[{\"@type\":\"ListItem\",\"position\":1,\"name\":\"Home\",\"item\":\"https:\\\/\\\/greenspells.com\\\/\"},{\"@type\":\"ListItem\",\"position\":2,\"name\":\"Shop\",\"item\":\"https:\\\/\\\/greenspells.com\\\/shop\\\/\"},{\"@type\":\"ListItem\",\"position\":3,\"name\":\"BIOCOS Bergamo\u010di\u0173 eterinis aliejus\"}]},{\"@type\":\"WebSite\",\"@id\":\"https:\\\/\\\/greenspells.com\\\/#website\",\"url\":\"https:\\\/\\\/greenspells.com\\\/\",\"name\":\"Greenspells\",\"description\":\"Nat\u016brali ir ekologi\u0161ka kosmetika\",\"publisher\":{\"@id\":\"https:\\\/\\\/greenspells.com\\\/#organization\"},\"potentialAction\":[{\"@type\":\"SearchAction\",\"target\":{\"@type\":\"EntryPoint\",\"urlTemplate\":\"https:\\\/\\\/greenspells.com\\\/?s={search_term_string}\"},\"query-input\":{\"@type\":\"PropertyValueSpecification\",\"valueRequired\":true,\"valueName\":\"search_term_string\"}}],\"inLanguage\":\"lt-LT\"},{\"@type\":\"Organization\",\"@id\":\"https:\\\/\\\/greenspells.com\\\/#organization\",\"name\":\"Greenspells\",\"url\":\"https:\\\/\\\/greenspells.com\\\/\",\"logo\":{\"@type\":\"ImageObject\",\"inLanguage\":\"lt-LT\",\"@id\":\"https:\\\/\\\/greenspells.com\\\/#\\\/schema\\\/logo\\\/image\\\/\",\"url\":\"https:\\\/\\\/i0.wp.com\\\/greenspells.com\\\/wp-content\\\/uploads\\\/2020\\\/09\\\/20200722_153424_0000.png?fit=1500%2C1500&ssl=1\",\"contentUrl\":\"https:\\\/\\\/i0.wp.com\\\/greenspells.com\\\/wp-content\\\/uploads\\\/2020\\\/09\\\/20200722_153424_0000.png?fit=1500%2C1500&ssl=1\",\"width\":1500,\"height\":1500,\"caption\":\"Greenspells\"},\"image\":{\"@id\":\"https:\\\/\\\/greenspells.com\\\/#\\\/schema\\\/logo\\\/image\\\/\"},\"sameAs\":[\"https:\\\/\\\/www.facebook.com\\\/Greenspells\",\"https:\\\/\\\/www.instagram.com\\\/greenspells_store\\\/\"]}]}<\/script>\n<!-- \/ Yoast SEO plugin. -->","yoast_head_json":{"title":"BIOCOS  Bergamo\u010di\u0173 eterinis aliejus - Greenspells","description":"Bergamo\u010di\u0173 eterinis aliejus padeda \u012fveikti neigiamas emocines b\u016bsenas - stres\u0105, baim\u0119, \u012ftamp\u0105, susir\u016bpinim\u0105, be to skatina ger\u0105 nuotaik\u0105, stiprina dvasi\u0105.","robots":{"index":"index","follow":"follow","max-snippet":"max-snippet:-1","max-image-preview":"max-image-preview:large","max-video-preview":"max-video-preview:-1"},"canonical":"https:\/\/greenspells.com\/lt\/produktas\/biocos-bergamociu-eterinis-aliejus\/","og_locale":"lt_LT","og_type":"article","og_title":"BIOCOS  Bergamo\u010di\u0173 eterinis aliejus - Greenspells","og_description":"Bergamo\u010di\u0173 eterinis aliejus padeda \u012fveikti neigiamas emocines b\u016bsenas - stres\u0105, baim\u0119, \u012ftamp\u0105, susir\u016bpinim\u0105, be to skatina ger\u0105 nuotaik\u0105, stiprina dvasi\u0105.","og_url":"https:\/\/greenspells.com\/lt\/produktas\/biocos-bergamociu-eterinis-aliejus\/","og_site_name":"Greenspells","article_publisher":"https:\/\/www.facebook.com\/Greenspells","article_modified_time":"2025-01-08T09:01:19+00:00","og_image":[{"width":600,"height":600,"url":"https:\/\/greenspells.com\/wp-content\/uploads\/2023\/02\/bergamociu-eterinis-aliejus.png","type":"image\/png"}],"twitter_card":"summary_large_image","twitter_misc":{"Est. reading time":"4 minut\u0117s"},"schema":{"@context":"https:\/\/schema.org","@graph":[{"@type":"WebPage","@id":"https:\/\/greenspells.com\/product\/biocos-bergamociu-eterinis-aliejus\/","url":"https:\/\/greenspells.com\/product\/biocos-bergamociu-eterinis-aliejus\/","name":"BIOCOS Bergamo\u010di\u0173 eterinis aliejus - Greenspells","isPartOf":{"@id":"https:\/\/greenspells.com\/#website"},"primaryImageOfPage":{"@id":"https:\/\/greenspells.com\/product\/biocos-bergamociu-eterinis-aliejus\/#primaryimage"},"image":{"@id":"https:\/\/greenspells.com\/product\/biocos-bergamociu-eterinis-aliejus\/#primaryimage"},"thumbnailUrl":"https:\/\/i0.wp.com\/greenspells.com\/wp-content\/uploads\/2023\/02\/bergamociu-eterinis-aliejus.png?fit=600%2C600&ssl=1","datePublished":"2023-02-12T15:09:38+00:00","dateModified":"2025-01-08T09:01:19+00:00","description":"Bergamo\u010di\u0173 eterinis aliejus padeda \u012fveikti neigiamas emocines b\u016bsenas - stres\u0105, baim\u0119, \u012ftamp\u0105, susir\u016bpinim\u0105, be to skatina ger\u0105 nuotaik\u0105, stiprina dvasi\u0105.","breadcrumb":{"@id":"https:\/\/greenspells.com\/product\/biocos-bergamociu-eterinis-aliejus\/#breadcrumb"},"inLanguage":"lt-LT","potentialAction":[{"@type":"ReadAction","target":["https:\/\/greenspells.com\/product\/biocos-bergamociu-eterinis-aliejus\/"]}]},{"@type":"ImageObject","inLanguage":"lt-LT","@id":"https:\/\/greenspells.com\/product\/biocos-bergamociu-eterinis-aliejus\/#primaryimage","url":"https:\/\/i0.wp.com\/greenspells.com\/wp-content\/uploads\/2023\/02\/bergamociu-eterinis-aliejus.png?fit=600%2C600&ssl=1","contentUrl":"https:\/\/i0.wp.com\/greenspells.com\/wp-content\/uploads\/2023\/02\/bergamociu-eterinis-aliejus.png?fit=600%2C600&ssl=1","width":600,"height":600,"caption":"bergamociu eternis aliejus"},{"@type":"BreadcrumbList","@id":"https:\/\/greenspells.com\/product\/biocos-bergamociu-eterinis-aliejus\/#breadcrumb","itemListElement":[{"@type":"ListItem","position":1,"name":"Home","item":"https:\/\/greenspells.com\/"},{"@type":"ListItem","position":2,"name":"Shop","item":"https:\/\/greenspells.com\/shop\/"},{"@type":"ListItem","position":3,"name":"BIOCOS Bergamo\u010di\u0173 eterinis aliejus"}]},{"@type":"WebSite","@id":"https:\/\/greenspells.com\/#website","url":"https:\/\/greenspells.com\/","name":"Greenspells","description":"Nat\u016brali ir ekologi\u0161ka kosmetika","publisher":{"@id":"https:\/\/greenspells.com\/#organization"},"potentialAction":[{"@type":"SearchAction","target":{"@type":"EntryPoint","urlTemplate":"https:\/\/greenspells.com\/?s={search_term_string}"},"query-input":{"@type":"PropertyValueSpecification","valueRequired":true,"valueName":"search_term_string"}}],"inLanguage":"lt-LT"},{"@type":"Organization","@id":"https:\/\/greenspells.com\/#organization","name":"Greenspells","url":"https:\/\/greenspells.com\/","logo":{"@type":"ImageObject","inLanguage":"lt-LT","@id":"https:\/\/greenspells.com\/#\/schema\/logo\/image\/","url":"https:\/\/i0.wp.com\/greenspells.com\/wp-content\/uploads\/2020\/09\/20200722_153424_0000.png?fit=1500%2C1500&ssl=1","contentUrl":"https:\/\/i0.wp.com\/greenspells.com\/wp-content\/uploads\/2020\/09\/20200722_153424_0000.png?fit=1500%2C1500&ssl=1","width":1500,"height":1500,"caption":"Greenspells"},"image":{"@id":"https:\/\/greenspells.com\/#\/schema\/logo\/image\/"},"sameAs":["https:\/\/www.facebook.com\/Greenspells","https:\/\/www.instagram.com\/greenspells_store\/"]}]}},"jetpack_likes_enabled":true,"jetpack_sharing_enabled":true,"_links":{"self":[{"href":"https:\/\/greenspells.com\/lt\/wp-json\/wp\/v2\/product\/1671661","targetHints":{"allow":["GET"]}}],"collection":[{"href":"https:\/\/greenspells.com\/lt\/wp-json\/wp\/v2\/product"}],"about":[{"href":"https:\/\/greenspells.com\/lt\/wp-json\/wp\/v2\/types\/product"}],"replies":[{"embeddable":true,"href":"https:\/\/greenspells.com\/lt\/wp-json\/wp\/v2\/comments?post=1671661"}],"wp:featuredmedia":[{"embeddable":true,"href":"https:\/\/greenspells.com\/lt\/wp-json\/wp\/v2\/media\/1671663"}],"wp:attachment":[{"href":"https:\/\/greenspells.com\/lt\/wp-json\/wp\/v2\/media?parent=1671661"}],"wp:term":[{"taxonomy":"product_brand","embeddable":true,"href":"https:\/\/greenspells.com\/lt\/wp-json\/wp\/v2\/product_brand?post=1671661"},{"taxonomy":"product_cat","embeddable":true,"href":"https:\/\/greenspells.com\/lt\/wp-json\/wp\/v2\/product_cat?post=1671661"},{"taxonomy":"product_tag","embeddable":true,"href":"https:\/\/greenspells.com\/lt\/wp-json\/wp\/v2\/product_tag?post=1671661"}],"curies":[{"name":"wp","href":"https:\/\/api.w.org\/{rel}","templated":true}]}}