{"id":1671657,"date":"2023-02-12T17:01:00","date_gmt":"2023-02-12T15:01:00","guid":{"rendered":"https:\/\/greenspells.com\/?post_type=product&#038;p=1671657"},"modified":"2025-01-08T11:01:49","modified_gmt":"2025-01-08T09:01:49","slug":"biocos-arbatmedzio-eterinis-aliejus-prazangialapiu-mirteniu","status":"publish","type":"product","link":"https:\/\/greenspells.com\/lt\/produktas\/biocos-arbatmedzio-eterinis-aliejus-prazangialapiu-mirteniu\/","title":{"rendered":"BIOCOS <br> Arbatmed\u017eio eterinis aliejus (pra\u017eangialapi\u0173 mirteni\u0173)"},"content":{"rendered":"<p>Eterinis arbatmed\u017eio arba pra\u017eangialapi\u0173 mirteni\u0173 (<em>Malaleuca alternifolia<\/em>) aliejus \u2013 vienas i\u0161 labiausiai pasaulyje paplitusi\u0173, mokslinink\u0173 i\u0161tirt\u0173 ir vartotojams pa\u017e\u012fstam\u0173 eterini\u0173 aliej\u0173, kuris d\u0117l savo nuostabi\u0173 savybi\u0173 tur\u0117t\u0173 b\u016bti kiekvienuose namuose!<\/p>\n<p><strong>Kiekis<\/strong>: 5 ml<\/p>\n<p><strong>Lotyni\u0161kas pavadinimas:<\/strong>\u00a0Melaleuca alternifolia<\/p>\n<p><strong>Kilm\u0117s \u0161alis:<\/strong>\u00a0Australija<\/p>\n<p><strong>Sertifikatai:\u00a0<\/strong>neekologi\u0161kas<\/p>\n<p><strong>Chemotipas (pagrindiniai komponentai)<\/strong>:\u00a0Terpinene 4-ol, Gamma Terpinene, Alpha Terpinene, Para-Cymene, Cineol, Alpha Terpineol<\/p>\n<p><strong>I\u0161gavimo b\u016bdas<\/strong>: distiliavimo<\/p>\n<p><strong>Augalo dalis<\/strong>: lapai, \u0161akel\u0117s<\/p>\n<p><strong>Aromatas:\u00a0<\/strong>skvarbus, \u017eemi\u0161kas, skleid\u017eiasi \u0161iltais, kamparingais potoniais.<\/p>\n<p><strong>Nata:\u00a0<\/strong>vir\u0161utin\u0117<\/p>\n<p><strong>Panaudojimo b\u016bdai:\u00a0<\/strong>aromaterapijai, kosmetikai, parfumerijai. Naudojamas garinimui elektriniuose eterini\u0173 aliej\u0173 garintuvuose, keraminiuose garintuvuose, aromaterapin\u0117se voniose, masa\u017eams. Naudokite arbatmed\u017eio eterin\u012f aliej\u0173 nam\u0173 orui valyti &#8211; \u012fla\u0161inkite \u012f vanden\u012f plaunant grindis ar kitus pavir\u0161ius.<\/p>\n<p><strong>Panaudojimas kosmetikos gamyboje<\/strong>: arbatmed\u017eio eterinis aliejus naudojamas priemon\u0117se, atbaidan\u010diose vabzd\u017eius (uodus, erkes), priemon\u0117se nuo spuog\u0173, odos poroms valyti, priemon\u0117se po skutimosi, nuo prakaitavimo, oro gaivikliuose, burnos skalavimo priemon\u0117se, plauk\u0173 prie\u017ei\u016bros priemon\u0117se nuo pleiskan\u0173.<\/p>\n<p><strong>Alchemija:\u00a0<\/strong>arbatmed\u017eio eterinis aliejus dera su cinamono, kvapi\u0173j\u0173 \u0161alavij\u0173, gvazdik\u0117li\u0173, palergonij\u0173, levand\u0173, citrin\u0173, miros, muskato, palisandro, rozmarin\u0173, \u010diobreli\u0173 eteriniais aliejais.<\/p>\n<p><strong>\u012esp\u0117jimai:\u00a0<\/strong>nors da\u017enai teigiama, kad arbatmed\u017eio eterin\u012f aliej\u0173 galima naudoti gryn\u0105 ant odos, rekomenduojama saugi maksimali koncentracija \u2013 15%.<\/p>","protected":false},"excerpt":{"rendered":"<p>Eterinis arbatmed\u017eio arba pra\u017eangialapi\u0173 mirteni\u0173 (Malaleuca alternifolia) aliejus \u2013 vienas i\u0161 labiausiai pasaulyje paplitusi\u0173, mokslinink\u0173 i\u0161tirt\u0173 ir vartotojams pa\u017e\u012fstam\u0173 eterini\u0173 aliej\u0173, kuris d\u0117l savo nuostabi\u0173 savybi\u0173 tur\u0117t\u0173 b\u016bti kiekvienuose namuose! Kiekis: 5 ml Lotyni\u0161kas pavadinimas:\u00a0Melaleuca alternifolia Kilm\u0117s \u0161alis:\u00a0Australija Sertifikatai:\u00a0neekologi\u0161kas Chemotipas (pagrindiniai komponentai):\u00a0Terpinene 4-ol, Gamma Terpinene, Alpha Terpinene, Para-Cymene, Cineol, Alpha Terpineol I\u0161gavimo b\u016bdas: distiliavimo Augalo [&hellip;]<\/p>\n","protected":false},"featured_media":1671660,"comment_status":"open","ping_status":"closed","template":"","meta":{"content-type":"","_monsterinsights_skip_tracking":false,"_monsterinsights_sitenote_active":false,"_monsterinsights_sitenote_note":"","_monsterinsights_sitenote_category":0,"_uf_show_specific_survey":0,"_uf_disable_surveys":false},"product_brand":[1652],"product_cat":[1506,1511,15],"product_tag":[1516,1507,1515],"class_list":{"0":"post-1671657","1":"product","2":"type-product","3":"status-publish","4":"has-post-thumbnail","6":"product_brand-biocos-kosmetika","7":"product_cat-essential-oils","8":"product_cat-essential-oils-essential-oils","9":"product_cat-all-products","10":"product_tag-arbatmedzio-eterinis-aliejus","11":"product_tag-biocos","12":"product_tag-eteriniai-aliejai","14":"first","15":"instock","16":"taxable","17":"shipping-taxable","18":"purchasable","19":"product-type-simple"},"bundled_by":[],"bundle_stock_status":"instock","bundle_stock_quantity":null,"bundle_virtual":false,"bundle_layout":"","bundle_add_to_cart_form_location":"","bundle_editable_in_cart":false,"bundle_sold_individually_context":"","bundle_item_grouping":"","bundle_min_size":"","bundle_max_size":"","bundle_price":[],"bundled_items":[],"bundle_sell_ids":[],"group_of_quantity":0,"min_quantity":0,"max_quantity":"","exclude_order_quantity_value_rules":"no","exclude_category_quantity_rules":"no","combine_variations":"no","exclude_global_add_ons":[],"addons":[],"yoast_head":"<!-- This site is optimized with the Yoast SEO plugin v27.6 - https:\/\/yoast.com\/product\/yoast-seo-wordpress\/ -->\n<title>BIOCOS  Arbatmed\u017eio eterinis aliejus (pra\u017eangialapi\u0173 mirteni\u0173) - Greenspells<\/title>\n<meta name=\"description\" content=\"Eterinis arbatmed\u017eio aliejus \u2013 vienas i\u0161 labiausiai pasaulyje paplitusi\u0173, eterini\u0173 aliej\u0173,kuris d\u0117l savo nuostabi\u0173 savybi\u0173 tur\u0117t\u0173 b\u016bti kiekvienuose namuose!\" \/>\n<meta name=\"robots\" content=\"index, follow, max-snippet:-1, max-image-preview:large, max-video-preview:-1\" \/>\n<link rel=\"canonical\" href=\"https:\/\/greenspells.com\/lt\/produktas\/biocos-arbatmedzio-eterinis-aliejus-prazangialapiu-mirteniu\/\" \/>\n<meta property=\"og:locale\" content=\"lt_LT\" \/>\n<meta property=\"og:type\" content=\"article\" \/>\n<meta property=\"og:title\" content=\"BIOCOS  Arbatmed\u017eio eterinis aliejus (pra\u017eangialapi\u0173 mirteni\u0173) - Greenspells\" \/>\n<meta property=\"og:description\" content=\"Eterinis arbatmed\u017eio aliejus \u2013 vienas i\u0161 labiausiai pasaulyje paplitusi\u0173, eterini\u0173 aliej\u0173,kuris d\u0117l savo nuostabi\u0173 savybi\u0173 tur\u0117t\u0173 b\u016bti kiekvienuose namuose!\" \/>\n<meta property=\"og:url\" content=\"https:\/\/greenspells.com\/lt\/produktas\/biocos-arbatmedzio-eterinis-aliejus-prazangialapiu-mirteniu\/\" \/>\n<meta property=\"og:site_name\" content=\"Greenspells\" \/>\n<meta property=\"article:publisher\" content=\"https:\/\/www.facebook.com\/Greenspells\" \/>\n<meta property=\"article:modified_time\" content=\"2025-01-08T09:01:49+00:00\" \/>\n<meta property=\"og:image\" content=\"https:\/\/greenspells.com\/wp-content\/uploads\/2023\/02\/arbatmedzio-eterinis-aliejus.png\" \/>\n\t<meta property=\"og:image:width\" content=\"600\" \/>\n\t<meta property=\"og:image:height\" content=\"600\" \/>\n\t<meta property=\"og:image:type\" content=\"image\/png\" \/>\n<meta name=\"twitter:card\" content=\"summary_large_image\" \/>\n<meta name=\"twitter:label1\" content=\"Est. reading time\" \/>\n\t<meta name=\"twitter:data1\" content=\"1 minut\u0117\" \/>\n<script type=\"application\/ld+json\" class=\"yoast-schema-graph\">{\"@context\":\"https:\\\/\\\/schema.org\",\"@graph\":[{\"@type\":\"WebPage\",\"@id\":\"https:\\\/\\\/greenspells.com\\\/product\\\/biocos-arbatmedzio-eterinis-aliejus-prazangialapiu-mirteniu\\\/\",\"url\":\"https:\\\/\\\/greenspells.com\\\/product\\\/biocos-arbatmedzio-eterinis-aliejus-prazangialapiu-mirteniu\\\/\",\"name\":\"BIOCOS Arbatmed\u017eio eterinis aliejus (pra\u017eangialapi\u0173 mirteni\u0173) - Greenspells\",\"isPartOf\":{\"@id\":\"https:\\\/\\\/greenspells.com\\\/#website\"},\"primaryImageOfPage\":{\"@id\":\"https:\\\/\\\/greenspells.com\\\/product\\\/biocos-arbatmedzio-eterinis-aliejus-prazangialapiu-mirteniu\\\/#primaryimage\"},\"image\":{\"@id\":\"https:\\\/\\\/greenspells.com\\\/product\\\/biocos-arbatmedzio-eterinis-aliejus-prazangialapiu-mirteniu\\\/#primaryimage\"},\"thumbnailUrl\":\"https:\\\/\\\/i0.wp.com\\\/greenspells.com\\\/wp-content\\\/uploads\\\/2023\\\/02\\\/arbatmedzio-eterinis-aliejus.png?fit=600%2C600&ssl=1\",\"datePublished\":\"2023-02-12T15:01:00+00:00\",\"dateModified\":\"2025-01-08T09:01:49+00:00\",\"description\":\"Eterinis arbatmed\u017eio aliejus \u2013 vienas i\u0161 labiausiai pasaulyje paplitusi\u0173, eterini\u0173 aliej\u0173,kuris d\u0117l savo nuostabi\u0173 savybi\u0173 tur\u0117t\u0173 b\u016bti kiekvienuose namuose!\",\"breadcrumb\":{\"@id\":\"https:\\\/\\\/greenspells.com\\\/product\\\/biocos-arbatmedzio-eterinis-aliejus-prazangialapiu-mirteniu\\\/#breadcrumb\"},\"inLanguage\":\"lt-LT\",\"potentialAction\":[{\"@type\":\"ReadAction\",\"target\":[\"https:\\\/\\\/greenspells.com\\\/product\\\/biocos-arbatmedzio-eterinis-aliejus-prazangialapiu-mirteniu\\\/\"]}]},{\"@type\":\"ImageObject\",\"inLanguage\":\"lt-LT\",\"@id\":\"https:\\\/\\\/greenspells.com\\\/product\\\/biocos-arbatmedzio-eterinis-aliejus-prazangialapiu-mirteniu\\\/#primaryimage\",\"url\":\"https:\\\/\\\/i0.wp.com\\\/greenspells.com\\\/wp-content\\\/uploads\\\/2023\\\/02\\\/arbatmedzio-eterinis-aliejus.png?fit=600%2C600&ssl=1\",\"contentUrl\":\"https:\\\/\\\/i0.wp.com\\\/greenspells.com\\\/wp-content\\\/uploads\\\/2023\\\/02\\\/arbatmedzio-eterinis-aliejus.png?fit=600%2C600&ssl=1\",\"width\":600,\"height\":600,\"caption\":\"arbatmedzio eterinis aliejus\"},{\"@type\":\"BreadcrumbList\",\"@id\":\"https:\\\/\\\/greenspells.com\\\/product\\\/biocos-arbatmedzio-eterinis-aliejus-prazangialapiu-mirteniu\\\/#breadcrumb\",\"itemListElement\":[{\"@type\":\"ListItem\",\"position\":1,\"name\":\"Home\",\"item\":\"https:\\\/\\\/greenspells.com\\\/\"},{\"@type\":\"ListItem\",\"position\":2,\"name\":\"Shop\",\"item\":\"https:\\\/\\\/greenspells.com\\\/shop\\\/\"},{\"@type\":\"ListItem\",\"position\":3,\"name\":\"BIOCOS Arbatmed\u017eio eterinis aliejus (pra\u017eangialapi\u0173 mirteni\u0173)\"}]},{\"@type\":\"WebSite\",\"@id\":\"https:\\\/\\\/greenspells.com\\\/#website\",\"url\":\"https:\\\/\\\/greenspells.com\\\/\",\"name\":\"Greenspells\",\"description\":\"Nat\u016brali ir ekologi\u0161ka kosmetika\",\"publisher\":{\"@id\":\"https:\\\/\\\/greenspells.com\\\/#organization\"},\"potentialAction\":[{\"@type\":\"SearchAction\",\"target\":{\"@type\":\"EntryPoint\",\"urlTemplate\":\"https:\\\/\\\/greenspells.com\\\/?s={search_term_string}\"},\"query-input\":{\"@type\":\"PropertyValueSpecification\",\"valueRequired\":true,\"valueName\":\"search_term_string\"}}],\"inLanguage\":\"lt-LT\"},{\"@type\":\"Organization\",\"@id\":\"https:\\\/\\\/greenspells.com\\\/#organization\",\"name\":\"Greenspells\",\"url\":\"https:\\\/\\\/greenspells.com\\\/\",\"logo\":{\"@type\":\"ImageObject\",\"inLanguage\":\"lt-LT\",\"@id\":\"https:\\\/\\\/greenspells.com\\\/#\\\/schema\\\/logo\\\/image\\\/\",\"url\":\"https:\\\/\\\/i0.wp.com\\\/greenspells.com\\\/wp-content\\\/uploads\\\/2020\\\/09\\\/20200722_153424_0000.png?fit=1500%2C1500&ssl=1\",\"contentUrl\":\"https:\\\/\\\/i0.wp.com\\\/greenspells.com\\\/wp-content\\\/uploads\\\/2020\\\/09\\\/20200722_153424_0000.png?fit=1500%2C1500&ssl=1\",\"width\":1500,\"height\":1500,\"caption\":\"Greenspells\"},\"image\":{\"@id\":\"https:\\\/\\\/greenspells.com\\\/#\\\/schema\\\/logo\\\/image\\\/\"},\"sameAs\":[\"https:\\\/\\\/www.facebook.com\\\/Greenspells\",\"https:\\\/\\\/www.instagram.com\\\/greenspells_store\\\/\"]}]}<\/script>\n<!-- \/ Yoast SEO plugin. -->","yoast_head_json":{"title":"BIOCOS  Arbatmed\u017eio eterinis aliejus (pra\u017eangialapi\u0173 mirteni\u0173) - Greenspells","description":"Eterinis arbatmed\u017eio aliejus \u2013 vienas i\u0161 labiausiai pasaulyje paplitusi\u0173, eterini\u0173 aliej\u0173,kuris d\u0117l savo nuostabi\u0173 savybi\u0173 tur\u0117t\u0173 b\u016bti kiekvienuose namuose!","robots":{"index":"index","follow":"follow","max-snippet":"max-snippet:-1","max-image-preview":"max-image-preview:large","max-video-preview":"max-video-preview:-1"},"canonical":"https:\/\/greenspells.com\/lt\/produktas\/biocos-arbatmedzio-eterinis-aliejus-prazangialapiu-mirteniu\/","og_locale":"lt_LT","og_type":"article","og_title":"BIOCOS  Arbatmed\u017eio eterinis aliejus (pra\u017eangialapi\u0173 mirteni\u0173) - Greenspells","og_description":"Eterinis arbatmed\u017eio aliejus \u2013 vienas i\u0161 labiausiai pasaulyje paplitusi\u0173, eterini\u0173 aliej\u0173,kuris d\u0117l savo nuostabi\u0173 savybi\u0173 tur\u0117t\u0173 b\u016bti kiekvienuose namuose!","og_url":"https:\/\/greenspells.com\/lt\/produktas\/biocos-arbatmedzio-eterinis-aliejus-prazangialapiu-mirteniu\/","og_site_name":"Greenspells","article_publisher":"https:\/\/www.facebook.com\/Greenspells","article_modified_time":"2025-01-08T09:01:49+00:00","og_image":[{"width":600,"height":600,"url":"https:\/\/greenspells.com\/wp-content\/uploads\/2023\/02\/arbatmedzio-eterinis-aliejus.png","type":"image\/png"}],"twitter_card":"summary_large_image","twitter_misc":{"Est. reading time":"1 minut\u0117"},"schema":{"@context":"https:\/\/schema.org","@graph":[{"@type":"WebPage","@id":"https:\/\/greenspells.com\/product\/biocos-arbatmedzio-eterinis-aliejus-prazangialapiu-mirteniu\/","url":"https:\/\/greenspells.com\/product\/biocos-arbatmedzio-eterinis-aliejus-prazangialapiu-mirteniu\/","name":"BIOCOS Arbatmed\u017eio eterinis aliejus (pra\u017eangialapi\u0173 mirteni\u0173) - Greenspells","isPartOf":{"@id":"https:\/\/greenspells.com\/#website"},"primaryImageOfPage":{"@id":"https:\/\/greenspells.com\/product\/biocos-arbatmedzio-eterinis-aliejus-prazangialapiu-mirteniu\/#primaryimage"},"image":{"@id":"https:\/\/greenspells.com\/product\/biocos-arbatmedzio-eterinis-aliejus-prazangialapiu-mirteniu\/#primaryimage"},"thumbnailUrl":"https:\/\/i0.wp.com\/greenspells.com\/wp-content\/uploads\/2023\/02\/arbatmedzio-eterinis-aliejus.png?fit=600%2C600&ssl=1","datePublished":"2023-02-12T15:01:00+00:00","dateModified":"2025-01-08T09:01:49+00:00","description":"Eterinis arbatmed\u017eio aliejus \u2013 vienas i\u0161 labiausiai pasaulyje paplitusi\u0173, eterini\u0173 aliej\u0173,kuris d\u0117l savo nuostabi\u0173 savybi\u0173 tur\u0117t\u0173 b\u016bti kiekvienuose namuose!","breadcrumb":{"@id":"https:\/\/greenspells.com\/product\/biocos-arbatmedzio-eterinis-aliejus-prazangialapiu-mirteniu\/#breadcrumb"},"inLanguage":"lt-LT","potentialAction":[{"@type":"ReadAction","target":["https:\/\/greenspells.com\/product\/biocos-arbatmedzio-eterinis-aliejus-prazangialapiu-mirteniu\/"]}]},{"@type":"ImageObject","inLanguage":"lt-LT","@id":"https:\/\/greenspells.com\/product\/biocos-arbatmedzio-eterinis-aliejus-prazangialapiu-mirteniu\/#primaryimage","url":"https:\/\/i0.wp.com\/greenspells.com\/wp-content\/uploads\/2023\/02\/arbatmedzio-eterinis-aliejus.png?fit=600%2C600&ssl=1","contentUrl":"https:\/\/i0.wp.com\/greenspells.com\/wp-content\/uploads\/2023\/02\/arbatmedzio-eterinis-aliejus.png?fit=600%2C600&ssl=1","width":600,"height":600,"caption":"arbatmedzio eterinis aliejus"},{"@type":"BreadcrumbList","@id":"https:\/\/greenspells.com\/product\/biocos-arbatmedzio-eterinis-aliejus-prazangialapiu-mirteniu\/#breadcrumb","itemListElement":[{"@type":"ListItem","position":1,"name":"Home","item":"https:\/\/greenspells.com\/"},{"@type":"ListItem","position":2,"name":"Shop","item":"https:\/\/greenspells.com\/shop\/"},{"@type":"ListItem","position":3,"name":"BIOCOS Arbatmed\u017eio eterinis aliejus (pra\u017eangialapi\u0173 mirteni\u0173)"}]},{"@type":"WebSite","@id":"https:\/\/greenspells.com\/#website","url":"https:\/\/greenspells.com\/","name":"Greenspells","description":"Nat\u016brali ir ekologi\u0161ka kosmetika","publisher":{"@id":"https:\/\/greenspells.com\/#organization"},"potentialAction":[{"@type":"SearchAction","target":{"@type":"EntryPoint","urlTemplate":"https:\/\/greenspells.com\/?s={search_term_string}"},"query-input":{"@type":"PropertyValueSpecification","valueRequired":true,"valueName":"search_term_string"}}],"inLanguage":"lt-LT"},{"@type":"Organization","@id":"https:\/\/greenspells.com\/#organization","name":"Greenspells","url":"https:\/\/greenspells.com\/","logo":{"@type":"ImageObject","inLanguage":"lt-LT","@id":"https:\/\/greenspells.com\/#\/schema\/logo\/image\/","url":"https:\/\/i0.wp.com\/greenspells.com\/wp-content\/uploads\/2020\/09\/20200722_153424_0000.png?fit=1500%2C1500&ssl=1","contentUrl":"https:\/\/i0.wp.com\/greenspells.com\/wp-content\/uploads\/2020\/09\/20200722_153424_0000.png?fit=1500%2C1500&ssl=1","width":1500,"height":1500,"caption":"Greenspells"},"image":{"@id":"https:\/\/greenspells.com\/#\/schema\/logo\/image\/"},"sameAs":["https:\/\/www.facebook.com\/Greenspells","https:\/\/www.instagram.com\/greenspells_store\/"]}]}},"jetpack_likes_enabled":true,"jetpack_sharing_enabled":true,"_links":{"self":[{"href":"https:\/\/greenspells.com\/lt\/wp-json\/wp\/v2\/product\/1671657","targetHints":{"allow":["GET"]}}],"collection":[{"href":"https:\/\/greenspells.com\/lt\/wp-json\/wp\/v2\/product"}],"about":[{"href":"https:\/\/greenspells.com\/lt\/wp-json\/wp\/v2\/types\/product"}],"replies":[{"embeddable":true,"href":"https:\/\/greenspells.com\/lt\/wp-json\/wp\/v2\/comments?post=1671657"}],"wp:featuredmedia":[{"embeddable":true,"href":"https:\/\/greenspells.com\/lt\/wp-json\/wp\/v2\/media\/1671660"}],"wp:attachment":[{"href":"https:\/\/greenspells.com\/lt\/wp-json\/wp\/v2\/media?parent=1671657"}],"wp:term":[{"taxonomy":"product_brand","embeddable":true,"href":"https:\/\/greenspells.com\/lt\/wp-json\/wp\/v2\/product_brand?post=1671657"},{"taxonomy":"product_cat","embeddable":true,"href":"https:\/\/greenspells.com\/lt\/wp-json\/wp\/v2\/product_cat?post=1671657"},{"taxonomy":"product_tag","embeddable":true,"href":"https:\/\/greenspells.com\/lt\/wp-json\/wp\/v2\/product_tag?post=1671657"}],"curies":[{"name":"wp","href":"https:\/\/api.w.org\/{rel}","templated":true}]}}