{"id":1671605,"date":"2023-01-31T20:33:23","date_gmt":"2023-01-31T18:33:23","guid":{"rendered":"https:\/\/greenspells.com\/?post_type=product&#038;p=1671605"},"modified":"2026-03-04T08:32:20","modified_gmt":"2026-03-04T06:32:20","slug":"ncla-beauty-hi-butter-mango","status":"publish","type":"product","link":"https:\/\/greenspells.com\/lt\/produktas\/ncla-beauty-hi-butter-mango\/","title":{"rendered":"NCLA BEAUTY <br> K\u016bno sviestas <br> Mango"},"content":{"rendered":"<p><span style=\"color: #000000; font-family: Lato, sans-serif; font-size: 15px;\">A rich, buttery treat for dry skin!<\/span><\/p>\n<p><span style=\"color: #000000; font-family: Lato, sans-serif; font-size: 15px;\">Hi, Butter - tai ultra dr\u0117kinantis, ypa\u010d \u0161velnus k\u016bno sviestas, pagamintas i\u0161 nat\u016brali\u0173 ingredient\u0173. Maitinantis, praturtintas nat\u016braliais sviestais bei aliejais - sviestmed\u017eio, kakavos, mango sviestais, kanapi\u0173 s\u0117kl\u0173 aliejumi, kuris mink\u0161tina, glotnina  lygina ir stangrina od\u0105, suteikia ilgalaik\u012f dr\u0117kinim\u0105  gerina odos tekst\u016br\u0105.\u00a0<\/span><\/p>\n<p style=\"-webkit-font-smoothing: antialiased; color: #000000; font-family: Lato, sans-serif; font-size: 15px; box-sizing: border-box !important;\" data-mce-fragment=\"1\">Natural Flavor\/Scent: Mango<\/p>\n<p style=\"-webkit-font-smoothing: antialiased; margin-top: 24px; color: #000000; font-family: Lato, sans-serif; font-size: 15px; box-sizing: border-box !important;\" data-mce-fragment=\"1\">Dydis: 200 ml<\/p>\n<p style=\"-webkit-font-smoothing: antialiased; margin-top: 24px; color: #000000; font-family: Lato, sans-serif; font-size: 15px; box-sizing: border-box !important;\" data-mce-fragment=\"1\">Pagaminta JAV.<\/p>\n<p><em><strong>Kaip naudoti?<\/strong><\/em><\/p>\n<p>Dosniai tepkite viso k\u016bno od\u0105, \u0161velniai \u012fmasa\u017euodami, kol susigers.<\/p>\n<p><em><strong>Ingredientai<\/strong><\/em>:<\/p>\n<p><span style=\"color: #000000; font-family: Lato, sans-serif; font-size: 15px;\">Deionized Water (Aqua), Organic Shea Butter (Butyrospermum Parkii), Cocoa (Theobroma Cacao) Butter, Mango (Mangifera Indica) Butter, Cetearyl Alcohol, Ceteareth-20, Stearic Acid, Organic Sunflower (Heleanthus Annuus) Seed Oil, Grape (Vitis Vinifera) Seed Oil, Sweet Almond Oil (Prunus Amygdalus Dulcis), Organic Hemp (Cannabis Sativa) Seed Oil, Aloe (Aloe Barbadensis) Leaf Extract, Cucumber (Cucumis Sativus) Fruit Extract, Orange (Citrus Aurantium Dulcis) Fruit Extract (Vitamin C), Lemon (Citrus Limon) Peel Fruit Extract (Vitamin C), Benzoic Acid, Propanediol, Sorbitan Caprylate, Fragrance Oil<\/span><\/p>\n<p>&nbsp;<\/p>\n<p>&nbsp;<\/p>","protected":false},"excerpt":{"rendered":"<p>A rich, buttery treat for dry skin! Hi, Butter is an ultra hydrating, velvety soft body butter made with all natural ingredients. It\u2019s nourishing formula is enriched with natural butters and oils like shea butter, cocoa butter, mango butter, and hempseed oil that soften, smooth and firm skin, leaving long-lasting hydration and improved skin texture.\u00a0 [&hellip;]<\/p>","protected":false},"featured_media":1671606,"comment_status":"open","ping_status":"closed","template":"","meta":{"content-type":"","_monsterinsights_skip_tracking":false,"_monsterinsights_sitenote_active":false,"_monsterinsights_sitenote_note":"","_monsterinsights_sitenote_category":0,"_uf_show_specific_survey":0,"_uf_disable_surveys":false},"product_brand":[1667],"product_cat":[137,141,15],"product_tag":[947,1500,648,952,1499,1042,1498],"class_list":{"0":"post-1671605","1":"product","2":"type-product","3":"status-publish","4":"has-post-thumbnail","6":"product_brand-ncla-beauty","7":"product_cat-bath-and-body","8":"product_cat-hand-body-lotions","9":"product_cat-all-products","10":"product_tag-body-butter","11":"product_tag-drekinantis-kremas","12":"product_tag-kuno-kremas","13":"product_tag-kuno-sviestas","14":"product_tag-naturalus-kremas-naturalus-kuno-kremas","15":"product_tag-ncla-beauty","16":"product_tag-vanilinis-kuno-kremas","18":"first","19":"outofstock","20":"taxable","21":"shipping-taxable","22":"purchasable","23":"product-type-simple"},"bundled_by":[],"bundle_stock_status":"outofstock","bundle_stock_quantity":null,"bundle_virtual":false,"bundle_layout":"","bundle_add_to_cart_form_location":"","bundle_editable_in_cart":false,"bundle_sold_individually_context":"","bundle_item_grouping":"","bundle_min_size":"","bundle_max_size":"","bundle_price":[],"bundled_items":[],"bundle_sell_ids":[],"group_of_quantity":0,"min_quantity":0,"max_quantity":"","exclude_order_quantity_value_rules":"no","exclude_category_quantity_rules":"no","combine_variations":"no","exclude_global_add_ons":[],"addons":[],"yoast_head":"<!-- This site is optimized with the Yoast SEO plugin v27.3 - https:\/\/yoast.com\/product\/yoast-seo-wordpress\/ -->\n<title>NCLA BEAUTY  Hi, Butter  Mango - Greenspells<\/title>\n<meta name=\"description\" content=\"Ultra dr\u0117kinantis, velvetin\u0117s tekst\u016bros, nuostabaus aromato k\u016bno sviestas, nat\u016bralus! Oda pamils i\u0161 pirmo pot\u0117pio!\" \/>\n<meta name=\"robots\" content=\"index, follow, max-snippet:-1, max-image-preview:large, max-video-preview:-1\" \/>\n<link rel=\"canonical\" href=\"https:\/\/greenspells.com\/lt\/produktas\/ncla-beauty-hi-butter-mango\/\" \/>\n<meta property=\"og:locale\" content=\"lt_LT\" \/>\n<meta property=\"og:type\" content=\"article\" \/>\n<meta property=\"og:title\" content=\"NCLA BEAUTY  Hi, Butter  Mango - Greenspells\" \/>\n<meta property=\"og:description\" content=\"Ultra dr\u0117kinantis, velvetin\u0117s tekst\u016bros, nuostabaus aromato k\u016bno sviestas, nat\u016bralus! Oda pamils i\u0161 pirmo pot\u0117pio!\" \/>\n<meta property=\"og:url\" content=\"https:\/\/greenspells.com\/lt\/produktas\/ncla-beauty-hi-butter-mango\/\" \/>\n<meta property=\"og:site_name\" content=\"Greenspells\" \/>\n<meta property=\"article:publisher\" content=\"https:\/\/www.facebook.com\/Greenspells\" \/>\n<meta property=\"article:modified_time\" content=\"2026-03-04T06:32:20+00:00\" \/>\n<meta property=\"og:image\" content=\"https:\/\/greenspells.com\/wp-content\/uploads\/2023\/01\/hi-butter-mango-677514_1000x.jpg\" \/>\n\t<meta property=\"og:image:width\" content=\"1000\" \/>\n\t<meta property=\"og:image:height\" content=\"1000\" \/>\n\t<meta property=\"og:image:type\" content=\"image\/jpeg\" \/>\n<meta name=\"twitter:card\" content=\"summary_large_image\" \/>\n<meta name=\"twitter:label1\" content=\"Est. reading time\" \/>\n\t<meta name=\"twitter:data1\" content=\"1 minut\u0117\" \/>\n<script type=\"application\/ld+json\" class=\"yoast-schema-graph\">{\"@context\":\"https:\\\/\\\/schema.org\",\"@graph\":[{\"@type\":\"WebPage\",\"@id\":\"https:\\\/\\\/greenspells.com\\\/product\\\/ncla-beauty-hi-butter-mango\\\/\",\"url\":\"https:\\\/\\\/greenspells.com\\\/product\\\/ncla-beauty-hi-butter-mango\\\/\",\"name\":\"NCLA BEAUTY Hi, Butter Mango - Greenspells\",\"isPartOf\":{\"@id\":\"https:\\\/\\\/greenspells.com\\\/#website\"},\"primaryImageOfPage\":{\"@id\":\"https:\\\/\\\/greenspells.com\\\/product\\\/ncla-beauty-hi-butter-mango\\\/#primaryimage\"},\"image\":{\"@id\":\"https:\\\/\\\/greenspells.com\\\/product\\\/ncla-beauty-hi-butter-mango\\\/#primaryimage\"},\"thumbnailUrl\":\"https:\\\/\\\/i0.wp.com\\\/greenspells.com\\\/wp-content\\\/uploads\\\/2023\\\/01\\\/hi-butter-mango-677514_1000x.jpg?fit=1000%2C1000&ssl=1\",\"datePublished\":\"2023-01-31T18:33:23+00:00\",\"dateModified\":\"2026-03-04T06:32:20+00:00\",\"description\":\"Ultra dr\u0117kinantis, velvetin\u0117s tekst\u016bros, nuostabaus aromato k\u016bno sviestas, nat\u016bralus! Oda pamils i\u0161 pirmo pot\u0117pio!\",\"breadcrumb\":{\"@id\":\"https:\\\/\\\/greenspells.com\\\/product\\\/ncla-beauty-hi-butter-mango\\\/#breadcrumb\"},\"inLanguage\":\"lt-LT\",\"potentialAction\":[{\"@type\":\"ReadAction\",\"target\":[\"https:\\\/\\\/greenspells.com\\\/product\\\/ncla-beauty-hi-butter-mango\\\/\"]}]},{\"@type\":\"ImageObject\",\"inLanguage\":\"lt-LT\",\"@id\":\"https:\\\/\\\/greenspells.com\\\/product\\\/ncla-beauty-hi-butter-mango\\\/#primaryimage\",\"url\":\"https:\\\/\\\/i0.wp.com\\\/greenspells.com\\\/wp-content\\\/uploads\\\/2023\\\/01\\\/hi-butter-mango-677514_1000x.jpg?fit=1000%2C1000&ssl=1\",\"contentUrl\":\"https:\\\/\\\/i0.wp.com\\\/greenspells.com\\\/wp-content\\\/uploads\\\/2023\\\/01\\\/hi-butter-mango-677514_1000x.jpg?fit=1000%2C1000&ssl=1\",\"width\":1000,\"height\":1000},{\"@type\":\"BreadcrumbList\",\"@id\":\"https:\\\/\\\/greenspells.com\\\/product\\\/ncla-beauty-hi-butter-mango\\\/#breadcrumb\",\"itemListElement\":[{\"@type\":\"ListItem\",\"position\":1,\"name\":\"Home\",\"item\":\"https:\\\/\\\/greenspells.com\\\/\"},{\"@type\":\"ListItem\",\"position\":2,\"name\":\"Shop\",\"item\":\"https:\\\/\\\/greenspells.com\\\/shop\\\/\"},{\"@type\":\"ListItem\",\"position\":3,\"name\":\"NCLA BEAUTY Hi, Butter Mango\"}]},{\"@type\":\"WebSite\",\"@id\":\"https:\\\/\\\/greenspells.com\\\/#website\",\"url\":\"https:\\\/\\\/greenspells.com\\\/\",\"name\":\"Greenspells\",\"description\":\"Nat\u016brali ir ekologi\u0161ka kosmetika\",\"publisher\":{\"@id\":\"https:\\\/\\\/greenspells.com\\\/#organization\"},\"potentialAction\":[{\"@type\":\"SearchAction\",\"target\":{\"@type\":\"EntryPoint\",\"urlTemplate\":\"https:\\\/\\\/greenspells.com\\\/?s={search_term_string}\"},\"query-input\":{\"@type\":\"PropertyValueSpecification\",\"valueRequired\":true,\"valueName\":\"search_term_string\"}}],\"inLanguage\":\"lt-LT\"},{\"@type\":\"Organization\",\"@id\":\"https:\\\/\\\/greenspells.com\\\/#organization\",\"name\":\"Greenspells\",\"url\":\"https:\\\/\\\/greenspells.com\\\/\",\"logo\":{\"@type\":\"ImageObject\",\"inLanguage\":\"lt-LT\",\"@id\":\"https:\\\/\\\/greenspells.com\\\/#\\\/schema\\\/logo\\\/image\\\/\",\"url\":\"https:\\\/\\\/i0.wp.com\\\/greenspells.com\\\/wp-content\\\/uploads\\\/2020\\\/09\\\/20200722_153424_0000.png?fit=1500%2C1500&ssl=1\",\"contentUrl\":\"https:\\\/\\\/i0.wp.com\\\/greenspells.com\\\/wp-content\\\/uploads\\\/2020\\\/09\\\/20200722_153424_0000.png?fit=1500%2C1500&ssl=1\",\"width\":1500,\"height\":1500,\"caption\":\"Greenspells\"},\"image\":{\"@id\":\"https:\\\/\\\/greenspells.com\\\/#\\\/schema\\\/logo\\\/image\\\/\"},\"sameAs\":[\"https:\\\/\\\/www.facebook.com\\\/Greenspells\",\"https:\\\/\\\/www.instagram.com\\\/greenspells_store\\\/\"]}]}<\/script>\n<!-- \/ Yoast SEO plugin. -->","yoast_head_json":{"title":"NCLA BEAUTY  Hi, Butter  Mango - Greenspells","description":"Ultra dr\u0117kinantis, velvetin\u0117s tekst\u016bros, nuostabaus aromato k\u016bno sviestas, nat\u016bralus! Oda pamils i\u0161 pirmo pot\u0117pio!","robots":{"index":"index","follow":"follow","max-snippet":"max-snippet:-1","max-image-preview":"max-image-preview:large","max-video-preview":"max-video-preview:-1"},"canonical":"https:\/\/greenspells.com\/lt\/produktas\/ncla-beauty-hi-butter-mango\/","og_locale":"lt_LT","og_type":"article","og_title":"NCLA BEAUTY  Hi, Butter  Mango - Greenspells","og_description":"Ultra dr\u0117kinantis, velvetin\u0117s tekst\u016bros, nuostabaus aromato k\u016bno sviestas, nat\u016bralus! Oda pamils i\u0161 pirmo pot\u0117pio!","og_url":"https:\/\/greenspells.com\/lt\/produktas\/ncla-beauty-hi-butter-mango\/","og_site_name":"Greenspells","article_publisher":"https:\/\/www.facebook.com\/Greenspells","article_modified_time":"2026-03-04T06:32:20+00:00","og_image":[{"width":1000,"height":1000,"url":"https:\/\/greenspells.com\/wp-content\/uploads\/2023\/01\/hi-butter-mango-677514_1000x.jpg","type":"image\/jpeg"}],"twitter_card":"summary_large_image","twitter_misc":{"Est. reading time":"1 minut\u0117"},"schema":{"@context":"https:\/\/schema.org","@graph":[{"@type":"WebPage","@id":"https:\/\/greenspells.com\/product\/ncla-beauty-hi-butter-mango\/","url":"https:\/\/greenspells.com\/product\/ncla-beauty-hi-butter-mango\/","name":"NCLA BEAUTY Hi, Butter Mango - Greenspells","isPartOf":{"@id":"https:\/\/greenspells.com\/#website"},"primaryImageOfPage":{"@id":"https:\/\/greenspells.com\/product\/ncla-beauty-hi-butter-mango\/#primaryimage"},"image":{"@id":"https:\/\/greenspells.com\/product\/ncla-beauty-hi-butter-mango\/#primaryimage"},"thumbnailUrl":"https:\/\/i0.wp.com\/greenspells.com\/wp-content\/uploads\/2023\/01\/hi-butter-mango-677514_1000x.jpg?fit=1000%2C1000&ssl=1","datePublished":"2023-01-31T18:33:23+00:00","dateModified":"2026-03-04T06:32:20+00:00","description":"Ultra dr\u0117kinantis, velvetin\u0117s tekst\u016bros, nuostabaus aromato k\u016bno sviestas, nat\u016bralus! Oda pamils i\u0161 pirmo pot\u0117pio!","breadcrumb":{"@id":"https:\/\/greenspells.com\/product\/ncla-beauty-hi-butter-mango\/#breadcrumb"},"inLanguage":"lt-LT","potentialAction":[{"@type":"ReadAction","target":["https:\/\/greenspells.com\/product\/ncla-beauty-hi-butter-mango\/"]}]},{"@type":"ImageObject","inLanguage":"lt-LT","@id":"https:\/\/greenspells.com\/product\/ncla-beauty-hi-butter-mango\/#primaryimage","url":"https:\/\/i0.wp.com\/greenspells.com\/wp-content\/uploads\/2023\/01\/hi-butter-mango-677514_1000x.jpg?fit=1000%2C1000&ssl=1","contentUrl":"https:\/\/i0.wp.com\/greenspells.com\/wp-content\/uploads\/2023\/01\/hi-butter-mango-677514_1000x.jpg?fit=1000%2C1000&ssl=1","width":1000,"height":1000},{"@type":"BreadcrumbList","@id":"https:\/\/greenspells.com\/product\/ncla-beauty-hi-butter-mango\/#breadcrumb","itemListElement":[{"@type":"ListItem","position":1,"name":"Home","item":"https:\/\/greenspells.com\/"},{"@type":"ListItem","position":2,"name":"Shop","item":"https:\/\/greenspells.com\/shop\/"},{"@type":"ListItem","position":3,"name":"NCLA BEAUTY Hi, Butter Mango"}]},{"@type":"WebSite","@id":"https:\/\/greenspells.com\/#website","url":"https:\/\/greenspells.com\/","name":"Greenspells","description":"Nat\u016brali ir ekologi\u0161ka kosmetika","publisher":{"@id":"https:\/\/greenspells.com\/#organization"},"potentialAction":[{"@type":"SearchAction","target":{"@type":"EntryPoint","urlTemplate":"https:\/\/greenspells.com\/?s={search_term_string}"},"query-input":{"@type":"PropertyValueSpecification","valueRequired":true,"valueName":"search_term_string"}}],"inLanguage":"lt-LT"},{"@type":"Organization","@id":"https:\/\/greenspells.com\/#organization","name":"Greenspells","url":"https:\/\/greenspells.com\/","logo":{"@type":"ImageObject","inLanguage":"lt-LT","@id":"https:\/\/greenspells.com\/#\/schema\/logo\/image\/","url":"https:\/\/i0.wp.com\/greenspells.com\/wp-content\/uploads\/2020\/09\/20200722_153424_0000.png?fit=1500%2C1500&ssl=1","contentUrl":"https:\/\/i0.wp.com\/greenspells.com\/wp-content\/uploads\/2020\/09\/20200722_153424_0000.png?fit=1500%2C1500&ssl=1","width":1500,"height":1500,"caption":"Greenspells"},"image":{"@id":"https:\/\/greenspells.com\/#\/schema\/logo\/image\/"},"sameAs":["https:\/\/www.facebook.com\/Greenspells","https:\/\/www.instagram.com\/greenspells_store\/"]}]}},"jetpack_likes_enabled":true,"jetpack_sharing_enabled":true,"_links":{"self":[{"href":"https:\/\/greenspells.com\/lt\/wp-json\/wp\/v2\/product\/1671605","targetHints":{"allow":["GET"]}}],"collection":[{"href":"https:\/\/greenspells.com\/lt\/wp-json\/wp\/v2\/product"}],"about":[{"href":"https:\/\/greenspells.com\/lt\/wp-json\/wp\/v2\/types\/product"}],"replies":[{"embeddable":true,"href":"https:\/\/greenspells.com\/lt\/wp-json\/wp\/v2\/comments?post=1671605"}],"wp:featuredmedia":[{"embeddable":true,"href":"https:\/\/greenspells.com\/lt\/wp-json\/wp\/v2\/media\/1671606"}],"wp:attachment":[{"href":"https:\/\/greenspells.com\/lt\/wp-json\/wp\/v2\/media?parent=1671605"}],"wp:term":[{"taxonomy":"product_brand","embeddable":true,"href":"https:\/\/greenspells.com\/lt\/wp-json\/wp\/v2\/product_brand?post=1671605"},{"taxonomy":"product_cat","embeddable":true,"href":"https:\/\/greenspells.com\/lt\/wp-json\/wp\/v2\/product_cat?post=1671605"},{"taxonomy":"product_tag","embeddable":true,"href":"https:\/\/greenspells.com\/lt\/wp-json\/wp\/v2\/product_tag?post=1671605"}],"curies":[{"name":"wp","href":"https:\/\/api.w.org\/{rel}","templated":true}]}}