{"id":1671346,"date":"2022-11-04T10:46:37","date_gmt":"2022-11-04T08:46:37","guid":{"rendered":"https:\/\/greenspells.com\/?post_type=product&#038;p=1671346"},"modified":"2023-05-05T12:17:49","modified_gmt":"2023-05-05T10:17:49","slug":"ere-perez-lychee-creme-corector","status":"publish","type":"product","link":"https:\/\/greenspells.com\/lt\/produktas\/ere-perez-lychee-creme-corector\/","title":{"rendered":"ERE PEREZ <br> Kreminis korektorius su li\u010diais"},"content":{"rendered":"<p><span style=\"color: #000000; font-family: 'Playfair Display'; font-size: 14px;\">Papildykite savo makia\u017e\u0105 \u0161iuo kreminiu, neutralizuojan\u010diu, spalvas koreguojan\u010diu korektoriumi, skirtu paakiams ir visam veidui!<\/span><\/p>\n<p style=\"box-sizing: border-box; color: #000000; margin-bottom: 8.33333px; font-size: 0.93333em; font-family: 'Playfair Display';\">Nat\u016braliausi\u0173, prisitaikan\u010di\u0173 atspalvi\u0173  ypa\u010d pigmentuotas, labai skalsus produktas - u\u017eteks tikrai ilgam! Labai lengvai skirstosi, mai\u0161osi ant odos, puikiai maskuoja \u012fvairias d\u0117meles, paraudimus, paakius.<\/p>\n<p style=\"box-sizing: border-box; color: #000000; margin-bottom: 8.33333px; font-size: 0.93333em; font-family: 'Playfair Display';\">Super dr\u0117kinanti formul\u0117, visi\u0161kai nesub\u0117ganti \u012f rauk\u0161leles, praturtinta li\u010dias ir vitaminais E ir C - skaistina ir dr\u0117kina od\u0105. Pilno padengimo, suteikia nat\u016bralaus \u0161vyt\u0117jimo, koreguoja spalv\u0105, atspindi \u0161vies\u0105, nuskaistina vis\u0105 veid\u0105.<\/p>\n<p style=\"box-sizing: border-box; color: #000000; margin-bottom: 8.33333px; font-size: 0.93333em; font-family: 'Playfair Display';\">Puiki kombinacija naudoti kartu su <a href=\"https:\/\/greenspells.com\/lt\/produktas\/ere-perez-oat-milk-natural-foundation\/\" target=\"_blank\" rel=\"noopener\">Oat Milk foundation<\/a> taip pat galima ir vien\u0105 naudoti ant \u0161varios odos. Jauninantis odos tono korektorius labai gra\u017eiai maskuoja \u012fvairias d\u0117meles - jis kaip ilgiausias nakties gro\u017eio miegas buteliuke!<\/p>\n<p>10ml<\/p>\n<p><em><strong>Kaip naudoti?<\/strong><\/em><\/p>\n<p>Paaki\u0173 zonai skaistinti, paskleiskite nedidel\u012f kiek\u012f korektoriaus vidiniuose ir i\u0161oriniuose akies kampu\u010diuose, \u0161velniai \u012ftap\u0161nokite.<\/p>\n<p>Pir\u0161t\u0173 galiukais, arba \u0161epet\u0117liu tepkite ant odos ir \u0161velniai paskirstykite po veid\u0105, ar tik po reikiamas vietas.<\/p>\n<p>Naudokite m\u016bs\u0173 Eco Vegan makia\u017eo \u0161epet\u0117lius geriausiam padengimui.<\/p>\n<p><em><strong>Ingredientai<\/strong><\/em>:<\/p>\n<p><span style=\"color: #000000; font-family: 'Playfair Display'; font-size: 14px;\">Aqua (water), coco-caprylate\/caprate, glycerin, polyglyceryl-3 polyricinoleate, litchi chinensis pericarp (lychee) extract, tocopheryl acetate (vitamin e), ascorbyl palmitate, butylene glycol, polyhydroxystearic acid, magnesium sulfate, citric acid, ethylhexylglycerin, potassium sorbate, sodium salicylate. +\/- CI 77891\/titanium dioxide, CI 77491, CI 77499, CI 77492\/iron oxides.<\/span><\/p>","protected":false},"excerpt":{"rendered":"<p>Wake up your makeup with this creamy neutralising cover for under-eyes &amp; face! Flexi-shade and high-pigmented, a little goes a long way. Easy to blend for spot coverage &amp; assisting with discolouration and redness. A super moisturising creaseless formula enriched with lychee &amp; vitamins E &amp; C \u2013 to brighten and hydrate skin. Full coverage [&hellip;]<\/p>\n","protected":false},"featured_media":1671351,"comment_status":"open","ping_status":"closed","template":"","meta":{"content-type":"","_monsterinsights_skip_tracking":false,"_monsterinsights_sitenote_active":false,"_monsterinsights_sitenote_note":"","_monsterinsights_sitenote_category":0,"_uf_show_specific_survey":0,"_uf_disable_surveys":false},"product_brand":[],"product_cat":[1328,133,131,42,15],"product_tag":[1469,1471,578,1473,1474,1472,1470],"class_list":{"0":"post-1671346","1":"product","2":"type-product","3":"status-publish","4":"has-post-thumbnail","6":"product_cat-babyblog-top","7":"product_cat-complexion","8":"product_cat-eyes","9":"product_cat-make-up","10":"product_cat-all-products","11":"product_tag-creme-corector","12":"product_tag-dark-circles","13":"product_tag-ere-perez","14":"product_tag-paakiu-maskuoklis","15":"product_tag-spalvos-korektorius","16":"product_tag-tamsiems-paakiams","17":"product_tag-undereyes","19":"first","20":"instock","21":"taxable","22":"shipping-taxable","23":"purchasable","24":"product-type-variable"},"bundled_by":[],"bundle_stock_status":"instock","bundle_stock_quantity":null,"bundle_virtual":false,"bundle_layout":"","bundle_add_to_cart_form_location":"","bundle_editable_in_cart":false,"bundle_sold_individually_context":"","bundle_item_grouping":"","bundle_min_size":"","bundle_max_size":"","bundle_price":[],"bundled_items":[],"bundle_sell_ids":[],"group_of_quantity":0,"min_quantity":0,"max_quantity":"","exclude_order_quantity_value_rules":"no","exclude_category_quantity_rules":"no","combine_variations":"no","exclude_global_add_ons":[],"addons":[],"yoast_head":"<!-- This site is optimized with the Yoast SEO plugin v27.5 - https:\/\/yoast.com\/product\/yoast-seo-wordpress\/ -->\n<title>ERE PEREZ  Lychee Creme Corector - Greenspells<\/title>\n<meta name=\"description\" content=\"Creamy neutralising cover for under-eyes &amp; face! Full coverage for healthy natural radiance, it corrects, adds light and illuminates complexions.\" \/>\n<meta name=\"robots\" content=\"index, follow, max-snippet:-1, max-image-preview:large, max-video-preview:-1\" \/>\n<link rel=\"canonical\" href=\"https:\/\/greenspells.com\/lt\/produktas\/ere-perez-lychee-creme-corector\/\" \/>\n<meta property=\"og:locale\" content=\"lt_LT\" \/>\n<meta property=\"og:type\" content=\"article\" \/>\n<meta property=\"og:title\" content=\"ERE PEREZ  Lychee Creme Corector - Greenspells\" \/>\n<meta property=\"og:description\" content=\"Creamy neutralising cover for under-eyes &amp; face! Full coverage for healthy natural radiance, it corrects, adds light and illuminates complexions.\" \/>\n<meta property=\"og:url\" content=\"https:\/\/greenspells.com\/lt\/produktas\/ere-perez-lychee-creme-corector\/\" \/>\n<meta property=\"og:site_name\" content=\"Greenspells\" \/>\n<meta property=\"article:publisher\" content=\"https:\/\/www.facebook.com\/Greenspells\" \/>\n<meta property=\"article:modified_time\" content=\"2023-05-05T10:17:49+00:00\" \/>\n<meta property=\"og:image\" content=\"https:\/\/greenspells.com\/wp-content\/uploads\/2022\/11\/lychee-creme-corrector-372953_480x480@2x.jpg\" \/>\n\t<meta property=\"og:image:width\" content=\"960\" \/>\n\t<meta property=\"og:image:height\" content=\"960\" \/>\n\t<meta property=\"og:image:type\" content=\"image\/jpeg\" \/>\n<meta name=\"twitter:card\" content=\"summary_large_image\" \/>\n<meta name=\"twitter:label1\" content=\"Est. reading time\" \/>\n\t<meta name=\"twitter:data1\" content=\"1 minut\u0117\" \/>\n<script type=\"application\/ld+json\" class=\"yoast-schema-graph\">{\"@context\":\"https:\\\/\\\/schema.org\",\"@graph\":[{\"@type\":\"WebPage\",\"@id\":\"https:\\\/\\\/greenspells.com\\\/product\\\/ere-perez-lychee-creme-corector\\\/\",\"url\":\"https:\\\/\\\/greenspells.com\\\/product\\\/ere-perez-lychee-creme-corector\\\/\",\"name\":\"ERE PEREZ Lychee Creme Corector - Greenspells\",\"isPartOf\":{\"@id\":\"https:\\\/\\\/greenspells.com\\\/#website\"},\"primaryImageOfPage\":{\"@id\":\"https:\\\/\\\/greenspells.com\\\/product\\\/ere-perez-lychee-creme-corector\\\/#primaryimage\"},\"image\":{\"@id\":\"https:\\\/\\\/greenspells.com\\\/product\\\/ere-perez-lychee-creme-corector\\\/#primaryimage\"},\"thumbnailUrl\":\"https:\\\/\\\/i0.wp.com\\\/greenspells.com\\\/wp-content\\\/uploads\\\/2022\\\/11\\\/lychee-creme-corrector-372953_480x480%402x.jpg?fit=960%2C960&ssl=1\",\"datePublished\":\"2022-11-04T08:46:37+00:00\",\"dateModified\":\"2023-05-05T10:17:49+00:00\",\"description\":\"Creamy neutralising cover for under-eyes & face! Full coverage for healthy natural radiance, it corrects, adds light and illuminates complexions.\",\"breadcrumb\":{\"@id\":\"https:\\\/\\\/greenspells.com\\\/product\\\/ere-perez-lychee-creme-corector\\\/#breadcrumb\"},\"inLanguage\":\"lt-LT\",\"potentialAction\":[{\"@type\":\"ReadAction\",\"target\":[\"https:\\\/\\\/greenspells.com\\\/product\\\/ere-perez-lychee-creme-corector\\\/\"]}]},{\"@type\":\"ImageObject\",\"inLanguage\":\"lt-LT\",\"@id\":\"https:\\\/\\\/greenspells.com\\\/product\\\/ere-perez-lychee-creme-corector\\\/#primaryimage\",\"url\":\"https:\\\/\\\/i0.wp.com\\\/greenspells.com\\\/wp-content\\\/uploads\\\/2022\\\/11\\\/lychee-creme-corrector-372953_480x480%402x.jpg?fit=960%2C960&ssl=1\",\"contentUrl\":\"https:\\\/\\\/i0.wp.com\\\/greenspells.com\\\/wp-content\\\/uploads\\\/2022\\\/11\\\/lychee-creme-corrector-372953_480x480%402x.jpg?fit=960%2C960&ssl=1\",\"width\":960,\"height\":960},{\"@type\":\"BreadcrumbList\",\"@id\":\"https:\\\/\\\/greenspells.com\\\/product\\\/ere-perez-lychee-creme-corector\\\/#breadcrumb\",\"itemListElement\":[{\"@type\":\"ListItem\",\"position\":1,\"name\":\"Home\",\"item\":\"https:\\\/\\\/greenspells.com\\\/\"},{\"@type\":\"ListItem\",\"position\":2,\"name\":\"Shop\",\"item\":\"https:\\\/\\\/greenspells.com\\\/shop\\\/\"},{\"@type\":\"ListItem\",\"position\":3,\"name\":\"ERE PEREZ Lychee Creme Corector\"}]},{\"@type\":\"WebSite\",\"@id\":\"https:\\\/\\\/greenspells.com\\\/#website\",\"url\":\"https:\\\/\\\/greenspells.com\\\/\",\"name\":\"Greenspells\",\"description\":\"Nat\u016brali ir ekologi\u0161ka kosmetika\",\"publisher\":{\"@id\":\"https:\\\/\\\/greenspells.com\\\/#organization\"},\"potentialAction\":[{\"@type\":\"SearchAction\",\"target\":{\"@type\":\"EntryPoint\",\"urlTemplate\":\"https:\\\/\\\/greenspells.com\\\/?s={search_term_string}\"},\"query-input\":{\"@type\":\"PropertyValueSpecification\",\"valueRequired\":true,\"valueName\":\"search_term_string\"}}],\"inLanguage\":\"lt-LT\"},{\"@type\":\"Organization\",\"@id\":\"https:\\\/\\\/greenspells.com\\\/#organization\",\"name\":\"Greenspells\",\"url\":\"https:\\\/\\\/greenspells.com\\\/\",\"logo\":{\"@type\":\"ImageObject\",\"inLanguage\":\"lt-LT\",\"@id\":\"https:\\\/\\\/greenspells.com\\\/#\\\/schema\\\/logo\\\/image\\\/\",\"url\":\"https:\\\/\\\/i0.wp.com\\\/greenspells.com\\\/wp-content\\\/uploads\\\/2020\\\/09\\\/20200722_153424_0000.png?fit=1500%2C1500&ssl=1\",\"contentUrl\":\"https:\\\/\\\/i0.wp.com\\\/greenspells.com\\\/wp-content\\\/uploads\\\/2020\\\/09\\\/20200722_153424_0000.png?fit=1500%2C1500&ssl=1\",\"width\":1500,\"height\":1500,\"caption\":\"Greenspells\"},\"image\":{\"@id\":\"https:\\\/\\\/greenspells.com\\\/#\\\/schema\\\/logo\\\/image\\\/\"},\"sameAs\":[\"https:\\\/\\\/www.facebook.com\\\/Greenspells\",\"https:\\\/\\\/www.instagram.com\\\/greenspells_store\\\/\"]}]}<\/script>\n<!-- \/ Yoast SEO plugin. -->","yoast_head_json":{"title":"ERE PEREZ  Lychee Creme Corector - Greenspells","description":"Creamy neutralising cover for under-eyes & face! Full coverage for healthy natural radiance, it corrects, adds light and illuminates complexions.","robots":{"index":"index","follow":"follow","max-snippet":"max-snippet:-1","max-image-preview":"max-image-preview:large","max-video-preview":"max-video-preview:-1"},"canonical":"https:\/\/greenspells.com\/lt\/produktas\/ere-perez-lychee-creme-corector\/","og_locale":"lt_LT","og_type":"article","og_title":"ERE PEREZ  Lychee Creme Corector - Greenspells","og_description":"Creamy neutralising cover for under-eyes & face! Full coverage for healthy natural radiance, it corrects, adds light and illuminates complexions.","og_url":"https:\/\/greenspells.com\/lt\/produktas\/ere-perez-lychee-creme-corector\/","og_site_name":"Greenspells","article_publisher":"https:\/\/www.facebook.com\/Greenspells","article_modified_time":"2023-05-05T10:17:49+00:00","og_image":[{"width":960,"height":960,"url":"https:\/\/greenspells.com\/wp-content\/uploads\/2022\/11\/lychee-creme-corrector-372953_480x480@2x.jpg","type":"image\/jpeg"}],"twitter_card":"summary_large_image","twitter_misc":{"Est. reading time":"1 minut\u0117"},"schema":{"@context":"https:\/\/schema.org","@graph":[{"@type":"WebPage","@id":"https:\/\/greenspells.com\/product\/ere-perez-lychee-creme-corector\/","url":"https:\/\/greenspells.com\/product\/ere-perez-lychee-creme-corector\/","name":"ERE PEREZ Lychee Creme Corector - Greenspells","isPartOf":{"@id":"https:\/\/greenspells.com\/#website"},"primaryImageOfPage":{"@id":"https:\/\/greenspells.com\/product\/ere-perez-lychee-creme-corector\/#primaryimage"},"image":{"@id":"https:\/\/greenspells.com\/product\/ere-perez-lychee-creme-corector\/#primaryimage"},"thumbnailUrl":"https:\/\/i0.wp.com\/greenspells.com\/wp-content\/uploads\/2022\/11\/lychee-creme-corrector-372953_480x480%402x.jpg?fit=960%2C960&ssl=1","datePublished":"2022-11-04T08:46:37+00:00","dateModified":"2023-05-05T10:17:49+00:00","description":"Creamy neutralising cover for under-eyes & face! Full coverage for healthy natural radiance, it corrects, adds light and illuminates complexions.","breadcrumb":{"@id":"https:\/\/greenspells.com\/product\/ere-perez-lychee-creme-corector\/#breadcrumb"},"inLanguage":"lt-LT","potentialAction":[{"@type":"ReadAction","target":["https:\/\/greenspells.com\/product\/ere-perez-lychee-creme-corector\/"]}]},{"@type":"ImageObject","inLanguage":"lt-LT","@id":"https:\/\/greenspells.com\/product\/ere-perez-lychee-creme-corector\/#primaryimage","url":"https:\/\/i0.wp.com\/greenspells.com\/wp-content\/uploads\/2022\/11\/lychee-creme-corrector-372953_480x480%402x.jpg?fit=960%2C960&ssl=1","contentUrl":"https:\/\/i0.wp.com\/greenspells.com\/wp-content\/uploads\/2022\/11\/lychee-creme-corrector-372953_480x480%402x.jpg?fit=960%2C960&ssl=1","width":960,"height":960},{"@type":"BreadcrumbList","@id":"https:\/\/greenspells.com\/product\/ere-perez-lychee-creme-corector\/#breadcrumb","itemListElement":[{"@type":"ListItem","position":1,"name":"Home","item":"https:\/\/greenspells.com\/"},{"@type":"ListItem","position":2,"name":"Shop","item":"https:\/\/greenspells.com\/shop\/"},{"@type":"ListItem","position":3,"name":"ERE PEREZ Lychee Creme Corector"}]},{"@type":"WebSite","@id":"https:\/\/greenspells.com\/#website","url":"https:\/\/greenspells.com\/","name":"Greenspells","description":"Nat\u016brali ir ekologi\u0161ka kosmetika","publisher":{"@id":"https:\/\/greenspells.com\/#organization"},"potentialAction":[{"@type":"SearchAction","target":{"@type":"EntryPoint","urlTemplate":"https:\/\/greenspells.com\/?s={search_term_string}"},"query-input":{"@type":"PropertyValueSpecification","valueRequired":true,"valueName":"search_term_string"}}],"inLanguage":"lt-LT"},{"@type":"Organization","@id":"https:\/\/greenspells.com\/#organization","name":"Greenspells","url":"https:\/\/greenspells.com\/","logo":{"@type":"ImageObject","inLanguage":"lt-LT","@id":"https:\/\/greenspells.com\/#\/schema\/logo\/image\/","url":"https:\/\/i0.wp.com\/greenspells.com\/wp-content\/uploads\/2020\/09\/20200722_153424_0000.png?fit=1500%2C1500&ssl=1","contentUrl":"https:\/\/i0.wp.com\/greenspells.com\/wp-content\/uploads\/2020\/09\/20200722_153424_0000.png?fit=1500%2C1500&ssl=1","width":1500,"height":1500,"caption":"Greenspells"},"image":{"@id":"https:\/\/greenspells.com\/#\/schema\/logo\/image\/"},"sameAs":["https:\/\/www.facebook.com\/Greenspells","https:\/\/www.instagram.com\/greenspells_store\/"]}]}},"jetpack_likes_enabled":true,"jetpack_sharing_enabled":true,"_links":{"self":[{"href":"https:\/\/greenspells.com\/lt\/wp-json\/wp\/v2\/product\/1671346","targetHints":{"allow":["GET"]}}],"collection":[{"href":"https:\/\/greenspells.com\/lt\/wp-json\/wp\/v2\/product"}],"about":[{"href":"https:\/\/greenspells.com\/lt\/wp-json\/wp\/v2\/types\/product"}],"replies":[{"embeddable":true,"href":"https:\/\/greenspells.com\/lt\/wp-json\/wp\/v2\/comments?post=1671346"}],"wp:featuredmedia":[{"embeddable":true,"href":"https:\/\/greenspells.com\/lt\/wp-json\/wp\/v2\/media\/1671351"}],"wp:attachment":[{"href":"https:\/\/greenspells.com\/lt\/wp-json\/wp\/v2\/media?parent=1671346"}],"wp:term":[{"taxonomy":"product_brand","embeddable":true,"href":"https:\/\/greenspells.com\/lt\/wp-json\/wp\/v2\/product_brand?post=1671346"},{"taxonomy":"product_cat","embeddable":true,"href":"https:\/\/greenspells.com\/lt\/wp-json\/wp\/v2\/product_cat?post=1671346"},{"taxonomy":"product_tag","embeddable":true,"href":"https:\/\/greenspells.com\/lt\/wp-json\/wp\/v2\/product_tag?post=1671346"}],"curies":[{"name":"wp","href":"https:\/\/api.w.org\/{rel}","templated":true}]}}