{"id":1671331,"date":"2022-11-02T12:00:15","date_gmt":"2022-11-02T10:00:15","guid":{"rendered":"https:\/\/greenspells.com\/?post_type=product&#038;p=1671331"},"modified":"2023-03-11T11:02:51","modified_gmt":"2023-03-11T09:02:51","slug":"ere-perez-eco-vegan-brush-kabuki","status":"publish","type":"product","link":"https:\/\/greenspells.com\/lt\/produktas\/ere-perez-eco-vegan-brush-kabuki\/","title":{"rendered":"ERE PEREZ <br> Eco Vegan <br> Makia\u017eo \u0161epet\u0117lis KABUKI"},"content":{"rendered":"<p>Daugiafunkcinis \u0161epet\u0117lis, tinkantis biriems produktams - pudroms. Medin\u0117 ranken\u0117l\u0117, vegani\u0161ki \u0161ereliai. Sukuria tobul\u0105 padengim\u0105!<\/p>\n<p>Pagamintas i\u0161 kokybi\u0161k\u0173 med\u017eiag\u0173 - vegani\u0161k\u0173 \u0161ereli\u0173 ir kukur\u016bz\u0173 rezino ranken\u0117l\u0117s.<\/p>\n<p><em><strong>Kaip naudoti?<\/strong><\/em><\/p>\n<p>1. Kruop\u0161\u010diai i\u0161plaukite.<\/p>\n<p>2. \u0160velniai suformuokite \u0161epet\u0117l\u012f ir leiskite nat\u016braliai i\u0161d\u017ei\u016bti ant plok\u0161\u010dio pavir\u0161iaus.<\/p>\n<p><em><strong>Ingredientai<\/strong><\/em>:<\/p>\n<p style=\"box-sizing: border-box; color: #000000; margin-bottom: 8.33333px; font-size: 0.93333em; font-family: 'Playfair Display';\">Kukur\u016bz\u0173 rezino ranken\u0117l\u0117<\/p>\n<p style=\"box-sizing: border-box; color: #000000; margin-bottom: 8.33333px; font-size: 0.93333em; font-family: 'Playfair Display';\">Tai tvari alternatyva naftos pagrindo plastikams.<\/p>\n<p style=\"box-sizing: border-box; color: #000000; margin-bottom: 8.33333px; font-size: 0.93333em; font-family: 'Playfair Display';\">Nailono \u0161ereliai<\/p>\n<p style=\"box-sizing: border-box; color: #000000; margin-bottom: 8.33333px; font-size: 0.93333em; font-family: 'Playfair Display';\">Vegani\u0161ki, higieni\u0161kesni u\u017e nat\u016bralius, kadangi neturi joki\u0173 \u012ftr\u016bkim\u0173 pavir\u0161iuje. Tinka net jautriausiai odai, nesukelia alergijos odai, akims. Savaime suprantama, sintetiniai \u0161epet\u0117liai yra gyv\u016bnams draugi\u0161ki, j\u0173 gamybai nenukent\u0117jo nei vienas gyv\u016bnas!<\/p>\n<p>&nbsp;<\/p>\n<p>&nbsp;<\/p>","protected":false},"excerpt":{"rendered":"<p>Multipurpose brush for our natural calendula powder foundations and translucent corn powder. Featuring wood handle and vegan bristles. Achieves optimum coverage with a soft head to gather powder and dust smoothly over the face. Made with quality materials \u2013 vegan bristles and a corn resin handle. How to use it? 1. Wash from base to [&hellip;]<\/p>","protected":false},"featured_media":1671332,"comment_status":"open","ping_status":"closed","template":"","meta":{"content-type":"","_monsterinsights_skip_tracking":false,"_monsterinsights_sitenote_active":false,"_monsterinsights_sitenote_note":"","_monsterinsights_sitenote_category":0,"_uf_show_specific_survey":0,"_uf_disable_surveys":false},"product_brand":[],"product_cat":[42,1446,15],"product_tag":[1457,578,1460,1461,1458,1447,1450,1459,1451,1455,1456,1462,1454,1453,1448,1449,1452],"class_list":{"0":"post-1671331","1":"product","2":"type-product","3":"status-publish","4":"has-post-thumbnail","6":"product_cat-make-up","7":"product_cat-other-2","8":"product_cat-all-products","9":"product_tag-conceal-brush","10":"product_tag-ere-perez","11":"product_tag-kabuki-brush","12":"product_tag-kabuki-sepetelis","13":"product_tag-lip-brush","14":"product_tag-make-up-brush","15":"product_tag-makiazo-sepeteliai","16":"product_tag-makiazo-sepetelis-lupoms","17":"product_tag-sepeteliai-makiazui","18":"product_tag-sepetelis-antakiams","19":"product_tag-sepetelis-concealeriui","20":"product_tag-sepetelis-pudrai","21":"product_tag-sepetelis-seseliams","22":"product_tag-sintetiniai-sepeteliai","23":"product_tag-vegan-brush","24":"product_tag-vegan-make-up-brush","25":"product_tag-veganiski-sepeteliai","27":"first","28":"instock","29":"taxable","30":"shipping-taxable","31":"purchasable","32":"product-type-simple"},"bundled_by":[],"bundle_stock_status":"instock","bundle_stock_quantity":null,"bundle_virtual":false,"bundle_layout":"","bundle_add_to_cart_form_location":"","bundle_editable_in_cart":false,"bundle_sold_individually_context":"","bundle_item_grouping":"","bundle_min_size":"","bundle_max_size":"","bundle_price":[],"bundled_items":[],"bundle_sell_ids":[],"group_of_quantity":0,"min_quantity":0,"max_quantity":"","exclude_order_quantity_value_rules":"no","exclude_category_quantity_rules":"no","combine_variations":"no","exclude_global_add_ons":[],"addons":[],"yoast_head":"<!-- This site is optimized with the Yoast SEO plugin v27.3 - https:\/\/yoast.com\/product\/yoast-seo-wordpress\/ -->\n<title>ERE PEREZ  Eco Vegan  KABUKI Brush - Greenspells<\/title>\n<meta name=\"description\" content=\"Multipurpose brush for our natural calendula powder foundations and translucent corn powder. Featuring wood handle and vegan bristles. Achieves optimum coverage with a soft head to gather powder and dust smoothly over the face.\" \/>\n<meta name=\"robots\" content=\"index, follow, max-snippet:-1, max-image-preview:large, max-video-preview:-1\" \/>\n<link rel=\"canonical\" href=\"https:\/\/greenspells.com\/lt\/produktas\/ere-perez-eco-vegan-brush-kabuki\/\" \/>\n<meta property=\"og:locale\" content=\"lt_LT\" \/>\n<meta property=\"og:type\" content=\"article\" \/>\n<meta property=\"og:title\" content=\"ERE PEREZ  Eco Vegan  KABUKI Brush - Greenspells\" \/>\n<meta property=\"og:description\" content=\"Multipurpose brush for our natural calendula powder foundations and translucent corn powder. Featuring wood handle and vegan bristles. Achieves optimum coverage with a soft head to gather powder and dust smoothly over the face.\" \/>\n<meta property=\"og:url\" content=\"https:\/\/greenspells.com\/lt\/produktas\/ere-perez-eco-vegan-brush-kabuki\/\" \/>\n<meta property=\"og:site_name\" content=\"Greenspells\" \/>\n<meta property=\"article:publisher\" content=\"https:\/\/www.facebook.com\/Greenspells\" \/>\n<meta property=\"article:modified_time\" content=\"2023-03-11T09:02:51+00:00\" \/>\n<meta property=\"og:image\" content=\"https:\/\/greenspells.com\/wp-content\/uploads\/2022\/11\/eco-vegan-kabuki-brush-391532_480x480@2x.jpg\" \/>\n\t<meta property=\"og:image:width\" content=\"960\" \/>\n\t<meta property=\"og:image:height\" content=\"960\" \/>\n\t<meta property=\"og:image:type\" content=\"image\/jpeg\" \/>\n<meta name=\"twitter:card\" content=\"summary_large_image\" \/>\n<meta name=\"twitter:label1\" content=\"Est. reading time\" \/>\n\t<meta name=\"twitter:data1\" content=\"1 minut\u0117\" \/>\n<script type=\"application\/ld+json\" class=\"yoast-schema-graph\">{\"@context\":\"https:\\\/\\\/schema.org\",\"@graph\":[{\"@type\":\"WebPage\",\"@id\":\"https:\\\/\\\/greenspells.com\\\/product\\\/ere-perez-eco-vegan-brush-kabuki\\\/\",\"url\":\"https:\\\/\\\/greenspells.com\\\/product\\\/ere-perez-eco-vegan-brush-kabuki\\\/\",\"name\":\"ERE PEREZ Eco Vegan KABUKI Brush - Greenspells\",\"isPartOf\":{\"@id\":\"https:\\\/\\\/greenspells.com\\\/#website\"},\"primaryImageOfPage\":{\"@id\":\"https:\\\/\\\/greenspells.com\\\/product\\\/ere-perez-eco-vegan-brush-kabuki\\\/#primaryimage\"},\"image\":{\"@id\":\"https:\\\/\\\/greenspells.com\\\/product\\\/ere-perez-eco-vegan-brush-kabuki\\\/#primaryimage\"},\"thumbnailUrl\":\"https:\\\/\\\/i0.wp.com\\\/greenspells.com\\\/wp-content\\\/uploads\\\/2022\\\/11\\\/eco-vegan-kabuki-brush-391532_480x480%402x.jpg?fit=960%2C960&ssl=1\",\"datePublished\":\"2022-11-02T10:00:15+00:00\",\"dateModified\":\"2023-03-11T09:02:51+00:00\",\"description\":\"Multipurpose brush for our natural calendula powder foundations and translucent corn powder. Featuring wood handle and vegan bristles. Achieves optimum coverage with a soft head to gather powder and dust smoothly over the face.\",\"breadcrumb\":{\"@id\":\"https:\\\/\\\/greenspells.com\\\/product\\\/ere-perez-eco-vegan-brush-kabuki\\\/#breadcrumb\"},\"inLanguage\":\"lt-LT\",\"potentialAction\":[{\"@type\":\"ReadAction\",\"target\":[\"https:\\\/\\\/greenspells.com\\\/product\\\/ere-perez-eco-vegan-brush-kabuki\\\/\"]}]},{\"@type\":\"ImageObject\",\"inLanguage\":\"lt-LT\",\"@id\":\"https:\\\/\\\/greenspells.com\\\/product\\\/ere-perez-eco-vegan-brush-kabuki\\\/#primaryimage\",\"url\":\"https:\\\/\\\/i0.wp.com\\\/greenspells.com\\\/wp-content\\\/uploads\\\/2022\\\/11\\\/eco-vegan-kabuki-brush-391532_480x480%402x.jpg?fit=960%2C960&ssl=1\",\"contentUrl\":\"https:\\\/\\\/i0.wp.com\\\/greenspells.com\\\/wp-content\\\/uploads\\\/2022\\\/11\\\/eco-vegan-kabuki-brush-391532_480x480%402x.jpg?fit=960%2C960&ssl=1\",\"width\":960,\"height\":960},{\"@type\":\"BreadcrumbList\",\"@id\":\"https:\\\/\\\/greenspells.com\\\/product\\\/ere-perez-eco-vegan-brush-kabuki\\\/#breadcrumb\",\"itemListElement\":[{\"@type\":\"ListItem\",\"position\":1,\"name\":\"Home\",\"item\":\"https:\\\/\\\/greenspells.com\\\/\"},{\"@type\":\"ListItem\",\"position\":2,\"name\":\"Shop\",\"item\":\"https:\\\/\\\/greenspells.com\\\/shop\\\/\"},{\"@type\":\"ListItem\",\"position\":3,\"name\":\"ERE PEREZ Eco Vegan KABUKI Brush\"}]},{\"@type\":\"WebSite\",\"@id\":\"https:\\\/\\\/greenspells.com\\\/#website\",\"url\":\"https:\\\/\\\/greenspells.com\\\/\",\"name\":\"Greenspells\",\"description\":\"Nat\u016brali ir ekologi\u0161ka kosmetika\",\"publisher\":{\"@id\":\"https:\\\/\\\/greenspells.com\\\/#organization\"},\"potentialAction\":[{\"@type\":\"SearchAction\",\"target\":{\"@type\":\"EntryPoint\",\"urlTemplate\":\"https:\\\/\\\/greenspells.com\\\/?s={search_term_string}\"},\"query-input\":{\"@type\":\"PropertyValueSpecification\",\"valueRequired\":true,\"valueName\":\"search_term_string\"}}],\"inLanguage\":\"lt-LT\"},{\"@type\":\"Organization\",\"@id\":\"https:\\\/\\\/greenspells.com\\\/#organization\",\"name\":\"Greenspells\",\"url\":\"https:\\\/\\\/greenspells.com\\\/\",\"logo\":{\"@type\":\"ImageObject\",\"inLanguage\":\"lt-LT\",\"@id\":\"https:\\\/\\\/greenspells.com\\\/#\\\/schema\\\/logo\\\/image\\\/\",\"url\":\"https:\\\/\\\/i0.wp.com\\\/greenspells.com\\\/wp-content\\\/uploads\\\/2020\\\/09\\\/20200722_153424_0000.png?fit=1500%2C1500&ssl=1\",\"contentUrl\":\"https:\\\/\\\/i0.wp.com\\\/greenspells.com\\\/wp-content\\\/uploads\\\/2020\\\/09\\\/20200722_153424_0000.png?fit=1500%2C1500&ssl=1\",\"width\":1500,\"height\":1500,\"caption\":\"Greenspells\"},\"image\":{\"@id\":\"https:\\\/\\\/greenspells.com\\\/#\\\/schema\\\/logo\\\/image\\\/\"},\"sameAs\":[\"https:\\\/\\\/www.facebook.com\\\/Greenspells\",\"https:\\\/\\\/www.instagram.com\\\/greenspells_store\\\/\"]}]}<\/script>\n<!-- \/ Yoast SEO plugin. -->","yoast_head_json":{"title":"ERE PEREZ  Eco Vegan  KABUKI Brush - Greenspells","description":"Daugiafunkcinis \u0161epet\u0117lis, tinkantis biriems produktams - pudroms. Medin\u0117 ranken\u0117l\u0117, vegani\u0161ki \u0161ereliai. Sukuria tobul\u0105 padengim\u0105!","robots":{"index":"index","follow":"follow","max-snippet":"max-snippet:-1","max-image-preview":"max-image-preview:large","max-video-preview":"max-video-preview:-1"},"canonical":"https:\/\/greenspells.com\/lt\/produktas\/ere-perez-eco-vegan-brush-kabuki\/","og_locale":"lt_LT","og_type":"article","og_title":"ERE PEREZ  Eco Vegan  KABUKI Brush - Greenspells","og_description":"Multipurpose brush for our natural calendula powder foundations and translucent corn powder. Featuring wood handle and vegan bristles. Achieves optimum coverage with a soft head to gather powder and dust smoothly over the face.","og_url":"https:\/\/greenspells.com\/lt\/produktas\/ere-perez-eco-vegan-brush-kabuki\/","og_site_name":"Greenspells","article_publisher":"https:\/\/www.facebook.com\/Greenspells","article_modified_time":"2023-03-11T09:02:51+00:00","og_image":[{"width":960,"height":960,"url":"https:\/\/greenspells.com\/wp-content\/uploads\/2022\/11\/eco-vegan-kabuki-brush-391532_480x480@2x.jpg","type":"image\/jpeg"}],"twitter_card":"summary_large_image","twitter_misc":{"Est. reading time":"1 minut\u0117"},"schema":{"@context":"https:\/\/schema.org","@graph":[{"@type":"WebPage","@id":"https:\/\/greenspells.com\/product\/ere-perez-eco-vegan-brush-kabuki\/","url":"https:\/\/greenspells.com\/product\/ere-perez-eco-vegan-brush-kabuki\/","name":"ERE PEREZ Eco Vegan KABUKI Brush - Greenspells","isPartOf":{"@id":"https:\/\/greenspells.com\/#website"},"primaryImageOfPage":{"@id":"https:\/\/greenspells.com\/product\/ere-perez-eco-vegan-brush-kabuki\/#primaryimage"},"image":{"@id":"https:\/\/greenspells.com\/product\/ere-perez-eco-vegan-brush-kabuki\/#primaryimage"},"thumbnailUrl":"https:\/\/i0.wp.com\/greenspells.com\/wp-content\/uploads\/2022\/11\/eco-vegan-kabuki-brush-391532_480x480%402x.jpg?fit=960%2C960&ssl=1","datePublished":"2022-11-02T10:00:15+00:00","dateModified":"2023-03-11T09:02:51+00:00","description":"Daugiafunkcinis \u0161epet\u0117lis, tinkantis biriems produktams - pudroms. Medin\u0117 ranken\u0117l\u0117, vegani\u0161ki \u0161ereliai. Sukuria tobul\u0105 padengim\u0105!","breadcrumb":{"@id":"https:\/\/greenspells.com\/product\/ere-perez-eco-vegan-brush-kabuki\/#breadcrumb"},"inLanguage":"lt-LT","potentialAction":[{"@type":"ReadAction","target":["https:\/\/greenspells.com\/product\/ere-perez-eco-vegan-brush-kabuki\/"]}]},{"@type":"ImageObject","inLanguage":"lt-LT","@id":"https:\/\/greenspells.com\/product\/ere-perez-eco-vegan-brush-kabuki\/#primaryimage","url":"https:\/\/i0.wp.com\/greenspells.com\/wp-content\/uploads\/2022\/11\/eco-vegan-kabuki-brush-391532_480x480%402x.jpg?fit=960%2C960&ssl=1","contentUrl":"https:\/\/i0.wp.com\/greenspells.com\/wp-content\/uploads\/2022\/11\/eco-vegan-kabuki-brush-391532_480x480%402x.jpg?fit=960%2C960&ssl=1","width":960,"height":960},{"@type":"BreadcrumbList","@id":"https:\/\/greenspells.com\/product\/ere-perez-eco-vegan-brush-kabuki\/#breadcrumb","itemListElement":[{"@type":"ListItem","position":1,"name":"Home","item":"https:\/\/greenspells.com\/"},{"@type":"ListItem","position":2,"name":"Shop","item":"https:\/\/greenspells.com\/shop\/"},{"@type":"ListItem","position":3,"name":"ERE PEREZ Eco Vegan KABUKI Brush"}]},{"@type":"WebSite","@id":"https:\/\/greenspells.com\/#website","url":"https:\/\/greenspells.com\/","name":"Greenspells","description":"Nat\u016brali ir ekologi\u0161ka kosmetika","publisher":{"@id":"https:\/\/greenspells.com\/#organization"},"potentialAction":[{"@type":"SearchAction","target":{"@type":"EntryPoint","urlTemplate":"https:\/\/greenspells.com\/?s={search_term_string}"},"query-input":{"@type":"PropertyValueSpecification","valueRequired":true,"valueName":"search_term_string"}}],"inLanguage":"lt-LT"},{"@type":"Organization","@id":"https:\/\/greenspells.com\/#organization","name":"Greenspells","url":"https:\/\/greenspells.com\/","logo":{"@type":"ImageObject","inLanguage":"lt-LT","@id":"https:\/\/greenspells.com\/#\/schema\/logo\/image\/","url":"https:\/\/i0.wp.com\/greenspells.com\/wp-content\/uploads\/2020\/09\/20200722_153424_0000.png?fit=1500%2C1500&ssl=1","contentUrl":"https:\/\/i0.wp.com\/greenspells.com\/wp-content\/uploads\/2020\/09\/20200722_153424_0000.png?fit=1500%2C1500&ssl=1","width":1500,"height":1500,"caption":"Greenspells"},"image":{"@id":"https:\/\/greenspells.com\/#\/schema\/logo\/image\/"},"sameAs":["https:\/\/www.facebook.com\/Greenspells","https:\/\/www.instagram.com\/greenspells_store\/"]}]}},"jetpack_likes_enabled":true,"jetpack_sharing_enabled":true,"_links":{"self":[{"href":"https:\/\/greenspells.com\/lt\/wp-json\/wp\/v2\/product\/1671331","targetHints":{"allow":["GET"]}}],"collection":[{"href":"https:\/\/greenspells.com\/lt\/wp-json\/wp\/v2\/product"}],"about":[{"href":"https:\/\/greenspells.com\/lt\/wp-json\/wp\/v2\/types\/product"}],"replies":[{"embeddable":true,"href":"https:\/\/greenspells.com\/lt\/wp-json\/wp\/v2\/comments?post=1671331"}],"wp:featuredmedia":[{"embeddable":true,"href":"https:\/\/greenspells.com\/lt\/wp-json\/wp\/v2\/media\/1671332"}],"wp:attachment":[{"href":"https:\/\/greenspells.com\/lt\/wp-json\/wp\/v2\/media?parent=1671331"}],"wp:term":[{"taxonomy":"product_brand","embeddable":true,"href":"https:\/\/greenspells.com\/lt\/wp-json\/wp\/v2\/product_brand?post=1671331"},{"taxonomy":"product_cat","embeddable":true,"href":"https:\/\/greenspells.com\/lt\/wp-json\/wp\/v2\/product_cat?post=1671331"},{"taxonomy":"product_tag","embeddable":true,"href":"https:\/\/greenspells.com\/lt\/wp-json\/wp\/v2\/product_tag?post=1671331"}],"curies":[{"name":"wp","href":"https:\/\/api.w.org\/{rel}","templated":true}]}}