{"id":1671083,"date":"2022-08-30T19:48:19","date_gmt":"2022-08-30T17:48:19","guid":{"rendered":"https:\/\/greenspells.com\/?post_type=product&#038;p=1671083"},"modified":"2026-01-05T15:42:49","modified_gmt":"2026-01-05T13:42:49","slug":"bambaw","status":"publish","type":"product","link":"https:\/\/greenspells.com\/lt\/produktas\/bambaw\/","title":{"rendered":"BAMBAW <br> Bambukiniai aus\u0173 krap\u0161tukai"},"content":{"rendered":"<p><span style=\"color: #262626; font-family: source_sans_prolight, sans-serif;\">Bambukiniai aus\u0173 krap\u0161tukai, aplinkai draugi\u0161ki - tvirti ir \u0161veln\u016bs.<\/span><\/p>\n<p><img data-recalc-dims=\"1\" loading=\"lazy\" decoding=\"async\" class=\"aligncenter size-medium wp-image-1671084\" src=\"https:\/\/i0.wp.com\/greenspells.com\/wp-content\/uploads\/2022\/08\/COTTON_BUDS.png?resize=300%2C107&#038;ssl=1\" alt=\"\" width=\"300\" height=\"107\" srcset=\"https:\/\/i0.wp.com\/greenspells.com\/wp-content\/uploads\/2022\/08\/COTTON_BUDS.png?resize=300%2C107&amp;ssl=1 300w, https:\/\/i0.wp.com\/greenspells.com\/wp-content\/uploads\/2022\/08\/COTTON_BUDS.png?resize=18%2C6&amp;ssl=1 18w, https:\/\/i0.wp.com\/greenspells.com\/wp-content\/uploads\/2022\/08\/COTTON_BUDS.png?resize=416%2C149&amp;ssl=1 416w, https:\/\/i0.wp.com\/greenspells.com\/wp-content\/uploads\/2022\/08\/COTTON_BUDS.png?w=563&amp;ssl=1 563w\" sizes=\"auto, (max-width: 300px) 100vw, 300px\" \/><\/p>\n<p>Nuo aus\u0173 valymo, iki kit\u0173 \u012fvairiausi\u0173 panaudojimo b\u016bd\u0173- bambukiniai pagaliukai visada reikalingi!<\/p>\n<p>D\u0117ka plastiko ribojimo, pama\u017eu kei\u010diasi ir vartotoj\u0173 \u012fpro\u010diai - vis daugiau \u017emoni\u0173 atranda tvarias alternatyvas anks\u010diau naudotiems plastikiniams aus\u0173 krap\u0161tukams. \u0160ie,  bambukiniai, pagaminti i\u0161 tvari\u0173 med\u017eiag\u0173  draugi\u0161ki aplinkai, be plastiko.<\/p>\n<h2>Kod\u0117l bambukiniai krap\u0161tukai - geriau?<\/h2>\n<p>Krap\u0161tukai dosniai padengti medvilne, o j\u0173 kotelis - tvirtas ir stiprus, pagamintas i\u0161 bambuko.<\/p>","protected":false},"excerpt":{"rendered":"<p>Keep respecting the environment with these bamboo cotton buds. They\u2019ll get the job done regardless of the application, owing to their robust bamboo stick and generous cotton tip. From cleaning your ears to helping you with your latest art or craft, the classic cotton ear buds are there to support your everyday needs. Although they [&hellip;]<\/p>\n","protected":false},"featured_media":1671089,"comment_status":"open","ping_status":"closed","template":"","meta":{"content-type":"","_monsterinsights_skip_tracking":false,"_monsterinsights_sitenote_active":false,"_monsterinsights_sitenote_note":"","_monsterinsights_sitenote_category":0,"_uf_show_specific_survey":0,"_uf_disable_surveys":false},"product_brand":[1659],"product_cat":[137,1446,1369,135,15],"product_tag":[1375,1372,1093,1371,1370,1374,1304,1301,1373,251],"class_list":{"0":"post-1671083","1":"product","2":"type-product","3":"status-publish","4":"has-post-thumbnail","6":"product_brand-bambaw","7":"product_cat-bath-and-body","8":"product_cat-other-2","9":"product_cat-other","10":"product_cat-toothbrush","11":"product_cat-all-products","12":"product_tag-ausu-krapstukai","13":"product_tag-bamboo-buds","14":"product_tag-be-plastiko","15":"product_tag-cotton-buds","16":"product_tag-ear-buds","17":"product_tag-ekologiski-pagaliukai","18":"product_tag-tvari-kosmetika","19":"product_tag-tvarumas","20":"product_tag-vatos-pagaliukai","21":"product_tag-zero-waste","23":"first","24":"outofstock","25":"taxable","26":"shipping-taxable","27":"purchasable","28":"product-type-variable"},"bundled_by":[],"bundle_stock_status":"outofstock","bundle_stock_quantity":null,"bundle_virtual":false,"bundle_layout":"","bundle_add_to_cart_form_location":"","bundle_editable_in_cart":false,"bundle_sold_individually_context":"","bundle_item_grouping":"","bundle_min_size":"","bundle_max_size":"","bundle_price":[],"bundled_items":[],"bundle_sell_ids":[],"group_of_quantity":0,"min_quantity":0,"max_quantity":"","exclude_order_quantity_value_rules":"no","exclude_category_quantity_rules":"no","combine_variations":"no","exclude_global_add_ons":[],"addons":[],"yoast_head":"<!-- This site is optimized with the Yoast SEO plugin v27.4 - https:\/\/yoast.com\/product\/yoast-seo-wordpress\/ -->\n<title>BAMBAW  Bamboo cotton buds - Greenspells<\/title>\n<meta name=\"description\" content=\"Keep respecting the environment with these bamboo cotton buds. They\u2019ll get the job done, owing to their robust bamboo stick and generous cotton tip.\" \/>\n<meta name=\"robots\" content=\"index, follow, max-snippet:-1, max-image-preview:large, max-video-preview:-1\" \/>\n<link rel=\"canonical\" href=\"https:\/\/greenspells.com\/lt\/produktas\/bambaw\/\" \/>\n<meta property=\"og:locale\" content=\"lt_LT\" \/>\n<meta property=\"og:type\" content=\"article\" \/>\n<meta property=\"og:title\" content=\"BAMBAW  Bamboo cotton buds - Greenspells\" \/>\n<meta property=\"og:description\" content=\"Keep respecting the environment with these bamboo cotton buds. They\u2019ll get the job done, owing to their robust bamboo stick and generous cotton tip.\" \/>\n<meta property=\"og:url\" content=\"https:\/\/greenspells.com\/lt\/produktas\/bambaw\/\" \/>\n<meta property=\"og:site_name\" content=\"Greenspells\" \/>\n<meta property=\"article:publisher\" content=\"https:\/\/www.facebook.com\/Greenspells\" \/>\n<meta property=\"article:modified_time\" content=\"2026-01-05T13:42:49+00:00\" \/>\n<meta property=\"og:image\" content=\"https:\/\/greenspells.com\/wp-content\/uploads\/2022\/08\/PRODUCT_VISUALS_PRODUCT_COTTON_BUDS_5d33563f-bf84-41ae-9a05-c2e0bbb0c3bd_1080x.jpg\" \/>\n\t<meta property=\"og:image:width\" content=\"1080\" \/>\n\t<meta property=\"og:image:height\" content=\"1080\" \/>\n\t<meta property=\"og:image:type\" content=\"image\/jpeg\" \/>\n<meta name=\"twitter:card\" content=\"summary_large_image\" \/>\n<meta name=\"twitter:label1\" content=\"Est. reading time\" \/>\n\t<meta name=\"twitter:data1\" content=\"1 minut\u0117\" \/>\n<script type=\"application\/ld+json\" class=\"yoast-schema-graph\">{\"@context\":\"https:\\\/\\\/schema.org\",\"@graph\":[{\"@type\":\"WebPage\",\"@id\":\"https:\\\/\\\/greenspells.com\\\/product\\\/bambaw\\\/\",\"url\":\"https:\\\/\\\/greenspells.com\\\/product\\\/bambaw\\\/\",\"name\":\"BAMBAW Bamboo cotton buds - Greenspells\",\"isPartOf\":{\"@id\":\"https:\\\/\\\/greenspells.com\\\/#website\"},\"primaryImageOfPage\":{\"@id\":\"https:\\\/\\\/greenspells.com\\\/product\\\/bambaw\\\/#primaryimage\"},\"image\":{\"@id\":\"https:\\\/\\\/greenspells.com\\\/product\\\/bambaw\\\/#primaryimage\"},\"thumbnailUrl\":\"https:\\\/\\\/i0.wp.com\\\/greenspells.com\\\/wp-content\\\/uploads\\\/2022\\\/08\\\/PRODUCT_VISUALS_PRODUCT_COTTON_BUDS_5d33563f-bf84-41ae-9a05-c2e0bbb0c3bd_1080x.jpg?fit=1080%2C1080&ssl=1\",\"datePublished\":\"2022-08-30T17:48:19+00:00\",\"dateModified\":\"2026-01-05T13:42:49+00:00\",\"description\":\"Keep respecting the environment with these bamboo cotton buds. They\u2019ll get the job done, owing to their robust bamboo stick and generous cotton tip.\",\"breadcrumb\":{\"@id\":\"https:\\\/\\\/greenspells.com\\\/product\\\/bambaw\\\/#breadcrumb\"},\"inLanguage\":\"lt-LT\",\"potentialAction\":[{\"@type\":\"ReadAction\",\"target\":[\"https:\\\/\\\/greenspells.com\\\/product\\\/bambaw\\\/\"]}]},{\"@type\":\"ImageObject\",\"inLanguage\":\"lt-LT\",\"@id\":\"https:\\\/\\\/greenspells.com\\\/product\\\/bambaw\\\/#primaryimage\",\"url\":\"https:\\\/\\\/i0.wp.com\\\/greenspells.com\\\/wp-content\\\/uploads\\\/2022\\\/08\\\/PRODUCT_VISUALS_PRODUCT_COTTON_BUDS_5d33563f-bf84-41ae-9a05-c2e0bbb0c3bd_1080x.jpg?fit=1080%2C1080&ssl=1\",\"contentUrl\":\"https:\\\/\\\/i0.wp.com\\\/greenspells.com\\\/wp-content\\\/uploads\\\/2022\\\/08\\\/PRODUCT_VISUALS_PRODUCT_COTTON_BUDS_5d33563f-bf84-41ae-9a05-c2e0bbb0c3bd_1080x.jpg?fit=1080%2C1080&ssl=1\",\"width\":1080,\"height\":1080},{\"@type\":\"BreadcrumbList\",\"@id\":\"https:\\\/\\\/greenspells.com\\\/product\\\/bambaw\\\/#breadcrumb\",\"itemListElement\":[{\"@type\":\"ListItem\",\"position\":1,\"name\":\"Home\",\"item\":\"https:\\\/\\\/greenspells.com\\\/\"},{\"@type\":\"ListItem\",\"position\":2,\"name\":\"Shop\",\"item\":\"https:\\\/\\\/greenspells.com\\\/shop\\\/\"},{\"@type\":\"ListItem\",\"position\":3,\"name\":\"BAMBAW Bamboo cotton buds\"}]},{\"@type\":\"WebSite\",\"@id\":\"https:\\\/\\\/greenspells.com\\\/#website\",\"url\":\"https:\\\/\\\/greenspells.com\\\/\",\"name\":\"Greenspells\",\"description\":\"Nat\u016brali ir ekologi\u0161ka kosmetika\",\"publisher\":{\"@id\":\"https:\\\/\\\/greenspells.com\\\/#organization\"},\"potentialAction\":[{\"@type\":\"SearchAction\",\"target\":{\"@type\":\"EntryPoint\",\"urlTemplate\":\"https:\\\/\\\/greenspells.com\\\/?s={search_term_string}\"},\"query-input\":{\"@type\":\"PropertyValueSpecification\",\"valueRequired\":true,\"valueName\":\"search_term_string\"}}],\"inLanguage\":\"lt-LT\"},{\"@type\":\"Organization\",\"@id\":\"https:\\\/\\\/greenspells.com\\\/#organization\",\"name\":\"Greenspells\",\"url\":\"https:\\\/\\\/greenspells.com\\\/\",\"logo\":{\"@type\":\"ImageObject\",\"inLanguage\":\"lt-LT\",\"@id\":\"https:\\\/\\\/greenspells.com\\\/#\\\/schema\\\/logo\\\/image\\\/\",\"url\":\"https:\\\/\\\/i0.wp.com\\\/greenspells.com\\\/wp-content\\\/uploads\\\/2020\\\/09\\\/20200722_153424_0000.png?fit=1500%2C1500&ssl=1\",\"contentUrl\":\"https:\\\/\\\/i0.wp.com\\\/greenspells.com\\\/wp-content\\\/uploads\\\/2020\\\/09\\\/20200722_153424_0000.png?fit=1500%2C1500&ssl=1\",\"width\":1500,\"height\":1500,\"caption\":\"Greenspells\"},\"image\":{\"@id\":\"https:\\\/\\\/greenspells.com\\\/#\\\/schema\\\/logo\\\/image\\\/\"},\"sameAs\":[\"https:\\\/\\\/www.facebook.com\\\/Greenspells\",\"https:\\\/\\\/www.instagram.com\\\/greenspells_store\\\/\"]}]}<\/script>\n<!-- \/ Yoast SEO plugin. -->","yoast_head_json":{"title":"BAMBAW  Bamboo cotton buds - Greenspells","description":"Keep respecting the environment with these bamboo cotton buds. They\u2019ll get the job done, owing to their robust bamboo stick and generous cotton tip.","robots":{"index":"index","follow":"follow","max-snippet":"max-snippet:-1","max-image-preview":"max-image-preview:large","max-video-preview":"max-video-preview:-1"},"canonical":"https:\/\/greenspells.com\/lt\/produktas\/bambaw\/","og_locale":"lt_LT","og_type":"article","og_title":"BAMBAW  Bamboo cotton buds - Greenspells","og_description":"Keep respecting the environment with these bamboo cotton buds. They\u2019ll get the job done, owing to their robust bamboo stick and generous cotton tip.","og_url":"https:\/\/greenspells.com\/lt\/produktas\/bambaw\/","og_site_name":"Greenspells","article_publisher":"https:\/\/www.facebook.com\/Greenspells","article_modified_time":"2026-01-05T13:42:49+00:00","og_image":[{"width":1080,"height":1080,"url":"https:\/\/greenspells.com\/wp-content\/uploads\/2022\/08\/PRODUCT_VISUALS_PRODUCT_COTTON_BUDS_5d33563f-bf84-41ae-9a05-c2e0bbb0c3bd_1080x.jpg","type":"image\/jpeg"}],"twitter_card":"summary_large_image","twitter_misc":{"Est. reading time":"1 minut\u0117"},"schema":{"@context":"https:\/\/schema.org","@graph":[{"@type":"WebPage","@id":"https:\/\/greenspells.com\/product\/bambaw\/","url":"https:\/\/greenspells.com\/product\/bambaw\/","name":"BAMBAW Bamboo cotton buds - Greenspells","isPartOf":{"@id":"https:\/\/greenspells.com\/#website"},"primaryImageOfPage":{"@id":"https:\/\/greenspells.com\/product\/bambaw\/#primaryimage"},"image":{"@id":"https:\/\/greenspells.com\/product\/bambaw\/#primaryimage"},"thumbnailUrl":"https:\/\/i0.wp.com\/greenspells.com\/wp-content\/uploads\/2022\/08\/PRODUCT_VISUALS_PRODUCT_COTTON_BUDS_5d33563f-bf84-41ae-9a05-c2e0bbb0c3bd_1080x.jpg?fit=1080%2C1080&ssl=1","datePublished":"2022-08-30T17:48:19+00:00","dateModified":"2026-01-05T13:42:49+00:00","description":"Keep respecting the environment with these bamboo cotton buds. They\u2019ll get the job done, owing to their robust bamboo stick and generous cotton tip.","breadcrumb":{"@id":"https:\/\/greenspells.com\/product\/bambaw\/#breadcrumb"},"inLanguage":"lt-LT","potentialAction":[{"@type":"ReadAction","target":["https:\/\/greenspells.com\/product\/bambaw\/"]}]},{"@type":"ImageObject","inLanguage":"lt-LT","@id":"https:\/\/greenspells.com\/product\/bambaw\/#primaryimage","url":"https:\/\/i0.wp.com\/greenspells.com\/wp-content\/uploads\/2022\/08\/PRODUCT_VISUALS_PRODUCT_COTTON_BUDS_5d33563f-bf84-41ae-9a05-c2e0bbb0c3bd_1080x.jpg?fit=1080%2C1080&ssl=1","contentUrl":"https:\/\/i0.wp.com\/greenspells.com\/wp-content\/uploads\/2022\/08\/PRODUCT_VISUALS_PRODUCT_COTTON_BUDS_5d33563f-bf84-41ae-9a05-c2e0bbb0c3bd_1080x.jpg?fit=1080%2C1080&ssl=1","width":1080,"height":1080},{"@type":"BreadcrumbList","@id":"https:\/\/greenspells.com\/product\/bambaw\/#breadcrumb","itemListElement":[{"@type":"ListItem","position":1,"name":"Home","item":"https:\/\/greenspells.com\/"},{"@type":"ListItem","position":2,"name":"Shop","item":"https:\/\/greenspells.com\/shop\/"},{"@type":"ListItem","position":3,"name":"BAMBAW Bamboo cotton buds"}]},{"@type":"WebSite","@id":"https:\/\/greenspells.com\/#website","url":"https:\/\/greenspells.com\/","name":"Greenspells","description":"Nat\u016brali ir ekologi\u0161ka kosmetika","publisher":{"@id":"https:\/\/greenspells.com\/#organization"},"potentialAction":[{"@type":"SearchAction","target":{"@type":"EntryPoint","urlTemplate":"https:\/\/greenspells.com\/?s={search_term_string}"},"query-input":{"@type":"PropertyValueSpecification","valueRequired":true,"valueName":"search_term_string"}}],"inLanguage":"lt-LT"},{"@type":"Organization","@id":"https:\/\/greenspells.com\/#organization","name":"Greenspells","url":"https:\/\/greenspells.com\/","logo":{"@type":"ImageObject","inLanguage":"lt-LT","@id":"https:\/\/greenspells.com\/#\/schema\/logo\/image\/","url":"https:\/\/i0.wp.com\/greenspells.com\/wp-content\/uploads\/2020\/09\/20200722_153424_0000.png?fit=1500%2C1500&ssl=1","contentUrl":"https:\/\/i0.wp.com\/greenspells.com\/wp-content\/uploads\/2020\/09\/20200722_153424_0000.png?fit=1500%2C1500&ssl=1","width":1500,"height":1500,"caption":"Greenspells"},"image":{"@id":"https:\/\/greenspells.com\/#\/schema\/logo\/image\/"},"sameAs":["https:\/\/www.facebook.com\/Greenspells","https:\/\/www.instagram.com\/greenspells_store\/"]}]}},"jetpack_likes_enabled":true,"jetpack_sharing_enabled":true,"_links":{"self":[{"href":"https:\/\/greenspells.com\/lt\/wp-json\/wp\/v2\/product\/1671083","targetHints":{"allow":["GET"]}}],"collection":[{"href":"https:\/\/greenspells.com\/lt\/wp-json\/wp\/v2\/product"}],"about":[{"href":"https:\/\/greenspells.com\/lt\/wp-json\/wp\/v2\/types\/product"}],"replies":[{"embeddable":true,"href":"https:\/\/greenspells.com\/lt\/wp-json\/wp\/v2\/comments?post=1671083"}],"wp:featuredmedia":[{"embeddable":true,"href":"https:\/\/greenspells.com\/lt\/wp-json\/wp\/v2\/media\/1671089"}],"wp:attachment":[{"href":"https:\/\/greenspells.com\/lt\/wp-json\/wp\/v2\/media?parent=1671083"}],"wp:term":[{"taxonomy":"product_brand","embeddable":true,"href":"https:\/\/greenspells.com\/lt\/wp-json\/wp\/v2\/product_brand?post=1671083"},{"taxonomy":"product_cat","embeddable":true,"href":"https:\/\/greenspells.com\/lt\/wp-json\/wp\/v2\/product_cat?post=1671083"},{"taxonomy":"product_tag","embeddable":true,"href":"https:\/\/greenspells.com\/lt\/wp-json\/wp\/v2\/product_tag?post=1671083"}],"curies":[{"name":"wp","href":"https:\/\/api.w.org\/{rel}","templated":true}]}}