{"id":1671037,"date":"2022-08-16T18:18:12","date_gmt":"2022-08-16T16:18:12","guid":{"rendered":"https:\/\/greenspells.com\/?post_type=product&#038;p=1671037"},"modified":"2026-01-05T15:43:24","modified_gmt":"2026-01-05T13:43:24","slug":"bambaw-reusable-sanitary-pads-single","status":"publish","type":"product","link":"https:\/\/greenspells.com\/lt\/produktas\/bambaw-reusable-sanitary-pads-single\/","title":{"rendered":"BAMBAW <br> BAMBAW Daugkartinis \u012fklotas, 1 vnt"},"content":{"rendered":"<hr \/>\n<p><span style=\"color: #262626; font-family: source_sans_prolight, sans-serif;\">Geriausias b\u016bdas u\u017etikrinti saugi\u0105 ir aplinkai draugi\u0161k\u0105 asmenin\u0119 higien\u0105 - diskreti\u0161ki, 3 sluoksni\u0173 higieniniai \u012fklotai, saugantys kartu ir nuo nemalonaus kvapo.\nJoki\u0173 plastiko atliek\u0173, jokio toksinio \u0161oko sindromo pavojaus.<\/span><\/p>\n<p><img data-recalc-dims=\"1\" loading=\"lazy\" decoding=\"async\" class=\"aligncenter size-medium wp-image-1671008\" src=\"https:\/\/i0.wp.com\/greenspells.com\/wp-content\/uploads\/2022\/08\/Sanitary_1a3f8724-fdc8-42cc-92f3-36f950ad2f34.png?resize=300%2C102&#038;ssl=1\" alt=\"\" width=\"300\" height=\"102\" srcset=\"https:\/\/i0.wp.com\/greenspells.com\/wp-content\/uploads\/2022\/08\/Sanitary_1a3f8724-fdc8-42cc-92f3-36f950ad2f34.png?resize=300%2C102&amp;ssl=1 300w, https:\/\/i0.wp.com\/greenspells.com\/wp-content\/uploads\/2022\/08\/Sanitary_1a3f8724-fdc8-42cc-92f3-36f950ad2f34.png?resize=18%2C6&amp;ssl=1 18w, https:\/\/i0.wp.com\/greenspells.com\/wp-content\/uploads\/2022\/08\/Sanitary_1a3f8724-fdc8-42cc-92f3-36f950ad2f34.png?resize=416%2C142&amp;ssl=1 416w, https:\/\/i0.wp.com\/greenspells.com\/wp-content\/uploads\/2022\/08\/Sanitary_1a3f8724-fdc8-42cc-92f3-36f950ad2f34.png?w=523&amp;ssl=1 523w\" sizes=\"auto, (max-width: 300px) 100vw, 300px\" \/><\/p>\n<p style=\"box-sizing: border-box; margin-bottom: 0.75em; font-family: source_sans_prolight, sans-serif; line-height: 1.5; color: #262626;\">Daugkartinis \u012fklotas veikia taip pat kaip \u012fprastas \u012fklotas, ta\u010diau vietoje i\u0161metimo panaudojus, jis i\u0161skalbiamas ir naudojamas daugyb\u0119 kart\u0173.<\/p>\n<p style=\"box-sizing: border-box; margin-bottom: 0.75em; font-family: source_sans_prolight, sans-serif; line-height: 1.5; color: #262626;\">Tradiciniai \u012fklotai da\u017eniausiai gaminami i\u0161 sintetini\u0173 med\u017eiag\u0173, toki\u0173 kaip plastikas ir sintetiniai polimerai, d\u0117l to tinka naudoti tik vien\u0105 kart\u0105. BAMBAW \u012fklotai yra pagaminti i\u0161 3 med\u017eiag\u0173: bambuko anglies, mikropluo\u0161to ir PUL audinio.<\/p>\n<p style=\"box-sizing: border-box; margin-bottom: 0.75em; font-family: source_sans_prolight, sans-serif; line-height: 1.5; color: #262626;\">Kartu \u0161ios med\u017eiagos suteikia \u012fklotui puikias sugeriamumo, apsaugos savybes, elastingumo bei kvap\u0173 kontrol\u0119. Tinka skalbti skalbimo ma\u0161inose!<\/p>\n<p><del><img data-recalc-dims=\"1\" loading=\"lazy\" decoding=\"async\" class=\"aligncenter size-medium wp-image-1671046\" src=\"https:\/\/i0.wp.com\/greenspells.com\/wp-content\/uploads\/2022\/08\/bambaw-reusable-sanitary-pads-range_2e136a2b-f2dd-48a1-98f0-f49412804274_480x480.jpg?resize=300%2C176&#038;ssl=1\" alt=\"\" width=\"300\" height=\"176\" srcset=\"https:\/\/i0.wp.com\/greenspells.com\/wp-content\/uploads\/2022\/08\/bambaw-reusable-sanitary-pads-range_2e136a2b-f2dd-48a1-98f0-f49412804274_480x480.jpg?resize=300%2C176&amp;ssl=1 300w, https:\/\/i0.wp.com\/greenspells.com\/wp-content\/uploads\/2022\/08\/bambaw-reusable-sanitary-pads-range_2e136a2b-f2dd-48a1-98f0-f49412804274_480x480.jpg?resize=18%2C12&amp;ssl=1 18w, https:\/\/i0.wp.com\/greenspells.com\/wp-content\/uploads\/2022\/08\/bambaw-reusable-sanitary-pads-range_2e136a2b-f2dd-48a1-98f0-f49412804274_480x480.jpg?resize=416%2C244&amp;ssl=1 416w, https:\/\/i0.wp.com\/greenspells.com\/wp-content\/uploads\/2022\/08\/bambaw-reusable-sanitary-pads-range_2e136a2b-f2dd-48a1-98f0-f49412804274_480x480.jpg?w=480&amp;ssl=1 480w\" sizes=\"auto, (max-width: 300px) 100vw, 300px\" \/><\/del><\/p>\n<p style=\"box-sizing: border-box; margin-bottom: 0.75em; font-family: source_sans_prolight, sans-serif; line-height: 1.5; color: #262626;\">Daugkartiniai \u012fklotai BAMBAW - sukurti moters, kitoms moterims, tod\u0117l jie sukurti atsi\u017evelgiant \u012f visus moteri\u0161kos higienos poreikius ir problemas. \nPakuotes galite pasirinkti i\u0161 3 dyd\u017ei\u0173:<\/p>\n<ul style=\"box-sizing: border-box; margin-bottom: 0.75em; margin-left: 10px; list-style-position: outside; color: #262626; font-family: source_sans_prolight, sans-serif;\">\n<li style=\"box-sizing: border-box; margin-bottom: 0px; text-align: left;\">Light flow (Su 1 mikropluo\u0161to sluoksniu)<\/li>\n<li style=\"box-sizing: border-box; margin-bottom: 0px; text-align: left;\">Medium flow (Su 2 mikropluo\u0161to sluoksniais)<\/li>\n<li style=\"box-sizing: border-box; margin-bottom: 0px; text-align: left;\">Heavy flow (Su 3 mikropluo\u0161to sluoksniais)<\/li>\n<\/ul>\n<h2 style=\"box-sizing: border-box; font-family: 'Source Sans Pro', sans-serif; font-weight: bold; letter-spacing: 0.5px; font-size: 22px; margin-top: 0.75em; margin-bottom: 0px; line-height: 1.5; color: #336333;\">Trys med\u017eiagos<\/h2>\n<p style=\"box-sizing: border-box; margin-bottom: 0.75em; font-family: source_sans_prolight, sans-serif; line-height: 1.5; color: #262626;\">Visi daugkartiniai \u012fklotai - diskreti\u0161ki, juodos spalvos, pagaminti i\u0161 trij\u0173 med\u017eiag\u0173:<\/p>\n<ul style=\"box-sizing: border-box; margin-bottom: 0.75em; margin-left: 10px; list-style-position: outside; color: #262626; font-family: source_sans_prolight, sans-serif;\">\n<li style=\"box-sizing: border-box; margin-bottom: 0px; text-align: left;\">Bambuko anglis - sausam ir \u0161velniam poj\u016b\u010diui, taip pat ir kvapo kontrolei<\/li>\n<li style=\"box-sizing: border-box; margin-bottom: 0px; text-align: left;\">Mikropluo\u0161tas - maksimaliam sugeriamumui ir greitam d\u017ei\u016bvimui<\/li>\n<li style=\"box-sizing: border-box; margin-bottom: 0px; text-align: left;\">Neper\u0161lampamas PUL - geriausiai apsaugai ir lengvam elastingumui.<\/li>\n<\/ul>\n<p style=\"box-sizing: border-box; margin-bottom: 0.75em; font-family: source_sans_prolight, sans-serif; line-height: 1.5; color: #262626;\">Visi \u012fklotai turi u\u017esegimus sparneliams, kad saugiai ir stabiliai laikyt\u0173si.<\/p>\n<p><span style=\"color: #262626; font-family: source_sans_prolight, sans-serif;\">Taip pat galite atskirai \u012fsigyti ir special\u0173 d\u0117kl\u0105 \u012fklotams - jis pagamintas i\u0161 neper\u0161lampamos med\u017eiagos, turi du skyrelius naujiems ir naudotiems \u012fklotams atskirti, juodos diskreti\u0161kos spalvos.<\/span><\/p>\n<p><em><strong>Poveikis aplinkai<\/strong><\/em>:<\/p>\n<p>Moter\u0173 higienos produktai menstruacijoms yra b\u016btinyb\u0117. Deja, daugelis j\u0173 yra vienkartinio naudojimo, kiekvienas supakuotas \u012f plastik\u0105 ir net patys bent dalinai pagaminti i\u0161 plastiko, taigi jie nei suyrantys, nei perdirbami.<\/p>\n<p>Suskilti \u012f ma\u017eas plastiko daleles (mikroplastik\u0105) jiems prireiks 500 - 700 met\u0173. MET\u0172. Menstruaciniai produktai u\u017eima negarbing\u0105 5 viet\u0105  tarp da\u017eniausiai randam\u0173 dalyk\u0173 Europos papl\u016bdimiuose!<\/p>\n<p><strong>Vienkartiniai \u012fklotai - brangu<\/strong><\/p>\n<p>Ne tik aplink\u0105 ter\u0161ia, bet vienkartiniai \u012fklotai ir kainuoja nema\u017eai. Ilguoju laikotarpiu susidaro \u017eenklios sumos. Per 5 metus vidutini\u0161kai i\u0161leid\u017eiate 130-400 eur moter\u0173 higienos produktams. Per gyvenim\u0105 gali susidaryti net iki 14.000 eur!<\/p>\n<p><strong>Tvarios alternatyvos<\/strong><\/p>\n<p>Laim\u0117, jau yra sukurta tvari\u0173 sprendim\u0173 ir alternatyv\u0173 vienkartiniams menstruacij\u0173 \u012fklotams, toki\u0173 kaip menstruacin\u0117s taurel\u0117s, arba daugkartiniai \u012fklotai. \nDaugkartiniai \u012fklotai yra sveikiausias b\u016bdas, kadangi taurel\u0117s ir tamponai krauj\u0105 sulaiko ir u\u017elaiko k\u016bno viduje, o jis turi i\u0161eiti lauk (sveikiau).<\/p>\n<p>Produktai, skirti naudoti k\u016bno viduje, tokie kaip tamponai, taurel\u0117s ar menstruacin\u0117s kempin\u0117l\u0117s gali b\u016bti pavojingi.<\/p>\n<p>Kadangi kraujas priverstinai u\u017elaikomas vaginoje, susikuria palanki terp\u0117 S. Aureus bakterijai augti, kuri gali i\u0161skirti TSST-1 toksinus (\u017einoma kaip toksinio \u0161oko sindromas). \u0160ie toksinai gali b\u016bti pavojingi, nes atakuoja tokius organus kaip kepenys, inkstai, plau\u010diai, ir gali sukelti rimt\u0173 susirgim\u0173.<\/p>\n<p><em><strong>Sud\u0117tis<\/strong><\/em>:<\/p>\n<p><img data-recalc-dims=\"1\" loading=\"lazy\" decoding=\"async\" class=\"aligncenter size-medium wp-image-1671011\" src=\"https:\/\/i0.wp.com\/greenspells.com\/wp-content\/uploads\/2022\/08\/Screenshot_20220813-204641_Samsung-Internet.jpg?resize=226%2C300&#038;ssl=1\" alt=\"\" width=\"226\" height=\"300\" srcset=\"https:\/\/i0.wp.com\/greenspells.com\/wp-content\/uploads\/2022\/08\/Screenshot_20220813-204641_Samsung-Internet.jpg?resize=226%2C300&amp;ssl=1 226w, https:\/\/i0.wp.com\/greenspells.com\/wp-content\/uploads\/2022\/08\/Screenshot_20220813-204641_Samsung-Internet.jpg?resize=772%2C1024&amp;ssl=1 772w, https:\/\/i0.wp.com\/greenspells.com\/wp-content\/uploads\/2022\/08\/Screenshot_20220813-204641_Samsung-Internet.jpg?resize=768%2C1018&amp;ssl=1 768w, https:\/\/i0.wp.com\/greenspells.com\/wp-content\/uploads\/2022\/08\/Screenshot_20220813-204641_Samsung-Internet.jpg?resize=9%2C12&amp;ssl=1 9w, https:\/\/i0.wp.com\/greenspells.com\/wp-content\/uploads\/2022\/08\/Screenshot_20220813-204641_Samsung-Internet.jpg?resize=900%2C1200&amp;ssl=1 900w, https:\/\/i0.wp.com\/greenspells.com\/wp-content\/uploads\/2022\/08\/Screenshot_20220813-204641_Samsung-Internet.jpg?resize=600%2C800&amp;ssl=1 600w, https:\/\/i0.wp.com\/greenspells.com\/wp-content\/uploads\/2022\/08\/Screenshot_20220813-204641_Samsung-Internet.jpg?resize=300%2C400&amp;ssl=1 300w, https:\/\/i0.wp.com\/greenspells.com\/wp-content\/uploads\/2022\/08\/Screenshot_20220813-204641_Samsung-Internet.jpg?resize=150%2C200&amp;ssl=1 150w, https:\/\/i0.wp.com\/greenspells.com\/wp-content\/uploads\/2022\/08\/Screenshot_20220813-204641_Samsung-Internet.jpg?resize=416%2C552&amp;ssl=1 416w, https:\/\/i0.wp.com\/greenspells.com\/wp-content\/uploads\/2022\/08\/Screenshot_20220813-204641_Samsung-Internet.jpg?w=1080&amp;ssl=1 1080w\" sizes=\"auto, (max-width: 226px) 100vw, 226px\" \/><\/p>\n<div class=\"acordian-trigger\" style=\"box-sizing: border-box; font-size: 1.25rem; font-weight: 600; color: #40683c; padding: 1rem 24px 1rem 0px; cursor: pointer; position: relative; font-family: source_sans_prolight, sans-serif;\">\n<h3 style=\"box-sizing: border-box; font-family: 'Source Sans Pro', sans-serif; font-weight: bold; font-style: var(---font-style-heading); letter-spacing: 0.5px; font-size: 16px; margin-bottom: 0px; line-height: 1.5; color: #262626;\">Netoksi\u0161kos med\u017eiagos<\/h3>\n<\/div>\n<div class=\"acordian-content\" style=\"box-sizing: border-box; width: 365.19px; color: #262626; font-family: source_sans_prolight, sans-serif;\">\n<p style=\"box-sizing: border-box; margin-bottom: 0.75em; line-height: 1.5;\">Ne tik toksinio \u0161oko sindrom\u0105 sukelti gali tamponai, bet tamponai ir tradiciniai \u012fklotai da\u017eniausiai turi savyje pavojing\u0173 chemikal\u0173, kurie suteikia gaminiams balt\u0105 spalv\u0105, kvap\u0105 ir kt. Yra tyrim\u0173, kad dalis \u0161i\u0173 chemikal\u0173, dioksinai, klasifikuojami kaip kancerogenai, o ftalatai - endokrinin\u0117s sistemos trikdytojai. Visa tai labai svarbu, turint omenyje, kad vaginos sienel\u0117s yra itin lengvai absorbuojan\u010dios.<\/p>\n<p style=\"box-sizing: border-box; margin-bottom: 0.75em; line-height: 1.5;\">Laimei, yra produkt\u0173  kurie saug\u016bs naudoti, tokie kaip BAMBAW daugkartiniai \u012fklotai, pagaminti i\u0161 nat\u016brali\u0173 med\u017eiag\u0173.<\/p>\n<p><span style=\"color: #0000ff;\"><em><strong>DUK<\/strong><\/em><\/span>:<\/p>\n<p><strong>Ar daugkartiniai \u012fklotai - higieni\u0161ki?<\/strong><\/p>\n<p>\u012eklotai pagaminti i\u0161 bambuko anglies ir mikropluo\u0161to, abi med\u017eiagos yra antibakterin\u0117s ir kv\u0117puojan\u010dios. Tinkamai pri\u017ei\u016brint, skalbiant \u012fklotus jie yra itin higieni\u0161ki.<\/p>\n<p><strong>Kiek laiko tarnauja vienas \u012fklotas?<\/strong><\/p>\n<p>Tinkamai pri\u017ei\u016brint, \u012fklotas bus tinkamas naudoti apie 5 metus.<\/p>\n<p><strong>Kaip da\u017enai skalbti \u012fklotus?<\/strong><\/p>\n<p>Keistis \u012fklotus reikia taip pat da\u017enai, kaip ir tradicinius (kas 2-6 val). Kai panaudojate \u012fklot\u0105, neb\u016btina jo i\u0161kart mesti \u012f skalbimo ma\u0161in\u0105. Galite i\u0161plauti j\u012f \u0161altu vandeniu rankomis, leisti i\u0161d\u017ei\u016bti ir naudoti v\u0117l. M\u0117nesini\u0173 pabaigoje visus \u012fklotus i\u0161skalbkite skalbimo ma\u0161inoje.<\/p>\n<\/div>","protected":false},"excerpt":{"rendered":"<p>Avoid waste and the risk of Toxic Shock Syndrome thanks to these discreet and odour-control 3 layers sanitary pads. Best way to enjoy safe and eco-friendly personal hygiene. A reusable sanitary napkin works just like a standard sanitary pad, except that instead of having to be thrown away after one use, it can be washed [&hellip;]<\/p>","protected":false},"featured_media":1671013,"comment_status":"open","ping_status":"closed","template":"","meta":{"content-type":"","_monsterinsights_skip_tracking":false,"_monsterinsights_sitenote_active":false,"_monsterinsights_sitenote_note":"","_monsterinsights_sitenote_category":0,"_uf_show_specific_survey":0,"_uf_disable_surveys":false},"product_brand":[1659],"product_cat":[1328,137,1356,1369,15],"product_tag":[1355,1346,1354,1348,1349,1352,1353,1347,1350,1344,1351,1345,251],"class_list":{"0":"post-1671037","1":"product","2":"type-product","3":"status-publish","4":"has-post-thumbnail","6":"product_brand-bambaw","7":"product_cat-babyblog-top","8":"product_cat-bath-and-body","9":"product_cat-intimate-hygiene","10":"product_cat-other","11":"product_cat-all-products","12":"product_tag-daugkartiniai-iklotai","13":"product_tag-daugkartiniai-paketai","14":"product_tag-iklotai","15":"product_tag-intymi-higiena","16":"product_tag-menstruacijos","17":"product_tag-menstruaciju-taurele","18":"product_tag-menstrual-pads","19":"product_tag-moteru-higiena","20":"product_tag-paketai","21":"product_tag-sanitary-pads","22":"product_tag-tvarus-paketai","23":"product_tag-woman-hygiene","24":"product_tag-zero-waste","26":"first","27":"instock","28":"taxable","29":"shipping-taxable","30":"purchasable","31":"product-type-variable"},"bundled_by":[],"bundle_stock_status":"instock","bundle_stock_quantity":null,"bundle_virtual":false,"bundle_layout":"","bundle_add_to_cart_form_location":"","bundle_editable_in_cart":false,"bundle_sold_individually_context":"","bundle_item_grouping":"","bundle_min_size":"","bundle_max_size":"","bundle_price":[],"bundled_items":[],"bundle_sell_ids":[],"group_of_quantity":0,"min_quantity":0,"max_quantity":"","exclude_order_quantity_value_rules":"no","exclude_category_quantity_rules":"no","combine_variations":"no","exclude_global_add_ons":[],"addons":[],"yoast_head":"<!-- This site is optimized with the Yoast SEO plugin v27.3 - https:\/\/yoast.com\/product\/yoast-seo-wordpress\/ -->\n<title>BAMBAW  Reusable sanitary pad - single - Greenspells<\/title>\n<meta name=\"description\" content=\"Best way to enjoy safe and eco-friendly personal hygiene - avoid waste and the risk of Toxic Shock Syndrome thanks to these discreet and odour-control 3 layers sanitary pads.\" \/>\n<meta name=\"robots\" content=\"index, follow, max-snippet:-1, max-image-preview:large, max-video-preview:-1\" \/>\n<link rel=\"canonical\" href=\"https:\/\/greenspells.com\/lt\/produktas\/bambaw-reusable-sanitary-pads-single\/\" \/>\n<meta property=\"og:locale\" content=\"lt_LT\" \/>\n<meta property=\"og:type\" content=\"article\" \/>\n<meta property=\"og:title\" content=\"BAMBAW  Reusable sanitary pad - single - Greenspells\" \/>\n<meta property=\"og:description\" content=\"Best way to enjoy safe and eco-friendly personal hygiene - avoid waste and the risk of Toxic Shock Syndrome thanks to these discreet and odour-control 3 layers sanitary pads.\" \/>\n<meta property=\"og:url\" content=\"https:\/\/greenspells.com\/lt\/produktas\/bambaw-reusable-sanitary-pads-single\/\" \/>\n<meta property=\"og:site_name\" content=\"Greenspells\" \/>\n<meta property=\"article:publisher\" content=\"https:\/\/www.facebook.com\/Greenspells\" \/>\n<meta property=\"article:modified_time\" content=\"2026-01-05T13:43:24+00:00\" \/>\n<meta property=\"og:image\" content=\"https:\/\/greenspells.com\/wp-content\/uploads\/2022\/08\/PRODUCT_VISUALS_PRODUCT_SANITARY_MIDDLE_1080x.jpg\" \/>\n\t<meta property=\"og:image:width\" content=\"1080\" \/>\n\t<meta property=\"og:image:height\" content=\"1080\" \/>\n\t<meta property=\"og:image:type\" content=\"image\/jpeg\" \/>\n<meta name=\"twitter:card\" content=\"summary_large_image\" \/>\n<meta name=\"twitter:label1\" content=\"Est. reading time\" \/>\n\t<meta name=\"twitter:data1\" content=\"4 minut\u0117s\" \/>\n<script type=\"application\/ld+json\" class=\"yoast-schema-graph\">{\"@context\":\"https:\\\/\\\/schema.org\",\"@graph\":[{\"@type\":\"WebPage\",\"@id\":\"https:\\\/\\\/greenspells.com\\\/product\\\/bambaw-reusable-sanitary-pads-single\\\/\",\"url\":\"https:\\\/\\\/greenspells.com\\\/product\\\/bambaw-reusable-sanitary-pads-single\\\/\",\"name\":\"BAMBAW Reusable sanitary pad - single - Greenspells\",\"isPartOf\":{\"@id\":\"https:\\\/\\\/greenspells.com\\\/#website\"},\"primaryImageOfPage\":{\"@id\":\"https:\\\/\\\/greenspells.com\\\/product\\\/bambaw-reusable-sanitary-pads-single\\\/#primaryimage\"},\"image\":{\"@id\":\"https:\\\/\\\/greenspells.com\\\/product\\\/bambaw-reusable-sanitary-pads-single\\\/#primaryimage\"},\"thumbnailUrl\":\"https:\\\/\\\/i0.wp.com\\\/greenspells.com\\\/wp-content\\\/uploads\\\/2022\\\/08\\\/PRODUCT_VISUALS_PRODUCT_SANITARY_MIDDLE_1080x.jpg?fit=1080%2C1080&ssl=1\",\"datePublished\":\"2022-08-16T16:18:12+00:00\",\"dateModified\":\"2026-01-05T13:43:24+00:00\",\"description\":\"Best way to enjoy safe and eco-friendly personal hygiene - avoid waste and the risk of Toxic Shock Syndrome thanks to these discreet and odour-control 3 layers sanitary pads.\",\"breadcrumb\":{\"@id\":\"https:\\\/\\\/greenspells.com\\\/product\\\/bambaw-reusable-sanitary-pads-single\\\/#breadcrumb\"},\"inLanguage\":\"lt-LT\",\"potentialAction\":[{\"@type\":\"ReadAction\",\"target\":[\"https:\\\/\\\/greenspells.com\\\/product\\\/bambaw-reusable-sanitary-pads-single\\\/\"]}]},{\"@type\":\"ImageObject\",\"inLanguage\":\"lt-LT\",\"@id\":\"https:\\\/\\\/greenspells.com\\\/product\\\/bambaw-reusable-sanitary-pads-single\\\/#primaryimage\",\"url\":\"https:\\\/\\\/i0.wp.com\\\/greenspells.com\\\/wp-content\\\/uploads\\\/2022\\\/08\\\/PRODUCT_VISUALS_PRODUCT_SANITARY_MIDDLE_1080x.jpg?fit=1080%2C1080&ssl=1\",\"contentUrl\":\"https:\\\/\\\/i0.wp.com\\\/greenspells.com\\\/wp-content\\\/uploads\\\/2022\\\/08\\\/PRODUCT_VISUALS_PRODUCT_SANITARY_MIDDLE_1080x.jpg?fit=1080%2C1080&ssl=1\",\"width\":1080,\"height\":1080},{\"@type\":\"BreadcrumbList\",\"@id\":\"https:\\\/\\\/greenspells.com\\\/product\\\/bambaw-reusable-sanitary-pads-single\\\/#breadcrumb\",\"itemListElement\":[{\"@type\":\"ListItem\",\"position\":1,\"name\":\"Home\",\"item\":\"https:\\\/\\\/greenspells.com\\\/\"},{\"@type\":\"ListItem\",\"position\":2,\"name\":\"Shop\",\"item\":\"https:\\\/\\\/greenspells.com\\\/shop\\\/\"},{\"@type\":\"ListItem\",\"position\":3,\"name\":\"BAMBAW Reusable sanitary pad &#8211; single\"}]},{\"@type\":\"WebSite\",\"@id\":\"https:\\\/\\\/greenspells.com\\\/#website\",\"url\":\"https:\\\/\\\/greenspells.com\\\/\",\"name\":\"Greenspells\",\"description\":\"Nat\u016brali ir ekologi\u0161ka kosmetika\",\"publisher\":{\"@id\":\"https:\\\/\\\/greenspells.com\\\/#organization\"},\"potentialAction\":[{\"@type\":\"SearchAction\",\"target\":{\"@type\":\"EntryPoint\",\"urlTemplate\":\"https:\\\/\\\/greenspells.com\\\/?s={search_term_string}\"},\"query-input\":{\"@type\":\"PropertyValueSpecification\",\"valueRequired\":true,\"valueName\":\"search_term_string\"}}],\"inLanguage\":\"lt-LT\"},{\"@type\":\"Organization\",\"@id\":\"https:\\\/\\\/greenspells.com\\\/#organization\",\"name\":\"Greenspells\",\"url\":\"https:\\\/\\\/greenspells.com\\\/\",\"logo\":{\"@type\":\"ImageObject\",\"inLanguage\":\"lt-LT\",\"@id\":\"https:\\\/\\\/greenspells.com\\\/#\\\/schema\\\/logo\\\/image\\\/\",\"url\":\"https:\\\/\\\/i0.wp.com\\\/greenspells.com\\\/wp-content\\\/uploads\\\/2020\\\/09\\\/20200722_153424_0000.png?fit=1500%2C1500&ssl=1\",\"contentUrl\":\"https:\\\/\\\/i0.wp.com\\\/greenspells.com\\\/wp-content\\\/uploads\\\/2020\\\/09\\\/20200722_153424_0000.png?fit=1500%2C1500&ssl=1\",\"width\":1500,\"height\":1500,\"caption\":\"Greenspells\"},\"image\":{\"@id\":\"https:\\\/\\\/greenspells.com\\\/#\\\/schema\\\/logo\\\/image\\\/\"},\"sameAs\":[\"https:\\\/\\\/www.facebook.com\\\/Greenspells\",\"https:\\\/\\\/www.instagram.com\\\/greenspells_store\\\/\"]}]}<\/script>\n<!-- \/ Yoast SEO plugin. -->","yoast_head_json":{"title":"BAMBAW  Reusable sanitary pad - single - Greenspells","description":"Best way to enjoy safe and eco-friendly personal hygiene - avoid waste and the risk of Toxic Shock Syndrome thanks to these discreet and odour-control 3 layers sanitary pads.","robots":{"index":"index","follow":"follow","max-snippet":"max-snippet:-1","max-image-preview":"max-image-preview:large","max-video-preview":"max-video-preview:-1"},"canonical":"https:\/\/greenspells.com\/lt\/produktas\/bambaw-reusable-sanitary-pads-single\/","og_locale":"lt_LT","og_type":"article","og_title":"BAMBAW  Reusable sanitary pad - single - Greenspells","og_description":"Best way to enjoy safe and eco-friendly personal hygiene - avoid waste and the risk of Toxic Shock Syndrome thanks to these discreet and odour-control 3 layers sanitary pads.","og_url":"https:\/\/greenspells.com\/lt\/produktas\/bambaw-reusable-sanitary-pads-single\/","og_site_name":"Greenspells","article_publisher":"https:\/\/www.facebook.com\/Greenspells","article_modified_time":"2026-01-05T13:43:24+00:00","og_image":[{"width":1080,"height":1080,"url":"https:\/\/greenspells.com\/wp-content\/uploads\/2022\/08\/PRODUCT_VISUALS_PRODUCT_SANITARY_MIDDLE_1080x.jpg","type":"image\/jpeg"}],"twitter_card":"summary_large_image","twitter_misc":{"Est. reading time":"4 minut\u0117s"},"schema":{"@context":"https:\/\/schema.org","@graph":[{"@type":"WebPage","@id":"https:\/\/greenspells.com\/product\/bambaw-reusable-sanitary-pads-single\/","url":"https:\/\/greenspells.com\/product\/bambaw-reusable-sanitary-pads-single\/","name":"BAMBAW Reusable sanitary pad - single - Greenspells","isPartOf":{"@id":"https:\/\/greenspells.com\/#website"},"primaryImageOfPage":{"@id":"https:\/\/greenspells.com\/product\/bambaw-reusable-sanitary-pads-single\/#primaryimage"},"image":{"@id":"https:\/\/greenspells.com\/product\/bambaw-reusable-sanitary-pads-single\/#primaryimage"},"thumbnailUrl":"https:\/\/i0.wp.com\/greenspells.com\/wp-content\/uploads\/2022\/08\/PRODUCT_VISUALS_PRODUCT_SANITARY_MIDDLE_1080x.jpg?fit=1080%2C1080&ssl=1","datePublished":"2022-08-16T16:18:12+00:00","dateModified":"2026-01-05T13:43:24+00:00","description":"Best way to enjoy safe and eco-friendly personal hygiene - avoid waste and the risk of Toxic Shock Syndrome thanks to these discreet and odour-control 3 layers sanitary pads.","breadcrumb":{"@id":"https:\/\/greenspells.com\/product\/bambaw-reusable-sanitary-pads-single\/#breadcrumb"},"inLanguage":"lt-LT","potentialAction":[{"@type":"ReadAction","target":["https:\/\/greenspells.com\/product\/bambaw-reusable-sanitary-pads-single\/"]}]},{"@type":"ImageObject","inLanguage":"lt-LT","@id":"https:\/\/greenspells.com\/product\/bambaw-reusable-sanitary-pads-single\/#primaryimage","url":"https:\/\/i0.wp.com\/greenspells.com\/wp-content\/uploads\/2022\/08\/PRODUCT_VISUALS_PRODUCT_SANITARY_MIDDLE_1080x.jpg?fit=1080%2C1080&ssl=1","contentUrl":"https:\/\/i0.wp.com\/greenspells.com\/wp-content\/uploads\/2022\/08\/PRODUCT_VISUALS_PRODUCT_SANITARY_MIDDLE_1080x.jpg?fit=1080%2C1080&ssl=1","width":1080,"height":1080},{"@type":"BreadcrumbList","@id":"https:\/\/greenspells.com\/product\/bambaw-reusable-sanitary-pads-single\/#breadcrumb","itemListElement":[{"@type":"ListItem","position":1,"name":"Home","item":"https:\/\/greenspells.com\/"},{"@type":"ListItem","position":2,"name":"Shop","item":"https:\/\/greenspells.com\/shop\/"},{"@type":"ListItem","position":3,"name":"BAMBAW Reusable sanitary pad &#8211; single"}]},{"@type":"WebSite","@id":"https:\/\/greenspells.com\/#website","url":"https:\/\/greenspells.com\/","name":"Greenspells","description":"Nat\u016brali ir ekologi\u0161ka kosmetika","publisher":{"@id":"https:\/\/greenspells.com\/#organization"},"potentialAction":[{"@type":"SearchAction","target":{"@type":"EntryPoint","urlTemplate":"https:\/\/greenspells.com\/?s={search_term_string}"},"query-input":{"@type":"PropertyValueSpecification","valueRequired":true,"valueName":"search_term_string"}}],"inLanguage":"lt-LT"},{"@type":"Organization","@id":"https:\/\/greenspells.com\/#organization","name":"Greenspells","url":"https:\/\/greenspells.com\/","logo":{"@type":"ImageObject","inLanguage":"lt-LT","@id":"https:\/\/greenspells.com\/#\/schema\/logo\/image\/","url":"https:\/\/i0.wp.com\/greenspells.com\/wp-content\/uploads\/2020\/09\/20200722_153424_0000.png?fit=1500%2C1500&ssl=1","contentUrl":"https:\/\/i0.wp.com\/greenspells.com\/wp-content\/uploads\/2020\/09\/20200722_153424_0000.png?fit=1500%2C1500&ssl=1","width":1500,"height":1500,"caption":"Greenspells"},"image":{"@id":"https:\/\/greenspells.com\/#\/schema\/logo\/image\/"},"sameAs":["https:\/\/www.facebook.com\/Greenspells","https:\/\/www.instagram.com\/greenspells_store\/"]}]}},"jetpack_likes_enabled":true,"jetpack_sharing_enabled":true,"_links":{"self":[{"href":"https:\/\/greenspells.com\/lt\/wp-json\/wp\/v2\/product\/1671037","targetHints":{"allow":["GET"]}}],"collection":[{"href":"https:\/\/greenspells.com\/lt\/wp-json\/wp\/v2\/product"}],"about":[{"href":"https:\/\/greenspells.com\/lt\/wp-json\/wp\/v2\/types\/product"}],"replies":[{"embeddable":true,"href":"https:\/\/greenspells.com\/lt\/wp-json\/wp\/v2\/comments?post=1671037"}],"wp:featuredmedia":[{"embeddable":true,"href":"https:\/\/greenspells.com\/lt\/wp-json\/wp\/v2\/media\/1671013"}],"wp:attachment":[{"href":"https:\/\/greenspells.com\/lt\/wp-json\/wp\/v2\/media?parent=1671037"}],"wp:term":[{"taxonomy":"product_brand","embeddable":true,"href":"https:\/\/greenspells.com\/lt\/wp-json\/wp\/v2\/product_brand?post=1671037"},{"taxonomy":"product_cat","embeddable":true,"href":"https:\/\/greenspells.com\/lt\/wp-json\/wp\/v2\/product_cat?post=1671037"},{"taxonomy":"product_tag","embeddable":true,"href":"https:\/\/greenspells.com\/lt\/wp-json\/wp\/v2\/product_tag?post=1671037"}],"curies":[{"name":"wp","href":"https:\/\/api.w.org\/{rel}","templated":true}]}}