{"id":1671006,"date":"2022-08-13T20:05:12","date_gmt":"2022-08-13T18:05:12","guid":{"rendered":"https:\/\/greenspells.com\/?post_type=product&#038;p=1671006"},"modified":"2026-01-05T15:43:42","modified_gmt":"2026-01-05T13:43:42","slug":"bambaw-reusable-sanitary-pads-pack","status":"publish","type":"product","link":"https:\/\/greenspells.com\/lt\/produktas\/bambaw-reusable-sanitary-pads-pack\/","title":{"rendered":"BAMBAW <br> Daugkartini\u0173 \u012fklot\u0173 PAKUOT\u0116 + D\u0116KLAS"},"content":{"rendered":"<hr \/>\n<p><span style=\"color: #262626; font-family: source_sans_prolight, sans-serif;\">Geriausias b\u016bdas u\u017etikrinti saugi\u0105 ir aplinkai draugi\u0161k\u0105 asmenin\u0119 higien\u0105 - diskreti\u0161ki, 3 sluoksni\u0173 higieniniai \u012fklotai, saugantys kartu ir nuo nemalonaus kvapo.\nJoki\u0173 plastiko atliek\u0173, jokio toksinio \u0161oko sindromo pavojaus.<\/span><\/p>\n<p><img data-recalc-dims=\"1\" loading=\"lazy\" decoding=\"async\" class=\"aligncenter size-medium wp-image-1671008\" src=\"https:\/\/i0.wp.com\/greenspells.com\/wp-content\/uploads\/2022\/08\/Sanitary_1a3f8724-fdc8-42cc-92f3-36f950ad2f34.png?resize=300%2C102&#038;ssl=1\" alt=\"\" width=\"300\" height=\"102\" srcset=\"https:\/\/i0.wp.com\/greenspells.com\/wp-content\/uploads\/2022\/08\/Sanitary_1a3f8724-fdc8-42cc-92f3-36f950ad2f34.png?resize=300%2C102&amp;ssl=1 300w, https:\/\/i0.wp.com\/greenspells.com\/wp-content\/uploads\/2022\/08\/Sanitary_1a3f8724-fdc8-42cc-92f3-36f950ad2f34.png?resize=18%2C6&amp;ssl=1 18w, https:\/\/i0.wp.com\/greenspells.com\/wp-content\/uploads\/2022\/08\/Sanitary_1a3f8724-fdc8-42cc-92f3-36f950ad2f34.png?resize=416%2C142&amp;ssl=1 416w, https:\/\/i0.wp.com\/greenspells.com\/wp-content\/uploads\/2022\/08\/Sanitary_1a3f8724-fdc8-42cc-92f3-36f950ad2f34.png?w=523&amp;ssl=1 523w\" sizes=\"auto, (max-width: 300px) 100vw, 300px\" \/><\/p>\n<p style=\"box-sizing: border-box; margin-bottom: 0.75em; font-family: source_sans_prolight, sans-serif; line-height: 1.5; color: #262626;\">Daugkartiniai \u012fklotai BAMBAW - sukurti moters, kitoms moterims, tod\u0117l jie sukurti atsi\u017evelgiant \u012f visus moteri\u0161kos higienos poreikius ir problemas. \nPakuotes galite pasirinkti i\u0161 3 dyd\u017ei\u0173:<\/p>\n<ul style=\"box-sizing: border-box; margin-bottom: 0.75em; margin-left: 10px; list-style-position: outside; color: #262626; font-family: source_sans_prolight, sans-serif;\">\n<li style=\"box-sizing: border-box; margin-bottom: 0px; text-align: left;\">Light flow (5 \u012fklotai su 1 mikropluo\u0161to sluoksniu)<\/li>\n<li style=\"box-sizing: border-box; margin-bottom: 0px; text-align: left;\">Medium flow (5 \u012fklotai su 2 mikropluo\u0161to sluoksniais)<\/li>\n<li style=\"box-sizing: border-box; margin-bottom: 0px; text-align: left;\">Heavy flow (5 \u012fklotai su 3 mikropluo\u0161to sluoksniais)<\/li>\n<li style=\"box-sizing: border-box; margin-bottom: 0px; text-align: left;\">Mix pakuot\u0117 (3 LIGHT FLOW, 2 MEDIUM FLOW ir 1 HEAVY FLOW \u012fklotas)<\/li>\n<\/ul>\n<h2 style=\"box-sizing: border-box; font-family: 'Source Sans Pro', sans-serif; font-weight: bold; letter-spacing: 0.5px; font-size: 22px; margin-top: 0.75em; margin-bottom: 0px; line-height: 1.5; color: #336333;\">Trys med\u017eiagos<\/h2>\n<p style=\"box-sizing: border-box; margin-bottom: 0.75em; font-family: source_sans_prolight, sans-serif; line-height: 1.5; color: #262626;\">Visi daugkartiniai \u012fklotai - diskreti\u0161ki, juodos spalvos, pagaminti i\u0161 trij\u0173 med\u017eiag\u0173:<\/p>\n<ul style=\"box-sizing: border-box; margin-bottom: 0.75em; margin-left: 10px; list-style-position: outside; color: #262626; font-family: source_sans_prolight, sans-serif;\">\n<li style=\"box-sizing: border-box; margin-bottom: 0px; text-align: left;\">Bambuko anglis - sausam ir \u0161velniam poj\u016b\u010diui, taip pat ir kvapo kontrolei<\/li>\n<li style=\"box-sizing: border-box; margin-bottom: 0px; text-align: left;\">Mikropluo\u0161tas - maksimaliam sugeriamumui ir greitam d\u017ei\u016bvimui<\/li>\n<li style=\"box-sizing: border-box; margin-bottom: 0px; text-align: left;\">Neper\u0161lampamas PUL - geriausiai apsaugai ir lengvam elastingumui.<\/li>\n<\/ul>\n<p style=\"box-sizing: border-box; margin-bottom: 0.75em; font-family: source_sans_prolight, sans-serif; line-height: 1.5; color: #262626;\">Visi \u012fklotai turi u\u017esegimus sparneliams, kad saugiai ir stabiliai laikyt\u0173si.<\/p>\n<h2 style=\"box-sizing: border-box; font-family: 'Source Sans Pro', sans-serif; font-weight: bold; letter-spacing: 0.5px; font-size: 22px; margin-top: 0.75em; margin-bottom: 0px; line-height: 1.5; color: #336333;\">Diskreti\u0161kas d\u0117klas<\/h2>\n<p style=\"box-sizing: border-box; margin-bottom: 0.75em; font-family: source_sans_prolight, sans-serif; line-height: 1.5; color: #262626;\">Kiekvienoje \u012fklot\u0173 pakuot\u0117je yra juodas, neper\u0161lampamas d\u0117klas. Jis turi du skyrelius, kad gal\u0117tum\u0117te lengvai atskirti naudotus ir nenaudotus \u012fklotus. Su \u0161iuo diskreti\u0161ku d\u0117klu keliauti \u012f WC kambar\u012f bus daug patogiau!<\/p>\n<h4 style=\"box-sizing: border-box; font-family: 'Source Sans Pro', sans-serif; font-weight: bold; letter-spacing: 0.5px; font-size: 16px; margin-top: 0.75em; margin-bottom: 0px; line-height: 1.5; color: #262626;\">Kas sudaro pakuot\u0119?<\/h4>\n<ul style=\"box-sizing: border-box; margin-top: 0.75rem; margin-bottom: 0.75em; margin-left: 10px; list-style-position: outside; color: #262626; font-family: source_sans_prolight, sans-serif;\">\n<li style=\"box-sizing: border-box; margin-bottom: 0px; text-align: left;\">5 x daugkartiniai \u012fklotai (light, medium, arba heavy)<\/li>\n<li style=\"box-sizing: border-box; margin-bottom: 0px; text-align: left;\">1 x juodas, neper\u0161lampamas d\u0117klas<\/li>\n<li style=\"box-sizing: border-box; margin-bottom: 0px; text-align: left;\">Instrukcija<\/li>\n<\/ul>\n<p>&nbsp;<\/p>\n<p><em><strong>Poveikis aplinkai<\/strong><\/em>:<\/p>\n<p>Moter\u0173 higienos produktai menstruacijoms yra b\u016btinyb\u0117. Deja, daugelis j\u0173 yra vienkartinio naudojimo, kiekvienas supakuotas \u012f plastik\u0105 ir net patys bent dalinai pagaminti i\u0161 plastiko, taigi jie nei suyrantys, nei perdirbami.<\/p>\n<p>Suskilti \u012f ma\u017eas plastiko daleles (mikroplastik\u0105) jiems prireiks 500 - 700 met\u0173. MET\u0172. Menstruaciniai produktai u\u017eima negarbing\u0105 5 viet\u0105  tarp da\u017eniausiai randam\u0173 dalyk\u0173 Europos papl\u016bdimiuose!<\/p>\n<p><strong>Vienkartiniai \u012fklotai - brangu<\/strong><\/p>\n<p>Ne tik aplink\u0105 ter\u0161ia, bet vienkartiniai \u012fklotai ir kainuoja nema\u017eai. Ilguoju laikotarpiu susidaro \u017eenklios sumos. Per 5 metus vidutini\u0161kai i\u0161leid\u017eiate 130-400 eur moter\u0173 higienos produktams. Per gyvenim\u0105 gali susidaryti net iki 14.000 eur!<\/p>\n<p><strong>Tvarios alternatyvos<\/strong><\/p>\n<p>Laim\u0117, jau yra sukurta tvari\u0173 sprendim\u0173 ir alternatyv\u0173 vienkartiniams menstruacij\u0173 \u012fklotams, toki\u0173 kaip menstruacin\u0117s taurel\u0117s, arba daugkartiniai \u012fklotai. \nDaugkartiniai \u012fklotai yra sveikiausias b\u016bdas, kadangi taurel\u0117s ir tamponai krauj\u0105 sulaiko ir u\u017elaiko k\u016bno viduje, o jis turi i\u0161eiti lauk (sveikiau).<\/p>\n<p><em><strong>Sud\u0117tis<\/strong><\/em>:<\/p>\n<p><img data-recalc-dims=\"1\" loading=\"lazy\" decoding=\"async\" class=\"aligncenter size-medium wp-image-1671011\" src=\"https:\/\/i0.wp.com\/greenspells.com\/wp-content\/uploads\/2022\/08\/Screenshot_20220813-204641_Samsung-Internet.jpg?resize=226%2C300&#038;ssl=1\" alt=\"\" width=\"226\" height=\"300\" srcset=\"https:\/\/i0.wp.com\/greenspells.com\/wp-content\/uploads\/2022\/08\/Screenshot_20220813-204641_Samsung-Internet.jpg?resize=226%2C300&amp;ssl=1 226w, https:\/\/i0.wp.com\/greenspells.com\/wp-content\/uploads\/2022\/08\/Screenshot_20220813-204641_Samsung-Internet.jpg?resize=772%2C1024&amp;ssl=1 772w, https:\/\/i0.wp.com\/greenspells.com\/wp-content\/uploads\/2022\/08\/Screenshot_20220813-204641_Samsung-Internet.jpg?resize=768%2C1018&amp;ssl=1 768w, https:\/\/i0.wp.com\/greenspells.com\/wp-content\/uploads\/2022\/08\/Screenshot_20220813-204641_Samsung-Internet.jpg?resize=9%2C12&amp;ssl=1 9w, https:\/\/i0.wp.com\/greenspells.com\/wp-content\/uploads\/2022\/08\/Screenshot_20220813-204641_Samsung-Internet.jpg?resize=900%2C1200&amp;ssl=1 900w, https:\/\/i0.wp.com\/greenspells.com\/wp-content\/uploads\/2022\/08\/Screenshot_20220813-204641_Samsung-Internet.jpg?resize=600%2C800&amp;ssl=1 600w, https:\/\/i0.wp.com\/greenspells.com\/wp-content\/uploads\/2022\/08\/Screenshot_20220813-204641_Samsung-Internet.jpg?resize=300%2C400&amp;ssl=1 300w, https:\/\/i0.wp.com\/greenspells.com\/wp-content\/uploads\/2022\/08\/Screenshot_20220813-204641_Samsung-Internet.jpg?resize=150%2C200&amp;ssl=1 150w, https:\/\/i0.wp.com\/greenspells.com\/wp-content\/uploads\/2022\/08\/Screenshot_20220813-204641_Samsung-Internet.jpg?resize=416%2C552&amp;ssl=1 416w, https:\/\/i0.wp.com\/greenspells.com\/wp-content\/uploads\/2022\/08\/Screenshot_20220813-204641_Samsung-Internet.jpg?w=1080&amp;ssl=1 1080w\" sizes=\"auto, (max-width: 226px) 100vw, 226px\" \/><\/p>","protected":false},"excerpt":{"rendered":"<p>Avoid waste and the risk of Toxic Shock Syndrome thanks to these discreet and odour-control 3 layers sanitary pads. Best way to enjoy safe and eco-friendly personal hygiene. The reusable sanitary pads from Bambaw are made for women, by women to make sure they cover all your feminine hygiene needs. Therefore, they are available in [&hellip;]<\/p>","protected":false},"featured_media":1671013,"comment_status":"open","ping_status":"closed","template":"","meta":{"content-type":"","_monsterinsights_skip_tracking":false,"_monsterinsights_sitenote_active":false,"_monsterinsights_sitenote_note":"","_monsterinsights_sitenote_category":0,"_uf_show_specific_survey":0,"_uf_disable_surveys":false},"product_brand":[1659],"product_cat":[1328,137,1356,1369,15],"product_tag":[1355,1346,1354,1348,1349,1352,1353,1347,1350,1344,1351,1345,251],"class_list":{"0":"post-1671006","1":"product","2":"type-product","3":"status-publish","4":"has-post-thumbnail","6":"product_brand-bambaw","7":"product_cat-babyblog-top","8":"product_cat-bath-and-body","9":"product_cat-intimate-hygiene","10":"product_cat-other","11":"product_cat-all-products","12":"product_tag-daugkartiniai-iklotai","13":"product_tag-daugkartiniai-paketai","14":"product_tag-iklotai","15":"product_tag-intymi-higiena","16":"product_tag-menstruacijos","17":"product_tag-menstruaciju-taurele","18":"product_tag-menstrual-pads","19":"product_tag-moteru-higiena","20":"product_tag-paketai","21":"product_tag-sanitary-pads","22":"product_tag-tvarus-paketai","23":"product_tag-woman-hygiene","24":"product_tag-zero-waste","26":"first","27":"instock","28":"taxable","29":"shipping-taxable","30":"purchasable","31":"product-type-variable"},"bundled_by":[],"bundle_stock_status":"instock","bundle_stock_quantity":null,"bundle_virtual":false,"bundle_layout":"","bundle_add_to_cart_form_location":"","bundle_editable_in_cart":false,"bundle_sold_individually_context":"","bundle_item_grouping":"","bundle_min_size":"","bundle_max_size":"","bundle_price":[],"bundled_items":[],"bundle_sell_ids":[],"group_of_quantity":0,"min_quantity":0,"max_quantity":"","exclude_order_quantity_value_rules":"no","exclude_category_quantity_rules":"no","combine_variations":"no","exclude_global_add_ons":[],"addons":[],"yoast_head":"<!-- This site is optimized with the Yoast SEO plugin v27.3 - https:\/\/yoast.com\/product\/yoast-seo-wordpress\/ -->\n<title>BAMBAW  Reusable sanitary pads, PACK - Greenspells<\/title>\n<meta name=\"description\" content=\"Best way to enjoy safe and eco-friendly personal hygiene - avoid waste and the risk of Toxic Shock Syndrome thanks to these discreet and odour-control 3 layers sanitary pads.\" \/>\n<meta name=\"robots\" content=\"index, follow, max-snippet:-1, max-image-preview:large, max-video-preview:-1\" \/>\n<link rel=\"canonical\" href=\"https:\/\/greenspells.com\/lt\/produktas\/bambaw-reusable-sanitary-pads-pack\/\" \/>\n<meta property=\"og:locale\" content=\"lt_LT\" \/>\n<meta property=\"og:type\" content=\"article\" \/>\n<meta property=\"og:title\" content=\"BAMBAW  Reusable sanitary pads, PACK - Greenspells\" \/>\n<meta property=\"og:description\" content=\"Best way to enjoy safe and eco-friendly personal hygiene - avoid waste and the risk of Toxic Shock Syndrome thanks to these discreet and odour-control 3 layers sanitary pads.\" \/>\n<meta property=\"og:url\" content=\"https:\/\/greenspells.com\/lt\/produktas\/bambaw-reusable-sanitary-pads-pack\/\" \/>\n<meta property=\"og:site_name\" content=\"Greenspells\" \/>\n<meta property=\"article:publisher\" content=\"https:\/\/www.facebook.com\/Greenspells\" \/>\n<meta property=\"article:modified_time\" content=\"2026-01-05T13:43:42+00:00\" \/>\n<meta property=\"og:image\" content=\"https:\/\/greenspells.com\/wp-content\/uploads\/2022\/08\/PRODUCT_VISUALS_PRODUCT_SANITARY_MIDDLE_1080x.jpg\" \/>\n\t<meta property=\"og:image:width\" content=\"1080\" \/>\n\t<meta property=\"og:image:height\" content=\"1080\" \/>\n\t<meta property=\"og:image:type\" content=\"image\/jpeg\" \/>\n<meta name=\"twitter:card\" content=\"summary_large_image\" \/>\n<meta name=\"twitter:label1\" content=\"Est. reading time\" \/>\n\t<meta name=\"twitter:data1\" content=\"3 minut\u0117s\" \/>\n<script type=\"application\/ld+json\" class=\"yoast-schema-graph\">{\"@context\":\"https:\\\/\\\/schema.org\",\"@graph\":[{\"@type\":\"WebPage\",\"@id\":\"https:\\\/\\\/greenspells.com\\\/product\\\/bambaw-reusable-sanitary-pads-pack\\\/\",\"url\":\"https:\\\/\\\/greenspells.com\\\/product\\\/bambaw-reusable-sanitary-pads-pack\\\/\",\"name\":\"BAMBAW Reusable sanitary pads, PACK - Greenspells\",\"isPartOf\":{\"@id\":\"https:\\\/\\\/greenspells.com\\\/#website\"},\"primaryImageOfPage\":{\"@id\":\"https:\\\/\\\/greenspells.com\\\/product\\\/bambaw-reusable-sanitary-pads-pack\\\/#primaryimage\"},\"image\":{\"@id\":\"https:\\\/\\\/greenspells.com\\\/product\\\/bambaw-reusable-sanitary-pads-pack\\\/#primaryimage\"},\"thumbnailUrl\":\"https:\\\/\\\/i0.wp.com\\\/greenspells.com\\\/wp-content\\\/uploads\\\/2022\\\/08\\\/PRODUCT_VISUALS_PRODUCT_SANITARY_MIDDLE_1080x.jpg?fit=1080%2C1080&ssl=1\",\"datePublished\":\"2022-08-13T18:05:12+00:00\",\"dateModified\":\"2026-01-05T13:43:42+00:00\",\"description\":\"Best way to enjoy safe and eco-friendly personal hygiene - avoid waste and the risk of Toxic Shock Syndrome thanks to these discreet and odour-control 3 layers sanitary pads.\",\"breadcrumb\":{\"@id\":\"https:\\\/\\\/greenspells.com\\\/product\\\/bambaw-reusable-sanitary-pads-pack\\\/#breadcrumb\"},\"inLanguage\":\"lt-LT\",\"potentialAction\":[{\"@type\":\"ReadAction\",\"target\":[\"https:\\\/\\\/greenspells.com\\\/product\\\/bambaw-reusable-sanitary-pads-pack\\\/\"]}]},{\"@type\":\"ImageObject\",\"inLanguage\":\"lt-LT\",\"@id\":\"https:\\\/\\\/greenspells.com\\\/product\\\/bambaw-reusable-sanitary-pads-pack\\\/#primaryimage\",\"url\":\"https:\\\/\\\/i0.wp.com\\\/greenspells.com\\\/wp-content\\\/uploads\\\/2022\\\/08\\\/PRODUCT_VISUALS_PRODUCT_SANITARY_MIDDLE_1080x.jpg?fit=1080%2C1080&ssl=1\",\"contentUrl\":\"https:\\\/\\\/i0.wp.com\\\/greenspells.com\\\/wp-content\\\/uploads\\\/2022\\\/08\\\/PRODUCT_VISUALS_PRODUCT_SANITARY_MIDDLE_1080x.jpg?fit=1080%2C1080&ssl=1\",\"width\":1080,\"height\":1080},{\"@type\":\"BreadcrumbList\",\"@id\":\"https:\\\/\\\/greenspells.com\\\/product\\\/bambaw-reusable-sanitary-pads-pack\\\/#breadcrumb\",\"itemListElement\":[{\"@type\":\"ListItem\",\"position\":1,\"name\":\"Home\",\"item\":\"https:\\\/\\\/greenspells.com\\\/\"},{\"@type\":\"ListItem\",\"position\":2,\"name\":\"Shop\",\"item\":\"https:\\\/\\\/greenspells.com\\\/shop\\\/\"},{\"@type\":\"ListItem\",\"position\":3,\"name\":\"BAMBAW Reusable sanitary pads, PACK\"}]},{\"@type\":\"WebSite\",\"@id\":\"https:\\\/\\\/greenspells.com\\\/#website\",\"url\":\"https:\\\/\\\/greenspells.com\\\/\",\"name\":\"Greenspells\",\"description\":\"Nat\u016brali ir ekologi\u0161ka kosmetika\",\"publisher\":{\"@id\":\"https:\\\/\\\/greenspells.com\\\/#organization\"},\"potentialAction\":[{\"@type\":\"SearchAction\",\"target\":{\"@type\":\"EntryPoint\",\"urlTemplate\":\"https:\\\/\\\/greenspells.com\\\/?s={search_term_string}\"},\"query-input\":{\"@type\":\"PropertyValueSpecification\",\"valueRequired\":true,\"valueName\":\"search_term_string\"}}],\"inLanguage\":\"lt-LT\"},{\"@type\":\"Organization\",\"@id\":\"https:\\\/\\\/greenspells.com\\\/#organization\",\"name\":\"Greenspells\",\"url\":\"https:\\\/\\\/greenspells.com\\\/\",\"logo\":{\"@type\":\"ImageObject\",\"inLanguage\":\"lt-LT\",\"@id\":\"https:\\\/\\\/greenspells.com\\\/#\\\/schema\\\/logo\\\/image\\\/\",\"url\":\"https:\\\/\\\/i0.wp.com\\\/greenspells.com\\\/wp-content\\\/uploads\\\/2020\\\/09\\\/20200722_153424_0000.png?fit=1500%2C1500&ssl=1\",\"contentUrl\":\"https:\\\/\\\/i0.wp.com\\\/greenspells.com\\\/wp-content\\\/uploads\\\/2020\\\/09\\\/20200722_153424_0000.png?fit=1500%2C1500&ssl=1\",\"width\":1500,\"height\":1500,\"caption\":\"Greenspells\"},\"image\":{\"@id\":\"https:\\\/\\\/greenspells.com\\\/#\\\/schema\\\/logo\\\/image\\\/\"},\"sameAs\":[\"https:\\\/\\\/www.facebook.com\\\/Greenspells\",\"https:\\\/\\\/www.instagram.com\\\/greenspells_store\\\/\"]}]}<\/script>\n<!-- \/ Yoast SEO plugin. -->","yoast_head_json":{"title":"BAMBAW  Reusable sanitary pads, PACK - Greenspells","description":"Best way to enjoy safe and eco-friendly personal hygiene - avoid waste and the risk of Toxic Shock Syndrome thanks to these discreet and odour-control 3 layers sanitary pads.","robots":{"index":"index","follow":"follow","max-snippet":"max-snippet:-1","max-image-preview":"max-image-preview:large","max-video-preview":"max-video-preview:-1"},"canonical":"https:\/\/greenspells.com\/lt\/produktas\/bambaw-reusable-sanitary-pads-pack\/","og_locale":"lt_LT","og_type":"article","og_title":"BAMBAW  Reusable sanitary pads, PACK - Greenspells","og_description":"Best way to enjoy safe and eco-friendly personal hygiene - avoid waste and the risk of Toxic Shock Syndrome thanks to these discreet and odour-control 3 layers sanitary pads.","og_url":"https:\/\/greenspells.com\/lt\/produktas\/bambaw-reusable-sanitary-pads-pack\/","og_site_name":"Greenspells","article_publisher":"https:\/\/www.facebook.com\/Greenspells","article_modified_time":"2026-01-05T13:43:42+00:00","og_image":[{"width":1080,"height":1080,"url":"https:\/\/greenspells.com\/wp-content\/uploads\/2022\/08\/PRODUCT_VISUALS_PRODUCT_SANITARY_MIDDLE_1080x.jpg","type":"image\/jpeg"}],"twitter_card":"summary_large_image","twitter_misc":{"Est. reading time":"3 minut\u0117s"},"schema":{"@context":"https:\/\/schema.org","@graph":[{"@type":"WebPage","@id":"https:\/\/greenspells.com\/product\/bambaw-reusable-sanitary-pads-pack\/","url":"https:\/\/greenspells.com\/product\/bambaw-reusable-sanitary-pads-pack\/","name":"BAMBAW Reusable sanitary pads, PACK - Greenspells","isPartOf":{"@id":"https:\/\/greenspells.com\/#website"},"primaryImageOfPage":{"@id":"https:\/\/greenspells.com\/product\/bambaw-reusable-sanitary-pads-pack\/#primaryimage"},"image":{"@id":"https:\/\/greenspells.com\/product\/bambaw-reusable-sanitary-pads-pack\/#primaryimage"},"thumbnailUrl":"https:\/\/i0.wp.com\/greenspells.com\/wp-content\/uploads\/2022\/08\/PRODUCT_VISUALS_PRODUCT_SANITARY_MIDDLE_1080x.jpg?fit=1080%2C1080&ssl=1","datePublished":"2022-08-13T18:05:12+00:00","dateModified":"2026-01-05T13:43:42+00:00","description":"Best way to enjoy safe and eco-friendly personal hygiene - avoid waste and the risk of Toxic Shock Syndrome thanks to these discreet and odour-control 3 layers sanitary pads.","breadcrumb":{"@id":"https:\/\/greenspells.com\/product\/bambaw-reusable-sanitary-pads-pack\/#breadcrumb"},"inLanguage":"lt-LT","potentialAction":[{"@type":"ReadAction","target":["https:\/\/greenspells.com\/product\/bambaw-reusable-sanitary-pads-pack\/"]}]},{"@type":"ImageObject","inLanguage":"lt-LT","@id":"https:\/\/greenspells.com\/product\/bambaw-reusable-sanitary-pads-pack\/#primaryimage","url":"https:\/\/i0.wp.com\/greenspells.com\/wp-content\/uploads\/2022\/08\/PRODUCT_VISUALS_PRODUCT_SANITARY_MIDDLE_1080x.jpg?fit=1080%2C1080&ssl=1","contentUrl":"https:\/\/i0.wp.com\/greenspells.com\/wp-content\/uploads\/2022\/08\/PRODUCT_VISUALS_PRODUCT_SANITARY_MIDDLE_1080x.jpg?fit=1080%2C1080&ssl=1","width":1080,"height":1080},{"@type":"BreadcrumbList","@id":"https:\/\/greenspells.com\/product\/bambaw-reusable-sanitary-pads-pack\/#breadcrumb","itemListElement":[{"@type":"ListItem","position":1,"name":"Home","item":"https:\/\/greenspells.com\/"},{"@type":"ListItem","position":2,"name":"Shop","item":"https:\/\/greenspells.com\/shop\/"},{"@type":"ListItem","position":3,"name":"BAMBAW Reusable sanitary pads, PACK"}]},{"@type":"WebSite","@id":"https:\/\/greenspells.com\/#website","url":"https:\/\/greenspells.com\/","name":"Greenspells","description":"Nat\u016brali ir ekologi\u0161ka kosmetika","publisher":{"@id":"https:\/\/greenspells.com\/#organization"},"potentialAction":[{"@type":"SearchAction","target":{"@type":"EntryPoint","urlTemplate":"https:\/\/greenspells.com\/?s={search_term_string}"},"query-input":{"@type":"PropertyValueSpecification","valueRequired":true,"valueName":"search_term_string"}}],"inLanguage":"lt-LT"},{"@type":"Organization","@id":"https:\/\/greenspells.com\/#organization","name":"Greenspells","url":"https:\/\/greenspells.com\/","logo":{"@type":"ImageObject","inLanguage":"lt-LT","@id":"https:\/\/greenspells.com\/#\/schema\/logo\/image\/","url":"https:\/\/i0.wp.com\/greenspells.com\/wp-content\/uploads\/2020\/09\/20200722_153424_0000.png?fit=1500%2C1500&ssl=1","contentUrl":"https:\/\/i0.wp.com\/greenspells.com\/wp-content\/uploads\/2020\/09\/20200722_153424_0000.png?fit=1500%2C1500&ssl=1","width":1500,"height":1500,"caption":"Greenspells"},"image":{"@id":"https:\/\/greenspells.com\/#\/schema\/logo\/image\/"},"sameAs":["https:\/\/www.facebook.com\/Greenspells","https:\/\/www.instagram.com\/greenspells_store\/"]}]}},"jetpack_likes_enabled":true,"jetpack_sharing_enabled":true,"_links":{"self":[{"href":"https:\/\/greenspells.com\/lt\/wp-json\/wp\/v2\/product\/1671006","targetHints":{"allow":["GET"]}}],"collection":[{"href":"https:\/\/greenspells.com\/lt\/wp-json\/wp\/v2\/product"}],"about":[{"href":"https:\/\/greenspells.com\/lt\/wp-json\/wp\/v2\/types\/product"}],"replies":[{"embeddable":true,"href":"https:\/\/greenspells.com\/lt\/wp-json\/wp\/v2\/comments?post=1671006"}],"wp:featuredmedia":[{"embeddable":true,"href":"https:\/\/greenspells.com\/lt\/wp-json\/wp\/v2\/media\/1671013"}],"wp:attachment":[{"href":"https:\/\/greenspells.com\/lt\/wp-json\/wp\/v2\/media?parent=1671006"}],"wp:term":[{"taxonomy":"product_brand","embeddable":true,"href":"https:\/\/greenspells.com\/lt\/wp-json\/wp\/v2\/product_brand?post=1671006"},{"taxonomy":"product_cat","embeddable":true,"href":"https:\/\/greenspells.com\/lt\/wp-json\/wp\/v2\/product_cat?post=1671006"},{"taxonomy":"product_tag","embeddable":true,"href":"https:\/\/greenspells.com\/lt\/wp-json\/wp\/v2\/product_tag?post=1671006"}],"curies":[{"name":"wp","href":"https:\/\/api.w.org\/{rel}","templated":true}]}}