{"id":1670882,"date":"2022-07-14T21:37:20","date_gmt":"2022-07-14T19:37:20","guid":{"rendered":"https:\/\/greenspells.com\/?post_type=product&#038;p=1670882"},"modified":"2025-07-11T11:49:49","modified_gmt":"2025-07-11T09:49:49","slug":"bambaw-metal-razor-stand","status":"publish","type":"product","link":"https:\/\/greenspells.com\/lt\/produktas\/bambaw-metal-razor-stand\/","title":{"rendered":"BAMBAW <br> Metalinio skustuvo stovelis"},"content":{"rendered":"<p><span style=\"color: #262626; font-family: source_sans_prolight, sans-serif;\">Stovelis, skirtas metaliniam BAMBAW skustuvui laikyti. Vonios kambarys ne tik bus tvarkingesnis, bet ir dar gra\u017eesnis! Galima rinktis i\u0161 daugyb\u0117s spalv\u0173!<\/span><\/p>\n<p><span style=\"color: #262626; font-family: source_sans_prolight, sans-serif;\">Skustuvui nebereik\u0117s m\u0117tytis kur papuola, dailus stovelis jo lauks visada! Stovelyje skustuvas grei\u010diau i\u0161d\u017eius, nesirems \u012f dr\u0117gnus pavir\u0161ius ir bus visada tvarkingas.<\/span><\/p>\n<p><span style=\"color: #262626; font-family: source_sans_prolight, sans-serif;\">Stovelio sud\u0117tis - tokia pati, kaip ir metalinio skustuvo - 100% \u017ealvaris. \u0160i med\u017eiaga pasirinkta d\u0117l savo visi\u0161ko atsparumo korozijai, taip pat idealaus svorio balanso. Tarnaus daugyb\u0119 met\u0173!<\/span><\/p>","protected":false},"excerpt":{"rendered":"<p>Allow your favourite shaving partner to stand up and shine while keeping your bathroom tidy. Beautify your metal safety razor with the many colour variations of the razor stand. The razor stand allows your razor to remain upright on the bathroom counter, so that it no longer rests on the edge of the sink and [&hellip;]<\/p>\n","protected":false},"featured_media":1670886,"comment_status":"open","ping_status":"closed","template":"","meta":{"content-type":"","_monsterinsights_skip_tracking":false,"_monsterinsights_sitenote_active":false,"_monsterinsights_sitenote_note":"","_monsterinsights_sitenote_category":0,"_uf_show_specific_survey":0,"_uf_disable_surveys":false},"product_brand":[1659],"product_cat":[137,412,15],"product_tag":[1298,408,1318,1312,409,1316,1317,1309],"class_list":{"0":"post-1670882","1":"product","2":"type-product","3":"status-publish","4":"has-post-thumbnail","6":"product_brand-bambaw","7":"product_cat-bath-and-body","8":"product_cat-accessories","9":"product_cat-all-products","10":"product_tag-daugkartinis-skustuvas","11":"product_tag-metal-razor","12":"product_tag-plaukeliu-salinimas","13":"product_tag-safety-razor","14":"product_tag-skustuvas","15":"product_tag-skustuvo-laikiklis","16":"product_tag-skustuvo-stovelis","17":"product_tag-skutimosi-priemones","19":"first","20":"instock","21":"taxable","22":"shipping-taxable","23":"purchasable","24":"product-type-variable"},"bundled_by":[],"bundle_stock_status":"instock","bundle_stock_quantity":null,"bundle_virtual":false,"bundle_layout":"","bundle_add_to_cart_form_location":"","bundle_editable_in_cart":false,"bundle_sold_individually_context":"","bundle_item_grouping":"","bundle_min_size":"","bundle_max_size":"","bundle_price":[],"bundled_items":[],"bundle_sell_ids":[],"group_of_quantity":0,"min_quantity":0,"max_quantity":"","exclude_order_quantity_value_rules":"no","exclude_category_quantity_rules":"no","combine_variations":"no","exclude_global_add_ons":[],"addons":[],"yoast_head":"<!-- This site is optimized with the Yoast SEO plugin v27.5 - https:\/\/yoast.com\/product\/yoast-seo-wordpress\/ -->\n<title>BAMBAW  Metal razor stand - Greenspells<\/title>\n<meta name=\"description\" content=\"The razor stand allows your razor to remain upright on the bathroom counter, so that it no longer rests on the edge of the sink and is always easily accessible.\" \/>\n<meta name=\"robots\" content=\"index, follow, max-snippet:-1, max-image-preview:large, max-video-preview:-1\" \/>\n<link rel=\"canonical\" href=\"https:\/\/greenspells.com\/lt\/produktas\/bambaw-metal-razor-stand\/\" \/>\n<meta property=\"og:locale\" content=\"lt_LT\" \/>\n<meta property=\"og:type\" content=\"article\" \/>\n<meta property=\"og:title\" content=\"BAMBAW  Metal razor stand - Greenspells\" \/>\n<meta property=\"og:description\" content=\"The razor stand allows your razor to remain upright on the bathroom counter, so that it no longer rests on the edge of the sink and is always easily accessible.\" \/>\n<meta property=\"og:url\" content=\"https:\/\/greenspells.com\/lt\/produktas\/bambaw-metal-razor-stand\/\" \/>\n<meta property=\"og:site_name\" content=\"Greenspells\" \/>\n<meta property=\"article:publisher\" content=\"https:\/\/www.facebook.com\/Greenspells\" \/>\n<meta property=\"article:modified_time\" content=\"2025-07-11T09:49:49+00:00\" \/>\n<meta property=\"og:image\" content=\"https:\/\/greenspells.com\/wp-content\/uploads\/2022\/07\/bambaw-razor-stand-rainbow_1080x.jpg\" \/>\n\t<meta property=\"og:image:width\" content=\"1080\" \/>\n\t<meta property=\"og:image:height\" content=\"1080\" \/>\n\t<meta property=\"og:image:type\" content=\"image\/jpeg\" \/>\n<meta name=\"twitter:card\" content=\"summary_large_image\" \/>\n<meta name=\"twitter:label1\" content=\"Est. reading time\" \/>\n\t<meta name=\"twitter:data1\" content=\"1 minut\u0117\" \/>\n<script type=\"application\/ld+json\" class=\"yoast-schema-graph\">{\"@context\":\"https:\\\/\\\/schema.org\",\"@graph\":[{\"@type\":\"WebPage\",\"@id\":\"https:\\\/\\\/greenspells.com\\\/product\\\/bambaw-metal-razor-stand\\\/\",\"url\":\"https:\\\/\\\/greenspells.com\\\/product\\\/bambaw-metal-razor-stand\\\/\",\"name\":\"BAMBAW Metal razor stand - Greenspells\",\"isPartOf\":{\"@id\":\"https:\\\/\\\/greenspells.com\\\/#website\"},\"primaryImageOfPage\":{\"@id\":\"https:\\\/\\\/greenspells.com\\\/product\\\/bambaw-metal-razor-stand\\\/#primaryimage\"},\"image\":{\"@id\":\"https:\\\/\\\/greenspells.com\\\/product\\\/bambaw-metal-razor-stand\\\/#primaryimage\"},\"thumbnailUrl\":\"https:\\\/\\\/i0.wp.com\\\/greenspells.com\\\/wp-content\\\/uploads\\\/2022\\\/07\\\/bambaw-razor-stand-rainbow_1080x.jpg?fit=1080%2C1080&ssl=1\",\"datePublished\":\"2022-07-14T19:37:20+00:00\",\"dateModified\":\"2025-07-11T09:49:49+00:00\",\"description\":\"The razor stand allows your razor to remain upright on the bathroom counter, so that it no longer rests on the edge of the sink and is always easily accessible.\",\"breadcrumb\":{\"@id\":\"https:\\\/\\\/greenspells.com\\\/product\\\/bambaw-metal-razor-stand\\\/#breadcrumb\"},\"inLanguage\":\"lt-LT\",\"potentialAction\":[{\"@type\":\"ReadAction\",\"target\":[\"https:\\\/\\\/greenspells.com\\\/product\\\/bambaw-metal-razor-stand\\\/\"]}]},{\"@type\":\"ImageObject\",\"inLanguage\":\"lt-LT\",\"@id\":\"https:\\\/\\\/greenspells.com\\\/product\\\/bambaw-metal-razor-stand\\\/#primaryimage\",\"url\":\"https:\\\/\\\/i0.wp.com\\\/greenspells.com\\\/wp-content\\\/uploads\\\/2022\\\/07\\\/bambaw-razor-stand-rainbow_1080x.jpg?fit=1080%2C1080&ssl=1\",\"contentUrl\":\"https:\\\/\\\/i0.wp.com\\\/greenspells.com\\\/wp-content\\\/uploads\\\/2022\\\/07\\\/bambaw-razor-stand-rainbow_1080x.jpg?fit=1080%2C1080&ssl=1\",\"width\":1080,\"height\":1080},{\"@type\":\"BreadcrumbList\",\"@id\":\"https:\\\/\\\/greenspells.com\\\/product\\\/bambaw-metal-razor-stand\\\/#breadcrumb\",\"itemListElement\":[{\"@type\":\"ListItem\",\"position\":1,\"name\":\"Home\",\"item\":\"https:\\\/\\\/greenspells.com\\\/\"},{\"@type\":\"ListItem\",\"position\":2,\"name\":\"Shop\",\"item\":\"https:\\\/\\\/greenspells.com\\\/shop\\\/\"},{\"@type\":\"ListItem\",\"position\":3,\"name\":\"BAMBAW Metal razor stand\"}]},{\"@type\":\"WebSite\",\"@id\":\"https:\\\/\\\/greenspells.com\\\/#website\",\"url\":\"https:\\\/\\\/greenspells.com\\\/\",\"name\":\"Greenspells\",\"description\":\"Nat\u016brali ir ekologi\u0161ka kosmetika\",\"publisher\":{\"@id\":\"https:\\\/\\\/greenspells.com\\\/#organization\"},\"potentialAction\":[{\"@type\":\"SearchAction\",\"target\":{\"@type\":\"EntryPoint\",\"urlTemplate\":\"https:\\\/\\\/greenspells.com\\\/?s={search_term_string}\"},\"query-input\":{\"@type\":\"PropertyValueSpecification\",\"valueRequired\":true,\"valueName\":\"search_term_string\"}}],\"inLanguage\":\"lt-LT\"},{\"@type\":\"Organization\",\"@id\":\"https:\\\/\\\/greenspells.com\\\/#organization\",\"name\":\"Greenspells\",\"url\":\"https:\\\/\\\/greenspells.com\\\/\",\"logo\":{\"@type\":\"ImageObject\",\"inLanguage\":\"lt-LT\",\"@id\":\"https:\\\/\\\/greenspells.com\\\/#\\\/schema\\\/logo\\\/image\\\/\",\"url\":\"https:\\\/\\\/i0.wp.com\\\/greenspells.com\\\/wp-content\\\/uploads\\\/2020\\\/09\\\/20200722_153424_0000.png?fit=1500%2C1500&ssl=1\",\"contentUrl\":\"https:\\\/\\\/i0.wp.com\\\/greenspells.com\\\/wp-content\\\/uploads\\\/2020\\\/09\\\/20200722_153424_0000.png?fit=1500%2C1500&ssl=1\",\"width\":1500,\"height\":1500,\"caption\":\"Greenspells\"},\"image\":{\"@id\":\"https:\\\/\\\/greenspells.com\\\/#\\\/schema\\\/logo\\\/image\\\/\"},\"sameAs\":[\"https:\\\/\\\/www.facebook.com\\\/Greenspells\",\"https:\\\/\\\/www.instagram.com\\\/greenspells_store\\\/\"]}]}<\/script>\n<!-- \/ Yoast SEO plugin. -->","yoast_head_json":{"title":"BAMBAW  Metal razor stand - Greenspells","description":"Skustuvui nebereik\u0117s m\u0117tytis kur papuola, dailus stovelis jo lauks visada! Stovelyje skustuvas grei\u010diau i\u0161d\u017eius, nesirems \u012f dr\u0117gnus pavir\u0161ius ir bus visada tvarkingas.","robots":{"index":"index","follow":"follow","max-snippet":"max-snippet:-1","max-image-preview":"max-image-preview:large","max-video-preview":"max-video-preview:-1"},"canonical":"https:\/\/greenspells.com\/lt\/produktas\/bambaw-metal-razor-stand\/","og_locale":"lt_LT","og_type":"article","og_title":"BAMBAW  Metal razor stand - Greenspells","og_description":"The razor stand allows your razor to remain upright on the bathroom counter, so that it no longer rests on the edge of the sink and is always easily accessible.","og_url":"https:\/\/greenspells.com\/lt\/produktas\/bambaw-metal-razor-stand\/","og_site_name":"Greenspells","article_publisher":"https:\/\/www.facebook.com\/Greenspells","article_modified_time":"2025-07-11T09:49:49+00:00","og_image":[{"width":1080,"height":1080,"url":"https:\/\/greenspells.com\/wp-content\/uploads\/2022\/07\/bambaw-razor-stand-rainbow_1080x.jpg","type":"image\/jpeg"}],"twitter_card":"summary_large_image","twitter_misc":{"Est. reading time":"1 minut\u0117"},"schema":{"@context":"https:\/\/schema.org","@graph":[{"@type":"WebPage","@id":"https:\/\/greenspells.com\/product\/bambaw-metal-razor-stand\/","url":"https:\/\/greenspells.com\/product\/bambaw-metal-razor-stand\/","name":"BAMBAW Metal razor stand - Greenspells","isPartOf":{"@id":"https:\/\/greenspells.com\/#website"},"primaryImageOfPage":{"@id":"https:\/\/greenspells.com\/product\/bambaw-metal-razor-stand\/#primaryimage"},"image":{"@id":"https:\/\/greenspells.com\/product\/bambaw-metal-razor-stand\/#primaryimage"},"thumbnailUrl":"https:\/\/i0.wp.com\/greenspells.com\/wp-content\/uploads\/2022\/07\/bambaw-razor-stand-rainbow_1080x.jpg?fit=1080%2C1080&ssl=1","datePublished":"2022-07-14T19:37:20+00:00","dateModified":"2025-07-11T09:49:49+00:00","description":"Skustuvui nebereik\u0117s m\u0117tytis kur papuola, dailus stovelis jo lauks visada! Stovelyje skustuvas grei\u010diau i\u0161d\u017eius, nesirems \u012f dr\u0117gnus pavir\u0161ius ir bus visada tvarkingas.","breadcrumb":{"@id":"https:\/\/greenspells.com\/product\/bambaw-metal-razor-stand\/#breadcrumb"},"inLanguage":"lt-LT","potentialAction":[{"@type":"ReadAction","target":["https:\/\/greenspells.com\/product\/bambaw-metal-razor-stand\/"]}]},{"@type":"ImageObject","inLanguage":"lt-LT","@id":"https:\/\/greenspells.com\/product\/bambaw-metal-razor-stand\/#primaryimage","url":"https:\/\/i0.wp.com\/greenspells.com\/wp-content\/uploads\/2022\/07\/bambaw-razor-stand-rainbow_1080x.jpg?fit=1080%2C1080&ssl=1","contentUrl":"https:\/\/i0.wp.com\/greenspells.com\/wp-content\/uploads\/2022\/07\/bambaw-razor-stand-rainbow_1080x.jpg?fit=1080%2C1080&ssl=1","width":1080,"height":1080},{"@type":"BreadcrumbList","@id":"https:\/\/greenspells.com\/product\/bambaw-metal-razor-stand\/#breadcrumb","itemListElement":[{"@type":"ListItem","position":1,"name":"Home","item":"https:\/\/greenspells.com\/"},{"@type":"ListItem","position":2,"name":"Shop","item":"https:\/\/greenspells.com\/shop\/"},{"@type":"ListItem","position":3,"name":"BAMBAW Metal razor stand"}]},{"@type":"WebSite","@id":"https:\/\/greenspells.com\/#website","url":"https:\/\/greenspells.com\/","name":"Greenspells","description":"Nat\u016brali ir ekologi\u0161ka kosmetika","publisher":{"@id":"https:\/\/greenspells.com\/#organization"},"potentialAction":[{"@type":"SearchAction","target":{"@type":"EntryPoint","urlTemplate":"https:\/\/greenspells.com\/?s={search_term_string}"},"query-input":{"@type":"PropertyValueSpecification","valueRequired":true,"valueName":"search_term_string"}}],"inLanguage":"lt-LT"},{"@type":"Organization","@id":"https:\/\/greenspells.com\/#organization","name":"Greenspells","url":"https:\/\/greenspells.com\/","logo":{"@type":"ImageObject","inLanguage":"lt-LT","@id":"https:\/\/greenspells.com\/#\/schema\/logo\/image\/","url":"https:\/\/i0.wp.com\/greenspells.com\/wp-content\/uploads\/2020\/09\/20200722_153424_0000.png?fit=1500%2C1500&ssl=1","contentUrl":"https:\/\/i0.wp.com\/greenspells.com\/wp-content\/uploads\/2020\/09\/20200722_153424_0000.png?fit=1500%2C1500&ssl=1","width":1500,"height":1500,"caption":"Greenspells"},"image":{"@id":"https:\/\/greenspells.com\/#\/schema\/logo\/image\/"},"sameAs":["https:\/\/www.facebook.com\/Greenspells","https:\/\/www.instagram.com\/greenspells_store\/"]}]}},"jetpack_likes_enabled":true,"jetpack_sharing_enabled":true,"_links":{"self":[{"href":"https:\/\/greenspells.com\/lt\/wp-json\/wp\/v2\/product\/1670882","targetHints":{"allow":["GET"]}}],"collection":[{"href":"https:\/\/greenspells.com\/lt\/wp-json\/wp\/v2\/product"}],"about":[{"href":"https:\/\/greenspells.com\/lt\/wp-json\/wp\/v2\/types\/product"}],"replies":[{"embeddable":true,"href":"https:\/\/greenspells.com\/lt\/wp-json\/wp\/v2\/comments?post=1670882"}],"wp:featuredmedia":[{"embeddable":true,"href":"https:\/\/greenspells.com\/lt\/wp-json\/wp\/v2\/media\/1670886"}],"wp:attachment":[{"href":"https:\/\/greenspells.com\/lt\/wp-json\/wp\/v2\/media?parent=1670882"}],"wp:term":[{"taxonomy":"product_brand","embeddable":true,"href":"https:\/\/greenspells.com\/lt\/wp-json\/wp\/v2\/product_brand?post=1670882"},{"taxonomy":"product_cat","embeddable":true,"href":"https:\/\/greenspells.com\/lt\/wp-json\/wp\/v2\/product_cat?post=1670882"},{"taxonomy":"product_tag","embeddable":true,"href":"https:\/\/greenspells.com\/lt\/wp-json\/wp\/v2\/product_tag?post=1670882"}],"curies":[{"name":"wp","href":"https:\/\/api.w.org\/{rel}","templated":true}]}}