{"id":1670826,"date":"2022-07-14T12:37:11","date_gmt":"2022-07-14T10:37:11","guid":{"rendered":"https:\/\/greenspells.com\/?post_type=product&#038;p=1670826"},"modified":"2023-07-05T12:04:24","modified_gmt":"2023-07-05T10:04:24","slug":"bambaw-shaving-brush","status":"publish","type":"product","link":"https:\/\/greenspells.com\/lt\/produktas\/bambaw-shaving-brush\/","title":{"rendered":"BAMBAW <br> Skutimosi \u0161epet\u0117lis"},"content":{"rendered":"<p style=\"box-sizing: border-box; margin-bottom: 0.75em; font-family: source_sans_prolight, sans-serif; line-height: 1.5; color: #262626;\">R\u016bpinkit\u0117s savo oda, neskriausdami gamtos! Vegani\u0161kas \u0161epet\u0117lis skutimuisi pad\u0117s od\u0105 i\u0161laikyti glotni\u0105, skusti \u0161variai, taip pat pad\u0117s i\u0161vengti \u012faugin\u0117jan\u010di\u0173 plaukeli\u0173, odos dirginimo.<\/p>\n<p style=\"box-sizing: border-box; margin-bottom: 0.75em; font-family: source_sans_prolight, sans-serif; line-height: 1.5; color: #262626;\"><em><strong>Kas yra skutimosi \u0161epet\u0117lis?<\/strong><\/em><\/p>\n<p>Prie\u0161 kelis de\u0161imtme\u010dius, daugelis tik taip ir skusdavosi - naudodami \u0161epet\u0117lius! Ta\u010diau atsiradus skutimosi putoms, \u0161i technika tapo ma\u017eiau populiari. Kaip beb\u016bt\u0173, \u0161is \u012frankis yra vienas svarbiausi\u0173, norint tinkamai pasir\u016bpinti skutama oda, nepriklausomai, kurias vietas skutate - barzd\u0105, kojas, pa\u017eastis  ar bikini zon\u0105.<\/p>\n<p>Skutimosi \u0161epet\u0117liai naudojami padengti tokias skutimosi priemones kaip muilas  ar kremas. Tokie produktai da\u017enai b\u016bna naudingesni odai, nei skutimosi putos, nes juose b\u016bna daugiau nat\u016brali\u0173 ingredient\u0173, ma\u017eiau dirgina od\u0105. Taip pat j\u0173 gerokai ilgiau u\u017etenka! Dauguma b\u016bna aplinkai draugi\u0161kose pakuot\u0117se, prie\u0161ingai nei skutimosi putos.<\/p>\n<p><em><strong>Kokie BAMBAW \u0161epet\u0117lio privalumai?<\/strong><\/em><\/p>\n<p>BAMBAW sintetinis skutimosi \u0161epet\u0117lis - \u012frankis, ne tik draugi\u0161kas aplinkai, bet ir j\u016bs\u0173 odai. Padeda pasiekti geriausi\u0173 rezultat\u0173 dengiant skutimosi priemones ir \u0161variau skutant!<\/p>\n<div class=\"acordian-trigger\" style=\"box-sizing: border-box; font-size: 1.25rem; font-weight: 600; color: #40683c; padding: 1rem 24px 1rem 0px; cursor: pointer; position: relative; font-family: source_sans_prolight, sans-serif;\">\n<h3 style=\"box-sizing: border-box; font-family: 'Source Sans Pro', sans-serif; font-weight: bold; font-style: var(---font-style-heading); letter-spacing: 0.5px; font-size: 16px; margin-bottom: 0px; line-height: 1.5; color: #262626;\">Paruo\u0161ia plaukelius skutimui<\/h3>\n<\/div>\n<div class=\"acordian-content\" style=\"text-align: start;\"><span style=\"box-sizing: border-box;\">Geriausias b\u016bdas tolygiai paskleisti skutimosi muil\u0105, ar krem\u0105 -  tepti \u0161epeteliu sukamaisiais judesiais. Taip ne tik pasieksite visas vietas, bet ir sumink\u0161tinsite plaukelius, pad\u0117site skustuvui lengviau juos nuskusti.<\/span><\/div>\n<div>\n<div class=\"acordian-trigger\" style=\"box-sizing: border-box; font-size: 1.25rem; font-weight: 600; color: #40683c; padding: 1rem 24px 1rem 0px; cursor: pointer; position: relative; font-family: source_sans_prolight, sans-serif;\">\n<h3 style=\"box-sizing: border-box; font-family: 'Source Sans Pro', sans-serif; font-weight: bold; font-style: var(---font-style-heading); letter-spacing: 0.5px; font-size: 16px; margin-bottom: 0px; line-height: 1.5; color: #262626;\">Geriau, nei putos<\/h3>\n<\/div>\n<div class=\"acordian-content\" style=\"box-sizing: border-box; width: 365.19px; color: #262626; font-family: source_sans_prolight, sans-serif;\">\n<p style=\"box-sizing: border-box; margin-bottom: 0.75em; line-height: 1.5;\">Viena svarbiausi\u0173 kokybi\u0161ko skutimo s\u0105lyg\u0173 - tai tinkamas skutimosi priemoni\u0173 paskleidimas. Kuo geresnis priemon\u0117s sluoksnis, tuo lengviau skustuvui bus slysti oda, taip i\u0161vengiant nemaloni\u0173 poj\u016b\u010di\u0173 po skutimosi. Su \u0161epet\u0117liu ir priemon\u0117mis sukuriamas tankesnis sluoksnis, nei automatiukai putojan\u010di\u0173 put\u0173.<\/p>\n<div class=\"acordian-trigger\" style=\"box-sizing: border-box; font-size: 1.25rem; font-weight: 600; color: #40683c; padding: 1rem 24px 1rem 0px; cursor: pointer; position: relative;\">\n<h3 style=\"box-sizing: border-box; font-family: 'Source Sans Pro', sans-serif; font-weight: bold; font-style: var(---font-style-heading); letter-spacing: 0.5px; font-size: 16px; margin-bottom: 0px; line-height: 1.5; color: #262626;\">Valo j\u016bs\u0173 od\u0105<\/h3>\n<\/div>\n<div class=\"acordian-content\" style=\"box-sizing: border-box; width: 365.19px;\">\n<p style=\"box-sizing: border-box; margin-bottom: 0.75em; line-height: 1.5;\">\u0160epet\u0117lis taip pat padeda pa\u0161alinti negyvas odos l\u0105steles, tai svarbu, norint i\u0161vengti spuogeli\u0173 ir \u012faugin\u0117jan\u010di\u0173 plaukeli\u0173.<\/p>\n<div class=\"acordian-trigger\" style=\"box-sizing: border-box; font-size: 1.25rem; font-weight: 600; color: #40683c; padding: 1rem 24px 1rem 0px; cursor: pointer; position: relative;\">\n<h3 style=\"box-sizing: border-box; font-family: 'Source Sans Pro', sans-serif; font-weight: bold; font-style: var(---font-style-heading); letter-spacing: 0.5px; font-size: 16px; margin-bottom: 0px; line-height: 1.5; color: #262626;\">Puikiai tinka pradedantiesiems<\/h3>\n<\/div>\n<div class=\"acordian-content\" style=\"box-sizing: border-box; width: 365.19px;\">\n<p style=\"box-sizing: border-box; margin-bottom: 0.75em; line-height: 1.5;\">Vegani\u0161kas \u0161epet\u0117lis sukuria puikiausi\u0105 priemoni\u0173 paskleidim\u0105, palengvina vis\u0105 skutimosi proces\u0105 pradedantiesiems.<\/p>\n<h3 style=\"box-sizing: border-box; font-family: 'Source Sans Pro', sans-serif; font-weight: bold; font-style: var(---font-style-heading); letter-spacing: 0.5px; font-size: 16px; margin-bottom: 0px; line-height: 1.5;\">BAMBAW \u0161epet\u0117lio \u0161ereliai - gyv\u016bnams draugi\u0161ki!<\/h3>\n<p>&nbsp;<\/p>\n<p style=\"box-sizing: border-box; margin-bottom: 0.75em; line-height: 1.5;\">\u012eprasti \u0161epet\u0117liai gaminami i\u0161 barsuko, ar \u0161erno plauk\u0173. Gyv\u016bnai auginami specialiose fermose, nedraugi\u0161komis s\u0105lygomis. Kaip j\u0173 gyvenimas baigiasi, suprantate patys.. Tai visi\u0161kai nereikalingas gyv\u016bn\u0173 kankinimas.\nBAMBAW naudoja sintetinius \u0161erelius, kurie turi dar geresnes savybes, bei gyv\u016bn\u0173 plaukai, ir d\u0117l j\u0173 niekam nereik\u0117jo kankintis ar mirti!<\/p>\n<p style=\"box-sizing: border-box; margin-bottom: 0.75em; line-height: 1.5;\">Sintetiniai \u0161ereliai neturi jokio kvapo, daug grei\u010diau i\u0161d\u017ei\u016bsta ir nei\u0161krenta i\u0161 \u0161epet\u0117lio! \u0160veln\u016bs, sukurti ir pritaikyti taip, kad nedirgint\u0173 jautrios odos. Optimalios tekst\u016bros ir \u0161velnumo, prie\u0161ingai, nei gyv\u016bn\u0173 plaukai.<\/p>\n<p><img data-recalc-dims=\"1\" loading=\"lazy\" decoding=\"async\" class=\"alignnone size-medium wp-image-1670842\" src=\"https:\/\/i0.wp.com\/greenspells.com\/wp-content\/uploads\/2022\/07\/bambaw-shaving-brush-benefits_d080e071-243b-4d0b-bc33-8ed3019ddd88_480x480-1.jpg?resize=300%2C300&#038;ssl=1\" alt=\"\" width=\"300\" height=\"300\" srcset=\"https:\/\/i0.wp.com\/greenspells.com\/wp-content\/uploads\/2022\/07\/bambaw-shaving-brush-benefits_d080e071-243b-4d0b-bc33-8ed3019ddd88_480x480-1.jpg?resize=300%2C300&amp;ssl=1 300w, https:\/\/i0.wp.com\/greenspells.com\/wp-content\/uploads\/2022\/07\/bambaw-shaving-brush-benefits_d080e071-243b-4d0b-bc33-8ed3019ddd88_480x480-1.jpg?resize=150%2C150&amp;ssl=1 150w, https:\/\/i0.wp.com\/greenspells.com\/wp-content\/uploads\/2022\/07\/bambaw-shaving-brush-benefits_d080e071-243b-4d0b-bc33-8ed3019ddd88_480x480-1.jpg?resize=12%2C12&amp;ssl=1 12w, https:\/\/i0.wp.com\/greenspells.com\/wp-content\/uploads\/2022\/07\/bambaw-shaving-brush-benefits_d080e071-243b-4d0b-bc33-8ed3019ddd88_480x480-1.jpg?resize=400%2C400&amp;ssl=1 400w, https:\/\/i0.wp.com\/greenspells.com\/wp-content\/uploads\/2022\/07\/bambaw-shaving-brush-benefits_d080e071-243b-4d0b-bc33-8ed3019ddd88_480x480-1.jpg?resize=200%2C200&amp;ssl=1 200w, https:\/\/i0.wp.com\/greenspells.com\/wp-content\/uploads\/2022\/07\/bambaw-shaving-brush-benefits_d080e071-243b-4d0b-bc33-8ed3019ddd88_480x480-1.jpg?resize=324%2C324&amp;ssl=1 324w, https:\/\/i0.wp.com\/greenspells.com\/wp-content\/uploads\/2022\/07\/bambaw-shaving-brush-benefits_d080e071-243b-4d0b-bc33-8ed3019ddd88_480x480-1.jpg?resize=416%2C416&amp;ssl=1 416w, https:\/\/i0.wp.com\/greenspells.com\/wp-content\/uploads\/2022\/07\/bambaw-shaving-brush-benefits_d080e071-243b-4d0b-bc33-8ed3019ddd88_480x480-1.jpg?resize=100%2C100&amp;ssl=1 100w, https:\/\/i0.wp.com\/greenspells.com\/wp-content\/uploads\/2022\/07\/bambaw-shaving-brush-benefits_d080e071-243b-4d0b-bc33-8ed3019ddd88_480x480-1.jpg?w=480&amp;ssl=1 480w\" sizes=\"auto, (max-width: 300px) 100vw, 300px\" \/><\/p>\n<\/div>\n<p>&nbsp;<\/p>\n<\/div>\n<div><\/div>\n<\/div>\n<\/div>","protected":false},"excerpt":{"rendered":"<p>Treat your skin and nature well with this vegan shaving brush. Experience the pleasures of smooth and sustainable shaving without ingrown hair or irritation. What is a shaving brush? Until a few decades ago, most of the people who shaved used a shaving brush. However, with the advent of shaving foam, this technique gradually lost [&hellip;]<\/p>\n","protected":false},"featured_media":1670843,"comment_status":"open","ping_status":"closed","template":"","meta":{"content-type":"","_monsterinsights_skip_tracking":false,"_monsterinsights_sitenote_active":false,"_monsterinsights_sitenote_note":"","_monsterinsights_sitenote_category":0,"_uf_show_specific_survey":0,"_uf_disable_surveys":false},"product_brand":[1659],"product_cat":[137,412,15],"product_tag":[1308,1298,1310,1311,1306,1307,1309,251],"class_list":{"0":"post-1670826","1":"product","2":"type-product","3":"status-publish","4":"has-post-thumbnail","6":"product_brand-bambaw","7":"product_cat-bath-and-body","8":"product_cat-accessories","9":"product_cat-all-products","10":"product_tag-sepetelis-skutimuisi","11":"product_tag-daugkartinis-skustuvas","12":"product_tag-dovama-vyrui","13":"product_tag-dovanos-vyrams","14":"product_tag-shaving-brush","15":"product_tag-skutimosi-sepetelis","16":"product_tag-skutimosi-priemones","17":"product_tag-zero-waste","19":"first","20":"instock","21":"taxable","22":"shipping-taxable","23":"purchasable","24":"product-type-variable"},"bundled_by":[],"bundle_stock_status":"instock","bundle_stock_quantity":null,"bundle_virtual":false,"bundle_layout":"","bundle_add_to_cart_form_location":"","bundle_editable_in_cart":false,"bundle_sold_individually_context":"","bundle_item_grouping":"","bundle_min_size":"","bundle_max_size":"","bundle_price":[],"bundled_items":[],"bundle_sell_ids":[],"group_of_quantity":0,"min_quantity":0,"max_quantity":"","exclude_order_quantity_value_rules":"no","exclude_category_quantity_rules":"no","combine_variations":"no","exclude_global_add_ons":[],"addons":[],"yoast_head":"<!-- This site is optimized with the Yoast SEO plugin v27.4 - https:\/\/yoast.com\/product\/yoast-seo-wordpress\/ -->\n<title>BAMBAW  Shaving brush - Greenspells<\/title>\n<meta name=\"description\" content=\"Experience the pleasures of smooth and sustainable shaving without ingrown hair or irritation. Treat your skin and nature well!\" \/>\n<meta name=\"robots\" content=\"index, follow, max-snippet:-1, max-image-preview:large, max-video-preview:-1\" \/>\n<link rel=\"canonical\" href=\"https:\/\/greenspells.com\/lt\/produktas\/bambaw-shaving-brush\/\" \/>\n<meta property=\"og:locale\" content=\"lt_LT\" \/>\n<meta property=\"og:type\" content=\"article\" \/>\n<meta property=\"og:title\" content=\"BAMBAW  Shaving brush - Greenspells\" \/>\n<meta property=\"og:description\" content=\"Experience the pleasures of smooth and sustainable shaving without ingrown hair or irritation. Treat your skin and nature well!\" \/>\n<meta property=\"og:url\" content=\"https:\/\/greenspells.com\/lt\/produktas\/bambaw-shaving-brush\/\" \/>\n<meta property=\"og:site_name\" content=\"Greenspells\" \/>\n<meta property=\"article:publisher\" content=\"https:\/\/www.facebook.com\/Greenspells\" \/>\n<meta property=\"article:modified_time\" content=\"2023-07-05T10:04:24+00:00\" \/>\n<meta property=\"og:image\" content=\"https:\/\/greenspells.com\/wp-content\/uploads\/2022\/07\/bambaw-shaving-brush-black-packaging_1080x.jpg\" \/>\n\t<meta property=\"og:image:width\" content=\"1080\" \/>\n\t<meta property=\"og:image:height\" content=\"1080\" \/>\n\t<meta property=\"og:image:type\" content=\"image\/jpeg\" \/>\n<meta name=\"twitter:card\" content=\"summary_large_image\" \/>\n<meta name=\"twitter:label1\" content=\"Est. reading time\" \/>\n\t<meta name=\"twitter:data1\" content=\"3 minut\u0117s\" \/>\n<script type=\"application\/ld+json\" class=\"yoast-schema-graph\">{\"@context\":\"https:\\\/\\\/schema.org\",\"@graph\":[{\"@type\":\"WebPage\",\"@id\":\"https:\\\/\\\/greenspells.com\\\/product\\\/bambaw-shaving-brush\\\/\",\"url\":\"https:\\\/\\\/greenspells.com\\\/product\\\/bambaw-shaving-brush\\\/\",\"name\":\"BAMBAW Shaving brush - Greenspells\",\"isPartOf\":{\"@id\":\"https:\\\/\\\/greenspells.com\\\/#website\"},\"primaryImageOfPage\":{\"@id\":\"https:\\\/\\\/greenspells.com\\\/product\\\/bambaw-shaving-brush\\\/#primaryimage\"},\"image\":{\"@id\":\"https:\\\/\\\/greenspells.com\\\/product\\\/bambaw-shaving-brush\\\/#primaryimage\"},\"thumbnailUrl\":\"https:\\\/\\\/i0.wp.com\\\/greenspells.com\\\/wp-content\\\/uploads\\\/2022\\\/07\\\/bambaw-shaving-brush-black-packaging_1080x.jpg?fit=1080%2C1080&ssl=1\",\"datePublished\":\"2022-07-14T10:37:11+00:00\",\"dateModified\":\"2023-07-05T10:04:24+00:00\",\"description\":\"Experience the pleasures of smooth and sustainable shaving without ingrown hair or irritation. Treat your skin and nature well!\",\"breadcrumb\":{\"@id\":\"https:\\\/\\\/greenspells.com\\\/product\\\/bambaw-shaving-brush\\\/#breadcrumb\"},\"inLanguage\":\"lt-LT\",\"potentialAction\":[{\"@type\":\"ReadAction\",\"target\":[\"https:\\\/\\\/greenspells.com\\\/product\\\/bambaw-shaving-brush\\\/\"]}]},{\"@type\":\"ImageObject\",\"inLanguage\":\"lt-LT\",\"@id\":\"https:\\\/\\\/greenspells.com\\\/product\\\/bambaw-shaving-brush\\\/#primaryimage\",\"url\":\"https:\\\/\\\/i0.wp.com\\\/greenspells.com\\\/wp-content\\\/uploads\\\/2022\\\/07\\\/bambaw-shaving-brush-black-packaging_1080x.jpg?fit=1080%2C1080&ssl=1\",\"contentUrl\":\"https:\\\/\\\/i0.wp.com\\\/greenspells.com\\\/wp-content\\\/uploads\\\/2022\\\/07\\\/bambaw-shaving-brush-black-packaging_1080x.jpg?fit=1080%2C1080&ssl=1\",\"width\":1080,\"height\":1080},{\"@type\":\"BreadcrumbList\",\"@id\":\"https:\\\/\\\/greenspells.com\\\/product\\\/bambaw-shaving-brush\\\/#breadcrumb\",\"itemListElement\":[{\"@type\":\"ListItem\",\"position\":1,\"name\":\"Home\",\"item\":\"https:\\\/\\\/greenspells.com\\\/\"},{\"@type\":\"ListItem\",\"position\":2,\"name\":\"Shop\",\"item\":\"https:\\\/\\\/greenspells.com\\\/shop\\\/\"},{\"@type\":\"ListItem\",\"position\":3,\"name\":\"BAMBAW Shaving brush\"}]},{\"@type\":\"WebSite\",\"@id\":\"https:\\\/\\\/greenspells.com\\\/#website\",\"url\":\"https:\\\/\\\/greenspells.com\\\/\",\"name\":\"Greenspells\",\"description\":\"Nat\u016brali ir ekologi\u0161ka kosmetika\",\"publisher\":{\"@id\":\"https:\\\/\\\/greenspells.com\\\/#organization\"},\"potentialAction\":[{\"@type\":\"SearchAction\",\"target\":{\"@type\":\"EntryPoint\",\"urlTemplate\":\"https:\\\/\\\/greenspells.com\\\/?s={search_term_string}\"},\"query-input\":{\"@type\":\"PropertyValueSpecification\",\"valueRequired\":true,\"valueName\":\"search_term_string\"}}],\"inLanguage\":\"lt-LT\"},{\"@type\":\"Organization\",\"@id\":\"https:\\\/\\\/greenspells.com\\\/#organization\",\"name\":\"Greenspells\",\"url\":\"https:\\\/\\\/greenspells.com\\\/\",\"logo\":{\"@type\":\"ImageObject\",\"inLanguage\":\"lt-LT\",\"@id\":\"https:\\\/\\\/greenspells.com\\\/#\\\/schema\\\/logo\\\/image\\\/\",\"url\":\"https:\\\/\\\/i0.wp.com\\\/greenspells.com\\\/wp-content\\\/uploads\\\/2020\\\/09\\\/20200722_153424_0000.png?fit=1500%2C1500&ssl=1\",\"contentUrl\":\"https:\\\/\\\/i0.wp.com\\\/greenspells.com\\\/wp-content\\\/uploads\\\/2020\\\/09\\\/20200722_153424_0000.png?fit=1500%2C1500&ssl=1\",\"width\":1500,\"height\":1500,\"caption\":\"Greenspells\"},\"image\":{\"@id\":\"https:\\\/\\\/greenspells.com\\\/#\\\/schema\\\/logo\\\/image\\\/\"},\"sameAs\":[\"https:\\\/\\\/www.facebook.com\\\/Greenspells\",\"https:\\\/\\\/www.instagram.com\\\/greenspells_store\\\/\"]}]}<\/script>\n<!-- \/ Yoast SEO plugin. -->","yoast_head_json":{"title":"BAMBAW  Shaving brush - Greenspells","description":"Experience the pleasures of smooth and sustainable shaving without ingrown hair or irritation. Treat your skin and nature well!","robots":{"index":"index","follow":"follow","max-snippet":"max-snippet:-1","max-image-preview":"max-image-preview:large","max-video-preview":"max-video-preview:-1"},"canonical":"https:\/\/greenspells.com\/lt\/produktas\/bambaw-shaving-brush\/","og_locale":"lt_LT","og_type":"article","og_title":"BAMBAW  Shaving brush - Greenspells","og_description":"Experience the pleasures of smooth and sustainable shaving without ingrown hair or irritation. Treat your skin and nature well!","og_url":"https:\/\/greenspells.com\/lt\/produktas\/bambaw-shaving-brush\/","og_site_name":"Greenspells","article_publisher":"https:\/\/www.facebook.com\/Greenspells","article_modified_time":"2023-07-05T10:04:24+00:00","og_image":[{"width":1080,"height":1080,"url":"https:\/\/greenspells.com\/wp-content\/uploads\/2022\/07\/bambaw-shaving-brush-black-packaging_1080x.jpg","type":"image\/jpeg"}],"twitter_card":"summary_large_image","twitter_misc":{"Est. reading time":"3 minut\u0117s"},"schema":{"@context":"https:\/\/schema.org","@graph":[{"@type":"WebPage","@id":"https:\/\/greenspells.com\/product\/bambaw-shaving-brush\/","url":"https:\/\/greenspells.com\/product\/bambaw-shaving-brush\/","name":"BAMBAW Shaving brush - Greenspells","isPartOf":{"@id":"https:\/\/greenspells.com\/#website"},"primaryImageOfPage":{"@id":"https:\/\/greenspells.com\/product\/bambaw-shaving-brush\/#primaryimage"},"image":{"@id":"https:\/\/greenspells.com\/product\/bambaw-shaving-brush\/#primaryimage"},"thumbnailUrl":"https:\/\/i0.wp.com\/greenspells.com\/wp-content\/uploads\/2022\/07\/bambaw-shaving-brush-black-packaging_1080x.jpg?fit=1080%2C1080&ssl=1","datePublished":"2022-07-14T10:37:11+00:00","dateModified":"2023-07-05T10:04:24+00:00","description":"Experience the pleasures of smooth and sustainable shaving without ingrown hair or irritation. Treat your skin and nature well!","breadcrumb":{"@id":"https:\/\/greenspells.com\/product\/bambaw-shaving-brush\/#breadcrumb"},"inLanguage":"lt-LT","potentialAction":[{"@type":"ReadAction","target":["https:\/\/greenspells.com\/product\/bambaw-shaving-brush\/"]}]},{"@type":"ImageObject","inLanguage":"lt-LT","@id":"https:\/\/greenspells.com\/product\/bambaw-shaving-brush\/#primaryimage","url":"https:\/\/i0.wp.com\/greenspells.com\/wp-content\/uploads\/2022\/07\/bambaw-shaving-brush-black-packaging_1080x.jpg?fit=1080%2C1080&ssl=1","contentUrl":"https:\/\/i0.wp.com\/greenspells.com\/wp-content\/uploads\/2022\/07\/bambaw-shaving-brush-black-packaging_1080x.jpg?fit=1080%2C1080&ssl=1","width":1080,"height":1080},{"@type":"BreadcrumbList","@id":"https:\/\/greenspells.com\/product\/bambaw-shaving-brush\/#breadcrumb","itemListElement":[{"@type":"ListItem","position":1,"name":"Home","item":"https:\/\/greenspells.com\/"},{"@type":"ListItem","position":2,"name":"Shop","item":"https:\/\/greenspells.com\/shop\/"},{"@type":"ListItem","position":3,"name":"BAMBAW Shaving brush"}]},{"@type":"WebSite","@id":"https:\/\/greenspells.com\/#website","url":"https:\/\/greenspells.com\/","name":"Greenspells","description":"Nat\u016brali ir ekologi\u0161ka kosmetika","publisher":{"@id":"https:\/\/greenspells.com\/#organization"},"potentialAction":[{"@type":"SearchAction","target":{"@type":"EntryPoint","urlTemplate":"https:\/\/greenspells.com\/?s={search_term_string}"},"query-input":{"@type":"PropertyValueSpecification","valueRequired":true,"valueName":"search_term_string"}}],"inLanguage":"lt-LT"},{"@type":"Organization","@id":"https:\/\/greenspells.com\/#organization","name":"Greenspells","url":"https:\/\/greenspells.com\/","logo":{"@type":"ImageObject","inLanguage":"lt-LT","@id":"https:\/\/greenspells.com\/#\/schema\/logo\/image\/","url":"https:\/\/i0.wp.com\/greenspells.com\/wp-content\/uploads\/2020\/09\/20200722_153424_0000.png?fit=1500%2C1500&ssl=1","contentUrl":"https:\/\/i0.wp.com\/greenspells.com\/wp-content\/uploads\/2020\/09\/20200722_153424_0000.png?fit=1500%2C1500&ssl=1","width":1500,"height":1500,"caption":"Greenspells"},"image":{"@id":"https:\/\/greenspells.com\/#\/schema\/logo\/image\/"},"sameAs":["https:\/\/www.facebook.com\/Greenspells","https:\/\/www.instagram.com\/greenspells_store\/"]}]}},"jetpack_likes_enabled":true,"jetpack_sharing_enabled":true,"_links":{"self":[{"href":"https:\/\/greenspells.com\/lt\/wp-json\/wp\/v2\/product\/1670826","targetHints":{"allow":["GET"]}}],"collection":[{"href":"https:\/\/greenspells.com\/lt\/wp-json\/wp\/v2\/product"}],"about":[{"href":"https:\/\/greenspells.com\/lt\/wp-json\/wp\/v2\/types\/product"}],"replies":[{"embeddable":true,"href":"https:\/\/greenspells.com\/lt\/wp-json\/wp\/v2\/comments?post=1670826"}],"wp:featuredmedia":[{"embeddable":true,"href":"https:\/\/greenspells.com\/lt\/wp-json\/wp\/v2\/media\/1670843"}],"wp:attachment":[{"href":"https:\/\/greenspells.com\/lt\/wp-json\/wp\/v2\/media?parent=1670826"}],"wp:term":[{"taxonomy":"product_brand","embeddable":true,"href":"https:\/\/greenspells.com\/lt\/wp-json\/wp\/v2\/product_brand?post=1670826"},{"taxonomy":"product_cat","embeddable":true,"href":"https:\/\/greenspells.com\/lt\/wp-json\/wp\/v2\/product_cat?post=1670826"},{"taxonomy":"product_tag","embeddable":true,"href":"https:\/\/greenspells.com\/lt\/wp-json\/wp\/v2\/product_tag?post=1670826"}],"curies":[{"name":"wp","href":"https:\/\/api.w.org\/{rel}","templated":true}]}}