{"id":1670744,"date":"2022-06-28T17:05:09","date_gmt":"2022-06-28T15:05:09","guid":{"rendered":"https:\/\/greenspells.com\/?post_type=product&#038;p=1670744"},"modified":"2023-07-17T13:03:15","modified_gmt":"2023-07-17T11:03:15","slug":"ncla-beauty-lip-care-set-watermelon","status":"publish","type":"product","link":"https:\/\/greenspells.com\/lt\/produktas\/ncla-beauty-lip-care-set-watermelon\/","title":{"rendered":"NCLA BEAUTY <br> L\u016bp\u0173 prie\u017ei\u016bros rinkinys <br> WATERMELON"},"content":{"rendered":"<p style=\"box-sizing: border-box; color: #000000; margin-bottom: 8.33333px; font-size: 0.93333em; font-family: 'Playfair Display';\">L\u016bpos sald\u017eios ir gaivios, kaip arb\u016bzas! Intensyviai dr\u0117kinantis, nat\u016bralus ir vegani\u0161kas l\u016bp\u0173 prie\u017ei\u016bros rinkinys su gaiviuoju arb\u016bz\u0173 aromatu.<\/p>\n<p>Rinkin\u012f sudaro:<\/p>\n<p>1 x Balm Babe Balzamas l\u016bpoms: 10 ml<br \/>\n1 x Sugar Sugar L\u016bp\u0173 \u0161veitiklis: 15 ml<br \/>\n<span class=\"accessibly-save-inline-font-179\" data-open-accessibility-text-original=\"14px\">1 x Silikoninis \u0161veitikliukas l\u016bpoms<\/span><\/p>\n<p style=\"box-sizing: border-box; color: #000000; margin-bottom: 8.33333px; font-size: 0.93333em; font-family: 'Playfair Display'; text-align: left;\">SUGAR SUGAR l\u016bp\u0173 \u0161veitiklis \u0161velniai \u0161vei\u010dia l\u016bpas, pa\u0161alina negyvas odos l\u0105steles, dr\u0117kina ir skaistina l\u016bpas. BALM BABE balzamas intensyviai ramina, maitina l\u016bpas. Kiekviename rinkinuke rasite silikonin\u012f l\u016bp\u0173 \u0161veistuk\u0105, skirt\u0105 naudoti kartu su \u0161veitikliu.<br style=\"box-sizing: border-box;\" \/><br style=\"box-sizing: border-box;\" \/><strong>Balm Babe WATERMELON<\/strong>Nat\u016bralus balzamas, intensyviai puosel\u0117jantis l\u016bpas - lygina ir maitina. Su sviestmed\u017ei\u0173 aliejais, kakavos sviestu, avokad\u0173 sviestu, kokos\u0173 aliejumi - balzamas l\u016bpas giliai dr\u0117kina, suteikia glotnumo.<br style=\"box-sizing: border-box;\" \/><br style=\"box-sizing: border-box;\" \/><strong>Sugar Sugar WATERMELON<\/strong>Visi\u0161kai nat\u016bralus, vegani\u0161kas \u0161veitiklis l\u016bpoms puikiai valo, \u0161velniai eksfolijuoja, dr\u0117kina, skaistina l\u016bpas. Jame yra cukraus, kakavos sviesto, sviestmed\u017eio aliejaus ir agav\u0173 nektaro! \nCukrus atlieka \u0161veitimo funkcij\u0105, o Vitaminai C ir E dr\u0117kina ir skaistina sald\u017eias l\u016bpas.<br style=\"box-sizing: border-box;\" \/><br style=\"box-sizing: border-box;\" \/><strong>Silikoninis \u0161veistukas l\u016bpoms:<\/strong>Dailus, l\u016bp\u0173 formos \u0161veitikliukas. Naudoti kartu su SUGAR SUGAR l\u016bp\u0173 \u0161veitikliu, \u0161velniais sukamaisiais judesiais.<\/p>\n<p>&nbsp;<\/p>\n<p><em><strong>Kaip naudoti?<\/strong><\/em><\/p>\n<p>Nedidel\u012f kiek\u012f cukraus \u0161veitiklio \u012fmasa\u017euokite ant \u0161vari\u0173, saus\u0173 l\u016bp\u0173. Pamasa\u017euokite silioonine formele. Nuvalykite, arba nuskalaukite vandeniu. Tepkite plon\u0105 sluoksn\u012f balzamo l\u016bpoms, kad ilgiau i\u0161laikytum\u0117te dr\u0117gm\u0119 l\u016bpose.<\/p>\n<p><em><strong>Ingredientai<\/strong><\/em>:<\/p>\n<p>BALM INGREDIENTS: Butyrospermum Parkii (Shea Butter),Persea gratissima (Avocado) Butter , Hydrogenated Soybean Oil, Simmondsia Chinensis (Jojoba) Seed Oil, Cocos Nucifera (Coconut) Oil, Theobroma Cacao (Cocoa) Seed Butter, Beta Vulgaris Root Powder,Agave Tequiliana (Agave Nectar), Prunus Dulcis (Sweet Almond Oil), Ascorbyl Palmitate, Sorbic Acid (natural preservative),Tocopheryl Acetate (Vitamin E), Watermelon Extract Flavor Oil<\/p>\n<p>SCRUB INGREDIENTS:\u00a0Sucrose (White Sugar), Agave Tequiliana (Agave Nectar), Butyrospermum Parkii (Shea Butter), Daucus Carota (Vitamin E) Carrot Powder, Citrus Sinensis (Vitamin C) Orange Peel Powder, Prunus Amygdalus Dulcis (Sweet Almond) Oil, Blue Agave, Ricinum Communis (Castor) Seed Oil, Cetearyl Alcohol, Lauryl Laurate, Olea Europaea (Olive) Fruit Oil, Hydrogenated Castor Oil, Copernica Cerifera Wax, Euphorbia Cerifera (Candelilla) Wax, Glyceryl Stearate, Mica, Watermelon Extract Flavor Oil<\/p>","protected":false},"excerpt":{"rendered":"<p>Lios as fresh and sweet as a watermelon! An intense, natural and vegan lip treatment duo in a delicious watermelon scent. Lip care set contains: 1 x Balm Babe Lip Balm Size: 10 ml\/ .34 fl oz 1 x Sugar Sugar Lip Scrub Size: 15 ml\/.5 fl oz 1 x Silicone Lip scrubber Sugar Sugar [&hellip;]<\/p>\n","protected":false},"featured_media":1670745,"comment_status":"open","ping_status":"closed","template":"","meta":{"content-type":"","_monsterinsights_skip_tracking":false,"_monsterinsights_sitenote_active":false,"_monsterinsights_sitenote_note":"","_monsterinsights_sitenote_category":0,"_uf_show_specific_survey":0,"_uf_disable_surveys":false},"product_brand":[1667],"product_cat":[320,132,42,1019,34,15],"product_tag":[1045,1046,1065,1278,1280,607,416,1279],"class_list":{"0":"post-1670744","1":"product","2":"type-product","3":"status-publish","4":"has-post-thumbnail","6":"product_brand-ncla-beauty","7":"product_cat-lip-care","8":"product_cat-lips","9":"product_cat-make-up","10":"product_cat-rinkinukai","11":"product_cat-skincare","12":"product_cat-all-products","13":"product_tag-sveitiklis-lupoms","14":"product_tag-lupu-sveitiklis","15":"product_tag-lip-care-set","16":"product_tag-lipc-are","17":"product_tag-lupu-priezihros-rinkinys","18":"product_tag-naturalus-balzamas","19":"product_tag-rinkinys","20":"product_tag-rinkinys-lupoms-lupu-prieziura","22":"first","23":"outofstock","24":"taxable","25":"shipping-taxable","26":"purchasable","27":"product-type-simple"},"bundled_by":[],"bundle_stock_status":"outofstock","bundle_stock_quantity":null,"bundle_virtual":false,"bundle_layout":"","bundle_add_to_cart_form_location":"","bundle_editable_in_cart":false,"bundle_sold_individually_context":"","bundle_item_grouping":"","bundle_min_size":"","bundle_max_size":"","bundle_price":[],"bundled_items":[],"bundle_sell_ids":[],"group_of_quantity":0,"min_quantity":0,"max_quantity":"","exclude_order_quantity_value_rules":"no","exclude_category_quantity_rules":"no","combine_variations":"no","exclude_global_add_ons":[],"addons":[],"yoast_head":"<!-- This site is optimized with the Yoast SEO plugin v27.5 - https:\/\/yoast.com\/product\/yoast-seo-wordpress\/ -->\n<title>NCLA BEAUTY  Lip care set  WATERMELON - Greenspells<\/title>\n<meta name=\"description\" content=\"Sugar Sugar lip scrub gently exfoliates, hydrates and brightens, while Balm Babe lip balm intensely soothes and nourishes lips. Each set comes with a silicone lip scrubber.\" \/>\n<meta name=\"robots\" content=\"index, follow, max-snippet:-1, max-image-preview:large, max-video-preview:-1\" \/>\n<link rel=\"canonical\" href=\"https:\/\/greenspells.com\/lt\/produktas\/ncla-beauty-lip-care-set-watermelon\/\" \/>\n<meta property=\"og:locale\" content=\"lt_LT\" \/>\n<meta property=\"og:type\" content=\"article\" \/>\n<meta property=\"og:title\" content=\"NCLA BEAUTY  Lip care set  WATERMELON - Greenspells\" \/>\n<meta property=\"og:description\" content=\"Sugar Sugar lip scrub gently exfoliates, hydrates and brightens, while Balm Babe lip balm intensely soothes and nourishes lips. Each set comes with a silicone lip scrubber.\" \/>\n<meta property=\"og:url\" content=\"https:\/\/greenspells.com\/lt\/produktas\/ncla-beauty-lip-care-set-watermelon\/\" \/>\n<meta property=\"og:site_name\" content=\"Greenspells\" \/>\n<meta property=\"article:publisher\" content=\"https:\/\/www.facebook.com\/Greenspells\" \/>\n<meta property=\"article:modified_time\" content=\"2023-07-17T11:03:15+00:00\" \/>\n<meta property=\"og:image\" content=\"https:\/\/greenspells.com\/wp-content\/uploads\/2022\/06\/watermelon-lip-care-value-set-426877_480x480@2x.jpg\" \/>\n\t<meta property=\"og:image:width\" content=\"960\" \/>\n\t<meta property=\"og:image:height\" content=\"960\" \/>\n\t<meta property=\"og:image:type\" content=\"image\/jpeg\" \/>\n<meta name=\"twitter:card\" content=\"summary_large_image\" \/>\n<meta name=\"twitter:label1\" content=\"Est. reading time\" \/>\n\t<meta name=\"twitter:data1\" content=\"2 minut\u0117s\" \/>\n<script type=\"application\/ld+json\" class=\"yoast-schema-graph\">{\"@context\":\"https:\\\/\\\/schema.org\",\"@graph\":[{\"@type\":\"WebPage\",\"@id\":\"https:\\\/\\\/greenspells.com\\\/product\\\/ncla-beauty-lip-care-set-watermelon\\\/\",\"url\":\"https:\\\/\\\/greenspells.com\\\/product\\\/ncla-beauty-lip-care-set-watermelon\\\/\",\"name\":\"NCLA BEAUTY Lip care set WATERMELON - Greenspells\",\"isPartOf\":{\"@id\":\"https:\\\/\\\/greenspells.com\\\/#website\"},\"primaryImageOfPage\":{\"@id\":\"https:\\\/\\\/greenspells.com\\\/product\\\/ncla-beauty-lip-care-set-watermelon\\\/#primaryimage\"},\"image\":{\"@id\":\"https:\\\/\\\/greenspells.com\\\/product\\\/ncla-beauty-lip-care-set-watermelon\\\/#primaryimage\"},\"thumbnailUrl\":\"https:\\\/\\\/i0.wp.com\\\/greenspells.com\\\/wp-content\\\/uploads\\\/2022\\\/06\\\/watermelon-lip-care-value-set-426877_480x480%402x.jpg?fit=960%2C960&ssl=1\",\"datePublished\":\"2022-06-28T15:05:09+00:00\",\"dateModified\":\"2023-07-17T11:03:15+00:00\",\"description\":\"Sugar Sugar lip scrub gently exfoliates, hydrates and brightens, while Balm Babe lip balm intensely soothes and nourishes lips. Each set comes with a silicone lip scrubber.\",\"breadcrumb\":{\"@id\":\"https:\\\/\\\/greenspells.com\\\/product\\\/ncla-beauty-lip-care-set-watermelon\\\/#breadcrumb\"},\"inLanguage\":\"lt-LT\",\"potentialAction\":[{\"@type\":\"ReadAction\",\"target\":[\"https:\\\/\\\/greenspells.com\\\/product\\\/ncla-beauty-lip-care-set-watermelon\\\/\"]}]},{\"@type\":\"ImageObject\",\"inLanguage\":\"lt-LT\",\"@id\":\"https:\\\/\\\/greenspells.com\\\/product\\\/ncla-beauty-lip-care-set-watermelon\\\/#primaryimage\",\"url\":\"https:\\\/\\\/i0.wp.com\\\/greenspells.com\\\/wp-content\\\/uploads\\\/2022\\\/06\\\/watermelon-lip-care-value-set-426877_480x480%402x.jpg?fit=960%2C960&ssl=1\",\"contentUrl\":\"https:\\\/\\\/i0.wp.com\\\/greenspells.com\\\/wp-content\\\/uploads\\\/2022\\\/06\\\/watermelon-lip-care-value-set-426877_480x480%402x.jpg?fit=960%2C960&ssl=1\",\"width\":960,\"height\":960},{\"@type\":\"BreadcrumbList\",\"@id\":\"https:\\\/\\\/greenspells.com\\\/product\\\/ncla-beauty-lip-care-set-watermelon\\\/#breadcrumb\",\"itemListElement\":[{\"@type\":\"ListItem\",\"position\":1,\"name\":\"Home\",\"item\":\"https:\\\/\\\/greenspells.com\\\/\"},{\"@type\":\"ListItem\",\"position\":2,\"name\":\"Shop\",\"item\":\"https:\\\/\\\/greenspells.com\\\/shop\\\/\"},{\"@type\":\"ListItem\",\"position\":3,\"name\":\"NCLA BEAUTY Lip care set WATERMELON\"}]},{\"@type\":\"WebSite\",\"@id\":\"https:\\\/\\\/greenspells.com\\\/#website\",\"url\":\"https:\\\/\\\/greenspells.com\\\/\",\"name\":\"Greenspells\",\"description\":\"Nat\u016brali ir ekologi\u0161ka kosmetika\",\"publisher\":{\"@id\":\"https:\\\/\\\/greenspells.com\\\/#organization\"},\"potentialAction\":[{\"@type\":\"SearchAction\",\"target\":{\"@type\":\"EntryPoint\",\"urlTemplate\":\"https:\\\/\\\/greenspells.com\\\/?s={search_term_string}\"},\"query-input\":{\"@type\":\"PropertyValueSpecification\",\"valueRequired\":true,\"valueName\":\"search_term_string\"}}],\"inLanguage\":\"lt-LT\"},{\"@type\":\"Organization\",\"@id\":\"https:\\\/\\\/greenspells.com\\\/#organization\",\"name\":\"Greenspells\",\"url\":\"https:\\\/\\\/greenspells.com\\\/\",\"logo\":{\"@type\":\"ImageObject\",\"inLanguage\":\"lt-LT\",\"@id\":\"https:\\\/\\\/greenspells.com\\\/#\\\/schema\\\/logo\\\/image\\\/\",\"url\":\"https:\\\/\\\/i0.wp.com\\\/greenspells.com\\\/wp-content\\\/uploads\\\/2020\\\/09\\\/20200722_153424_0000.png?fit=1500%2C1500&ssl=1\",\"contentUrl\":\"https:\\\/\\\/i0.wp.com\\\/greenspells.com\\\/wp-content\\\/uploads\\\/2020\\\/09\\\/20200722_153424_0000.png?fit=1500%2C1500&ssl=1\",\"width\":1500,\"height\":1500,\"caption\":\"Greenspells\"},\"image\":{\"@id\":\"https:\\\/\\\/greenspells.com\\\/#\\\/schema\\\/logo\\\/image\\\/\"},\"sameAs\":[\"https:\\\/\\\/www.facebook.com\\\/Greenspells\",\"https:\\\/\\\/www.instagram.com\\\/greenspells_store\\\/\"]}]}<\/script>\n<!-- \/ Yoast SEO plugin. -->","yoast_head_json":{"title":"NCLA BEAUTY  Lip care set  WATERMELON - Greenspells","description":"Sugar Sugar lip scrub gently exfoliates, hydrates and brightens, while Balm Babe lip balm intensely soothes and nourishes lips. Each set comes with a silicone lip scrubber.","robots":{"index":"index","follow":"follow","max-snippet":"max-snippet:-1","max-image-preview":"max-image-preview:large","max-video-preview":"max-video-preview:-1"},"canonical":"https:\/\/greenspells.com\/lt\/produktas\/ncla-beauty-lip-care-set-watermelon\/","og_locale":"lt_LT","og_type":"article","og_title":"NCLA BEAUTY  Lip care set  WATERMELON - Greenspells","og_description":"Sugar Sugar lip scrub gently exfoliates, hydrates and brightens, while Balm Babe lip balm intensely soothes and nourishes lips. Each set comes with a silicone lip scrubber.","og_url":"https:\/\/greenspells.com\/lt\/produktas\/ncla-beauty-lip-care-set-watermelon\/","og_site_name":"Greenspells","article_publisher":"https:\/\/www.facebook.com\/Greenspells","article_modified_time":"2023-07-17T11:03:15+00:00","og_image":[{"width":960,"height":960,"url":"https:\/\/greenspells.com\/wp-content\/uploads\/2022\/06\/watermelon-lip-care-value-set-426877_480x480@2x.jpg","type":"image\/jpeg"}],"twitter_card":"summary_large_image","twitter_misc":{"Est. reading time":"2 minut\u0117s"},"schema":{"@context":"https:\/\/schema.org","@graph":[{"@type":"WebPage","@id":"https:\/\/greenspells.com\/product\/ncla-beauty-lip-care-set-watermelon\/","url":"https:\/\/greenspells.com\/product\/ncla-beauty-lip-care-set-watermelon\/","name":"NCLA BEAUTY Lip care set WATERMELON - Greenspells","isPartOf":{"@id":"https:\/\/greenspells.com\/#website"},"primaryImageOfPage":{"@id":"https:\/\/greenspells.com\/product\/ncla-beauty-lip-care-set-watermelon\/#primaryimage"},"image":{"@id":"https:\/\/greenspells.com\/product\/ncla-beauty-lip-care-set-watermelon\/#primaryimage"},"thumbnailUrl":"https:\/\/i0.wp.com\/greenspells.com\/wp-content\/uploads\/2022\/06\/watermelon-lip-care-value-set-426877_480x480%402x.jpg?fit=960%2C960&ssl=1","datePublished":"2022-06-28T15:05:09+00:00","dateModified":"2023-07-17T11:03:15+00:00","description":"Sugar Sugar lip scrub gently exfoliates, hydrates and brightens, while Balm Babe lip balm intensely soothes and nourishes lips. Each set comes with a silicone lip scrubber.","breadcrumb":{"@id":"https:\/\/greenspells.com\/product\/ncla-beauty-lip-care-set-watermelon\/#breadcrumb"},"inLanguage":"lt-LT","potentialAction":[{"@type":"ReadAction","target":["https:\/\/greenspells.com\/product\/ncla-beauty-lip-care-set-watermelon\/"]}]},{"@type":"ImageObject","inLanguage":"lt-LT","@id":"https:\/\/greenspells.com\/product\/ncla-beauty-lip-care-set-watermelon\/#primaryimage","url":"https:\/\/i0.wp.com\/greenspells.com\/wp-content\/uploads\/2022\/06\/watermelon-lip-care-value-set-426877_480x480%402x.jpg?fit=960%2C960&ssl=1","contentUrl":"https:\/\/i0.wp.com\/greenspells.com\/wp-content\/uploads\/2022\/06\/watermelon-lip-care-value-set-426877_480x480%402x.jpg?fit=960%2C960&ssl=1","width":960,"height":960},{"@type":"BreadcrumbList","@id":"https:\/\/greenspells.com\/product\/ncla-beauty-lip-care-set-watermelon\/#breadcrumb","itemListElement":[{"@type":"ListItem","position":1,"name":"Home","item":"https:\/\/greenspells.com\/"},{"@type":"ListItem","position":2,"name":"Shop","item":"https:\/\/greenspells.com\/shop\/"},{"@type":"ListItem","position":3,"name":"NCLA BEAUTY Lip care set WATERMELON"}]},{"@type":"WebSite","@id":"https:\/\/greenspells.com\/#website","url":"https:\/\/greenspells.com\/","name":"Greenspells","description":"Nat\u016brali ir ekologi\u0161ka kosmetika","publisher":{"@id":"https:\/\/greenspells.com\/#organization"},"potentialAction":[{"@type":"SearchAction","target":{"@type":"EntryPoint","urlTemplate":"https:\/\/greenspells.com\/?s={search_term_string}"},"query-input":{"@type":"PropertyValueSpecification","valueRequired":true,"valueName":"search_term_string"}}],"inLanguage":"lt-LT"},{"@type":"Organization","@id":"https:\/\/greenspells.com\/#organization","name":"Greenspells","url":"https:\/\/greenspells.com\/","logo":{"@type":"ImageObject","inLanguage":"lt-LT","@id":"https:\/\/greenspells.com\/#\/schema\/logo\/image\/","url":"https:\/\/i0.wp.com\/greenspells.com\/wp-content\/uploads\/2020\/09\/20200722_153424_0000.png?fit=1500%2C1500&ssl=1","contentUrl":"https:\/\/i0.wp.com\/greenspells.com\/wp-content\/uploads\/2020\/09\/20200722_153424_0000.png?fit=1500%2C1500&ssl=1","width":1500,"height":1500,"caption":"Greenspells"},"image":{"@id":"https:\/\/greenspells.com\/#\/schema\/logo\/image\/"},"sameAs":["https:\/\/www.facebook.com\/Greenspells","https:\/\/www.instagram.com\/greenspells_store\/"]}]}},"jetpack_likes_enabled":true,"jetpack_sharing_enabled":true,"_links":{"self":[{"href":"https:\/\/greenspells.com\/lt\/wp-json\/wp\/v2\/product\/1670744","targetHints":{"allow":["GET"]}}],"collection":[{"href":"https:\/\/greenspells.com\/lt\/wp-json\/wp\/v2\/product"}],"about":[{"href":"https:\/\/greenspells.com\/lt\/wp-json\/wp\/v2\/types\/product"}],"replies":[{"embeddable":true,"href":"https:\/\/greenspells.com\/lt\/wp-json\/wp\/v2\/comments?post=1670744"}],"wp:featuredmedia":[{"embeddable":true,"href":"https:\/\/greenspells.com\/lt\/wp-json\/wp\/v2\/media\/1670745"}],"wp:attachment":[{"href":"https:\/\/greenspells.com\/lt\/wp-json\/wp\/v2\/media?parent=1670744"}],"wp:term":[{"taxonomy":"product_brand","embeddable":true,"href":"https:\/\/greenspells.com\/lt\/wp-json\/wp\/v2\/product_brand?post=1670744"},{"taxonomy":"product_cat","embeddable":true,"href":"https:\/\/greenspells.com\/lt\/wp-json\/wp\/v2\/product_cat?post=1670744"},{"taxonomy":"product_tag","embeddable":true,"href":"https:\/\/greenspells.com\/lt\/wp-json\/wp\/v2\/product_tag?post=1670744"}],"curies":[{"name":"wp","href":"https:\/\/api.w.org\/{rel}","templated":true}]}}