{"id":1670694,"date":"2022-06-22T06:42:18","date_gmt":"2022-06-22T04:42:18","guid":{"rendered":"https:\/\/greenspells.com\/?post_type=product&#038;p=1670694"},"modified":"2023-07-17T13:03:21","modified_gmt":"2023-07-17T11:03:21","slug":"ncla-beauty-sugar-sugar-lip-scrub-black-cherry","status":"publish","type":"product","link":"https:\/\/greenspells.com\/lt\/produktas\/ncla-beauty-sugar-sugar-lip-scrub-black-cherry\/","title":{"rendered":"NCLA Beauty <br> SUGAR SUGAR \u0161veitiklis l\u016bpoms <br> BLACK CHERRY"},"content":{"rendered":"<p><span style=\"color: #000000; font-family: 'Playfair Display'; font-size: 14px;\">J\u016bs\u0173 vy\u0161nait\u0117 ant torto - ultra saldus, \u0161velnus \u0161veitiklis l\u016bpoms!<\/span><\/p>\n<p>Visi\u0161kai nat\u016bralus, vegani\u0161kas \u0161veitiklis l\u016bpoms puikiai valo, \u0161velniai eksfolijuoja, dr\u0117kina, skaistina l\u016bpas. Jame yra cukraus, kakavos sviesto, sviestmed\u017eio aliejaus ir agav\u0173 nektaro! \nCukrus atlieka \u0161veitimo funkcij\u0105, o Vitaminai C ir E dr\u0117kina ir skaistina sald\u017eias l\u016bpas.<\/p>\n<p><em><strong>Kaip naudoti?<\/strong><\/em><\/p>\n<p>\u012emasa\u017euokite nedidel\u012f kiek\u012f ant \u0161vari\u0173, saus\u0173 l\u016bp\u0173, \u0161velniais, sukamaisiais judesiais. Nu\u0161luostykite. Naudokite 2-3 kartus per savait\u0119, ir l\u016bpos visada bus glotnios, \u0161velnios ir nuostabios!<\/p>\n<p><em><strong>Ingredientai<\/strong><\/em>:<\/p>\n<p style=\"box-sizing: border-box; color: #000000; margin-bottom: 8.33333px; font-size: 0.93333em; font-family: 'Playfair Display';\" data-mce-fragment=\"1\">Sucrose (White Sugar), Agave Tequiliana (Agave Nectar), Daucus Carota (Vitamin E) Carrot Powder, Citrus Sinensis (Vitamin C) Orange Peel Powder, Prunus Amygdalus Dulcis (Sweet Almond) Oil, Ricinum Communis (Castor) Seed Oil, Cetearyl Alcohol, Lauryl Laurate, Olea Europaea (Olive) Fruit Oil, Hydrogenated Castor Oil, Copernica Cerifera Wax, Euphorbia Cerifera (Candelilla) Wax, Glyceryl Stearate, Cherry Extract Flavor Oil<\/p>\n<p style=\"box-sizing: border-box; color: #000000; margin-bottom: 8.33333px; font-size: 0.93333em; font-family: 'Playfair Display';\" data-mce-fragment=\"1\"><span style=\"box-sizing: border-box;\" data-mce-fragment=\"1\">Sugar, Sugar lip scrubs are proudly made in the USA with 100% natural, vegan\u00a0<\/span><br style=\"box-sizing: border-box;\" data-mce-fragment=\"1\" \/><span style=\"box-sizing: border-box;\" data-mce-fragment=\"1\">.<\/span><\/p>\n<p>15ml<\/p>\n<p>&nbsp;<\/p>","protected":false},"excerpt":{"rendered":"<p>Pucker up for this ultra sweet, gently exfoliating lip scrub that&#8217;ll be the cherry on top to your lip care. An intense, all natural and vegan lip scrub that cleanses, gently exfoliates, hydrates, and brightens lips. Formulated with sugar, cocoa butter, shea butter, and agave nectar, Sugar Sugar gently exfoliates while Vitamin C and E [&hellip;]<\/p>\n","protected":false},"featured_media":1670696,"comment_status":"open","ping_status":"closed","template":"","meta":{"content-type":"","_monsterinsights_skip_tracking":false,"_monsterinsights_sitenote_active":false,"_monsterinsights_sitenote_note":"","_monsterinsights_sitenote_category":0,"_uf_show_specific_survey":0,"_uf_disable_surveys":false},"product_brand":[1667],"product_cat":[320,132,42,34,15],"product_tag":[1083,1045,604,1259,322,916,724,1082,1042,1081,1047,944],"class_list":{"0":"post-1670694","1":"product","2":"type-product","3":"status-publish","4":"has-post-thumbnail","6":"product_brand-ncla-beauty","7":"product_cat-lip-care","8":"product_cat-lips","9":"product_cat-make-up","10":"product_cat-skincare","11":"product_cat-all-products","12":"product_tag-sampaninis-balzamas","13":"product_tag-sveitiklis-lupoms","14":"product_tag-balzamas-lupoms","15":"product_tag-black-cherry","16":"product_tag-lip-scrub","17":"product_tag-lupos","18":"product_tag-lupu-prieziura","19":"product_tag-natural-cosmetics","20":"product_tag-ncla-beauty","21":"product_tag-pink-champagne","22":"product_tag-scrubas-lupoms","23":"product_tag-sugar-scrub","25":"first","26":"instock","27":"taxable","28":"shipping-taxable","29":"purchasable","30":"product-type-simple"},"bundled_by":[],"bundle_stock_status":"instock","bundle_stock_quantity":null,"bundle_virtual":false,"bundle_layout":"","bundle_add_to_cart_form_location":"","bundle_editable_in_cart":false,"bundle_sold_individually_context":"","bundle_item_grouping":"","bundle_min_size":"","bundle_max_size":"","bundle_price":[],"bundled_items":[],"bundle_sell_ids":[],"group_of_quantity":0,"min_quantity":0,"max_quantity":"","exclude_order_quantity_value_rules":"no","exclude_category_quantity_rules":"no","combine_variations":"no","exclude_global_add_ons":[],"addons":[],"yoast_head":"<!-- This site is optimized with the Yoast SEO plugin v27.4 - https:\/\/yoast.com\/product\/yoast-seo-wordpress\/ -->\n<title>NCLA Beauty  SUGAR SUGAR Lip scrub  Black cherry - Greenspells<\/title>\n<meta name=\"description\" content=\"An intense, all natural and vegan lip scrub that cleanses, gently exfoliates, hydrates, and brightens lips.\" \/>\n<meta name=\"robots\" content=\"index, follow, max-snippet:-1, max-image-preview:large, max-video-preview:-1\" \/>\n<link rel=\"canonical\" href=\"https:\/\/greenspells.com\/lt\/produktas\/ncla-beauty-sugar-sugar-lip-scrub-black-cherry\/\" \/>\n<meta property=\"og:locale\" content=\"lt_LT\" \/>\n<meta property=\"og:type\" content=\"article\" \/>\n<meta property=\"og:title\" content=\"NCLA Beauty  SUGAR SUGAR Lip scrub  Black cherry - Greenspells\" \/>\n<meta property=\"og:description\" content=\"An intense, all natural and vegan lip scrub that cleanses, gently exfoliates, hydrates, and brightens lips.\" \/>\n<meta property=\"og:url\" content=\"https:\/\/greenspells.com\/lt\/produktas\/ncla-beauty-sugar-sugar-lip-scrub-black-cherry\/\" \/>\n<meta property=\"og:site_name\" content=\"Greenspells\" \/>\n<meta property=\"article:publisher\" content=\"https:\/\/www.facebook.com\/Greenspells\" \/>\n<meta property=\"article:modified_time\" content=\"2023-07-17T11:03:21+00:00\" \/>\n<meta property=\"og:image\" content=\"https:\/\/greenspells.com\/wp-content\/uploads\/2022\/06\/sugar-sugar-black-cherry-lip-scrub-119695_480x480@2x.jpg\" \/>\n\t<meta property=\"og:image:width\" content=\"960\" \/>\n\t<meta property=\"og:image:height\" content=\"960\" \/>\n\t<meta property=\"og:image:type\" content=\"image\/jpeg\" \/>\n<meta name=\"twitter:card\" content=\"summary_large_image\" \/>\n<meta name=\"twitter:label1\" content=\"Est. reading time\" \/>\n\t<meta name=\"twitter:data1\" content=\"1 minut\u0117\" \/>\n<script type=\"application\/ld+json\" class=\"yoast-schema-graph\">{\"@context\":\"https:\\\/\\\/schema.org\",\"@graph\":[{\"@type\":\"WebPage\",\"@id\":\"https:\\\/\\\/greenspells.com\\\/product\\\/ncla-beauty-sugar-sugar-lip-scrub-black-cherry\\\/\",\"url\":\"https:\\\/\\\/greenspells.com\\\/product\\\/ncla-beauty-sugar-sugar-lip-scrub-black-cherry\\\/\",\"name\":\"NCLA Beauty SUGAR SUGAR Lip scrub Black cherry - Greenspells\",\"isPartOf\":{\"@id\":\"https:\\\/\\\/greenspells.com\\\/#website\"},\"primaryImageOfPage\":{\"@id\":\"https:\\\/\\\/greenspells.com\\\/product\\\/ncla-beauty-sugar-sugar-lip-scrub-black-cherry\\\/#primaryimage\"},\"image\":{\"@id\":\"https:\\\/\\\/greenspells.com\\\/product\\\/ncla-beauty-sugar-sugar-lip-scrub-black-cherry\\\/#primaryimage\"},\"thumbnailUrl\":\"https:\\\/\\\/i0.wp.com\\\/greenspells.com\\\/wp-content\\\/uploads\\\/2022\\\/06\\\/sugar-sugar-black-cherry-lip-scrub-119695_480x480%402x.jpg?fit=960%2C960&ssl=1\",\"datePublished\":\"2022-06-22T04:42:18+00:00\",\"dateModified\":\"2023-07-17T11:03:21+00:00\",\"description\":\"An intense, all natural and vegan lip scrub that cleanses, gently exfoliates, hydrates, and brightens lips.\",\"breadcrumb\":{\"@id\":\"https:\\\/\\\/greenspells.com\\\/product\\\/ncla-beauty-sugar-sugar-lip-scrub-black-cherry\\\/#breadcrumb\"},\"inLanguage\":\"lt-LT\",\"potentialAction\":[{\"@type\":\"ReadAction\",\"target\":[\"https:\\\/\\\/greenspells.com\\\/product\\\/ncla-beauty-sugar-sugar-lip-scrub-black-cherry\\\/\"]}]},{\"@type\":\"ImageObject\",\"inLanguage\":\"lt-LT\",\"@id\":\"https:\\\/\\\/greenspells.com\\\/product\\\/ncla-beauty-sugar-sugar-lip-scrub-black-cherry\\\/#primaryimage\",\"url\":\"https:\\\/\\\/i0.wp.com\\\/greenspells.com\\\/wp-content\\\/uploads\\\/2022\\\/06\\\/sugar-sugar-black-cherry-lip-scrub-119695_480x480%402x.jpg?fit=960%2C960&ssl=1\",\"contentUrl\":\"https:\\\/\\\/i0.wp.com\\\/greenspells.com\\\/wp-content\\\/uploads\\\/2022\\\/06\\\/sugar-sugar-black-cherry-lip-scrub-119695_480x480%402x.jpg?fit=960%2C960&ssl=1\",\"width\":960,\"height\":960},{\"@type\":\"BreadcrumbList\",\"@id\":\"https:\\\/\\\/greenspells.com\\\/product\\\/ncla-beauty-sugar-sugar-lip-scrub-black-cherry\\\/#breadcrumb\",\"itemListElement\":[{\"@type\":\"ListItem\",\"position\":1,\"name\":\"Home\",\"item\":\"https:\\\/\\\/greenspells.com\\\/\"},{\"@type\":\"ListItem\",\"position\":2,\"name\":\"Shop\",\"item\":\"https:\\\/\\\/greenspells.com\\\/shop\\\/\"},{\"@type\":\"ListItem\",\"position\":3,\"name\":\"NCLA Beauty SUGAR SUGAR Lip scrub Black cherry\"}]},{\"@type\":\"WebSite\",\"@id\":\"https:\\\/\\\/greenspells.com\\\/#website\",\"url\":\"https:\\\/\\\/greenspells.com\\\/\",\"name\":\"Greenspells\",\"description\":\"Nat\u016brali ir ekologi\u0161ka kosmetika\",\"publisher\":{\"@id\":\"https:\\\/\\\/greenspells.com\\\/#organization\"},\"potentialAction\":[{\"@type\":\"SearchAction\",\"target\":{\"@type\":\"EntryPoint\",\"urlTemplate\":\"https:\\\/\\\/greenspells.com\\\/?s={search_term_string}\"},\"query-input\":{\"@type\":\"PropertyValueSpecification\",\"valueRequired\":true,\"valueName\":\"search_term_string\"}}],\"inLanguage\":\"lt-LT\"},{\"@type\":\"Organization\",\"@id\":\"https:\\\/\\\/greenspells.com\\\/#organization\",\"name\":\"Greenspells\",\"url\":\"https:\\\/\\\/greenspells.com\\\/\",\"logo\":{\"@type\":\"ImageObject\",\"inLanguage\":\"lt-LT\",\"@id\":\"https:\\\/\\\/greenspells.com\\\/#\\\/schema\\\/logo\\\/image\\\/\",\"url\":\"https:\\\/\\\/i0.wp.com\\\/greenspells.com\\\/wp-content\\\/uploads\\\/2020\\\/09\\\/20200722_153424_0000.png?fit=1500%2C1500&ssl=1\",\"contentUrl\":\"https:\\\/\\\/i0.wp.com\\\/greenspells.com\\\/wp-content\\\/uploads\\\/2020\\\/09\\\/20200722_153424_0000.png?fit=1500%2C1500&ssl=1\",\"width\":1500,\"height\":1500,\"caption\":\"Greenspells\"},\"image\":{\"@id\":\"https:\\\/\\\/greenspells.com\\\/#\\\/schema\\\/logo\\\/image\\\/\"},\"sameAs\":[\"https:\\\/\\\/www.facebook.com\\\/Greenspells\",\"https:\\\/\\\/www.instagram.com\\\/greenspells_store\\\/\"]}]}<\/script>\n<!-- \/ Yoast SEO plugin. -->","yoast_head_json":{"title":"NCLA Beauty  SUGAR SUGAR Lip scrub  Black cherry - Greenspells","description":"An intense, all natural and vegan lip scrub that cleanses, gently exfoliates, hydrates, and brightens lips.","robots":{"index":"index","follow":"follow","max-snippet":"max-snippet:-1","max-image-preview":"max-image-preview:large","max-video-preview":"max-video-preview:-1"},"canonical":"https:\/\/greenspells.com\/lt\/produktas\/ncla-beauty-sugar-sugar-lip-scrub-black-cherry\/","og_locale":"lt_LT","og_type":"article","og_title":"NCLA Beauty  SUGAR SUGAR Lip scrub  Black cherry - Greenspells","og_description":"An intense, all natural and vegan lip scrub that cleanses, gently exfoliates, hydrates, and brightens lips.","og_url":"https:\/\/greenspells.com\/lt\/produktas\/ncla-beauty-sugar-sugar-lip-scrub-black-cherry\/","og_site_name":"Greenspells","article_publisher":"https:\/\/www.facebook.com\/Greenspells","article_modified_time":"2023-07-17T11:03:21+00:00","og_image":[{"width":960,"height":960,"url":"https:\/\/greenspells.com\/wp-content\/uploads\/2022\/06\/sugar-sugar-black-cherry-lip-scrub-119695_480x480@2x.jpg","type":"image\/jpeg"}],"twitter_card":"summary_large_image","twitter_misc":{"Est. reading time":"1 minut\u0117"},"schema":{"@context":"https:\/\/schema.org","@graph":[{"@type":"WebPage","@id":"https:\/\/greenspells.com\/product\/ncla-beauty-sugar-sugar-lip-scrub-black-cherry\/","url":"https:\/\/greenspells.com\/product\/ncla-beauty-sugar-sugar-lip-scrub-black-cherry\/","name":"NCLA Beauty SUGAR SUGAR Lip scrub Black cherry - Greenspells","isPartOf":{"@id":"https:\/\/greenspells.com\/#website"},"primaryImageOfPage":{"@id":"https:\/\/greenspells.com\/product\/ncla-beauty-sugar-sugar-lip-scrub-black-cherry\/#primaryimage"},"image":{"@id":"https:\/\/greenspells.com\/product\/ncla-beauty-sugar-sugar-lip-scrub-black-cherry\/#primaryimage"},"thumbnailUrl":"https:\/\/i0.wp.com\/greenspells.com\/wp-content\/uploads\/2022\/06\/sugar-sugar-black-cherry-lip-scrub-119695_480x480%402x.jpg?fit=960%2C960&ssl=1","datePublished":"2022-06-22T04:42:18+00:00","dateModified":"2023-07-17T11:03:21+00:00","description":"An intense, all natural and vegan lip scrub that cleanses, gently exfoliates, hydrates, and brightens lips.","breadcrumb":{"@id":"https:\/\/greenspells.com\/product\/ncla-beauty-sugar-sugar-lip-scrub-black-cherry\/#breadcrumb"},"inLanguage":"lt-LT","potentialAction":[{"@type":"ReadAction","target":["https:\/\/greenspells.com\/product\/ncla-beauty-sugar-sugar-lip-scrub-black-cherry\/"]}]},{"@type":"ImageObject","inLanguage":"lt-LT","@id":"https:\/\/greenspells.com\/product\/ncla-beauty-sugar-sugar-lip-scrub-black-cherry\/#primaryimage","url":"https:\/\/i0.wp.com\/greenspells.com\/wp-content\/uploads\/2022\/06\/sugar-sugar-black-cherry-lip-scrub-119695_480x480%402x.jpg?fit=960%2C960&ssl=1","contentUrl":"https:\/\/i0.wp.com\/greenspells.com\/wp-content\/uploads\/2022\/06\/sugar-sugar-black-cherry-lip-scrub-119695_480x480%402x.jpg?fit=960%2C960&ssl=1","width":960,"height":960},{"@type":"BreadcrumbList","@id":"https:\/\/greenspells.com\/product\/ncla-beauty-sugar-sugar-lip-scrub-black-cherry\/#breadcrumb","itemListElement":[{"@type":"ListItem","position":1,"name":"Home","item":"https:\/\/greenspells.com\/"},{"@type":"ListItem","position":2,"name":"Shop","item":"https:\/\/greenspells.com\/shop\/"},{"@type":"ListItem","position":3,"name":"NCLA Beauty SUGAR SUGAR Lip scrub Black cherry"}]},{"@type":"WebSite","@id":"https:\/\/greenspells.com\/#website","url":"https:\/\/greenspells.com\/","name":"Greenspells","description":"Nat\u016brali ir ekologi\u0161ka kosmetika","publisher":{"@id":"https:\/\/greenspells.com\/#organization"},"potentialAction":[{"@type":"SearchAction","target":{"@type":"EntryPoint","urlTemplate":"https:\/\/greenspells.com\/?s={search_term_string}"},"query-input":{"@type":"PropertyValueSpecification","valueRequired":true,"valueName":"search_term_string"}}],"inLanguage":"lt-LT"},{"@type":"Organization","@id":"https:\/\/greenspells.com\/#organization","name":"Greenspells","url":"https:\/\/greenspells.com\/","logo":{"@type":"ImageObject","inLanguage":"lt-LT","@id":"https:\/\/greenspells.com\/#\/schema\/logo\/image\/","url":"https:\/\/i0.wp.com\/greenspells.com\/wp-content\/uploads\/2020\/09\/20200722_153424_0000.png?fit=1500%2C1500&ssl=1","contentUrl":"https:\/\/i0.wp.com\/greenspells.com\/wp-content\/uploads\/2020\/09\/20200722_153424_0000.png?fit=1500%2C1500&ssl=1","width":1500,"height":1500,"caption":"Greenspells"},"image":{"@id":"https:\/\/greenspells.com\/#\/schema\/logo\/image\/"},"sameAs":["https:\/\/www.facebook.com\/Greenspells","https:\/\/www.instagram.com\/greenspells_store\/"]}]}},"jetpack_likes_enabled":true,"jetpack_sharing_enabled":true,"_links":{"self":[{"href":"https:\/\/greenspells.com\/lt\/wp-json\/wp\/v2\/product\/1670694","targetHints":{"allow":["GET"]}}],"collection":[{"href":"https:\/\/greenspells.com\/lt\/wp-json\/wp\/v2\/product"}],"about":[{"href":"https:\/\/greenspells.com\/lt\/wp-json\/wp\/v2\/types\/product"}],"replies":[{"embeddable":true,"href":"https:\/\/greenspells.com\/lt\/wp-json\/wp\/v2\/comments?post=1670694"}],"wp:featuredmedia":[{"embeddable":true,"href":"https:\/\/greenspells.com\/lt\/wp-json\/wp\/v2\/media\/1670696"}],"wp:attachment":[{"href":"https:\/\/greenspells.com\/lt\/wp-json\/wp\/v2\/media?parent=1670694"}],"wp:term":[{"taxonomy":"product_brand","embeddable":true,"href":"https:\/\/greenspells.com\/lt\/wp-json\/wp\/v2\/product_brand?post=1670694"},{"taxonomy":"product_cat","embeddable":true,"href":"https:\/\/greenspells.com\/lt\/wp-json\/wp\/v2\/product_cat?post=1670694"},{"taxonomy":"product_tag","embeddable":true,"href":"https:\/\/greenspells.com\/lt\/wp-json\/wp\/v2\/product_tag?post=1670694"}],"curies":[{"name":"wp","href":"https:\/\/api.w.org\/{rel}","templated":true}]}}