{"id":1670599,"date":"2022-06-15T13:56:30","date_gmt":"2022-06-15T11:56:30","guid":{"rendered":"https:\/\/greenspells.com\/?post_type=product&#038;p=1670599"},"modified":"2025-12-10T15:36:02","modified_gmt":"2025-12-10T13:36:02","slug":"vivaiodays-tsubaki-leave-in-conditioner-detangler","status":"publish","type":"product","link":"https:\/\/greenspells.com\/lt\/produktas\/vivaiodays-tsubaki-leave-in-conditioner-detangler\/","title":{"rendered":"VIVAIODAYS <br> Tsubaki nenuplaunamas <br> Kondicionierius nuo v\u0117limosi"},"content":{"rendered":"<p>Daugiau joki\u0173 a\u0161ar\u0173 \u0161ukuojant vaik\u0173 ir savo plaukus! Sud\u0117tyje esantys ypatingi ingredientai - Tsubaki ir Abisinijos aliejus atliks savo darb\u0105.<br \/>\nTai bene vienintelis i\u0161\u0161ukavim\u0105 lengvinantis kondicionierius, kurio sud\u0117tyje n\u0117ra alkoholi\u0173 ir silikon\u0173, o 88% ingredient\u0173 - ekologi\u0161ki! Lengvutis, nelipnus, \u0161varios sud\u0117ties. Dermatolog\u0173 patikrintaa ir patvirtintas jautriai odai.<\/p>\n<p>100 ml\/ 3.4 fl. oz.<\/p>\n<p><strong>VAIKAMS<\/strong><\/p>\n<p>Purk\u0161kite ant dr\u0117gn\u0173 ar saus\u0173 plauk\u0173, i\u0161\u0161ukuokite. Galima purk\u0161telti vir\u0161 plauk\u0173, kad suteiktum\u0117te blizgesio, neleistum\u0117te \u0161iau\u0161tis.<\/p>\n<p><strong>VISIEMS:<\/strong><\/p>\n<p>Purk\u0161kite and dr\u0117gn\u0173 ar saus\u0173 plauk\u0173, i\u0161\u0161ukuokite. Galima purk\u0161ti ant plauk\u0173, norint suteikti jiems blizgesio, sutramdyti \u0161iau\u0161im\u0105si. Galima naudoti prie\u0161 formavimo priemones. Nerekomenduojama naudoti chemi\u0161kai pa\u017eeistiems plaukams, kuriems reikalingas gilus kondicionavimas.<\/p>\n<h6 class=\"c-product-ingredients-aroma__subheading\" style=\"-webkit-font-smoothing: antialiased; margin-bottom: 1rem; font-size: 25px; font-weight: inherit; outline: none; line-height: 30px; font-family: foundersgrotesk-mono, helvetica, 'helvetica neue', arial, 'lucida grande', sans-serif; text-transform: uppercase; text-align: center; color: #a17c5e; box-sizing: border-box !important;\">\u012eKV\u0116PTAS JAPONIJOS<\/h6>\n<p><span style=\"font-size: inherit; font-weight: inherit; color: #908a8a; font-family: 'Century Gothic', sans-serif; text-align: center;\">Tsubaki aliejus yra \u0161altai spaustas i\u0161 Japoni\u0161k\u0173j\u0173 kamelij\u0173 s\u0117kly\u010di\u0173, jau \u0161imtme\u010dius naudojamas \u012fvairaus am\u017eiaus moter\u0173, plauk\u0173 gro\u017eiui, sveikatai, blizgesiui puosel\u0117ti. \nIliustracijoje pavaizduotas \u017eirgas - vienas gra\u017eiausi\u0173 gyv\u016bn\u0173 Japonijoje.<\/span><\/p>\n<p><strong>Sud\u0117tyje n\u0117ra:\u00a0 <\/strong>Paraben\u0173, propylen glikolio, silikon\u0173, naftos produkt\u0173, etanolamin\u0173, sintetini\u0173 da\u017eikli\u0173, alkoholio, ftalat\u0173, kvie\u010di\u0173\/rie\u0161ut\u0173\/gliuteno, kvapikli\u0173, GMO.<\/p>\n<div class=\"c-product-highlights__description\" style=\"-webkit-font-smoothing: antialiased; outline: none; flex: 1 1 0px; margin: 0px 0px 3.5rem; color: #625757; font-family: 'Century Gothic', sans-serif; font-size: 15px; box-sizing: border-box !important;\">\n<p style=\"-webkit-font-smoothing: antialiased; font-size: inherit; font-weight: inherit; margin-bottom: 0px; max-width: 300px; box-sizing: border-box !important;\">\n<\/div>\n<ul class=\"c-product-highlights__list\" style=\"-webkit-font-smoothing: antialiased; margin-bottom: 0px; margin-left: 0px; list-style-type: none; color: #625757; font-family: 'Century Gothic', sans-serif; font-size: 15px; box-sizing: border-box !important;\">\n<li class=\"c-product-highlights__list-item\" style=\"-webkit-font-smoothing: antialiased; box-sizing: border-box !important; display: flex; align-items: center; color: #a19889; font-family: foundersgrotesk-mono, helvetica, 'helvetica neue', arial, 'lucida grande', sans-serif; font-size: 1.2rem; text-transform: uppercase;\"><img data-recalc-dims=\"1\" decoding=\"async\" class=\"lazy loaded\" style=\"-webkit-font-smoothing: antialiased; border-style: none; vertical-align: top; margin-right: 2rem; width: 4.2rem; box-sizing: border-box !important;\" src=\"https:\/\/i0.wp.com\/cdn.shopify.com\/s\/files\/1\/0200\/9189\/5862\/files\/label-cosmebio-signature-cosmos-organic_60x60.png?w=980&#038;ssl=1\" data-src=\"\/\/cdn.shopify.com\/s\/files\/1\/0200\/9189\/5862\/files\/label-cosmebio-signature-cosmos-organic_60x60.png?v=1573406872\" data-was-processed=\"true\" \/>\n<p style=\"-webkit-font-smoothing: antialiased; font-size: inherit; font-weight: inherit; margin-bottom: 0px; box-sizing: border-box !important;\">THE EUROPEAN ORGANIC CERTIFICATION STANDARD:\u00a0<span style=\"-webkit-font-smoothing: antialiased; box-sizing: border-box !important; font-weight: bold;\">99.96% NATURAL, 87.98% ORGANIC<\/span><\/p>\n<\/li>\n<li class=\"c-product-highlights__list-item\" style=\"-webkit-font-smoothing: antialiased; box-sizing: border-box !important; display: flex; align-items: center; color: #a19889; font-family: foundersgrotesk-mono, helvetica, 'helvetica neue', arial, 'lucida grande', sans-serif; font-size: 1.2rem; text-transform: uppercase; margin-top: 2rem;\"><img data-recalc-dims=\"1\" decoding=\"async\" class=\"lazy loaded\" style=\"-webkit-font-smoothing: antialiased; border-style: none; vertical-align: top; margin-right: 2rem; width: 4.2rem; box-sizing: border-box !important;\" src=\"https:\/\/i0.wp.com\/cdn.shopify.com\/s\/files\/1\/0200\/9189\/5862\/files\/icon_leaping_bunny_circle_2_60x60.png?w=980&#038;ssl=1\" data-src=\"\/\/cdn.shopify.com\/s\/files\/1\/0200\/9189\/5862\/files\/icon_leaping_bunny_circle_2_60x60.png?v=1575139280\" data-was-processed=\"true\" \/>\n<p style=\"-webkit-font-smoothing: antialiased; font-size: inherit; font-weight: inherit; margin-bottom: 0px; box-sizing: border-box !important;\">CERTIFIED LEAPING BUNNY CRUELTY FREE<\/p>\n<\/li>\n<li class=\"c-product-highlights__list-item\" style=\"-webkit-font-smoothing: antialiased; box-sizing: border-box !important; display: flex; align-items: center; color: #a19889; font-family: foundersgrotesk-mono, helvetica, 'helvetica neue', arial, 'lucida grande', sans-serif; font-size: 1.2rem; text-transform: uppercase; margin-top: 2rem;\"><img data-recalc-dims=\"1\" decoding=\"async\" class=\"lazy loaded\" style=\"-webkit-font-smoothing: antialiased; border-style: none; vertical-align: top; margin-right: 2rem; width: 4.2rem; box-sizing: border-box !important;\" src=\"https:\/\/i0.wp.com\/cdn.shopify.com\/s\/files\/1\/0200\/9189\/5862\/files\/vegan_60x60.JPG?w=980&#038;ssl=1\" data-src=\"\/\/cdn.shopify.com\/s\/files\/1\/0200\/9189\/5862\/files\/vegan_60x60.JPG?v=1581632774\" data-was-processed=\"true\" \/>\n<p style=\"-webkit-font-smoothing: antialiased; font-size: inherit; font-weight: inherit; margin-bottom: 0px; box-sizing: border-box !important;\">100% VEGAN<\/p>\n<\/li>\n<\/ul>\n<p>&nbsp;<\/p>\n<p><strong>SCENT:\u00a0<\/strong>100% Nat\u016bral\u016bs kvapai, joki\u0173 sintetini\u0173 kvapikli\u0173, dideli\u0173 kieki\u0173 eterini\u0173 aliej\u0173, 100% be alergen\u0173.<\/p>\n<p><em><strong>Ingredientai<\/strong><\/em>: ALOE BARBADENSIS LEAF JUICE*, ACTINIDIA CHINENSIS (KIWI) FRUIT EXTRACT*, GLYCERIN, C14-22 ALCOHOLS, CAMELLIA JAPONICA (TSUBAKI) SEED OIL*, CRAMBE ABYSSINICA SEED OIL, AQUA\/WATER, SODIUM PHYTATE, MICROCRYSTALLINE CELLULOSE, CELLULOSE GUM, HELIANTHUS ANNUUS (SUNFLOWER) SEED OIL, PARFUM**, C12-20 ALKYL GLUCOSIDE, GLYCERYL CAPRYLATE, GLYCERYL UNDECYLENATE, PHOSPHOLIPIDS, POTASSIUM SORBATE, PHYTOSTEROLS, OLEYL ALCOHOL * From organic farming. 99.96% Natural. 87.98% Organic. **Allergens Free 100% Natural Fragrance.<\/p>\n<p>&nbsp;<\/p>","protected":false},"excerpt":{"rendered":"<p>For a tearless easy hair combing and\u00a0brushing\u00a0everyday. Let the Tsubaki and Abyssinian oil do all the work. It is the only alcohol &amp; silicons free detangler with 88% organic ingredients on the market. Light weight, non sticky, no nasties. Dermatologist tested and approved for sensitive skin. 100 ml\/ 3.4 fl. oz. KID Spray freely on [&hellip;]<\/p>","protected":false},"featured_media":1670604,"comment_status":"open","ping_status":"closed","template":"","meta":{"content-type":"","_monsterinsights_skip_tracking":false,"_monsterinsights_sitenote_active":false,"_monsterinsights_sitenote_note":"","_monsterinsights_sitenote_category":0,"_uf_show_specific_survey":0,"_uf_disable_surveys":false},"product_brand":[],"product_cat":[228,230,136,15],"product_tag":[435,1251,1254,250,1252,791,1253,1255,1225],"class_list":{"0":"post-1670599","1":"product","2":"type-product","3":"status-publish","4":"has-post-thumbnail","6":"product_cat-hair-care","7":"product_cat-hair-conditioners","8":"product_cat-kids","9":"product_cat-all-products","10":"product_tag-be-silikonu","11":"product_tag-kids-haircare","12":"product_tag-kondicionierius-mergaitems","13":"product_tag-natural-conditioner","14":"product_tag-naturali-plauku-prieziura","15":"product_tag-naturalus-kondicionierius","16":"product_tag-nenuplaunamas-kondicionierius","17":"product_tag-plauku-prieziura-vaikams","18":"product_tag-vivaiodays","20":"first","21":"outofstock","22":"taxable","23":"shipping-taxable","24":"purchasable","25":"product-type-simple"},"bundled_by":[],"bundle_stock_status":"outofstock","bundle_stock_quantity":null,"bundle_virtual":false,"bundle_layout":"","bundle_add_to_cart_form_location":"","bundle_editable_in_cart":false,"bundle_sold_individually_context":"","bundle_item_grouping":"","bundle_min_size":"","bundle_max_size":"","bundle_price":[],"bundled_items":[],"bundle_sell_ids":[],"group_of_quantity":0,"min_quantity":0,"max_quantity":"","exclude_order_quantity_value_rules":"no","exclude_category_quantity_rules":"no","combine_variations":"no","exclude_global_add_ons":[],"addons":[],"yoast_head":"<!-- This site is optimized with the Yoast SEO plugin v27.3 - https:\/\/yoast.com\/product\/yoast-seo-wordpress\/ -->\n<title>VIVAIODAYS  Tsubaki Leave in  Conditioner &amp; detangler - Greenspells<\/title>\n<meta name=\"description\" content=\"For a tearless easy hair combing and\u00a0brushing\u00a0everyday. Let the Tsubaki and Abyssinian oil do all the work.\u00a0\" \/>\n<meta name=\"robots\" content=\"index, follow, max-snippet:-1, max-image-preview:large, max-video-preview:-1\" \/>\n<link rel=\"canonical\" href=\"https:\/\/greenspells.com\/lt\/produktas\/vivaiodays-tsubaki-leave-in-conditioner-detangler\/\" \/>\n<meta property=\"og:locale\" content=\"lt_LT\" \/>\n<meta property=\"og:type\" content=\"article\" \/>\n<meta property=\"og:title\" content=\"VIVAIODAYS  Tsubaki Leave in  Conditioner &amp; detangler - Greenspells\" \/>\n<meta property=\"og:description\" content=\"For a tearless easy hair combing and\u00a0brushing\u00a0everyday. Let the Tsubaki and Abyssinian oil do all the work.\u00a0\" \/>\n<meta property=\"og:url\" content=\"https:\/\/greenspells.com\/lt\/produktas\/vivaiodays-tsubaki-leave-in-conditioner-detangler\/\" \/>\n<meta property=\"og:site_name\" content=\"Greenspells\" \/>\n<meta property=\"article:publisher\" content=\"https:\/\/www.facebook.com\/Greenspells\" \/>\n<meta property=\"article:modified_time\" content=\"2025-12-10T13:36:02+00:00\" \/>\n<meta property=\"og:image\" content=\"https:\/\/greenspells.com\/wp-content\/uploads\/2022\/06\/vivaiodaysTsubakisquare_1000x.jpg\" \/>\n\t<meta property=\"og:image:width\" content=\"1000\" \/>\n\t<meta property=\"og:image:height\" content=\"1000\" \/>\n\t<meta property=\"og:image:type\" content=\"image\/jpeg\" \/>\n<meta name=\"twitter:card\" content=\"summary_large_image\" \/>\n<meta name=\"twitter:label1\" content=\"Est. reading time\" \/>\n\t<meta name=\"twitter:data1\" content=\"3 minut\u0117s\" \/>\n<script type=\"application\/ld+json\" class=\"yoast-schema-graph\">{\"@context\":\"https:\\\/\\\/schema.org\",\"@graph\":[{\"@type\":\"WebPage\",\"@id\":\"https:\\\/\\\/greenspells.com\\\/product\\\/vivaiodays-tsubaki-leave-in-conditioner-detangler\\\/\",\"url\":\"https:\\\/\\\/greenspells.com\\\/product\\\/vivaiodays-tsubaki-leave-in-conditioner-detangler\\\/\",\"name\":\"VIVAIODAYS Tsubaki Leave in Conditioner & detangler - Greenspells\",\"isPartOf\":{\"@id\":\"https:\\\/\\\/greenspells.com\\\/#website\"},\"primaryImageOfPage\":{\"@id\":\"https:\\\/\\\/greenspells.com\\\/product\\\/vivaiodays-tsubaki-leave-in-conditioner-detangler\\\/#primaryimage\"},\"image\":{\"@id\":\"https:\\\/\\\/greenspells.com\\\/product\\\/vivaiodays-tsubaki-leave-in-conditioner-detangler\\\/#primaryimage\"},\"thumbnailUrl\":\"https:\\\/\\\/i0.wp.com\\\/greenspells.com\\\/wp-content\\\/uploads\\\/2022\\\/06\\\/vivaiodaysTsubakisquare_1000x.jpg?fit=1000%2C1000&ssl=1\",\"datePublished\":\"2022-06-15T11:56:30+00:00\",\"dateModified\":\"2025-12-10T13:36:02+00:00\",\"description\":\"For a tearless easy hair combing and\u00a0brushing\u00a0everyday. Let the Tsubaki and Abyssinian oil do all the work.\u00a0\",\"breadcrumb\":{\"@id\":\"https:\\\/\\\/greenspells.com\\\/product\\\/vivaiodays-tsubaki-leave-in-conditioner-detangler\\\/#breadcrumb\"},\"inLanguage\":\"lt-LT\",\"potentialAction\":[{\"@type\":\"ReadAction\",\"target\":[\"https:\\\/\\\/greenspells.com\\\/product\\\/vivaiodays-tsubaki-leave-in-conditioner-detangler\\\/\"]}]},{\"@type\":\"ImageObject\",\"inLanguage\":\"lt-LT\",\"@id\":\"https:\\\/\\\/greenspells.com\\\/product\\\/vivaiodays-tsubaki-leave-in-conditioner-detangler\\\/#primaryimage\",\"url\":\"https:\\\/\\\/i0.wp.com\\\/greenspells.com\\\/wp-content\\\/uploads\\\/2022\\\/06\\\/vivaiodaysTsubakisquare_1000x.jpg?fit=1000%2C1000&ssl=1\",\"contentUrl\":\"https:\\\/\\\/i0.wp.com\\\/greenspells.com\\\/wp-content\\\/uploads\\\/2022\\\/06\\\/vivaiodaysTsubakisquare_1000x.jpg?fit=1000%2C1000&ssl=1\",\"width\":1000,\"height\":1000},{\"@type\":\"BreadcrumbList\",\"@id\":\"https:\\\/\\\/greenspells.com\\\/product\\\/vivaiodays-tsubaki-leave-in-conditioner-detangler\\\/#breadcrumb\",\"itemListElement\":[{\"@type\":\"ListItem\",\"position\":1,\"name\":\"Home\",\"item\":\"https:\\\/\\\/greenspells.com\\\/\"},{\"@type\":\"ListItem\",\"position\":2,\"name\":\"Shop\",\"item\":\"https:\\\/\\\/greenspells.com\\\/shop\\\/\"},{\"@type\":\"ListItem\",\"position\":3,\"name\":\"VIVAIODAYS Tsubaki Leave in Conditioner &#038; detangler\"}]},{\"@type\":\"WebSite\",\"@id\":\"https:\\\/\\\/greenspells.com\\\/#website\",\"url\":\"https:\\\/\\\/greenspells.com\\\/\",\"name\":\"Greenspells\",\"description\":\"Nat\u016brali ir ekologi\u0161ka kosmetika\",\"publisher\":{\"@id\":\"https:\\\/\\\/greenspells.com\\\/#organization\"},\"potentialAction\":[{\"@type\":\"SearchAction\",\"target\":{\"@type\":\"EntryPoint\",\"urlTemplate\":\"https:\\\/\\\/greenspells.com\\\/?s={search_term_string}\"},\"query-input\":{\"@type\":\"PropertyValueSpecification\",\"valueRequired\":true,\"valueName\":\"search_term_string\"}}],\"inLanguage\":\"lt-LT\"},{\"@type\":\"Organization\",\"@id\":\"https:\\\/\\\/greenspells.com\\\/#organization\",\"name\":\"Greenspells\",\"url\":\"https:\\\/\\\/greenspells.com\\\/\",\"logo\":{\"@type\":\"ImageObject\",\"inLanguage\":\"lt-LT\",\"@id\":\"https:\\\/\\\/greenspells.com\\\/#\\\/schema\\\/logo\\\/image\\\/\",\"url\":\"https:\\\/\\\/i0.wp.com\\\/greenspells.com\\\/wp-content\\\/uploads\\\/2020\\\/09\\\/20200722_153424_0000.png?fit=1500%2C1500&ssl=1\",\"contentUrl\":\"https:\\\/\\\/i0.wp.com\\\/greenspells.com\\\/wp-content\\\/uploads\\\/2020\\\/09\\\/20200722_153424_0000.png?fit=1500%2C1500&ssl=1\",\"width\":1500,\"height\":1500,\"caption\":\"Greenspells\"},\"image\":{\"@id\":\"https:\\\/\\\/greenspells.com\\\/#\\\/schema\\\/logo\\\/image\\\/\"},\"sameAs\":[\"https:\\\/\\\/www.facebook.com\\\/Greenspells\",\"https:\\\/\\\/www.instagram.com\\\/greenspells_store\\\/\"]}]}<\/script>\n<!-- \/ Yoast SEO plugin. -->","yoast_head_json":{"title":"VIVAIODAYS  Tsubaki Leave in  Conditioner & detangler - Greenspells","description":"Daugiau joki\u0173 a\u0161ar\u0173 \u0161ukuojant vaik\u0173 ir savo plaukus! Sud\u0117tyje esantys ypatingi ingredientai - Tsubaki ir Abisinijos aliejus atliks savo darb\u0105.\u00a0","robots":{"index":"index","follow":"follow","max-snippet":"max-snippet:-1","max-image-preview":"max-image-preview:large","max-video-preview":"max-video-preview:-1"},"canonical":"https:\/\/greenspells.com\/lt\/produktas\/vivaiodays-tsubaki-leave-in-conditioner-detangler\/","og_locale":"lt_LT","og_type":"article","og_title":"VIVAIODAYS  Tsubaki Leave in  Conditioner & detangler - Greenspells","og_description":"For a tearless easy hair combing and\u00a0brushing\u00a0everyday. Let the Tsubaki and Abyssinian oil do all the work.\u00a0","og_url":"https:\/\/greenspells.com\/lt\/produktas\/vivaiodays-tsubaki-leave-in-conditioner-detangler\/","og_site_name":"Greenspells","article_publisher":"https:\/\/www.facebook.com\/Greenspells","article_modified_time":"2025-12-10T13:36:02+00:00","og_image":[{"width":1000,"height":1000,"url":"https:\/\/greenspells.com\/wp-content\/uploads\/2022\/06\/vivaiodaysTsubakisquare_1000x.jpg","type":"image\/jpeg"}],"twitter_card":"summary_large_image","twitter_misc":{"Est. reading time":"3 minut\u0117s"},"schema":{"@context":"https:\/\/schema.org","@graph":[{"@type":"WebPage","@id":"https:\/\/greenspells.com\/product\/vivaiodays-tsubaki-leave-in-conditioner-detangler\/","url":"https:\/\/greenspells.com\/product\/vivaiodays-tsubaki-leave-in-conditioner-detangler\/","name":"VIVAIODAYS Tsubaki Leave in Conditioner & detangler - Greenspells","isPartOf":{"@id":"https:\/\/greenspells.com\/#website"},"primaryImageOfPage":{"@id":"https:\/\/greenspells.com\/product\/vivaiodays-tsubaki-leave-in-conditioner-detangler\/#primaryimage"},"image":{"@id":"https:\/\/greenspells.com\/product\/vivaiodays-tsubaki-leave-in-conditioner-detangler\/#primaryimage"},"thumbnailUrl":"https:\/\/i0.wp.com\/greenspells.com\/wp-content\/uploads\/2022\/06\/vivaiodaysTsubakisquare_1000x.jpg?fit=1000%2C1000&ssl=1","datePublished":"2022-06-15T11:56:30+00:00","dateModified":"2025-12-10T13:36:02+00:00","description":"Daugiau joki\u0173 a\u0161ar\u0173 \u0161ukuojant vaik\u0173 ir savo plaukus! Sud\u0117tyje esantys ypatingi ingredientai - Tsubaki ir Abisinijos aliejus atliks savo darb\u0105.\u00a0","breadcrumb":{"@id":"https:\/\/greenspells.com\/product\/vivaiodays-tsubaki-leave-in-conditioner-detangler\/#breadcrumb"},"inLanguage":"lt-LT","potentialAction":[{"@type":"ReadAction","target":["https:\/\/greenspells.com\/product\/vivaiodays-tsubaki-leave-in-conditioner-detangler\/"]}]},{"@type":"ImageObject","inLanguage":"lt-LT","@id":"https:\/\/greenspells.com\/product\/vivaiodays-tsubaki-leave-in-conditioner-detangler\/#primaryimage","url":"https:\/\/i0.wp.com\/greenspells.com\/wp-content\/uploads\/2022\/06\/vivaiodaysTsubakisquare_1000x.jpg?fit=1000%2C1000&ssl=1","contentUrl":"https:\/\/i0.wp.com\/greenspells.com\/wp-content\/uploads\/2022\/06\/vivaiodaysTsubakisquare_1000x.jpg?fit=1000%2C1000&ssl=1","width":1000,"height":1000},{"@type":"BreadcrumbList","@id":"https:\/\/greenspells.com\/product\/vivaiodays-tsubaki-leave-in-conditioner-detangler\/#breadcrumb","itemListElement":[{"@type":"ListItem","position":1,"name":"Home","item":"https:\/\/greenspells.com\/"},{"@type":"ListItem","position":2,"name":"Shop","item":"https:\/\/greenspells.com\/shop\/"},{"@type":"ListItem","position":3,"name":"VIVAIODAYS Tsubaki Leave in Conditioner &#038; detangler"}]},{"@type":"WebSite","@id":"https:\/\/greenspells.com\/#website","url":"https:\/\/greenspells.com\/","name":"Greenspells","description":"Nat\u016brali ir ekologi\u0161ka kosmetika","publisher":{"@id":"https:\/\/greenspells.com\/#organization"},"potentialAction":[{"@type":"SearchAction","target":{"@type":"EntryPoint","urlTemplate":"https:\/\/greenspells.com\/?s={search_term_string}"},"query-input":{"@type":"PropertyValueSpecification","valueRequired":true,"valueName":"search_term_string"}}],"inLanguage":"lt-LT"},{"@type":"Organization","@id":"https:\/\/greenspells.com\/#organization","name":"Greenspells","url":"https:\/\/greenspells.com\/","logo":{"@type":"ImageObject","inLanguage":"lt-LT","@id":"https:\/\/greenspells.com\/#\/schema\/logo\/image\/","url":"https:\/\/i0.wp.com\/greenspells.com\/wp-content\/uploads\/2020\/09\/20200722_153424_0000.png?fit=1500%2C1500&ssl=1","contentUrl":"https:\/\/i0.wp.com\/greenspells.com\/wp-content\/uploads\/2020\/09\/20200722_153424_0000.png?fit=1500%2C1500&ssl=1","width":1500,"height":1500,"caption":"Greenspells"},"image":{"@id":"https:\/\/greenspells.com\/#\/schema\/logo\/image\/"},"sameAs":["https:\/\/www.facebook.com\/Greenspells","https:\/\/www.instagram.com\/greenspells_store\/"]}]}},"jetpack_likes_enabled":true,"jetpack_sharing_enabled":true,"_links":{"self":[{"href":"https:\/\/greenspells.com\/lt\/wp-json\/wp\/v2\/product\/1670599","targetHints":{"allow":["GET"]}}],"collection":[{"href":"https:\/\/greenspells.com\/lt\/wp-json\/wp\/v2\/product"}],"about":[{"href":"https:\/\/greenspells.com\/lt\/wp-json\/wp\/v2\/types\/product"}],"replies":[{"embeddable":true,"href":"https:\/\/greenspells.com\/lt\/wp-json\/wp\/v2\/comments?post=1670599"}],"wp:featuredmedia":[{"embeddable":true,"href":"https:\/\/greenspells.com\/lt\/wp-json\/wp\/v2\/media\/1670604"}],"wp:attachment":[{"href":"https:\/\/greenspells.com\/lt\/wp-json\/wp\/v2\/media?parent=1670599"}],"wp:term":[{"taxonomy":"product_brand","embeddable":true,"href":"https:\/\/greenspells.com\/lt\/wp-json\/wp\/v2\/product_brand?post=1670599"},{"taxonomy":"product_cat","embeddable":true,"href":"https:\/\/greenspells.com\/lt\/wp-json\/wp\/v2\/product_cat?post=1670599"},{"taxonomy":"product_tag","embeddable":true,"href":"https:\/\/greenspells.com\/lt\/wp-json\/wp\/v2\/product_tag?post=1670599"}],"curies":[{"name":"wp","href":"https:\/\/api.w.org\/{rel}","templated":true}]}}