{"id":1670581,"date":"2022-06-15T10:24:26","date_gmt":"2022-06-15T08:24:26","guid":{"rendered":"https:\/\/greenspells.com\/?post_type=product&#038;p=1670581"},"modified":"2025-08-04T10:20:54","modified_gmt":"2025-08-04T08:20:54","slug":"vivaiodays-saponaria-no-tears-wash-shampoo","status":"publish","type":"product","link":"https:\/\/greenspells.com\/lt\/produktas\/vivaiodays-saponaria-no-tears-wash-shampoo\/","title":{"rendered":"VIVAIODAYS <br> Saponaria BE A\u0160AR\u0172 <br> K\u016bno ir plauk\u0173 prausiklis"},"content":{"rendered":"<p>Itin koncentruotas, su ekologi\u0161ko vaistinio putoklio ekstraktu, kuriame gausu gliukozid\u0173 ir saponin\u0173. Smagiai putoja, lengvai nusiplauna - idealus linksmoms maudyn\u0117ms be a\u0161ar\u0173! Ramina esant odos sudirgimams ar nie\u017e\u0117jimui. \nTaip pat tinka kasdienei moter\u0173 intymiai higienai,padeda i\u0161laikyti nat\u016bral\u0173 intymi\u0173 zon\u0173 pH.\nOftalmolog\u0173 ir dermatolog\u0173 patikrinta ir patvirtinta naudoti net itin jautriai odai. Labai \u0161velnus, bemuilis ir pH - neutralus.<\/p>\n<p>Dydis: 150 ml<\/p>\n<p><strong>K\u016aDIKIAMS IR VAIKAMS<\/strong>: Ultra \u0161velnus, plaukams ir k\u016bnui prausti. \u0160velniai, bet efektyviai valo od\u0105, plaukus. Pakanka nedidelio kiekio - i\u0161spauskite ant savo deln\u0173, i\u0161muiluokite k\u016bdikio ar vaiko galvyt\u0119, plaukus, k\u016bn\u0105. Nuskalaukite vandeniu.<\/p>\n<p><strong>INTYMIAI HIGIENAI MOTERIMS:<\/strong> Padeda i\u0161laikyti nat\u016bral\u0173 pH intymioje zonoje, tinka naudoti kasdien.<\/p>\n<h6 class=\"c-product-ingredients-aroma__subheading\" style=\"-webkit-font-smoothing: antialiased; margin-bottom: 1rem; font-size: 25px; font-weight: inherit; outline: none; line-height: 30px; font-family: foundersgrotesk-mono, helvetica, 'helvetica neue', arial, 'lucida grande', sans-serif; text-transform: uppercase; text-align: center; color: #a17c5e; box-sizing: border-box !important;\">\u012eKV\u0116PTAS SENOSIOS ANGLIJOS<\/h6>\n<p style=\"-webkit-font-smoothing: antialiased; margin-bottom: 0px; font-size: inherit; font-weight: inherit; line-height: 26px; box-sizing: border-box !important;\">Vaistinis putoklis tradici\u0161kai buvo naudojamas Anglijoje maudyn\u0117ms. Iliustracijoje pavaizduotas kormoranas - vienas da\u017eniausiai ten sutinkam\u0173 vandens pauk\u0161\u010di\u0173.<\/p>\n<p><strong>Kvapas:<\/strong><\/p>\n<p>100% Nat\u016bral\u016bs kvapai, joki\u0173 sintetini\u0173 kvapikli\u0173, dideli\u0173 kieki\u0173 eterini\u0173 aliej\u0173, 100% be alergen\u0173.<\/p>\n<p><strong>Sud\u0117tyje n\u0117ra: <\/strong>SLS, SLES, ALS, ALES, paraben\u0173, propylen glikolio, silikon\u0173, naftos produkt\u0173, etanolamin\u0173, sintetini\u0173 da\u017eikli\u0173, sintetini\u0173 kvapikli\u0173, alkohokio,ftalat\u0173, kvie\u010di\u0173\/rie\u0161ut\u0173\/gliuteno, muilo, alergen\u0173, sulfat\u0173, GMO.<\/p>\n<div class=\"c-product-highlights__description\" style=\"-webkit-font-smoothing: antialiased; outline: none; flex: 1 1 0px; margin: 0px 0px 3.5rem; color: #625757; font-family: 'Century Gothic', sans-serif; font-size: 15px; box-sizing: border-box !important;\">\n<p style=\"-webkit-font-smoothing: antialiased; font-size: inherit; font-weight: inherit; margin-bottom: 0px; max-width: 300px; box-sizing: border-box !important;\">\n<\/div>\n<ul class=\"c-product-highlights__list\" style=\"-webkit-font-smoothing: antialiased; margin-bottom: 0px; margin-left: 0px; list-style-type: none; color: #625757; font-family: 'Century Gothic', sans-serif; font-size: 15px; box-sizing: border-box !important;\">\n<li class=\"c-product-highlights__list-item\" style=\"-webkit-font-smoothing: antialiased; box-sizing: border-box !important; display: flex; align-items: center; color: #a19889; font-family: foundersgrotesk-mono, helvetica, 'helvetica neue', arial, 'lucida grande', sans-serif; font-size: 1.2rem; text-transform: uppercase;\"><img data-recalc-dims=\"1\" decoding=\"async\" class=\"lazy loaded\" style=\"-webkit-font-smoothing: antialiased; border-style: none; vertical-align: top; margin-right: 2rem; width: 4.2rem; box-sizing: border-box !important;\" src=\"https:\/\/i0.wp.com\/cdn.shopify.com\/s\/files\/1\/0200\/9189\/5862\/files\/label-cosmebio-signature-cosmos-organic_60x60.png?w=980&#038;ssl=1\" data-src=\"\/\/cdn.shopify.com\/s\/files\/1\/0200\/9189\/5862\/files\/label-cosmebio-signature-cosmos-organic_60x60.png?v=1573406872\" data-was-processed=\"true\" \/>\n<p style=\"-webkit-font-smoothing: antialiased; font-size: inherit; font-weight: inherit; margin-bottom: 0px; box-sizing: border-box !important;\">THE EUROPEAN ORGANIC CERTIFICATION STANDARD:\u00a0<span style=\"-webkit-font-smoothing: antialiased; box-sizing: border-box !important; font-weight: bold;\">99.13% NATURAL, 50.47% ORGANIC<\/span><\/p>\n<\/li>\n<li class=\"c-product-highlights__list-item\" style=\"-webkit-font-smoothing: antialiased; box-sizing: border-box !important; display: flex; align-items: center; color: #a19889; font-family: foundersgrotesk-mono, helvetica, 'helvetica neue', arial, 'lucida grande', sans-serif; font-size: 1.2rem; text-transform: uppercase; margin-top: 2rem;\"><img data-recalc-dims=\"1\" decoding=\"async\" class=\"lazy loaded\" style=\"-webkit-font-smoothing: antialiased; border-style: none; vertical-align: top; margin-right: 2rem; width: 4.2rem; box-sizing: border-box !important;\" src=\"https:\/\/i0.wp.com\/cdn.shopify.com\/s\/files\/1\/0200\/9189\/5862\/files\/icon_leaping_bunny_circle_2_60x60.png?w=980&#038;ssl=1\" data-src=\"\/\/cdn.shopify.com\/s\/files\/1\/0200\/9189\/5862\/files\/icon_leaping_bunny_circle_2_60x60.png?v=1575139280\" data-was-processed=\"true\" \/>\n<p style=\"-webkit-font-smoothing: antialiased; font-size: inherit; font-weight: inherit; margin-bottom: 0px; box-sizing: border-box !important;\">CERTIFIED LEAPING BUNNY CRUELTY FREE<\/p>\n<\/li>\n<li class=\"c-product-highlights__list-item\" style=\"-webkit-font-smoothing: antialiased; box-sizing: border-box !important; display: flex; align-items: center; color: #a19889; font-family: foundersgrotesk-mono, helvetica, 'helvetica neue', arial, 'lucida grande', sans-serif; font-size: 1.2rem; text-transform: uppercase; margin-top: 2rem;\"><img data-recalc-dims=\"1\" decoding=\"async\" class=\"lazy loaded\" style=\"-webkit-font-smoothing: antialiased; border-style: none; vertical-align: top; margin-right: 2rem; width: 4.2rem; box-sizing: border-box !important;\" src=\"https:\/\/i0.wp.com\/cdn.shopify.com\/s\/files\/1\/0200\/9189\/5862\/files\/vegan_60x60.JPG?w=980&#038;ssl=1\" data-src=\"\/\/cdn.shopify.com\/s\/files\/1\/0200\/9189\/5862\/files\/vegan_60x60.JPG?v=1581632774\" data-was-processed=\"true\" \/>\n<p style=\"-webkit-font-smoothing: antialiased; font-size: inherit; font-weight: inherit; margin-bottom: 0px; box-sizing: border-box !important;\">100% VEGAN<\/p>\n<\/li>\n<\/ul>\n<p>&nbsp;<\/p>\n<p><em><strong>Ingredientai<\/strong><\/em>: ALOE BARBADENSIS LEAF JUICE*, AQUA\/WATER, DECYL GLUCOSIDE, COCO GLUCOSIDE, ALOE BARBADENSIS LEAF WATER*, GLYCERYL OLEATE, XANTHAN GUM, GLYCERIN, PARFUM**, SOAPWORT OFFICINALIS (SAPONARIA) LEAF EXTRACT*, MALVA SYLVESTRIS (MALLOW) FLOWER EXTRACT*, ANTHEMIS NOBILIS (CAMOMILLE) FLOWER WATER*, CAPRYLYL\/CAPRYL GLUCOSIDE, SODIUM COCOYL GLUTAMATE, GLYCERYL CAPRYLATE, POLYGLYCERYL-6 OLEATE, SODIUM SURFACTIN, SODIUM BENZOATE, POTASSIUM SORBATE, SODIUM LEVULINATE, CITRIC ACID. * From organic farming. 99.13% Natural. 50.47% Organic. **Allergens Free 100% Natural Fragrance.<\/p>","protected":false},"excerpt":{"rendered":"<p>Highly concentrated\u00a0with Glucosides &amp; Saponin-rich Organic Soapwort Extract for rich foam and easy rinse-off is ideal for a\u00a0happy, tearless bathing\u00a0experience while\u00a0calming mild discomforts such as rashes and itching.\u00a0It is suitable for the regular\u00a0feminine intimate hygiene\u00a0and maintains the natural pH of intimate areas. Ophthalmologist-Tested and Dermatologist-Tested and approved for sensitive skin. Very mild, soap-free and pH [&hellip;]<\/p>","protected":false},"featured_media":1670588,"comment_status":"open","ping_status":"closed","template":"","meta":{"content-type":"","_monsterinsights_skip_tracking":false,"_monsterinsights_sitenote_active":false,"_monsterinsights_sitenote_note":"","_monsterinsights_sitenote_category":0,"_uf_show_specific_survey":0,"_uf_disable_surveys":false},"product_brand":[],"product_cat":[137,140,1356,136,15],"product_tag":[662,1246,1244,27,1247,1245,969,237,1249,1248,1250,973,690,1225],"class_list":{"0":"post-1670581","1":"product","2":"type-product","3":"status-publish","4":"has-post-thumbnail","6":"product_cat-bath-and-body","7":"product_cat-shower-and-bath","8":"product_cat-intimate-hygiene","9":"product_cat-kids","10":"product_cat-all-products","11":"product_tag-svelnus-prausiklis","12":"product_tag-baby-shampoo","13":"product_tag-baby-wash","14":"product_tag-clean-beauty","15":"product_tag-kids-shampoo","16":"product_tag-kids-wash","17":"product_tag-kosmetika-vaikams","18":"product_tag-natural-shampoo","19":"product_tag-negrauziantis-akiu","20":"product_tag-no-tears-shampoo","21":"product_tag-prausiklis-kudikiams","22":"product_tag-sampunas-kudikiams","23":"product_tag-sampunas-vaikams","24":"product_tag-vivaiodays","26":"first","27":"outofstock","28":"taxable","29":"shipping-taxable","30":"purchasable","31":"product-type-simple"},"bundled_by":[],"bundle_stock_status":"outofstock","bundle_stock_quantity":null,"bundle_virtual":false,"bundle_layout":"","bundle_add_to_cart_form_location":"","bundle_editable_in_cart":false,"bundle_sold_individually_context":"","bundle_item_grouping":"","bundle_min_size":"","bundle_max_size":"","bundle_price":[],"bundled_items":[],"bundle_sell_ids":[],"group_of_quantity":0,"min_quantity":0,"max_quantity":"","exclude_order_quantity_value_rules":"no","exclude_category_quantity_rules":"no","combine_variations":"no","exclude_global_add_ons":[],"addons":[],"yoast_head":"<!-- This site is optimized with the Yoast SEO plugin v27.3 - https:\/\/yoast.com\/product\/yoast-seo-wordpress\/ -->\n<title>VIVAIODAYS  Saponaria NO TEARS  Wash &amp; shampoo - Greenspells<\/title>\n<meta name=\"description\" content=\"Highly concentrated\u00a0with Glucosides &amp; Saponin-rich Organic Soapwort Extract for rich foam and easy rinse-off is ideal for a\u00a0happy, tearless bathing\u00a0experience while\u00a0calming mild discomforts such as rashes and itching.\u00a0\" \/>\n<meta name=\"robots\" content=\"index, follow, max-snippet:-1, max-image-preview:large, max-video-preview:-1\" \/>\n<link rel=\"canonical\" href=\"https:\/\/greenspells.com\/lt\/produktas\/vivaiodays-saponaria-no-tears-wash-shampoo\/\" \/>\n<meta property=\"og:locale\" content=\"lt_LT\" \/>\n<meta property=\"og:type\" content=\"article\" \/>\n<meta property=\"og:title\" content=\"VIVAIODAYS  Saponaria NO TEARS  Wash &amp; shampoo - Greenspells\" \/>\n<meta property=\"og:description\" content=\"Highly concentrated\u00a0with Glucosides &amp; Saponin-rich Organic Soapwort Extract for rich foam and easy rinse-off is ideal for a\u00a0happy, tearless bathing\u00a0experience while\u00a0calming mild discomforts such as rashes and itching.\u00a0\" \/>\n<meta property=\"og:url\" content=\"https:\/\/greenspells.com\/lt\/produktas\/vivaiodays-saponaria-no-tears-wash-shampoo\/\" \/>\n<meta property=\"og:site_name\" content=\"Greenspells\" \/>\n<meta property=\"article:publisher\" content=\"https:\/\/www.facebook.com\/Greenspells\" \/>\n<meta property=\"article:modified_time\" content=\"2025-08-04T08:20:54+00:00\" \/>\n<meta property=\"og:image\" content=\"https:\/\/greenspells.com\/wp-content\/uploads\/2022\/06\/VIVAIODAYS_Saponaria_Planet_Organic_1000x.jpg\" \/>\n\t<meta property=\"og:image:width\" content=\"1000\" \/>\n\t<meta property=\"og:image:height\" content=\"1000\" \/>\n\t<meta property=\"og:image:type\" content=\"image\/jpeg\" \/>\n<meta name=\"twitter:card\" content=\"summary_large_image\" \/>\n<meta name=\"twitter:label1\" content=\"Est. reading time\" \/>\n\t<meta name=\"twitter:data1\" content=\"3 minut\u0117s\" \/>\n<script type=\"application\/ld+json\" class=\"yoast-schema-graph\">{\"@context\":\"https:\\\/\\\/schema.org\",\"@graph\":[{\"@type\":\"WebPage\",\"@id\":\"https:\\\/\\\/greenspells.com\\\/product\\\/vivaiodays-saponaria-no-tears-wash-shampoo\\\/\",\"url\":\"https:\\\/\\\/greenspells.com\\\/product\\\/vivaiodays-saponaria-no-tears-wash-shampoo\\\/\",\"name\":\"VIVAIODAYS Saponaria NO TEARS Wash & shampoo - Greenspells\",\"isPartOf\":{\"@id\":\"https:\\\/\\\/greenspells.com\\\/#website\"},\"primaryImageOfPage\":{\"@id\":\"https:\\\/\\\/greenspells.com\\\/product\\\/vivaiodays-saponaria-no-tears-wash-shampoo\\\/#primaryimage\"},\"image\":{\"@id\":\"https:\\\/\\\/greenspells.com\\\/product\\\/vivaiodays-saponaria-no-tears-wash-shampoo\\\/#primaryimage\"},\"thumbnailUrl\":\"https:\\\/\\\/i0.wp.com\\\/greenspells.com\\\/wp-content\\\/uploads\\\/2022\\\/06\\\/VIVAIODAYS_Saponaria_Planet_Organic_1000x.jpg?fit=1000%2C1000&ssl=1\",\"datePublished\":\"2022-06-15T08:24:26+00:00\",\"dateModified\":\"2025-08-04T08:20:54+00:00\",\"description\":\"Highly concentrated\u00a0with Glucosides & Saponin-rich Organic Soapwort Extract for rich foam and easy rinse-off is ideal for a\u00a0happy, tearless bathing\u00a0experience while\u00a0calming mild discomforts such as rashes and itching.\u00a0\",\"breadcrumb\":{\"@id\":\"https:\\\/\\\/greenspells.com\\\/product\\\/vivaiodays-saponaria-no-tears-wash-shampoo\\\/#breadcrumb\"},\"inLanguage\":\"lt-LT\",\"potentialAction\":[{\"@type\":\"ReadAction\",\"target\":[\"https:\\\/\\\/greenspells.com\\\/product\\\/vivaiodays-saponaria-no-tears-wash-shampoo\\\/\"]}]},{\"@type\":\"ImageObject\",\"inLanguage\":\"lt-LT\",\"@id\":\"https:\\\/\\\/greenspells.com\\\/product\\\/vivaiodays-saponaria-no-tears-wash-shampoo\\\/#primaryimage\",\"url\":\"https:\\\/\\\/i0.wp.com\\\/greenspells.com\\\/wp-content\\\/uploads\\\/2022\\\/06\\\/VIVAIODAYS_Saponaria_Planet_Organic_1000x.jpg?fit=1000%2C1000&ssl=1\",\"contentUrl\":\"https:\\\/\\\/i0.wp.com\\\/greenspells.com\\\/wp-content\\\/uploads\\\/2022\\\/06\\\/VIVAIODAYS_Saponaria_Planet_Organic_1000x.jpg?fit=1000%2C1000&ssl=1\",\"width\":1000,\"height\":1000},{\"@type\":\"BreadcrumbList\",\"@id\":\"https:\\\/\\\/greenspells.com\\\/product\\\/vivaiodays-saponaria-no-tears-wash-shampoo\\\/#breadcrumb\",\"itemListElement\":[{\"@type\":\"ListItem\",\"position\":1,\"name\":\"Home\",\"item\":\"https:\\\/\\\/greenspells.com\\\/\"},{\"@type\":\"ListItem\",\"position\":2,\"name\":\"Shop\",\"item\":\"https:\\\/\\\/greenspells.com\\\/shop\\\/\"},{\"@type\":\"ListItem\",\"position\":3,\"name\":\"VIVAIODAYS Saponaria NO TEARS Wash &#038; shampoo\"}]},{\"@type\":\"WebSite\",\"@id\":\"https:\\\/\\\/greenspells.com\\\/#website\",\"url\":\"https:\\\/\\\/greenspells.com\\\/\",\"name\":\"Greenspells\",\"description\":\"Nat\u016brali ir ekologi\u0161ka kosmetika\",\"publisher\":{\"@id\":\"https:\\\/\\\/greenspells.com\\\/#organization\"},\"potentialAction\":[{\"@type\":\"SearchAction\",\"target\":{\"@type\":\"EntryPoint\",\"urlTemplate\":\"https:\\\/\\\/greenspells.com\\\/?s={search_term_string}\"},\"query-input\":{\"@type\":\"PropertyValueSpecification\",\"valueRequired\":true,\"valueName\":\"search_term_string\"}}],\"inLanguage\":\"lt-LT\"},{\"@type\":\"Organization\",\"@id\":\"https:\\\/\\\/greenspells.com\\\/#organization\",\"name\":\"Greenspells\",\"url\":\"https:\\\/\\\/greenspells.com\\\/\",\"logo\":{\"@type\":\"ImageObject\",\"inLanguage\":\"lt-LT\",\"@id\":\"https:\\\/\\\/greenspells.com\\\/#\\\/schema\\\/logo\\\/image\\\/\",\"url\":\"https:\\\/\\\/i0.wp.com\\\/greenspells.com\\\/wp-content\\\/uploads\\\/2020\\\/09\\\/20200722_153424_0000.png?fit=1500%2C1500&ssl=1\",\"contentUrl\":\"https:\\\/\\\/i0.wp.com\\\/greenspells.com\\\/wp-content\\\/uploads\\\/2020\\\/09\\\/20200722_153424_0000.png?fit=1500%2C1500&ssl=1\",\"width\":1500,\"height\":1500,\"caption\":\"Greenspells\"},\"image\":{\"@id\":\"https:\\\/\\\/greenspells.com\\\/#\\\/schema\\\/logo\\\/image\\\/\"},\"sameAs\":[\"https:\\\/\\\/www.facebook.com\\\/Greenspells\",\"https:\\\/\\\/www.instagram.com\\\/greenspells_store\\\/\"]}]}<\/script>\n<!-- \/ Yoast SEO plugin. -->","yoast_head_json":{"title":"VIVAIODAYS  Saponaria NO TEARS  Wash & shampoo - Greenspells","description":"Highly concentrated\u00a0with Glucosides & Saponin-rich Organic Soapwort Extract for rich foam and easy rinse-off is ideal for a\u00a0happy, tearless bathing\u00a0experience while\u00a0calming mild discomforts such as rashes and itching.\u00a0","robots":{"index":"index","follow":"follow","max-snippet":"max-snippet:-1","max-image-preview":"max-image-preview:large","max-video-preview":"max-video-preview:-1"},"canonical":"https:\/\/greenspells.com\/lt\/produktas\/vivaiodays-saponaria-no-tears-wash-shampoo\/","og_locale":"lt_LT","og_type":"article","og_title":"VIVAIODAYS  Saponaria NO TEARS  Wash & shampoo - Greenspells","og_description":"Highly concentrated\u00a0with Glucosides & Saponin-rich Organic Soapwort Extract for rich foam and easy rinse-off is ideal for a\u00a0happy, tearless bathing\u00a0experience while\u00a0calming mild discomforts such as rashes and itching.\u00a0","og_url":"https:\/\/greenspells.com\/lt\/produktas\/vivaiodays-saponaria-no-tears-wash-shampoo\/","og_site_name":"Greenspells","article_publisher":"https:\/\/www.facebook.com\/Greenspells","article_modified_time":"2025-08-04T08:20:54+00:00","og_image":[{"width":1000,"height":1000,"url":"https:\/\/greenspells.com\/wp-content\/uploads\/2022\/06\/VIVAIODAYS_Saponaria_Planet_Organic_1000x.jpg","type":"image\/jpeg"}],"twitter_card":"summary_large_image","twitter_misc":{"Est. reading time":"3 minut\u0117s"},"schema":{"@context":"https:\/\/schema.org","@graph":[{"@type":"WebPage","@id":"https:\/\/greenspells.com\/product\/vivaiodays-saponaria-no-tears-wash-shampoo\/","url":"https:\/\/greenspells.com\/product\/vivaiodays-saponaria-no-tears-wash-shampoo\/","name":"VIVAIODAYS Saponaria NO TEARS Wash & shampoo - Greenspells","isPartOf":{"@id":"https:\/\/greenspells.com\/#website"},"primaryImageOfPage":{"@id":"https:\/\/greenspells.com\/product\/vivaiodays-saponaria-no-tears-wash-shampoo\/#primaryimage"},"image":{"@id":"https:\/\/greenspells.com\/product\/vivaiodays-saponaria-no-tears-wash-shampoo\/#primaryimage"},"thumbnailUrl":"https:\/\/i0.wp.com\/greenspells.com\/wp-content\/uploads\/2022\/06\/VIVAIODAYS_Saponaria_Planet_Organic_1000x.jpg?fit=1000%2C1000&ssl=1","datePublished":"2022-06-15T08:24:26+00:00","dateModified":"2025-08-04T08:20:54+00:00","description":"Highly concentrated\u00a0with Glucosides & Saponin-rich Organic Soapwort Extract for rich foam and easy rinse-off is ideal for a\u00a0happy, tearless bathing\u00a0experience while\u00a0calming mild discomforts such as rashes and itching.\u00a0","breadcrumb":{"@id":"https:\/\/greenspells.com\/product\/vivaiodays-saponaria-no-tears-wash-shampoo\/#breadcrumb"},"inLanguage":"lt-LT","potentialAction":[{"@type":"ReadAction","target":["https:\/\/greenspells.com\/product\/vivaiodays-saponaria-no-tears-wash-shampoo\/"]}]},{"@type":"ImageObject","inLanguage":"lt-LT","@id":"https:\/\/greenspells.com\/product\/vivaiodays-saponaria-no-tears-wash-shampoo\/#primaryimage","url":"https:\/\/i0.wp.com\/greenspells.com\/wp-content\/uploads\/2022\/06\/VIVAIODAYS_Saponaria_Planet_Organic_1000x.jpg?fit=1000%2C1000&ssl=1","contentUrl":"https:\/\/i0.wp.com\/greenspells.com\/wp-content\/uploads\/2022\/06\/VIVAIODAYS_Saponaria_Planet_Organic_1000x.jpg?fit=1000%2C1000&ssl=1","width":1000,"height":1000},{"@type":"BreadcrumbList","@id":"https:\/\/greenspells.com\/product\/vivaiodays-saponaria-no-tears-wash-shampoo\/#breadcrumb","itemListElement":[{"@type":"ListItem","position":1,"name":"Home","item":"https:\/\/greenspells.com\/"},{"@type":"ListItem","position":2,"name":"Shop","item":"https:\/\/greenspells.com\/shop\/"},{"@type":"ListItem","position":3,"name":"VIVAIODAYS Saponaria NO TEARS Wash &#038; shampoo"}]},{"@type":"WebSite","@id":"https:\/\/greenspells.com\/#website","url":"https:\/\/greenspells.com\/","name":"Greenspells","description":"Nat\u016brali ir ekologi\u0161ka kosmetika","publisher":{"@id":"https:\/\/greenspells.com\/#organization"},"potentialAction":[{"@type":"SearchAction","target":{"@type":"EntryPoint","urlTemplate":"https:\/\/greenspells.com\/?s={search_term_string}"},"query-input":{"@type":"PropertyValueSpecification","valueRequired":true,"valueName":"search_term_string"}}],"inLanguage":"lt-LT"},{"@type":"Organization","@id":"https:\/\/greenspells.com\/#organization","name":"Greenspells","url":"https:\/\/greenspells.com\/","logo":{"@type":"ImageObject","inLanguage":"lt-LT","@id":"https:\/\/greenspells.com\/#\/schema\/logo\/image\/","url":"https:\/\/i0.wp.com\/greenspells.com\/wp-content\/uploads\/2020\/09\/20200722_153424_0000.png?fit=1500%2C1500&ssl=1","contentUrl":"https:\/\/i0.wp.com\/greenspells.com\/wp-content\/uploads\/2020\/09\/20200722_153424_0000.png?fit=1500%2C1500&ssl=1","width":1500,"height":1500,"caption":"Greenspells"},"image":{"@id":"https:\/\/greenspells.com\/#\/schema\/logo\/image\/"},"sameAs":["https:\/\/www.facebook.com\/Greenspells","https:\/\/www.instagram.com\/greenspells_store\/"]}]}},"jetpack_likes_enabled":true,"jetpack_sharing_enabled":true,"_links":{"self":[{"href":"https:\/\/greenspells.com\/lt\/wp-json\/wp\/v2\/product\/1670581","targetHints":{"allow":["GET"]}}],"collection":[{"href":"https:\/\/greenspells.com\/lt\/wp-json\/wp\/v2\/product"}],"about":[{"href":"https:\/\/greenspells.com\/lt\/wp-json\/wp\/v2\/types\/product"}],"replies":[{"embeddable":true,"href":"https:\/\/greenspells.com\/lt\/wp-json\/wp\/v2\/comments?post=1670581"}],"wp:featuredmedia":[{"embeddable":true,"href":"https:\/\/greenspells.com\/lt\/wp-json\/wp\/v2\/media\/1670588"}],"wp:attachment":[{"href":"https:\/\/greenspells.com\/lt\/wp-json\/wp\/v2\/media?parent=1670581"}],"wp:term":[{"taxonomy":"product_brand","embeddable":true,"href":"https:\/\/greenspells.com\/lt\/wp-json\/wp\/v2\/product_brand?post=1670581"},{"taxonomy":"product_cat","embeddable":true,"href":"https:\/\/greenspells.com\/lt\/wp-json\/wp\/v2\/product_cat?post=1670581"},{"taxonomy":"product_tag","embeddable":true,"href":"https:\/\/greenspells.com\/lt\/wp-json\/wp\/v2\/product_tag?post=1670581"}],"curies":[{"name":"wp","href":"https:\/\/api.w.org\/{rel}","templated":true}]}}