{"id":1670567,"date":"2022-06-13T17:23:21","date_gmt":"2022-06-13T15:23:21","guid":{"rendered":"https:\/\/greenspells.com\/?post_type=product&#038;p=1670567"},"modified":"2025-04-08T10:36:37","modified_gmt":"2025-04-08T08:36:37","slug":"vovaiodays-olive-oil-resque-balm-gel","status":"publish","type":"product","link":"https:\/\/greenspells.com\/lt\/produktas\/vovaiodays-olive-oil-resque-balm-gel\/","title":{"rendered":"VIVAIODAYS <br> Daugiafunkcis balzamas - gelb\u0117tojas,  su alyvuogi\u0173 aliejumi"},"content":{"rendered":"<p>\u012ekv\u0117ptas vidur\u017eemio, neriebus daugiafunkcis balzamas - gelis. Be kvapikli\u0173, be naftos produkt\u0173, praturtintas \u0161alto spaudimo alyvuogi\u0173 aliejumi ir dar trimis kitais super ingredientais. Nuostabus ir i\u0161skirtinis produktas, turintis daugyb\u0119 panaudojimo b\u016bd\u0173, tiek k\u016bdikiams, tiek suaugusiems.<br \/>\nDabar galima m\u0117gautis alyvuogi\u0173 aliejaus nauda be jokio riebumo! Naudojimui pakanka labai ma\u017eo kiekio, jis daro stebuklus. Dermatolog\u0173 patikrintas ir patvirtintas balzamas-gelb\u0117tojas tinka net pa\u010diai jautriausiai odai. Vienas i\u0161 produkt\u0173, kur\u012f rekomenduojama visada tur\u0117ti kiekvienuose namuose! \nTinka veganams, be gliuteno, be kvapikli\u0173.<\/p>\n<p>75 ml\/2.53 oz<\/p>\n<p><strong>NUO SAUSKELNI\u0172 B\u0116RIMO<\/strong>: \u0160is ultra maitinantis balzamas -gelis stebuklingai pavirsta \u012f super raminant\u012f krem\u0105, paliet\u0119s od\u0105 i\u0161kart j\u0105 nuramina. Pakanka labai nedidelio kiekio sauskelni\u0173 zonoje 1 arba 2 kartus per dien\u0105 ant \u0161varios, sausos odos. Galima naudoti ir su vystyklais.<\/p>\n<p><strong>NURAMINA \u017dINDAN\u010cIOS MAMOS SPENELIUS<\/strong>: \u0161is 96.8% organi\u0161kas raminantis balzamas -gelis idealiai tinka maitinan\u010dioms mamoms. Pakanka nedideliu kiekiu patepti spenelius prie\u0161 \u017eindant. Nereikia nuplauti, jis visas - valgomas, vegani\u0161kas ir be gliuteno.<\/p>\n<p><strong>VARGINANT EGZEMAI<\/strong>: Tinka visai \u0161eimai. Tepti ant sausos, \u0161varios odos, taip da\u017enai, kaip tik reikia. Venkite aki\u0173 zonos.<\/p>\n<p><strong>DR\u0116KINA \u017dIEMOS I\u0160SAUSINT\u0104 OD\u0104<\/strong>: Naudokite visur, kur tik oda pra\u0161o pagalbos ir gilaus maitinimo. Venkite naudoti aki\u0173 zonoje.<\/p>\n<p><strong>GYDYTI RANKAS<\/strong>: prie\u0161ingai nei vandens pagrindo rank\u0173 kremai, nat\u016bral\u016bs ekologi\u0161ko alyvuogi\u0173 aliejaus lipidai suteikia gil\u0173 maitinim\u0105 sausai odai, ypa\u010d alkoholio i\u0161sausintai, da\u017enai naudojant dezinfekuoklius. Naudoti galima tiek da\u017enai,kiek norisi.<\/p>\n<p><strong>SUSKIRDUSIOMS L\u016aPOMS:<\/strong> Pravers visais met\u0173 laikais, ypa\u010d \u017eiemos metu!<\/p>\n<p><strong>PARAUDUSIEMS \u017dANDAMS RAMINTI BEI PLEISKAN\u0172 LUOBELEI:<\/strong>Naudokite kasdien paraudusiems \u017eandams. Pleiskan\u0173 luobelei (lop\u0161io kepurei) \u012fmasa\u017euokite labai \u0161velniai ir atsargiai, ir po 15 min nuplaukite \u0161amp\u016bnu.<\/p>\n<p><strong>NUDEGUS SAUL\u0116JE<\/strong>: naudokite tiek da\u017enai,kiek reikia. I\u0161skyrus aki\u0173 zon\u0105. Da\u017eniausiai produktai, skirti naudoti po saul\u0117s voni\u0173 tiesiog v\u0117sina nudegusi\u0105 od\u0105, ta\u010diau nesuteikia pakankamo dr\u0117kinimo i\u0161saus\u0117jimui i\u0161vengti. \u0160is balzamas yra mikro emulsija, sujungianti gelio gaivum\u0105 ir ilgalaik\u012f dr\u0117kinim\u0105, kadangi jame gausu maitinan\u010di\u0173 aliej\u0173, kurie dr\u0117kina nepalikdami riebumo.<\/p>\n<h6 class=\"c-product-ingredients-aroma__subheading\" style=\"-webkit-font-smoothing: antialiased; margin-bottom: 1rem; font-size: 25px; font-weight: inherit; outline: none; line-height: 30px; font-family: foundersgrotesk-mono, helvetica, 'helvetica neue', arial, 'lucida grande', sans-serif; text-transform: uppercase; text-align: center; color: #a17c5e; box-sizing: border-box !important;\">\u012eKV\u0116PTA GRAIKIJOS<\/h6>\n<p style=\"-webkit-font-smoothing: antialiased; margin-bottom: 0px; font-size: inherit; font-weight: inherit; line-height: 26px; box-sizing: border-box !important;\">Alyvuogi\u0173 aliejus buvo pla\u010diai naudojamas dar senov\u0117s graik\u0173. Naudojamas ir \u0161iandien, ypa\u010d k\u016bdiki\u0173 odelei. Iliustracijoje pavaizduota pel\u0117da - senov\u0117s Graikijos i\u0161minties Deiv\u0117s At\u0117n\u0117s simbolis.<\/p>\n<p><em><strong>Sud\u0117tyje n\u0117ra:<\/strong><\/em><\/p>\n<p>Konservant\u0173, paraben\u0173, propylen glikolio, silikon\u0173, naftos produkt\u0173, etanolamin\u0173, sintetini\u0173 da\u017eikli\u0173, alkoholio, ftalat\u0173, kvie\u010di\u0173\/rie\u0161ut\u0173\/gliuteno, kvapikli\u0173, GMO.<\/p>\n<div class=\"c-product-highlights__description\" style=\"-webkit-font-smoothing: antialiased; outline: none; flex: 1 1 0px; margin: 0px 0px 3.5rem; color: #625757; font-family: 'Century Gothic', sans-serif; font-size: 15px; box-sizing: border-box !important;\">\n<p style=\"-webkit-font-smoothing: antialiased; font-size: inherit; font-weight: inherit; margin-bottom: 0px; max-width: 300px; box-sizing: border-box !important;\">\n<\/div>\n<ul class=\"c-product-highlights__list\" style=\"-webkit-font-smoothing: antialiased; margin-bottom: 0px; margin-left: 0px; list-style-type: none; color: #625757; font-family: 'Century Gothic', sans-serif; font-size: 15px; box-sizing: border-box !important;\">\n<li class=\"c-product-highlights__list-item\" style=\"-webkit-font-smoothing: antialiased; box-sizing: border-box !important; display: flex; align-items: center; color: #a19889; font-family: foundersgrotesk-mono, helvetica, 'helvetica neue', arial, 'lucida grande', sans-serif; font-size: 1.2rem; text-transform: uppercase;\"><img data-recalc-dims=\"1\" decoding=\"async\" class=\"lazy loaded\" style=\"-webkit-font-smoothing: antialiased; border-style: none; vertical-align: top; margin-right: 2rem; width: 4.2rem; box-sizing: border-box !important;\" src=\"https:\/\/i0.wp.com\/cdn.shopify.com\/s\/files\/1\/0200\/9189\/5862\/files\/label-cosmebio-signature-cosmos-organic_60x60.png?w=980&#038;ssl=1\" data-src=\"\/\/cdn.shopify.com\/s\/files\/1\/0200\/9189\/5862\/files\/label-cosmebio-signature-cosmos-organic_60x60.png?v=1573406872\" data-was-processed=\"true\" \/>\n<p style=\"-webkit-font-smoothing: antialiased; font-size: inherit; font-weight: inherit; margin-bottom: 0px; box-sizing: border-box !important;\">THE EUROPEAN ORGANIC CERTIFICATION STANDARD:\u00a0<span style=\"-webkit-font-smoothing: antialiased; box-sizing: border-box !important; font-weight: bold;\">100% NATURAL, 96.77% ORGANIC<\/span><\/p>\n<\/li>\n<li class=\"c-product-highlights__list-item\" style=\"-webkit-font-smoothing: antialiased; box-sizing: border-box !important; display: flex; align-items: center; color: #a19889; font-family: foundersgrotesk-mono, helvetica, 'helvetica neue', arial, 'lucida grande', sans-serif; font-size: 1.2rem; text-transform: uppercase; margin-top: 2rem;\"><img data-recalc-dims=\"1\" decoding=\"async\" class=\"lazy loaded\" style=\"-webkit-font-smoothing: antialiased; border-style: none; vertical-align: top; margin-right: 2rem; width: 4.2rem; box-sizing: border-box !important;\" src=\"https:\/\/i0.wp.com\/cdn.shopify.com\/s\/files\/1\/0200\/9189\/5862\/files\/icon_leaping_bunny_circle_2_60x60.png?w=980&#038;ssl=1\" data-src=\"\/\/cdn.shopify.com\/s\/files\/1\/0200\/9189\/5862\/files\/icon_leaping_bunny_circle_2_60x60.png?v=1575139280\" data-was-processed=\"true\" \/>\n<p style=\"-webkit-font-smoothing: antialiased; font-size: inherit; font-weight: inherit; margin-bottom: 0px; box-sizing: border-box !important;\">CERTIFIED LEAPING BUNNY CRUELTY FREE<\/p>\n<\/li>\n<li class=\"c-product-highlights__list-item\" style=\"-webkit-font-smoothing: antialiased; box-sizing: border-box !important; display: flex; align-items: center; color: #a19889; font-family: foundersgrotesk-mono, helvetica, 'helvetica neue', arial, 'lucida grande', sans-serif; font-size: 1.2rem; text-transform: uppercase; margin-top: 2rem;\"><img data-recalc-dims=\"1\" decoding=\"async\" class=\"lazy loaded\" style=\"-webkit-font-smoothing: antialiased; border-style: none; vertical-align: top; margin-right: 2rem; width: 4.2rem; box-sizing: border-box !important;\" src=\"https:\/\/i0.wp.com\/cdn.shopify.com\/s\/files\/1\/0200\/9189\/5862\/files\/vegan_60x60.JPG?w=980&#038;ssl=1\" data-src=\"\/\/cdn.shopify.com\/s\/files\/1\/0200\/9189\/5862\/files\/vegan_60x60.JPG?v=1581632774\" data-was-processed=\"true\" \/>\n<p style=\"-webkit-font-smoothing: antialiased; font-size: inherit; font-weight: inherit; margin-bottom: 0px; box-sizing: border-box !important;\">100% VEGAN<\/p>\n<\/li>\n<\/ul>\n<p>&nbsp;<\/p>\n<p><em><strong>Ingredientai<\/strong><\/em>: HELIANTHUS ANNUUS (SUNFLOWER) SEED OIL*, GLYCERIN*, PRUNUS AMYGDALUS DULCIS (SWEET ALMOND) OIL*, SUCROSE LAURATE, OLEA EUROPAEA (OLIVE) FRUIT OIL*, SUCROSE STEARATE, CITRUS AURANTIUM DULCIS (ORANGE) FRUIT WATER*, TOCOPHEROL. * From organic farming. 100% Natural. 96.77% Organic.<\/p>","protected":false},"excerpt":{"rendered":"<p>A Mediterranean\u00a0non-greasy all purpose balm gel, fragrance &amp; petrolatum free,\u00a0infused with cold pressed\u00a0olive oil\u00a0and 3 other hero ingredients, perfect for at least eight different uses, for baby to mom and everyone else. Enjoy the benefit of olive oil without its greasiness. Just a small pearl size amount does wonders! The only Certified-Organic, Dermatologist tested and [&hellip;]<\/p>\n","protected":false},"featured_media":1670574,"comment_status":"open","ping_status":"closed","template":"","meta":{"content-type":"","_monsterinsights_skip_tracking":false,"_monsterinsights_sitenote_active":false,"_monsterinsights_sitenote_note":"","_monsterinsights_sitenote_category":0,"_uf_show_specific_survey":0,"_uf_disable_surveys":false},"product_brand":[],"product_cat":[137,141,136,40,34,15],"product_tag":[1241,1235,1143,1237,775,1236,805,771,1243,969,1234,1242,1239,1240,1238,1225],"class_list":{"0":"post-1670567","1":"product","2":"type-product","3":"status-publish","4":"has-post-thumbnail","6":"product_cat-bath-and-body","7":"product_cat-hand-body-lotions","8":"product_cat-kids","9":"product_cat-moisturizers","10":"product_cat-skincare","11":"product_cat-all-products","12":"product_tag-zindymas","13":"product_tag-baby-balm","14":"product_tag-balzamas-kudikiams","15":"product_tag-balzamas-speneliams","16":"product_tag-daugiafunkcinis-balzamas","17":"product_tag-daugiafunkcis-balzamas","18":"product_tag-egzema","19":"product_tag-healing-balm","20":"product_tag-kudikiu-kosmetika","21":"product_tag-kosmetika-vaikams","22":"product_tag-multipurpose-balm","23":"product_tag-nenuplaunamas-speneliu-kremas","24":"product_tag-nuo-issutimu","25":"product_tag-skausmingi-speneliai","26":"product_tag-suskirdusioms-lupoms","27":"product_tag-vivaiodays","29":"first","30":"outofstock","31":"taxable","32":"shipping-taxable","33":"purchasable","34":"product-type-simple"},"bundled_by":[],"bundle_stock_status":"outofstock","bundle_stock_quantity":null,"bundle_virtual":false,"bundle_layout":"","bundle_add_to_cart_form_location":"","bundle_editable_in_cart":false,"bundle_sold_individually_context":"","bundle_item_grouping":"","bundle_min_size":"","bundle_max_size":"","bundle_price":[],"bundled_items":[],"bundle_sell_ids":[],"group_of_quantity":0,"min_quantity":0,"max_quantity":"","exclude_order_quantity_value_rules":"no","exclude_category_quantity_rules":"no","combine_variations":"no","exclude_global_add_ons":[],"addons":[],"yoast_head":"<!-- This site is optimized with the Yoast SEO plugin v27.4 - https:\/\/yoast.com\/product\/yoast-seo-wordpress\/ -->\n<title>VIVAIODAYS  Olive oil Resque balm gel - Greenspells<\/title>\n<meta name=\"description\" content=\"Dermatologist tested and approved for sensitive skin rescue balm gel. A must have skin savior in any home or diaper bag.\" \/>\n<meta name=\"robots\" content=\"index, follow, max-snippet:-1, max-image-preview:large, max-video-preview:-1\" \/>\n<link rel=\"canonical\" href=\"https:\/\/greenspells.com\/lt\/produktas\/vovaiodays-olive-oil-resque-balm-gel\/\" \/>\n<meta property=\"og:locale\" content=\"lt_LT\" \/>\n<meta property=\"og:type\" content=\"article\" \/>\n<meta property=\"og:title\" content=\"VIVAIODAYS  Olive oil Resque balm gel - Greenspells\" \/>\n<meta property=\"og:description\" content=\"Dermatologist tested and approved for sensitive skin rescue balm gel. A must have skin savior in any home or diaper bag.\" \/>\n<meta property=\"og:url\" content=\"https:\/\/greenspells.com\/lt\/produktas\/vovaiodays-olive-oil-resque-balm-gel\/\" \/>\n<meta property=\"og:site_name\" content=\"Greenspells\" \/>\n<meta property=\"article:publisher\" content=\"https:\/\/www.facebook.com\/Greenspells\" \/>\n<meta property=\"article:modified_time\" content=\"2025-04-08T08:36:37+00:00\" \/>\n<meta property=\"og:image\" content=\"https:\/\/greenspells.com\/wp-content\/uploads\/2022\/06\/vivaiodaysOliveOilallpurposeRescueBalmGelfront_1000x-1.jpg\" \/>\n\t<meta property=\"og:image:width\" content=\"1000\" \/>\n\t<meta property=\"og:image:height\" content=\"1000\" \/>\n\t<meta property=\"og:image:type\" content=\"image\/jpeg\" \/>\n<meta name=\"twitter:card\" content=\"summary_large_image\" \/>\n<meta name=\"twitter:label1\" content=\"Est. reading time\" \/>\n\t<meta name=\"twitter:data1\" content=\"3 minut\u0117s\" \/>\n<script type=\"application\/ld+json\" class=\"yoast-schema-graph\">{\"@context\":\"https:\\\/\\\/schema.org\",\"@graph\":[{\"@type\":\"WebPage\",\"@id\":\"https:\\\/\\\/greenspells.com\\\/product\\\/vovaiodays-olive-oil-resque-balm-gel\\\/\",\"url\":\"https:\\\/\\\/greenspells.com\\\/product\\\/vovaiodays-olive-oil-resque-balm-gel\\\/\",\"name\":\"VIVAIODAYS Olive oil Resque balm gel - Greenspells\",\"isPartOf\":{\"@id\":\"https:\\\/\\\/greenspells.com\\\/#website\"},\"primaryImageOfPage\":{\"@id\":\"https:\\\/\\\/greenspells.com\\\/product\\\/vovaiodays-olive-oil-resque-balm-gel\\\/#primaryimage\"},\"image\":{\"@id\":\"https:\\\/\\\/greenspells.com\\\/product\\\/vovaiodays-olive-oil-resque-balm-gel\\\/#primaryimage\"},\"thumbnailUrl\":\"https:\\\/\\\/i0.wp.com\\\/greenspells.com\\\/wp-content\\\/uploads\\\/2022\\\/06\\\/vivaiodaysOliveOilallpurposeRescueBalmGelfront_1000x-1.jpg?fit=1000%2C1000&ssl=1\",\"datePublished\":\"2022-06-13T15:23:21+00:00\",\"dateModified\":\"2025-04-08T08:36:37+00:00\",\"description\":\"Dermatologist tested and approved for sensitive skin rescue balm gel. A must have skin savior in any home or diaper bag.\",\"breadcrumb\":{\"@id\":\"https:\\\/\\\/greenspells.com\\\/product\\\/vovaiodays-olive-oil-resque-balm-gel\\\/#breadcrumb\"},\"inLanguage\":\"lt-LT\",\"potentialAction\":[{\"@type\":\"ReadAction\",\"target\":[\"https:\\\/\\\/greenspells.com\\\/product\\\/vovaiodays-olive-oil-resque-balm-gel\\\/\"]}]},{\"@type\":\"ImageObject\",\"inLanguage\":\"lt-LT\",\"@id\":\"https:\\\/\\\/greenspells.com\\\/product\\\/vovaiodays-olive-oil-resque-balm-gel\\\/#primaryimage\",\"url\":\"https:\\\/\\\/i0.wp.com\\\/greenspells.com\\\/wp-content\\\/uploads\\\/2022\\\/06\\\/vivaiodaysOliveOilallpurposeRescueBalmGelfront_1000x-1.jpg?fit=1000%2C1000&ssl=1\",\"contentUrl\":\"https:\\\/\\\/i0.wp.com\\\/greenspells.com\\\/wp-content\\\/uploads\\\/2022\\\/06\\\/vivaiodaysOliveOilallpurposeRescueBalmGelfront_1000x-1.jpg?fit=1000%2C1000&ssl=1\",\"width\":1000,\"height\":1000},{\"@type\":\"BreadcrumbList\",\"@id\":\"https:\\\/\\\/greenspells.com\\\/product\\\/vovaiodays-olive-oil-resque-balm-gel\\\/#breadcrumb\",\"itemListElement\":[{\"@type\":\"ListItem\",\"position\":1,\"name\":\"Home\",\"item\":\"https:\\\/\\\/greenspells.com\\\/\"},{\"@type\":\"ListItem\",\"position\":2,\"name\":\"Shop\",\"item\":\"https:\\\/\\\/greenspells.com\\\/shop\\\/\"},{\"@type\":\"ListItem\",\"position\":3,\"name\":\"VIVAIODAYS Olive oil Resque balm gel\"}]},{\"@type\":\"WebSite\",\"@id\":\"https:\\\/\\\/greenspells.com\\\/#website\",\"url\":\"https:\\\/\\\/greenspells.com\\\/\",\"name\":\"Greenspells\",\"description\":\"Nat\u016brali ir ekologi\u0161ka kosmetika\",\"publisher\":{\"@id\":\"https:\\\/\\\/greenspells.com\\\/#organization\"},\"potentialAction\":[{\"@type\":\"SearchAction\",\"target\":{\"@type\":\"EntryPoint\",\"urlTemplate\":\"https:\\\/\\\/greenspells.com\\\/?s={search_term_string}\"},\"query-input\":{\"@type\":\"PropertyValueSpecification\",\"valueRequired\":true,\"valueName\":\"search_term_string\"}}],\"inLanguage\":\"lt-LT\"},{\"@type\":\"Organization\",\"@id\":\"https:\\\/\\\/greenspells.com\\\/#organization\",\"name\":\"Greenspells\",\"url\":\"https:\\\/\\\/greenspells.com\\\/\",\"logo\":{\"@type\":\"ImageObject\",\"inLanguage\":\"lt-LT\",\"@id\":\"https:\\\/\\\/greenspells.com\\\/#\\\/schema\\\/logo\\\/image\\\/\",\"url\":\"https:\\\/\\\/i0.wp.com\\\/greenspells.com\\\/wp-content\\\/uploads\\\/2020\\\/09\\\/20200722_153424_0000.png?fit=1500%2C1500&ssl=1\",\"contentUrl\":\"https:\\\/\\\/i0.wp.com\\\/greenspells.com\\\/wp-content\\\/uploads\\\/2020\\\/09\\\/20200722_153424_0000.png?fit=1500%2C1500&ssl=1\",\"width\":1500,\"height\":1500,\"caption\":\"Greenspells\"},\"image\":{\"@id\":\"https:\\\/\\\/greenspells.com\\\/#\\\/schema\\\/logo\\\/image\\\/\"},\"sameAs\":[\"https:\\\/\\\/www.facebook.com\\\/Greenspells\",\"https:\\\/\\\/www.instagram.com\\\/greenspells_store\\\/\"]}]}<\/script>\n<!-- \/ Yoast SEO plugin. -->","yoast_head_json":{"title":"VIVAIODAYS  Olive oil Resque balm gel - Greenspells","description":"Dermatologist tested and approved for sensitive skin rescue balm gel. A must have skin savior in any home or diaper bag.","robots":{"index":"index","follow":"follow","max-snippet":"max-snippet:-1","max-image-preview":"max-image-preview:large","max-video-preview":"max-video-preview:-1"},"canonical":"https:\/\/greenspells.com\/lt\/produktas\/vovaiodays-olive-oil-resque-balm-gel\/","og_locale":"lt_LT","og_type":"article","og_title":"VIVAIODAYS  Olive oil Resque balm gel - Greenspells","og_description":"Dermatologist tested and approved for sensitive skin rescue balm gel. A must have skin savior in any home or diaper bag.","og_url":"https:\/\/greenspells.com\/lt\/produktas\/vovaiodays-olive-oil-resque-balm-gel\/","og_site_name":"Greenspells","article_publisher":"https:\/\/www.facebook.com\/Greenspells","article_modified_time":"2025-04-08T08:36:37+00:00","og_image":[{"width":1000,"height":1000,"url":"https:\/\/greenspells.com\/wp-content\/uploads\/2022\/06\/vivaiodaysOliveOilallpurposeRescueBalmGelfront_1000x-1.jpg","type":"image\/jpeg"}],"twitter_card":"summary_large_image","twitter_misc":{"Est. reading time":"3 minut\u0117s"},"schema":{"@context":"https:\/\/schema.org","@graph":[{"@type":"WebPage","@id":"https:\/\/greenspells.com\/product\/vovaiodays-olive-oil-resque-balm-gel\/","url":"https:\/\/greenspells.com\/product\/vovaiodays-olive-oil-resque-balm-gel\/","name":"VIVAIODAYS Olive oil Resque balm gel - Greenspells","isPartOf":{"@id":"https:\/\/greenspells.com\/#website"},"primaryImageOfPage":{"@id":"https:\/\/greenspells.com\/product\/vovaiodays-olive-oil-resque-balm-gel\/#primaryimage"},"image":{"@id":"https:\/\/greenspells.com\/product\/vovaiodays-olive-oil-resque-balm-gel\/#primaryimage"},"thumbnailUrl":"https:\/\/i0.wp.com\/greenspells.com\/wp-content\/uploads\/2022\/06\/vivaiodaysOliveOilallpurposeRescueBalmGelfront_1000x-1.jpg?fit=1000%2C1000&ssl=1","datePublished":"2022-06-13T15:23:21+00:00","dateModified":"2025-04-08T08:36:37+00:00","description":"Dermatologist tested and approved for sensitive skin rescue balm gel. A must have skin savior in any home or diaper bag.","breadcrumb":{"@id":"https:\/\/greenspells.com\/product\/vovaiodays-olive-oil-resque-balm-gel\/#breadcrumb"},"inLanguage":"lt-LT","potentialAction":[{"@type":"ReadAction","target":["https:\/\/greenspells.com\/product\/vovaiodays-olive-oil-resque-balm-gel\/"]}]},{"@type":"ImageObject","inLanguage":"lt-LT","@id":"https:\/\/greenspells.com\/product\/vovaiodays-olive-oil-resque-balm-gel\/#primaryimage","url":"https:\/\/i0.wp.com\/greenspells.com\/wp-content\/uploads\/2022\/06\/vivaiodaysOliveOilallpurposeRescueBalmGelfront_1000x-1.jpg?fit=1000%2C1000&ssl=1","contentUrl":"https:\/\/i0.wp.com\/greenspells.com\/wp-content\/uploads\/2022\/06\/vivaiodaysOliveOilallpurposeRescueBalmGelfront_1000x-1.jpg?fit=1000%2C1000&ssl=1","width":1000,"height":1000},{"@type":"BreadcrumbList","@id":"https:\/\/greenspells.com\/product\/vovaiodays-olive-oil-resque-balm-gel\/#breadcrumb","itemListElement":[{"@type":"ListItem","position":1,"name":"Home","item":"https:\/\/greenspells.com\/"},{"@type":"ListItem","position":2,"name":"Shop","item":"https:\/\/greenspells.com\/shop\/"},{"@type":"ListItem","position":3,"name":"VIVAIODAYS Olive oil Resque balm gel"}]},{"@type":"WebSite","@id":"https:\/\/greenspells.com\/#website","url":"https:\/\/greenspells.com\/","name":"Greenspells","description":"Nat\u016brali ir ekologi\u0161ka kosmetika","publisher":{"@id":"https:\/\/greenspells.com\/#organization"},"potentialAction":[{"@type":"SearchAction","target":{"@type":"EntryPoint","urlTemplate":"https:\/\/greenspells.com\/?s={search_term_string}"},"query-input":{"@type":"PropertyValueSpecification","valueRequired":true,"valueName":"search_term_string"}}],"inLanguage":"lt-LT"},{"@type":"Organization","@id":"https:\/\/greenspells.com\/#organization","name":"Greenspells","url":"https:\/\/greenspells.com\/","logo":{"@type":"ImageObject","inLanguage":"lt-LT","@id":"https:\/\/greenspells.com\/#\/schema\/logo\/image\/","url":"https:\/\/i0.wp.com\/greenspells.com\/wp-content\/uploads\/2020\/09\/20200722_153424_0000.png?fit=1500%2C1500&ssl=1","contentUrl":"https:\/\/i0.wp.com\/greenspells.com\/wp-content\/uploads\/2020\/09\/20200722_153424_0000.png?fit=1500%2C1500&ssl=1","width":1500,"height":1500,"caption":"Greenspells"},"image":{"@id":"https:\/\/greenspells.com\/#\/schema\/logo\/image\/"},"sameAs":["https:\/\/www.facebook.com\/Greenspells","https:\/\/www.instagram.com\/greenspells_store\/"]}]}},"jetpack_likes_enabled":true,"jetpack_sharing_enabled":true,"_links":{"self":[{"href":"https:\/\/greenspells.com\/lt\/wp-json\/wp\/v2\/product\/1670567","targetHints":{"allow":["GET"]}}],"collection":[{"href":"https:\/\/greenspells.com\/lt\/wp-json\/wp\/v2\/product"}],"about":[{"href":"https:\/\/greenspells.com\/lt\/wp-json\/wp\/v2\/types\/product"}],"replies":[{"embeddable":true,"href":"https:\/\/greenspells.com\/lt\/wp-json\/wp\/v2\/comments?post=1670567"}],"wp:featuredmedia":[{"embeddable":true,"href":"https:\/\/greenspells.com\/lt\/wp-json\/wp\/v2\/media\/1670574"}],"wp:attachment":[{"href":"https:\/\/greenspells.com\/lt\/wp-json\/wp\/v2\/media?parent=1670567"}],"wp:term":[{"taxonomy":"product_brand","embeddable":true,"href":"https:\/\/greenspells.com\/lt\/wp-json\/wp\/v2\/product_brand?post=1670567"},{"taxonomy":"product_cat","embeddable":true,"href":"https:\/\/greenspells.com\/lt\/wp-json\/wp\/v2\/product_cat?post=1670567"},{"taxonomy":"product_tag","embeddable":true,"href":"https:\/\/greenspells.com\/lt\/wp-json\/wp\/v2\/product_tag?post=1670567"}],"curies":[{"name":"wp","href":"https:\/\/api.w.org\/{rel}","templated":true}]}}