{"id":1670556,"date":"2022-06-13T16:44:08","date_gmt":"2022-06-13T14:44:08","guid":{"rendered":"https:\/\/greenspells.com\/?post_type=product&#038;p=1670556"},"modified":"2025-09-24T07:28:26","modified_gmt":"2025-09-24T05:28:26","slug":"vivaiodays-apricot-oil-nourishing-face-body-lotion","status":"publish","type":"product","link":"https:\/\/greenspells.com\/lt\/produktas\/vivaiodays-apricot-oil-nourishing-face-body-lotion\/","title":{"rendered":"VIVAIODAYS <br> Maitinantis losjonas su abrikos\u0173 aliejumi <br> Veidui ir k\u016bnui"},"content":{"rendered":"<p>Ajurvedos \u012fkv\u0117ptas maitinantis losjonas su abrikos\u0173, migdol\u0173 bei avi\u017e\u0173 aliejais ir agurk\u0173 hidrolatu. Dermatologi\u0161kai patikrintas ir patvirtintas sausai odai.\nLabai lengvai susigeriantis, neriebus, maitinantis losjonas padeda i\u0161laikyti sveik\u0105 odos dr\u0117gm\u0117s balans\u0105, padeda kovoti su \u012fvairiais b\u0117rimais, ramina ypa\u010d jautri\u0105, sudirgint\u0105 od\u0105.<\/p>\n<p>100 ml\/ 3.4 fl. oz<\/p>\n<p><strong>K\u016aDIK\u0116LIAMS<\/strong>\u0160is maitinantis losjonas puosel\u0117ja, saugo k\u016bdiki\u0173 od\u0105 ir suteikia jiems laim\u0117s! Puikiai tinka k\u016bdiki\u0173 masa\u017eams, ar tiesiog bet kada, kai tik norisi palepinti jautri\u0105 k\u016bdikio odel\u0119. Ajurvedos \u012fkv\u0117ptas ekologi\u0161k\u0173 aliej\u0173 ir ekstrakt\u0173 mi\u0161inys suteikia losjonui labai maloni\u0105, lengvut\u0119, maitinan\u010di\u0105 tekst\u016br\u0105, ypa\u010d tinkam\u0105 delika\u010diai k\u016bdiki\u0173 odai. Naudokite nedidel\u012f kiek\u012f po maudyni\u0173, ar bet kada, kai odai tr\u016bksta dr\u0117gm\u0117s. Veidui ir k\u016bnui.<\/p>\n<p><strong>VISIEMS<\/strong>Lengvut\u0117, maitinanti, neriebi tekst\u016bra patiks visiems, kas nori i\u0161laikyti dr\u0117gm\u0117s balans\u0105 sveikai odai, arba raminan\u010dio masa\u017eo! Naudokite nedidel\u012f kiek\u012f po maudyni\u0173, arba pagal poreik\u012f, kai tik tr\u016bksta dr\u0117gm\u0117s. Veidui ir k\u016bnui.<\/p>\n<h6 class=\"c-product-ingredients-aroma__subheading\" style=\"-webkit-font-smoothing: antialiased; margin-bottom: 1rem; font-size: 25px; font-weight: inherit; outline: none; line-height: 30px; font-family: foundersgrotesk-mono, helvetica, 'helvetica neue', arial, 'lucida grande', sans-serif; text-transform: uppercase; text-align: center; color: #a17c5e; box-sizing: border-box !important;\">\u012eKV\u0116PTAS INDIJOS<\/h6>\n<p style=\"-webkit-font-smoothing: antialiased; margin-bottom: 0px; font-size: inherit; font-weight: inherit; line-height: 26px; box-sizing: border-box !important;\">Pasak Ajurvedos, seniausios pasaulio gydymo sistemos i\u0161 Indijos, kasdien masa\u017euojamas nat\u016braliais abrikos\u0173, migdol\u0173 ar sezam\u0173 aliejais, k\u016bdikis tampa laimingesnis, cirkuliacija - stipresn\u0117 ir sveikesn\u0117. Iliustracijoje pavaizduota karv\u0117 - \u0161ven\u010diausias gyv\u016bnas Indijoje.<\/p>\n<p><strong>Sud\u0117tyje n\u0117ra:<\/strong><\/p>\n<p>Paraben\u0173, propylen glikolio, silikon\u0173, naftos produkt\u0173, etanolamin\u0173, sintetini\u0173 da\u017eikli\u0173, alkoholio, ftalat\u0173, kvie\u010di\u0173\/gliuteno, sintetini\u0173 kvapikli\u0173, GMO.<\/p>\n<ul>\n<li class=\"c-product-highlights__list-item\" style=\"-webkit-font-smoothing: antialiased; display: flex; align-items: center; color: #a19889; font-family: foundersgrotesk-mono, helvetica, 'helvetica neue', arial, 'lucida grande', sans-serif; font-size: 1.2rem; text-transform: uppercase; box-sizing: border-box !important;\"><img data-recalc-dims=\"1\" decoding=\"async\" class=\"lazy loaded\" style=\"-webkit-font-smoothing: antialiased; border-style: none; vertical-align: top; margin-right: 2rem; width: 4.2rem; box-sizing: border-box !important;\" src=\"https:\/\/i0.wp.com\/cdn.shopify.com\/s\/files\/1\/0200\/9189\/5862\/files\/label-cosmebio-signature-cosmos-organic_60x60.png?w=980&#038;ssl=1\" data-src=\"\/\/cdn.shopify.com\/s\/files\/1\/0200\/9189\/5862\/files\/label-cosmebio-signature-cosmos-organic_60x60.png?v=1573406872\" data-was-processed=\"true\" \/>\n<p style=\"-webkit-font-smoothing: antialiased; font-size: inherit; font-weight: inherit; margin-bottom: 0px; box-sizing: border-box !important;\">THE EUROPEAN CERTIFICATION STANDARD :\u00a0<span style=\"-webkit-font-smoothing: antialiased; box-sizing: border-box !important; font-weight: bold;\">99.89% NATURAL,\u00a026.96% ORGANIC<\/span><\/p>\n<\/li>\n<li class=\"c-product-highlights__list-item\" style=\"-webkit-font-smoothing: antialiased; display: flex; align-items: center; color: #a19889; font-family: foundersgrotesk-mono, helvetica, 'helvetica neue', arial, 'lucida grande', sans-serif; font-size: 1.2rem; text-transform: uppercase; margin-top: 2rem; box-sizing: border-box !important;\"><img data-recalc-dims=\"1\" decoding=\"async\" class=\"lazy loaded\" style=\"-webkit-font-smoothing: antialiased; border-style: none; vertical-align: top; margin-right: 2rem; width: 4.2rem; box-sizing: border-box !important;\" src=\"https:\/\/i0.wp.com\/cdn.shopify.com\/s\/files\/1\/0200\/9189\/5862\/files\/icon_leaping_bunny_circle_2_60x60.png?w=980&#038;ssl=1\" data-src=\"\/\/cdn.shopify.com\/s\/files\/1\/0200\/9189\/5862\/files\/icon_leaping_bunny_circle_2_60x60.png?v=1575139280\" data-was-processed=\"true\" \/>\n<p style=\"-webkit-font-smoothing: antialiased; font-size: inherit; font-weight: inherit; margin-bottom: 0px; box-sizing: border-box !important;\">CERTIFIED LEAPING BUNNY CRUELTY FREE<\/p>\n<\/li>\n<\/ul>\n<p>&nbsp;<\/p>\n<p><strong>SCENT:\u00a0<\/strong>100% Nat\u016bral\u016bs kvapai, joki\u0173 sintetini\u0173 kvapikli\u0173, dideli\u0173 kieki\u0173 eterini\u0173 aliej\u0173, 100% be alergen\u0173.<\/p>\n<p><strong>Ingredientai<\/strong>: AQUA\/WATER, ALOE BARBADENSIS LEAF WATER*, PRUNUS ARMENIACA (APRICOT) KERNEL OIL*, HEPTYL UNDECYLENATE, CUCUMIS SATIVUS(CUCUMBER) FRUIT WATER*, CETEARYL OLIVATE, SORBITAN OLIVATE, PRUNUS AMYGDALUS DULCIS (SWEET ALMOND) OIL*, PULLULAN, GLYCERYL CAPRYLATE, MICROCRYSTALLINE CELLULOSE, GLYCERIN, CERA ALBA\/BEESWAX*, TAPIOCA STARCH*, OLEA EUROPAEA (OLIVE) OIL UNSAPONIFIABLES, AVENA SATIVA (OAT) KERNEL OIL*, PARFUM**, CELLULOSE GUM, GLYCERYL UNDECYLENATE, TOCOPHEROL, XANTHAN GUM, HELIANTHUS ANNUUS (SUNFLOWER) SEED OIL, GLYCYRRHIZA GLABRA (LICORICE) ROOT EXTRACT*, TILIA PLATYPHYLLOS (LINDEN) FLOWER EXTRACT*, CITRIC ACID, SODIUM BENZOATE, POTASSIUM SORBATE. * From organic farming. 99.89% Natural. 26.96% Organic. **Allergens Free 100% Natural Fragrance.<\/p>","protected":false},"excerpt":{"rendered":"<p>Ayurveda inspired nourishing lotion with Apricot Kernel, Sweet Almond &amp; Oat Oils and Cucumber Water. Dermatologist tested\u00a0and approved for sensitive skin. Easily absorbed, non-greasy, around the clock nourishing lotion maintains healthy moisture balance, combat rash &amp; may soothe minor hypersensitive skin conditions. 100 ml\/ 3.4 fl. oz FOR BABIES: This\u00a0around-the-clock nourishing lotion pampers, protects &amp; [&hellip;]<\/p>\n","protected":false},"featured_media":1670564,"comment_status":"open","ping_status":"closed","template":"","meta":{"content-type":"","_monsterinsights_skip_tracking":false,"_monsterinsights_sitenote_active":false,"_monsterinsights_sitenote_note":"","_monsterinsights_sitenote_category":0,"_uf_show_specific_survey":0,"_uf_disable_surveys":false},"product_brand":[],"product_cat":[137,141,136,40,15],"product_tag":[],"class_list":{"0":"post-1670556","1":"product","2":"type-product","3":"status-publish","4":"has-post-thumbnail","6":"product_cat-bath-and-body","7":"product_cat-hand-body-lotions","8":"product_cat-kids","9":"product_cat-moisturizers","10":"product_cat-all-products","12":"first","13":"outofstock","14":"taxable","15":"shipping-taxable","16":"purchasable","17":"product-type-simple"},"bundled_by":[],"bundle_stock_status":"outofstock","bundle_stock_quantity":0,"bundle_virtual":false,"bundle_layout":"","bundle_add_to_cart_form_location":"","bundle_editable_in_cart":false,"bundle_sold_individually_context":"","bundle_item_grouping":"","bundle_min_size":"","bundle_max_size":"","bundle_price":[],"bundled_items":[],"bundle_sell_ids":[],"group_of_quantity":0,"min_quantity":0,"max_quantity":"","exclude_order_quantity_value_rules":"no","exclude_category_quantity_rules":"no","combine_variations":"no","exclude_global_add_ons":[],"addons":[],"yoast_head":"<!-- This site is optimized with the Yoast SEO plugin v27.4 - https:\/\/yoast.com\/product\/yoast-seo-wordpress\/ -->\n<title>VIVAIODAYS  Apricot oil nourishing  face &amp; body lotion - Greenspells<\/title>\n<meta name=\"description\" content=\"Easily absorbed, non-greasy, nourishing lotion maintains healthy moisture balance, combat rash &amp; may soothe minor hypersensitive skin conditions.\" \/>\n<meta name=\"robots\" content=\"index, follow, max-snippet:-1, max-image-preview:large, max-video-preview:-1\" \/>\n<link rel=\"canonical\" href=\"https:\/\/greenspells.com\/lt\/produktas\/vivaiodays-apricot-oil-nourishing-face-body-lotion\/\" \/>\n<meta property=\"og:locale\" content=\"lt_LT\" \/>\n<meta property=\"og:type\" content=\"article\" \/>\n<meta property=\"og:title\" content=\"VIVAIODAYS  Apricot oil nourishing  face &amp; body lotion - Greenspells\" \/>\n<meta property=\"og:description\" content=\"Easily absorbed, non-greasy, nourishing lotion maintains healthy moisture balance, combat rash &amp; may soothe minor hypersensitive skin conditions.\" \/>\n<meta property=\"og:url\" content=\"https:\/\/greenspells.com\/lt\/produktas\/vivaiodays-apricot-oil-nourishing-face-body-lotion\/\" \/>\n<meta property=\"og:site_name\" content=\"Greenspells\" \/>\n<meta property=\"article:publisher\" content=\"https:\/\/www.facebook.com\/Greenspells\" \/>\n<meta property=\"article:modified_time\" content=\"2025-09-24T05:28:26+00:00\" \/>\n<meta property=\"og:image\" content=\"https:\/\/greenspells.com\/wp-content\/uploads\/2022\/06\/vivaiodays_Apricot_1000x.jpg\" \/>\n\t<meta property=\"og:image:width\" content=\"1000\" \/>\n\t<meta property=\"og:image:height\" content=\"1000\" \/>\n\t<meta property=\"og:image:type\" content=\"image\/jpeg\" \/>\n<meta name=\"twitter:card\" content=\"summary_large_image\" \/>\n<meta name=\"twitter:label1\" content=\"Est. reading time\" \/>\n\t<meta name=\"twitter:data1\" content=\"2 minut\u0117s\" \/>\n<script type=\"application\/ld+json\" class=\"yoast-schema-graph\">{\"@context\":\"https:\\\/\\\/schema.org\",\"@graph\":[{\"@type\":\"WebPage\",\"@id\":\"https:\\\/\\\/greenspells.com\\\/product\\\/vivaiodays-apricot-oil-nourishing-face-body-lotion\\\/\",\"url\":\"https:\\\/\\\/greenspells.com\\\/product\\\/vivaiodays-apricot-oil-nourishing-face-body-lotion\\\/\",\"name\":\"VIVAIODAYS Apricot oil nourishing face & body lotion - Greenspells\",\"isPartOf\":{\"@id\":\"https:\\\/\\\/greenspells.com\\\/#website\"},\"primaryImageOfPage\":{\"@id\":\"https:\\\/\\\/greenspells.com\\\/product\\\/vivaiodays-apricot-oil-nourishing-face-body-lotion\\\/#primaryimage\"},\"image\":{\"@id\":\"https:\\\/\\\/greenspells.com\\\/product\\\/vivaiodays-apricot-oil-nourishing-face-body-lotion\\\/#primaryimage\"},\"thumbnailUrl\":\"https:\\\/\\\/i0.wp.com\\\/greenspells.com\\\/wp-content\\\/uploads\\\/2022\\\/06\\\/vivaiodays_Apricot_1000x.jpg?fit=1000%2C1000&ssl=1\",\"datePublished\":\"2022-06-13T14:44:08+00:00\",\"dateModified\":\"2025-09-24T05:28:26+00:00\",\"description\":\"Easily absorbed, non-greasy, nourishing lotion maintains healthy moisture balance, combat rash & may soothe minor hypersensitive skin conditions.\",\"breadcrumb\":{\"@id\":\"https:\\\/\\\/greenspells.com\\\/product\\\/vivaiodays-apricot-oil-nourishing-face-body-lotion\\\/#breadcrumb\"},\"inLanguage\":\"lt-LT\",\"potentialAction\":[{\"@type\":\"ReadAction\",\"target\":[\"https:\\\/\\\/greenspells.com\\\/product\\\/vivaiodays-apricot-oil-nourishing-face-body-lotion\\\/\"]}]},{\"@type\":\"ImageObject\",\"inLanguage\":\"lt-LT\",\"@id\":\"https:\\\/\\\/greenspells.com\\\/product\\\/vivaiodays-apricot-oil-nourishing-face-body-lotion\\\/#primaryimage\",\"url\":\"https:\\\/\\\/i0.wp.com\\\/greenspells.com\\\/wp-content\\\/uploads\\\/2022\\\/06\\\/vivaiodays_Apricot_1000x.jpg?fit=1000%2C1000&ssl=1\",\"contentUrl\":\"https:\\\/\\\/i0.wp.com\\\/greenspells.com\\\/wp-content\\\/uploads\\\/2022\\\/06\\\/vivaiodays_Apricot_1000x.jpg?fit=1000%2C1000&ssl=1\",\"width\":1000,\"height\":1000},{\"@type\":\"BreadcrumbList\",\"@id\":\"https:\\\/\\\/greenspells.com\\\/product\\\/vivaiodays-apricot-oil-nourishing-face-body-lotion\\\/#breadcrumb\",\"itemListElement\":[{\"@type\":\"ListItem\",\"position\":1,\"name\":\"Home\",\"item\":\"https:\\\/\\\/greenspells.com\\\/\"},{\"@type\":\"ListItem\",\"position\":2,\"name\":\"Shop\",\"item\":\"https:\\\/\\\/greenspells.com\\\/shop\\\/\"},{\"@type\":\"ListItem\",\"position\":3,\"name\":\"VIVAIODAYS Apricot oil nourishing face &#038; body lotion\"}]},{\"@type\":\"WebSite\",\"@id\":\"https:\\\/\\\/greenspells.com\\\/#website\",\"url\":\"https:\\\/\\\/greenspells.com\\\/\",\"name\":\"Greenspells\",\"description\":\"Nat\u016brali ir ekologi\u0161ka kosmetika\",\"publisher\":{\"@id\":\"https:\\\/\\\/greenspells.com\\\/#organization\"},\"potentialAction\":[{\"@type\":\"SearchAction\",\"target\":{\"@type\":\"EntryPoint\",\"urlTemplate\":\"https:\\\/\\\/greenspells.com\\\/?s={search_term_string}\"},\"query-input\":{\"@type\":\"PropertyValueSpecification\",\"valueRequired\":true,\"valueName\":\"search_term_string\"}}],\"inLanguage\":\"lt-LT\"},{\"@type\":\"Organization\",\"@id\":\"https:\\\/\\\/greenspells.com\\\/#organization\",\"name\":\"Greenspells\",\"url\":\"https:\\\/\\\/greenspells.com\\\/\",\"logo\":{\"@type\":\"ImageObject\",\"inLanguage\":\"lt-LT\",\"@id\":\"https:\\\/\\\/greenspells.com\\\/#\\\/schema\\\/logo\\\/image\\\/\",\"url\":\"https:\\\/\\\/i0.wp.com\\\/greenspells.com\\\/wp-content\\\/uploads\\\/2020\\\/09\\\/20200722_153424_0000.png?fit=1500%2C1500&ssl=1\",\"contentUrl\":\"https:\\\/\\\/i0.wp.com\\\/greenspells.com\\\/wp-content\\\/uploads\\\/2020\\\/09\\\/20200722_153424_0000.png?fit=1500%2C1500&ssl=1\",\"width\":1500,\"height\":1500,\"caption\":\"Greenspells\"},\"image\":{\"@id\":\"https:\\\/\\\/greenspells.com\\\/#\\\/schema\\\/logo\\\/image\\\/\"},\"sameAs\":[\"https:\\\/\\\/www.facebook.com\\\/Greenspells\",\"https:\\\/\\\/www.instagram.com\\\/greenspells_store\\\/\"]}]}<\/script>\n<!-- \/ Yoast SEO plugin. -->","yoast_head_json":{"title":"VIVAIODAYS  Apricot oil nourishing  face & body lotion - Greenspells","description":"Easily absorbed, non-greasy, nourishing lotion maintains healthy moisture balance, combat rash & may soothe minor hypersensitive skin conditions.","robots":{"index":"index","follow":"follow","max-snippet":"max-snippet:-1","max-image-preview":"max-image-preview:large","max-video-preview":"max-video-preview:-1"},"canonical":"https:\/\/greenspells.com\/lt\/produktas\/vivaiodays-apricot-oil-nourishing-face-body-lotion\/","og_locale":"lt_LT","og_type":"article","og_title":"VIVAIODAYS  Apricot oil nourishing  face & body lotion - Greenspells","og_description":"Easily absorbed, non-greasy, nourishing lotion maintains healthy moisture balance, combat rash & may soothe minor hypersensitive skin conditions.","og_url":"https:\/\/greenspells.com\/lt\/produktas\/vivaiodays-apricot-oil-nourishing-face-body-lotion\/","og_site_name":"Greenspells","article_publisher":"https:\/\/www.facebook.com\/Greenspells","article_modified_time":"2025-09-24T05:28:26+00:00","og_image":[{"width":1000,"height":1000,"url":"https:\/\/greenspells.com\/wp-content\/uploads\/2022\/06\/vivaiodays_Apricot_1000x.jpg","type":"image\/jpeg"}],"twitter_card":"summary_large_image","twitter_misc":{"Est. reading time":"2 minut\u0117s"},"schema":{"@context":"https:\/\/schema.org","@graph":[{"@type":"WebPage","@id":"https:\/\/greenspells.com\/product\/vivaiodays-apricot-oil-nourishing-face-body-lotion\/","url":"https:\/\/greenspells.com\/product\/vivaiodays-apricot-oil-nourishing-face-body-lotion\/","name":"VIVAIODAYS Apricot oil nourishing face & body lotion - Greenspells","isPartOf":{"@id":"https:\/\/greenspells.com\/#website"},"primaryImageOfPage":{"@id":"https:\/\/greenspells.com\/product\/vivaiodays-apricot-oil-nourishing-face-body-lotion\/#primaryimage"},"image":{"@id":"https:\/\/greenspells.com\/product\/vivaiodays-apricot-oil-nourishing-face-body-lotion\/#primaryimage"},"thumbnailUrl":"https:\/\/i0.wp.com\/greenspells.com\/wp-content\/uploads\/2022\/06\/vivaiodays_Apricot_1000x.jpg?fit=1000%2C1000&ssl=1","datePublished":"2022-06-13T14:44:08+00:00","dateModified":"2025-09-24T05:28:26+00:00","description":"Easily absorbed, non-greasy, nourishing lotion maintains healthy moisture balance, combat rash & may soothe minor hypersensitive skin conditions.","breadcrumb":{"@id":"https:\/\/greenspells.com\/product\/vivaiodays-apricot-oil-nourishing-face-body-lotion\/#breadcrumb"},"inLanguage":"lt-LT","potentialAction":[{"@type":"ReadAction","target":["https:\/\/greenspells.com\/product\/vivaiodays-apricot-oil-nourishing-face-body-lotion\/"]}]},{"@type":"ImageObject","inLanguage":"lt-LT","@id":"https:\/\/greenspells.com\/product\/vivaiodays-apricot-oil-nourishing-face-body-lotion\/#primaryimage","url":"https:\/\/i0.wp.com\/greenspells.com\/wp-content\/uploads\/2022\/06\/vivaiodays_Apricot_1000x.jpg?fit=1000%2C1000&ssl=1","contentUrl":"https:\/\/i0.wp.com\/greenspells.com\/wp-content\/uploads\/2022\/06\/vivaiodays_Apricot_1000x.jpg?fit=1000%2C1000&ssl=1","width":1000,"height":1000},{"@type":"BreadcrumbList","@id":"https:\/\/greenspells.com\/product\/vivaiodays-apricot-oil-nourishing-face-body-lotion\/#breadcrumb","itemListElement":[{"@type":"ListItem","position":1,"name":"Home","item":"https:\/\/greenspells.com\/"},{"@type":"ListItem","position":2,"name":"Shop","item":"https:\/\/greenspells.com\/shop\/"},{"@type":"ListItem","position":3,"name":"VIVAIODAYS Apricot oil nourishing face &#038; body lotion"}]},{"@type":"WebSite","@id":"https:\/\/greenspells.com\/#website","url":"https:\/\/greenspells.com\/","name":"Greenspells","description":"Nat\u016brali ir ekologi\u0161ka kosmetika","publisher":{"@id":"https:\/\/greenspells.com\/#organization"},"potentialAction":[{"@type":"SearchAction","target":{"@type":"EntryPoint","urlTemplate":"https:\/\/greenspells.com\/?s={search_term_string}"},"query-input":{"@type":"PropertyValueSpecification","valueRequired":true,"valueName":"search_term_string"}}],"inLanguage":"lt-LT"},{"@type":"Organization","@id":"https:\/\/greenspells.com\/#organization","name":"Greenspells","url":"https:\/\/greenspells.com\/","logo":{"@type":"ImageObject","inLanguage":"lt-LT","@id":"https:\/\/greenspells.com\/#\/schema\/logo\/image\/","url":"https:\/\/i0.wp.com\/greenspells.com\/wp-content\/uploads\/2020\/09\/20200722_153424_0000.png?fit=1500%2C1500&ssl=1","contentUrl":"https:\/\/i0.wp.com\/greenspells.com\/wp-content\/uploads\/2020\/09\/20200722_153424_0000.png?fit=1500%2C1500&ssl=1","width":1500,"height":1500,"caption":"Greenspells"},"image":{"@id":"https:\/\/greenspells.com\/#\/schema\/logo\/image\/"},"sameAs":["https:\/\/www.facebook.com\/Greenspells","https:\/\/www.instagram.com\/greenspells_store\/"]}]}},"jetpack_likes_enabled":true,"jetpack_sharing_enabled":true,"_links":{"self":[{"href":"https:\/\/greenspells.com\/lt\/wp-json\/wp\/v2\/product\/1670556","targetHints":{"allow":["GET"]}}],"collection":[{"href":"https:\/\/greenspells.com\/lt\/wp-json\/wp\/v2\/product"}],"about":[{"href":"https:\/\/greenspells.com\/lt\/wp-json\/wp\/v2\/types\/product"}],"replies":[{"embeddable":true,"href":"https:\/\/greenspells.com\/lt\/wp-json\/wp\/v2\/comments?post=1670556"}],"wp:featuredmedia":[{"embeddable":true,"href":"https:\/\/greenspells.com\/lt\/wp-json\/wp\/v2\/media\/1670564"}],"wp:attachment":[{"href":"https:\/\/greenspells.com\/lt\/wp-json\/wp\/v2\/media?parent=1670556"}],"wp:term":[{"taxonomy":"product_brand","embeddable":true,"href":"https:\/\/greenspells.com\/lt\/wp-json\/wp\/v2\/product_brand?post=1670556"},{"taxonomy":"product_cat","embeddable":true,"href":"https:\/\/greenspells.com\/lt\/wp-json\/wp\/v2\/product_cat?post=1670556"},{"taxonomy":"product_tag","embeddable":true,"href":"https:\/\/greenspells.com\/lt\/wp-json\/wp\/v2\/product_tag?post=1670556"}],"curies":[{"name":"wp","href":"https:\/\/api.w.org\/{rel}","templated":true}]}}