{"id":1670361,"date":"2022-05-17T11:23:57","date_gmt":"2022-05-17T09:23:57","guid":{"rendered":"https:\/\/greenspells.com\/?post_type=product&#038;p=1670361"},"modified":"2023-01-01T19:33:27","modified_gmt":"2023-01-01T17:33:27","slug":"ere-perez-aloe-gel-lash-brow-mascara-clear","status":"publish","type":"product","link":"https:\/\/greenspells.com\/lt\/produktas\/ere-perez-aloe-gel-lash-brow-mascara-clear\/","title":{"rendered":"ERE PEREZ <br> Skaidrus tu\u0161as blakstienoms ir antakiams Aloe gel"},"content":{"rendered":"<p><span style=\"margin: 0px; padding: 0px; box-sizing: border-box; color: #000000; font-family: Roboto;\">Palepinkite savo antakius ir blakstienas \u0161iuo kondicionuojan\u010diu tu\u0161u, suteikian\u010dio blizgesio!<\/span><\/p>\n<ul dir=\"ltr\" style=\"margin-bottom: 15px; margin-left: 20px; box-sizing: border-box; list-style: inherit; color: #000000; font-family: Roboto;\">\n<li style=\"margin: 0px; padding: 0px 0px 0px 15px; box-sizing: border-box; list-style: inherit;\">2 - viename, tinka antakiams ir blakstienoms<\/li>\n<li style=\"margin: 0px; padding: 0px 0px 0px 15px; box-sizing: border-box; list-style: inherit;\">Tinka jautrioms akims<\/li>\n<li style=\"margin: 0px; padding: 0px 0px 0px 15px; box-sizing: border-box; list-style: inherit;\">Vitaminais praturtinta formul\u0117<\/li>\n<li style=\"margin: 0px; padding: 0px 0px 0px 15px; box-sizing: border-box; list-style: inherit;\">Sutvarko plaukelius, suteikia \u017evilgesio<\/li>\n<li style=\"margin: 0px; padding: 0px 0px 0px 15px; box-sizing: border-box; list-style: inherit;\">10 ml \/ 0.35 oz<\/li>\n<\/ul>\n<p>Daugiafunkcinis tu\u0161as, pamintas i\u0161 auk\u0161\u010diausios kokyb\u0117s ingredient\u0173. Alijo\u0161iuje gausu vitamin\u0173, ilgina blasktienas, pabr\u0117\u017eia nat\u016bral\u0173 j\u0173 gro\u017e\u012f, suteikia blizgesio.  Idealiai tinka dienoms be makia\u017eo, kai norisi b\u016bti nat\u016braliai, bet gra\u017eiai!\n\nPuikiai tinka priaugintoms blakstienoms, ne\u0161iojan\u010dioms kontaktinius l\u0119\u0161ius bei jautrioms akims. Atsparus prakaitui ir vandeniui. \nTinka blakstienoms ir antakiams!<\/p>\n<p><em><strong>Ingredientai<\/strong><\/em>:<\/p>\n<p><span style=\"color: #000000; font-family: Roboto;\">Water (aqua), organic aloe (aloe barbadensis) gel, pvp, ethyl alcohol, cellulose gum, glycerin, panthenol (vitamin B5), potassium sorbate.<\/span><\/p>","protected":false},"excerpt":{"rendered":"<p>Give your brows and lashes some love with a conditioning formula that tames and adds a layer of shine! 2-in-1 multitasker Suits sensitive eyes Vitamin-rich formula Grooms and adds gloss 10 ml \/ 0.35 oz The ultimate all-in-one mascara! Clear natural gel mascara made with the highest quality ingredients. Featuring vitamin-rich aloe vera, considered to [&hellip;]<\/p>","protected":false},"featured_media":1670363,"comment_status":"open","ping_status":"closed","template":"","meta":{"content-type":"","_monsterinsights_skip_tracking":false,"_monsterinsights_sitenote_active":false,"_monsterinsights_sitenote_note":"","_monsterinsights_sitenote_category":0,"_uf_show_specific_survey":0,"_uf_disable_surveys":false},"product_brand":[],"product_cat":[138,131,42,34,15],"product_tag":[1160,1163,1156,1155,1157,578,1161,1164,584,1165,1162,1158,1159],"class_list":{"0":"post-1670361","1":"product","2":"type-product","3":"status-publish","4":"has-post-thumbnail","6":"product_cat-eye-zone","7":"product_cat-eyes","8":"product_cat-make-up","9":"product_cat-skincare","10":"product_cat-all-products","11":"product_tag-antakiu-gelis","12":"product_tag-bespalvis-blakstisnu-tusas","13":"product_tag-brow-gel","14":"product_tag-brow-mascara","15":"product_tag-cleaf-mascara","16":"product_tag-ere-perez","17":"product_tag-gelis-antakiams","18":"product_tag-naturali-kosmwtika","19":"product_tag-natural-mascara","20":"product_tag-serumas-blakstienoms","21":"product_tag-skaidrus-antakiu-dazai","22":"product_tag-transparent-brow-gel","23":"product_tag-transparent-mascara","25":"first","26":"instock","27":"taxable","28":"shipping-taxable","29":"purchasable","30":"product-type-simple"},"bundled_by":[],"bundle_stock_status":"instock","bundle_stock_quantity":null,"bundle_virtual":false,"bundle_layout":"","bundle_add_to_cart_form_location":"","bundle_editable_in_cart":false,"bundle_sold_individually_context":"","bundle_item_grouping":"","bundle_min_size":"","bundle_max_size":"","bundle_price":[],"bundled_items":[],"bundle_sell_ids":[],"group_of_quantity":0,"min_quantity":0,"max_quantity":"","exclude_order_quantity_value_rules":"no","exclude_category_quantity_rules":"no","combine_variations":"no","exclude_global_add_ons":[],"addons":[],"yoast_head":"<!-- This site is optimized with the Yoast SEO plugin v27.4 - https:\/\/yoast.com\/product\/yoast-seo-wordpress\/ -->\n<title>ERE PEREZ  Aloe gel lash &amp; brow mascara - clear - Greenspells<\/title>\n<meta name=\"description\" content=\"Give your brows and lashes some love with a conditioning formula that tames and adds a layer of shine!\" \/>\n<meta name=\"robots\" content=\"index, follow, max-snippet:-1, max-image-preview:large, max-video-preview:-1\" \/>\n<link rel=\"canonical\" href=\"https:\/\/greenspells.com\/lt\/produktas\/ere-perez-aloe-gel-lash-brow-mascara-clear\/\" \/>\n<meta property=\"og:locale\" content=\"lt_LT\" \/>\n<meta property=\"og:type\" content=\"article\" \/>\n<meta property=\"og:title\" content=\"ERE PEREZ  Aloe gel lash &amp; brow mascara - clear - Greenspells\" \/>\n<meta property=\"og:description\" content=\"Give your brows and lashes some love with a conditioning formula that tames and adds a layer of shine!\" \/>\n<meta property=\"og:url\" content=\"https:\/\/greenspells.com\/lt\/produktas\/ere-perez-aloe-gel-lash-brow-mascara-clear\/\" \/>\n<meta property=\"og:site_name\" content=\"Greenspells\" \/>\n<meta property=\"article:publisher\" content=\"https:\/\/www.facebook.com\/Greenspells\" \/>\n<meta property=\"article:modified_time\" content=\"2023-01-01T17:33:27+00:00\" \/>\n<meta property=\"og:image\" content=\"https:\/\/greenspells.com\/wp-content\/uploads\/2022\/05\/aloe-vera-gel-mascara-820122_480x480@2x.jpg\" \/>\n\t<meta property=\"og:image:width\" content=\"960\" \/>\n\t<meta property=\"og:image:height\" content=\"960\" \/>\n\t<meta property=\"og:image:type\" content=\"image\/jpeg\" \/>\n<meta name=\"twitter:card\" content=\"summary_large_image\" \/>\n<meta name=\"twitter:label1\" content=\"Est. reading time\" \/>\n\t<meta name=\"twitter:data1\" content=\"1 minut\u0117\" \/>\n<script type=\"application\/ld+json\" class=\"yoast-schema-graph\">{\"@context\":\"https:\\\/\\\/schema.org\",\"@graph\":[{\"@type\":\"WebPage\",\"@id\":\"https:\\\/\\\/greenspells.com\\\/product\\\/ere-perez-aloe-gel-lash-brow-mascara-clear\\\/\",\"url\":\"https:\\\/\\\/greenspells.com\\\/product\\\/ere-perez-aloe-gel-lash-brow-mascara-clear\\\/\",\"name\":\"ERE PEREZ Aloe gel lash & brow mascara - clear - Greenspells\",\"isPartOf\":{\"@id\":\"https:\\\/\\\/greenspells.com\\\/#website\"},\"primaryImageOfPage\":{\"@id\":\"https:\\\/\\\/greenspells.com\\\/product\\\/ere-perez-aloe-gel-lash-brow-mascara-clear\\\/#primaryimage\"},\"image\":{\"@id\":\"https:\\\/\\\/greenspells.com\\\/product\\\/ere-perez-aloe-gel-lash-brow-mascara-clear\\\/#primaryimage\"},\"thumbnailUrl\":\"https:\\\/\\\/i0.wp.com\\\/greenspells.com\\\/wp-content\\\/uploads\\\/2022\\\/05\\\/aloe-vera-gel-mascara-820122_480x480%402x.jpg?fit=960%2C960&ssl=1\",\"datePublished\":\"2022-05-17T09:23:57+00:00\",\"dateModified\":\"2023-01-01T17:33:27+00:00\",\"description\":\"Give your brows and lashes some love with a conditioning formula that tames and adds a layer of shine!\",\"breadcrumb\":{\"@id\":\"https:\\\/\\\/greenspells.com\\\/product\\\/ere-perez-aloe-gel-lash-brow-mascara-clear\\\/#breadcrumb\"},\"inLanguage\":\"lt-LT\",\"potentialAction\":[{\"@type\":\"ReadAction\",\"target\":[\"https:\\\/\\\/greenspells.com\\\/product\\\/ere-perez-aloe-gel-lash-brow-mascara-clear\\\/\"]}]},{\"@type\":\"ImageObject\",\"inLanguage\":\"lt-LT\",\"@id\":\"https:\\\/\\\/greenspells.com\\\/product\\\/ere-perez-aloe-gel-lash-brow-mascara-clear\\\/#primaryimage\",\"url\":\"https:\\\/\\\/i0.wp.com\\\/greenspells.com\\\/wp-content\\\/uploads\\\/2022\\\/05\\\/aloe-vera-gel-mascara-820122_480x480%402x.jpg?fit=960%2C960&ssl=1\",\"contentUrl\":\"https:\\\/\\\/i0.wp.com\\\/greenspells.com\\\/wp-content\\\/uploads\\\/2022\\\/05\\\/aloe-vera-gel-mascara-820122_480x480%402x.jpg?fit=960%2C960&ssl=1\",\"width\":960,\"height\":960},{\"@type\":\"BreadcrumbList\",\"@id\":\"https:\\\/\\\/greenspells.com\\\/product\\\/ere-perez-aloe-gel-lash-brow-mascara-clear\\\/#breadcrumb\",\"itemListElement\":[{\"@type\":\"ListItem\",\"position\":1,\"name\":\"Home\",\"item\":\"https:\\\/\\\/greenspells.com\\\/\"},{\"@type\":\"ListItem\",\"position\":2,\"name\":\"Shop\",\"item\":\"https:\\\/\\\/greenspells.com\\\/shop\\\/\"},{\"@type\":\"ListItem\",\"position\":3,\"name\":\"ERE PEREZ Aloe gel lash &#038; brow mascara &#8211; clear\"}]},{\"@type\":\"WebSite\",\"@id\":\"https:\\\/\\\/greenspells.com\\\/#website\",\"url\":\"https:\\\/\\\/greenspells.com\\\/\",\"name\":\"Greenspells\",\"description\":\"Nat\u016brali ir ekologi\u0161ka kosmetika\",\"publisher\":{\"@id\":\"https:\\\/\\\/greenspells.com\\\/#organization\"},\"potentialAction\":[{\"@type\":\"SearchAction\",\"target\":{\"@type\":\"EntryPoint\",\"urlTemplate\":\"https:\\\/\\\/greenspells.com\\\/?s={search_term_string}\"},\"query-input\":{\"@type\":\"PropertyValueSpecification\",\"valueRequired\":true,\"valueName\":\"search_term_string\"}}],\"inLanguage\":\"lt-LT\"},{\"@type\":\"Organization\",\"@id\":\"https:\\\/\\\/greenspells.com\\\/#organization\",\"name\":\"Greenspells\",\"url\":\"https:\\\/\\\/greenspells.com\\\/\",\"logo\":{\"@type\":\"ImageObject\",\"inLanguage\":\"lt-LT\",\"@id\":\"https:\\\/\\\/greenspells.com\\\/#\\\/schema\\\/logo\\\/image\\\/\",\"url\":\"https:\\\/\\\/i0.wp.com\\\/greenspells.com\\\/wp-content\\\/uploads\\\/2020\\\/09\\\/20200722_153424_0000.png?fit=1500%2C1500&ssl=1\",\"contentUrl\":\"https:\\\/\\\/i0.wp.com\\\/greenspells.com\\\/wp-content\\\/uploads\\\/2020\\\/09\\\/20200722_153424_0000.png?fit=1500%2C1500&ssl=1\",\"width\":1500,\"height\":1500,\"caption\":\"Greenspells\"},\"image\":{\"@id\":\"https:\\\/\\\/greenspells.com\\\/#\\\/schema\\\/logo\\\/image\\\/\"},\"sameAs\":[\"https:\\\/\\\/www.facebook.com\\\/Greenspells\",\"https:\\\/\\\/www.instagram.com\\\/greenspells_store\\\/\"]}]}<\/script>\n<!-- \/ Yoast SEO plugin. -->","yoast_head_json":{"title":"ERE PEREZ  Aloe gel lash & brow mascara - clear - Greenspells","description":"Palepinkite savo antakius ir blakstienas \u0161iuo kondicionuojan\u010diu tu\u0161u, suteikian\u010dio blizgesio!","robots":{"index":"index","follow":"follow","max-snippet":"max-snippet:-1","max-image-preview":"max-image-preview:large","max-video-preview":"max-video-preview:-1"},"canonical":"https:\/\/greenspells.com\/lt\/produktas\/ere-perez-aloe-gel-lash-brow-mascara-clear\/","og_locale":"lt_LT","og_type":"article","og_title":"ERE PEREZ  Aloe gel lash & brow mascara - clear - Greenspells","og_description":"Give your brows and lashes some love with a conditioning formula that tames and adds a layer of shine!","og_url":"https:\/\/greenspells.com\/lt\/produktas\/ere-perez-aloe-gel-lash-brow-mascara-clear\/","og_site_name":"Greenspells","article_publisher":"https:\/\/www.facebook.com\/Greenspells","article_modified_time":"2023-01-01T17:33:27+00:00","og_image":[{"width":960,"height":960,"url":"https:\/\/greenspells.com\/wp-content\/uploads\/2022\/05\/aloe-vera-gel-mascara-820122_480x480@2x.jpg","type":"image\/jpeg"}],"twitter_card":"summary_large_image","twitter_misc":{"Est. reading time":"1 minut\u0117"},"schema":{"@context":"https:\/\/schema.org","@graph":[{"@type":"WebPage","@id":"https:\/\/greenspells.com\/product\/ere-perez-aloe-gel-lash-brow-mascara-clear\/","url":"https:\/\/greenspells.com\/product\/ere-perez-aloe-gel-lash-brow-mascara-clear\/","name":"ERE PEREZ Aloe gel lash & brow mascara - clear - Greenspells","isPartOf":{"@id":"https:\/\/greenspells.com\/#website"},"primaryImageOfPage":{"@id":"https:\/\/greenspells.com\/product\/ere-perez-aloe-gel-lash-brow-mascara-clear\/#primaryimage"},"image":{"@id":"https:\/\/greenspells.com\/product\/ere-perez-aloe-gel-lash-brow-mascara-clear\/#primaryimage"},"thumbnailUrl":"https:\/\/i0.wp.com\/greenspells.com\/wp-content\/uploads\/2022\/05\/aloe-vera-gel-mascara-820122_480x480%402x.jpg?fit=960%2C960&ssl=1","datePublished":"2022-05-17T09:23:57+00:00","dateModified":"2023-01-01T17:33:27+00:00","description":"Palepinkite savo antakius ir blakstienas \u0161iuo kondicionuojan\u010diu tu\u0161u, suteikian\u010dio blizgesio!","breadcrumb":{"@id":"https:\/\/greenspells.com\/product\/ere-perez-aloe-gel-lash-brow-mascara-clear\/#breadcrumb"},"inLanguage":"lt-LT","potentialAction":[{"@type":"ReadAction","target":["https:\/\/greenspells.com\/product\/ere-perez-aloe-gel-lash-brow-mascara-clear\/"]}]},{"@type":"ImageObject","inLanguage":"lt-LT","@id":"https:\/\/greenspells.com\/product\/ere-perez-aloe-gel-lash-brow-mascara-clear\/#primaryimage","url":"https:\/\/i0.wp.com\/greenspells.com\/wp-content\/uploads\/2022\/05\/aloe-vera-gel-mascara-820122_480x480%402x.jpg?fit=960%2C960&ssl=1","contentUrl":"https:\/\/i0.wp.com\/greenspells.com\/wp-content\/uploads\/2022\/05\/aloe-vera-gel-mascara-820122_480x480%402x.jpg?fit=960%2C960&ssl=1","width":960,"height":960},{"@type":"BreadcrumbList","@id":"https:\/\/greenspells.com\/product\/ere-perez-aloe-gel-lash-brow-mascara-clear\/#breadcrumb","itemListElement":[{"@type":"ListItem","position":1,"name":"Home","item":"https:\/\/greenspells.com\/"},{"@type":"ListItem","position":2,"name":"Shop","item":"https:\/\/greenspells.com\/shop\/"},{"@type":"ListItem","position":3,"name":"ERE PEREZ Aloe gel lash &#038; brow mascara &#8211; clear"}]},{"@type":"WebSite","@id":"https:\/\/greenspells.com\/#website","url":"https:\/\/greenspells.com\/","name":"Greenspells","description":"Nat\u016brali ir ekologi\u0161ka kosmetika","publisher":{"@id":"https:\/\/greenspells.com\/#organization"},"potentialAction":[{"@type":"SearchAction","target":{"@type":"EntryPoint","urlTemplate":"https:\/\/greenspells.com\/?s={search_term_string}"},"query-input":{"@type":"PropertyValueSpecification","valueRequired":true,"valueName":"search_term_string"}}],"inLanguage":"lt-LT"},{"@type":"Organization","@id":"https:\/\/greenspells.com\/#organization","name":"Greenspells","url":"https:\/\/greenspells.com\/","logo":{"@type":"ImageObject","inLanguage":"lt-LT","@id":"https:\/\/greenspells.com\/#\/schema\/logo\/image\/","url":"https:\/\/i0.wp.com\/greenspells.com\/wp-content\/uploads\/2020\/09\/20200722_153424_0000.png?fit=1500%2C1500&ssl=1","contentUrl":"https:\/\/i0.wp.com\/greenspells.com\/wp-content\/uploads\/2020\/09\/20200722_153424_0000.png?fit=1500%2C1500&ssl=1","width":1500,"height":1500,"caption":"Greenspells"},"image":{"@id":"https:\/\/greenspells.com\/#\/schema\/logo\/image\/"},"sameAs":["https:\/\/www.facebook.com\/Greenspells","https:\/\/www.instagram.com\/greenspells_store\/"]}]}},"jetpack_likes_enabled":true,"jetpack_sharing_enabled":true,"_links":{"self":[{"href":"https:\/\/greenspells.com\/lt\/wp-json\/wp\/v2\/product\/1670361","targetHints":{"allow":["GET"]}}],"collection":[{"href":"https:\/\/greenspells.com\/lt\/wp-json\/wp\/v2\/product"}],"about":[{"href":"https:\/\/greenspells.com\/lt\/wp-json\/wp\/v2\/types\/product"}],"replies":[{"embeddable":true,"href":"https:\/\/greenspells.com\/lt\/wp-json\/wp\/v2\/comments?post=1670361"}],"wp:featuredmedia":[{"embeddable":true,"href":"https:\/\/greenspells.com\/lt\/wp-json\/wp\/v2\/media\/1670363"}],"wp:attachment":[{"href":"https:\/\/greenspells.com\/lt\/wp-json\/wp\/v2\/media?parent=1670361"}],"wp:term":[{"taxonomy":"product_brand","embeddable":true,"href":"https:\/\/greenspells.com\/lt\/wp-json\/wp\/v2\/product_brand?post=1670361"},{"taxonomy":"product_cat","embeddable":true,"href":"https:\/\/greenspells.com\/lt\/wp-json\/wp\/v2\/product_cat?post=1670361"},{"taxonomy":"product_tag","embeddable":true,"href":"https:\/\/greenspells.com\/lt\/wp-json\/wp\/v2\/product_tag?post=1670361"}],"curies":[{"name":"wp","href":"https:\/\/api.w.org\/{rel}","templated":true}]}}