{"id":1670342,"date":"2022-05-17T10:53:19","date_gmt":"2022-05-17T08:53:19","guid":{"rendered":"https:\/\/greenspells.com\/?post_type=product&#038;p=1670342"},"modified":"2023-01-01T19:34:42","modified_gmt":"2023-01-01T17:34:42","slug":"ere-perez-mango-lip-honey","status":"publish","type":"product","link":"https:\/\/greenspells.com\/lt\/produktas\/ere-perez-mango-lip-honey\/","title":{"rendered":"ERE PEREZ <br> L\u016bp\u0173 blizgis MANGO LIP HONEY"},"content":{"rendered":"<p style=\"box-sizing: border-box; color: #000000; margin-bottom: 8.33333px; font-size: 0.93333em; font-family: 'Playfair Display';\">Vegani\u0161ki, nat\u016bral\u016bs l\u016bp\u0173 blizgiai, kurie privers jus suspind\u0117ti! Ne veltui jie vadinasi 'l\u016bp\u0173 medus'! \u017davingi 4 atspalviai.<\/p>\n<p style=\"box-sizing: border-box; color: #000000; margin-bottom: 8.33333px; font-size: 0.93333em; font-family: 'Playfair Display';\">Subtili spalva, intensyvus \u017evilgesys. Ultra-maitinantys, dr\u0117kinantys blizgiai, kurie dar ir ilgai i\u0161lieka. Laukiniai mango primaitina l\u016bpas vitaminais ir mineralais, jojoba aliejus \u0161velnina l\u016bpas.<\/p>\n<p>Nei\u0161sausins l\u016bp\u0173, vietoj to - suteiks sulting\u0105 dr\u0117kinim\u0105. Nuostabi, maloni tekst\u016bra, labai lengvai dengiasi. Puikiai tinka naudoti juos vienus, ar ant m\u0117gstamiausio l\u016bpda\u017eio, suteikiant l\u016bpoms papildomo putlumo.<\/p>\n<p style=\"box-sizing: border-box; color: #000000; margin-bottom: 8.33333px; font-size: 0.93333em; font-family: 'Playfair Display';\"><span style=\"box-sizing: border-box; font-weight: bold;\">Glaze:<\/span>\u00a0crystal clear<\/p>\n<p style=\"box-sizing: border-box; color: #000000; margin-bottom: 8.33333px; font-size: 0.93333em; font-family: 'Playfair Display';\"><span style=\"box-sizing: border-box; font-weight: bold;\">Chili:<\/span>\u00a0spicy nude<\/p>\n<p style=\"box-sizing: border-box; color: #000000; margin-bottom: 8.33333px; font-size: 0.93333em; font-family: 'Playfair Display';\"><span style=\"box-sizing: border-box; font-weight: bold;\">Pop:<\/span>\u00a0lollipop pink<\/p>\n<p style=\"box-sizing: border-box; color: #000000; margin-bottom: 8.33333px; font-size: 0.93333em; font-family: 'Playfair Display';\"><span style=\"box-sizing: border-box; font-weight: bold;\">Crush:<\/span>\u00a0boysenberry purple<\/p>\n<p>&nbsp;<\/p>\n<p>Size: 3ml<\/p>\n<p><em><strong>Ingredientai<\/strong><\/em>:<\/p>\n<p>Dimer dilinoleyl dimer, octyldodecyl stearoyl stearate, irvingia gabonensis (wild mango) kernel butter, simmondsia chinensis (jojoba) seed oil, tocopheryl acetate, hydrogenated coco-glycerides, aroma. May Contain +\/- octyldodecanol, polyglyceryl-3 diisostearate, glyceryl behenate\/eicosadioate, mica, pentaerythrityl tetraisostearate, tin oxide, diethylhexyl syringylidenemalonate, caprylic\/capric triglyceride, calcium sodium borosilicate, iron oxides, CI 77891, CI 45410, CI 42090.<\/p>","protected":false},"excerpt":{"rendered":"<p>Get glossed with vegan lip honey in 4 luscious shades! Wearable sheens add intense syrupy gloss and subtle colour. Ultra-nourishing hydration that stays on. Wild mango boosts lips with vitamins &amp; minerals. Jojoba seed oil softens delicate skin. Won\u2019t dry out lips, just adds a juicy moisture layer. Never goopy, the honey texture is sticky [&hellip;]<\/p>","protected":false},"featured_media":1670345,"comment_status":"open","ping_status":"closed","template":"","meta":{"content-type":"","_monsterinsights_skip_tracking":false,"_monsterinsights_sitenote_active":false,"_monsterinsights_sitenote_note":"","_monsterinsights_sitenote_category":0,"_uf_show_specific_survey":0,"_uf_disable_surveys":false},"product_brand":[],"product_cat":[132,42,15],"product_tag":[578,1152,186,1149,1076,1153,1151,1150,1154,1079],"class_list":{"0":"post-1670342","1":"product","2":"type-product","3":"status-publish","4":"has-post-thumbnail","6":"product_cat-lips","7":"product_cat-make-up","8":"product_cat-all-products","9":"product_tag-ere-perez","10":"product_tag-lupu-blizgis-naturalus-lupu-blizgis","11":"product_tag-lip-care","12":"product_tag-lip-gloss","13":"product_tag-naturalus-lupu-dazai","14":"product_tag-naturalus-lupu-blizgesys","15":"product_tag-natural-lip-colour","16":"product_tag-natural-lip-gloss","17":"product_tag-vegan-grozis","18":"product_tag-vegan-kosmetika","20":"first","21":"instock","22":"taxable","23":"shipping-taxable","24":"purchasable","25":"product-type-variable"},"bundled_by":[],"bundle_stock_status":"instock","bundle_stock_quantity":null,"bundle_virtual":false,"bundle_layout":"","bundle_add_to_cart_form_location":"","bundle_editable_in_cart":false,"bundle_sold_individually_context":"","bundle_item_grouping":"","bundle_min_size":"","bundle_max_size":"","bundle_price":[],"bundled_items":[],"bundle_sell_ids":[],"group_of_quantity":0,"min_quantity":0,"max_quantity":"","exclude_order_quantity_value_rules":"no","exclude_category_quantity_rules":"no","combine_variations":"no","exclude_global_add_ons":[],"addons":[],"yoast_head":"<!-- This site is optimized with the Yoast SEO plugin v27.4 - https:\/\/yoast.com\/product\/yoast-seo-wordpress\/ -->\n<title>ERE PEREZ  Mango lip honey - Greenspells<\/title>\n<meta name=\"description\" content=\"Get glossed with vegan lip honey in 4 luscious shades! Ultra-nourishing hydration that stays on.\" \/>\n<meta name=\"robots\" content=\"index, follow, max-snippet:-1, max-image-preview:large, max-video-preview:-1\" \/>\n<link rel=\"canonical\" href=\"https:\/\/greenspells.com\/lt\/produktas\/ere-perez-mango-lip-honey\/\" \/>\n<meta property=\"og:locale\" content=\"lt_LT\" \/>\n<meta property=\"og:type\" content=\"article\" \/>\n<meta property=\"og:title\" content=\"ERE PEREZ  Mango lip honey - Greenspells\" \/>\n<meta property=\"og:description\" content=\"Get glossed with vegan lip honey in 4 luscious shades! Ultra-nourishing hydration that stays on.\" \/>\n<meta property=\"og:url\" content=\"https:\/\/greenspells.com\/lt\/produktas\/ere-perez-mango-lip-honey\/\" \/>\n<meta property=\"og:site_name\" content=\"Greenspells\" \/>\n<meta property=\"article:publisher\" content=\"https:\/\/www.facebook.com\/Greenspells\" \/>\n<meta property=\"article:modified_time\" content=\"2023-01-01T17:34:42+00:00\" \/>\n<meta property=\"og:image\" content=\"https:\/\/greenspells.com\/wp-content\/uploads\/2022\/05\/mango-lip-honey-583371_480x480@2x.jpg\" \/>\n\t<meta property=\"og:image:width\" content=\"960\" \/>\n\t<meta property=\"og:image:height\" content=\"960\" \/>\n\t<meta property=\"og:image:type\" content=\"image\/jpeg\" \/>\n<meta name=\"twitter:card\" content=\"summary_large_image\" \/>\n<meta name=\"twitter:label1\" content=\"Est. reading time\" \/>\n\t<meta name=\"twitter:data1\" content=\"1 minut\u0117\" \/>\n<script type=\"application\/ld+json\" class=\"yoast-schema-graph\">{\"@context\":\"https:\\\/\\\/schema.org\",\"@graph\":[{\"@type\":\"WebPage\",\"@id\":\"https:\\\/\\\/greenspells.com\\\/product\\\/ere-perez-mango-lip-honey\\\/\",\"url\":\"https:\\\/\\\/greenspells.com\\\/product\\\/ere-perez-mango-lip-honey\\\/\",\"name\":\"ERE PEREZ Mango lip honey - Greenspells\",\"isPartOf\":{\"@id\":\"https:\\\/\\\/greenspells.com\\\/#website\"},\"primaryImageOfPage\":{\"@id\":\"https:\\\/\\\/greenspells.com\\\/product\\\/ere-perez-mango-lip-honey\\\/#primaryimage\"},\"image\":{\"@id\":\"https:\\\/\\\/greenspells.com\\\/product\\\/ere-perez-mango-lip-honey\\\/#primaryimage\"},\"thumbnailUrl\":\"https:\\\/\\\/i0.wp.com\\\/greenspells.com\\\/wp-content\\\/uploads\\\/2022\\\/05\\\/mango-lip-honey-583371_480x480%402x.jpg?fit=960%2C960&ssl=1\",\"datePublished\":\"2022-05-17T08:53:19+00:00\",\"dateModified\":\"2023-01-01T17:34:42+00:00\",\"description\":\"Get glossed with vegan lip honey in 4 luscious shades! Ultra-nourishing hydration that stays on.\",\"breadcrumb\":{\"@id\":\"https:\\\/\\\/greenspells.com\\\/product\\\/ere-perez-mango-lip-honey\\\/#breadcrumb\"},\"inLanguage\":\"lt-LT\",\"potentialAction\":[{\"@type\":\"ReadAction\",\"target\":[\"https:\\\/\\\/greenspells.com\\\/product\\\/ere-perez-mango-lip-honey\\\/\"]}]},{\"@type\":\"ImageObject\",\"inLanguage\":\"lt-LT\",\"@id\":\"https:\\\/\\\/greenspells.com\\\/product\\\/ere-perez-mango-lip-honey\\\/#primaryimage\",\"url\":\"https:\\\/\\\/i0.wp.com\\\/greenspells.com\\\/wp-content\\\/uploads\\\/2022\\\/05\\\/mango-lip-honey-583371_480x480%402x.jpg?fit=960%2C960&ssl=1\",\"contentUrl\":\"https:\\\/\\\/i0.wp.com\\\/greenspells.com\\\/wp-content\\\/uploads\\\/2022\\\/05\\\/mango-lip-honey-583371_480x480%402x.jpg?fit=960%2C960&ssl=1\",\"width\":960,\"height\":960},{\"@type\":\"BreadcrumbList\",\"@id\":\"https:\\\/\\\/greenspells.com\\\/product\\\/ere-perez-mango-lip-honey\\\/#breadcrumb\",\"itemListElement\":[{\"@type\":\"ListItem\",\"position\":1,\"name\":\"Home\",\"item\":\"https:\\\/\\\/greenspells.com\\\/\"},{\"@type\":\"ListItem\",\"position\":2,\"name\":\"Shop\",\"item\":\"https:\\\/\\\/greenspells.com\\\/shop\\\/\"},{\"@type\":\"ListItem\",\"position\":3,\"name\":\"ERE PEREZ Mango lip honey\"}]},{\"@type\":\"WebSite\",\"@id\":\"https:\\\/\\\/greenspells.com\\\/#website\",\"url\":\"https:\\\/\\\/greenspells.com\\\/\",\"name\":\"Greenspells\",\"description\":\"Nat\u016brali ir ekologi\u0161ka kosmetika\",\"publisher\":{\"@id\":\"https:\\\/\\\/greenspells.com\\\/#organization\"},\"potentialAction\":[{\"@type\":\"SearchAction\",\"target\":{\"@type\":\"EntryPoint\",\"urlTemplate\":\"https:\\\/\\\/greenspells.com\\\/?s={search_term_string}\"},\"query-input\":{\"@type\":\"PropertyValueSpecification\",\"valueRequired\":true,\"valueName\":\"search_term_string\"}}],\"inLanguage\":\"lt-LT\"},{\"@type\":\"Organization\",\"@id\":\"https:\\\/\\\/greenspells.com\\\/#organization\",\"name\":\"Greenspells\",\"url\":\"https:\\\/\\\/greenspells.com\\\/\",\"logo\":{\"@type\":\"ImageObject\",\"inLanguage\":\"lt-LT\",\"@id\":\"https:\\\/\\\/greenspells.com\\\/#\\\/schema\\\/logo\\\/image\\\/\",\"url\":\"https:\\\/\\\/i0.wp.com\\\/greenspells.com\\\/wp-content\\\/uploads\\\/2020\\\/09\\\/20200722_153424_0000.png?fit=1500%2C1500&ssl=1\",\"contentUrl\":\"https:\\\/\\\/i0.wp.com\\\/greenspells.com\\\/wp-content\\\/uploads\\\/2020\\\/09\\\/20200722_153424_0000.png?fit=1500%2C1500&ssl=1\",\"width\":1500,\"height\":1500,\"caption\":\"Greenspells\"},\"image\":{\"@id\":\"https:\\\/\\\/greenspells.com\\\/#\\\/schema\\\/logo\\\/image\\\/\"},\"sameAs\":[\"https:\\\/\\\/www.facebook.com\\\/Greenspells\",\"https:\\\/\\\/www.instagram.com\\\/greenspells_store\\\/\"]}]}<\/script>\n<!-- \/ Yoast SEO plugin. -->","yoast_head_json":{"title":"ERE PEREZ  Mango lip honey - Greenspells","description":"Get glossed with vegan lip honey in 4 luscious shades! Ultra-nourishing hydration that stays on.","robots":{"index":"index","follow":"follow","max-snippet":"max-snippet:-1","max-image-preview":"max-image-preview:large","max-video-preview":"max-video-preview:-1"},"canonical":"https:\/\/greenspells.com\/lt\/produktas\/ere-perez-mango-lip-honey\/","og_locale":"lt_LT","og_type":"article","og_title":"ERE PEREZ  Mango lip honey - Greenspells","og_description":"Get glossed with vegan lip honey in 4 luscious shades! Ultra-nourishing hydration that stays on.","og_url":"https:\/\/greenspells.com\/lt\/produktas\/ere-perez-mango-lip-honey\/","og_site_name":"Greenspells","article_publisher":"https:\/\/www.facebook.com\/Greenspells","article_modified_time":"2023-01-01T17:34:42+00:00","og_image":[{"width":960,"height":960,"url":"https:\/\/greenspells.com\/wp-content\/uploads\/2022\/05\/mango-lip-honey-583371_480x480@2x.jpg","type":"image\/jpeg"}],"twitter_card":"summary_large_image","twitter_misc":{"Est. reading time":"1 minut\u0117"},"schema":{"@context":"https:\/\/schema.org","@graph":[{"@type":"WebPage","@id":"https:\/\/greenspells.com\/product\/ere-perez-mango-lip-honey\/","url":"https:\/\/greenspells.com\/product\/ere-perez-mango-lip-honey\/","name":"ERE PEREZ Mango lip honey - Greenspells","isPartOf":{"@id":"https:\/\/greenspells.com\/#website"},"primaryImageOfPage":{"@id":"https:\/\/greenspells.com\/product\/ere-perez-mango-lip-honey\/#primaryimage"},"image":{"@id":"https:\/\/greenspells.com\/product\/ere-perez-mango-lip-honey\/#primaryimage"},"thumbnailUrl":"https:\/\/i0.wp.com\/greenspells.com\/wp-content\/uploads\/2022\/05\/mango-lip-honey-583371_480x480%402x.jpg?fit=960%2C960&ssl=1","datePublished":"2022-05-17T08:53:19+00:00","dateModified":"2023-01-01T17:34:42+00:00","description":"Get glossed with vegan lip honey in 4 luscious shades! Ultra-nourishing hydration that stays on.","breadcrumb":{"@id":"https:\/\/greenspells.com\/product\/ere-perez-mango-lip-honey\/#breadcrumb"},"inLanguage":"lt-LT","potentialAction":[{"@type":"ReadAction","target":["https:\/\/greenspells.com\/product\/ere-perez-mango-lip-honey\/"]}]},{"@type":"ImageObject","inLanguage":"lt-LT","@id":"https:\/\/greenspells.com\/product\/ere-perez-mango-lip-honey\/#primaryimage","url":"https:\/\/i0.wp.com\/greenspells.com\/wp-content\/uploads\/2022\/05\/mango-lip-honey-583371_480x480%402x.jpg?fit=960%2C960&ssl=1","contentUrl":"https:\/\/i0.wp.com\/greenspells.com\/wp-content\/uploads\/2022\/05\/mango-lip-honey-583371_480x480%402x.jpg?fit=960%2C960&ssl=1","width":960,"height":960},{"@type":"BreadcrumbList","@id":"https:\/\/greenspells.com\/product\/ere-perez-mango-lip-honey\/#breadcrumb","itemListElement":[{"@type":"ListItem","position":1,"name":"Home","item":"https:\/\/greenspells.com\/"},{"@type":"ListItem","position":2,"name":"Shop","item":"https:\/\/greenspells.com\/shop\/"},{"@type":"ListItem","position":3,"name":"ERE PEREZ Mango lip honey"}]},{"@type":"WebSite","@id":"https:\/\/greenspells.com\/#website","url":"https:\/\/greenspells.com\/","name":"Greenspells","description":"Nat\u016brali ir ekologi\u0161ka kosmetika","publisher":{"@id":"https:\/\/greenspells.com\/#organization"},"potentialAction":[{"@type":"SearchAction","target":{"@type":"EntryPoint","urlTemplate":"https:\/\/greenspells.com\/?s={search_term_string}"},"query-input":{"@type":"PropertyValueSpecification","valueRequired":true,"valueName":"search_term_string"}}],"inLanguage":"lt-LT"},{"@type":"Organization","@id":"https:\/\/greenspells.com\/#organization","name":"Greenspells","url":"https:\/\/greenspells.com\/","logo":{"@type":"ImageObject","inLanguage":"lt-LT","@id":"https:\/\/greenspells.com\/#\/schema\/logo\/image\/","url":"https:\/\/i0.wp.com\/greenspells.com\/wp-content\/uploads\/2020\/09\/20200722_153424_0000.png?fit=1500%2C1500&ssl=1","contentUrl":"https:\/\/i0.wp.com\/greenspells.com\/wp-content\/uploads\/2020\/09\/20200722_153424_0000.png?fit=1500%2C1500&ssl=1","width":1500,"height":1500,"caption":"Greenspells"},"image":{"@id":"https:\/\/greenspells.com\/#\/schema\/logo\/image\/"},"sameAs":["https:\/\/www.facebook.com\/Greenspells","https:\/\/www.instagram.com\/greenspells_store\/"]}]}},"jetpack_likes_enabled":true,"jetpack_sharing_enabled":true,"_links":{"self":[{"href":"https:\/\/greenspells.com\/lt\/wp-json\/wp\/v2\/product\/1670342","targetHints":{"allow":["GET"]}}],"collection":[{"href":"https:\/\/greenspells.com\/lt\/wp-json\/wp\/v2\/product"}],"about":[{"href":"https:\/\/greenspells.com\/lt\/wp-json\/wp\/v2\/types\/product"}],"replies":[{"embeddable":true,"href":"https:\/\/greenspells.com\/lt\/wp-json\/wp\/v2\/comments?post=1670342"}],"wp:featuredmedia":[{"embeddable":true,"href":"https:\/\/greenspells.com\/lt\/wp-json\/wp\/v2\/media\/1670345"}],"wp:attachment":[{"href":"https:\/\/greenspells.com\/lt\/wp-json\/wp\/v2\/media?parent=1670342"}],"wp:term":[{"taxonomy":"product_brand","embeddable":true,"href":"https:\/\/greenspells.com\/lt\/wp-json\/wp\/v2\/product_brand?post=1670342"},{"taxonomy":"product_cat","embeddable":true,"href":"https:\/\/greenspells.com\/lt\/wp-json\/wp\/v2\/product_cat?post=1670342"},{"taxonomy":"product_tag","embeddable":true,"href":"https:\/\/greenspells.com\/lt\/wp-json\/wp\/v2\/product_tag?post=1670342"}],"curies":[{"name":"wp","href":"https:\/\/api.w.org\/{rel}","templated":true}]}}