{"id":1670155,"date":"2022-03-15T09:02:46","date_gmt":"2022-03-15T07:02:46","guid":{"rendered":"https:\/\/greenspells.com\/?post_type=product&#038;p=1670155"},"modified":"2023-02-16T07:41:37","modified_gmt":"2023-02-16T05:41:37","slug":"ere-perez-argan-brow-hero-perfect","status":"publish","type":"product","link":"https:\/\/greenspells.com\/lt\/produktas\/ere-perez-argan-brow-hero-perfect\/","title":{"rendered":"ERE PEREZ <br> Antaki\u0173 da\u017eai ARGAN BROW HERO PERFECT"},"content":{"rendered":"<p><span style=\"color: #000000; font-family: 'Playfair Display'; font-size: 14px;\">Nat\u016bral\u016bs antaki\u0173 da\u017eai, kurie ne tik suteikia spalv\u0105, bet ir tankina, gra\u017eiai i\u0161ry\u0161kina antakius. Vienas atspalvis- tinkamas visiems!<\/span><\/p>\n<p style=\"box-sizing: border-box; color: #000000; margin-bottom: 8.33333px; font-size: 0.93333em; font-family: 'Playfair Display';\"><span style=\"box-sizing: border-box;\">Pilnesni, i\u0161rai\u0161kingi antakiai dabar gali b\u016bti j\u016bs\u0173! \u0160is daugiafunkcis antaki\u0173 gelis, su ma\u017ey\u010diais vegani\u0161kais plau\u0161eliais i\u0161ry\u0161kina, suteikia antakiams apimties. Plau\u0161eliai nat\u016braliai prisitaiko prie odos, suteikdami pilnesn\u0119 i\u0161vaizd\u0105 antakiams, u\u017epildo tu\u0161\u010dias vietas. Tinka ir ploniems, retiems antakiams.\nArgano aliejus kondicionuoja, puosel\u0117ja antakius. \nVienas, universalus atspalvis, tinkantis prie \u012fvairi\u0173 plauk\u0173 ir odos atspalvi\u0173.\u00a0<\/span><\/p>\n<p style=\"box-sizing: border-box; color: #000000; margin-bottom: 8.33333px; font-size: 0.93333em; font-family: 'Playfair Display';\">\n<p style=\"box-sizing: border-box; color: #000000; margin-bottom: 8.33333px; font-size: 0.93333em; font-family: 'Playfair Display';\"><span style=\"box-sizing: border-box; font-weight: bold;\">Argano aliejus<\/span><\/p>\n<p style=\"box-sizing: border-box; color: #000000; margin-bottom: 8.33333px; font-size: 0.93333em; font-family: 'Playfair Display';\">I\u0161gautas i\u0161 argano med\u017eio branduoli\u0173. Aliejuje gausu riebi\u0173j\u0173 r\u016bg\u0161\u010di\u0173, omega 3 ir 6, Vitamino E ir stipri\u0173 antioksidant\u0173.<\/p>\n<p><em><strong>Kaip naudoti?<\/strong><\/em><\/p>\n<ol style=\"box-sizing: border-box; margin-bottom: 7.5px; margin-left: 18px; color: #000000; font-family: 'Playfair Display'; font-size: 15px;\">\n<li style=\"box-sizing: border-box; list-style: inherit; margin-bottom: 4px;\">\n<p style=\"box-sizing: border-box; margin-bottom: 0px; font-size: 0.93333em;\">Panardinkite \u0161epet\u0117l\u012f \u012f da\u017eus, nubraukite pertekli\u0173, \u0161ukuokite antakius trumpais judesiais \u012f vir\u0161\u0173, nuo vidin\u0117s antaki\u0173 pus\u0117s, \u012f i\u0161or\u0119.<\/p>\n<\/li>\n<li style=\"box-sizing: border-box; list-style: inherit; margin-bottom: 4px;\">\n<p style=\"box-sizing: border-box; margin-bottom: 0px; font-size: 0.93333em;\">Kartokite, kol pasieksite norim\u0105 rezultat\u0105.<\/p>\n<\/li>\n<li style=\"box-sizing: border-box; list-style: inherit; margin-bottom: 0px;\">Galima naudoti ir po antaki\u0173 pie\u0161tuko<\/li>\n<\/ol>\n<p>Info:\u00a0<span style=\"color: #000000; font-family: 'Playfair Display'; font-size: 14px;\">Australia. 3,5 ml. Vegan, natural, cruelty-free.\u00a0<\/span><\/p>\n<p><em><strong>Ingredientai<\/strong><\/em>:<\/p>\n<p><span style=\"color: #000000; font-family: 'Playfair Display'; font-size: 14px;\">Aqua, propanediol, pullulan, mica, microcrystalline cellulose, nylon-66, xanthan gum, ricinus communis (castor) seed oil, argania spinosa (argan) kernel oil, panthenol, 1,2-hexanediol, caprylyl glycol, cellulose gum, potassium sorbate, sodium gluconate, silica. May contain +\/- CI 77491, CI 77492, CI 77499, CI 77891.\u00a0<\/span><\/p>\n<p>&nbsp;<\/p>","protected":false},"excerpt":{"rendered":"<p>Tint, tame and thicken brows naturally. One shade fits all! Fuller brows are yours! This one-for-all tinted textured gel \u2013 with tiny vegan fibres \u2013 boosts your brows &amp; adds volume. The fibres adhere to skin + hair for a fuller look, gaps are filled in, you can feather, embrace messy brows and get your [&hellip;]<\/p>\n","protected":false},"featured_media":1670159,"comment_status":"open","ping_status":"closed","template":"","meta":{"content-type":"","_monsterinsights_skip_tracking":false,"_monsterinsights_sitenote_active":false,"_monsterinsights_sitenote_note":"","_monsterinsights_sitenote_category":0,"_uf_show_specific_survey":0,"_uf_disable_surveys":false},"product_brand":[],"product_cat":[131,42,15],"product_tag":[1104,1106,1099,1101,1105,1098,1100,494,1103,1102,461,1107],"class_list":{"0":"post-1670155","1":"product","2":"type-product","3":"status-publish","4":"has-post-thumbnail","6":"product_cat-eyes","7":"product_cat-make-up","8":"product_cat-all-products","9":"product_tag-antakiai","10":"product_tag-antakiu-dazai","11":"product_tag-brow-bero","12":"product_tag-brow-colour","13":"product_tag-dazai-antakiams","14":"product_tag-ere-oerez","15":"product_tag-eye-brow","16":"product_tag-greenspells","17":"product_tag-natural-brow","18":"product_tag-natural-eye-brow","19":"product_tag-naturali-kosmetika","20":"product_tag-naturalus-antakiu-dazai","22":"first","23":"instock","24":"taxable","25":"shipping-taxable","26":"purchasable","27":"product-type-simple"},"bundled_by":[],"bundle_stock_status":"instock","bundle_stock_quantity":null,"bundle_virtual":false,"bundle_layout":"","bundle_add_to_cart_form_location":"","bundle_editable_in_cart":false,"bundle_sold_individually_context":"","bundle_item_grouping":"","bundle_min_size":"","bundle_max_size":"","bundle_price":[],"bundled_items":[],"bundle_sell_ids":[],"group_of_quantity":0,"min_quantity":0,"max_quantity":"","exclude_order_quantity_value_rules":"no","exclude_category_quantity_rules":"no","combine_variations":"no","exclude_global_add_ons":[],"addons":[],"yoast_head":"<!-- This site is optimized with the Yoast SEO plugin v27.6 - https:\/\/yoast.com\/product\/yoast-seo-wordpress\/ -->\n<title>ERE PEREZ  Argan brow hero PERFECT - Greenspells<\/title>\n<meta name=\"description\" content=\"Fuller brows are yours! This one-for-all tinted textured gel \u2013 with tiny vegan fibres \u2013 boosts your brows &amp; adds volume.\" \/>\n<meta name=\"robots\" content=\"index, follow, max-snippet:-1, max-image-preview:large, max-video-preview:-1\" \/>\n<link rel=\"canonical\" href=\"https:\/\/greenspells.com\/lt\/produktas\/ere-perez-argan-brow-hero-perfect\/\" \/>\n<meta property=\"og:locale\" content=\"lt_LT\" \/>\n<meta property=\"og:type\" content=\"article\" \/>\n<meta property=\"og:title\" content=\"ERE PEREZ  Argan brow hero PERFECT - Greenspells\" \/>\n<meta property=\"og:description\" content=\"Fuller brows are yours! This one-for-all tinted textured gel \u2013 with tiny vegan fibres \u2013 boosts your brows &amp; adds volume.\" \/>\n<meta property=\"og:url\" content=\"https:\/\/greenspells.com\/lt\/produktas\/ere-perez-argan-brow-hero-perfect\/\" \/>\n<meta property=\"og:site_name\" content=\"Greenspells\" \/>\n<meta property=\"article:publisher\" content=\"https:\/\/www.facebook.com\/Greenspells\" \/>\n<meta property=\"article:modified_time\" content=\"2023-02-16T05:41:37+00:00\" \/>\n<meta property=\"og:image\" content=\"https:\/\/greenspells.com\/wp-content\/uploads\/2022\/03\/Untitleddesign-2021-02-15T113510.596_480x480@2x.png\" \/>\n\t<meta property=\"og:image:width\" content=\"960\" \/>\n\t<meta property=\"og:image:height\" content=\"960\" \/>\n\t<meta property=\"og:image:type\" content=\"image\/png\" \/>\n<meta name=\"twitter:card\" content=\"summary_large_image\" \/>\n<meta name=\"twitter:label1\" content=\"Est. reading time\" \/>\n\t<meta name=\"twitter:data1\" content=\"1 minut\u0117\" \/>\n<script type=\"application\/ld+json\" class=\"yoast-schema-graph\">{\"@context\":\"https:\\\/\\\/schema.org\",\"@graph\":[{\"@type\":\"WebPage\",\"@id\":\"https:\\\/\\\/greenspells.com\\\/product\\\/ere-perez-argan-brow-hero-perfect\\\/\",\"url\":\"https:\\\/\\\/greenspells.com\\\/product\\\/ere-perez-argan-brow-hero-perfect\\\/\",\"name\":\"ERE PEREZ Argan brow hero PERFECT - Greenspells\",\"isPartOf\":{\"@id\":\"https:\\\/\\\/greenspells.com\\\/#website\"},\"primaryImageOfPage\":{\"@id\":\"https:\\\/\\\/greenspells.com\\\/product\\\/ere-perez-argan-brow-hero-perfect\\\/#primaryimage\"},\"image\":{\"@id\":\"https:\\\/\\\/greenspells.com\\\/product\\\/ere-perez-argan-brow-hero-perfect\\\/#primaryimage\"},\"thumbnailUrl\":\"https:\\\/\\\/i0.wp.com\\\/greenspells.com\\\/wp-content\\\/uploads\\\/2022\\\/03\\\/Untitleddesign-2021-02-15T113510.596_480x480%402x.png?fit=960%2C960&ssl=1\",\"datePublished\":\"2022-03-15T07:02:46+00:00\",\"dateModified\":\"2023-02-16T05:41:37+00:00\",\"description\":\"Fuller brows are yours! This one-for-all tinted textured gel \u2013 with tiny vegan fibres \u2013 boosts your brows & adds volume.\",\"breadcrumb\":{\"@id\":\"https:\\\/\\\/greenspells.com\\\/product\\\/ere-perez-argan-brow-hero-perfect\\\/#breadcrumb\"},\"inLanguage\":\"lt-LT\",\"potentialAction\":[{\"@type\":\"ReadAction\",\"target\":[\"https:\\\/\\\/greenspells.com\\\/product\\\/ere-perez-argan-brow-hero-perfect\\\/\"]}]},{\"@type\":\"ImageObject\",\"inLanguage\":\"lt-LT\",\"@id\":\"https:\\\/\\\/greenspells.com\\\/product\\\/ere-perez-argan-brow-hero-perfect\\\/#primaryimage\",\"url\":\"https:\\\/\\\/i0.wp.com\\\/greenspells.com\\\/wp-content\\\/uploads\\\/2022\\\/03\\\/Untitleddesign-2021-02-15T113510.596_480x480%402x.png?fit=960%2C960&ssl=1\",\"contentUrl\":\"https:\\\/\\\/i0.wp.com\\\/greenspells.com\\\/wp-content\\\/uploads\\\/2022\\\/03\\\/Untitleddesign-2021-02-15T113510.596_480x480%402x.png?fit=960%2C960&ssl=1\",\"width\":960,\"height\":960},{\"@type\":\"BreadcrumbList\",\"@id\":\"https:\\\/\\\/greenspells.com\\\/product\\\/ere-perez-argan-brow-hero-perfect\\\/#breadcrumb\",\"itemListElement\":[{\"@type\":\"ListItem\",\"position\":1,\"name\":\"Home\",\"item\":\"https:\\\/\\\/greenspells.com\\\/\"},{\"@type\":\"ListItem\",\"position\":2,\"name\":\"Shop\",\"item\":\"https:\\\/\\\/greenspells.com\\\/shop\\\/\"},{\"@type\":\"ListItem\",\"position\":3,\"name\":\"ERE PEREZ Argan brow hero PERFECT\"}]},{\"@type\":\"WebSite\",\"@id\":\"https:\\\/\\\/greenspells.com\\\/#website\",\"url\":\"https:\\\/\\\/greenspells.com\\\/\",\"name\":\"Greenspells\",\"description\":\"Nat\u016brali ir ekologi\u0161ka kosmetika\",\"publisher\":{\"@id\":\"https:\\\/\\\/greenspells.com\\\/#organization\"},\"potentialAction\":[{\"@type\":\"SearchAction\",\"target\":{\"@type\":\"EntryPoint\",\"urlTemplate\":\"https:\\\/\\\/greenspells.com\\\/?s={search_term_string}\"},\"query-input\":{\"@type\":\"PropertyValueSpecification\",\"valueRequired\":true,\"valueName\":\"search_term_string\"}}],\"inLanguage\":\"lt-LT\"},{\"@type\":\"Organization\",\"@id\":\"https:\\\/\\\/greenspells.com\\\/#organization\",\"name\":\"Greenspells\",\"url\":\"https:\\\/\\\/greenspells.com\\\/\",\"logo\":{\"@type\":\"ImageObject\",\"inLanguage\":\"lt-LT\",\"@id\":\"https:\\\/\\\/greenspells.com\\\/#\\\/schema\\\/logo\\\/image\\\/\",\"url\":\"https:\\\/\\\/i0.wp.com\\\/greenspells.com\\\/wp-content\\\/uploads\\\/2020\\\/09\\\/20200722_153424_0000.png?fit=1500%2C1500&ssl=1\",\"contentUrl\":\"https:\\\/\\\/i0.wp.com\\\/greenspells.com\\\/wp-content\\\/uploads\\\/2020\\\/09\\\/20200722_153424_0000.png?fit=1500%2C1500&ssl=1\",\"width\":1500,\"height\":1500,\"caption\":\"Greenspells\"},\"image\":{\"@id\":\"https:\\\/\\\/greenspells.com\\\/#\\\/schema\\\/logo\\\/image\\\/\"},\"sameAs\":[\"https:\\\/\\\/www.facebook.com\\\/Greenspells\",\"https:\\\/\\\/www.instagram.com\\\/greenspells_store\\\/\"]}]}<\/script>\n<!-- \/ Yoast SEO plugin. -->","yoast_head_json":{"title":"ERE PEREZ  Argan brow hero PERFECT - Greenspells","description":"Fuller brows are yours! This one-for-all tinted textured gel \u2013 with tiny vegan fibres \u2013 boosts your brows & adds volume.","robots":{"index":"index","follow":"follow","max-snippet":"max-snippet:-1","max-image-preview":"max-image-preview:large","max-video-preview":"max-video-preview:-1"},"canonical":"https:\/\/greenspells.com\/lt\/produktas\/ere-perez-argan-brow-hero-perfect\/","og_locale":"lt_LT","og_type":"article","og_title":"ERE PEREZ  Argan brow hero PERFECT - Greenspells","og_description":"Fuller brows are yours! This one-for-all tinted textured gel \u2013 with tiny vegan fibres \u2013 boosts your brows & adds volume.","og_url":"https:\/\/greenspells.com\/lt\/produktas\/ere-perez-argan-brow-hero-perfect\/","og_site_name":"Greenspells","article_publisher":"https:\/\/www.facebook.com\/Greenspells","article_modified_time":"2023-02-16T05:41:37+00:00","og_image":[{"width":960,"height":960,"url":"https:\/\/greenspells.com\/wp-content\/uploads\/2022\/03\/Untitleddesign-2021-02-15T113510.596_480x480@2x.png","type":"image\/png"}],"twitter_card":"summary_large_image","twitter_misc":{"Est. reading time":"1 minut\u0117"},"schema":{"@context":"https:\/\/schema.org","@graph":[{"@type":"WebPage","@id":"https:\/\/greenspells.com\/product\/ere-perez-argan-brow-hero-perfect\/","url":"https:\/\/greenspells.com\/product\/ere-perez-argan-brow-hero-perfect\/","name":"ERE PEREZ Argan brow hero PERFECT - Greenspells","isPartOf":{"@id":"https:\/\/greenspells.com\/#website"},"primaryImageOfPage":{"@id":"https:\/\/greenspells.com\/product\/ere-perez-argan-brow-hero-perfect\/#primaryimage"},"image":{"@id":"https:\/\/greenspells.com\/product\/ere-perez-argan-brow-hero-perfect\/#primaryimage"},"thumbnailUrl":"https:\/\/i0.wp.com\/greenspells.com\/wp-content\/uploads\/2022\/03\/Untitleddesign-2021-02-15T113510.596_480x480%402x.png?fit=960%2C960&ssl=1","datePublished":"2022-03-15T07:02:46+00:00","dateModified":"2023-02-16T05:41:37+00:00","description":"Fuller brows are yours! This one-for-all tinted textured gel \u2013 with tiny vegan fibres \u2013 boosts your brows & adds volume.","breadcrumb":{"@id":"https:\/\/greenspells.com\/product\/ere-perez-argan-brow-hero-perfect\/#breadcrumb"},"inLanguage":"lt-LT","potentialAction":[{"@type":"ReadAction","target":["https:\/\/greenspells.com\/product\/ere-perez-argan-brow-hero-perfect\/"]}]},{"@type":"ImageObject","inLanguage":"lt-LT","@id":"https:\/\/greenspells.com\/product\/ere-perez-argan-brow-hero-perfect\/#primaryimage","url":"https:\/\/i0.wp.com\/greenspells.com\/wp-content\/uploads\/2022\/03\/Untitleddesign-2021-02-15T113510.596_480x480%402x.png?fit=960%2C960&ssl=1","contentUrl":"https:\/\/i0.wp.com\/greenspells.com\/wp-content\/uploads\/2022\/03\/Untitleddesign-2021-02-15T113510.596_480x480%402x.png?fit=960%2C960&ssl=1","width":960,"height":960},{"@type":"BreadcrumbList","@id":"https:\/\/greenspells.com\/product\/ere-perez-argan-brow-hero-perfect\/#breadcrumb","itemListElement":[{"@type":"ListItem","position":1,"name":"Home","item":"https:\/\/greenspells.com\/"},{"@type":"ListItem","position":2,"name":"Shop","item":"https:\/\/greenspells.com\/shop\/"},{"@type":"ListItem","position":3,"name":"ERE PEREZ Argan brow hero PERFECT"}]},{"@type":"WebSite","@id":"https:\/\/greenspells.com\/#website","url":"https:\/\/greenspells.com\/","name":"Greenspells","description":"Nat\u016brali ir ekologi\u0161ka kosmetika","publisher":{"@id":"https:\/\/greenspells.com\/#organization"},"potentialAction":[{"@type":"SearchAction","target":{"@type":"EntryPoint","urlTemplate":"https:\/\/greenspells.com\/?s={search_term_string}"},"query-input":{"@type":"PropertyValueSpecification","valueRequired":true,"valueName":"search_term_string"}}],"inLanguage":"lt-LT"},{"@type":"Organization","@id":"https:\/\/greenspells.com\/#organization","name":"Greenspells","url":"https:\/\/greenspells.com\/","logo":{"@type":"ImageObject","inLanguage":"lt-LT","@id":"https:\/\/greenspells.com\/#\/schema\/logo\/image\/","url":"https:\/\/i0.wp.com\/greenspells.com\/wp-content\/uploads\/2020\/09\/20200722_153424_0000.png?fit=1500%2C1500&ssl=1","contentUrl":"https:\/\/i0.wp.com\/greenspells.com\/wp-content\/uploads\/2020\/09\/20200722_153424_0000.png?fit=1500%2C1500&ssl=1","width":1500,"height":1500,"caption":"Greenspells"},"image":{"@id":"https:\/\/greenspells.com\/#\/schema\/logo\/image\/"},"sameAs":["https:\/\/www.facebook.com\/Greenspells","https:\/\/www.instagram.com\/greenspells_store\/"]}]}},"jetpack_likes_enabled":true,"jetpack_sharing_enabled":true,"_links":{"self":[{"href":"https:\/\/greenspells.com\/lt\/wp-json\/wp\/v2\/product\/1670155","targetHints":{"allow":["GET"]}}],"collection":[{"href":"https:\/\/greenspells.com\/lt\/wp-json\/wp\/v2\/product"}],"about":[{"href":"https:\/\/greenspells.com\/lt\/wp-json\/wp\/v2\/types\/product"}],"replies":[{"embeddable":true,"href":"https:\/\/greenspells.com\/lt\/wp-json\/wp\/v2\/comments?post=1670155"}],"wp:featuredmedia":[{"embeddable":true,"href":"https:\/\/greenspells.com\/lt\/wp-json\/wp\/v2\/media\/1670159"}],"wp:attachment":[{"href":"https:\/\/greenspells.com\/lt\/wp-json\/wp\/v2\/media?parent=1670155"}],"wp:term":[{"taxonomy":"product_brand","embeddable":true,"href":"https:\/\/greenspells.com\/lt\/wp-json\/wp\/v2\/product_brand?post=1670155"},{"taxonomy":"product_cat","embeddable":true,"href":"https:\/\/greenspells.com\/lt\/wp-json\/wp\/v2\/product_cat?post=1670155"},{"taxonomy":"product_tag","embeddable":true,"href":"https:\/\/greenspells.com\/lt\/wp-json\/wp\/v2\/product_tag?post=1670155"}],"curies":[{"name":"wp","href":"https:\/\/api.w.org\/{rel}","templated":true}]}}