{"id":1670062,"date":"2022-02-19T18:05:21","date_gmt":"2022-02-19T16:05:21","guid":{"rendered":"https:\/\/greenspells.com\/?post_type=product&#038;p=1670062"},"modified":"2025-04-10T09:05:31","modified_gmt":"2025-04-10T07:05:31","slug":"ere-perez-cacao-crayon","status":"publish","type":"product","link":"https:\/\/greenspells.com\/lt\/produktas\/ere-perez-cacao-crayon\/","title":{"rendered":"ERE PEREZ <br> Kreidel\u0117s -pie\u0161tukai l\u016bpoms"},"content":{"rendered":"<p>Ar pasiruo\u0161\u0119 nat\u016bralioms spalvoms? \u0160ios nat\u016bralios sud\u0117ties kreidel\u0117s - l\u016bp\u0173 pie\u0161tukai suteikia nuostabias matines spalvas. Pilno padengimo, sodrios spalvos.<\/p>\n<p>Dr\u0117kinantys, puosel\u0117jantys ingredientai pad\u0117s i\u0161laikyti l\u016bpas pridr\u0117kintas ir sultingas vis\u0105 dien\u0105! Kokos\u0173 aliejus saugo, atstato. Baobab\u0173 s\u0117kly\u010di\u0173 akiejus - stebuklingas antioksidant\u0173, Vitamin\u0173 A, B, C ir omega 3, 6, 9 ir riebi\u0173j\u0173 r\u016bg\u0161\u010di\u0173 \u0161altinis! \nKreidel\u0117s plonos, labai patogios naudoti, lengvai slysta, dengiasi, i\u0161ry\u0161kina l\u016bpas. Galima naudoti ir kaip skaistalus skruostams. \nBe plastiko, zero waste, vegan, carbon neutral, cruelty-free.<\/p>\n<p><em><strong>Atspalviai:<\/strong><\/em><\/p>\n<p><strong>Grace<\/strong>\u00a0\u2013 rosy taupe<\/p>\n<p><strong>Charm<\/strong>\u00a0\u2013 burnt peach<\/p>\n<p><strong>Brave<\/strong>\u00a0\u2013 tawny toffee<\/p>\n<p><strong>Wild<\/strong>\u00a0\u2013 deep saffron<\/p>\n<p><strong>Heart<\/strong>\u00a0\u2013 pomegranate red<\/p>\n<p><strong>Rebel<\/strong>\u00a0\u2013 berry burgundy<\/p>\n<p style=\"-webkit-font-smoothing: antialiased; margin-top: 24px; color: #000000; font-family: Lato, sans-serif; font-size: 15px; box-sizing: border-box !important;\"><strong><span style=\"-webkit-font-smoothing: antialiased; box-sizing: border-box !important;\">Babe<\/span><\/strong>\u00a0&#8211; perfectly pink<\/p>\n<p style=\"-webkit-font-smoothing: antialiased; margin-top: 24px; color: #000000; font-family: Lato, sans-serif; font-size: 15px; box-sizing: border-box !important;\"><strong><span style=\"-webkit-font-smoothing: antialiased; box-sizing: border-box !important;\">Siren<\/span><\/strong>\u00a0&#8211; spicy watermelon<\/p>\n<p style=\"-webkit-font-smoothing: antialiased; margin-top: 24px; color: #000000; font-family: Lato, sans-serif; font-size: 15px; box-sizing: border-box !important;\"><strong><span style=\"-webkit-font-smoothing: antialiased; box-sizing: border-box !important;\">Spark<\/span><\/strong>\u00a0&#8211; electric orange-red<\/p>\n<p><em><strong>Kaip naudoti?<\/strong><\/em><\/p>\n<p>Geriausiems rezultatams pasmailinkite dro\u017etuku,<br \/>\nApveskite l\u016bp\u0173 kont\u016br\u0105, da\u017eykite vis\u0105 plot\u0105,<br \/>\nPuikiai tinka skuostams, naudoti kaip skaistalus.<\/p>\n<p><em><strong>Ingredientai<\/strong><\/em>:<\/p>\n<p><strong>Grace:\u00a0<\/strong>octyldodecyl stearoyl stearate, cocos nucifera (coconut) oil, c10-18 triglycerides, copernicia cerifera (carnauba) wax, silica, hydrogenated vegetable oil, polyglyceryl-3 diisostearate, adansonia digitata (baobab) seed oil, oryzanol, glyceryl undecylenate, tocopherol (vitamin E), kaolin. May contain +\/- CI 77491, CI 77492, CI 77891, CI 77742, CI 15850.<\/p>\n<p><strong>Charm:\u00a0<\/strong>octyldodecyl stearoyl stearate, cocos nucifera (coconut) oil, c10-18 triglycerides, copernicia cerifera (carnauba) wax, silica, hydrogenated vegetable oil, polyglyceryl-3 diisostearate, adansonia digitata (baobab) seed oil, oryzanol, glyceryl undecylenate, tocopherol (vitamin E), kaolin. May contain +\/- CI 77491, CI 77492, CI 77891, CI 77742, CI 15850.<\/p>\n<p><strong>Brave:<\/strong>\u00a0octyldodecyl stearoyl stearate, cocos nucifera (coconut) oil, c10-18 triglycerides, copernicia cerifera (carnauba) wax, silica, hydrogenated vegetable oil, polyglyceryl-3 diisostearate, adansonia digitata (baobab) seed oil, oryzanol, glyceryl undecylenate, tocopherol (vitamin E). May contain +\/- CI 77491, CI 77492, CI 77499, CI 77891, CI 15850.<\/p>\n<p><strong>Wild:<\/strong>\u00a0octyldodecyl stearoyl stearate, cocos nucifera (coconut) oil, c10-18 triglycerides, copernicia cerifera (carnauba) wax, silica, hydrogenated vegetable oil, polyglyceryl-3 diisostearate, adansonia digitata (baobab) seed oil, oryzanol, glyceryl undecylenate, tocopherol (vitamin E). May contain +\/- CI 77491, CI 77492, CI 77499, CI 77891, CI 15850.<\/p>\n<p><strong>Heart:\u00a0<\/strong>octyldodecyl stearoyl stearate, cocos nucifera (coconut) oil, c10-18 triglycerides, copernicia cerifera (carnauba) wax, silica, hydrogenated vegetable oil, polyglyceryl-3 diisostearate, adansonia digitata (baobab) seed oil, oryzanol, glyceryl undecylenate, tocopherol (vitamin E). May contain +\/- CI 77491, CI 77492, CI 77499, CI 77891, CI 15850.<\/p>\n<p><strong>Rebel:<\/strong>\u00a0octyldodecyl stearoyl stearate, cocos nucifera (coconut) oil, c10-18 triglycerides, copernicia cerifera (carnauba) wax, silica, hydrogenated vegetable oil, polyglyceryl-3 diisostearate, adansonia digitata (baobab) seed oil, oryzanol, glyceryl undecylenate, tocopherol (vitamin E). May contain +\/- CI 77491, CI 77492, CI 77499, CI 77891, CI 15850.<\/p>\n<p>&nbsp;<\/p>","protected":false},"excerpt":{"rendered":"<p>Get into natural glide-on colour! This full coverage natural lip crayon provides max matte colour. Hydrating and conditioning ingredients keep your lips moisturised and juicy all day long. Coconut oil protects and repairs skin. Also featuring baobab seed oil \u2013 a wonder tree full of antioxidants, vitamin A,B,C &amp; omegas 3,6,9 and fatty acids. Get [&hellip;]<\/p>\n","protected":false},"featured_media":1670067,"comment_status":"open","ping_status":"closed","template":"","meta":{"content-type":"","_monsterinsights_skip_tracking":false,"_monsterinsights_sitenote_active":false,"_monsterinsights_sitenote_note":"","_monsterinsights_sitenote_category":0,"_uf_show_specific_survey":0,"_uf_disable_surveys":false},"product_brand":[],"product_cat":[1328,133,132,42,15],"product_tag":[578,1075,1118,1071,1076,1078,1077,1073,312,461,1119,1079,1072,314],"class_list":{"0":"post-1670062","1":"product","2":"type-product","3":"status-publish","4":"has-post-thumbnail","6":"product_cat-babyblog-top","7":"product_cat-complexion","8":"product_cat-lips","9":"product_cat-make-up","10":"product_cat-all-products","11":"product_tag-ere-perez","12":"product_tag-kreidele-lupoms","13":"product_tag-lupu-piestukas","14":"product_tag-lip-crayon","15":"product_tag-naturalus-lupu-dazai","16":"product_tag-naturalus-lupu-piestukas","17":"product_tag-naturalus-lupdazis","18":"product_tag-natural-lip-liner","19":"product_tag-natural-lipstick","20":"product_tag-naturali-kosmetika","21":"product_tag-piestukas-lupoms","22":"product_tag-vegan-kosmetika","23":"product_tag-vegan-lip-liner","24":"product_tag-vegan-lipstick","26":"first","27":"instock","28":"taxable","29":"shipping-taxable","30":"purchasable","31":"product-type-variable"},"bundled_by":[],"bundle_stock_status":"instock","bundle_stock_quantity":null,"bundle_virtual":false,"bundle_layout":"","bundle_add_to_cart_form_location":"","bundle_editable_in_cart":false,"bundle_sold_individually_context":"","bundle_item_grouping":"","bundle_min_size":"","bundle_max_size":"","bundle_price":[],"bundled_items":[],"bundle_sell_ids":[],"group_of_quantity":0,"min_quantity":0,"max_quantity":"","exclude_order_quantity_value_rules":"no","exclude_category_quantity_rules":"no","combine_variations":"no","exclude_global_add_ons":[],"addons":[],"yoast_head":"<!-- This site is optimized with the Yoast SEO plugin v27.4 - https:\/\/yoast.com\/product\/yoast-seo-wordpress\/ -->\n<title>ERE PEREZ  Coco crayon - Greenspells<\/title>\n<meta name=\"description\" content=\"Get into natural glide-on colour! Full coverage, max matte colour natural lip crayons.\" \/>\n<meta name=\"robots\" content=\"index, follow, max-snippet:-1, max-image-preview:large, max-video-preview:-1\" \/>\n<link rel=\"canonical\" href=\"https:\/\/greenspells.com\/lt\/produktas\/ere-perez-cacao-crayon\/\" \/>\n<meta property=\"og:locale\" content=\"lt_LT\" \/>\n<meta property=\"og:type\" content=\"article\" \/>\n<meta property=\"og:title\" content=\"ERE PEREZ  Coco crayon - Greenspells\" \/>\n<meta property=\"og:description\" content=\"Get into natural glide-on colour! Full coverage, max matte colour natural lip crayons.\" \/>\n<meta property=\"og:url\" content=\"https:\/\/greenspells.com\/lt\/produktas\/ere-perez-cacao-crayon\/\" \/>\n<meta property=\"og:site_name\" content=\"Greenspells\" \/>\n<meta property=\"article:publisher\" content=\"https:\/\/www.facebook.com\/Greenspells\" \/>\n<meta property=\"article:modified_time\" content=\"2025-04-10T07:05:31+00:00\" \/>\n<meta property=\"og:image\" content=\"https:\/\/greenspells.com\/wp-content\/uploads\/2022\/02\/all-smear-shades_480x480@2x.png\" \/>\n\t<meta property=\"og:image:width\" content=\"960\" \/>\n\t<meta property=\"og:image:height\" content=\"960\" \/>\n\t<meta property=\"og:image:type\" content=\"image\/png\" \/>\n<meta name=\"twitter:card\" content=\"summary_large_image\" \/>\n<meta name=\"twitter:label1\" content=\"Est. reading time\" \/>\n\t<meta name=\"twitter:data1\" content=\"3 minut\u0117s\" \/>\n<script type=\"application\/ld+json\" class=\"yoast-schema-graph\">{\"@context\":\"https:\\\/\\\/schema.org\",\"@graph\":[{\"@type\":\"WebPage\",\"@id\":\"https:\\\/\\\/greenspells.com\\\/product\\\/ere-perez-cacao-crayon\\\/\",\"url\":\"https:\\\/\\\/greenspells.com\\\/product\\\/ere-perez-cacao-crayon\\\/\",\"name\":\"ERE PEREZ Coco crayon - Greenspells\",\"isPartOf\":{\"@id\":\"https:\\\/\\\/greenspells.com\\\/#website\"},\"primaryImageOfPage\":{\"@id\":\"https:\\\/\\\/greenspells.com\\\/product\\\/ere-perez-cacao-crayon\\\/#primaryimage\"},\"image\":{\"@id\":\"https:\\\/\\\/greenspells.com\\\/product\\\/ere-perez-cacao-crayon\\\/#primaryimage\"},\"thumbnailUrl\":\"https:\\\/\\\/i0.wp.com\\\/greenspells.com\\\/wp-content\\\/uploads\\\/2022\\\/02\\\/all-smear-shades_480x480%402x.png?fit=960%2C960&ssl=1\",\"datePublished\":\"2022-02-19T16:05:21+00:00\",\"dateModified\":\"2025-04-10T07:05:31+00:00\",\"description\":\"Get into natural glide-on colour! Full coverage, max matte colour natural lip crayons.\",\"breadcrumb\":{\"@id\":\"https:\\\/\\\/greenspells.com\\\/product\\\/ere-perez-cacao-crayon\\\/#breadcrumb\"},\"inLanguage\":\"lt-LT\",\"potentialAction\":[{\"@type\":\"ReadAction\",\"target\":[\"https:\\\/\\\/greenspells.com\\\/product\\\/ere-perez-cacao-crayon\\\/\"]}]},{\"@type\":\"ImageObject\",\"inLanguage\":\"lt-LT\",\"@id\":\"https:\\\/\\\/greenspells.com\\\/product\\\/ere-perez-cacao-crayon\\\/#primaryimage\",\"url\":\"https:\\\/\\\/i0.wp.com\\\/greenspells.com\\\/wp-content\\\/uploads\\\/2022\\\/02\\\/all-smear-shades_480x480%402x.png?fit=960%2C960&ssl=1\",\"contentUrl\":\"https:\\\/\\\/i0.wp.com\\\/greenspells.com\\\/wp-content\\\/uploads\\\/2022\\\/02\\\/all-smear-shades_480x480%402x.png?fit=960%2C960&ssl=1\",\"width\":960,\"height\":960},{\"@type\":\"BreadcrumbList\",\"@id\":\"https:\\\/\\\/greenspells.com\\\/product\\\/ere-perez-cacao-crayon\\\/#breadcrumb\",\"itemListElement\":[{\"@type\":\"ListItem\",\"position\":1,\"name\":\"Home\",\"item\":\"https:\\\/\\\/greenspells.com\\\/\"},{\"@type\":\"ListItem\",\"position\":2,\"name\":\"Shop\",\"item\":\"https:\\\/\\\/greenspells.com\\\/shop\\\/\"},{\"@type\":\"ListItem\",\"position\":3,\"name\":\"ERE PEREZ Coco crayon\"}]},{\"@type\":\"WebSite\",\"@id\":\"https:\\\/\\\/greenspells.com\\\/#website\",\"url\":\"https:\\\/\\\/greenspells.com\\\/\",\"name\":\"Greenspells\",\"description\":\"Nat\u016brali ir ekologi\u0161ka kosmetika\",\"publisher\":{\"@id\":\"https:\\\/\\\/greenspells.com\\\/#organization\"},\"potentialAction\":[{\"@type\":\"SearchAction\",\"target\":{\"@type\":\"EntryPoint\",\"urlTemplate\":\"https:\\\/\\\/greenspells.com\\\/?s={search_term_string}\"},\"query-input\":{\"@type\":\"PropertyValueSpecification\",\"valueRequired\":true,\"valueName\":\"search_term_string\"}}],\"inLanguage\":\"lt-LT\"},{\"@type\":\"Organization\",\"@id\":\"https:\\\/\\\/greenspells.com\\\/#organization\",\"name\":\"Greenspells\",\"url\":\"https:\\\/\\\/greenspells.com\\\/\",\"logo\":{\"@type\":\"ImageObject\",\"inLanguage\":\"lt-LT\",\"@id\":\"https:\\\/\\\/greenspells.com\\\/#\\\/schema\\\/logo\\\/image\\\/\",\"url\":\"https:\\\/\\\/i0.wp.com\\\/greenspells.com\\\/wp-content\\\/uploads\\\/2020\\\/09\\\/20200722_153424_0000.png?fit=1500%2C1500&ssl=1\",\"contentUrl\":\"https:\\\/\\\/i0.wp.com\\\/greenspells.com\\\/wp-content\\\/uploads\\\/2020\\\/09\\\/20200722_153424_0000.png?fit=1500%2C1500&ssl=1\",\"width\":1500,\"height\":1500,\"caption\":\"Greenspells\"},\"image\":{\"@id\":\"https:\\\/\\\/greenspells.com\\\/#\\\/schema\\\/logo\\\/image\\\/\"},\"sameAs\":[\"https:\\\/\\\/www.facebook.com\\\/Greenspells\",\"https:\\\/\\\/www.instagram.com\\\/greenspells_store\\\/\"]}]}<\/script>\n<!-- \/ Yoast SEO plugin. -->","yoast_head_json":{"title":"ERE PEREZ  Coco crayon - Greenspells","description":"Get into natural glide-on colour! Full coverage, max matte colour natural lip crayons.","robots":{"index":"index","follow":"follow","max-snippet":"max-snippet:-1","max-image-preview":"max-image-preview:large","max-video-preview":"max-video-preview:-1"},"canonical":"https:\/\/greenspells.com\/lt\/produktas\/ere-perez-cacao-crayon\/","og_locale":"lt_LT","og_type":"article","og_title":"ERE PEREZ  Coco crayon - Greenspells","og_description":"Get into natural glide-on colour! Full coverage, max matte colour natural lip crayons.","og_url":"https:\/\/greenspells.com\/lt\/produktas\/ere-perez-cacao-crayon\/","og_site_name":"Greenspells","article_publisher":"https:\/\/www.facebook.com\/Greenspells","article_modified_time":"2025-04-10T07:05:31+00:00","og_image":[{"width":960,"height":960,"url":"https:\/\/greenspells.com\/wp-content\/uploads\/2022\/02\/all-smear-shades_480x480@2x.png","type":"image\/png"}],"twitter_card":"summary_large_image","twitter_misc":{"Est. reading time":"3 minut\u0117s"},"schema":{"@context":"https:\/\/schema.org","@graph":[{"@type":"WebPage","@id":"https:\/\/greenspells.com\/product\/ere-perez-cacao-crayon\/","url":"https:\/\/greenspells.com\/product\/ere-perez-cacao-crayon\/","name":"ERE PEREZ Coco crayon - Greenspells","isPartOf":{"@id":"https:\/\/greenspells.com\/#website"},"primaryImageOfPage":{"@id":"https:\/\/greenspells.com\/product\/ere-perez-cacao-crayon\/#primaryimage"},"image":{"@id":"https:\/\/greenspells.com\/product\/ere-perez-cacao-crayon\/#primaryimage"},"thumbnailUrl":"https:\/\/i0.wp.com\/greenspells.com\/wp-content\/uploads\/2022\/02\/all-smear-shades_480x480%402x.png?fit=960%2C960&ssl=1","datePublished":"2022-02-19T16:05:21+00:00","dateModified":"2025-04-10T07:05:31+00:00","description":"Get into natural glide-on colour! Full coverage, max matte colour natural lip crayons.","breadcrumb":{"@id":"https:\/\/greenspells.com\/product\/ere-perez-cacao-crayon\/#breadcrumb"},"inLanguage":"lt-LT","potentialAction":[{"@type":"ReadAction","target":["https:\/\/greenspells.com\/product\/ere-perez-cacao-crayon\/"]}]},{"@type":"ImageObject","inLanguage":"lt-LT","@id":"https:\/\/greenspells.com\/product\/ere-perez-cacao-crayon\/#primaryimage","url":"https:\/\/i0.wp.com\/greenspells.com\/wp-content\/uploads\/2022\/02\/all-smear-shades_480x480%402x.png?fit=960%2C960&ssl=1","contentUrl":"https:\/\/i0.wp.com\/greenspells.com\/wp-content\/uploads\/2022\/02\/all-smear-shades_480x480%402x.png?fit=960%2C960&ssl=1","width":960,"height":960},{"@type":"BreadcrumbList","@id":"https:\/\/greenspells.com\/product\/ere-perez-cacao-crayon\/#breadcrumb","itemListElement":[{"@type":"ListItem","position":1,"name":"Home","item":"https:\/\/greenspells.com\/"},{"@type":"ListItem","position":2,"name":"Shop","item":"https:\/\/greenspells.com\/shop\/"},{"@type":"ListItem","position":3,"name":"ERE PEREZ Coco crayon"}]},{"@type":"WebSite","@id":"https:\/\/greenspells.com\/#website","url":"https:\/\/greenspells.com\/","name":"Greenspells","description":"Nat\u016brali ir ekologi\u0161ka kosmetika","publisher":{"@id":"https:\/\/greenspells.com\/#organization"},"potentialAction":[{"@type":"SearchAction","target":{"@type":"EntryPoint","urlTemplate":"https:\/\/greenspells.com\/?s={search_term_string}"},"query-input":{"@type":"PropertyValueSpecification","valueRequired":true,"valueName":"search_term_string"}}],"inLanguage":"lt-LT"},{"@type":"Organization","@id":"https:\/\/greenspells.com\/#organization","name":"Greenspells","url":"https:\/\/greenspells.com\/","logo":{"@type":"ImageObject","inLanguage":"lt-LT","@id":"https:\/\/greenspells.com\/#\/schema\/logo\/image\/","url":"https:\/\/i0.wp.com\/greenspells.com\/wp-content\/uploads\/2020\/09\/20200722_153424_0000.png?fit=1500%2C1500&ssl=1","contentUrl":"https:\/\/i0.wp.com\/greenspells.com\/wp-content\/uploads\/2020\/09\/20200722_153424_0000.png?fit=1500%2C1500&ssl=1","width":1500,"height":1500,"caption":"Greenspells"},"image":{"@id":"https:\/\/greenspells.com\/#\/schema\/logo\/image\/"},"sameAs":["https:\/\/www.facebook.com\/Greenspells","https:\/\/www.instagram.com\/greenspells_store\/"]}]}},"jetpack_likes_enabled":true,"jetpack_sharing_enabled":true,"_links":{"self":[{"href":"https:\/\/greenspells.com\/lt\/wp-json\/wp\/v2\/product\/1670062","targetHints":{"allow":["GET"]}}],"collection":[{"href":"https:\/\/greenspells.com\/lt\/wp-json\/wp\/v2\/product"}],"about":[{"href":"https:\/\/greenspells.com\/lt\/wp-json\/wp\/v2\/types\/product"}],"replies":[{"embeddable":true,"href":"https:\/\/greenspells.com\/lt\/wp-json\/wp\/v2\/comments?post=1670062"}],"wp:featuredmedia":[{"embeddable":true,"href":"https:\/\/greenspells.com\/lt\/wp-json\/wp\/v2\/media\/1670067"}],"wp:attachment":[{"href":"https:\/\/greenspells.com\/lt\/wp-json\/wp\/v2\/media?parent=1670062"}],"wp:term":[{"taxonomy":"product_brand","embeddable":true,"href":"https:\/\/greenspells.com\/lt\/wp-json\/wp\/v2\/product_brand?post=1670062"},{"taxonomy":"product_cat","embeddable":true,"href":"https:\/\/greenspells.com\/lt\/wp-json\/wp\/v2\/product_cat?post=1670062"},{"taxonomy":"product_tag","embeddable":true,"href":"https:\/\/greenspells.com\/lt\/wp-json\/wp\/v2\/product_tag?post=1670062"}],"curies":[{"name":"wp","href":"https:\/\/api.w.org\/{rel}","templated":true}]}}