{"id":1670033,"date":"2022-01-22T14:44:06","date_gmt":"2022-01-22T12:44:06","guid":{"rendered":"https:\/\/greenspells.com\/?post_type=product&#038;p=1670033"},"modified":"2024-10-10T08:58:45","modified_gmt":"2024-10-10T06:58:45","slug":"hurraw-deodorant-balmunder-cedarwood-vetiver-lime","status":"publish","type":"product","link":"https:\/\/greenspells.com\/lt\/produktas\/hurraw-deodorant-balmunder-cedarwood-vetiver-lime\/","title":{"rendered":"HURRAW <br> Dezodorantas BALMUNDER <br> Cedarwood Vetiver Lime"},"content":{"rendered":"<p>Ilgai veikiantis, nat\u016bralus ir vegani\u0161kas dezodorantas, pagamintas i\u0161 75% organi\u0161k\u0173 ingredient\u0173 (i\u0161skyrus vanden\u012f ir mineralus). Skalsus, NERIEBUS, \u0161velnus, dr\u0117kinantis, kremin\u0117s tekst\u016bros dezodorantas, kuris puikiai veikia!<\/p>\n<p>BALMUNDER\u2122 - dezodorantas be bi\u010di\u0173 va\u0161ko, be sviestmed\u017ei\u0173 aliejaus (aktualu,kas nem\u0117gsta riebi\u0173 tepam\u0173j\u0173 dezodorant\u0173), be sojos, be palmi\u0173 aliejaus produkt\u0173.<\/p>\n<p>Dezodorantai neleid\u017eia daugintis bakterijoms, tokiu b\u016bdu saugo nuo nemalonaus kvapo.<\/p>\n<p>Prie\u0161ingai nei kai kurie 'nat\u016brali\u0173' dezodorant\u0173 gamintojai, HURRAW nenaudoja sunki\u0173, riebaling\u0173, nenauding\u0173 bazi\u0173, toki\u0173 kaip sojos, palmi\u0173 ar naftos riebal\u0173.<\/p>\n<p>Hurraw! naudoja USP standarto druskas ir mineralus (auk\u0161\u010diausio \u0161varumo, grynumo, naudojamus farmacijoje), tai svarbi detal\u0117, kuri\u0105 da\u017enas gamintojas praleid\u017eia. Toliau \u0161ie ingredientai sumai\u0161omi su organi\u0161ka kokos\u0173 ir kakavos sviest\u0173 baze, pridedami odos ramintojai - puosel\u0117tojai - alijo\u0161ius, avi\u017eos, kaolin.<strong>\u00a0<\/strong>Taip gaunamas nuostabus, turtingos tekst\u016bros, visi\u0161kai neriebus, \u0161velnus, dr\u0117kinantis balzamas, kuris tikrai puikiai veikia.<\/p>\n<ul>\n<li>Ilgai veikiantis<\/li>\n<li>Nepalieka jokio riebumo<\/li>\n<li>100% perdirbama pakuot\u0117<\/li>\n<\/ul>\n<p><em><strong>Kaip naudoti?<\/strong><\/em><\/p>\n<p>Pakaks tikrai labai ma\u017eo kiekio, nes balzamas itin skalsus. I\u0161spauskite \u017eirnelio dyd\u017eio dezodoranto ant pir\u0161to galiuko, \u0161velniai \u012fmasa\u017euokite \u012f pa\u017east\u0173 (ar kt) od\u0105. D\u0117l savo unikalios tekst\u016bros dezodorantas tepasi itin lengvai ir greitai. Naudokite pagal poreik\u012f, da\u017eniausiai pakanka vieno karto per dien\u0105. Vienos pakuot\u0117s pakanka ma\u017edaug 2 m\u0117nesiams!<\/p>\n<p>30 ml<\/p>\n<p><strong>Aliuminis<\/strong>Pakuot\u0117 pagaminta i\u0161 100% perdirbamo aliuminio. Dangtelis taip pat perdirbamas!<\/p>\n<p><em><strong>Ingredientai<\/strong><\/em>:<\/p>\n<p>Aqua (USP purified water), Cocos nucifera (coconut) oil*, Manihot esculenta (tapioca) root*, Maranta arundinacea (arrowroot) root*, Sodium bicarbonate (USP), Theobromacacao (cacao) seed butter*, Jojoba esters, Calcium carbonate (USP), Cetearyl olivate, Zinc oxide (non-nano USP), Bambusa arundinacea (bamboo) stem extract, Sorbitan olivate, Lactobacillus ferment, Hydrogenated olive oil, Sorbitol (EU non-gmo corn), Zinc ricinoleate (castor oil), Olea europaea (olive) fruit oil, Lactobacillus, Avena sativa (oat) bran extract*, Mentha piperita (peppermint) leaf oil, Kaolin (clay), Olea europaea (olive) oil unsaponifiables, Prunus armeniaca (apricot) kernal oil, Cymbopogon flexuosus (lemongrass) oil*, Cocos nucifera (coconut) fruit extract, Aloe barbadensis (aloe) leaf juice*, Limonene\u2021, Citral\u2021, Citronello\u2021, Geraniol\u2021, Linalool\u2021, Benzyl alcohol\u2021 (\u2021natural component of essential oil)<\/p>\n<p>*certified organic ingredient\u00a0 75% organic 100% natural<br \/>\nCOSMOS Natural certified by Ecocert (EU Organic Certification Body).<\/p>\n<p>Pagamintas i\u0161 ekologi\u0161k\u0173, vegani\u0161k\u0173 ir nat\u016brali\u0173 ingredient\u0173.<\/p>","protected":false},"excerpt":{"rendered":"<p>Long lasting natural &amp; vegan deodorant with 75% organic ingredients (minus water &amp; minerals). Rich, non-greasy, gentle, moisturizing balm-like cream that really works! BALMUNDER\u2122\u00a0is a deodorant.\u00a0Bee free, Shea free, Soy free, Palm free. Deodorants simply reduce the number of bacteria and thus, reduce the smell. Unlike many other &#8216;natural&#8217; deodorants, Hurraw! doesn\u2019t use a heavy, [&hellip;]<\/p>\n","protected":false},"featured_media":1670034,"comment_status":"open","ping_status":"closed","template":"","meta":{"content-type":"","_monsterinsights_skip_tracking":false,"_monsterinsights_sitenote_active":false,"_monsterinsights_sitenote_note":"","_monsterinsights_sitenote_category":0,"_uf_show_specific_survey":0,"_uf_disable_surveys":false},"product_brand":[],"product_cat":[1328,137,139,15],"product_tag":[1057,1058,154,627,605,628,87,461],"class_list":{"0":"post-1670033","1":"product","2":"type-product","3":"status-publish","4":"has-post-thumbnail","6":"product_cat-babyblog-top","7":"product_cat-bath-and-body","8":"product_cat-deodorants","9":"product_cat-all-products","10":"product_tag-aluminum-free","11":"product_tag-be-aliuminio","12":"product_tag-deodorant","13":"product_tag-dezodorantas","14":"product_tag-hurraw","15":"product_tag-naturalus-dezodorantas","16":"product_tag-natural-deodorant","17":"product_tag-naturali-kosmetika","19":"first","20":"outofstock","21":"taxable","22":"shipping-taxable","23":"purchasable","24":"product-type-simple"},"bundled_by":[],"bundle_stock_status":"outofstock","bundle_stock_quantity":null,"bundle_virtual":false,"bundle_layout":"","bundle_add_to_cart_form_location":"","bundle_editable_in_cart":false,"bundle_sold_individually_context":"","bundle_item_grouping":"","bundle_min_size":"","bundle_max_size":"","bundle_price":[],"bundled_items":[],"bundle_sell_ids":[],"group_of_quantity":0,"min_quantity":0,"max_quantity":"","exclude_order_quantity_value_rules":"no","exclude_category_quantity_rules":"no","combine_variations":"no","exclude_global_add_ons":[],"addons":[],"yoast_head":"<!-- This site is optimized with the Yoast SEO plugin v27.5 - https:\/\/yoast.com\/product\/yoast-seo-wordpress\/ -->\n<title>HURRAW  Deodorant BALMUNDER  Cedarwood Vetiver Lime - Greenspells<\/title>\n<meta name=\"description\" content=\"Long lasting natural &amp; vegan deodorant. Rich, non-greasy, gentle, moisturizing balm-like cream that really works!\" \/>\n<meta name=\"robots\" content=\"index, follow, max-snippet:-1, max-image-preview:large, max-video-preview:-1\" \/>\n<link rel=\"canonical\" href=\"https:\/\/greenspells.com\/lt\/produktas\/hurraw-deodorant-balmunder-cedarwood-vetiver-lime\/\" \/>\n<meta property=\"og:locale\" content=\"lt_LT\" \/>\n<meta property=\"og:type\" content=\"article\" \/>\n<meta property=\"og:title\" content=\"HURRAW  Deodorant BALMUNDER  Cedarwood Vetiver Lime - Greenspells\" \/>\n<meta property=\"og:description\" content=\"Long lasting natural &amp; vegan deodorant. Rich, non-greasy, gentle, moisturizing balm-like cream that really works!\" \/>\n<meta property=\"og:url\" content=\"https:\/\/greenspells.com\/lt\/produktas\/hurraw-deodorant-balmunder-cedarwood-vetiver-lime\/\" \/>\n<meta property=\"og:site_name\" content=\"Greenspells\" \/>\n<meta property=\"article:publisher\" content=\"https:\/\/www.facebook.com\/Greenspells\" \/>\n<meta property=\"article:modified_time\" content=\"2024-10-10T06:58:45+00:00\" \/>\n<meta property=\"og:image\" content=\"https:\/\/greenspells.com\/wp-content\/uploads\/2022\/01\/cedar-brown_480x480@2x.png\" \/>\n\t<meta property=\"og:image:width\" content=\"960\" \/>\n\t<meta property=\"og:image:height\" content=\"960\" \/>\n\t<meta property=\"og:image:type\" content=\"image\/png\" \/>\n<meta name=\"twitter:card\" content=\"summary_large_image\" \/>\n<meta name=\"twitter:label1\" content=\"Est. reading time\" \/>\n\t<meta name=\"twitter:data1\" content=\"2 minut\u0117s\" \/>\n<script type=\"application\/ld+json\" class=\"yoast-schema-graph\">{\"@context\":\"https:\\\/\\\/schema.org\",\"@graph\":[{\"@type\":\"WebPage\",\"@id\":\"https:\\\/\\\/greenspells.com\\\/product\\\/hurraw-deodorant-balmunder-cedarwood-vetiver-lime\\\/\",\"url\":\"https:\\\/\\\/greenspells.com\\\/product\\\/hurraw-deodorant-balmunder-cedarwood-vetiver-lime\\\/\",\"name\":\"HURRAW Deodorant BALMUNDER Cedarwood Vetiver Lime - Greenspells\",\"isPartOf\":{\"@id\":\"https:\\\/\\\/greenspells.com\\\/#website\"},\"primaryImageOfPage\":{\"@id\":\"https:\\\/\\\/greenspells.com\\\/product\\\/hurraw-deodorant-balmunder-cedarwood-vetiver-lime\\\/#primaryimage\"},\"image\":{\"@id\":\"https:\\\/\\\/greenspells.com\\\/product\\\/hurraw-deodorant-balmunder-cedarwood-vetiver-lime\\\/#primaryimage\"},\"thumbnailUrl\":\"https:\\\/\\\/i0.wp.com\\\/greenspells.com\\\/wp-content\\\/uploads\\\/2022\\\/01\\\/cedar-brown_480x480%402x.png?fit=960%2C960&ssl=1\",\"datePublished\":\"2022-01-22T12:44:06+00:00\",\"dateModified\":\"2024-10-10T06:58:45+00:00\",\"description\":\"Long lasting natural & vegan deodorant. Rich, non-greasy, gentle, moisturizing balm-like cream that really works!\",\"breadcrumb\":{\"@id\":\"https:\\\/\\\/greenspells.com\\\/product\\\/hurraw-deodorant-balmunder-cedarwood-vetiver-lime\\\/#breadcrumb\"},\"inLanguage\":\"lt-LT\",\"potentialAction\":[{\"@type\":\"ReadAction\",\"target\":[\"https:\\\/\\\/greenspells.com\\\/product\\\/hurraw-deodorant-balmunder-cedarwood-vetiver-lime\\\/\"]}]},{\"@type\":\"ImageObject\",\"inLanguage\":\"lt-LT\",\"@id\":\"https:\\\/\\\/greenspells.com\\\/product\\\/hurraw-deodorant-balmunder-cedarwood-vetiver-lime\\\/#primaryimage\",\"url\":\"https:\\\/\\\/i0.wp.com\\\/greenspells.com\\\/wp-content\\\/uploads\\\/2022\\\/01\\\/cedar-brown_480x480%402x.png?fit=960%2C960&ssl=1\",\"contentUrl\":\"https:\\\/\\\/i0.wp.com\\\/greenspells.com\\\/wp-content\\\/uploads\\\/2022\\\/01\\\/cedar-brown_480x480%402x.png?fit=960%2C960&ssl=1\",\"width\":960,\"height\":960},{\"@type\":\"BreadcrumbList\",\"@id\":\"https:\\\/\\\/greenspells.com\\\/product\\\/hurraw-deodorant-balmunder-cedarwood-vetiver-lime\\\/#breadcrumb\",\"itemListElement\":[{\"@type\":\"ListItem\",\"position\":1,\"name\":\"Home\",\"item\":\"https:\\\/\\\/greenspells.com\\\/\"},{\"@type\":\"ListItem\",\"position\":2,\"name\":\"Shop\",\"item\":\"https:\\\/\\\/greenspells.com\\\/shop\\\/\"},{\"@type\":\"ListItem\",\"position\":3,\"name\":\"HURRAW Deodorant BALMUNDER Cedarwood Vetiver Lime\"}]},{\"@type\":\"WebSite\",\"@id\":\"https:\\\/\\\/greenspells.com\\\/#website\",\"url\":\"https:\\\/\\\/greenspells.com\\\/\",\"name\":\"Greenspells\",\"description\":\"Nat\u016brali ir ekologi\u0161ka kosmetika\",\"publisher\":{\"@id\":\"https:\\\/\\\/greenspells.com\\\/#organization\"},\"potentialAction\":[{\"@type\":\"SearchAction\",\"target\":{\"@type\":\"EntryPoint\",\"urlTemplate\":\"https:\\\/\\\/greenspells.com\\\/?s={search_term_string}\"},\"query-input\":{\"@type\":\"PropertyValueSpecification\",\"valueRequired\":true,\"valueName\":\"search_term_string\"}}],\"inLanguage\":\"lt-LT\"},{\"@type\":\"Organization\",\"@id\":\"https:\\\/\\\/greenspells.com\\\/#organization\",\"name\":\"Greenspells\",\"url\":\"https:\\\/\\\/greenspells.com\\\/\",\"logo\":{\"@type\":\"ImageObject\",\"inLanguage\":\"lt-LT\",\"@id\":\"https:\\\/\\\/greenspells.com\\\/#\\\/schema\\\/logo\\\/image\\\/\",\"url\":\"https:\\\/\\\/i0.wp.com\\\/greenspells.com\\\/wp-content\\\/uploads\\\/2020\\\/09\\\/20200722_153424_0000.png?fit=1500%2C1500&ssl=1\",\"contentUrl\":\"https:\\\/\\\/i0.wp.com\\\/greenspells.com\\\/wp-content\\\/uploads\\\/2020\\\/09\\\/20200722_153424_0000.png?fit=1500%2C1500&ssl=1\",\"width\":1500,\"height\":1500,\"caption\":\"Greenspells\"},\"image\":{\"@id\":\"https:\\\/\\\/greenspells.com\\\/#\\\/schema\\\/logo\\\/image\\\/\"},\"sameAs\":[\"https:\\\/\\\/www.facebook.com\\\/Greenspells\",\"https:\\\/\\\/www.instagram.com\\\/greenspells_store\\\/\"]}]}<\/script>\n<!-- \/ Yoast SEO plugin. -->","yoast_head_json":{"title":"HURRAW  Deodorant BALMUNDER  Cedarwood Vetiver Lime - Greenspells","description":"Long lasting natural & vegan deodorant. Rich, non-greasy, gentle, moisturizing balm-like cream that really works!","robots":{"index":"index","follow":"follow","max-snippet":"max-snippet:-1","max-image-preview":"max-image-preview:large","max-video-preview":"max-video-preview:-1"},"canonical":"https:\/\/greenspells.com\/lt\/produktas\/hurraw-deodorant-balmunder-cedarwood-vetiver-lime\/","og_locale":"lt_LT","og_type":"article","og_title":"HURRAW  Deodorant BALMUNDER  Cedarwood Vetiver Lime - Greenspells","og_description":"Long lasting natural & vegan deodorant. Rich, non-greasy, gentle, moisturizing balm-like cream that really works!","og_url":"https:\/\/greenspells.com\/lt\/produktas\/hurraw-deodorant-balmunder-cedarwood-vetiver-lime\/","og_site_name":"Greenspells","article_publisher":"https:\/\/www.facebook.com\/Greenspells","article_modified_time":"2024-10-10T06:58:45+00:00","og_image":[{"width":960,"height":960,"url":"https:\/\/greenspells.com\/wp-content\/uploads\/2022\/01\/cedar-brown_480x480@2x.png","type":"image\/png"}],"twitter_card":"summary_large_image","twitter_misc":{"Est. reading time":"2 minut\u0117s"},"schema":{"@context":"https:\/\/schema.org","@graph":[{"@type":"WebPage","@id":"https:\/\/greenspells.com\/product\/hurraw-deodorant-balmunder-cedarwood-vetiver-lime\/","url":"https:\/\/greenspells.com\/product\/hurraw-deodorant-balmunder-cedarwood-vetiver-lime\/","name":"HURRAW Deodorant BALMUNDER Cedarwood Vetiver Lime - Greenspells","isPartOf":{"@id":"https:\/\/greenspells.com\/#website"},"primaryImageOfPage":{"@id":"https:\/\/greenspells.com\/product\/hurraw-deodorant-balmunder-cedarwood-vetiver-lime\/#primaryimage"},"image":{"@id":"https:\/\/greenspells.com\/product\/hurraw-deodorant-balmunder-cedarwood-vetiver-lime\/#primaryimage"},"thumbnailUrl":"https:\/\/i0.wp.com\/greenspells.com\/wp-content\/uploads\/2022\/01\/cedar-brown_480x480%402x.png?fit=960%2C960&ssl=1","datePublished":"2022-01-22T12:44:06+00:00","dateModified":"2024-10-10T06:58:45+00:00","description":"Long lasting natural & vegan deodorant. Rich, non-greasy, gentle, moisturizing balm-like cream that really works!","breadcrumb":{"@id":"https:\/\/greenspells.com\/product\/hurraw-deodorant-balmunder-cedarwood-vetiver-lime\/#breadcrumb"},"inLanguage":"lt-LT","potentialAction":[{"@type":"ReadAction","target":["https:\/\/greenspells.com\/product\/hurraw-deodorant-balmunder-cedarwood-vetiver-lime\/"]}]},{"@type":"ImageObject","inLanguage":"lt-LT","@id":"https:\/\/greenspells.com\/product\/hurraw-deodorant-balmunder-cedarwood-vetiver-lime\/#primaryimage","url":"https:\/\/i0.wp.com\/greenspells.com\/wp-content\/uploads\/2022\/01\/cedar-brown_480x480%402x.png?fit=960%2C960&ssl=1","contentUrl":"https:\/\/i0.wp.com\/greenspells.com\/wp-content\/uploads\/2022\/01\/cedar-brown_480x480%402x.png?fit=960%2C960&ssl=1","width":960,"height":960},{"@type":"BreadcrumbList","@id":"https:\/\/greenspells.com\/product\/hurraw-deodorant-balmunder-cedarwood-vetiver-lime\/#breadcrumb","itemListElement":[{"@type":"ListItem","position":1,"name":"Home","item":"https:\/\/greenspells.com\/"},{"@type":"ListItem","position":2,"name":"Shop","item":"https:\/\/greenspells.com\/shop\/"},{"@type":"ListItem","position":3,"name":"HURRAW Deodorant BALMUNDER Cedarwood Vetiver Lime"}]},{"@type":"WebSite","@id":"https:\/\/greenspells.com\/#website","url":"https:\/\/greenspells.com\/","name":"Greenspells","description":"Nat\u016brali ir ekologi\u0161ka kosmetika","publisher":{"@id":"https:\/\/greenspells.com\/#organization"},"potentialAction":[{"@type":"SearchAction","target":{"@type":"EntryPoint","urlTemplate":"https:\/\/greenspells.com\/?s={search_term_string}"},"query-input":{"@type":"PropertyValueSpecification","valueRequired":true,"valueName":"search_term_string"}}],"inLanguage":"lt-LT"},{"@type":"Organization","@id":"https:\/\/greenspells.com\/#organization","name":"Greenspells","url":"https:\/\/greenspells.com\/","logo":{"@type":"ImageObject","inLanguage":"lt-LT","@id":"https:\/\/greenspells.com\/#\/schema\/logo\/image\/","url":"https:\/\/i0.wp.com\/greenspells.com\/wp-content\/uploads\/2020\/09\/20200722_153424_0000.png?fit=1500%2C1500&ssl=1","contentUrl":"https:\/\/i0.wp.com\/greenspells.com\/wp-content\/uploads\/2020\/09\/20200722_153424_0000.png?fit=1500%2C1500&ssl=1","width":1500,"height":1500,"caption":"Greenspells"},"image":{"@id":"https:\/\/greenspells.com\/#\/schema\/logo\/image\/"},"sameAs":["https:\/\/www.facebook.com\/Greenspells","https:\/\/www.instagram.com\/greenspells_store\/"]}]}},"jetpack_likes_enabled":true,"jetpack_sharing_enabled":true,"_links":{"self":[{"href":"https:\/\/greenspells.com\/lt\/wp-json\/wp\/v2\/product\/1670033","targetHints":{"allow":["GET"]}}],"collection":[{"href":"https:\/\/greenspells.com\/lt\/wp-json\/wp\/v2\/product"}],"about":[{"href":"https:\/\/greenspells.com\/lt\/wp-json\/wp\/v2\/types\/product"}],"replies":[{"embeddable":true,"href":"https:\/\/greenspells.com\/lt\/wp-json\/wp\/v2\/comments?post=1670033"}],"wp:featuredmedia":[{"embeddable":true,"href":"https:\/\/greenspells.com\/lt\/wp-json\/wp\/v2\/media\/1670034"}],"wp:attachment":[{"href":"https:\/\/greenspells.com\/lt\/wp-json\/wp\/v2\/media?parent=1670033"}],"wp:term":[{"taxonomy":"product_brand","embeddable":true,"href":"https:\/\/greenspells.com\/lt\/wp-json\/wp\/v2\/product_brand?post=1670033"},{"taxonomy":"product_cat","embeddable":true,"href":"https:\/\/greenspells.com\/lt\/wp-json\/wp\/v2\/product_cat?post=1670033"},{"taxonomy":"product_tag","embeddable":true,"href":"https:\/\/greenspells.com\/lt\/wp-json\/wp\/v2\/product_tag?post=1670033"}],"curies":[{"name":"wp","href":"https:\/\/api.w.org\/{rel}","templated":true}]}}