{"id":1670006,"date":"2022-01-19T20:03:45","date_gmt":"2022-01-19T18:03:45","guid":{"rendered":"https:\/\/greenspells.com\/?post_type=product&#038;p=1670006"},"modified":"2026-01-05T15:47:38","modified_gmt":"2026-01-05T13:47:38","slug":"antipodes-glow-ritual-vitamin-c-serum","status":"publish","type":"product","link":"https:\/\/greenspells.com\/lt\/produktas\/antipodes-glow-ritual-vitamin-c-serum\/","title":{"rendered":"ANTIPODES <br> Glow ritual <br> Vitamino C serumas"},"content":{"rendered":"<p>Tegul spindi J\u016bs\u0173 oda! Vitamino C serumas su augaline hialurono r\u016bg\u0161timi.<\/p>\n<p>Lengvutis gelinis serumas, suteikiantis odai nuostabaus \u0161vyt\u0117jimo, gaivumo. Kakadu slyvose yra net 100 kart\u0173 daugiau Vitamino C, nei apelsinuose! Aktyvina kolageno gamyb\u0105, skaistina, suteikia \u0161vyt\u0117jimo, saugo nuo laisv\u0173j\u0173 radikal\u0173 \u017ealingo poveikio. Ultra \u0161varus, 100% nat\u016bralios kilm\u0117s formul\u0117 padeda odai apsisaugoti nuo prie\u0161laikinio sen\u0117jimo.\nNaudojant \u0161\u012f serum\u0105 auksin\u0117s valandos \u0161vyt\u0117jimas lyd\u0117s Jus vis\u0105 dien\u0105!<\/p>\n<p><strong>Nauda odai<\/strong><\/p>\n<p>Vitamino C gausios Kakadu slyvos bei Vinanza vynuog\u0117s ir Kiwi padeda esant pigmentacijai, skaistina od\u0105, saugo nuo oksidacinio streso. Oda atrodo gyvybinga,kaip niekad. Baku\u010diolis - \u0161velni ir nat\u016brali retinolio alternatyva, suteikia odai glotnumo, tvirtumo, stangrumo, o augalin\u0117s kilm\u0117s hialurono r\u016bg\u0161tis suteikia dr\u0117gm\u0117s, putlina. \nPuikiai tinka visiems odos tipams, ypatingai pavargusiai, papilk\u0117jusiai odai.\nNaudokite \u0161\u012f serum\u0105 prie\u0161 savo dr\u0117kinam\u0105j\u012f krem\u0105, ir oda \u0161vyt\u0117s vis\u0105 dien\u0105!<\/p>\n<p><em><strong>Kaip naudoti?<\/strong><\/em><\/p>\n<p>1. Naudokite \u0161\u012f vegani\u0161k\u0105 veido serum\u0105 kiekvien\u0105 ryt\u0105<\/p>\n<p>2. U\u017ela\u0161inkite kelis la\u0161us serumo ant \u0161variai nupraustos odos<\/p>\n<p>3. \u0160velniai \u012fmasa\u017euokite \u012f veido, kaklo, dekolte od\u0105.<\/p>\n<p><strong><em>Ingredientai<\/em>:<\/strong><\/p>\n<p><strong>\u00a0<\/strong>Aqua, glycerin, Terminalia ferdinandiana (kakadu plum) fruit extract, sodium acrylates copolymer &amp; lecithin, benzyl alcohol;<br \/>\ndehydroacetic acid, mica, iron oxide, titanium dioxide, sodium hyaluronate, potassium sorbate, sodium phytate; alcohol, Vitis vinifera (grape) seed extract, (Vinanza<sup class=\"sup\">\u00ae<\/sup>\u00a0Grape), Actinidia deliciosa (kiwi) fruit extract, (Vinanza<sup class=\"sup\">\u00ae<\/sup>\u00a0kiwi), bakuchiol, Persea gratissima (avocado pear) oil, fragrance of vanilla pod and mandarin: coumarin\u2020, d-Limonene\u2020, linalool\u2020. \u2020 Component of essential oil<\/p>\n<p>&nbsp;<\/p>\n<ul>\n<li><strong>Pagaminta BE:<\/strong>\u00a0ANTIPODES produktuose visi\u0161kai n\u0117ra joki\u0173 paraben\u0173, sulfat\u0173, ftalat\u0173, silikon\u0173, sintetini\u0173 u\u017epild\u0173, geneti\u0161kai modifikuot\u0173 ingredient\u0173, genetin\u0117s in\u017einerijos paveikt\u0173 ingredient\u0173, gyv\u016bnin\u0117s kilm\u0117s ingredient\u0173 (i\u0161skyrus med\u0173, sune\u0161am\u0105 gyv\u0173 bi\u010di\u0173), dirbtini\u0173 da\u017eikli\u0173, kvapikli\u0173, chemini\u0173 filtr\u0173 nuo saul\u0117s, mineralini\u0173 aliej\u0173, naftos produkt\u0173 (kaip pvz propylen glikolis), BHA (butylated hydroxyanisole), etanolamin\u0173 ir etoksiluot\u0173 ingredient\u0173.<\/li>\n<\/ul>","protected":false},"excerpt":{"rendered":"<p>Get your glow on! Vitamin C serum with plant hyaluronic acid. Achieve glowing skin with this light-wear gel serum for a luminous, dewy complexion. Kakadu plum contains up to 100x the Vitamin C of oranges*, helping to boost collagen, illuminate, and protect from free radical damage. The ultra-clean, 100% natural origin formula offers instant radiance [&hellip;]<\/p>","protected":false},"featured_media":1670011,"comment_status":"open","ping_status":"closed","template":"","meta":{"content-type":"","_monsterinsights_skip_tracking":false,"_monsterinsights_sitenote_active":false,"_monsterinsights_sitenote_note":"","_monsterinsights_sitenote_category":0,"_uf_show_specific_survey":0,"_uf_disable_surveys":false},"product_brand":[1654],"product_cat":[33,34,15],"product_tag":[869,1056,284,461,35,505,1055,741,745,744],"class_list":{"0":"post-1670006","1":"product","2":"type-product","3":"status-publish","4":"has-post-thumbnail","6":"product_brand-antipodes","7":"product_cat-serums","8":"product_cat-skincare","9":"product_cat-all-products","10":"product_tag-antipodes","11":"product_tag-glow-serum","12":"product_tag-natural-skincare","13":"product_tag-naturali-kosmetika","14":"product_tag-serum","15":"product_tag-serumas","16":"product_tag-vitamin-c","17":"product_tag-vitamin-c-serum","18":"product_tag-vitaminas-c","19":"product_tag-vitamino-c-serumas","21":"first","22":"instock","23":"taxable","24":"shipping-taxable","25":"purchasable","26":"product-type-simple"},"bundled_by":[],"bundle_stock_status":"instock","bundle_stock_quantity":null,"bundle_virtual":false,"bundle_layout":"","bundle_add_to_cart_form_location":"","bundle_editable_in_cart":false,"bundle_sold_individually_context":"","bundle_item_grouping":"","bundle_min_size":"","bundle_max_size":"","bundle_price":[],"bundled_items":[],"bundle_sell_ids":[],"group_of_quantity":0,"min_quantity":0,"max_quantity":"","exclude_order_quantity_value_rules":"no","exclude_category_quantity_rules":"no","combine_variations":"no","exclude_global_add_ons":[],"addons":[],"yoast_head":"<!-- This site is optimized with the Yoast SEO plugin v27.3 - https:\/\/yoast.com\/product\/yoast-seo-wordpress\/ -->\n<title>ANTIPODES  Glow ritual  Vitamin C serum - Greenspells<\/title>\n<meta name=\"description\" content=\"Get your glow on! Vitamin C serum with plant hyaluronic acid.\u00a0Glowing skin with this light-wear gel serum for a luminous, dewy complexion.\" \/>\n<meta name=\"robots\" content=\"index, follow, max-snippet:-1, max-image-preview:large, max-video-preview:-1\" \/>\n<link rel=\"canonical\" href=\"https:\/\/greenspells.com\/lt\/produktas\/antipodes-glow-ritual-vitamin-c-serum\/\" \/>\n<meta property=\"og:locale\" content=\"lt_LT\" \/>\n<meta property=\"og:type\" content=\"article\" \/>\n<meta property=\"og:title\" content=\"ANTIPODES  Glow ritual  Vitamin C serum - Greenspells\" \/>\n<meta property=\"og:description\" content=\"Get your glow on! Vitamin C serum with plant hyaluronic acid.\u00a0Glowing skin with this light-wear gel serum for a luminous, dewy complexion.\" \/>\n<meta property=\"og:url\" content=\"https:\/\/greenspells.com\/lt\/produktas\/antipodes-glow-ritual-vitamin-c-serum\/\" \/>\n<meta property=\"og:site_name\" content=\"Greenspells\" \/>\n<meta property=\"article:publisher\" content=\"https:\/\/www.facebook.com\/Greenspells\" \/>\n<meta property=\"article:modified_time\" content=\"2026-01-05T13:47:38+00:00\" \/>\n<meta property=\"og:image\" content=\"https:\/\/greenspells.com\/wp-content\/uploads\/2022\/01\/Untitleddesign-2021-08-31T110320.608_480x480@2x.png\" \/>\n\t<meta property=\"og:image:width\" content=\"960\" \/>\n\t<meta property=\"og:image:height\" content=\"960\" \/>\n\t<meta property=\"og:image:type\" content=\"image\/png\" \/>\n<meta name=\"twitter:card\" content=\"summary_large_image\" \/>\n<meta name=\"twitter:label1\" content=\"Est. reading time\" \/>\n\t<meta name=\"twitter:data1\" content=\"2 minut\u0117s\" \/>\n<script type=\"application\/ld+json\" class=\"yoast-schema-graph\">{\"@context\":\"https:\\\/\\\/schema.org\",\"@graph\":[{\"@type\":\"WebPage\",\"@id\":\"https:\\\/\\\/greenspells.com\\\/product\\\/antipodes-glow-ritual-vitamin-c-serum\\\/\",\"url\":\"https:\\\/\\\/greenspells.com\\\/product\\\/antipodes-glow-ritual-vitamin-c-serum\\\/\",\"name\":\"ANTIPODES Glow ritual Vitamin C serum - Greenspells\",\"isPartOf\":{\"@id\":\"https:\\\/\\\/greenspells.com\\\/#website\"},\"primaryImageOfPage\":{\"@id\":\"https:\\\/\\\/greenspells.com\\\/product\\\/antipodes-glow-ritual-vitamin-c-serum\\\/#primaryimage\"},\"image\":{\"@id\":\"https:\\\/\\\/greenspells.com\\\/product\\\/antipodes-glow-ritual-vitamin-c-serum\\\/#primaryimage\"},\"thumbnailUrl\":\"https:\\\/\\\/i0.wp.com\\\/greenspells.com\\\/wp-content\\\/uploads\\\/2022\\\/01\\\/Untitleddesign-2021-08-31T110320.608_480x480%402x.png?fit=960%2C960&ssl=1\",\"datePublished\":\"2022-01-19T18:03:45+00:00\",\"dateModified\":\"2026-01-05T13:47:38+00:00\",\"description\":\"Get your glow on! Vitamin C serum with plant hyaluronic acid.\u00a0Glowing skin with this light-wear gel serum for a luminous, dewy complexion.\",\"breadcrumb\":{\"@id\":\"https:\\\/\\\/greenspells.com\\\/product\\\/antipodes-glow-ritual-vitamin-c-serum\\\/#breadcrumb\"},\"inLanguage\":\"lt-LT\",\"potentialAction\":[{\"@type\":\"ReadAction\",\"target\":[\"https:\\\/\\\/greenspells.com\\\/product\\\/antipodes-glow-ritual-vitamin-c-serum\\\/\"]}]},{\"@type\":\"ImageObject\",\"inLanguage\":\"lt-LT\",\"@id\":\"https:\\\/\\\/greenspells.com\\\/product\\\/antipodes-glow-ritual-vitamin-c-serum\\\/#primaryimage\",\"url\":\"https:\\\/\\\/i0.wp.com\\\/greenspells.com\\\/wp-content\\\/uploads\\\/2022\\\/01\\\/Untitleddesign-2021-08-31T110320.608_480x480%402x.png?fit=960%2C960&ssl=1\",\"contentUrl\":\"https:\\\/\\\/i0.wp.com\\\/greenspells.com\\\/wp-content\\\/uploads\\\/2022\\\/01\\\/Untitleddesign-2021-08-31T110320.608_480x480%402x.png?fit=960%2C960&ssl=1\",\"width\":960,\"height\":960},{\"@type\":\"BreadcrumbList\",\"@id\":\"https:\\\/\\\/greenspells.com\\\/product\\\/antipodes-glow-ritual-vitamin-c-serum\\\/#breadcrumb\",\"itemListElement\":[{\"@type\":\"ListItem\",\"position\":1,\"name\":\"Home\",\"item\":\"https:\\\/\\\/greenspells.com\\\/\"},{\"@type\":\"ListItem\",\"position\":2,\"name\":\"Shop\",\"item\":\"https:\\\/\\\/greenspells.com\\\/shop\\\/\"},{\"@type\":\"ListItem\",\"position\":3,\"name\":\"ANTIPODES Glow ritual Vitamin C serum\"}]},{\"@type\":\"WebSite\",\"@id\":\"https:\\\/\\\/greenspells.com\\\/#website\",\"url\":\"https:\\\/\\\/greenspells.com\\\/\",\"name\":\"Greenspells\",\"description\":\"Nat\u016brali ir ekologi\u0161ka kosmetika\",\"publisher\":{\"@id\":\"https:\\\/\\\/greenspells.com\\\/#organization\"},\"potentialAction\":[{\"@type\":\"SearchAction\",\"target\":{\"@type\":\"EntryPoint\",\"urlTemplate\":\"https:\\\/\\\/greenspells.com\\\/?s={search_term_string}\"},\"query-input\":{\"@type\":\"PropertyValueSpecification\",\"valueRequired\":true,\"valueName\":\"search_term_string\"}}],\"inLanguage\":\"lt-LT\"},{\"@type\":\"Organization\",\"@id\":\"https:\\\/\\\/greenspells.com\\\/#organization\",\"name\":\"Greenspells\",\"url\":\"https:\\\/\\\/greenspells.com\\\/\",\"logo\":{\"@type\":\"ImageObject\",\"inLanguage\":\"lt-LT\",\"@id\":\"https:\\\/\\\/greenspells.com\\\/#\\\/schema\\\/logo\\\/image\\\/\",\"url\":\"https:\\\/\\\/i0.wp.com\\\/greenspells.com\\\/wp-content\\\/uploads\\\/2020\\\/09\\\/20200722_153424_0000.png?fit=1500%2C1500&ssl=1\",\"contentUrl\":\"https:\\\/\\\/i0.wp.com\\\/greenspells.com\\\/wp-content\\\/uploads\\\/2020\\\/09\\\/20200722_153424_0000.png?fit=1500%2C1500&ssl=1\",\"width\":1500,\"height\":1500,\"caption\":\"Greenspells\"},\"image\":{\"@id\":\"https:\\\/\\\/greenspells.com\\\/#\\\/schema\\\/logo\\\/image\\\/\"},\"sameAs\":[\"https:\\\/\\\/www.facebook.com\\\/Greenspells\",\"https:\\\/\\\/www.instagram.com\\\/greenspells_store\\\/\"]}]}<\/script>\n<!-- \/ Yoast SEO plugin. -->","yoast_head_json":{"title":"ANTIPODES  Glow ritual  Vitamin C serum - Greenspells","description":"Get your glow on! Vitamin C serum with plant hyaluronic acid.\u00a0Glowing skin with this light-wear gel serum for a luminous, dewy complexion.","robots":{"index":"index","follow":"follow","max-snippet":"max-snippet:-1","max-image-preview":"max-image-preview:large","max-video-preview":"max-video-preview:-1"},"canonical":"https:\/\/greenspells.com\/lt\/produktas\/antipodes-glow-ritual-vitamin-c-serum\/","og_locale":"lt_LT","og_type":"article","og_title":"ANTIPODES  Glow ritual  Vitamin C serum - Greenspells","og_description":"Get your glow on! Vitamin C serum with plant hyaluronic acid.\u00a0Glowing skin with this light-wear gel serum for a luminous, dewy complexion.","og_url":"https:\/\/greenspells.com\/lt\/produktas\/antipodes-glow-ritual-vitamin-c-serum\/","og_site_name":"Greenspells","article_publisher":"https:\/\/www.facebook.com\/Greenspells","article_modified_time":"2026-01-05T13:47:38+00:00","og_image":[{"width":960,"height":960,"url":"https:\/\/greenspells.com\/wp-content\/uploads\/2022\/01\/Untitleddesign-2021-08-31T110320.608_480x480@2x.png","type":"image\/png"}],"twitter_card":"summary_large_image","twitter_misc":{"Est. reading time":"2 minut\u0117s"},"schema":{"@context":"https:\/\/schema.org","@graph":[{"@type":"WebPage","@id":"https:\/\/greenspells.com\/product\/antipodes-glow-ritual-vitamin-c-serum\/","url":"https:\/\/greenspells.com\/product\/antipodes-glow-ritual-vitamin-c-serum\/","name":"ANTIPODES Glow ritual Vitamin C serum - Greenspells","isPartOf":{"@id":"https:\/\/greenspells.com\/#website"},"primaryImageOfPage":{"@id":"https:\/\/greenspells.com\/product\/antipodes-glow-ritual-vitamin-c-serum\/#primaryimage"},"image":{"@id":"https:\/\/greenspells.com\/product\/antipodes-glow-ritual-vitamin-c-serum\/#primaryimage"},"thumbnailUrl":"https:\/\/i0.wp.com\/greenspells.com\/wp-content\/uploads\/2022\/01\/Untitleddesign-2021-08-31T110320.608_480x480%402x.png?fit=960%2C960&ssl=1","datePublished":"2022-01-19T18:03:45+00:00","dateModified":"2026-01-05T13:47:38+00:00","description":"Get your glow on! Vitamin C serum with plant hyaluronic acid.\u00a0Glowing skin with this light-wear gel serum for a luminous, dewy complexion.","breadcrumb":{"@id":"https:\/\/greenspells.com\/product\/antipodes-glow-ritual-vitamin-c-serum\/#breadcrumb"},"inLanguage":"lt-LT","potentialAction":[{"@type":"ReadAction","target":["https:\/\/greenspells.com\/product\/antipodes-glow-ritual-vitamin-c-serum\/"]}]},{"@type":"ImageObject","inLanguage":"lt-LT","@id":"https:\/\/greenspells.com\/product\/antipodes-glow-ritual-vitamin-c-serum\/#primaryimage","url":"https:\/\/i0.wp.com\/greenspells.com\/wp-content\/uploads\/2022\/01\/Untitleddesign-2021-08-31T110320.608_480x480%402x.png?fit=960%2C960&ssl=1","contentUrl":"https:\/\/i0.wp.com\/greenspells.com\/wp-content\/uploads\/2022\/01\/Untitleddesign-2021-08-31T110320.608_480x480%402x.png?fit=960%2C960&ssl=1","width":960,"height":960},{"@type":"BreadcrumbList","@id":"https:\/\/greenspells.com\/product\/antipodes-glow-ritual-vitamin-c-serum\/#breadcrumb","itemListElement":[{"@type":"ListItem","position":1,"name":"Home","item":"https:\/\/greenspells.com\/"},{"@type":"ListItem","position":2,"name":"Shop","item":"https:\/\/greenspells.com\/shop\/"},{"@type":"ListItem","position":3,"name":"ANTIPODES Glow ritual Vitamin C serum"}]},{"@type":"WebSite","@id":"https:\/\/greenspells.com\/#website","url":"https:\/\/greenspells.com\/","name":"Greenspells","description":"Nat\u016brali ir ekologi\u0161ka kosmetika","publisher":{"@id":"https:\/\/greenspells.com\/#organization"},"potentialAction":[{"@type":"SearchAction","target":{"@type":"EntryPoint","urlTemplate":"https:\/\/greenspells.com\/?s={search_term_string}"},"query-input":{"@type":"PropertyValueSpecification","valueRequired":true,"valueName":"search_term_string"}}],"inLanguage":"lt-LT"},{"@type":"Organization","@id":"https:\/\/greenspells.com\/#organization","name":"Greenspells","url":"https:\/\/greenspells.com\/","logo":{"@type":"ImageObject","inLanguage":"lt-LT","@id":"https:\/\/greenspells.com\/#\/schema\/logo\/image\/","url":"https:\/\/i0.wp.com\/greenspells.com\/wp-content\/uploads\/2020\/09\/20200722_153424_0000.png?fit=1500%2C1500&ssl=1","contentUrl":"https:\/\/i0.wp.com\/greenspells.com\/wp-content\/uploads\/2020\/09\/20200722_153424_0000.png?fit=1500%2C1500&ssl=1","width":1500,"height":1500,"caption":"Greenspells"},"image":{"@id":"https:\/\/greenspells.com\/#\/schema\/logo\/image\/"},"sameAs":["https:\/\/www.facebook.com\/Greenspells","https:\/\/www.instagram.com\/greenspells_store\/"]}]}},"jetpack_likes_enabled":true,"jetpack_sharing_enabled":true,"_links":{"self":[{"href":"https:\/\/greenspells.com\/lt\/wp-json\/wp\/v2\/product\/1670006","targetHints":{"allow":["GET"]}}],"collection":[{"href":"https:\/\/greenspells.com\/lt\/wp-json\/wp\/v2\/product"}],"about":[{"href":"https:\/\/greenspells.com\/lt\/wp-json\/wp\/v2\/types\/product"}],"replies":[{"embeddable":true,"href":"https:\/\/greenspells.com\/lt\/wp-json\/wp\/v2\/comments?post=1670006"}],"wp:featuredmedia":[{"embeddable":true,"href":"https:\/\/greenspells.com\/lt\/wp-json\/wp\/v2\/media\/1670011"}],"wp:attachment":[{"href":"https:\/\/greenspells.com\/lt\/wp-json\/wp\/v2\/media?parent=1670006"}],"wp:term":[{"taxonomy":"product_brand","embeddable":true,"href":"https:\/\/greenspells.com\/lt\/wp-json\/wp\/v2\/product_brand?post=1670006"},{"taxonomy":"product_cat","embeddable":true,"href":"https:\/\/greenspells.com\/lt\/wp-json\/wp\/v2\/product_cat?post=1670006"},{"taxonomy":"product_tag","embeddable":true,"href":"https:\/\/greenspells.com\/lt\/wp-json\/wp\/v2\/product_tag?post=1670006"}],"curies":[{"name":"wp","href":"https:\/\/api.w.org\/{rel}","templated":true}]}}