{"id":1669998,"date":"2022-01-19T06:08:29","date_gmt":"2022-01-19T04:08:29","guid":{"rendered":"https:\/\/greenspells.com\/?post_type=product&#038;p=1669998"},"modified":"2023-07-17T13:03:29","modified_gmt":"2023-07-17T11:03:29","slug":"ncla-beauty-balm-babe-watermelon-vegan-lip-balm","status":"publish","type":"product","link":"https:\/\/greenspells.com\/lt\/produktas\/ncla-beauty-balm-babe-watermelon-vegan-lip-balm\/","title":{"rendered":"NCLA Beauty <br> Balm Babe <br> Balzamas l\u016bpoms, WATERMELON"},"content":{"rendered":"<p>\u0160is arb\u016bzinis l\u016bp\u0173 balzamas toks gaivus, kaip ir atrodo!<\/p>\n<p>Nat\u016bralus balzamas, intensyviai puosel\u0117jantis l\u016bpas - lygina ir maitina. Su sviestmed\u017ei\u0173 aliejais, kakavos sviestu, avokad\u0173 sviestu, kokos\u0173 aliejumi - balzamas l\u016bpas giliai dr\u0117kina, suteikia glotnumo.<\/p>\n<p><strong><em>Kaip naudoti?<\/em><\/strong><\/p>\n<p>Plonu sluoksniu tepti l\u016bpas. Naudokite vien\u0105, ar kartu su m\u0117gstamiausiais l\u016bp\u0173 da\u017eais.<\/p>\n<p>Nat\u016bralus skonis: arb\u016bzinis<\/p>\n<p>Balm Babe l\u016bp\u0173 balzamai pagaminti JAV, i\u0161 100%  nat\u016brali\u0173 ingredient\u0173. Tinka veganams.<\/p>\n<p><em><strong>Ingredientai<\/strong><\/em>: Butyrospermum Parkii (Shea Butter),Persea gratissima (Avocado) Butter, Hydrogenated Soybean Oil, Simmondsia Chinensis (Jojoba) Seed Oil, Cocos Nucifera (Coconut) Oil, Theobroma Cacao (Cocoa) Seed Butter, Beta Vulgaris Root Powder,Agave Tequiliana (Agave Nectar), Prunus Dulcis (Sweet Almond Oil), Ascorbyl Palmitate, Sorbic Acid (natural preservative),Tocopheryl Acetate (Vitamin E), Watermelon Extract Flavor Oil<\/p>","protected":false},"excerpt":{"rendered":"<p>You\u2019ll be chillin\u2019 with this watermelon scented lip balm that tastes as refreshing as it looks! A clean, natural and vegan lip balm that intensely soothes and nourishes lips. Formulated with shea butter, cocoa butter, avocado butter, and coconut oil, Balm Babe leaves lips smooth and hydrated. How to use it? Apply a thin coat [&hellip;]<\/p>","protected":false},"featured_media":1669999,"comment_status":"open","ping_status":"closed","template":"","meta":{"content-type":"","_monsterinsights_skip_tracking":false,"_monsterinsights_sitenote_active":false,"_monsterinsights_sitenote_note":"","_monsterinsights_sitenote_category":0,"_uf_show_specific_survey":0,"_uf_disable_surveys":false},"product_brand":[1667],"product_cat":[320,132,42,34,15],"product_tag":[1052,1054,604,603,187,186,724,608,461,1042,1051,1053],"class_list":{"0":"post-1669998","1":"product","2":"type-product","3":"status-publish","4":"has-post-thumbnail","6":"product_brand-ncla-beauty","7":"product_cat-lip-care","8":"product_cat-lips","9":"product_cat-make-up","10":"product_cat-skincare","11":"product_cat-all-products","12":"product_tag-ananasinis-balzamas-lupoms","13":"product_tag-arbuzinis-balzamas-lupoms","14":"product_tag-balzamas-lupoms","15":"product_tag-lupu-balzamas","16":"product_tag-lip-balm","17":"product_tag-lip-care","18":"product_tag-lupu-prieziura","19":"product_tag-natural-lip-balm","20":"product_tag-naturali-kosmetika","21":"product_tag-ncla-beauty","22":"product_tag-pineapple-lip-balm","23":"product_tag-watermelon-lip-balm","25":"first","26":"instock","27":"taxable","28":"shipping-taxable","29":"purchasable","30":"product-type-simple"},"bundled_by":[],"bundle_stock_status":"instock","bundle_stock_quantity":null,"bundle_virtual":false,"bundle_layout":"","bundle_add_to_cart_form_location":"","bundle_editable_in_cart":false,"bundle_sold_individually_context":"","bundle_item_grouping":"","bundle_min_size":"","bundle_max_size":"","bundle_price":[],"bundled_items":[],"bundle_sell_ids":[],"group_of_quantity":0,"min_quantity":0,"max_quantity":"","exclude_order_quantity_value_rules":"no","exclude_category_quantity_rules":"no","combine_variations":"no","exclude_global_add_ons":[],"addons":[],"yoast_head":"<!-- This site is optimized with the Yoast SEO plugin v27.3 - https:\/\/yoast.com\/product\/yoast-seo-wordpress\/ -->\n<title>NCLA Beauty  Balm Babe  Watermelon vegan Lip Balm - Greenspells<\/title>\n<meta name=\"description\" content=\"Welcome to paradise! A clean, natural and vegan lip balm that intensely soothes and nourishes lips.\" \/>\n<meta name=\"robots\" content=\"index, follow, max-snippet:-1, max-image-preview:large, max-video-preview:-1\" \/>\n<link rel=\"canonical\" href=\"https:\/\/greenspells.com\/lt\/produktas\/ncla-beauty-balm-babe-watermelon-vegan-lip-balm\/\" \/>\n<meta property=\"og:locale\" content=\"lt_LT\" \/>\n<meta property=\"og:type\" content=\"article\" \/>\n<meta property=\"og:title\" content=\"NCLA Beauty  Balm Babe  Watermelon vegan Lip Balm - Greenspells\" \/>\n<meta property=\"og:description\" content=\"Welcome to paradise! A clean, natural and vegan lip balm that intensely soothes and nourishes lips.\" \/>\n<meta property=\"og:url\" content=\"https:\/\/greenspells.com\/lt\/produktas\/ncla-beauty-balm-babe-watermelon-vegan-lip-balm\/\" \/>\n<meta property=\"og:site_name\" content=\"Greenspells\" \/>\n<meta property=\"article:publisher\" content=\"https:\/\/www.facebook.com\/Greenspells\" \/>\n<meta property=\"article:modified_time\" content=\"2023-07-17T11:03:29+00:00\" \/>\n<meta property=\"og:image\" content=\"https:\/\/greenspells.com\/wp-content\/uploads\/2022\/01\/Untitleddesign-2021-09-17T073629.039_480x480@2x.png\" \/>\n\t<meta property=\"og:image:width\" content=\"960\" \/>\n\t<meta property=\"og:image:height\" content=\"960\" \/>\n\t<meta property=\"og:image:type\" content=\"image\/png\" \/>\n<meta name=\"twitter:card\" content=\"summary_large_image\" \/>\n<meta name=\"twitter:label1\" content=\"Est. reading time\" \/>\n\t<meta name=\"twitter:data1\" content=\"1 minut\u0117\" \/>\n<script type=\"application\/ld+json\" class=\"yoast-schema-graph\">{\"@context\":\"https:\\\/\\\/schema.org\",\"@graph\":[{\"@type\":\"WebPage\",\"@id\":\"https:\\\/\\\/greenspells.com\\\/product\\\/ncla-beauty-balm-babe-watermelon-vegan-lip-balm\\\/\",\"url\":\"https:\\\/\\\/greenspells.com\\\/product\\\/ncla-beauty-balm-babe-watermelon-vegan-lip-balm\\\/\",\"name\":\"NCLA Beauty Balm Babe Watermelon vegan Lip Balm - Greenspells\",\"isPartOf\":{\"@id\":\"https:\\\/\\\/greenspells.com\\\/#website\"},\"primaryImageOfPage\":{\"@id\":\"https:\\\/\\\/greenspells.com\\\/product\\\/ncla-beauty-balm-babe-watermelon-vegan-lip-balm\\\/#primaryimage\"},\"image\":{\"@id\":\"https:\\\/\\\/greenspells.com\\\/product\\\/ncla-beauty-balm-babe-watermelon-vegan-lip-balm\\\/#primaryimage\"},\"thumbnailUrl\":\"https:\\\/\\\/i0.wp.com\\\/greenspells.com\\\/wp-content\\\/uploads\\\/2022\\\/01\\\/Untitleddesign-2021-09-17T073629.039_480x480%402x.png?fit=960%2C960&ssl=1\",\"datePublished\":\"2022-01-19T04:08:29+00:00\",\"dateModified\":\"2023-07-17T11:03:29+00:00\",\"description\":\"Welcome to paradise! A clean, natural and vegan lip balm that intensely soothes and nourishes lips.\",\"breadcrumb\":{\"@id\":\"https:\\\/\\\/greenspells.com\\\/product\\\/ncla-beauty-balm-babe-watermelon-vegan-lip-balm\\\/#breadcrumb\"},\"inLanguage\":\"lt-LT\",\"potentialAction\":[{\"@type\":\"ReadAction\",\"target\":[\"https:\\\/\\\/greenspells.com\\\/product\\\/ncla-beauty-balm-babe-watermelon-vegan-lip-balm\\\/\"]}]},{\"@type\":\"ImageObject\",\"inLanguage\":\"lt-LT\",\"@id\":\"https:\\\/\\\/greenspells.com\\\/product\\\/ncla-beauty-balm-babe-watermelon-vegan-lip-balm\\\/#primaryimage\",\"url\":\"https:\\\/\\\/i0.wp.com\\\/greenspells.com\\\/wp-content\\\/uploads\\\/2022\\\/01\\\/Untitleddesign-2021-09-17T073629.039_480x480%402x.png?fit=960%2C960&ssl=1\",\"contentUrl\":\"https:\\\/\\\/i0.wp.com\\\/greenspells.com\\\/wp-content\\\/uploads\\\/2022\\\/01\\\/Untitleddesign-2021-09-17T073629.039_480x480%402x.png?fit=960%2C960&ssl=1\",\"width\":960,\"height\":960},{\"@type\":\"BreadcrumbList\",\"@id\":\"https:\\\/\\\/greenspells.com\\\/product\\\/ncla-beauty-balm-babe-watermelon-vegan-lip-balm\\\/#breadcrumb\",\"itemListElement\":[{\"@type\":\"ListItem\",\"position\":1,\"name\":\"Home\",\"item\":\"https:\\\/\\\/greenspells.com\\\/\"},{\"@type\":\"ListItem\",\"position\":2,\"name\":\"Shop\",\"item\":\"https:\\\/\\\/greenspells.com\\\/shop\\\/\"},{\"@type\":\"ListItem\",\"position\":3,\"name\":\"NCLA Beauty Balm Babe Watermelon vegan Lip Balm\"}]},{\"@type\":\"WebSite\",\"@id\":\"https:\\\/\\\/greenspells.com\\\/#website\",\"url\":\"https:\\\/\\\/greenspells.com\\\/\",\"name\":\"Greenspells\",\"description\":\"Nat\u016brali ir ekologi\u0161ka kosmetika\",\"publisher\":{\"@id\":\"https:\\\/\\\/greenspells.com\\\/#organization\"},\"potentialAction\":[{\"@type\":\"SearchAction\",\"target\":{\"@type\":\"EntryPoint\",\"urlTemplate\":\"https:\\\/\\\/greenspells.com\\\/?s={search_term_string}\"},\"query-input\":{\"@type\":\"PropertyValueSpecification\",\"valueRequired\":true,\"valueName\":\"search_term_string\"}}],\"inLanguage\":\"lt-LT\"},{\"@type\":\"Organization\",\"@id\":\"https:\\\/\\\/greenspells.com\\\/#organization\",\"name\":\"Greenspells\",\"url\":\"https:\\\/\\\/greenspells.com\\\/\",\"logo\":{\"@type\":\"ImageObject\",\"inLanguage\":\"lt-LT\",\"@id\":\"https:\\\/\\\/greenspells.com\\\/#\\\/schema\\\/logo\\\/image\\\/\",\"url\":\"https:\\\/\\\/i0.wp.com\\\/greenspells.com\\\/wp-content\\\/uploads\\\/2020\\\/09\\\/20200722_153424_0000.png?fit=1500%2C1500&ssl=1\",\"contentUrl\":\"https:\\\/\\\/i0.wp.com\\\/greenspells.com\\\/wp-content\\\/uploads\\\/2020\\\/09\\\/20200722_153424_0000.png?fit=1500%2C1500&ssl=1\",\"width\":1500,\"height\":1500,\"caption\":\"Greenspells\"},\"image\":{\"@id\":\"https:\\\/\\\/greenspells.com\\\/#\\\/schema\\\/logo\\\/image\\\/\"},\"sameAs\":[\"https:\\\/\\\/www.facebook.com\\\/Greenspells\",\"https:\\\/\\\/www.instagram.com\\\/greenspells_store\\\/\"]}]}<\/script>\n<!-- \/ Yoast SEO plugin. -->","yoast_head_json":{"title":"NCLA Beauty  Balm Babe  Watermelon vegan Lip Balm - Greenspells","description":"Welcome to paradise! A clean, natural and vegan lip balm that intensely soothes and nourishes lips.","robots":{"index":"index","follow":"follow","max-snippet":"max-snippet:-1","max-image-preview":"max-image-preview:large","max-video-preview":"max-video-preview:-1"},"canonical":"https:\/\/greenspells.com\/lt\/produktas\/ncla-beauty-balm-babe-watermelon-vegan-lip-balm\/","og_locale":"lt_LT","og_type":"article","og_title":"NCLA Beauty  Balm Babe  Watermelon vegan Lip Balm - Greenspells","og_description":"Welcome to paradise! A clean, natural and vegan lip balm that intensely soothes and nourishes lips.","og_url":"https:\/\/greenspells.com\/lt\/produktas\/ncla-beauty-balm-babe-watermelon-vegan-lip-balm\/","og_site_name":"Greenspells","article_publisher":"https:\/\/www.facebook.com\/Greenspells","article_modified_time":"2023-07-17T11:03:29+00:00","og_image":[{"width":960,"height":960,"url":"https:\/\/greenspells.com\/wp-content\/uploads\/2022\/01\/Untitleddesign-2021-09-17T073629.039_480x480@2x.png","type":"image\/png"}],"twitter_card":"summary_large_image","twitter_misc":{"Est. reading time":"1 minut\u0117"},"schema":{"@context":"https:\/\/schema.org","@graph":[{"@type":"WebPage","@id":"https:\/\/greenspells.com\/product\/ncla-beauty-balm-babe-watermelon-vegan-lip-balm\/","url":"https:\/\/greenspells.com\/product\/ncla-beauty-balm-babe-watermelon-vegan-lip-balm\/","name":"NCLA Beauty Balm Babe Watermelon vegan Lip Balm - Greenspells","isPartOf":{"@id":"https:\/\/greenspells.com\/#website"},"primaryImageOfPage":{"@id":"https:\/\/greenspells.com\/product\/ncla-beauty-balm-babe-watermelon-vegan-lip-balm\/#primaryimage"},"image":{"@id":"https:\/\/greenspells.com\/product\/ncla-beauty-balm-babe-watermelon-vegan-lip-balm\/#primaryimage"},"thumbnailUrl":"https:\/\/i0.wp.com\/greenspells.com\/wp-content\/uploads\/2022\/01\/Untitleddesign-2021-09-17T073629.039_480x480%402x.png?fit=960%2C960&ssl=1","datePublished":"2022-01-19T04:08:29+00:00","dateModified":"2023-07-17T11:03:29+00:00","description":"Welcome to paradise! A clean, natural and vegan lip balm that intensely soothes and nourishes lips.","breadcrumb":{"@id":"https:\/\/greenspells.com\/product\/ncla-beauty-balm-babe-watermelon-vegan-lip-balm\/#breadcrumb"},"inLanguage":"lt-LT","potentialAction":[{"@type":"ReadAction","target":["https:\/\/greenspells.com\/product\/ncla-beauty-balm-babe-watermelon-vegan-lip-balm\/"]}]},{"@type":"ImageObject","inLanguage":"lt-LT","@id":"https:\/\/greenspells.com\/product\/ncla-beauty-balm-babe-watermelon-vegan-lip-balm\/#primaryimage","url":"https:\/\/i0.wp.com\/greenspells.com\/wp-content\/uploads\/2022\/01\/Untitleddesign-2021-09-17T073629.039_480x480%402x.png?fit=960%2C960&ssl=1","contentUrl":"https:\/\/i0.wp.com\/greenspells.com\/wp-content\/uploads\/2022\/01\/Untitleddesign-2021-09-17T073629.039_480x480%402x.png?fit=960%2C960&ssl=1","width":960,"height":960},{"@type":"BreadcrumbList","@id":"https:\/\/greenspells.com\/product\/ncla-beauty-balm-babe-watermelon-vegan-lip-balm\/#breadcrumb","itemListElement":[{"@type":"ListItem","position":1,"name":"Home","item":"https:\/\/greenspells.com\/"},{"@type":"ListItem","position":2,"name":"Shop","item":"https:\/\/greenspells.com\/shop\/"},{"@type":"ListItem","position":3,"name":"NCLA Beauty Balm Babe Watermelon vegan Lip Balm"}]},{"@type":"WebSite","@id":"https:\/\/greenspells.com\/#website","url":"https:\/\/greenspells.com\/","name":"Greenspells","description":"Nat\u016brali ir ekologi\u0161ka kosmetika","publisher":{"@id":"https:\/\/greenspells.com\/#organization"},"potentialAction":[{"@type":"SearchAction","target":{"@type":"EntryPoint","urlTemplate":"https:\/\/greenspells.com\/?s={search_term_string}"},"query-input":{"@type":"PropertyValueSpecification","valueRequired":true,"valueName":"search_term_string"}}],"inLanguage":"lt-LT"},{"@type":"Organization","@id":"https:\/\/greenspells.com\/#organization","name":"Greenspells","url":"https:\/\/greenspells.com\/","logo":{"@type":"ImageObject","inLanguage":"lt-LT","@id":"https:\/\/greenspells.com\/#\/schema\/logo\/image\/","url":"https:\/\/i0.wp.com\/greenspells.com\/wp-content\/uploads\/2020\/09\/20200722_153424_0000.png?fit=1500%2C1500&ssl=1","contentUrl":"https:\/\/i0.wp.com\/greenspells.com\/wp-content\/uploads\/2020\/09\/20200722_153424_0000.png?fit=1500%2C1500&ssl=1","width":1500,"height":1500,"caption":"Greenspells"},"image":{"@id":"https:\/\/greenspells.com\/#\/schema\/logo\/image\/"},"sameAs":["https:\/\/www.facebook.com\/Greenspells","https:\/\/www.instagram.com\/greenspells_store\/"]}]}},"jetpack_likes_enabled":true,"jetpack_sharing_enabled":true,"_links":{"self":[{"href":"https:\/\/greenspells.com\/lt\/wp-json\/wp\/v2\/product\/1669998","targetHints":{"allow":["GET"]}}],"collection":[{"href":"https:\/\/greenspells.com\/lt\/wp-json\/wp\/v2\/product"}],"about":[{"href":"https:\/\/greenspells.com\/lt\/wp-json\/wp\/v2\/types\/product"}],"replies":[{"embeddable":true,"href":"https:\/\/greenspells.com\/lt\/wp-json\/wp\/v2\/comments?post=1669998"}],"wp:featuredmedia":[{"embeddable":true,"href":"https:\/\/greenspells.com\/lt\/wp-json\/wp\/v2\/media\/1669999"}],"wp:attachment":[{"href":"https:\/\/greenspells.com\/lt\/wp-json\/wp\/v2\/media?parent=1669998"}],"wp:term":[{"taxonomy":"product_brand","embeddable":true,"href":"https:\/\/greenspells.com\/lt\/wp-json\/wp\/v2\/product_brand?post=1669998"},{"taxonomy":"product_cat","embeddable":true,"href":"https:\/\/greenspells.com\/lt\/wp-json\/wp\/v2\/product_cat?post=1669998"},{"taxonomy":"product_tag","embeddable":true,"href":"https:\/\/greenspells.com\/lt\/wp-json\/wp\/v2\/product_tag?post=1669998"}],"curies":[{"name":"wp","href":"https:\/\/api.w.org\/{rel}","templated":true}]}}