{"id":1669709,"date":"2021-06-08T08:41:05","date_gmt":"2021-06-08T06:41:05","guid":{"rendered":"https:\/\/greenspells.com\/?post_type=product&#038;p=1669709"},"modified":"2026-02-12T16:29:19","modified_gmt":"2026-02-12T14:29:19","slug":"antipodes-ananda-antioxidant-rich-gentle-toner-100ml","status":"publish","type":"product","link":"https:\/\/greenspells.com\/lt\/produktas\/antipodes-ananda-antioxidant-rich-gentle-toner-100ml\/","title":{"rendered":"ANTIPODES <br> Ananda H\u2082O intensyviai dr\u0117kinanti ir raminanti veido dulksna <br> 100ml"},"content":{"rendered":"<p style=\"font-weight: 400;\">Gaivinanti, dr\u0117kinanti ir raminanti vegani\u0161ka bei ekologi\u0161ka dulksna\u2013tonikas jautriai odai.<\/p>\n<p style=\"font-weight: 400;\">Atkurkite ramyb\u0119 dehidratuotai, sudirgusiai ar jautriai odai su \u0161iuo intensyviai dr\u0117kinan\u010diu toniku. Jis padeda suma\u017einti tempimo poj\u016bt\u012f, paraudim\u0105 ir suteikia odai gaivumo bei komforto.<\/p>\n<p style=\"font-weight: 400;\"><strong style=\"font-weight: 600;\">Dr\u0117kina od\u0105:<\/strong>\u00a0Skirtas dehidratuotai odai<\/p>\n<p style=\"font-weight: 400;\"><strong style=\"font-weight: 600;\">Ma\u017eina paraudim\u0105:<\/strong>\u00a0padeda jautriai ir sudirgusiai odai<\/p>\n<p style=\"font-weight: 400;\">\u0160is itin dr\u0117kinantis, dermatologi\u0161kai patvirtintas ekologi\u0161kas tonikas praturtintas auk\u0161\u010diausios kokyb\u0117s augaliniais ekstraktais, padedan\u010diais nuraminti ir atgaivinti od\u0105.\nOmega riebal\u0173 r\u016bg\u0161timis ir antioksidantais turtingas avie\u010di\u0173 s\u0117kl\u0173 ekstraktas padeda i\u0161laikyti od\u0105 mink\u0161t\u0105 ir gaivi\u0105. Alavijas ir pelkin\u0117 svilaro\u017e\u0117 (Marsh Mallow) ramina sudirgimus, o Naujosios Zelandijos juodasis papartis mamaku padeda atgaivinti ir sustiprinti odos i\u0161vaizd\u0105. Nat\u016bralus bulgari\u0161k\u0173 ro\u017ei\u0173 augalinis aromatas paver\u010dia \u0161i\u0105 dulksn\u0105 idealia odos paruo\u0161imo priemone j\u016bs\u0173 \u0161variosios kosmetikos rutinoje.<\/p>\n<p style=\"font-weight: 400;\"><strong style=\"font-weight: 600;\">Odos problemos:<\/strong>Dehidratacija, paraudimas<br \/>\n<strong style=\"font-weight: 600;\">Odos tipas:<\/strong>Tinka visiems odos tipams, ypatingai tinka jautriai odai (atlikite patikrinim\u0105 ma\u017eame plotelyje d\u0117l alergij\u0173).<br \/>\n<strong style=\"font-weight: 600;\">Kvapas:<\/strong>nat\u016bralus augalinis bulgari\u0161k\u0173 ro\u017ei\u0173 aromatas<br \/>\n<strong style=\"font-weight: 600;\">Tekst\u016bra:<\/strong>lengva, vandens pagrindo<br \/>\n<strong style=\"font-weight: 600;\">Poj\u016btis:<\/strong>\u0161velnus ir gaivinantis<\/p>\n<p style=\"font-weight: 400;\">Dermatologi\u0161kai patvirtinta kaip tinkama jautriai odai.\n(Nepriklausomas laboratorinis tyrimas: 50 jautri\u0105 od\u0105 turin\u010di\u0173 moter\u0173, Niujorkas, 2011 m.)<\/p>\n<p style=\"font-weight: 400;\">Sertifikuota VegSoc (Did\u017eiosios Britanijos Vegetarian\u0173 draugijos)\n\nSertifikuota BioGro New Zealand \u2013 viena did\u017eiausi\u0173 ir patikimiausi\u0173 ekologi\u0161k\u0173 produkt\u0173 sertifikavimo organizacij\u0173 Ramiojo vandenyno regione\nTvari pakuot\u0117:<\/p>\n<p style=\"font-weight: 400;\">\u2713 stiklinis buteliukas<br \/>\n\u2713 FSC sertifikuotas kartonas<br \/>\n\u2713 100 % augalin\u0117s kilm\u0117s ekologi\u0161ki da\u017eai<br \/>\n\u2713 biologi\u0161kai suyranti apsaugin\u0117 plomba<\/p>\n<p><em><strong>Kaip naudoti?<\/strong><\/em><\/p>\n<ol>\n<li>Naudokite kelis kartus per dien\u0105, kada tik odai jo norisi.<\/li>\n<li>Purk\u0161kite dosniai tiesiai ant veido, kaklo, decolte odos.<\/li>\n<\/ol>\n<p><em><strong>Sud\u0117tis:<\/strong><\/em><\/p>\n<p>Aqua (water), caprylyl\/capryl glucoside, Cyathea medullaris leaf (mamaku black fern) extract, Rubus idaeus (raspberry) fruit extract, Althaea officinalis (marshmallow) root extract, Aloe barbadensis (aloe vera) leaf juice powder, glycerin, bisabolol, gluconolactone, maltodextrin, sodium citrate, sodium benzoate, calcium gluconate, benzyl alcohol, dehydroacetic acid, Rosa damascena (damask rose) flower oil, Citronellol\u2020 \u2020Component of essential oil\u202f \u2666Certified organic ingredient Product certified organic to BioGro organic standard<\/p>\n<p><strong>Pagaminta BE:<\/strong> paraben\u0173, sulfat\u0173, ftalat\u0173, silikon\u0173, sintetini\u0173 u\u017epild\u0173, geneti\u0161kai modifikuot\u0173 ingredient\u0173, genetin\u0117s in\u017einerijos paveikt\u0173 ingredient\u0173, gyv\u016bnin\u0117s kilm\u0117s ingredient\u0173 (i\u0161skyrus med\u0173, sune\u0161am\u0105 gyv\u0173 bi\u010di\u0173), dirbtini\u0173 da\u017eikli\u0173, kvapikli\u0173, chemini\u0173 filtr\u0173 nuo saul\u0117s, mineralini\u0173 aliej\u0173, naftos produkt\u0173 (kaip pvz propylen glikolis), BHA (butylated hydroxyanisole), etanolamin\u0173 ir etoksiluot\u0173 ingredient\u0173.<\/p>","protected":false},"excerpt":{"rendered":"<p>A refreshing, hydrating, and calming vegan and organic toner for sensitive skin. Restore calm to dehydrated, stressed, or sensitive skin with this hydrating toner. Skin Hydrating:\u00a0Target dehydrated skin Anti-Redness:\u00a0Target redness &amp; sensitivity Bring bliss to stressed skin with this ultra-hydrating, dermatologically approved organic toner featuring premium botanical extracts. Omega and antioxidant-rich raspberry seed helps to [&hellip;]<\/p>","protected":false},"featured_media":1676940,"comment_status":"open","ping_status":"closed","template":"","meta":{"content-type":"","_monsterinsights_skip_tracking":false,"_monsterinsights_sitenote_active":false,"_monsterinsights_sitenote_note":"","_monsterinsights_sitenote_category":0,"_uf_show_specific_survey":0,"_uf_disable_surveys":false},"product_brand":[1654],"product_cat":[34,173,15],"product_tag":[896,694,894,869,460,895,645,893,174,644],"class_list":{"0":"post-1669709","1":"product","2":"type-product","3":"status-publish","4":"has-post-thumbnail","6":"product_brand-antipodes","7":"product_cat-skincare","8":"product_cat-toners","9":"product_cat-all-products","10":"product_tag-ananda-tonikas","11":"product_tag-antioksidantai","12":"product_tag-antioxidant-toner","13":"product_tag-antipodes","14":"product_tag-ekologiska-kosmetika","15":"product_tag-gaivinantis-tonikas","16":"product_tag-naturalus-tonikas","17":"product_tag-refreshing-toner","18":"product_tag-toner","19":"product_tag-tonikas","21":"first","22":"instock","23":"taxable","24":"shipping-taxable","25":"purchasable","26":"product-type-simple"},"bundled_by":[],"bundle_stock_status":"instock","bundle_stock_quantity":null,"bundle_virtual":false,"bundle_layout":"","bundle_add_to_cart_form_location":"","bundle_editable_in_cart":false,"bundle_sold_individually_context":"","bundle_item_grouping":"","bundle_min_size":"","bundle_max_size":"","bundle_price":[],"bundled_items":[],"bundle_sell_ids":[],"group_of_quantity":0,"min_quantity":0,"max_quantity":"","exclude_order_quantity_value_rules":"no","exclude_category_quantity_rules":"no","combine_variations":"no","exclude_global_add_ons":[],"addons":[],"yoast_head":"<!-- This site is optimized with the Yoast SEO plugin v27.3 - https:\/\/yoast.com\/product\/yoast-seo-wordpress\/ -->\n<title>ANTIPODES  Ananda H\u2082O Ultra-Hydrating Calming Mist  100ml - Greenspells<\/title>\n<meta name=\"description\" content=\"Premium botanical extracts blend with the natural minerals in pure New Zealand spring water to bring bliss to stressed skin.\" \/>\n<meta name=\"robots\" content=\"index, follow, max-snippet:-1, max-image-preview:large, max-video-preview:-1\" \/>\n<link rel=\"canonical\" href=\"https:\/\/greenspells.com\/lt\/produktas\/antipodes-ananda-antioxidant-rich-gentle-toner-100ml\/\" \/>\n<meta property=\"og:locale\" content=\"lt_LT\" \/>\n<meta property=\"og:type\" content=\"article\" \/>\n<meta property=\"og:title\" content=\"ANTIPODES  Ananda H\u2082O Ultra-Hydrating Calming Mist  100ml - Greenspells\" \/>\n<meta property=\"og:description\" content=\"Premium botanical extracts blend with the natural minerals in pure New Zealand spring water to bring bliss to stressed skin.\" \/>\n<meta property=\"og:url\" content=\"https:\/\/greenspells.com\/lt\/produktas\/antipodes-ananda-antioxidant-rich-gentle-toner-100ml\/\" \/>\n<meta property=\"og:site_name\" content=\"Greenspells\" \/>\n<meta property=\"article:publisher\" content=\"https:\/\/www.facebook.com\/Greenspells\" \/>\n<meta property=\"article:modified_time\" content=\"2026-02-12T14:29:19+00:00\" \/>\n<meta property=\"og:image\" content=\"https:\/\/greenspells.com\/wp-content\/uploads\/2021\/06\/ananda-h2o-ultra-hydrating-calming-mist-913759_800x.webp\" \/>\n\t<meta property=\"og:image:width\" content=\"800\" \/>\n\t<meta property=\"og:image:height\" content=\"800\" \/>\n\t<meta property=\"og:image:type\" content=\"image\/webp\" \/>\n<meta name=\"twitter:card\" content=\"summary_large_image\" \/>\n<meta name=\"twitter:label1\" content=\"Est. reading time\" \/>\n\t<meta name=\"twitter:data1\" content=\"2 minut\u0117s\" \/>\n<script type=\"application\/ld+json\" class=\"yoast-schema-graph\">{\"@context\":\"https:\\\/\\\/schema.org\",\"@graph\":[{\"@type\":\"WebPage\",\"@id\":\"https:\\\/\\\/greenspells.com\\\/product\\\/antipodes-ananda-antioxidant-rich-gentle-toner-100ml\\\/\",\"url\":\"https:\\\/\\\/greenspells.com\\\/product\\\/antipodes-ananda-antioxidant-rich-gentle-toner-100ml\\\/\",\"name\":\"ANTIPODES Ananda H\u2082O Ultra-Hydrating Calming Mist 100ml - Greenspells\",\"isPartOf\":{\"@id\":\"https:\\\/\\\/greenspells.com\\\/#website\"},\"primaryImageOfPage\":{\"@id\":\"https:\\\/\\\/greenspells.com\\\/product\\\/antipodes-ananda-antioxidant-rich-gentle-toner-100ml\\\/#primaryimage\"},\"image\":{\"@id\":\"https:\\\/\\\/greenspells.com\\\/product\\\/antipodes-ananda-antioxidant-rich-gentle-toner-100ml\\\/#primaryimage\"},\"thumbnailUrl\":\"https:\\\/\\\/i0.wp.com\\\/greenspells.com\\\/wp-content\\\/uploads\\\/2021\\\/06\\\/ananda-h2o-ultra-hydrating-calming-mist-913759_800x.webp?fit=800%2C800&ssl=1\",\"datePublished\":\"2021-06-08T06:41:05+00:00\",\"dateModified\":\"2026-02-12T14:29:19+00:00\",\"description\":\"Premium botanical extracts blend with the natural minerals in pure New Zealand spring water to bring bliss to stressed skin.\",\"breadcrumb\":{\"@id\":\"https:\\\/\\\/greenspells.com\\\/product\\\/antipodes-ananda-antioxidant-rich-gentle-toner-100ml\\\/#breadcrumb\"},\"inLanguage\":\"lt-LT\",\"potentialAction\":[{\"@type\":\"ReadAction\",\"target\":[\"https:\\\/\\\/greenspells.com\\\/product\\\/antipodes-ananda-antioxidant-rich-gentle-toner-100ml\\\/\"]}]},{\"@type\":\"ImageObject\",\"inLanguage\":\"lt-LT\",\"@id\":\"https:\\\/\\\/greenspells.com\\\/product\\\/antipodes-ananda-antioxidant-rich-gentle-toner-100ml\\\/#primaryimage\",\"url\":\"https:\\\/\\\/i0.wp.com\\\/greenspells.com\\\/wp-content\\\/uploads\\\/2021\\\/06\\\/ananda-h2o-ultra-hydrating-calming-mist-913759_800x.webp?fit=800%2C800&ssl=1\",\"contentUrl\":\"https:\\\/\\\/i0.wp.com\\\/greenspells.com\\\/wp-content\\\/uploads\\\/2021\\\/06\\\/ananda-h2o-ultra-hydrating-calming-mist-913759_800x.webp?fit=800%2C800&ssl=1\",\"width\":800,\"height\":800,\"caption\":\"Antipodes mist ANANDA\"},{\"@type\":\"BreadcrumbList\",\"@id\":\"https:\\\/\\\/greenspells.com\\\/product\\\/antipodes-ananda-antioxidant-rich-gentle-toner-100ml\\\/#breadcrumb\",\"itemListElement\":[{\"@type\":\"ListItem\",\"position\":1,\"name\":\"Home\",\"item\":\"https:\\\/\\\/greenspells.com\\\/\"},{\"@type\":\"ListItem\",\"position\":2,\"name\":\"Shop\",\"item\":\"https:\\\/\\\/greenspells.com\\\/shop\\\/\"},{\"@type\":\"ListItem\",\"position\":3,\"name\":\"ANTIPODES Ananda H\u2082O Ultra-Hydrating Calming Mist 100ml\"}]},{\"@type\":\"WebSite\",\"@id\":\"https:\\\/\\\/greenspells.com\\\/#website\",\"url\":\"https:\\\/\\\/greenspells.com\\\/\",\"name\":\"Greenspells\",\"description\":\"Nat\u016brali ir ekologi\u0161ka kosmetika\",\"publisher\":{\"@id\":\"https:\\\/\\\/greenspells.com\\\/#organization\"},\"potentialAction\":[{\"@type\":\"SearchAction\",\"target\":{\"@type\":\"EntryPoint\",\"urlTemplate\":\"https:\\\/\\\/greenspells.com\\\/?s={search_term_string}\"},\"query-input\":{\"@type\":\"PropertyValueSpecification\",\"valueRequired\":true,\"valueName\":\"search_term_string\"}}],\"inLanguage\":\"lt-LT\"},{\"@type\":\"Organization\",\"@id\":\"https:\\\/\\\/greenspells.com\\\/#organization\",\"name\":\"Greenspells\",\"url\":\"https:\\\/\\\/greenspells.com\\\/\",\"logo\":{\"@type\":\"ImageObject\",\"inLanguage\":\"lt-LT\",\"@id\":\"https:\\\/\\\/greenspells.com\\\/#\\\/schema\\\/logo\\\/image\\\/\",\"url\":\"https:\\\/\\\/i0.wp.com\\\/greenspells.com\\\/wp-content\\\/uploads\\\/2020\\\/09\\\/20200722_153424_0000.png?fit=1500%2C1500&ssl=1\",\"contentUrl\":\"https:\\\/\\\/i0.wp.com\\\/greenspells.com\\\/wp-content\\\/uploads\\\/2020\\\/09\\\/20200722_153424_0000.png?fit=1500%2C1500&ssl=1\",\"width\":1500,\"height\":1500,\"caption\":\"Greenspells\"},\"image\":{\"@id\":\"https:\\\/\\\/greenspells.com\\\/#\\\/schema\\\/logo\\\/image\\\/\"},\"sameAs\":[\"https:\\\/\\\/www.facebook.com\\\/Greenspells\",\"https:\\\/\\\/www.instagram.com\\\/greenspells_store\\\/\"]}]}<\/script>\n<!-- \/ Yoast SEO plugin. -->","yoast_head_json":{"title":"ANTIPODES  Ananda H\u2082O Ultra-Hydrating Calming Mist  100ml - Greenspells","description":"Premium botaniniai ekstraktai, sumai\u0161yti su nat\u016braliais Naujosios Zelandijos \u0161altinio vandens mineralais, \u0161velniai ir maloniai atgaivina od\u0105.","robots":{"index":"index","follow":"follow","max-snippet":"max-snippet:-1","max-image-preview":"max-image-preview:large","max-video-preview":"max-video-preview:-1"},"canonical":"https:\/\/greenspells.com\/lt\/produktas\/antipodes-ananda-antioxidant-rich-gentle-toner-100ml\/","og_locale":"lt_LT","og_type":"article","og_title":"ANTIPODES  Ananda H\u2082O Ultra-Hydrating Calming Mist  100ml - Greenspells","og_description":"Premium botanical extracts blend with the natural minerals in pure New Zealand spring water to bring bliss to stressed skin.","og_url":"https:\/\/greenspells.com\/lt\/produktas\/antipodes-ananda-antioxidant-rich-gentle-toner-100ml\/","og_site_name":"Greenspells","article_publisher":"https:\/\/www.facebook.com\/Greenspells","article_modified_time":"2026-02-12T14:29:19+00:00","og_image":[{"width":800,"height":800,"url":"https:\/\/greenspells.com\/wp-content\/uploads\/2021\/06\/ananda-h2o-ultra-hydrating-calming-mist-913759_800x.webp","type":"image\/webp"}],"twitter_card":"summary_large_image","twitter_misc":{"Est. reading time":"2 minut\u0117s"},"schema":{"@context":"https:\/\/schema.org","@graph":[{"@type":"WebPage","@id":"https:\/\/greenspells.com\/product\/antipodes-ananda-antioxidant-rich-gentle-toner-100ml\/","url":"https:\/\/greenspells.com\/product\/antipodes-ananda-antioxidant-rich-gentle-toner-100ml\/","name":"ANTIPODES Ananda H\u2082O Ultra-Hydrating Calming Mist 100ml - Greenspells","isPartOf":{"@id":"https:\/\/greenspells.com\/#website"},"primaryImageOfPage":{"@id":"https:\/\/greenspells.com\/product\/antipodes-ananda-antioxidant-rich-gentle-toner-100ml\/#primaryimage"},"image":{"@id":"https:\/\/greenspells.com\/product\/antipodes-ananda-antioxidant-rich-gentle-toner-100ml\/#primaryimage"},"thumbnailUrl":"https:\/\/i0.wp.com\/greenspells.com\/wp-content\/uploads\/2021\/06\/ananda-h2o-ultra-hydrating-calming-mist-913759_800x.webp?fit=800%2C800&ssl=1","datePublished":"2021-06-08T06:41:05+00:00","dateModified":"2026-02-12T14:29:19+00:00","description":"Premium botaniniai ekstraktai, sumai\u0161yti su nat\u016braliais Naujosios Zelandijos \u0161altinio vandens mineralais, \u0161velniai ir maloniai atgaivina od\u0105.","breadcrumb":{"@id":"https:\/\/greenspells.com\/product\/antipodes-ananda-antioxidant-rich-gentle-toner-100ml\/#breadcrumb"},"inLanguage":"lt-LT","potentialAction":[{"@type":"ReadAction","target":["https:\/\/greenspells.com\/product\/antipodes-ananda-antioxidant-rich-gentle-toner-100ml\/"]}]},{"@type":"ImageObject","inLanguage":"lt-LT","@id":"https:\/\/greenspells.com\/product\/antipodes-ananda-antioxidant-rich-gentle-toner-100ml\/#primaryimage","url":"https:\/\/i0.wp.com\/greenspells.com\/wp-content\/uploads\/2021\/06\/ananda-h2o-ultra-hydrating-calming-mist-913759_800x.webp?fit=800%2C800&ssl=1","contentUrl":"https:\/\/i0.wp.com\/greenspells.com\/wp-content\/uploads\/2021\/06\/ananda-h2o-ultra-hydrating-calming-mist-913759_800x.webp?fit=800%2C800&ssl=1","width":800,"height":800,"caption":"Antipodes mist ANANDA"},{"@type":"BreadcrumbList","@id":"https:\/\/greenspells.com\/product\/antipodes-ananda-antioxidant-rich-gentle-toner-100ml\/#breadcrumb","itemListElement":[{"@type":"ListItem","position":1,"name":"Home","item":"https:\/\/greenspells.com\/"},{"@type":"ListItem","position":2,"name":"Shop","item":"https:\/\/greenspells.com\/shop\/"},{"@type":"ListItem","position":3,"name":"ANTIPODES Ananda H\u2082O Ultra-Hydrating Calming Mist 100ml"}]},{"@type":"WebSite","@id":"https:\/\/greenspells.com\/#website","url":"https:\/\/greenspells.com\/","name":"Greenspells","description":"Nat\u016brali ir ekologi\u0161ka kosmetika","publisher":{"@id":"https:\/\/greenspells.com\/#organization"},"potentialAction":[{"@type":"SearchAction","target":{"@type":"EntryPoint","urlTemplate":"https:\/\/greenspells.com\/?s={search_term_string}"},"query-input":{"@type":"PropertyValueSpecification","valueRequired":true,"valueName":"search_term_string"}}],"inLanguage":"lt-LT"},{"@type":"Organization","@id":"https:\/\/greenspells.com\/#organization","name":"Greenspells","url":"https:\/\/greenspells.com\/","logo":{"@type":"ImageObject","inLanguage":"lt-LT","@id":"https:\/\/greenspells.com\/#\/schema\/logo\/image\/","url":"https:\/\/i0.wp.com\/greenspells.com\/wp-content\/uploads\/2020\/09\/20200722_153424_0000.png?fit=1500%2C1500&ssl=1","contentUrl":"https:\/\/i0.wp.com\/greenspells.com\/wp-content\/uploads\/2020\/09\/20200722_153424_0000.png?fit=1500%2C1500&ssl=1","width":1500,"height":1500,"caption":"Greenspells"},"image":{"@id":"https:\/\/greenspells.com\/#\/schema\/logo\/image\/"},"sameAs":["https:\/\/www.facebook.com\/Greenspells","https:\/\/www.instagram.com\/greenspells_store\/"]}]}},"jetpack_likes_enabled":true,"jetpack_sharing_enabled":true,"_links":{"self":[{"href":"https:\/\/greenspells.com\/lt\/wp-json\/wp\/v2\/product\/1669709","targetHints":{"allow":["GET"]}}],"collection":[{"href":"https:\/\/greenspells.com\/lt\/wp-json\/wp\/v2\/product"}],"about":[{"href":"https:\/\/greenspells.com\/lt\/wp-json\/wp\/v2\/types\/product"}],"replies":[{"embeddable":true,"href":"https:\/\/greenspells.com\/lt\/wp-json\/wp\/v2\/comments?post=1669709"}],"wp:featuredmedia":[{"embeddable":true,"href":"https:\/\/greenspells.com\/lt\/wp-json\/wp\/v2\/media\/1676940"}],"wp:attachment":[{"href":"https:\/\/greenspells.com\/lt\/wp-json\/wp\/v2\/media?parent=1669709"}],"wp:term":[{"taxonomy":"product_brand","embeddable":true,"href":"https:\/\/greenspells.com\/lt\/wp-json\/wp\/v2\/product_brand?post=1669709"},{"taxonomy":"product_cat","embeddable":true,"href":"https:\/\/greenspells.com\/lt\/wp-json\/wp\/v2\/product_cat?post=1669709"},{"taxonomy":"product_tag","embeddable":true,"href":"https:\/\/greenspells.com\/lt\/wp-json\/wp\/v2\/product_tag?post=1669709"}],"curies":[{"name":"wp","href":"https:\/\/api.w.org\/{rel}","templated":true}]}}