{"id":1669603,"date":"2021-05-18T11:02:14","date_gmt":"2021-05-18T09:02:14","guid":{"rendered":"https:\/\/greenspells.com\/?post_type=product&#038;p=1669603"},"modified":"2021-05-18T11:02:15","modified_gmt":"2021-05-18T09:02:15","slug":"ere-perez-papaya-sos-marmalade","status":"publish","type":"product","link":"https:\/\/greenspells.com\/lt\/produktas\/ere-perez-papaya-sos-marmalade\/","title":{"rendered":"ERE PEREZ <br> Daugiafunkcinis balzamas Papaya SOS Marmalade"},"content":{"rendered":"<p>Reabilituokite od\u0105 su \u0161iuo ypatingai raminan\u010diu daugiafunkciniu balzamu!<\/p>\n<p>Nuostabus kokteilis, kuris labai patiks odai, kuriai reikia pagalbos: kokos\u0173, kanapi\u0173, chia, greipfrut\u0173 aliejai, fermentuota papaja - greitai ir efektyviai apr\u016bpina b\u016btiniausiais antioksidantais ir vitaminais odai. \nUltra atstatanti formul\u0117 ramina \u012fvairius odos sudirgimus, \u012fbr\u0117\u017eimus, vabzd\u017ei\u0173 \u012fkandimus, i\u0161saus\u0117jusi\u0105, sutr\u016bkin\u0117jusi\u0105 od\u0105, gydo randus. Balzamas labai maloniai tirpsta ant odos ir greitai susigeria, gydo ir apsaugo.\n\nSukurtas veidui, rankoms, p\u0117doms, k\u016bnui, plaukams. Turi daug cinko, magnio, kalio. Medetkos ramina ir gydo u\u017edegimus, chia apr\u016bpina omega r\u016bg\u0161timis. Naudokite ma\u017eai arba daug, kada ir kur tik prireikia. Ypatingai pravers kelion\u0117se ir \u012fvairiuose gyvenimo nuotykiuose!<\/p>\n<p><em><strong>Kaip naudoti?<\/strong><\/em><\/p>\n<ol>\n<li>Naudokite gydyti ir apsaugoti l\u016bpas, rankas, od\u0105, randus, kulnus, i\u0161si\u0161akojusius plauk\u0173 galiukus, vabzd\u017ei\u0173 \u012fkandimus, \u012fbr\u0117\u017eimus ir kt.<\/li>\n<li>\u012emasa\u017euokite, kol susigers.<\/li>\n<li>Produktas taip pat \u0161velniai pa\u0161alina makia\u017e\u0105 - \u012fmasa\u017euokite balzam\u0105 \u012f veido od\u0105, ir nuvalykite \u0161iltu veido ran\u0161luostuku.<\/li>\n<\/ol>\n<p><em><strong>Sud\u0117tis:<\/strong><\/em><\/p>\n<p>Caprylic\/capric triglyceride, sweet almond (prunis amygdalus dulcis) oil, coconut (cocos nucifera) oil, candelilla (euphorbia cerifera) wax, mango (mangifera indica) seed butter, jojoba (simmondsia chinensis) seed oil, hemp (cannabis sativa) seed oil, shea (butyrospermum parkii) butter, vegetable squalane, tocopherol (vitamin e), buriti (mauritia flexuosa) fruit oil, papaya (carica papaya) fermented extract, chia (salvia hispanica) seed oil, grapefruit (citrus grandis) seed extract, olive (olea europaea) fruit oil, glycerin, ascorbic acid, calendula (calendula officinalis) flower extract. naturally in vegetable lipids.<\/p>","protected":false},"excerpt":{"rendered":"<p>Skin rehab in a vital soothe-all marmalade balm! Rescue your skin with this nourishing cocktail of coconut, hemp, chia, grapefruit oil &amp; fermented papaya that helps to hasten the delivery of essential antioxidants &amp; vitamins to the skin. An ultra-repairing formula to soothe any little abrasions, skin freakouts, dryness, insect bites or scars. This balm [&hellip;]<\/p>\n","protected":false},"featured_media":1669609,"comment_status":"open","ping_status":"closed","template":"","meta":{"content-type":"","_monsterinsights_skip_tracking":false,"_monsterinsights_sitenote_active":false,"_monsterinsights_sitenote_note":"","_monsterinsights_sitenote_category":0,"_uf_show_specific_survey":0,"_uf_disable_surveys":false},"product_brand":[],"product_cat":[137,20,141,320,40,34,15],"product_tag":[775,578,779,771,774,773,280,749,778,776,784,777,449,772,780,782,783,781],"class_list":{"0":"post-1669603","1":"product","2":"type-product","3":"status-publish","4":"has-post-thumbnail","6":"product_cat-bath-and-body","7":"product_cat-cleansers-and-exfoliators","8":"product_cat-hand-body-lotions","9":"product_cat-lip-care","10":"product_cat-moisturizers","11":"product_cat-skincare","12":"product_cat-all-products","13":"product_tag-daugiafunkcinis-balzamas","14":"product_tag-ere-perez","15":"product_tag-gydo","16":"product_tag-healing-balm","17":"product_tag-heals-insect-bites","18":"product_tag-heals-scars","19":"product_tag-make-up-remover","20":"product_tag-multitasking-balm","21":"product_tag-nagams","22":"product_tag-odai","23":"product_tag-papaya-sos-marmalade","24":"product_tag-pedoms","25":"product_tag-plaukams","26":"product_tag-protects-and-heals","27":"product_tag-ramina","28":"product_tag-randams","29":"product_tag-sudirgusiai-odai","30":"product_tag-vabzdziu-ikandimams","32":"first","33":"instock","34":"taxable","35":"shipping-taxable","36":"purchasable","37":"product-type-simple"},"bundled_by":[],"bundle_stock_status":"instock","bundle_stock_quantity":null,"bundle_virtual":false,"bundle_layout":"","bundle_add_to_cart_form_location":"","bundle_editable_in_cart":false,"bundle_sold_individually_context":"","bundle_item_grouping":"","bundle_min_size":"","bundle_max_size":"","bundle_price":[],"bundled_items":[],"bundle_sell_ids":[],"group_of_quantity":0,"min_quantity":0,"max_quantity":"","exclude_order_quantity_value_rules":"no","exclude_category_quantity_rules":"no","combine_variations":"no","exclude_global_add_ons":[],"addons":[],"yoast_head":"<!-- This site is optimized with the Yoast SEO plugin v27.4 - https:\/\/yoast.com\/product\/yoast-seo-wordpress\/ -->\n<title>ERE PEREZ  Papaya SOS Marmalade - Greenspells<\/title>\n<meta name=\"description\" content=\"Ultra-repairing formula to soothe any little abrasions, skin freakouts, dryness, insect bites or scars. Great for face\/hands\/feet\/ body\/hair.\" \/>\n<meta name=\"robots\" content=\"index, follow, max-snippet:-1, max-image-preview:large, max-video-preview:-1\" \/>\n<link rel=\"canonical\" href=\"https:\/\/greenspells.com\/lt\/produktas\/ere-perez-papaya-sos-marmalade\/\" \/>\n<meta property=\"og:locale\" content=\"lt_LT\" \/>\n<meta property=\"og:type\" content=\"article\" \/>\n<meta property=\"og:title\" content=\"ERE PEREZ  Papaya SOS Marmalade - Greenspells\" \/>\n<meta property=\"og:description\" content=\"Ultra-repairing formula to soothe any little abrasions, skin freakouts, dryness, insect bites or scars. Great for face\/hands\/feet\/ body\/hair.\" \/>\n<meta property=\"og:url\" content=\"https:\/\/greenspells.com\/lt\/produktas\/ere-perez-papaya-sos-marmalade\/\" \/>\n<meta property=\"og:site_name\" content=\"Greenspells\" \/>\n<meta property=\"article:publisher\" content=\"https:\/\/www.facebook.com\/Greenspells\" \/>\n<meta property=\"article:modified_time\" content=\"2021-05-18T09:02:15+00:00\" \/>\n<meta property=\"og:image\" content=\"https:\/\/i0.wp.com\/greenspells.com\/wp-content\/uploads\/2021\/05\/papaya-sos-marmalade_1024x1024@2x.jpg?fit=1024%2C1024&ssl=1\" \/>\n\t<meta property=\"og:image:width\" content=\"1024\" \/>\n\t<meta property=\"og:image:height\" content=\"1024\" \/>\n\t<meta property=\"og:image:type\" content=\"image\/jpeg\" \/>\n<meta name=\"twitter:card\" content=\"summary_large_image\" \/>\n<meta name=\"twitter:label1\" content=\"Est. reading time\" \/>\n\t<meta name=\"twitter:data1\" content=\"2 minut\u0117s\" \/>\n<script type=\"application\/ld+json\" class=\"yoast-schema-graph\">{\"@context\":\"https:\\\/\\\/schema.org\",\"@graph\":[{\"@type\":\"WebPage\",\"@id\":\"https:\\\/\\\/greenspells.com\\\/lt\\\/produktas\\\/ere-perez-papaya-sos-marmalade\\\/\",\"url\":\"https:\\\/\\\/greenspells.com\\\/lt\\\/produktas\\\/ere-perez-papaya-sos-marmalade\\\/\",\"name\":\"ERE PEREZ Papaya SOS Marmalade - Greenspells\",\"isPartOf\":{\"@id\":\"https:\\\/\\\/greenspells.com\\\/#website\"},\"primaryImageOfPage\":{\"@id\":\"https:\\\/\\\/greenspells.com\\\/lt\\\/produktas\\\/ere-perez-papaya-sos-marmalade\\\/#primaryimage\"},\"image\":{\"@id\":\"https:\\\/\\\/greenspells.com\\\/lt\\\/produktas\\\/ere-perez-papaya-sos-marmalade\\\/#primaryimage\"},\"thumbnailUrl\":\"https:\\\/\\\/i0.wp.com\\\/greenspells.com\\\/wp-content\\\/uploads\\\/2021\\\/05\\\/papaya-sos-marmalade_1024x1024%402x.jpg?fit=1024%2C1024&ssl=1\",\"datePublished\":\"2021-05-18T09:02:14+00:00\",\"dateModified\":\"2021-05-18T09:02:15+00:00\",\"description\":\"Ultra-repairing formula to soothe any little abrasions, skin freakouts, dryness, insect bites or scars. Great for face\\\/hands\\\/feet\\\/ body\\\/hair.\",\"breadcrumb\":{\"@id\":\"https:\\\/\\\/greenspells.com\\\/lt\\\/produktas\\\/ere-perez-papaya-sos-marmalade\\\/#breadcrumb\"},\"inLanguage\":\"lt-LT\",\"potentialAction\":[{\"@type\":\"ReadAction\",\"target\":[\"https:\\\/\\\/greenspells.com\\\/lt\\\/produktas\\\/ere-perez-papaya-sos-marmalade\\\/\"]}]},{\"@type\":\"ImageObject\",\"inLanguage\":\"lt-LT\",\"@id\":\"https:\\\/\\\/greenspells.com\\\/lt\\\/produktas\\\/ere-perez-papaya-sos-marmalade\\\/#primaryimage\",\"url\":\"https:\\\/\\\/i0.wp.com\\\/greenspells.com\\\/wp-content\\\/uploads\\\/2021\\\/05\\\/papaya-sos-marmalade_1024x1024%402x.jpg?fit=1024%2C1024&ssl=1\",\"contentUrl\":\"https:\\\/\\\/i0.wp.com\\\/greenspells.com\\\/wp-content\\\/uploads\\\/2021\\\/05\\\/papaya-sos-marmalade_1024x1024%402x.jpg?fit=1024%2C1024&ssl=1\",\"width\":1024,\"height\":1024,\"caption\":\"ere perez papaya sos marmalade\"},{\"@type\":\"BreadcrumbList\",\"@id\":\"https:\\\/\\\/greenspells.com\\\/lt\\\/produktas\\\/ere-perez-papaya-sos-marmalade\\\/#breadcrumb\",\"itemListElement\":[{\"@type\":\"ListItem\",\"position\":1,\"name\":\"Home\",\"item\":\"https:\\\/\\\/greenspells.com\\\/\"},{\"@type\":\"ListItem\",\"position\":2,\"name\":\"Shop\",\"item\":\"https:\\\/\\\/greenspells.com\\\/shop\\\/\"},{\"@type\":\"ListItem\",\"position\":3,\"name\":\"ERE PEREZ Papaya SOS Marmalade\"}]},{\"@type\":\"WebSite\",\"@id\":\"https:\\\/\\\/greenspells.com\\\/#website\",\"url\":\"https:\\\/\\\/greenspells.com\\\/\",\"name\":\"Greenspells\",\"description\":\"Nat\u016brali ir ekologi\u0161ka kosmetika\",\"publisher\":{\"@id\":\"https:\\\/\\\/greenspells.com\\\/#organization\"},\"potentialAction\":[{\"@type\":\"SearchAction\",\"target\":{\"@type\":\"EntryPoint\",\"urlTemplate\":\"https:\\\/\\\/greenspells.com\\\/?s={search_term_string}\"},\"query-input\":{\"@type\":\"PropertyValueSpecification\",\"valueRequired\":true,\"valueName\":\"search_term_string\"}}],\"inLanguage\":\"lt-LT\"},{\"@type\":\"Organization\",\"@id\":\"https:\\\/\\\/greenspells.com\\\/#organization\",\"name\":\"Greenspells\",\"url\":\"https:\\\/\\\/greenspells.com\\\/\",\"logo\":{\"@type\":\"ImageObject\",\"inLanguage\":\"lt-LT\",\"@id\":\"https:\\\/\\\/greenspells.com\\\/#\\\/schema\\\/logo\\\/image\\\/\",\"url\":\"https:\\\/\\\/i0.wp.com\\\/greenspells.com\\\/wp-content\\\/uploads\\\/2020\\\/09\\\/20200722_153424_0000.png?fit=1500%2C1500&ssl=1\",\"contentUrl\":\"https:\\\/\\\/i0.wp.com\\\/greenspells.com\\\/wp-content\\\/uploads\\\/2020\\\/09\\\/20200722_153424_0000.png?fit=1500%2C1500&ssl=1\",\"width\":1500,\"height\":1500,\"caption\":\"Greenspells\"},\"image\":{\"@id\":\"https:\\\/\\\/greenspells.com\\\/#\\\/schema\\\/logo\\\/image\\\/\"},\"sameAs\":[\"https:\\\/\\\/www.facebook.com\\\/Greenspells\",\"https:\\\/\\\/www.instagram.com\\\/greenspells_store\\\/\"]}]}<\/script>\n<!-- \/ Yoast SEO plugin. -->","yoast_head_json":{"title":"ERE PEREZ  Papaya SOS Marmalade - Greenspells","description":"Ultra-repairing formula to soothe any little abrasions, skin freakouts, dryness, insect bites or scars. Great for face\/hands\/feet\/ body\/hair.","robots":{"index":"index","follow":"follow","max-snippet":"max-snippet:-1","max-image-preview":"max-image-preview:large","max-video-preview":"max-video-preview:-1"},"canonical":"https:\/\/greenspells.com\/lt\/produktas\/ere-perez-papaya-sos-marmalade\/","og_locale":"lt_LT","og_type":"article","og_title":"ERE PEREZ  Papaya SOS Marmalade - Greenspells","og_description":"Ultra-repairing formula to soothe any little abrasions, skin freakouts, dryness, insect bites or scars. Great for face\/hands\/feet\/ body\/hair.","og_url":"https:\/\/greenspells.com\/lt\/produktas\/ere-perez-papaya-sos-marmalade\/","og_site_name":"Greenspells","article_publisher":"https:\/\/www.facebook.com\/Greenspells","article_modified_time":"2021-05-18T09:02:15+00:00","og_image":[{"width":1024,"height":1024,"url":"https:\/\/i0.wp.com\/greenspells.com\/wp-content\/uploads\/2021\/05\/papaya-sos-marmalade_1024x1024@2x.jpg?fit=1024%2C1024&ssl=1","type":"image\/jpeg"}],"twitter_card":"summary_large_image","twitter_misc":{"Est. reading time":"2 minut\u0117s"},"schema":{"@context":"https:\/\/schema.org","@graph":[{"@type":"WebPage","@id":"https:\/\/greenspells.com\/lt\/produktas\/ere-perez-papaya-sos-marmalade\/","url":"https:\/\/greenspells.com\/lt\/produktas\/ere-perez-papaya-sos-marmalade\/","name":"ERE PEREZ Papaya SOS Marmalade - Greenspells","isPartOf":{"@id":"https:\/\/greenspells.com\/#website"},"primaryImageOfPage":{"@id":"https:\/\/greenspells.com\/lt\/produktas\/ere-perez-papaya-sos-marmalade\/#primaryimage"},"image":{"@id":"https:\/\/greenspells.com\/lt\/produktas\/ere-perez-papaya-sos-marmalade\/#primaryimage"},"thumbnailUrl":"https:\/\/i0.wp.com\/greenspells.com\/wp-content\/uploads\/2021\/05\/papaya-sos-marmalade_1024x1024%402x.jpg?fit=1024%2C1024&ssl=1","datePublished":"2021-05-18T09:02:14+00:00","dateModified":"2021-05-18T09:02:15+00:00","description":"Ultra-repairing formula to soothe any little abrasions, skin freakouts, dryness, insect bites or scars. Great for face\/hands\/feet\/ body\/hair.","breadcrumb":{"@id":"https:\/\/greenspells.com\/lt\/produktas\/ere-perez-papaya-sos-marmalade\/#breadcrumb"},"inLanguage":"lt-LT","potentialAction":[{"@type":"ReadAction","target":["https:\/\/greenspells.com\/lt\/produktas\/ere-perez-papaya-sos-marmalade\/"]}]},{"@type":"ImageObject","inLanguage":"lt-LT","@id":"https:\/\/greenspells.com\/lt\/produktas\/ere-perez-papaya-sos-marmalade\/#primaryimage","url":"https:\/\/i0.wp.com\/greenspells.com\/wp-content\/uploads\/2021\/05\/papaya-sos-marmalade_1024x1024%402x.jpg?fit=1024%2C1024&ssl=1","contentUrl":"https:\/\/i0.wp.com\/greenspells.com\/wp-content\/uploads\/2021\/05\/papaya-sos-marmalade_1024x1024%402x.jpg?fit=1024%2C1024&ssl=1","width":1024,"height":1024,"caption":"ere perez papaya sos marmalade"},{"@type":"BreadcrumbList","@id":"https:\/\/greenspells.com\/lt\/produktas\/ere-perez-papaya-sos-marmalade\/#breadcrumb","itemListElement":[{"@type":"ListItem","position":1,"name":"Home","item":"https:\/\/greenspells.com\/"},{"@type":"ListItem","position":2,"name":"Shop","item":"https:\/\/greenspells.com\/shop\/"},{"@type":"ListItem","position":3,"name":"ERE PEREZ Papaya SOS Marmalade"}]},{"@type":"WebSite","@id":"https:\/\/greenspells.com\/#website","url":"https:\/\/greenspells.com\/","name":"Greenspells","description":"Nat\u016brali ir ekologi\u0161ka kosmetika","publisher":{"@id":"https:\/\/greenspells.com\/#organization"},"potentialAction":[{"@type":"SearchAction","target":{"@type":"EntryPoint","urlTemplate":"https:\/\/greenspells.com\/?s={search_term_string}"},"query-input":{"@type":"PropertyValueSpecification","valueRequired":true,"valueName":"search_term_string"}}],"inLanguage":"lt-LT"},{"@type":"Organization","@id":"https:\/\/greenspells.com\/#organization","name":"Greenspells","url":"https:\/\/greenspells.com\/","logo":{"@type":"ImageObject","inLanguage":"lt-LT","@id":"https:\/\/greenspells.com\/#\/schema\/logo\/image\/","url":"https:\/\/i0.wp.com\/greenspells.com\/wp-content\/uploads\/2020\/09\/20200722_153424_0000.png?fit=1500%2C1500&ssl=1","contentUrl":"https:\/\/i0.wp.com\/greenspells.com\/wp-content\/uploads\/2020\/09\/20200722_153424_0000.png?fit=1500%2C1500&ssl=1","width":1500,"height":1500,"caption":"Greenspells"},"image":{"@id":"https:\/\/greenspells.com\/#\/schema\/logo\/image\/"},"sameAs":["https:\/\/www.facebook.com\/Greenspells","https:\/\/www.instagram.com\/greenspells_store\/"]}]}},"jetpack_likes_enabled":true,"jetpack_sharing_enabled":true,"_links":{"self":[{"href":"https:\/\/greenspells.com\/lt\/wp-json\/wp\/v2\/product\/1669603","targetHints":{"allow":["GET"]}}],"collection":[{"href":"https:\/\/greenspells.com\/lt\/wp-json\/wp\/v2\/product"}],"about":[{"href":"https:\/\/greenspells.com\/lt\/wp-json\/wp\/v2\/types\/product"}],"replies":[{"embeddable":true,"href":"https:\/\/greenspells.com\/lt\/wp-json\/wp\/v2\/comments?post=1669603"}],"wp:featuredmedia":[{"embeddable":true,"href":"https:\/\/greenspells.com\/lt\/wp-json\/wp\/v2\/media\/1669609"}],"wp:attachment":[{"href":"https:\/\/greenspells.com\/lt\/wp-json\/wp\/v2\/media?parent=1669603"}],"wp:term":[{"taxonomy":"product_brand","embeddable":true,"href":"https:\/\/greenspells.com\/lt\/wp-json\/wp\/v2\/product_brand?post=1669603"},{"taxonomy":"product_cat","embeddable":true,"href":"https:\/\/greenspells.com\/lt\/wp-json\/wp\/v2\/product_cat?post=1669603"},{"taxonomy":"product_tag","embeddable":true,"href":"https:\/\/greenspells.com\/lt\/wp-json\/wp\/v2\/product_tag?post=1669603"}],"curies":[{"name":"wp","href":"https:\/\/api.w.org\/{rel}","templated":true}]}}