{"id":1669584,"date":"2021-05-18T10:24:29","date_gmt":"2021-05-18T08:24:29","guid":{"rendered":"https:\/\/greenspells.com\/?post_type=product&#038;p=1669584"},"modified":"2022-07-16T08:32:23","modified_gmt":"2022-07-16T06:32:23","slug":"ere-perez-vanilla-highlighter","status":"publish","type":"product","link":"https:\/\/greenspells.com\/lt\/produktas\/ere-perez-vanilla-highlighter\/","title":{"rendered":"ERE PEREZ <br> \u0160vyt\u0117jimo suteikianti priemon\u0117 Vanilla Highlighter"},"content":{"rendered":"<p>\u0160is kreminis pabr\u0117\u017etukas \/ highlighter'is suteikia nuostabaus \u0161vyt\u0117jimo! Laabai lengvai ir maloniai dengiasi, maloniai kvepia. TInka naudoti i\u0161kiliausioms vietoms pabr\u0117\u017eti - skruostikauliams, aki\u0173 vokams, antaki\u0173 ir nosies kauliukui, l\u016bp\u0173 lankeliui, Taip pat nosiai, dekolte.\nSud\u0117tyje esanti vanil\u0117 - ne tik maloniai kvepia, bet ir ramina, atpalaiduoja. \nGalima naudoti tiek ant \u0161varaus veido, tiek ant kremin\u0117s pudros.\nKameros myli \u0161\u012f highlighter\u012f!<\/p>\n<p><em><strong>Atspalviai:<\/strong><\/em><\/p>\n<p><strong>Falling Star<\/strong>Suteikia nuostab\u0173 sidarbin\u012f \u017evilges\u012f.<\/p>\n<p><strong>Sun Halo<\/strong>Suteikia nuostab\u0173 auksin\u012f \u017evilges\u012f.<\/p>\n<p><em><strong>Kaip naudoti?<\/strong><\/em><\/p>\n<ol>\n<li>\u00a0Tepkite \u0161epet\u0117liais, ar pir\u0161tais vir\u0161 ir po antakio apa\u010dia, vidinius akies kampu\u010dius, i\u0161kiliausias skruost\u0173 vietas.<\/li>\n<li>\u0160velniai i\u0161sklaidykite.<\/li>\n<li>Extra \u017evilgesiui naudokite ir ant raktikauli\u0173, dekole.<\/li>\n<\/ol>\n<p><em><strong>Sud\u0117tis:<\/strong><\/em><\/p>\n<p>Caprylic \/capric triglyceride, hydrogenated olive (olea europaea) oil, candelilla (euphorbia cerifera) wax, cocoa (theobroma cacao) butter, ozokerite, avocado (persea gratissima) oil, grape (vitis vinifera) seed oil, vanilla (vanilla planifolia) extract, tocopheryl acetate (vitamin E). May contain: +\/- iron oxides, CI 77019, CI 77891.<\/p>","protected":false},"excerpt":{"rendered":"<p>A cream highlighter to catch the light and shine like a star, celebrate what\u2019s best about you. Deliciously smooth formulation to be used on cheekbones, eyelids, brow bones and lips.\u00a0 This highlighter has a silver shimmer finish. Star ingredient vanilla is calming and relaxing, perfect for stressed skin. Can be applied to a fresh clean [&hellip;]<\/p>\n","protected":false},"featured_media":1669601,"comment_status":"open","ping_status":"closed","template":"","meta":{"content-type":"","_monsterinsights_skip_tracking":false,"_monsterinsights_sitenote_active":false,"_monsterinsights_sitenote_note":"","_monsterinsights_sitenote_category":0,"_uf_show_specific_survey":0,"_uf_disable_surveys":false},"product_brand":[],"product_cat":[133,42,15],"product_tag":[768,765,760,767,762,592,763,770,769,766,761,764],"class_list":{"0":"post-1669584","1":"product","2":"type-product","3":"status-publish","4":"has-post-thumbnail","6":"product_cat-complexion","7":"product_cat-make-up","8":"product_cat-all-products","9":"product_tag-svytejimas","10":"product_tag-cream-highlighter","11":"product_tag-ere-perex","12":"product_tag-golden-highlighter","13":"product_tag-highlighter","14":"product_tag-makiazas","15":"product_tag-natural-make-up","16":"product_tag-pabreztukas","17":"product_tag-priemone-suteikinati-svytejimo","18":"product_tag-silver-highlighter","19":"product_tag-vanilla-highlighter","20":"product_tag-vegan-make-up","22":"first","23":"instock","24":"taxable","25":"shipping-taxable","26":"purchasable","27":"product-type-variable"},"bundled_by":[],"bundle_stock_status":"instock","bundle_stock_quantity":null,"bundle_virtual":false,"bundle_layout":"","bundle_add_to_cart_form_location":"","bundle_editable_in_cart":false,"bundle_sold_individually_context":"","bundle_item_grouping":"","bundle_min_size":"","bundle_max_size":"","bundle_price":[],"bundled_items":[],"bundle_sell_ids":[],"group_of_quantity":0,"min_quantity":0,"max_quantity":"","exclude_order_quantity_value_rules":"no","exclude_category_quantity_rules":"no","combine_variations":"no","exclude_global_add_ons":[],"addons":[],"yoast_head":"<!-- This site is optimized with the Yoast SEO plugin v27.5 - https:\/\/yoast.com\/product\/yoast-seo-wordpress\/ -->\n<title>ERE PEREZ  Vanilla Highlighter - Greenspells<\/title>\n<meta name=\"description\" content=\"A cream highlighter to catch the light and shine like a star!\u00a0Deliciously smooth formulation for cheekbones, eyelids, brow bones and lips.\" \/>\n<meta name=\"robots\" content=\"index, follow, max-snippet:-1, max-image-preview:large, max-video-preview:-1\" \/>\n<link rel=\"canonical\" href=\"https:\/\/greenspells.com\/lt\/produktas\/ere-perez-vanilla-highlighter\/\" \/>\n<meta property=\"og:locale\" content=\"lt_LT\" \/>\n<meta property=\"og:type\" content=\"article\" \/>\n<meta property=\"og:title\" content=\"ERE PEREZ  Vanilla Highlighter - Greenspells\" \/>\n<meta property=\"og:description\" content=\"A cream highlighter to catch the light and shine like a star!\u00a0Deliciously smooth formulation for cheekbones, eyelids, brow bones and lips.\" \/>\n<meta property=\"og:url\" content=\"https:\/\/greenspells.com\/lt\/produktas\/ere-perez-vanilla-highlighter\/\" \/>\n<meta property=\"og:site_name\" content=\"Greenspells\" \/>\n<meta property=\"article:publisher\" content=\"https:\/\/www.facebook.com\/Greenspells\" \/>\n<meta property=\"article:modified_time\" content=\"2022-07-16T06:32:23+00:00\" \/>\n<meta property=\"og:image\" content=\"https:\/\/greenspells.com\/wp-content\/uploads\/2021\/05\/EP_Arnica_Concealer_FallingStar_WebNew_568x756.jpg\" \/>\n\t<meta property=\"og:image:width\" content=\"568\" \/>\n\t<meta property=\"og:image:height\" content=\"692\" \/>\n\t<meta property=\"og:image:type\" content=\"image\/jpeg\" \/>\n<meta name=\"twitter:card\" content=\"summary_large_image\" \/>\n<meta name=\"twitter:label1\" content=\"Est. reading time\" \/>\n\t<meta name=\"twitter:data1\" content=\"2 minut\u0117s\" \/>\n<script type=\"application\/ld+json\" class=\"yoast-schema-graph\">{\"@context\":\"https:\\\/\\\/schema.org\",\"@graph\":[{\"@type\":\"WebPage\",\"@id\":\"https:\\\/\\\/greenspells.com\\\/product\\\/ere-perez-vanilla-highlighter\\\/\",\"url\":\"https:\\\/\\\/greenspells.com\\\/product\\\/ere-perez-vanilla-highlighter\\\/\",\"name\":\"ERE PEREZ Vanilla Highlighter - Greenspells\",\"isPartOf\":{\"@id\":\"https:\\\/\\\/greenspells.com\\\/#website\"},\"primaryImageOfPage\":{\"@id\":\"https:\\\/\\\/greenspells.com\\\/product\\\/ere-perez-vanilla-highlighter\\\/#primaryimage\"},\"image\":{\"@id\":\"https:\\\/\\\/greenspells.com\\\/product\\\/ere-perez-vanilla-highlighter\\\/#primaryimage\"},\"thumbnailUrl\":\"https:\\\/\\\/i0.wp.com\\\/greenspells.com\\\/wp-content\\\/uploads\\\/2021\\\/05\\\/EP_Arnica_Concealer_FallingStar_WebNew_568x756.jpg?fit=568%2C692&ssl=1\",\"datePublished\":\"2021-05-18T08:24:29+00:00\",\"dateModified\":\"2022-07-16T06:32:23+00:00\",\"description\":\"A cream highlighter to catch the light and shine like a star!\u00a0Deliciously smooth formulation for cheekbones, eyelids, brow bones and lips.\",\"breadcrumb\":{\"@id\":\"https:\\\/\\\/greenspells.com\\\/product\\\/ere-perez-vanilla-highlighter\\\/#breadcrumb\"},\"inLanguage\":\"lt-LT\",\"potentialAction\":[{\"@type\":\"ReadAction\",\"target\":[\"https:\\\/\\\/greenspells.com\\\/product\\\/ere-perez-vanilla-highlighter\\\/\"]}]},{\"@type\":\"ImageObject\",\"inLanguage\":\"lt-LT\",\"@id\":\"https:\\\/\\\/greenspells.com\\\/product\\\/ere-perez-vanilla-highlighter\\\/#primaryimage\",\"url\":\"https:\\\/\\\/i0.wp.com\\\/greenspells.com\\\/wp-content\\\/uploads\\\/2021\\\/05\\\/EP_Arnica_Concealer_FallingStar_WebNew_568x756.jpg?fit=568%2C692&ssl=1\",\"contentUrl\":\"https:\\\/\\\/i0.wp.com\\\/greenspells.com\\\/wp-content\\\/uploads\\\/2021\\\/05\\\/EP_Arnica_Concealer_FallingStar_WebNew_568x756.jpg?fit=568%2C692&ssl=1\",\"width\":568,\"height\":692,\"caption\":\"ere perez highlighter falling star\"},{\"@type\":\"BreadcrumbList\",\"@id\":\"https:\\\/\\\/greenspells.com\\\/product\\\/ere-perez-vanilla-highlighter\\\/#breadcrumb\",\"itemListElement\":[{\"@type\":\"ListItem\",\"position\":1,\"name\":\"Home\",\"item\":\"https:\\\/\\\/greenspells.com\\\/\"},{\"@type\":\"ListItem\",\"position\":2,\"name\":\"Shop\",\"item\":\"https:\\\/\\\/greenspells.com\\\/shop\\\/\"},{\"@type\":\"ListItem\",\"position\":3,\"name\":\"ERE PEREZ Vanilla Highlighter\"}]},{\"@type\":\"WebSite\",\"@id\":\"https:\\\/\\\/greenspells.com\\\/#website\",\"url\":\"https:\\\/\\\/greenspells.com\\\/\",\"name\":\"Greenspells\",\"description\":\"Nat\u016brali ir ekologi\u0161ka kosmetika\",\"publisher\":{\"@id\":\"https:\\\/\\\/greenspells.com\\\/#organization\"},\"potentialAction\":[{\"@type\":\"SearchAction\",\"target\":{\"@type\":\"EntryPoint\",\"urlTemplate\":\"https:\\\/\\\/greenspells.com\\\/?s={search_term_string}\"},\"query-input\":{\"@type\":\"PropertyValueSpecification\",\"valueRequired\":true,\"valueName\":\"search_term_string\"}}],\"inLanguage\":\"lt-LT\"},{\"@type\":\"Organization\",\"@id\":\"https:\\\/\\\/greenspells.com\\\/#organization\",\"name\":\"Greenspells\",\"url\":\"https:\\\/\\\/greenspells.com\\\/\",\"logo\":{\"@type\":\"ImageObject\",\"inLanguage\":\"lt-LT\",\"@id\":\"https:\\\/\\\/greenspells.com\\\/#\\\/schema\\\/logo\\\/image\\\/\",\"url\":\"https:\\\/\\\/i0.wp.com\\\/greenspells.com\\\/wp-content\\\/uploads\\\/2020\\\/09\\\/20200722_153424_0000.png?fit=1500%2C1500&ssl=1\",\"contentUrl\":\"https:\\\/\\\/i0.wp.com\\\/greenspells.com\\\/wp-content\\\/uploads\\\/2020\\\/09\\\/20200722_153424_0000.png?fit=1500%2C1500&ssl=1\",\"width\":1500,\"height\":1500,\"caption\":\"Greenspells\"},\"image\":{\"@id\":\"https:\\\/\\\/greenspells.com\\\/#\\\/schema\\\/logo\\\/image\\\/\"},\"sameAs\":[\"https:\\\/\\\/www.facebook.com\\\/Greenspells\",\"https:\\\/\\\/www.instagram.com\\\/greenspells_store\\\/\"]}]}<\/script>\n<!-- \/ Yoast SEO plugin. -->","yoast_head_json":{"title":"ERE PEREZ  Vanilla Highlighter - Greenspells","description":"A cream highlighter to catch the light and shine like a star!\u00a0Deliciously smooth formulation for cheekbones, eyelids, brow bones and lips.","robots":{"index":"index","follow":"follow","max-snippet":"max-snippet:-1","max-image-preview":"max-image-preview:large","max-video-preview":"max-video-preview:-1"},"canonical":"https:\/\/greenspells.com\/lt\/produktas\/ere-perez-vanilla-highlighter\/","og_locale":"lt_LT","og_type":"article","og_title":"ERE PEREZ  Vanilla Highlighter - Greenspells","og_description":"A cream highlighter to catch the light and shine like a star!\u00a0Deliciously smooth formulation for cheekbones, eyelids, brow bones and lips.","og_url":"https:\/\/greenspells.com\/lt\/produktas\/ere-perez-vanilla-highlighter\/","og_site_name":"Greenspells","article_publisher":"https:\/\/www.facebook.com\/Greenspells","article_modified_time":"2022-07-16T06:32:23+00:00","og_image":[{"width":568,"height":692,"url":"https:\/\/greenspells.com\/wp-content\/uploads\/2021\/05\/EP_Arnica_Concealer_FallingStar_WebNew_568x756.jpg","type":"image\/jpeg"}],"twitter_card":"summary_large_image","twitter_misc":{"Est. reading time":"2 minut\u0117s"},"schema":{"@context":"https:\/\/schema.org","@graph":[{"@type":"WebPage","@id":"https:\/\/greenspells.com\/product\/ere-perez-vanilla-highlighter\/","url":"https:\/\/greenspells.com\/product\/ere-perez-vanilla-highlighter\/","name":"ERE PEREZ Vanilla Highlighter - Greenspells","isPartOf":{"@id":"https:\/\/greenspells.com\/#website"},"primaryImageOfPage":{"@id":"https:\/\/greenspells.com\/product\/ere-perez-vanilla-highlighter\/#primaryimage"},"image":{"@id":"https:\/\/greenspells.com\/product\/ere-perez-vanilla-highlighter\/#primaryimage"},"thumbnailUrl":"https:\/\/i0.wp.com\/greenspells.com\/wp-content\/uploads\/2021\/05\/EP_Arnica_Concealer_FallingStar_WebNew_568x756.jpg?fit=568%2C692&ssl=1","datePublished":"2021-05-18T08:24:29+00:00","dateModified":"2022-07-16T06:32:23+00:00","description":"A cream highlighter to catch the light and shine like a star!\u00a0Deliciously smooth formulation for cheekbones, eyelids, brow bones and lips.","breadcrumb":{"@id":"https:\/\/greenspells.com\/product\/ere-perez-vanilla-highlighter\/#breadcrumb"},"inLanguage":"lt-LT","potentialAction":[{"@type":"ReadAction","target":["https:\/\/greenspells.com\/product\/ere-perez-vanilla-highlighter\/"]}]},{"@type":"ImageObject","inLanguage":"lt-LT","@id":"https:\/\/greenspells.com\/product\/ere-perez-vanilla-highlighter\/#primaryimage","url":"https:\/\/i0.wp.com\/greenspells.com\/wp-content\/uploads\/2021\/05\/EP_Arnica_Concealer_FallingStar_WebNew_568x756.jpg?fit=568%2C692&ssl=1","contentUrl":"https:\/\/i0.wp.com\/greenspells.com\/wp-content\/uploads\/2021\/05\/EP_Arnica_Concealer_FallingStar_WebNew_568x756.jpg?fit=568%2C692&ssl=1","width":568,"height":692,"caption":"ere perez highlighter falling star"},{"@type":"BreadcrumbList","@id":"https:\/\/greenspells.com\/product\/ere-perez-vanilla-highlighter\/#breadcrumb","itemListElement":[{"@type":"ListItem","position":1,"name":"Home","item":"https:\/\/greenspells.com\/"},{"@type":"ListItem","position":2,"name":"Shop","item":"https:\/\/greenspells.com\/shop\/"},{"@type":"ListItem","position":3,"name":"ERE PEREZ Vanilla Highlighter"}]},{"@type":"WebSite","@id":"https:\/\/greenspells.com\/#website","url":"https:\/\/greenspells.com\/","name":"Greenspells","description":"Nat\u016brali ir ekologi\u0161ka kosmetika","publisher":{"@id":"https:\/\/greenspells.com\/#organization"},"potentialAction":[{"@type":"SearchAction","target":{"@type":"EntryPoint","urlTemplate":"https:\/\/greenspells.com\/?s={search_term_string}"},"query-input":{"@type":"PropertyValueSpecification","valueRequired":true,"valueName":"search_term_string"}}],"inLanguage":"lt-LT"},{"@type":"Organization","@id":"https:\/\/greenspells.com\/#organization","name":"Greenspells","url":"https:\/\/greenspells.com\/","logo":{"@type":"ImageObject","inLanguage":"lt-LT","@id":"https:\/\/greenspells.com\/#\/schema\/logo\/image\/","url":"https:\/\/i0.wp.com\/greenspells.com\/wp-content\/uploads\/2020\/09\/20200722_153424_0000.png?fit=1500%2C1500&ssl=1","contentUrl":"https:\/\/i0.wp.com\/greenspells.com\/wp-content\/uploads\/2020\/09\/20200722_153424_0000.png?fit=1500%2C1500&ssl=1","width":1500,"height":1500,"caption":"Greenspells"},"image":{"@id":"https:\/\/greenspells.com\/#\/schema\/logo\/image\/"},"sameAs":["https:\/\/www.facebook.com\/Greenspells","https:\/\/www.instagram.com\/greenspells_store\/"]}]}},"jetpack_likes_enabled":true,"jetpack_sharing_enabled":true,"_links":{"self":[{"href":"https:\/\/greenspells.com\/lt\/wp-json\/wp\/v2\/product\/1669584","targetHints":{"allow":["GET"]}}],"collection":[{"href":"https:\/\/greenspells.com\/lt\/wp-json\/wp\/v2\/product"}],"about":[{"href":"https:\/\/greenspells.com\/lt\/wp-json\/wp\/v2\/types\/product"}],"replies":[{"embeddable":true,"href":"https:\/\/greenspells.com\/lt\/wp-json\/wp\/v2\/comments?post=1669584"}],"wp:featuredmedia":[{"embeddable":true,"href":"https:\/\/greenspells.com\/lt\/wp-json\/wp\/v2\/media\/1669601"}],"wp:attachment":[{"href":"https:\/\/greenspells.com\/lt\/wp-json\/wp\/v2\/media?parent=1669584"}],"wp:term":[{"taxonomy":"product_brand","embeddable":true,"href":"https:\/\/greenspells.com\/lt\/wp-json\/wp\/v2\/product_brand?post=1669584"},{"taxonomy":"product_cat","embeddable":true,"href":"https:\/\/greenspells.com\/lt\/wp-json\/wp\/v2\/product_cat?post=1669584"},{"taxonomy":"product_tag","embeddable":true,"href":"https:\/\/greenspells.com\/lt\/wp-json\/wp\/v2\/product_tag?post=1669584"}],"curies":[{"name":"wp","href":"https:\/\/api.w.org\/{rel}","templated":true}]}}