{"id":1669557,"date":"2021-05-12T11:41:48","date_gmt":"2021-05-12T09:41:48","guid":{"rendered":"https:\/\/greenspells.com\/?post_type=product&#038;p=1669557"},"modified":"2023-01-01T19:38:33","modified_gmt":"2023-01-01T17:38:33","slug":"ere-perez-carrot-colour-pots","status":"publish","type":"product","link":"https:\/\/greenspells.com\/lt\/produktas\/ere-perez-carrot-colour-pots\/","title":{"rendered":"ERE PEREZ <br> Kreminiai l\u016bp\u0173 ir skruost\u0173 da\u017eai Carrot Colour Pots"},"content":{"rendered":"<p>\u0160ie kreminiai stebuklai indeliuose - tai daugiafunkciniai balzamai, kurie akimirksniu tirpsta ir lengvai sklaidosi ant odos, suteikdami \u017eavingus, ry\u0161kius atspalvius. Da\u017eykite l\u016bpas, skruostus - \u0161ie morkomis praturtinti skaistalai yra labai skals\u016bs,  lengvai ir maloniai dengiasi, dr\u0117kina.\nPakuot\u0117s dangtelis - veidrodinis, tad patogiai ir greitai pasida\u017eysite bet kur ir bet kada!\nTinka veganams, gyv\u016bnams draugi\u0161kas.<\/p>\n<p>Ar \u017einojote? Morkos naudojamos kaip nat\u016bral\u016bs pigmentai. Taip pat jos turi unikali\u0173 savybi\u0173 prie\u0161 sen\u0117jim\u0105 bei \u0161iek tiek saugo nuo saul\u0117s.<\/p>\n<p><em><strong>Kaip naudoti?<\/strong><\/em><\/p>\n<ol>\n<li>Paskleiskite balzam\u0105 ant \u0161epet\u0117lio, arba tiesiog pir\u0161tais lengvais judesiais \u012ftap\u0161nokite skruostus tol, kol pasieksite norim\u0105 spalvos intensyvum\u0105.<\/li>\n<li>L\u016bpoms taip pat galima naudoti tiek \u0161epet\u0117lius, tiek pir\u0161tus :)<\/li>\n<\/ol>\n<p><em><strong>Sud\u0117tis:<\/strong><\/em><\/p>\n<p>Castor (ricinus communis) oil, candelilla (euphorbia cerifera) wax, jojoba (simmondsia chinensis) oil, caprylic\/capric triglyceride avocado (persea gratissima) oil, cocoa (theobroma cacao) butter, carrot (daucus carota sativa) oil, kaolin, magnesium stearate tocopheryl acetate (vitamin e). May contain +\/- iron oxides, CI 77019, CI77891.<\/p>","protected":false},"excerpt":{"rendered":"<p>In these pots of creamy magic you&#8217;ll find a multi-tasking balm that melts into the skin and lips for rich, your-flush-but-better colour. Adding instant colour to cheeks and lips, these carrot-infused creams build and blend easily into the skin while keeping it soft and hydrated. It even has a mirror lid for easy touch-ups on [&hellip;]<\/p>\n","protected":false},"featured_media":1670919,"comment_status":"open","ping_status":"closed","template":"","meta":{"content-type":"","_monsterinsights_skip_tracking":false,"_monsterinsights_sitenote_active":false,"_monsterinsights_sitenote_note":"","_monsterinsights_sitenote_category":0,"_uf_show_specific_survey":0,"_uf_disable_surveys":false},"product_brand":[],"product_cat":[133,132,42,15],"product_tag":[102,747,750,775,578,1038,751,748,1037,753,749,609,461,752,596,754,119,1039],"class_list":{"0":"post-1669557","1":"product","2":"type-product","3":"status-publish","4":"has-post-thumbnail","6":"product_cat-complexion","7":"product_cat-lips","8":"product_cat-make-up","9":"product_cat-all-products","10":"product_tag-blush","11":"product_tag-blushes","12":"product_tag-carrot-colour-pots","13":"product_tag-daugiafunkcinis-balzamas","14":"product_tag-ere-perez","15":"product_tag-kreminiai-lupu-dazai","16":"product_tag-kreminiai-skaistalai","17":"product_tag-lip-and-cheek-tint","18":"product_tag-lupu-dazai","19":"product_tag-lupu-ir-skruostu-dazai","20":"product_tag-multitasking-balm","21":"product_tag-natural-balm","22":"product_tag-naturali-kosmetika","23":"product_tag-naturalus-skaistalai","24":"product_tag-skaistalai","25":"product_tag-tinkaveganams","26":"product_tag-vegan","27":"product_tag-vegan-lupu-dazai","29":"first","30":"instock","31":"taxable","32":"shipping-taxable","33":"purchasable","34":"product-type-variable"},"bundled_by":[],"bundle_stock_status":"instock","bundle_stock_quantity":null,"bundle_virtual":false,"bundle_layout":"","bundle_add_to_cart_form_location":"","bundle_editable_in_cart":false,"bundle_sold_individually_context":"","bundle_item_grouping":"","bundle_min_size":"","bundle_max_size":"","bundle_price":[],"bundled_items":[],"bundle_sell_ids":[],"group_of_quantity":0,"min_quantity":0,"max_quantity":"","exclude_order_quantity_value_rules":"no","exclude_category_quantity_rules":"no","combine_variations":"no","exclude_global_add_ons":[],"addons":[],"yoast_head":"<!-- This site is optimized with the Yoast SEO plugin v27.5 - https:\/\/yoast.com\/product\/yoast-seo-wordpress\/ -->\n<title>ERE PEREZ  Carrot Colour Pots - Greenspells<\/title>\n<meta name=\"description\" content=\"This vegan multitasking balm adds instant colour to cheeks and lips, builds and blends easily. Available in beautiful shades!\" \/>\n<meta name=\"robots\" content=\"index, follow, max-snippet:-1, max-image-preview:large, max-video-preview:-1\" \/>\n<link rel=\"canonical\" href=\"https:\/\/greenspells.com\/lt\/produktas\/ere-perez-carrot-colour-pots\/\" \/>\n<meta property=\"og:locale\" content=\"lt_LT\" \/>\n<meta property=\"og:type\" content=\"article\" \/>\n<meta property=\"og:title\" content=\"ERE PEREZ  Carrot Colour Pots - Greenspells\" \/>\n<meta property=\"og:description\" content=\"This vegan multitasking balm adds instant colour to cheeks and lips, builds and blends easily. Available in beautiful shades!\" \/>\n<meta property=\"og:url\" content=\"https:\/\/greenspells.com\/lt\/produktas\/ere-perez-carrot-colour-pots\/\" \/>\n<meta property=\"og:site_name\" content=\"Greenspells\" \/>\n<meta property=\"article:publisher\" content=\"https:\/\/www.facebook.com\/Greenspells\" \/>\n<meta property=\"article:modified_time\" content=\"2023-01-01T17:38:33+00:00\" \/>\n<meta property=\"og:image\" content=\"https:\/\/greenspells.com\/wp-content\/uploads\/2022\/07\/carrot-colour-pots-280908_480x480@2x.jpg\" \/>\n\t<meta property=\"og:image:width\" content=\"960\" \/>\n\t<meta property=\"og:image:height\" content=\"960\" \/>\n\t<meta property=\"og:image:type\" content=\"image\/jpeg\" \/>\n<meta name=\"twitter:card\" content=\"summary_large_image\" \/>\n<meta name=\"twitter:label1\" content=\"Est. reading time\" \/>\n\t<meta name=\"twitter:data1\" content=\"1 minut\u0117\" \/>\n<script type=\"application\/ld+json\" class=\"yoast-schema-graph\">{\"@context\":\"https:\\\/\\\/schema.org\",\"@graph\":[{\"@type\":\"WebPage\",\"@id\":\"https:\\\/\\\/greenspells.com\\\/product\\\/ere-perez-carrot-colour-pots\\\/\",\"url\":\"https:\\\/\\\/greenspells.com\\\/product\\\/ere-perez-carrot-colour-pots\\\/\",\"name\":\"ERE PEREZ Carrot Colour Pots - Greenspells\",\"isPartOf\":{\"@id\":\"https:\\\/\\\/greenspells.com\\\/#website\"},\"primaryImageOfPage\":{\"@id\":\"https:\\\/\\\/greenspells.com\\\/product\\\/ere-perez-carrot-colour-pots\\\/#primaryimage\"},\"image\":{\"@id\":\"https:\\\/\\\/greenspells.com\\\/product\\\/ere-perez-carrot-colour-pots\\\/#primaryimage\"},\"thumbnailUrl\":\"https:\\\/\\\/i0.wp.com\\\/greenspells.com\\\/wp-content\\\/uploads\\\/2022\\\/07\\\/carrot-colour-pots-280908_480x480%402x.jpg?fit=960%2C960&ssl=1\",\"datePublished\":\"2021-05-12T09:41:48+00:00\",\"dateModified\":\"2023-01-01T17:38:33+00:00\",\"description\":\"This vegan multitasking balm adds instant colour to cheeks and lips, builds and blends easily. Available in beautiful shades!\",\"breadcrumb\":{\"@id\":\"https:\\\/\\\/greenspells.com\\\/product\\\/ere-perez-carrot-colour-pots\\\/#breadcrumb\"},\"inLanguage\":\"lt-LT\",\"potentialAction\":[{\"@type\":\"ReadAction\",\"target\":[\"https:\\\/\\\/greenspells.com\\\/product\\\/ere-perez-carrot-colour-pots\\\/\"]}]},{\"@type\":\"ImageObject\",\"inLanguage\":\"lt-LT\",\"@id\":\"https:\\\/\\\/greenspells.com\\\/product\\\/ere-perez-carrot-colour-pots\\\/#primaryimage\",\"url\":\"https:\\\/\\\/i0.wp.com\\\/greenspells.com\\\/wp-content\\\/uploads\\\/2022\\\/07\\\/carrot-colour-pots-280908_480x480%402x.jpg?fit=960%2C960&ssl=1\",\"contentUrl\":\"https:\\\/\\\/i0.wp.com\\\/greenspells.com\\\/wp-content\\\/uploads\\\/2022\\\/07\\\/carrot-colour-pots-280908_480x480%402x.jpg?fit=960%2C960&ssl=1\",\"width\":960,\"height\":960},{\"@type\":\"BreadcrumbList\",\"@id\":\"https:\\\/\\\/greenspells.com\\\/product\\\/ere-perez-carrot-colour-pots\\\/#breadcrumb\",\"itemListElement\":[{\"@type\":\"ListItem\",\"position\":1,\"name\":\"Home\",\"item\":\"https:\\\/\\\/greenspells.com\\\/\"},{\"@type\":\"ListItem\",\"position\":2,\"name\":\"Shop\",\"item\":\"https:\\\/\\\/greenspells.com\\\/shop\\\/\"},{\"@type\":\"ListItem\",\"position\":3,\"name\":\"ERE PEREZ Carrot Colour Pots\"}]},{\"@type\":\"WebSite\",\"@id\":\"https:\\\/\\\/greenspells.com\\\/#website\",\"url\":\"https:\\\/\\\/greenspells.com\\\/\",\"name\":\"Greenspells\",\"description\":\"Nat\u016brali ir ekologi\u0161ka kosmetika\",\"publisher\":{\"@id\":\"https:\\\/\\\/greenspells.com\\\/#organization\"},\"potentialAction\":[{\"@type\":\"SearchAction\",\"target\":{\"@type\":\"EntryPoint\",\"urlTemplate\":\"https:\\\/\\\/greenspells.com\\\/?s={search_term_string}\"},\"query-input\":{\"@type\":\"PropertyValueSpecification\",\"valueRequired\":true,\"valueName\":\"search_term_string\"}}],\"inLanguage\":\"lt-LT\"},{\"@type\":\"Organization\",\"@id\":\"https:\\\/\\\/greenspells.com\\\/#organization\",\"name\":\"Greenspells\",\"url\":\"https:\\\/\\\/greenspells.com\\\/\",\"logo\":{\"@type\":\"ImageObject\",\"inLanguage\":\"lt-LT\",\"@id\":\"https:\\\/\\\/greenspells.com\\\/#\\\/schema\\\/logo\\\/image\\\/\",\"url\":\"https:\\\/\\\/i0.wp.com\\\/greenspells.com\\\/wp-content\\\/uploads\\\/2020\\\/09\\\/20200722_153424_0000.png?fit=1500%2C1500&ssl=1\",\"contentUrl\":\"https:\\\/\\\/i0.wp.com\\\/greenspells.com\\\/wp-content\\\/uploads\\\/2020\\\/09\\\/20200722_153424_0000.png?fit=1500%2C1500&ssl=1\",\"width\":1500,\"height\":1500,\"caption\":\"Greenspells\"},\"image\":{\"@id\":\"https:\\\/\\\/greenspells.com\\\/#\\\/schema\\\/logo\\\/image\\\/\"},\"sameAs\":[\"https:\\\/\\\/www.facebook.com\\\/Greenspells\",\"https:\\\/\\\/www.instagram.com\\\/greenspells_store\\\/\"]}]}<\/script>\n<!-- \/ Yoast SEO plugin. -->","yoast_head_json":{"title":"ERE PEREZ  Carrot Colour Pots - Greenspells","description":"This vegan multitasking balm adds instant colour to cheeks and lips, builds and blends easily. Available in beautiful shades!","robots":{"index":"index","follow":"follow","max-snippet":"max-snippet:-1","max-image-preview":"max-image-preview:large","max-video-preview":"max-video-preview:-1"},"canonical":"https:\/\/greenspells.com\/lt\/produktas\/ere-perez-carrot-colour-pots\/","og_locale":"lt_LT","og_type":"article","og_title":"ERE PEREZ  Carrot Colour Pots - Greenspells","og_description":"This vegan multitasking balm adds instant colour to cheeks and lips, builds and blends easily. Available in beautiful shades!","og_url":"https:\/\/greenspells.com\/lt\/produktas\/ere-perez-carrot-colour-pots\/","og_site_name":"Greenspells","article_publisher":"https:\/\/www.facebook.com\/Greenspells","article_modified_time":"2023-01-01T17:38:33+00:00","og_image":[{"width":960,"height":960,"url":"https:\/\/greenspells.com\/wp-content\/uploads\/2022\/07\/carrot-colour-pots-280908_480x480@2x.jpg","type":"image\/jpeg"}],"twitter_card":"summary_large_image","twitter_misc":{"Est. reading time":"1 minut\u0117"},"schema":{"@context":"https:\/\/schema.org","@graph":[{"@type":"WebPage","@id":"https:\/\/greenspells.com\/product\/ere-perez-carrot-colour-pots\/","url":"https:\/\/greenspells.com\/product\/ere-perez-carrot-colour-pots\/","name":"ERE PEREZ Carrot Colour Pots - Greenspells","isPartOf":{"@id":"https:\/\/greenspells.com\/#website"},"primaryImageOfPage":{"@id":"https:\/\/greenspells.com\/product\/ere-perez-carrot-colour-pots\/#primaryimage"},"image":{"@id":"https:\/\/greenspells.com\/product\/ere-perez-carrot-colour-pots\/#primaryimage"},"thumbnailUrl":"https:\/\/i0.wp.com\/greenspells.com\/wp-content\/uploads\/2022\/07\/carrot-colour-pots-280908_480x480%402x.jpg?fit=960%2C960&ssl=1","datePublished":"2021-05-12T09:41:48+00:00","dateModified":"2023-01-01T17:38:33+00:00","description":"This vegan multitasking balm adds instant colour to cheeks and lips, builds and blends easily. Available in beautiful shades!","breadcrumb":{"@id":"https:\/\/greenspells.com\/product\/ere-perez-carrot-colour-pots\/#breadcrumb"},"inLanguage":"lt-LT","potentialAction":[{"@type":"ReadAction","target":["https:\/\/greenspells.com\/product\/ere-perez-carrot-colour-pots\/"]}]},{"@type":"ImageObject","inLanguage":"lt-LT","@id":"https:\/\/greenspells.com\/product\/ere-perez-carrot-colour-pots\/#primaryimage","url":"https:\/\/i0.wp.com\/greenspells.com\/wp-content\/uploads\/2022\/07\/carrot-colour-pots-280908_480x480%402x.jpg?fit=960%2C960&ssl=1","contentUrl":"https:\/\/i0.wp.com\/greenspells.com\/wp-content\/uploads\/2022\/07\/carrot-colour-pots-280908_480x480%402x.jpg?fit=960%2C960&ssl=1","width":960,"height":960},{"@type":"BreadcrumbList","@id":"https:\/\/greenspells.com\/product\/ere-perez-carrot-colour-pots\/#breadcrumb","itemListElement":[{"@type":"ListItem","position":1,"name":"Home","item":"https:\/\/greenspells.com\/"},{"@type":"ListItem","position":2,"name":"Shop","item":"https:\/\/greenspells.com\/shop\/"},{"@type":"ListItem","position":3,"name":"ERE PEREZ Carrot Colour Pots"}]},{"@type":"WebSite","@id":"https:\/\/greenspells.com\/#website","url":"https:\/\/greenspells.com\/","name":"Greenspells","description":"Nat\u016brali ir ekologi\u0161ka kosmetika","publisher":{"@id":"https:\/\/greenspells.com\/#organization"},"potentialAction":[{"@type":"SearchAction","target":{"@type":"EntryPoint","urlTemplate":"https:\/\/greenspells.com\/?s={search_term_string}"},"query-input":{"@type":"PropertyValueSpecification","valueRequired":true,"valueName":"search_term_string"}}],"inLanguage":"lt-LT"},{"@type":"Organization","@id":"https:\/\/greenspells.com\/#organization","name":"Greenspells","url":"https:\/\/greenspells.com\/","logo":{"@type":"ImageObject","inLanguage":"lt-LT","@id":"https:\/\/greenspells.com\/#\/schema\/logo\/image\/","url":"https:\/\/i0.wp.com\/greenspells.com\/wp-content\/uploads\/2020\/09\/20200722_153424_0000.png?fit=1500%2C1500&ssl=1","contentUrl":"https:\/\/i0.wp.com\/greenspells.com\/wp-content\/uploads\/2020\/09\/20200722_153424_0000.png?fit=1500%2C1500&ssl=1","width":1500,"height":1500,"caption":"Greenspells"},"image":{"@id":"https:\/\/greenspells.com\/#\/schema\/logo\/image\/"},"sameAs":["https:\/\/www.facebook.com\/Greenspells","https:\/\/www.instagram.com\/greenspells_store\/"]}]}},"jetpack_likes_enabled":true,"jetpack_sharing_enabled":true,"_links":{"self":[{"href":"https:\/\/greenspells.com\/lt\/wp-json\/wp\/v2\/product\/1669557","targetHints":{"allow":["GET"]}}],"collection":[{"href":"https:\/\/greenspells.com\/lt\/wp-json\/wp\/v2\/product"}],"about":[{"href":"https:\/\/greenspells.com\/lt\/wp-json\/wp\/v2\/types\/product"}],"replies":[{"embeddable":true,"href":"https:\/\/greenspells.com\/lt\/wp-json\/wp\/v2\/comments?post=1669557"}],"wp:featuredmedia":[{"embeddable":true,"href":"https:\/\/greenspells.com\/lt\/wp-json\/wp\/v2\/media\/1670919"}],"wp:attachment":[{"href":"https:\/\/greenspells.com\/lt\/wp-json\/wp\/v2\/media?parent=1669557"}],"wp:term":[{"taxonomy":"product_brand","embeddable":true,"href":"https:\/\/greenspells.com\/lt\/wp-json\/wp\/v2\/product_brand?post=1669557"},{"taxonomy":"product_cat","embeddable":true,"href":"https:\/\/greenspells.com\/lt\/wp-json\/wp\/v2\/product_cat?post=1669557"},{"taxonomy":"product_tag","embeddable":true,"href":"https:\/\/greenspells.com\/lt\/wp-json\/wp\/v2\/product_tag?post=1669557"}],"curies":[{"name":"wp","href":"https:\/\/api.w.org\/{rel}","templated":true}]}}