{"id":1669523,"date":"2021-04-28T19:47:05","date_gmt":"2021-04-28T17:47:05","guid":{"rendered":"https:\/\/greenspells.com\/?post_type=product&#038;p=1669523"},"modified":"2025-11-07T10:59:07","modified_gmt":"2025-11-07T08:59:07","slug":"hurraw-sun-lip-balm-spf15","status":"publish","type":"product","link":"https:\/\/greenspells.com\/lt\/produktas\/hurraw-sun-lip-balm-spf15\/","title":{"rendered":"HURRAW <br> Balzamas l\u016bpoms su SPF15"},"content":{"rendered":"<p>Mes mylim saul\u0119. Ta\u010diau manom, kad su ja reikia b\u016bti atsargiems, ir saule m\u0117gautis protingai ir ribotai.\u00a0<em>Od\u0105 verta ir reikia saugoti nuo saul\u0117s.<\/em>\u00a0L\u016bpas - taip pat! Tik rekomenduojam tai daryti ne su cheminiais SPF produktais..kuri\u0173 nem\u0117gsta ne tik J\u016bs\u0173 k\u016bnas, bet ir vandenyn\u0173 gyventojai.\u00a0<em>Ir<\/em>\u00a0.<\/p>\n<p>\u0160is balzamas l\u016bpoms su mineraline SPF 15 apsauga suteiks J\u016bs\u0173 l\u016bpoms papildomos apsaugos. Jis dengiasi<em>labai lengvai ir maloniai,<\/em>kaip ir kiti HURRAW balzamai, ta\u010diau \u0161is konkre\u010diai yra praturtintas riebesene ir kremi\u0161kesne tekst\u016bra, kad ilgiau laikyt\u0173si ant l\u016bp\u0173 ir jas saugot\u0173!<\/p>\n<p>Pilnut\u0117lis nuostabiausi\u0173 \u0161alto spaudimo aliej\u0173, kad dr\u0117kint\u0173 ir saugot\u0173, malonaus kvapo.<\/p>\n<p><strong>Avie\u010di\u0173 s\u0117kly\u010di\u0173 aliejus:<\/strong>\u00a0Nepaprastai gausus tokoferoli\u0173, gerai maitina, veikia prie\u0161u\u017edegimi\u0161kai, ir \u012frodyta, kad padeda sulaikyti saul\u0117s spindulius.<\/p>\n<p><strong>\u0160altalanki\u0173 s\u0117kly\u010di\u0173 aliejus:<\/strong>\u00a0Super turtingas riebi\u0173j\u0173 r\u016bg\u0161\u010di\u0173, karoten\u0173, tokoferoli\u0173 ir fitosteroli\u0173.<\/p>\n<p><strong>Granat\u0173 s\u0117kly\u010di\u0173 aliejus:<\/strong>\u00a0Nepakartojamas antioksindat\u0173 \u0161altinis.<\/p>\n<p>Apie cinko oksid\u0105.<strong>\u00a0<\/strong>HURRAW naudoja ne nano cinko oksid\u0105 \u0161iame balzame, o cinko oksidas yra vienintel\u0117 nat\u016brali ir plataus spektro ( blokuojantis tiek UVA tiek UVB) apsaugin\u0117 priemon\u0117. Tai - mineralas. Saugo l\u016bpas b\u016bdamas ant j\u0173, ir suteikiantis fizin\u012f barjer\u0105 \u017ealingiems spinduliams. Ir j\u012f reikia karts nuo karto teptis pakartotinai.<\/p>\n<p>HURRAW SPF15 patvirtintas laboratorijose.<\/p>\n<p>SPF15 rei\u0161kia, kad galite b\u016bti saugiai saul\u0117je 15 kart\u0173 ilgiau, nei nesitep\u0119 jokia apsauga. J\u012f reikia naudoti pakartotinai, priklausomai nuo to, kiek laiko praleid\u017eiate saul\u0117je, valgote, nusivalote l\u016bpas ir t.t.<\/p>\n<p>Pakanka keli\u0173 pot\u0117pi\u0173.<\/p>\n<p><em><strong>Sud\u0117tis:<\/strong><\/em><\/p>\n<p>Active Ingredient: Non-Nano Uncoated Zinc Oxide 17%<br \/>\nIngredients (INCI): Carthamus tinctorius (safflower) seed oil*, Zinc oxide, Cocos nucifera (coconut) oil*, Euphorbia cerifera cera (candelilla) wax, Olea europaea (olive) fruit oil*, Ricinus communis (castor) seed oil*, Rubus idaeus (raspberry) seed oil*, Theobroma cacao (cacao) seed butter* , Aroma, Tocopherol, Hippophae rhamnoides (sea buckthorn) seed oil*, Punica granatum (pomegranate) seed oil*, Citrus aurantium dulcis (sweet orange) peel oil, Citrus reticulata (tangerine) peel oil, Anthemis nobilis (roman chamomile) flower oil, Helianthus annuus (sunflower) seed oil, Vanilla planifolia (vanilla) seed*, Benzyl benzoate\u2021, Limonene\u2021, Linalool\u2021, Anise alcohol\u2021 (\u2021natural component of essential oil or aroma)<\/p>\n<p>*certified organic ingredient\u00a0 60% organic\u00a0 12% wild grown\u00a0 100% natural<br \/>\nHurraw Balm is certified organic by the Montana Department of Agriculture.<\/p>\n<p>Nors \u0161iame balzame yra daugiau nei 60% ekologi\u0161k\u0173 ingredient\u0173, jis negali b\u016bti \u017eymimas ekologi\u0161ku d\u0117l to, kad\u00a0<em>jame yra cinko oksido.<\/em>\u00a0.<\/p>","protected":false},"excerpt":{"rendered":"<p>We love the Sun. We believe limited, smart exposure is actually pretty o.k. for the skin. Covering up the skin is\u00a0always\u00a0your best option&#8230;and don&#8217;t even get us started on what chemical SPF products do to the ocean&#8217;s reefs\u00a0and\u00a0our human bodies. Our mineral based SPF 15 Sun Balm can offer your lips some extra protection. It [&hellip;]<\/p>","protected":false},"featured_media":1669525,"comment_status":"open","ping_status":"closed","template":"","meta":{"content-type":"","_monsterinsights_skip_tracking":false,"_monsterinsights_sitenote_active":false,"_monsterinsights_sitenote_note":"","_monsterinsights_sitenote_category":0,"_uf_show_specific_survey":0,"_uf_disable_surveys":false},"product_brand":[],"product_cat":[320,132,42,34,669,123,15],"product_tag":[675,604,725,603,187,721,720,186,724,723,726,722],"class_list":{"0":"post-1669523","1":"product","2":"type-product","3":"status-publish","4":"has-post-thumbnail","6":"product_cat-lip-care","7":"product_cat-lips","8":"product_cat-make-up","9":"product_cat-skincare","10":"product_cat-sun-protection","11":"product_cat-tanning-products","12":"product_cat-all-products","13":"product_tag-apsauga-nuo-saules","14":"product_tag-balzamas-lupoms","15":"product_tag-balzamas-lupoms-nuo-saules","16":"product_tag-lupu-balzamas","17":"product_tag-lip-balm","18":"product_tag-lip-balm-for-sun","19":"product_tag-lip-balm-with-spf","20":"product_tag-lip-care","21":"product_tag-lupu-prieziura","22":"product_tag-natural-lipcare","23":"product_tag-spf15","24":"product_tag-sunscreen-for-lips","26":"first","27":"outofstock","28":"taxable","29":"shipping-taxable","30":"purchasable","31":"product-type-simple"},"bundled_by":[],"bundle_stock_status":"outofstock","bundle_stock_quantity":null,"bundle_virtual":false,"bundle_layout":"","bundle_add_to_cart_form_location":"","bundle_editable_in_cart":false,"bundle_sold_individually_context":"","bundle_item_grouping":"","bundle_min_size":"","bundle_max_size":"","bundle_price":[],"bundled_items":[],"bundle_sell_ids":[],"group_of_quantity":0,"min_quantity":0,"max_quantity":"","exclude_order_quantity_value_rules":"no","exclude_category_quantity_rules":"no","combine_variations":"no","exclude_global_add_ons":[],"addons":[],"yoast_head":"<!-- This site is optimized with the Yoast SEO plugin v27.4 - https:\/\/yoast.com\/product\/yoast-seo-wordpress\/ -->\n<title>HURRAW  Sun lip balm SPF15 - Greenspells<\/title>\n<meta name=\"description\" content=\"Our mineral based SPF 15 Sun Balm can offer your lips some extra protection. It glides on silky smooth and protects your lips!\" \/>\n<meta name=\"robots\" content=\"index, follow, max-snippet:-1, max-image-preview:large, max-video-preview:-1\" \/>\n<link rel=\"canonical\" href=\"https:\/\/greenspells.com\/lt\/produktas\/hurraw-sun-lip-balm-spf15\/\" \/>\n<meta property=\"og:locale\" content=\"lt_LT\" \/>\n<meta property=\"og:type\" content=\"article\" \/>\n<meta property=\"og:title\" content=\"HURRAW  Sun lip balm SPF15 - Greenspells\" \/>\n<meta property=\"og:description\" content=\"Our mineral based SPF 15 Sun Balm can offer your lips some extra protection. It glides on silky smooth and protects your lips!\" \/>\n<meta property=\"og:url\" content=\"https:\/\/greenspells.com\/lt\/produktas\/hurraw-sun-lip-balm-spf15\/\" \/>\n<meta property=\"og:site_name\" content=\"Greenspells\" \/>\n<meta property=\"article:publisher\" content=\"https:\/\/www.facebook.com\/Greenspells\" \/>\n<meta property=\"article:modified_time\" content=\"2025-11-07T08:59:07+00:00\" \/>\n<meta property=\"og:image\" content=\"https:\/\/greenspells.com\/wp-content\/uploads\/2021\/04\/Hurraw_sun_lip_balm_1024x1024@2x.jpg\" \/>\n\t<meta property=\"og:image:width\" content=\"1024\" \/>\n\t<meta property=\"og:image:height\" content=\"1024\" \/>\n\t<meta property=\"og:image:type\" content=\"image\/jpeg\" \/>\n<meta name=\"twitter:card\" content=\"summary_large_image\" \/>\n<meta name=\"twitter:label1\" content=\"Est. reading time\" \/>\n\t<meta name=\"twitter:data1\" content=\"3 minut\u0117s\" \/>\n<script type=\"application\/ld+json\" class=\"yoast-schema-graph\">{\"@context\":\"https:\\\/\\\/schema.org\",\"@graph\":[{\"@type\":\"WebPage\",\"@id\":\"https:\\\/\\\/greenspells.com\\\/product\\\/hurraw-sun-lip-balm-spf15\\\/\",\"url\":\"https:\\\/\\\/greenspells.com\\\/product\\\/hurraw-sun-lip-balm-spf15\\\/\",\"name\":\"HURRAW Sun lip balm SPF15 - Greenspells\",\"isPartOf\":{\"@id\":\"https:\\\/\\\/greenspells.com\\\/#website\"},\"primaryImageOfPage\":{\"@id\":\"https:\\\/\\\/greenspells.com\\\/product\\\/hurraw-sun-lip-balm-spf15\\\/#primaryimage\"},\"image\":{\"@id\":\"https:\\\/\\\/greenspells.com\\\/product\\\/hurraw-sun-lip-balm-spf15\\\/#primaryimage\"},\"thumbnailUrl\":\"https:\\\/\\\/i0.wp.com\\\/greenspells.com\\\/wp-content\\\/uploads\\\/2021\\\/04\\\/Hurraw_sun_lip_balm_1024x1024%402x.jpg?fit=1024%2C1024&ssl=1\",\"datePublished\":\"2021-04-28T17:47:05+00:00\",\"dateModified\":\"2025-11-07T08:59:07+00:00\",\"description\":\"Our mineral based SPF 15 Sun Balm can offer your lips some extra protection. It glides on silky smooth and protects your lips!\",\"breadcrumb\":{\"@id\":\"https:\\\/\\\/greenspells.com\\\/product\\\/hurraw-sun-lip-balm-spf15\\\/#breadcrumb\"},\"inLanguage\":\"lt-LT\",\"potentialAction\":[{\"@type\":\"ReadAction\",\"target\":[\"https:\\\/\\\/greenspells.com\\\/product\\\/hurraw-sun-lip-balm-spf15\\\/\"]}]},{\"@type\":\"ImageObject\",\"inLanguage\":\"lt-LT\",\"@id\":\"https:\\\/\\\/greenspells.com\\\/product\\\/hurraw-sun-lip-balm-spf15\\\/#primaryimage\",\"url\":\"https:\\\/\\\/i0.wp.com\\\/greenspells.com\\\/wp-content\\\/uploads\\\/2021\\\/04\\\/Hurraw_sun_lip_balm_1024x1024%402x.jpg?fit=1024%2C1024&ssl=1\",\"contentUrl\":\"https:\\\/\\\/i0.wp.com\\\/greenspells.com\\\/wp-content\\\/uploads\\\/2021\\\/04\\\/Hurraw_sun_lip_balm_1024x1024%402x.jpg?fit=1024%2C1024&ssl=1\",\"width\":1024,\"height\":1024,\"caption\":\"hurraw sun lip balm\"},{\"@type\":\"BreadcrumbList\",\"@id\":\"https:\\\/\\\/greenspells.com\\\/product\\\/hurraw-sun-lip-balm-spf15\\\/#breadcrumb\",\"itemListElement\":[{\"@type\":\"ListItem\",\"position\":1,\"name\":\"Home\",\"item\":\"https:\\\/\\\/greenspells.com\\\/\"},{\"@type\":\"ListItem\",\"position\":2,\"name\":\"Shop\",\"item\":\"https:\\\/\\\/greenspells.com\\\/shop\\\/\"},{\"@type\":\"ListItem\",\"position\":3,\"name\":\"HURRAW Sun lip balm SPF15\"}]},{\"@type\":\"WebSite\",\"@id\":\"https:\\\/\\\/greenspells.com\\\/#website\",\"url\":\"https:\\\/\\\/greenspells.com\\\/\",\"name\":\"Greenspells\",\"description\":\"Nat\u016brali ir ekologi\u0161ka kosmetika\",\"publisher\":{\"@id\":\"https:\\\/\\\/greenspells.com\\\/#organization\"},\"potentialAction\":[{\"@type\":\"SearchAction\",\"target\":{\"@type\":\"EntryPoint\",\"urlTemplate\":\"https:\\\/\\\/greenspells.com\\\/?s={search_term_string}\"},\"query-input\":{\"@type\":\"PropertyValueSpecification\",\"valueRequired\":true,\"valueName\":\"search_term_string\"}}],\"inLanguage\":\"lt-LT\"},{\"@type\":\"Organization\",\"@id\":\"https:\\\/\\\/greenspells.com\\\/#organization\",\"name\":\"Greenspells\",\"url\":\"https:\\\/\\\/greenspells.com\\\/\",\"logo\":{\"@type\":\"ImageObject\",\"inLanguage\":\"lt-LT\",\"@id\":\"https:\\\/\\\/greenspells.com\\\/#\\\/schema\\\/logo\\\/image\\\/\",\"url\":\"https:\\\/\\\/i0.wp.com\\\/greenspells.com\\\/wp-content\\\/uploads\\\/2020\\\/09\\\/20200722_153424_0000.png?fit=1500%2C1500&ssl=1\",\"contentUrl\":\"https:\\\/\\\/i0.wp.com\\\/greenspells.com\\\/wp-content\\\/uploads\\\/2020\\\/09\\\/20200722_153424_0000.png?fit=1500%2C1500&ssl=1\",\"width\":1500,\"height\":1500,\"caption\":\"Greenspells\"},\"image\":{\"@id\":\"https:\\\/\\\/greenspells.com\\\/#\\\/schema\\\/logo\\\/image\\\/\"},\"sameAs\":[\"https:\\\/\\\/www.facebook.com\\\/Greenspells\",\"https:\\\/\\\/www.instagram.com\\\/greenspells_store\\\/\"]}]}<\/script>\n<!-- \/ Yoast SEO plugin. -->","yoast_head_json":{"title":"HURRAW  Sun lip balm SPF15 - Greenspells","description":"Our mineral based SPF 15 Sun Balm can offer your lips some extra protection. It glides on silky smooth and protects your lips!","robots":{"index":"index","follow":"follow","max-snippet":"max-snippet:-1","max-image-preview":"max-image-preview:large","max-video-preview":"max-video-preview:-1"},"canonical":"https:\/\/greenspells.com\/lt\/produktas\/hurraw-sun-lip-balm-spf15\/","og_locale":"lt_LT","og_type":"article","og_title":"HURRAW  Sun lip balm SPF15 - Greenspells","og_description":"Our mineral based SPF 15 Sun Balm can offer your lips some extra protection. It glides on silky smooth and protects your lips!","og_url":"https:\/\/greenspells.com\/lt\/produktas\/hurraw-sun-lip-balm-spf15\/","og_site_name":"Greenspells","article_publisher":"https:\/\/www.facebook.com\/Greenspells","article_modified_time":"2025-11-07T08:59:07+00:00","og_image":[{"width":1024,"height":1024,"url":"https:\/\/greenspells.com\/wp-content\/uploads\/2021\/04\/Hurraw_sun_lip_balm_1024x1024@2x.jpg","type":"image\/jpeg"}],"twitter_card":"summary_large_image","twitter_misc":{"Est. reading time":"3 minut\u0117s"},"schema":{"@context":"https:\/\/schema.org","@graph":[{"@type":"WebPage","@id":"https:\/\/greenspells.com\/product\/hurraw-sun-lip-balm-spf15\/","url":"https:\/\/greenspells.com\/product\/hurraw-sun-lip-balm-spf15\/","name":"HURRAW Sun lip balm SPF15 - Greenspells","isPartOf":{"@id":"https:\/\/greenspells.com\/#website"},"primaryImageOfPage":{"@id":"https:\/\/greenspells.com\/product\/hurraw-sun-lip-balm-spf15\/#primaryimage"},"image":{"@id":"https:\/\/greenspells.com\/product\/hurraw-sun-lip-balm-spf15\/#primaryimage"},"thumbnailUrl":"https:\/\/i0.wp.com\/greenspells.com\/wp-content\/uploads\/2021\/04\/Hurraw_sun_lip_balm_1024x1024%402x.jpg?fit=1024%2C1024&ssl=1","datePublished":"2021-04-28T17:47:05+00:00","dateModified":"2025-11-07T08:59:07+00:00","description":"Our mineral based SPF 15 Sun Balm can offer your lips some extra protection. It glides on silky smooth and protects your lips!","breadcrumb":{"@id":"https:\/\/greenspells.com\/product\/hurraw-sun-lip-balm-spf15\/#breadcrumb"},"inLanguage":"lt-LT","potentialAction":[{"@type":"ReadAction","target":["https:\/\/greenspells.com\/product\/hurraw-sun-lip-balm-spf15\/"]}]},{"@type":"ImageObject","inLanguage":"lt-LT","@id":"https:\/\/greenspells.com\/product\/hurraw-sun-lip-balm-spf15\/#primaryimage","url":"https:\/\/i0.wp.com\/greenspells.com\/wp-content\/uploads\/2021\/04\/Hurraw_sun_lip_balm_1024x1024%402x.jpg?fit=1024%2C1024&ssl=1","contentUrl":"https:\/\/i0.wp.com\/greenspells.com\/wp-content\/uploads\/2021\/04\/Hurraw_sun_lip_balm_1024x1024%402x.jpg?fit=1024%2C1024&ssl=1","width":1024,"height":1024,"caption":"hurraw sun lip balm"},{"@type":"BreadcrumbList","@id":"https:\/\/greenspells.com\/product\/hurraw-sun-lip-balm-spf15\/#breadcrumb","itemListElement":[{"@type":"ListItem","position":1,"name":"Home","item":"https:\/\/greenspells.com\/"},{"@type":"ListItem","position":2,"name":"Shop","item":"https:\/\/greenspells.com\/shop\/"},{"@type":"ListItem","position":3,"name":"HURRAW Sun lip balm SPF15"}]},{"@type":"WebSite","@id":"https:\/\/greenspells.com\/#website","url":"https:\/\/greenspells.com\/","name":"Greenspells","description":"Nat\u016brali ir ekologi\u0161ka kosmetika","publisher":{"@id":"https:\/\/greenspells.com\/#organization"},"potentialAction":[{"@type":"SearchAction","target":{"@type":"EntryPoint","urlTemplate":"https:\/\/greenspells.com\/?s={search_term_string}"},"query-input":{"@type":"PropertyValueSpecification","valueRequired":true,"valueName":"search_term_string"}}],"inLanguage":"lt-LT"},{"@type":"Organization","@id":"https:\/\/greenspells.com\/#organization","name":"Greenspells","url":"https:\/\/greenspells.com\/","logo":{"@type":"ImageObject","inLanguage":"lt-LT","@id":"https:\/\/greenspells.com\/#\/schema\/logo\/image\/","url":"https:\/\/i0.wp.com\/greenspells.com\/wp-content\/uploads\/2020\/09\/20200722_153424_0000.png?fit=1500%2C1500&ssl=1","contentUrl":"https:\/\/i0.wp.com\/greenspells.com\/wp-content\/uploads\/2020\/09\/20200722_153424_0000.png?fit=1500%2C1500&ssl=1","width":1500,"height":1500,"caption":"Greenspells"},"image":{"@id":"https:\/\/greenspells.com\/#\/schema\/logo\/image\/"},"sameAs":["https:\/\/www.facebook.com\/Greenspells","https:\/\/www.instagram.com\/greenspells_store\/"]}]}},"jetpack_likes_enabled":true,"jetpack_sharing_enabled":true,"_links":{"self":[{"href":"https:\/\/greenspells.com\/lt\/wp-json\/wp\/v2\/product\/1669523","targetHints":{"allow":["GET"]}}],"collection":[{"href":"https:\/\/greenspells.com\/lt\/wp-json\/wp\/v2\/product"}],"about":[{"href":"https:\/\/greenspells.com\/lt\/wp-json\/wp\/v2\/types\/product"}],"replies":[{"embeddable":true,"href":"https:\/\/greenspells.com\/lt\/wp-json\/wp\/v2\/comments?post=1669523"}],"wp:featuredmedia":[{"embeddable":true,"href":"https:\/\/greenspells.com\/lt\/wp-json\/wp\/v2\/media\/1669525"}],"wp:attachment":[{"href":"https:\/\/greenspells.com\/lt\/wp-json\/wp\/v2\/media?parent=1669523"}],"wp:term":[{"taxonomy":"product_brand","embeddable":true,"href":"https:\/\/greenspells.com\/lt\/wp-json\/wp\/v2\/product_brand?post=1669523"},{"taxonomy":"product_cat","embeddable":true,"href":"https:\/\/greenspells.com\/lt\/wp-json\/wp\/v2\/product_cat?post=1669523"},{"taxonomy":"product_tag","embeddable":true,"href":"https:\/\/greenspells.com\/lt\/wp-json\/wp\/v2\/product_tag?post=1669523"}],"curies":[{"name":"wp","href":"https:\/\/api.w.org\/{rel}","templated":true}]}}