{"id":1669372,"date":"2021-02-07T13:07:20","date_gmt":"2021-02-07T11:07:20","guid":{"rendered":"https:\/\/greenspells.com\/?post_type=product&#038;p=1669372"},"modified":"2023-10-03T12:02:49","modified_gmt":"2023-10-03T10:02:49","slug":"dr-bronners-ekologiskas-cukraus-muilas-baby-mild-355-ml","status":"publish","type":"product","link":"https:\/\/greenspells.com\/lt\/produktas\/dr-bronners-ekologiskas-cukraus-muilas-baby-mild-355-ml\/","title":{"rendered":"DR. BRONNER'S <br> Ekologi\u0161kas cukraus muilas <br> Baby mild, 355 ml"},"content":{"rendered":"<p>Dr\u0117kinantis, ekologi\u0161kas cukraus muilas &#8211; sald\u017eios karamel\u0117s spalvos ir kvapo, su \u0161ilko \u0161velnumo poj\u016b\u010diu. Ypa\u010d gerai dr\u0117kina ir maitina k\u016bdiki\u0173 ir alergi\u0161k\u0173 \u017emoni\u0173 odai.<\/p>\n<p>&nbsp;<\/p>\n<div class=\"shop-container\">\n<div id=\"product-15682\" class=\"product type-product post-15682 status-publish first instock product_cat-magiski-muilai product_cat-cukraus-355-ml product_cat-prausimosi-priemones product_cat-vaikams has-post-thumbnail taxable shipping-taxable purchasable product-type-simple\">\n<div class=\"product-container\">\n<div class=\"product-footer\">\n<div class=\"container\">\n<div class=\"woocommerce-tabs wc-tabs-wrapper container tabbed-content\">\n<div class=\"tab-panels\">\n<div id=\"tab-description\" class=\"woocommerce-Tabs-panel woocommerce-Tabs-panel--description panel entry-content active\" role=\"tabpanel\" aria-labelledby=\"tab-title-description\">\n<p>\u00a0Be eterini\u0173 aliej\u0173, tinka alergi\u0161kiems \u017emon\u0117ms ir ypa\u010d jautriai k\u016bdiki\u0173 odai. Muilin\u0117s akacijos (shikakai) ekstraktas ekologi\u0161kame cukruje ir balt\u0173j\u0173 vynuogi\u0173 sultyse su kitais aliejais, sudaran\u010diais muilo pagrind\u0105, suteikia odai glotnumo ir dr\u0117gm\u0117s. Kanapi\u0173 aliejus dovanoja kastilieti\u0161k\u0105 kremin\u012f \u0161velnum\u0105. Ekologi\u0161kas kokos\u0173 aliejus dr\u0117kina ir stabdo sen\u0117jimo procesus. Muilin\u0117 akacija (shikakai) \u2013 g\u0117ris odai ir plaukams \u2013 \u0161velniai nuplauna, dr\u0117kina od\u0105, stimuliuoja plauk\u0173 augim\u0105, suteikia blizges\u012f, gali pad\u0117ti esant pleiskanoms.<\/p>\n<p><strong> \u201eBaby-Mild\u201c papildytas dvigubu kiekiu alyvuogi\u0173 aliejaus.<\/strong><\/p>\n<p><strong><em>Ingredientai<\/em><\/strong>:<\/p>\n<p>Organic Sucrose*, Organic White Grape Juice, Organic Coconut Oil*, Organic Palm Kernel Oil*, Potassium Hydroxide**, Organic Olive Oil*, Organic Shikakai Powder, Organic Hemp Oil, Organic Jojoba Oil, Citric Acid, Tocopherol<br \/>\n*Sertifikuoti FAIR TRADE (s\u0105\u017eininga prekyba) ingredientai<br \/>\n**Nebelieka i\u0161 aliej\u0173 atsiskyrus muilui ir glicerinui.<\/p>\n<p>Muilas sertifikuotas ekologi\u0161kais\u00a0\u00a0\u201eBHID\u201c, \u201eVegan\u201c, \u201eFair Trade\u201c, \u201eNon GMO\u201c\u00a0\u00a0sertifikatais.<\/p>\n<\/div>\n<\/div>\n<\/div>\n<\/div>\n<\/div>\n<\/div>\n<\/div>\n<\/div>\n<p><!--more--><\/p>","protected":false},"excerpt":{"rendered":"<p>Dr\u0117kinantis, ekologi\u0161kas cukraus muilas &#8211; sald\u017eios karamel\u0117s spalvos ir kvapo, su \u0161ilko \u0161velnumo poj\u016b\u010diu. Ypa\u010d gerai dr\u0117kina ir maitina k\u016bdiki\u0173 ir alergi\u0161k\u0173 \u017emoni\u0173 odai. &nbsp; \u00a0Be eterini\u0173 aliej\u0173, tinka alergi\u0161kiems \u017emon\u0117ms ir ypa\u010d jautriai k\u016bdiki\u0173 odai. Muilin\u0117s akacijos (shikakai) ekstraktas ekologi\u0161kame cukruje ir balt\u0173j\u0173 vynuogi\u0173 sultyse su kitais aliejais, sudaran\u010diais muilo pagrind\u0105, suteikia odai glotnumo [&hellip;]<\/p>\n","protected":false},"featured_media":1669378,"comment_status":"open","ping_status":"closed","template":"","meta":{"content-type":"","_monsterinsights_skip_tracking":false,"_monsterinsights_sitenote_active":false,"_monsterinsights_sitenote_note":"","_monsterinsights_sitenote_category":0,"_uf_show_specific_survey":0,"_uf_disable_surveys":false},"product_brand":[],"product_cat":[137,140,136,262,15],"product_tag":[612,364,507,1031,1030,969,1033,1029,614,688,1032,615],"class_list":{"0":"post-1669372","1":"product","2":"type-product","3":"status-publish","4":"has-post-thumbnail","6":"product_cat-bath-and-body","7":"product_cat-shower-and-bath","8":"product_cat-kids","9":"product_cat-soap-bars","10":"product_cat-all-products","11":"product_tag-cukraus-muilas","12":"product_tag-dr-bronners","13":"product_tag-ekologiskas-muilas","14":"product_tag-kudikiu-oda","15":"product_tag-kosmetika-kudikiams","16":"product_tag-kosmetika-vaikams","17":"product_tag-muilas-rankoms","18":"product_tag-muilas-vaikams","19":"product_tag-naturalus-muilas","20":"product_tag-prausiklis-vaikams","21":"product_tag-ranku-muilas","22":"product_tag-vaikams","24":"first","25":"instock","26":"taxable","27":"shipping-taxable","28":"purchasable","29":"product-type-simple"},"bundled_by":[],"bundle_stock_status":"instock","bundle_stock_quantity":null,"bundle_virtual":false,"bundle_layout":"","bundle_add_to_cart_form_location":"","bundle_editable_in_cart":false,"bundle_sold_individually_context":"","bundle_item_grouping":"","bundle_min_size":"","bundle_max_size":"","bundle_price":[],"bundled_items":[],"bundle_sell_ids":[],"group_of_quantity":0,"min_quantity":0,"max_quantity":"","exclude_order_quantity_value_rules":"no","exclude_category_quantity_rules":"no","combine_variations":"no","exclude_global_add_ons":[],"addons":[],"yoast_head":"<!-- This site is optimized with the Yoast SEO plugin v27.4 - https:\/\/yoast.com\/product\/yoast-seo-wordpress\/ -->\n<title>DR. BRONNER&#039;S  Ekologi\u0161kas cukraus muilas  Baby mild, 355 ml - Greenspells<\/title>\n<meta name=\"description\" content=\"Dr\u0117kinantis, ekologi\u0161kas cukraus muilas - sald\u017eios karamel\u0117s spalvos ir kvapo. Ypa\u010d gerai dr\u0117kina ir maitina k\u016bdiki\u0173 ir alergi\u0161k\u0173 \u017emoni\u0173 odai.\" \/>\n<meta name=\"robots\" content=\"index, follow, max-snippet:-1, max-image-preview:large, max-video-preview:-1\" \/>\n<link rel=\"canonical\" href=\"https:\/\/greenspells.com\/lt\/produktas\/dr-bronners-ekologiskas-cukraus-muilas-baby-mild-355-ml\/\" \/>\n<meta property=\"og:locale\" content=\"lt_LT\" \/>\n<meta property=\"og:type\" content=\"article\" \/>\n<meta property=\"og:title\" content=\"DR. BRONNER&#039;S  Ekologi\u0161kas cukraus muilas  Baby mild, 355 ml - Greenspells\" \/>\n<meta property=\"og:description\" content=\"Dr\u0117kinantis, ekologi\u0161kas cukraus muilas - sald\u017eios karamel\u0117s spalvos ir kvapo. Ypa\u010d gerai dr\u0117kina ir maitina k\u016bdiki\u0173 ir alergi\u0161k\u0173 \u017emoni\u0173 odai.\" \/>\n<meta property=\"og:url\" content=\"https:\/\/greenspells.com\/lt\/produktas\/dr-bronners-ekologiskas-cukraus-muilas-baby-mild-355-ml\/\" \/>\n<meta property=\"og:site_name\" content=\"Greenspells\" \/>\n<meta property=\"article:publisher\" content=\"https:\/\/www.facebook.com\/Greenspells\" \/>\n<meta property=\"article:modified_time\" content=\"2023-10-03T10:02:49+00:00\" \/>\n<meta property=\"og:image\" content=\"https:\/\/greenspells.com\/wp-content\/uploads\/2021\/02\/Skystas-cukraus-muilas-Baby-Mild-Dr.Bronner.png\" \/>\n\t<meta property=\"og:image:width\" content=\"800\" \/>\n\t<meta property=\"og:image:height\" content=\"800\" \/>\n\t<meta property=\"og:image:type\" content=\"image\/png\" \/>\n<meta name=\"twitter:card\" content=\"summary_large_image\" \/>\n<meta name=\"twitter:label1\" content=\"Est. reading time\" \/>\n\t<meta name=\"twitter:data1\" content=\"1 minut\u0117\" \/>\n<script type=\"application\/ld+json\" class=\"yoast-schema-graph\">{\"@context\":\"https:\\\/\\\/schema.org\",\"@graph\":[{\"@type\":\"WebPage\",\"@id\":\"https:\\\/\\\/greenspells.com\\\/product\\\/dr-bronners-ekologiskas-cukraus-muilas-baby-mild-355-ml\\\/\",\"url\":\"https:\\\/\\\/greenspells.com\\\/product\\\/dr-bronners-ekologiskas-cukraus-muilas-baby-mild-355-ml\\\/\",\"name\":\"DR. BRONNER'S Ekologi\u0161kas cukraus muilas Baby mild, 355 ml - Greenspells\",\"isPartOf\":{\"@id\":\"https:\\\/\\\/greenspells.com\\\/#website\"},\"primaryImageOfPage\":{\"@id\":\"https:\\\/\\\/greenspells.com\\\/product\\\/dr-bronners-ekologiskas-cukraus-muilas-baby-mild-355-ml\\\/#primaryimage\"},\"image\":{\"@id\":\"https:\\\/\\\/greenspells.com\\\/product\\\/dr-bronners-ekologiskas-cukraus-muilas-baby-mild-355-ml\\\/#primaryimage\"},\"thumbnailUrl\":\"https:\\\/\\\/i0.wp.com\\\/greenspells.com\\\/wp-content\\\/uploads\\\/2021\\\/02\\\/Skystas-cukraus-muilas-Baby-Mild-Dr.Bronner.png?fit=800%2C800&ssl=1\",\"datePublished\":\"2021-02-07T11:07:20+00:00\",\"dateModified\":\"2023-10-03T10:02:49+00:00\",\"description\":\"Dr\u0117kinantis, ekologi\u0161kas cukraus muilas - sald\u017eios karamel\u0117s spalvos ir kvapo. Ypa\u010d gerai dr\u0117kina ir maitina k\u016bdiki\u0173 ir alergi\u0161k\u0173 \u017emoni\u0173 odai.\",\"breadcrumb\":{\"@id\":\"https:\\\/\\\/greenspells.com\\\/product\\\/dr-bronners-ekologiskas-cukraus-muilas-baby-mild-355-ml\\\/#breadcrumb\"},\"inLanguage\":\"lt-LT\",\"potentialAction\":[{\"@type\":\"ReadAction\",\"target\":[\"https:\\\/\\\/greenspells.com\\\/product\\\/dr-bronners-ekologiskas-cukraus-muilas-baby-mild-355-ml\\\/\"]}]},{\"@type\":\"ImageObject\",\"inLanguage\":\"lt-LT\",\"@id\":\"https:\\\/\\\/greenspells.com\\\/product\\\/dr-bronners-ekologiskas-cukraus-muilas-baby-mild-355-ml\\\/#primaryimage\",\"url\":\"https:\\\/\\\/i0.wp.com\\\/greenspells.com\\\/wp-content\\\/uploads\\\/2021\\\/02\\\/Skystas-cukraus-muilas-Baby-Mild-Dr.Bronner.png?fit=800%2C800&ssl=1\",\"contentUrl\":\"https:\\\/\\\/i0.wp.com\\\/greenspells.com\\\/wp-content\\\/uploads\\\/2021\\\/02\\\/Skystas-cukraus-muilas-Baby-Mild-Dr.Bronner.png?fit=800%2C800&ssl=1\",\"width\":800,\"height\":800},{\"@type\":\"BreadcrumbList\",\"@id\":\"https:\\\/\\\/greenspells.com\\\/product\\\/dr-bronners-ekologiskas-cukraus-muilas-baby-mild-355-ml\\\/#breadcrumb\",\"itemListElement\":[{\"@type\":\"ListItem\",\"position\":1,\"name\":\"Home\",\"item\":\"https:\\\/\\\/greenspells.com\\\/\"},{\"@type\":\"ListItem\",\"position\":2,\"name\":\"Shop\",\"item\":\"https:\\\/\\\/greenspells.com\\\/shop\\\/\"},{\"@type\":\"ListItem\",\"position\":3,\"name\":\"DR. BRONNER&#8217;S Ekologi\u0161kas cukraus muilas Baby mild, 355 ml\"}]},{\"@type\":\"WebSite\",\"@id\":\"https:\\\/\\\/greenspells.com\\\/#website\",\"url\":\"https:\\\/\\\/greenspells.com\\\/\",\"name\":\"Greenspells\",\"description\":\"Nat\u016brali ir ekologi\u0161ka kosmetika\",\"publisher\":{\"@id\":\"https:\\\/\\\/greenspells.com\\\/#organization\"},\"potentialAction\":[{\"@type\":\"SearchAction\",\"target\":{\"@type\":\"EntryPoint\",\"urlTemplate\":\"https:\\\/\\\/greenspells.com\\\/?s={search_term_string}\"},\"query-input\":{\"@type\":\"PropertyValueSpecification\",\"valueRequired\":true,\"valueName\":\"search_term_string\"}}],\"inLanguage\":\"lt-LT\"},{\"@type\":\"Organization\",\"@id\":\"https:\\\/\\\/greenspells.com\\\/#organization\",\"name\":\"Greenspells\",\"url\":\"https:\\\/\\\/greenspells.com\\\/\",\"logo\":{\"@type\":\"ImageObject\",\"inLanguage\":\"lt-LT\",\"@id\":\"https:\\\/\\\/greenspells.com\\\/#\\\/schema\\\/logo\\\/image\\\/\",\"url\":\"https:\\\/\\\/i0.wp.com\\\/greenspells.com\\\/wp-content\\\/uploads\\\/2020\\\/09\\\/20200722_153424_0000.png?fit=1500%2C1500&ssl=1\",\"contentUrl\":\"https:\\\/\\\/i0.wp.com\\\/greenspells.com\\\/wp-content\\\/uploads\\\/2020\\\/09\\\/20200722_153424_0000.png?fit=1500%2C1500&ssl=1\",\"width\":1500,\"height\":1500,\"caption\":\"Greenspells\"},\"image\":{\"@id\":\"https:\\\/\\\/greenspells.com\\\/#\\\/schema\\\/logo\\\/image\\\/\"},\"sameAs\":[\"https:\\\/\\\/www.facebook.com\\\/Greenspells\",\"https:\\\/\\\/www.instagram.com\\\/greenspells_store\\\/\"]}]}<\/script>\n<!-- \/ Yoast SEO plugin. -->","yoast_head_json":{"title":"DR. BRONNER'S  Ekologi\u0161kas cukraus muilas  Baby mild, 355 ml - Greenspells","description":"Dr\u0117kinantis, ekologi\u0161kas cukraus muilas - sald\u017eios karamel\u0117s spalvos ir kvapo. Ypa\u010d gerai dr\u0117kina ir maitina k\u016bdiki\u0173 ir alergi\u0161k\u0173 \u017emoni\u0173 odai.","robots":{"index":"index","follow":"follow","max-snippet":"max-snippet:-1","max-image-preview":"max-image-preview:large","max-video-preview":"max-video-preview:-1"},"canonical":"https:\/\/greenspells.com\/lt\/produktas\/dr-bronners-ekologiskas-cukraus-muilas-baby-mild-355-ml\/","og_locale":"lt_LT","og_type":"article","og_title":"DR. BRONNER'S  Ekologi\u0161kas cukraus muilas  Baby mild, 355 ml - Greenspells","og_description":"Dr\u0117kinantis, ekologi\u0161kas cukraus muilas - sald\u017eios karamel\u0117s spalvos ir kvapo. Ypa\u010d gerai dr\u0117kina ir maitina k\u016bdiki\u0173 ir alergi\u0161k\u0173 \u017emoni\u0173 odai.","og_url":"https:\/\/greenspells.com\/lt\/produktas\/dr-bronners-ekologiskas-cukraus-muilas-baby-mild-355-ml\/","og_site_name":"Greenspells","article_publisher":"https:\/\/www.facebook.com\/Greenspells","article_modified_time":"2023-10-03T10:02:49+00:00","og_image":[{"width":800,"height":800,"url":"https:\/\/greenspells.com\/wp-content\/uploads\/2021\/02\/Skystas-cukraus-muilas-Baby-Mild-Dr.Bronner.png","type":"image\/png"}],"twitter_card":"summary_large_image","twitter_misc":{"Est. reading time":"1 minut\u0117"},"schema":{"@context":"https:\/\/schema.org","@graph":[{"@type":"WebPage","@id":"https:\/\/greenspells.com\/product\/dr-bronners-ekologiskas-cukraus-muilas-baby-mild-355-ml\/","url":"https:\/\/greenspells.com\/product\/dr-bronners-ekologiskas-cukraus-muilas-baby-mild-355-ml\/","name":"DR. BRONNER'S Ekologi\u0161kas cukraus muilas Baby mild, 355 ml - Greenspells","isPartOf":{"@id":"https:\/\/greenspells.com\/#website"},"primaryImageOfPage":{"@id":"https:\/\/greenspells.com\/product\/dr-bronners-ekologiskas-cukraus-muilas-baby-mild-355-ml\/#primaryimage"},"image":{"@id":"https:\/\/greenspells.com\/product\/dr-bronners-ekologiskas-cukraus-muilas-baby-mild-355-ml\/#primaryimage"},"thumbnailUrl":"https:\/\/i0.wp.com\/greenspells.com\/wp-content\/uploads\/2021\/02\/Skystas-cukraus-muilas-Baby-Mild-Dr.Bronner.png?fit=800%2C800&ssl=1","datePublished":"2021-02-07T11:07:20+00:00","dateModified":"2023-10-03T10:02:49+00:00","description":"Dr\u0117kinantis, ekologi\u0161kas cukraus muilas - sald\u017eios karamel\u0117s spalvos ir kvapo. Ypa\u010d gerai dr\u0117kina ir maitina k\u016bdiki\u0173 ir alergi\u0161k\u0173 \u017emoni\u0173 odai.","breadcrumb":{"@id":"https:\/\/greenspells.com\/product\/dr-bronners-ekologiskas-cukraus-muilas-baby-mild-355-ml\/#breadcrumb"},"inLanguage":"lt-LT","potentialAction":[{"@type":"ReadAction","target":["https:\/\/greenspells.com\/product\/dr-bronners-ekologiskas-cukraus-muilas-baby-mild-355-ml\/"]}]},{"@type":"ImageObject","inLanguage":"lt-LT","@id":"https:\/\/greenspells.com\/product\/dr-bronners-ekologiskas-cukraus-muilas-baby-mild-355-ml\/#primaryimage","url":"https:\/\/i0.wp.com\/greenspells.com\/wp-content\/uploads\/2021\/02\/Skystas-cukraus-muilas-Baby-Mild-Dr.Bronner.png?fit=800%2C800&ssl=1","contentUrl":"https:\/\/i0.wp.com\/greenspells.com\/wp-content\/uploads\/2021\/02\/Skystas-cukraus-muilas-Baby-Mild-Dr.Bronner.png?fit=800%2C800&ssl=1","width":800,"height":800},{"@type":"BreadcrumbList","@id":"https:\/\/greenspells.com\/product\/dr-bronners-ekologiskas-cukraus-muilas-baby-mild-355-ml\/#breadcrumb","itemListElement":[{"@type":"ListItem","position":1,"name":"Home","item":"https:\/\/greenspells.com\/"},{"@type":"ListItem","position":2,"name":"Shop","item":"https:\/\/greenspells.com\/shop\/"},{"@type":"ListItem","position":3,"name":"DR. BRONNER&#8217;S Ekologi\u0161kas cukraus muilas Baby mild, 355 ml"}]},{"@type":"WebSite","@id":"https:\/\/greenspells.com\/#website","url":"https:\/\/greenspells.com\/","name":"Greenspells","description":"Nat\u016brali ir ekologi\u0161ka kosmetika","publisher":{"@id":"https:\/\/greenspells.com\/#organization"},"potentialAction":[{"@type":"SearchAction","target":{"@type":"EntryPoint","urlTemplate":"https:\/\/greenspells.com\/?s={search_term_string}"},"query-input":{"@type":"PropertyValueSpecification","valueRequired":true,"valueName":"search_term_string"}}],"inLanguage":"lt-LT"},{"@type":"Organization","@id":"https:\/\/greenspells.com\/#organization","name":"Greenspells","url":"https:\/\/greenspells.com\/","logo":{"@type":"ImageObject","inLanguage":"lt-LT","@id":"https:\/\/greenspells.com\/#\/schema\/logo\/image\/","url":"https:\/\/i0.wp.com\/greenspells.com\/wp-content\/uploads\/2020\/09\/20200722_153424_0000.png?fit=1500%2C1500&ssl=1","contentUrl":"https:\/\/i0.wp.com\/greenspells.com\/wp-content\/uploads\/2020\/09\/20200722_153424_0000.png?fit=1500%2C1500&ssl=1","width":1500,"height":1500,"caption":"Greenspells"},"image":{"@id":"https:\/\/greenspells.com\/#\/schema\/logo\/image\/"},"sameAs":["https:\/\/www.facebook.com\/Greenspells","https:\/\/www.instagram.com\/greenspells_store\/"]}]}},"jetpack_likes_enabled":true,"jetpack_sharing_enabled":true,"_links":{"self":[{"href":"https:\/\/greenspells.com\/lt\/wp-json\/wp\/v2\/product\/1669372","targetHints":{"allow":["GET"]}}],"collection":[{"href":"https:\/\/greenspells.com\/lt\/wp-json\/wp\/v2\/product"}],"about":[{"href":"https:\/\/greenspells.com\/lt\/wp-json\/wp\/v2\/types\/product"}],"replies":[{"embeddable":true,"href":"https:\/\/greenspells.com\/lt\/wp-json\/wp\/v2\/comments?post=1669372"}],"wp:featuredmedia":[{"embeddable":true,"href":"https:\/\/greenspells.com\/lt\/wp-json\/wp\/v2\/media\/1669378"}],"wp:attachment":[{"href":"https:\/\/greenspells.com\/lt\/wp-json\/wp\/v2\/media?parent=1669372"}],"wp:term":[{"taxonomy":"product_brand","embeddable":true,"href":"https:\/\/greenspells.com\/lt\/wp-json\/wp\/v2\/product_brand?post=1669372"},{"taxonomy":"product_cat","embeddable":true,"href":"https:\/\/greenspells.com\/lt\/wp-json\/wp\/v2\/product_cat?post=1669372"},{"taxonomy":"product_tag","embeddable":true,"href":"https:\/\/greenspells.com\/lt\/wp-json\/wp\/v2\/product_tag?post=1669372"}],"curies":[{"name":"wp","href":"https:\/\/api.w.org\/{rel}","templated":true}]}}