{"id":1669334,"date":"2021-01-20T20:51:36","date_gmt":"2021-01-20T18:51:36","guid":{"rendered":"https:\/\/greenspells.com\/?post_type=product&#038;p=1669334"},"modified":"2021-01-20T20:51:37","modified_gmt":"2021-01-20T18:51:37","slug":"hurraw-lemon-lip-balm","status":"publish","type":"product","link":"https:\/\/greenspells.com\/lt\/produktas\/hurraw-lemon-lip-balm\/","title":{"rendered":"HURRAW <br> Balzamas l\u016bpoms, citrininis"},"content":{"rendered":"<p>Nat\u016bralus ir gaivus balzamas l\u016bpoms!<\/p>\n<p>Mielas, gaivus, pa\u017eadinantis!<\/p>\n<p>Citrinos, paturbintos Malagasy citrin\u017eole - tai nepaprastas citrininis derinys!!!<\/p>\n<p>Pagamintas i\u0161 ekologi\u0161k\u0173, vegani\u0161k\u0173 ir nat\u016brali\u0173 ingredient\u0173.<\/p>\n<p><em><strong>Sud\u0117tis:<\/strong><\/em><\/p>\n<p>Carthamus tinctorius (safflower) seed oil*, Prunus amygdalus dulcis (sweet almond) oil*, Euphorbia cerifera cera (candelilla) wax, Theobroma cacao (cacao) seed butter*, Cocos nucifera (coconut) oil*, Ricinus communis (castor) seed oil*, Simmondsia chinensis (jojoba) seed oil*, Olea europaea (olive) fruit oil*, Citrus limon (lemon) peel oil, Tocopherol, Cymbopogon flexuosus (lemongrass) leaf oil, Citral\u2021, Geraniol\u2021, Limonene\u2021, Linalool\u2021 (\u2021natural component of essential oil)<\/p>\n<p>*certified organic ingredient\u00a0 84,1 % organic\u00a0 14,7 % wild grown\u00a0 100 % natural<\/p>\n<p>Hurraw Balm is certified organic by the Montana Department of Agriculture and COSMOS Natural certified by Ecocert.<\/p>\n<p>Lemon essential oil at high concentrations can make skin more sensitive to prolonged sun exposure. We follow the IFRA safety guidelines and use lemon essential oil at a safe level for\u00a0&#8216;leave-on&#8217; skin preparations. It is advised to avoid lemongrass oil when pregnant.<\/p>","protected":false},"excerpt":{"rendered":"<p>Natural and fresh lip balm! We offer you a lovely lemon wake up call! But wait, there&#8217;s more! We also blend a smidge of Malagasy lemongrass to give it an extra lemony kick! The two together pretty much rock the lemon gods. Made with organic, vegan, &amp; raw ingredients. Ingredients: Carthamus tinctorius (safflower) seed oil*, [&hellip;]<\/p>","protected":false},"featured_media":1669337,"comment_status":"open","ping_status":"closed","template":"","meta":{"content-type":"","_monsterinsights_skip_tracking":false,"_monsterinsights_sitenote_active":false,"_monsterinsights_sitenote_note":"","_monsterinsights_sitenote_category":0,"_uf_show_specific_survey":0,"_uf_disable_surveys":false},"product_brand":[],"product_cat":[320,132,34,15],"product_tag":[610,611,605,609,608],"class_list":{"0":"post-1669334","1":"product","2":"type-product","3":"status-publish","4":"has-post-thumbnail","6":"product_cat-lip-care","7":"product_cat-lips","8":"product_cat-skincare","9":"product_cat-all-products","10":"product_tag-balzamas-l8poms","11":"product_tag-citrininis","12":"product_tag-hurraw","13":"product_tag-natural-balm","14":"product_tag-natural-lip-balm","16":"first","17":"instock","18":"taxable","19":"shipping-taxable","20":"purchasable","21":"product-type-simple"},"bundled_by":[],"bundle_stock_status":"instock","bundle_stock_quantity":null,"bundle_virtual":false,"bundle_layout":"","bundle_add_to_cart_form_location":"","bundle_editable_in_cart":false,"bundle_sold_individually_context":"","bundle_item_grouping":"","bundle_min_size":"","bundle_max_size":"","bundle_price":[],"bundled_items":[],"bundle_sell_ids":[],"group_of_quantity":0,"min_quantity":0,"max_quantity":"","exclude_order_quantity_value_rules":"no","exclude_category_quantity_rules":"no","combine_variations":"no","exclude_global_add_ons":[],"addons":[],"yoast_head":"<!-- This site is optimized with the Yoast SEO plugin v27.4 - https:\/\/yoast.com\/product\/yoast-seo-wordpress\/ -->\n<title>HURRAW  Lemon lip balm - Greenspells<\/title>\n<meta name=\"description\" content=\"Natural and fresh lip balm! A lovely lemon wake up call, blended with a smidge of Malagasy lemongrass. Together they rock the lemon gods!\" \/>\n<meta name=\"robots\" content=\"index, follow, max-snippet:-1, max-image-preview:large, max-video-preview:-1\" \/>\n<link rel=\"canonical\" href=\"https:\/\/greenspells.com\/lt\/produktas\/hurraw-lemon-lip-balm\/\" \/>\n<meta property=\"og:locale\" content=\"lt_LT\" \/>\n<meta property=\"og:type\" content=\"article\" \/>\n<meta property=\"og:title\" content=\"HURRAW  Lemon lip balm - Greenspells\" \/>\n<meta property=\"og:description\" content=\"Natural and fresh lip balm! A lovely lemon wake up call, blended with a smidge of Malagasy lemongrass. Together they rock the lemon gods!\" \/>\n<meta property=\"og:url\" content=\"https:\/\/greenspells.com\/lt\/produktas\/hurraw-lemon-lip-balm\/\" \/>\n<meta property=\"og:site_name\" content=\"Greenspells\" \/>\n<meta property=\"article:publisher\" content=\"https:\/\/www.facebook.com\/Greenspells\" \/>\n<meta property=\"article:modified_time\" content=\"2021-01-20T18:51:37+00:00\" \/>\n<meta property=\"og:image\" content=\"https:\/\/i0.wp.com\/greenspells.com\/wp-content\/uploads\/2021\/01\/Hurraw_lemon_lip_balm_1024x1024@2x.jpg?fit=1024%2C1024&ssl=1\" \/>\n\t<meta property=\"og:image:width\" content=\"1024\" \/>\n\t<meta property=\"og:image:height\" content=\"1024\" \/>\n\t<meta property=\"og:image:type\" content=\"image\/jpeg\" \/>\n<meta name=\"twitter:card\" content=\"summary_large_image\" \/>\n<meta name=\"twitter:label1\" content=\"Est. reading time\" \/>\n\t<meta name=\"twitter:data1\" content=\"1 minut\u0117\" \/>\n<script type=\"application\/ld+json\" class=\"yoast-schema-graph\">{\"@context\":\"https:\\\/\\\/schema.org\",\"@graph\":[{\"@type\":\"WebPage\",\"@id\":\"https:\\\/\\\/greenspells.com\\\/lt\\\/produktas\\\/hurraw-lemon-lip-balm\\\/\",\"url\":\"https:\\\/\\\/greenspells.com\\\/lt\\\/produktas\\\/hurraw-lemon-lip-balm\\\/\",\"name\":\"HURRAW Lemon lip balm - Greenspells\",\"isPartOf\":{\"@id\":\"https:\\\/\\\/greenspells.com\\\/#website\"},\"primaryImageOfPage\":{\"@id\":\"https:\\\/\\\/greenspells.com\\\/lt\\\/produktas\\\/hurraw-lemon-lip-balm\\\/#primaryimage\"},\"image\":{\"@id\":\"https:\\\/\\\/greenspells.com\\\/lt\\\/produktas\\\/hurraw-lemon-lip-balm\\\/#primaryimage\"},\"thumbnailUrl\":\"https:\\\/\\\/i0.wp.com\\\/greenspells.com\\\/wp-content\\\/uploads\\\/2021\\\/01\\\/Hurraw_lemon_lip_balm_1024x1024%402x.jpg?fit=1024%2C1024&ssl=1\",\"datePublished\":\"2021-01-20T18:51:36+00:00\",\"dateModified\":\"2021-01-20T18:51:37+00:00\",\"description\":\"Natural and fresh lip balm! A lovely lemon wake up call, blended with a smidge of Malagasy lemongrass. Together they rock the lemon gods!\",\"breadcrumb\":{\"@id\":\"https:\\\/\\\/greenspells.com\\\/lt\\\/produktas\\\/hurraw-lemon-lip-balm\\\/#breadcrumb\"},\"inLanguage\":\"lt-LT\",\"potentialAction\":[{\"@type\":\"ReadAction\",\"target\":[\"https:\\\/\\\/greenspells.com\\\/lt\\\/produktas\\\/hurraw-lemon-lip-balm\\\/\"]}]},{\"@type\":\"ImageObject\",\"inLanguage\":\"lt-LT\",\"@id\":\"https:\\\/\\\/greenspells.com\\\/lt\\\/produktas\\\/hurraw-lemon-lip-balm\\\/#primaryimage\",\"url\":\"https:\\\/\\\/i0.wp.com\\\/greenspells.com\\\/wp-content\\\/uploads\\\/2021\\\/01\\\/Hurraw_lemon_lip_balm_1024x1024%402x.jpg?fit=1024%2C1024&ssl=1\",\"contentUrl\":\"https:\\\/\\\/i0.wp.com\\\/greenspells.com\\\/wp-content\\\/uploads\\\/2021\\\/01\\\/Hurraw_lemon_lip_balm_1024x1024%402x.jpg?fit=1024%2C1024&ssl=1\",\"width\":1024,\"height\":1024,\"caption\":\"hurraw lemon lip balm\"},{\"@type\":\"BreadcrumbList\",\"@id\":\"https:\\\/\\\/greenspells.com\\\/lt\\\/produktas\\\/hurraw-lemon-lip-balm\\\/#breadcrumb\",\"itemListElement\":[{\"@type\":\"ListItem\",\"position\":1,\"name\":\"Home\",\"item\":\"https:\\\/\\\/greenspells.com\\\/\"},{\"@type\":\"ListItem\",\"position\":2,\"name\":\"Shop\",\"item\":\"https:\\\/\\\/greenspells.com\\\/shop\\\/\"},{\"@type\":\"ListItem\",\"position\":3,\"name\":\"HURRAW Lemon lip balm\"}]},{\"@type\":\"WebSite\",\"@id\":\"https:\\\/\\\/greenspells.com\\\/#website\",\"url\":\"https:\\\/\\\/greenspells.com\\\/\",\"name\":\"Greenspells\",\"description\":\"Nat\u016brali ir ekologi\u0161ka kosmetika\",\"publisher\":{\"@id\":\"https:\\\/\\\/greenspells.com\\\/#organization\"},\"potentialAction\":[{\"@type\":\"SearchAction\",\"target\":{\"@type\":\"EntryPoint\",\"urlTemplate\":\"https:\\\/\\\/greenspells.com\\\/?s={search_term_string}\"},\"query-input\":{\"@type\":\"PropertyValueSpecification\",\"valueRequired\":true,\"valueName\":\"search_term_string\"}}],\"inLanguage\":\"lt-LT\"},{\"@type\":\"Organization\",\"@id\":\"https:\\\/\\\/greenspells.com\\\/#organization\",\"name\":\"Greenspells\",\"url\":\"https:\\\/\\\/greenspells.com\\\/\",\"logo\":{\"@type\":\"ImageObject\",\"inLanguage\":\"lt-LT\",\"@id\":\"https:\\\/\\\/greenspells.com\\\/#\\\/schema\\\/logo\\\/image\\\/\",\"url\":\"https:\\\/\\\/i0.wp.com\\\/greenspells.com\\\/wp-content\\\/uploads\\\/2020\\\/09\\\/20200722_153424_0000.png?fit=1500%2C1500&ssl=1\",\"contentUrl\":\"https:\\\/\\\/i0.wp.com\\\/greenspells.com\\\/wp-content\\\/uploads\\\/2020\\\/09\\\/20200722_153424_0000.png?fit=1500%2C1500&ssl=1\",\"width\":1500,\"height\":1500,\"caption\":\"Greenspells\"},\"image\":{\"@id\":\"https:\\\/\\\/greenspells.com\\\/#\\\/schema\\\/logo\\\/image\\\/\"},\"sameAs\":[\"https:\\\/\\\/www.facebook.com\\\/Greenspells\",\"https:\\\/\\\/www.instagram.com\\\/greenspells_store\\\/\"]}]}<\/script>\n<!-- \/ Yoast SEO plugin. -->","yoast_head_json":{"title":"HURRAW  Lemon lip balm - Greenspells","description":"Natural and fresh lip balm! A lovely lemon wake up call, blended with a smidge of Malagasy lemongrass. Together they rock the lemon gods!","robots":{"index":"index","follow":"follow","max-snippet":"max-snippet:-1","max-image-preview":"max-image-preview:large","max-video-preview":"max-video-preview:-1"},"canonical":"https:\/\/greenspells.com\/lt\/produktas\/hurraw-lemon-lip-balm\/","og_locale":"lt_LT","og_type":"article","og_title":"HURRAW  Lemon lip balm - Greenspells","og_description":"Natural and fresh lip balm! A lovely lemon wake up call, blended with a smidge of Malagasy lemongrass. Together they rock the lemon gods!","og_url":"https:\/\/greenspells.com\/lt\/produktas\/hurraw-lemon-lip-balm\/","og_site_name":"Greenspells","article_publisher":"https:\/\/www.facebook.com\/Greenspells","article_modified_time":"2021-01-20T18:51:37+00:00","og_image":[{"width":1024,"height":1024,"url":"https:\/\/i0.wp.com\/greenspells.com\/wp-content\/uploads\/2021\/01\/Hurraw_lemon_lip_balm_1024x1024@2x.jpg?fit=1024%2C1024&ssl=1","type":"image\/jpeg"}],"twitter_card":"summary_large_image","twitter_misc":{"Est. reading time":"1 minut\u0117"},"schema":{"@context":"https:\/\/schema.org","@graph":[{"@type":"WebPage","@id":"https:\/\/greenspells.com\/lt\/produktas\/hurraw-lemon-lip-balm\/","url":"https:\/\/greenspells.com\/lt\/produktas\/hurraw-lemon-lip-balm\/","name":"HURRAW Lemon lip balm - Greenspells","isPartOf":{"@id":"https:\/\/greenspells.com\/#website"},"primaryImageOfPage":{"@id":"https:\/\/greenspells.com\/lt\/produktas\/hurraw-lemon-lip-balm\/#primaryimage"},"image":{"@id":"https:\/\/greenspells.com\/lt\/produktas\/hurraw-lemon-lip-balm\/#primaryimage"},"thumbnailUrl":"https:\/\/i0.wp.com\/greenspells.com\/wp-content\/uploads\/2021\/01\/Hurraw_lemon_lip_balm_1024x1024%402x.jpg?fit=1024%2C1024&ssl=1","datePublished":"2021-01-20T18:51:36+00:00","dateModified":"2021-01-20T18:51:37+00:00","description":"Natural and fresh lip balm! A lovely lemon wake up call, blended with a smidge of Malagasy lemongrass. Together they rock the lemon gods!","breadcrumb":{"@id":"https:\/\/greenspells.com\/lt\/produktas\/hurraw-lemon-lip-balm\/#breadcrumb"},"inLanguage":"lt-LT","potentialAction":[{"@type":"ReadAction","target":["https:\/\/greenspells.com\/lt\/produktas\/hurraw-lemon-lip-balm\/"]}]},{"@type":"ImageObject","inLanguage":"lt-LT","@id":"https:\/\/greenspells.com\/lt\/produktas\/hurraw-lemon-lip-balm\/#primaryimage","url":"https:\/\/i0.wp.com\/greenspells.com\/wp-content\/uploads\/2021\/01\/Hurraw_lemon_lip_balm_1024x1024%402x.jpg?fit=1024%2C1024&ssl=1","contentUrl":"https:\/\/i0.wp.com\/greenspells.com\/wp-content\/uploads\/2021\/01\/Hurraw_lemon_lip_balm_1024x1024%402x.jpg?fit=1024%2C1024&ssl=1","width":1024,"height":1024,"caption":"hurraw lemon lip balm"},{"@type":"BreadcrumbList","@id":"https:\/\/greenspells.com\/lt\/produktas\/hurraw-lemon-lip-balm\/#breadcrumb","itemListElement":[{"@type":"ListItem","position":1,"name":"Home","item":"https:\/\/greenspells.com\/"},{"@type":"ListItem","position":2,"name":"Shop","item":"https:\/\/greenspells.com\/shop\/"},{"@type":"ListItem","position":3,"name":"HURRAW Lemon lip balm"}]},{"@type":"WebSite","@id":"https:\/\/greenspells.com\/#website","url":"https:\/\/greenspells.com\/","name":"Greenspells","description":"Nat\u016brali ir ekologi\u0161ka kosmetika","publisher":{"@id":"https:\/\/greenspells.com\/#organization"},"potentialAction":[{"@type":"SearchAction","target":{"@type":"EntryPoint","urlTemplate":"https:\/\/greenspells.com\/?s={search_term_string}"},"query-input":{"@type":"PropertyValueSpecification","valueRequired":true,"valueName":"search_term_string"}}],"inLanguage":"lt-LT"},{"@type":"Organization","@id":"https:\/\/greenspells.com\/#organization","name":"Greenspells","url":"https:\/\/greenspells.com\/","logo":{"@type":"ImageObject","inLanguage":"lt-LT","@id":"https:\/\/greenspells.com\/#\/schema\/logo\/image\/","url":"https:\/\/i0.wp.com\/greenspells.com\/wp-content\/uploads\/2020\/09\/20200722_153424_0000.png?fit=1500%2C1500&ssl=1","contentUrl":"https:\/\/i0.wp.com\/greenspells.com\/wp-content\/uploads\/2020\/09\/20200722_153424_0000.png?fit=1500%2C1500&ssl=1","width":1500,"height":1500,"caption":"Greenspells"},"image":{"@id":"https:\/\/greenspells.com\/#\/schema\/logo\/image\/"},"sameAs":["https:\/\/www.facebook.com\/Greenspells","https:\/\/www.instagram.com\/greenspells_store\/"]}]}},"jetpack_likes_enabled":true,"jetpack_sharing_enabled":true,"_links":{"self":[{"href":"https:\/\/greenspells.com\/lt\/wp-json\/wp\/v2\/product\/1669334","targetHints":{"allow":["GET"]}}],"collection":[{"href":"https:\/\/greenspells.com\/lt\/wp-json\/wp\/v2\/product"}],"about":[{"href":"https:\/\/greenspells.com\/lt\/wp-json\/wp\/v2\/types\/product"}],"replies":[{"embeddable":true,"href":"https:\/\/greenspells.com\/lt\/wp-json\/wp\/v2\/comments?post=1669334"}],"wp:featuredmedia":[{"embeddable":true,"href":"https:\/\/greenspells.com\/lt\/wp-json\/wp\/v2\/media\/1669337"}],"wp:attachment":[{"href":"https:\/\/greenspells.com\/lt\/wp-json\/wp\/v2\/media?parent=1669334"}],"wp:term":[{"taxonomy":"product_brand","embeddable":true,"href":"https:\/\/greenspells.com\/lt\/wp-json\/wp\/v2\/product_brand?post=1669334"},{"taxonomy":"product_cat","embeddable":true,"href":"https:\/\/greenspells.com\/lt\/wp-json\/wp\/v2\/product_cat?post=1669334"},{"taxonomy":"product_tag","embeddable":true,"href":"https:\/\/greenspells.com\/lt\/wp-json\/wp\/v2\/product_tag?post=1669334"}],"curies":[{"name":"wp","href":"https:\/\/api.w.org\/{rel}","templated":true}]}}