{"id":1669330,"date":"2021-01-20T20:39:35","date_gmt":"2021-01-20T18:39:35","guid":{"rendered":"https:\/\/greenspells.com\/?post_type=product&#038;p=1669330"},"modified":"2021-01-20T20:39:35","modified_gmt":"2021-01-20T18:39:35","slug":"hurraw-orange-lip-balm","status":"publish","type":"product","link":"https:\/\/greenspells.com\/lt\/produktas\/hurraw-orange-lip-balm\/","title":{"rendered":"HURRAW <br> Balzamas l\u016bpoms, apelsininis"},"content":{"rendered":"<p>Pasiruo\u0161kite nat\u016braliam ir gaiviam l\u016bp\u0173 balzamui! Vienas pasukimas \u0161io balzamo - ir j\u016bs\u0173 veid\u0105 i\u0161kart papuo\u0161 \u0161ypsena.<\/p>\n<p>Sultingi, viliojantys, saul\u0117je prisirp\u0119 apelsinai..  Toks yra ir \u0161is balzamas!<\/p>\n<p>Beje, tinka veganams. Sud\u0117tyje n\u0117ra net bi\u010di\u0173 va\u0161ko, \u012fprastai naudojamo l\u016bp\u0173 balzamuose.<\/p>\n<p><em><strong>Sud\u0117tis:<\/strong><\/em><\/p>\n<p>Carthamus tinctorius (safflower) seed oil*, Euphorbia cerifera cera (candelilla) wax, Prunus amygdalus dulcis (sweet almond) oil*, Cocos nucifera (coconut) oil*, Ricinus communis (castor) seed oil*, Theobroma cacao (cacao) seed butter*, Simmondsia chinensis (jojoba) seed oil*, Olea europaea (olive) fruit oil*, Citrus aurantium dulcis (orange) peel oil, Tocopherol, Helianthus annuus (sunflower) seed oil, Citral\u2021, Limonene\u2021, Linalool\u2021 (\u2021natural component of essential oil)<\/p>\n<p>*certified organic ingredient\u00a0 80% organic\u00a0 14% wild grown\u00a0 100% natural<br \/>\nHurraw Balm is certified organic by the Montana Department of Agriculture (USDA Organic Regulations) and COSMOS Natural certified by Ecocert (EU Organic Certification Body).<\/p>\n<p>Orange essential oil at high concentrations can make skin more sensitive to prolonged sun exposure. We follow the IFRA safety guidelines and use orange essential oil at a safe level for\u00a0&#8216;leave-on&#8217; skin preparations.<\/p>","protected":false},"excerpt":{"rendered":"<p>Get ready for natural and fresh lip balm! One swipe of our creamy orange balm will bring a smile to your lips. Juicy, tangy, sun ripened oranges are what this balm is all about. Talk about uplifting&#8230;! By the way, it&#8217;s VEGAN! ( candelilla wax is used instead of beeswax). Ingredients: Carthamus tinctorius (safflower) seed [&hellip;]<\/p>\n","protected":false},"featured_media":1669333,"comment_status":"open","ping_status":"closed","template":"","meta":{"content-type":"","_monsterinsights_skip_tracking":false,"_monsterinsights_sitenote_active":false,"_monsterinsights_sitenote_note":"","_monsterinsights_sitenote_category":0,"_uf_show_specific_survey":0,"_uf_disable_surveys":false},"product_brand":[],"product_cat":[320,34,15],"product_tag":[606,604,605,603,187,607,602,601],"class_list":{"0":"post-1669330","1":"product","2":"type-product","3":"status-publish","4":"has-post-thumbnail","6":"product_cat-lip-care","7":"product_cat-skincare","8":"product_cat-all-products","9":"product_tag-apelsininis","10":"product_tag-balzamas-lupoms","11":"product_tag-hurraw","12":"product_tag-lupu-balzamas","13":"product_tag-lip-balm","14":"product_tag-naturalus-balzamas","15":"product_tag-orange-balm","16":"product_tag-orange-lip-balm","18":"first","19":"instock","20":"taxable","21":"shipping-taxable","22":"purchasable","23":"product-type-simple"},"bundled_by":[],"bundle_stock_status":"instock","bundle_stock_quantity":null,"bundle_virtual":false,"bundle_layout":"","bundle_add_to_cart_form_location":"","bundle_editable_in_cart":false,"bundle_sold_individually_context":"","bundle_item_grouping":"","bundle_min_size":"","bundle_max_size":"","bundle_price":[],"bundled_items":[],"bundle_sell_ids":[],"group_of_quantity":0,"min_quantity":0,"max_quantity":"","exclude_order_quantity_value_rules":"no","exclude_category_quantity_rules":"no","combine_variations":"no","exclude_global_add_ons":[],"addons":[],"yoast_head":"<!-- This site is optimized with the Yoast SEO plugin v27.5 - https:\/\/yoast.com\/product\/yoast-seo-wordpress\/ -->\n<title>HURRAW  Orange lip balm - Greenspells<\/title>\n<meta name=\"description\" content=\"Get ready for natural and fresh lip balm! One swipe of our creamy orange balm will bring a smile to your lips.\" \/>\n<meta name=\"robots\" content=\"index, follow, max-snippet:-1, max-image-preview:large, max-video-preview:-1\" \/>\n<link rel=\"canonical\" href=\"https:\/\/greenspells.com\/lt\/produktas\/hurraw-orange-lip-balm\/\" \/>\n<meta property=\"og:locale\" content=\"lt_LT\" \/>\n<meta property=\"og:type\" content=\"article\" \/>\n<meta property=\"og:title\" content=\"HURRAW  Orange lip balm - Greenspells\" \/>\n<meta property=\"og:description\" content=\"Get ready for natural and fresh lip balm! One swipe of our creamy orange balm will bring a smile to your lips.\" \/>\n<meta property=\"og:url\" content=\"https:\/\/greenspells.com\/lt\/produktas\/hurraw-orange-lip-balm\/\" \/>\n<meta property=\"og:site_name\" content=\"Greenspells\" \/>\n<meta property=\"article:publisher\" content=\"https:\/\/www.facebook.com\/Greenspells\" \/>\n<meta property=\"og:image\" content=\"https:\/\/i0.wp.com\/greenspells.com\/wp-content\/uploads\/2021\/01\/Hurraw_orange_lip_balm_1024x1024@2x.jpg?fit=1024%2C1024&ssl=1\" \/>\n\t<meta property=\"og:image:width\" content=\"1024\" \/>\n\t<meta property=\"og:image:height\" content=\"1024\" \/>\n\t<meta property=\"og:image:type\" content=\"image\/jpeg\" \/>\n<meta name=\"twitter:card\" content=\"summary_large_image\" \/>\n<meta name=\"twitter:label1\" content=\"Est. reading time\" \/>\n\t<meta name=\"twitter:data1\" content=\"1 minut\u0117\" \/>\n<script type=\"application\/ld+json\" class=\"yoast-schema-graph\">{\"@context\":\"https:\\\/\\\/schema.org\",\"@graph\":[{\"@type\":\"WebPage\",\"@id\":\"https:\\\/\\\/greenspells.com\\\/product\\\/hurraw-orange-lip-balm\\\/\",\"url\":\"https:\\\/\\\/greenspells.com\\\/product\\\/hurraw-orange-lip-balm\\\/\",\"name\":\"HURRAW Orange lip balm - Greenspells\",\"isPartOf\":{\"@id\":\"https:\\\/\\\/greenspells.com\\\/#website\"},\"primaryImageOfPage\":{\"@id\":\"https:\\\/\\\/greenspells.com\\\/product\\\/hurraw-orange-lip-balm\\\/#primaryimage\"},\"image\":{\"@id\":\"https:\\\/\\\/greenspells.com\\\/product\\\/hurraw-orange-lip-balm\\\/#primaryimage\"},\"thumbnailUrl\":\"https:\\\/\\\/i0.wp.com\\\/greenspells.com\\\/wp-content\\\/uploads\\\/2021\\\/01\\\/Hurraw_orange_lip_balm_1024x1024%402x.jpg?fit=1024%2C1024&ssl=1\",\"datePublished\":\"2021-01-20T18:39:35+00:00\",\"description\":\"Get ready for natural and fresh lip balm! One swipe of our creamy orange balm will bring a smile to your lips.\",\"breadcrumb\":{\"@id\":\"https:\\\/\\\/greenspells.com\\\/product\\\/hurraw-orange-lip-balm\\\/#breadcrumb\"},\"inLanguage\":\"lt-LT\",\"potentialAction\":[{\"@type\":\"ReadAction\",\"target\":[\"https:\\\/\\\/greenspells.com\\\/product\\\/hurraw-orange-lip-balm\\\/\"]}]},{\"@type\":\"ImageObject\",\"inLanguage\":\"lt-LT\",\"@id\":\"https:\\\/\\\/greenspells.com\\\/product\\\/hurraw-orange-lip-balm\\\/#primaryimage\",\"url\":\"https:\\\/\\\/i0.wp.com\\\/greenspells.com\\\/wp-content\\\/uploads\\\/2021\\\/01\\\/Hurraw_orange_lip_balm_1024x1024%402x.jpg?fit=1024%2C1024&ssl=1\",\"contentUrl\":\"https:\\\/\\\/i0.wp.com\\\/greenspells.com\\\/wp-content\\\/uploads\\\/2021\\\/01\\\/Hurraw_orange_lip_balm_1024x1024%402x.jpg?fit=1024%2C1024&ssl=1\",\"width\":1024,\"height\":1024,\"caption\":\"hurraw orange lip balm\"},{\"@type\":\"BreadcrumbList\",\"@id\":\"https:\\\/\\\/greenspells.com\\\/product\\\/hurraw-orange-lip-balm\\\/#breadcrumb\",\"itemListElement\":[{\"@type\":\"ListItem\",\"position\":1,\"name\":\"Home\",\"item\":\"https:\\\/\\\/greenspells.com\\\/\"},{\"@type\":\"ListItem\",\"position\":2,\"name\":\"Shop\",\"item\":\"https:\\\/\\\/greenspells.com\\\/shop\\\/\"},{\"@type\":\"ListItem\",\"position\":3,\"name\":\"HURRAW Orange lip balm\"}]},{\"@type\":\"WebSite\",\"@id\":\"https:\\\/\\\/greenspells.com\\\/#website\",\"url\":\"https:\\\/\\\/greenspells.com\\\/\",\"name\":\"Greenspells\",\"description\":\"Nat\u016brali ir ekologi\u0161ka kosmetika\",\"publisher\":{\"@id\":\"https:\\\/\\\/greenspells.com\\\/#organization\"},\"potentialAction\":[{\"@type\":\"SearchAction\",\"target\":{\"@type\":\"EntryPoint\",\"urlTemplate\":\"https:\\\/\\\/greenspells.com\\\/?s={search_term_string}\"},\"query-input\":{\"@type\":\"PropertyValueSpecification\",\"valueRequired\":true,\"valueName\":\"search_term_string\"}}],\"inLanguage\":\"lt-LT\"},{\"@type\":\"Organization\",\"@id\":\"https:\\\/\\\/greenspells.com\\\/#organization\",\"name\":\"Greenspells\",\"url\":\"https:\\\/\\\/greenspells.com\\\/\",\"logo\":{\"@type\":\"ImageObject\",\"inLanguage\":\"lt-LT\",\"@id\":\"https:\\\/\\\/greenspells.com\\\/#\\\/schema\\\/logo\\\/image\\\/\",\"url\":\"https:\\\/\\\/i0.wp.com\\\/greenspells.com\\\/wp-content\\\/uploads\\\/2020\\\/09\\\/20200722_153424_0000.png?fit=1500%2C1500&ssl=1\",\"contentUrl\":\"https:\\\/\\\/i0.wp.com\\\/greenspells.com\\\/wp-content\\\/uploads\\\/2020\\\/09\\\/20200722_153424_0000.png?fit=1500%2C1500&ssl=1\",\"width\":1500,\"height\":1500,\"caption\":\"Greenspells\"},\"image\":{\"@id\":\"https:\\\/\\\/greenspells.com\\\/#\\\/schema\\\/logo\\\/image\\\/\"},\"sameAs\":[\"https:\\\/\\\/www.facebook.com\\\/Greenspells\",\"https:\\\/\\\/www.instagram.com\\\/greenspells_store\\\/\"]}]}<\/script>\n<!-- \/ Yoast SEO plugin. -->","yoast_head_json":{"title":"HURRAW  Orange lip balm - Greenspells","description":"Pasiruo\u0161kite nat\u016braliam ir gaiviam l\u016bp\u0173 balzamui! Vienas pasukimas \u0161io balzamo - ir j\u016bs\u0173 veid\u0105 i\u0161kart papuo\u0161 \u0161ypsena.","robots":{"index":"index","follow":"follow","max-snippet":"max-snippet:-1","max-image-preview":"max-image-preview:large","max-video-preview":"max-video-preview:-1"},"canonical":"https:\/\/greenspells.com\/lt\/produktas\/hurraw-orange-lip-balm\/","og_locale":"lt_LT","og_type":"article","og_title":"HURRAW  Orange lip balm - Greenspells","og_description":"Get ready for natural and fresh lip balm! One swipe of our creamy orange balm will bring a smile to your lips.","og_url":"https:\/\/greenspells.com\/lt\/produktas\/hurraw-orange-lip-balm\/","og_site_name":"Greenspells","article_publisher":"https:\/\/www.facebook.com\/Greenspells","og_image":[{"width":1024,"height":1024,"url":"https:\/\/i0.wp.com\/greenspells.com\/wp-content\/uploads\/2021\/01\/Hurraw_orange_lip_balm_1024x1024@2x.jpg?fit=1024%2C1024&ssl=1","type":"image\/jpeg"}],"twitter_card":"summary_large_image","twitter_misc":{"Est. reading time":"1 minut\u0117"},"schema":{"@context":"https:\/\/schema.org","@graph":[{"@type":"WebPage","@id":"https:\/\/greenspells.com\/product\/hurraw-orange-lip-balm\/","url":"https:\/\/greenspells.com\/product\/hurraw-orange-lip-balm\/","name":"HURRAW Orange lip balm - Greenspells","isPartOf":{"@id":"https:\/\/greenspells.com\/#website"},"primaryImageOfPage":{"@id":"https:\/\/greenspells.com\/product\/hurraw-orange-lip-balm\/#primaryimage"},"image":{"@id":"https:\/\/greenspells.com\/product\/hurraw-orange-lip-balm\/#primaryimage"},"thumbnailUrl":"https:\/\/i0.wp.com\/greenspells.com\/wp-content\/uploads\/2021\/01\/Hurraw_orange_lip_balm_1024x1024%402x.jpg?fit=1024%2C1024&ssl=1","datePublished":"2021-01-20T18:39:35+00:00","description":"Pasiruo\u0161kite nat\u016braliam ir gaiviam l\u016bp\u0173 balzamui! Vienas pasukimas \u0161io balzamo - ir j\u016bs\u0173 veid\u0105 i\u0161kart papuo\u0161 \u0161ypsena.","breadcrumb":{"@id":"https:\/\/greenspells.com\/product\/hurraw-orange-lip-balm\/#breadcrumb"},"inLanguage":"lt-LT","potentialAction":[{"@type":"ReadAction","target":["https:\/\/greenspells.com\/product\/hurraw-orange-lip-balm\/"]}]},{"@type":"ImageObject","inLanguage":"lt-LT","@id":"https:\/\/greenspells.com\/product\/hurraw-orange-lip-balm\/#primaryimage","url":"https:\/\/i0.wp.com\/greenspells.com\/wp-content\/uploads\/2021\/01\/Hurraw_orange_lip_balm_1024x1024%402x.jpg?fit=1024%2C1024&ssl=1","contentUrl":"https:\/\/i0.wp.com\/greenspells.com\/wp-content\/uploads\/2021\/01\/Hurraw_orange_lip_balm_1024x1024%402x.jpg?fit=1024%2C1024&ssl=1","width":1024,"height":1024,"caption":"hurraw orange lip balm"},{"@type":"BreadcrumbList","@id":"https:\/\/greenspells.com\/product\/hurraw-orange-lip-balm\/#breadcrumb","itemListElement":[{"@type":"ListItem","position":1,"name":"Home","item":"https:\/\/greenspells.com\/"},{"@type":"ListItem","position":2,"name":"Shop","item":"https:\/\/greenspells.com\/shop\/"},{"@type":"ListItem","position":3,"name":"HURRAW Orange lip balm"}]},{"@type":"WebSite","@id":"https:\/\/greenspells.com\/#website","url":"https:\/\/greenspells.com\/","name":"Greenspells","description":"Nat\u016brali ir ekologi\u0161ka kosmetika","publisher":{"@id":"https:\/\/greenspells.com\/#organization"},"potentialAction":[{"@type":"SearchAction","target":{"@type":"EntryPoint","urlTemplate":"https:\/\/greenspells.com\/?s={search_term_string}"},"query-input":{"@type":"PropertyValueSpecification","valueRequired":true,"valueName":"search_term_string"}}],"inLanguage":"lt-LT"},{"@type":"Organization","@id":"https:\/\/greenspells.com\/#organization","name":"Greenspells","url":"https:\/\/greenspells.com\/","logo":{"@type":"ImageObject","inLanguage":"lt-LT","@id":"https:\/\/greenspells.com\/#\/schema\/logo\/image\/","url":"https:\/\/i0.wp.com\/greenspells.com\/wp-content\/uploads\/2020\/09\/20200722_153424_0000.png?fit=1500%2C1500&ssl=1","contentUrl":"https:\/\/i0.wp.com\/greenspells.com\/wp-content\/uploads\/2020\/09\/20200722_153424_0000.png?fit=1500%2C1500&ssl=1","width":1500,"height":1500,"caption":"Greenspells"},"image":{"@id":"https:\/\/greenspells.com\/#\/schema\/logo\/image\/"},"sameAs":["https:\/\/www.facebook.com\/Greenspells","https:\/\/www.instagram.com\/greenspells_store\/"]}]}},"jetpack_likes_enabled":true,"jetpack_sharing_enabled":true,"_links":{"self":[{"href":"https:\/\/greenspells.com\/lt\/wp-json\/wp\/v2\/product\/1669330","targetHints":{"allow":["GET"]}}],"collection":[{"href":"https:\/\/greenspells.com\/lt\/wp-json\/wp\/v2\/product"}],"about":[{"href":"https:\/\/greenspells.com\/lt\/wp-json\/wp\/v2\/types\/product"}],"replies":[{"embeddable":true,"href":"https:\/\/greenspells.com\/lt\/wp-json\/wp\/v2\/comments?post=1669330"}],"wp:featuredmedia":[{"embeddable":true,"href":"https:\/\/greenspells.com\/lt\/wp-json\/wp\/v2\/media\/1669333"}],"wp:attachment":[{"href":"https:\/\/greenspells.com\/lt\/wp-json\/wp\/v2\/media?parent=1669330"}],"wp:term":[{"taxonomy":"product_brand","embeddable":true,"href":"https:\/\/greenspells.com\/lt\/wp-json\/wp\/v2\/product_brand?post=1669330"},{"taxonomy":"product_cat","embeddable":true,"href":"https:\/\/greenspells.com\/lt\/wp-json\/wp\/v2\/product_cat?post=1669330"},{"taxonomy":"product_tag","embeddable":true,"href":"https:\/\/greenspells.com\/lt\/wp-json\/wp\/v2\/product_tag?post=1669330"}],"curies":[{"name":"wp","href":"https:\/\/api.w.org\/{rel}","templated":true}]}}