{"id":1669318,"date":"2021-01-20T20:04:45","date_gmt":"2021-01-20T18:04:45","guid":{"rendered":"https:\/\/greenspells.com\/?post_type=product&#038;p=1669318"},"modified":"2025-01-15T09:10:50","modified_gmt":"2025-01-15T07:10:50","slug":"ere-perez-rice-powder-blush-bronzer","status":"publish","type":"product","link":"https:\/\/greenspells.com\/lt\/produktas\/ere-perez-rice-powder-blush-bronzer\/","title":{"rendered":"ERE PEREZ <br> Ry\u017ei\u0173 skaistalai ir bronzantas"},"content":{"rendered":"<p>Prabangi, presuota daugiafunkc\u0117 ry\u017ei\u0173 pudra: skaistalai ir bronzantas viename! Pagaminta su ne GMO ry\u017eiais, kad sugert\u0173 riebal\u0173 pertekli\u0173 ir tuo pa\u010diu suteikt\u0173 odai \u0161ilkinio spindesio. Leid\u017eia odai laisvai kv\u0117puoti, maitina j\u0105 Vitaminu E ir ramun\u0117l\u0117mis.<\/p>\n<p>Puikiai tinka tiek dienai, tiek vakaro makia\u017eui, jaunatvi\u0161ka ir gaivu. Patogiausia dengti su m\u016bs\u0173 eco vegan ALL- BEAUTY \u0161epet\u0117liu.<\/p>\n<p>Ry\u017ei\u0173 krakmolas (ne GMO) i\u0161gautas i\u0161 ry\u017ei\u0173, jis puikiai absorbuoja perteklinius odos riebalus.<\/p>\n<p><em><strong>Sud\u0117tis:<\/strong><\/em><\/p>\n<p>Mica, tapioca starch, zinc stearate, squalene, magnesium carbonate, silica, oryza sativa (rice) starch, helianthus annuus (sunflower) seed oil, tocopherol (vitamin E), matricaria recutita (chamomile) extract, glyceryl caprylate, p-anisic acid, chlorphenesin, tourmaline, calcium sulfate, manganese sulfate, lauroyl lysine. May contain +\/- iron oxides, CI 77891, CI 15850<\/p>","protected":false},"excerpt":{"rendered":"<p>Luxurious multitasking rice powder blush with 2 blendable shades. Matte mandarin &amp; pink glimmer for a sun-kissed look. Suits all skin types &amp; tones. Made with non-GMO rice to help absorb oil and create a velvet finish. Allows skin to breathe and conditions with vitamin E and chamomile. This is a day or night blush, [&hellip;]<\/p>\n","protected":false},"featured_media":1669320,"comment_status":"open","ping_status":"closed","template":"","meta":{"content-type":"","_monsterinsights_skip_tracking":false,"_monsterinsights_sitenote_active":false,"_monsterinsights_sitenote_note":"","_monsterinsights_sitenote_category":0,"_uf_show_specific_survey":0,"_uf_disable_surveys":false},"product_brand":[],"product_cat":[133,42,15],"product_tag":[102,597,595,578,594,596],"class_list":{"0":"post-1669318","1":"product","2":"type-product","3":"status-publish","4":"has-post-thumbnail","6":"product_cat-complexion","7":"product_cat-make-up","8":"product_cat-all-products","9":"product_tag-blush","10":"product_tag-bronzantas","11":"product_tag-bronzer","12":"product_tag-ere-perez","13":"product_tag-rice-powder","14":"product_tag-skaistalai","16":"first","17":"instock","18":"taxable","19":"shipping-taxable","20":"purchasable","21":"product-type-simple"},"bundled_by":[],"bundle_stock_status":"instock","bundle_stock_quantity":null,"bundle_virtual":false,"bundle_layout":"","bundle_add_to_cart_form_location":"","bundle_editable_in_cart":false,"bundle_sold_individually_context":"","bundle_item_grouping":"","bundle_min_size":"","bundle_max_size":"","bundle_price":[],"bundled_items":[],"bundle_sell_ids":[],"group_of_quantity":0,"min_quantity":0,"max_quantity":"","exclude_order_quantity_value_rules":"no","exclude_category_quantity_rules":"no","combine_variations":"no","exclude_global_add_ons":[],"addons":[],"yoast_head":"<!-- This site is optimized with the Yoast SEO plugin v27.5 - https:\/\/yoast.com\/product\/yoast-seo-wordpress\/ -->\n<title>ERE PEREZ  Rice powder blush &amp; bronzer - Greenspells<\/title>\n<meta name=\"description\" content=\"Luxurious multitasking rice powder blush with 2 blendable shades. Matte mandarin &amp; pink glimmer for a sun-kissed look. Suits all skin tones!\" \/>\n<meta name=\"robots\" content=\"index, follow, max-snippet:-1, max-image-preview:large, max-video-preview:-1\" \/>\n<link rel=\"canonical\" href=\"https:\/\/greenspells.com\/lt\/produktas\/ere-perez-rice-powder-blush-bronzer\/\" \/>\n<meta property=\"og:locale\" content=\"lt_LT\" \/>\n<meta property=\"og:type\" content=\"article\" \/>\n<meta property=\"og:title\" content=\"ERE PEREZ  Rice powder blush &amp; bronzer - Greenspells\" \/>\n<meta property=\"og:description\" content=\"Luxurious multitasking rice powder blush with 2 blendable shades. Matte mandarin &amp; pink glimmer for a sun-kissed look. Suits all skin tones!\" \/>\n<meta property=\"og:url\" content=\"https:\/\/greenspells.com\/lt\/produktas\/ere-perez-rice-powder-blush-bronzer\/\" \/>\n<meta property=\"og:site_name\" content=\"Greenspells\" \/>\n<meta property=\"article:publisher\" content=\"https:\/\/www.facebook.com\/Greenspells\" \/>\n<meta property=\"article:modified_time\" content=\"2025-01-15T07:10:50+00:00\" \/>\n<meta property=\"og:image\" content=\"https:\/\/greenspells.com\/wp-content\/uploads\/2021\/01\/Ere_Perez_Rice_Powder_Brooklyn_.jpg\" \/>\n\t<meta property=\"og:image:width\" content=\"853\" \/>\n\t<meta property=\"og:image:height\" content=\"1039\" \/>\n\t<meta property=\"og:image:type\" content=\"image\/jpeg\" \/>\n<meta name=\"twitter:card\" content=\"summary_large_image\" \/>\n<meta name=\"twitter:label1\" content=\"Est. reading time\" \/>\n\t<meta name=\"twitter:data1\" content=\"1 minut\u0117\" \/>\n<script type=\"application\/ld+json\" class=\"yoast-schema-graph\">{\"@context\":\"https:\\\/\\\/schema.org\",\"@graph\":[{\"@type\":\"WebPage\",\"@id\":\"https:\\\/\\\/greenspells.com\\\/product\\\/ere-perez-rice-powder-blush-bronzer\\\/\",\"url\":\"https:\\\/\\\/greenspells.com\\\/product\\\/ere-perez-rice-powder-blush-bronzer\\\/\",\"name\":\"ERE PEREZ Rice powder blush & bronzer - Greenspells\",\"isPartOf\":{\"@id\":\"https:\\\/\\\/greenspells.com\\\/#website\"},\"primaryImageOfPage\":{\"@id\":\"https:\\\/\\\/greenspells.com\\\/product\\\/ere-perez-rice-powder-blush-bronzer\\\/#primaryimage\"},\"image\":{\"@id\":\"https:\\\/\\\/greenspells.com\\\/product\\\/ere-perez-rice-powder-blush-bronzer\\\/#primaryimage\"},\"thumbnailUrl\":\"https:\\\/\\\/i0.wp.com\\\/greenspells.com\\\/wp-content\\\/uploads\\\/2021\\\/01\\\/Ere_Perez_Rice_Powder_Brooklyn_.jpg?fit=853%2C1039&ssl=1\",\"datePublished\":\"2021-01-20T18:04:45+00:00\",\"dateModified\":\"2025-01-15T07:10:50+00:00\",\"description\":\"Luxurious multitasking rice powder blush with 2 blendable shades. Matte mandarin & pink glimmer for a sun-kissed look. Suits all skin tones!\",\"breadcrumb\":{\"@id\":\"https:\\\/\\\/greenspells.com\\\/product\\\/ere-perez-rice-powder-blush-bronzer\\\/#breadcrumb\"},\"inLanguage\":\"lt-LT\",\"potentialAction\":[{\"@type\":\"ReadAction\",\"target\":[\"https:\\\/\\\/greenspells.com\\\/product\\\/ere-perez-rice-powder-blush-bronzer\\\/\"]}]},{\"@type\":\"ImageObject\",\"inLanguage\":\"lt-LT\",\"@id\":\"https:\\\/\\\/greenspells.com\\\/product\\\/ere-perez-rice-powder-blush-bronzer\\\/#primaryimage\",\"url\":\"https:\\\/\\\/i0.wp.com\\\/greenspells.com\\\/wp-content\\\/uploads\\\/2021\\\/01\\\/Ere_Perez_Rice_Powder_Brooklyn_.jpg?fit=853%2C1039&ssl=1\",\"contentUrl\":\"https:\\\/\\\/i0.wp.com\\\/greenspells.com\\\/wp-content\\\/uploads\\\/2021\\\/01\\\/Ere_Perez_Rice_Powder_Brooklyn_.jpg?fit=853%2C1039&ssl=1\",\"width\":853,\"height\":1039,\"caption\":\"Ere perez rice bronzer blush\"},{\"@type\":\"BreadcrumbList\",\"@id\":\"https:\\\/\\\/greenspells.com\\\/product\\\/ere-perez-rice-powder-blush-bronzer\\\/#breadcrumb\",\"itemListElement\":[{\"@type\":\"ListItem\",\"position\":1,\"name\":\"Home\",\"item\":\"https:\\\/\\\/greenspells.com\\\/\"},{\"@type\":\"ListItem\",\"position\":2,\"name\":\"Shop\",\"item\":\"https:\\\/\\\/greenspells.com\\\/shop\\\/\"},{\"@type\":\"ListItem\",\"position\":3,\"name\":\"ERE PEREZ Rice powder blush &#038; bronzer\"}]},{\"@type\":\"WebSite\",\"@id\":\"https:\\\/\\\/greenspells.com\\\/#website\",\"url\":\"https:\\\/\\\/greenspells.com\\\/\",\"name\":\"Greenspells\",\"description\":\"Nat\u016brali ir ekologi\u0161ka kosmetika\",\"publisher\":{\"@id\":\"https:\\\/\\\/greenspells.com\\\/#organization\"},\"potentialAction\":[{\"@type\":\"SearchAction\",\"target\":{\"@type\":\"EntryPoint\",\"urlTemplate\":\"https:\\\/\\\/greenspells.com\\\/?s={search_term_string}\"},\"query-input\":{\"@type\":\"PropertyValueSpecification\",\"valueRequired\":true,\"valueName\":\"search_term_string\"}}],\"inLanguage\":\"lt-LT\"},{\"@type\":\"Organization\",\"@id\":\"https:\\\/\\\/greenspells.com\\\/#organization\",\"name\":\"Greenspells\",\"url\":\"https:\\\/\\\/greenspells.com\\\/\",\"logo\":{\"@type\":\"ImageObject\",\"inLanguage\":\"lt-LT\",\"@id\":\"https:\\\/\\\/greenspells.com\\\/#\\\/schema\\\/logo\\\/image\\\/\",\"url\":\"https:\\\/\\\/i0.wp.com\\\/greenspells.com\\\/wp-content\\\/uploads\\\/2020\\\/09\\\/20200722_153424_0000.png?fit=1500%2C1500&ssl=1\",\"contentUrl\":\"https:\\\/\\\/i0.wp.com\\\/greenspells.com\\\/wp-content\\\/uploads\\\/2020\\\/09\\\/20200722_153424_0000.png?fit=1500%2C1500&ssl=1\",\"width\":1500,\"height\":1500,\"caption\":\"Greenspells\"},\"image\":{\"@id\":\"https:\\\/\\\/greenspells.com\\\/#\\\/schema\\\/logo\\\/image\\\/\"},\"sameAs\":[\"https:\\\/\\\/www.facebook.com\\\/Greenspells\",\"https:\\\/\\\/www.instagram.com\\\/greenspells_store\\\/\"]}]}<\/script>\n<!-- \/ Yoast SEO plugin. -->","yoast_head_json":{"title":"ERE PEREZ  Rice powder blush & bronzer - Greenspells","description":"Luxurious multitasking rice powder blush with 2 blendable shades. Matte mandarin & pink glimmer for a sun-kissed look. Suits all skin tones!","robots":{"index":"index","follow":"follow","max-snippet":"max-snippet:-1","max-image-preview":"max-image-preview:large","max-video-preview":"max-video-preview:-1"},"canonical":"https:\/\/greenspells.com\/lt\/produktas\/ere-perez-rice-powder-blush-bronzer\/","og_locale":"lt_LT","og_type":"article","og_title":"ERE PEREZ  Rice powder blush & bronzer - Greenspells","og_description":"Luxurious multitasking rice powder blush with 2 blendable shades. Matte mandarin & pink glimmer for a sun-kissed look. Suits all skin tones!","og_url":"https:\/\/greenspells.com\/lt\/produktas\/ere-perez-rice-powder-blush-bronzer\/","og_site_name":"Greenspells","article_publisher":"https:\/\/www.facebook.com\/Greenspells","article_modified_time":"2025-01-15T07:10:50+00:00","og_image":[{"width":853,"height":1039,"url":"https:\/\/greenspells.com\/wp-content\/uploads\/2021\/01\/Ere_Perez_Rice_Powder_Brooklyn_.jpg","type":"image\/jpeg"}],"twitter_card":"summary_large_image","twitter_misc":{"Est. reading time":"1 minut\u0117"},"schema":{"@context":"https:\/\/schema.org","@graph":[{"@type":"WebPage","@id":"https:\/\/greenspells.com\/product\/ere-perez-rice-powder-blush-bronzer\/","url":"https:\/\/greenspells.com\/product\/ere-perez-rice-powder-blush-bronzer\/","name":"ERE PEREZ Rice powder blush & bronzer - Greenspells","isPartOf":{"@id":"https:\/\/greenspells.com\/#website"},"primaryImageOfPage":{"@id":"https:\/\/greenspells.com\/product\/ere-perez-rice-powder-blush-bronzer\/#primaryimage"},"image":{"@id":"https:\/\/greenspells.com\/product\/ere-perez-rice-powder-blush-bronzer\/#primaryimage"},"thumbnailUrl":"https:\/\/i0.wp.com\/greenspells.com\/wp-content\/uploads\/2021\/01\/Ere_Perez_Rice_Powder_Brooklyn_.jpg?fit=853%2C1039&ssl=1","datePublished":"2021-01-20T18:04:45+00:00","dateModified":"2025-01-15T07:10:50+00:00","description":"Luxurious multitasking rice powder blush with 2 blendable shades. Matte mandarin & pink glimmer for a sun-kissed look. Suits all skin tones!","breadcrumb":{"@id":"https:\/\/greenspells.com\/product\/ere-perez-rice-powder-blush-bronzer\/#breadcrumb"},"inLanguage":"lt-LT","potentialAction":[{"@type":"ReadAction","target":["https:\/\/greenspells.com\/product\/ere-perez-rice-powder-blush-bronzer\/"]}]},{"@type":"ImageObject","inLanguage":"lt-LT","@id":"https:\/\/greenspells.com\/product\/ere-perez-rice-powder-blush-bronzer\/#primaryimage","url":"https:\/\/i0.wp.com\/greenspells.com\/wp-content\/uploads\/2021\/01\/Ere_Perez_Rice_Powder_Brooklyn_.jpg?fit=853%2C1039&ssl=1","contentUrl":"https:\/\/i0.wp.com\/greenspells.com\/wp-content\/uploads\/2021\/01\/Ere_Perez_Rice_Powder_Brooklyn_.jpg?fit=853%2C1039&ssl=1","width":853,"height":1039,"caption":"Ere perez rice bronzer blush"},{"@type":"BreadcrumbList","@id":"https:\/\/greenspells.com\/product\/ere-perez-rice-powder-blush-bronzer\/#breadcrumb","itemListElement":[{"@type":"ListItem","position":1,"name":"Home","item":"https:\/\/greenspells.com\/"},{"@type":"ListItem","position":2,"name":"Shop","item":"https:\/\/greenspells.com\/shop\/"},{"@type":"ListItem","position":3,"name":"ERE PEREZ Rice powder blush &#038; bronzer"}]},{"@type":"WebSite","@id":"https:\/\/greenspells.com\/#website","url":"https:\/\/greenspells.com\/","name":"Greenspells","description":"Nat\u016brali ir ekologi\u0161ka kosmetika","publisher":{"@id":"https:\/\/greenspells.com\/#organization"},"potentialAction":[{"@type":"SearchAction","target":{"@type":"EntryPoint","urlTemplate":"https:\/\/greenspells.com\/?s={search_term_string}"},"query-input":{"@type":"PropertyValueSpecification","valueRequired":true,"valueName":"search_term_string"}}],"inLanguage":"lt-LT"},{"@type":"Organization","@id":"https:\/\/greenspells.com\/#organization","name":"Greenspells","url":"https:\/\/greenspells.com\/","logo":{"@type":"ImageObject","inLanguage":"lt-LT","@id":"https:\/\/greenspells.com\/#\/schema\/logo\/image\/","url":"https:\/\/i0.wp.com\/greenspells.com\/wp-content\/uploads\/2020\/09\/20200722_153424_0000.png?fit=1500%2C1500&ssl=1","contentUrl":"https:\/\/i0.wp.com\/greenspells.com\/wp-content\/uploads\/2020\/09\/20200722_153424_0000.png?fit=1500%2C1500&ssl=1","width":1500,"height":1500,"caption":"Greenspells"},"image":{"@id":"https:\/\/greenspells.com\/#\/schema\/logo\/image\/"},"sameAs":["https:\/\/www.facebook.com\/Greenspells","https:\/\/www.instagram.com\/greenspells_store\/"]}]}},"jetpack_likes_enabled":true,"jetpack_sharing_enabled":true,"_links":{"self":[{"href":"https:\/\/greenspells.com\/lt\/wp-json\/wp\/v2\/product\/1669318","targetHints":{"allow":["GET"]}}],"collection":[{"href":"https:\/\/greenspells.com\/lt\/wp-json\/wp\/v2\/product"}],"about":[{"href":"https:\/\/greenspells.com\/lt\/wp-json\/wp\/v2\/types\/product"}],"replies":[{"embeddable":true,"href":"https:\/\/greenspells.com\/lt\/wp-json\/wp\/v2\/comments?post=1669318"}],"wp:featuredmedia":[{"embeddable":true,"href":"https:\/\/greenspells.com\/lt\/wp-json\/wp\/v2\/media\/1669320"}],"wp:attachment":[{"href":"https:\/\/greenspells.com\/lt\/wp-json\/wp\/v2\/media?parent=1669318"}],"wp:term":[{"taxonomy":"product_brand","embeddable":true,"href":"https:\/\/greenspells.com\/lt\/wp-json\/wp\/v2\/product_brand?post=1669318"},{"taxonomy":"product_cat","embeddable":true,"href":"https:\/\/greenspells.com\/lt\/wp-json\/wp\/v2\/product_cat?post=1669318"},{"taxonomy":"product_tag","embeddable":true,"href":"https:\/\/greenspells.com\/lt\/wp-json\/wp\/v2\/product_tag?post=1669318"}],"curies":[{"name":"wp","href":"https:\/\/api.w.org\/{rel}","templated":true}]}}