{"id":1669305,"date":"2021-01-18T14:46:51","date_gmt":"2021-01-18T12:46:51","guid":{"rendered":"https:\/\/greenspells.com\/?post_type=product&#038;p=1669305"},"modified":"2023-01-01T19:41:21","modified_gmt":"2023-01-01T17:41:21","slug":"ere-perez-natural-almond-mascara","status":"publish","type":"product","link":"https:\/\/greenspells.com\/lt\/produktas\/ere-perez-natural-almond-mascara\/","title":{"rendered":"ERE PEREZ <br> Blakstien\u0173 tu\u0161as Natural Almond"},"content":{"rendered":"<p>Ar jau band\u0117t \u0161\u012f nat\u016bral\u0173, vandeniui atspar\u0173 tu\u0161\u0105 blakstienoms i\u0161 ERE PEREZ?<\/p>\n<p>Tai ERE PEREZ pasidid\u017eiavimas, produktas - \u017evaig\u017ed\u0117. Vienas i\u0161 nedaugelio nat\u016brali\u0173 tu\u0161\u0173, kuris atsparus vandeniui! Su migdol\u0173 aliejumi, stiprina, ilgina blakstienas. Nenusitrina, netrupa, nepalieka 'pandos aki\u0173', ilgai i\u0161lieka, atsparus vandeniui. \u0160velnios sud\u0117ties, tinka net jautriausioms akims, ne\u0161iojan\u010dioms l\u0119\u0161ius. Puikiai i\u0161silaiko vis\u0105 dien\u0105!<\/p>\n<p><em><strong>Kaip naudoti?<\/strong><\/em><\/p>\n<ol>\n<li>Tu\u0161\u0105 naudokite paskutiniame makia\u017eo \u017eingsnyje.<\/li>\n<li>Tepkite keliais sluoksniais vir\u0161utines blakstienas, vienu - apatines.<\/li>\n<li>Tu\u0161\u0105 lengvai nuvalysite bet kokiu aliejumi - sald\u017ei\u0173j\u0173 migdol\u0173, kokos\u0173, jokoba, alyvuogi\u0173 ar kt.<\/li>\n<\/ol>\n<p><em><strong>Ingredientai<\/strong><\/em>:<\/p>\n<p><strong>Black<\/strong><\/p>\n<p>beeswax (cera alba), carnauba (copernicia cerifera) wax, palm kernel (elaeis guineensis) wax, soybean (gyicine soja) seed oil, isoamyl laurate, calcium stearate, isopropyl palmitate, sweet almond (prunus amygdalus dulcis) oil, palmitic acid, mamey (pouteria sapota) oil, avocado (persea gratissima) oil, tocopheryl acetate (vitamin E), orange (citrus aurantium dulcis) oil, lemon (citrus medica limonum) oil, bergamot (citrus bergamia) oil, iron oxides.<\/p>","protected":false},"excerpt":{"rendered":"<p>Have you tried this incredible waterproof mascara from ERE PEREZ? Essential natural mascara, the star product that launched the Ere Perez 13 years ago. This little beauty is famous! Featuring almond oil, considered to strengthen and lengthen lashes, while stimulating growth. Smudge-proof, water resistant, long-lasting. Kind to all eyes, even sensitive ones and contact lenses. [&hellip;]<\/p>\n","protected":false},"featured_media":1669309,"comment_status":"open","ping_status":"closed","template":"","meta":{"content-type":"","_monsterinsights_skip_tracking":false,"_monsterinsights_sitenote_active":false,"_monsterinsights_sitenote_note":"","_monsterinsights_sitenote_category":0,"_uf_show_specific_survey":0,"_uf_disable_surveys":false},"product_brand":[],"product_cat":[131,42,15],"product_tag":[586,588,593,592,91,581,590,584,461,587,589,591,585],"class_list":{"0":"post-1669305","1":"product","2":"type-product","3":"status-publish","4":"has-post-thumbnail","6":"product_cat-eyes","7":"product_cat-make-up","8":"product_cat-all-products","9":"product_tag-almond-mascara","10":"product_tag-blakstienu-tusas","11":"product_tag-jautrioms-akims","12":"product_tag-makiazas","13":"product_tag-mascara","14":"product_tag-naturalus-makiazas","15":"product_tag-naturalus-tusas","16":"product_tag-natural-mascara","17":"product_tag-naturali-kosmetika","18":"product_tag-tusas","19":"product_tag-tusas-blakstienoms","20":"product_tag-vandeniui-atsparus-tusas","21":"product_tag-waterproof","23":"first","24":"instock","25":"taxable","26":"shipping-taxable","27":"purchasable","28":"product-type-simple"},"bundled_by":[],"bundle_stock_status":"instock","bundle_stock_quantity":null,"bundle_virtual":false,"bundle_layout":"","bundle_add_to_cart_form_location":"","bundle_editable_in_cart":false,"bundle_sold_individually_context":"","bundle_item_grouping":"","bundle_min_size":"","bundle_max_size":"","bundle_price":[],"bundled_items":[],"bundle_sell_ids":[],"group_of_quantity":0,"min_quantity":0,"max_quantity":"","exclude_order_quantity_value_rules":"no","exclude_category_quantity_rules":"no","combine_variations":"no","exclude_global_add_ons":[],"addons":[],"yoast_head":"<!-- This site is optimized with the Yoast SEO plugin v27.5 - https:\/\/yoast.com\/product\/yoast-seo-wordpress\/ -->\n<title>ERE PEREZ  Natural Almond Mascara - Greenspells<\/title>\n<meta name=\"description\" content=\"Smudge-proof,water resistant, long-lasting natural mascara!Kind to all eyes, even sensitive ones and contact lenses.Perfect for all-day wear!\" \/>\n<meta name=\"robots\" content=\"index, follow, max-snippet:-1, max-image-preview:large, max-video-preview:-1\" \/>\n<link rel=\"canonical\" href=\"https:\/\/greenspells.com\/lt\/produktas\/ere-perez-natural-almond-mascara\/\" \/>\n<meta property=\"og:locale\" content=\"lt_LT\" \/>\n<meta property=\"og:type\" content=\"article\" \/>\n<meta property=\"og:title\" content=\"ERE PEREZ  Natural Almond Mascara - Greenspells\" \/>\n<meta property=\"og:description\" content=\"Smudge-proof,water resistant, long-lasting natural mascara!Kind to all eyes, even sensitive ones and contact lenses.Perfect for all-day wear!\" \/>\n<meta property=\"og:url\" content=\"https:\/\/greenspells.com\/lt\/produktas\/ere-perez-natural-almond-mascara\/\" \/>\n<meta property=\"og:site_name\" content=\"Greenspells\" \/>\n<meta property=\"article:publisher\" content=\"https:\/\/www.facebook.com\/Greenspells\" \/>\n<meta property=\"article:modified_time\" content=\"2023-01-01T17:41:21+00:00\" \/>\n<meta property=\"og:image\" content=\"https:\/\/greenspells.com\/wp-content\/uploads\/2021\/01\/mascara_2154cf5e-ba68-40d3-bfff-a885a1cf8888_480x480@2x.jpg\" \/>\n\t<meta property=\"og:image:width\" content=\"960\" \/>\n\t<meta property=\"og:image:height\" content=\"960\" \/>\n\t<meta property=\"og:image:type\" content=\"image\/jpeg\" \/>\n<meta name=\"twitter:card\" content=\"summary_large_image\" \/>\n<meta name=\"twitter:label1\" content=\"Est. reading time\" \/>\n\t<meta name=\"twitter:data1\" content=\"1 minut\u0117\" \/>\n<script type=\"application\/ld+json\" class=\"yoast-schema-graph\">{\"@context\":\"https:\\\/\\\/schema.org\",\"@graph\":[{\"@type\":\"WebPage\",\"@id\":\"https:\\\/\\\/greenspells.com\\\/product\\\/ere-perez-natural-almond-mascara\\\/\",\"url\":\"https:\\\/\\\/greenspells.com\\\/product\\\/ere-perez-natural-almond-mascara\\\/\",\"name\":\"ERE PEREZ Natural Almond Mascara - Greenspells\",\"isPartOf\":{\"@id\":\"https:\\\/\\\/greenspells.com\\\/#website\"},\"primaryImageOfPage\":{\"@id\":\"https:\\\/\\\/greenspells.com\\\/product\\\/ere-perez-natural-almond-mascara\\\/#primaryimage\"},\"image\":{\"@id\":\"https:\\\/\\\/greenspells.com\\\/product\\\/ere-perez-natural-almond-mascara\\\/#primaryimage\"},\"thumbnailUrl\":\"https:\\\/\\\/i0.wp.com\\\/greenspells.com\\\/wp-content\\\/uploads\\\/2021\\\/01\\\/mascara_2154cf5e-ba68-40d3-bfff-a885a1cf8888_480x480%402x.jpg?fit=960%2C960&ssl=1\",\"datePublished\":\"2021-01-18T12:46:51+00:00\",\"dateModified\":\"2023-01-01T17:41:21+00:00\",\"description\":\"Smudge-proof,water resistant, long-lasting natural mascara!Kind to all eyes, even sensitive ones and contact lenses.Perfect for all-day wear!\",\"breadcrumb\":{\"@id\":\"https:\\\/\\\/greenspells.com\\\/product\\\/ere-perez-natural-almond-mascara\\\/#breadcrumb\"},\"inLanguage\":\"lt-LT\",\"potentialAction\":[{\"@type\":\"ReadAction\",\"target\":[\"https:\\\/\\\/greenspells.com\\\/product\\\/ere-perez-natural-almond-mascara\\\/\"]}]},{\"@type\":\"ImageObject\",\"inLanguage\":\"lt-LT\",\"@id\":\"https:\\\/\\\/greenspells.com\\\/product\\\/ere-perez-natural-almond-mascara\\\/#primaryimage\",\"url\":\"https:\\\/\\\/i0.wp.com\\\/greenspells.com\\\/wp-content\\\/uploads\\\/2021\\\/01\\\/mascara_2154cf5e-ba68-40d3-bfff-a885a1cf8888_480x480%402x.jpg?fit=960%2C960&ssl=1\",\"contentUrl\":\"https:\\\/\\\/i0.wp.com\\\/greenspells.com\\\/wp-content\\\/uploads\\\/2021\\\/01\\\/mascara_2154cf5e-ba68-40d3-bfff-a885a1cf8888_480x480%402x.jpg?fit=960%2C960&ssl=1\",\"width\":960,\"height\":960},{\"@type\":\"BreadcrumbList\",\"@id\":\"https:\\\/\\\/greenspells.com\\\/product\\\/ere-perez-natural-almond-mascara\\\/#breadcrumb\",\"itemListElement\":[{\"@type\":\"ListItem\",\"position\":1,\"name\":\"Home\",\"item\":\"https:\\\/\\\/greenspells.com\\\/\"},{\"@type\":\"ListItem\",\"position\":2,\"name\":\"Shop\",\"item\":\"https:\\\/\\\/greenspells.com\\\/shop\\\/\"},{\"@type\":\"ListItem\",\"position\":3,\"name\":\"ERE PEREZ Natural Almond Mascara\"}]},{\"@type\":\"WebSite\",\"@id\":\"https:\\\/\\\/greenspells.com\\\/#website\",\"url\":\"https:\\\/\\\/greenspells.com\\\/\",\"name\":\"Greenspells\",\"description\":\"Nat\u016brali ir ekologi\u0161ka kosmetika\",\"publisher\":{\"@id\":\"https:\\\/\\\/greenspells.com\\\/#organization\"},\"potentialAction\":[{\"@type\":\"SearchAction\",\"target\":{\"@type\":\"EntryPoint\",\"urlTemplate\":\"https:\\\/\\\/greenspells.com\\\/?s={search_term_string}\"},\"query-input\":{\"@type\":\"PropertyValueSpecification\",\"valueRequired\":true,\"valueName\":\"search_term_string\"}}],\"inLanguage\":\"lt-LT\"},{\"@type\":\"Organization\",\"@id\":\"https:\\\/\\\/greenspells.com\\\/#organization\",\"name\":\"Greenspells\",\"url\":\"https:\\\/\\\/greenspells.com\\\/\",\"logo\":{\"@type\":\"ImageObject\",\"inLanguage\":\"lt-LT\",\"@id\":\"https:\\\/\\\/greenspells.com\\\/#\\\/schema\\\/logo\\\/image\\\/\",\"url\":\"https:\\\/\\\/i0.wp.com\\\/greenspells.com\\\/wp-content\\\/uploads\\\/2020\\\/09\\\/20200722_153424_0000.png?fit=1500%2C1500&ssl=1\",\"contentUrl\":\"https:\\\/\\\/i0.wp.com\\\/greenspells.com\\\/wp-content\\\/uploads\\\/2020\\\/09\\\/20200722_153424_0000.png?fit=1500%2C1500&ssl=1\",\"width\":1500,\"height\":1500,\"caption\":\"Greenspells\"},\"image\":{\"@id\":\"https:\\\/\\\/greenspells.com\\\/#\\\/schema\\\/logo\\\/image\\\/\"},\"sameAs\":[\"https:\\\/\\\/www.facebook.com\\\/Greenspells\",\"https:\\\/\\\/www.instagram.com\\\/greenspells_store\\\/\"]}]}<\/script>\n<!-- \/ Yoast SEO plugin. -->","yoast_head_json":{"title":"ERE PEREZ  Natural Almond Mascara - Greenspells","description":"Smudge-proof,water resistant, long-lasting natural mascara!Kind to all eyes, even sensitive ones and contact lenses.Perfect for all-day wear!","robots":{"index":"index","follow":"follow","max-snippet":"max-snippet:-1","max-image-preview":"max-image-preview:large","max-video-preview":"max-video-preview:-1"},"canonical":"https:\/\/greenspells.com\/lt\/produktas\/ere-perez-natural-almond-mascara\/","og_locale":"lt_LT","og_type":"article","og_title":"ERE PEREZ  Natural Almond Mascara - Greenspells","og_description":"Smudge-proof,water resistant, long-lasting natural mascara!Kind to all eyes, even sensitive ones and contact lenses.Perfect for all-day wear!","og_url":"https:\/\/greenspells.com\/lt\/produktas\/ere-perez-natural-almond-mascara\/","og_site_name":"Greenspells","article_publisher":"https:\/\/www.facebook.com\/Greenspells","article_modified_time":"2023-01-01T17:41:21+00:00","og_image":[{"width":960,"height":960,"url":"https:\/\/greenspells.com\/wp-content\/uploads\/2021\/01\/mascara_2154cf5e-ba68-40d3-bfff-a885a1cf8888_480x480@2x.jpg","type":"image\/jpeg"}],"twitter_card":"summary_large_image","twitter_misc":{"Est. reading time":"1 minut\u0117"},"schema":{"@context":"https:\/\/schema.org","@graph":[{"@type":"WebPage","@id":"https:\/\/greenspells.com\/product\/ere-perez-natural-almond-mascara\/","url":"https:\/\/greenspells.com\/product\/ere-perez-natural-almond-mascara\/","name":"ERE PEREZ Natural Almond Mascara - Greenspells","isPartOf":{"@id":"https:\/\/greenspells.com\/#website"},"primaryImageOfPage":{"@id":"https:\/\/greenspells.com\/product\/ere-perez-natural-almond-mascara\/#primaryimage"},"image":{"@id":"https:\/\/greenspells.com\/product\/ere-perez-natural-almond-mascara\/#primaryimage"},"thumbnailUrl":"https:\/\/i0.wp.com\/greenspells.com\/wp-content\/uploads\/2021\/01\/mascara_2154cf5e-ba68-40d3-bfff-a885a1cf8888_480x480%402x.jpg?fit=960%2C960&ssl=1","datePublished":"2021-01-18T12:46:51+00:00","dateModified":"2023-01-01T17:41:21+00:00","description":"Smudge-proof,water resistant, long-lasting natural mascara!Kind to all eyes, even sensitive ones and contact lenses.Perfect for all-day wear!","breadcrumb":{"@id":"https:\/\/greenspells.com\/product\/ere-perez-natural-almond-mascara\/#breadcrumb"},"inLanguage":"lt-LT","potentialAction":[{"@type":"ReadAction","target":["https:\/\/greenspells.com\/product\/ere-perez-natural-almond-mascara\/"]}]},{"@type":"ImageObject","inLanguage":"lt-LT","@id":"https:\/\/greenspells.com\/product\/ere-perez-natural-almond-mascara\/#primaryimage","url":"https:\/\/i0.wp.com\/greenspells.com\/wp-content\/uploads\/2021\/01\/mascara_2154cf5e-ba68-40d3-bfff-a885a1cf8888_480x480%402x.jpg?fit=960%2C960&ssl=1","contentUrl":"https:\/\/i0.wp.com\/greenspells.com\/wp-content\/uploads\/2021\/01\/mascara_2154cf5e-ba68-40d3-bfff-a885a1cf8888_480x480%402x.jpg?fit=960%2C960&ssl=1","width":960,"height":960},{"@type":"BreadcrumbList","@id":"https:\/\/greenspells.com\/product\/ere-perez-natural-almond-mascara\/#breadcrumb","itemListElement":[{"@type":"ListItem","position":1,"name":"Home","item":"https:\/\/greenspells.com\/"},{"@type":"ListItem","position":2,"name":"Shop","item":"https:\/\/greenspells.com\/shop\/"},{"@type":"ListItem","position":3,"name":"ERE PEREZ Natural Almond Mascara"}]},{"@type":"WebSite","@id":"https:\/\/greenspells.com\/#website","url":"https:\/\/greenspells.com\/","name":"Greenspells","description":"Nat\u016brali ir ekologi\u0161ka kosmetika","publisher":{"@id":"https:\/\/greenspells.com\/#organization"},"potentialAction":[{"@type":"SearchAction","target":{"@type":"EntryPoint","urlTemplate":"https:\/\/greenspells.com\/?s={search_term_string}"},"query-input":{"@type":"PropertyValueSpecification","valueRequired":true,"valueName":"search_term_string"}}],"inLanguage":"lt-LT"},{"@type":"Organization","@id":"https:\/\/greenspells.com\/#organization","name":"Greenspells","url":"https:\/\/greenspells.com\/","logo":{"@type":"ImageObject","inLanguage":"lt-LT","@id":"https:\/\/greenspells.com\/#\/schema\/logo\/image\/","url":"https:\/\/i0.wp.com\/greenspells.com\/wp-content\/uploads\/2020\/09\/20200722_153424_0000.png?fit=1500%2C1500&ssl=1","contentUrl":"https:\/\/i0.wp.com\/greenspells.com\/wp-content\/uploads\/2020\/09\/20200722_153424_0000.png?fit=1500%2C1500&ssl=1","width":1500,"height":1500,"caption":"Greenspells"},"image":{"@id":"https:\/\/greenspells.com\/#\/schema\/logo\/image\/"},"sameAs":["https:\/\/www.facebook.com\/Greenspells","https:\/\/www.instagram.com\/greenspells_store\/"]}]}},"jetpack_likes_enabled":true,"jetpack_sharing_enabled":true,"_links":{"self":[{"href":"https:\/\/greenspells.com\/lt\/wp-json\/wp\/v2\/product\/1669305","targetHints":{"allow":["GET"]}}],"collection":[{"href":"https:\/\/greenspells.com\/lt\/wp-json\/wp\/v2\/product"}],"about":[{"href":"https:\/\/greenspells.com\/lt\/wp-json\/wp\/v2\/types\/product"}],"replies":[{"embeddable":true,"href":"https:\/\/greenspells.com\/lt\/wp-json\/wp\/v2\/comments?post=1669305"}],"wp:featuredmedia":[{"embeddable":true,"href":"https:\/\/greenspells.com\/lt\/wp-json\/wp\/v2\/media\/1669309"}],"wp:attachment":[{"href":"https:\/\/greenspells.com\/lt\/wp-json\/wp\/v2\/media?parent=1669305"}],"wp:term":[{"taxonomy":"product_brand","embeddable":true,"href":"https:\/\/greenspells.com\/lt\/wp-json\/wp\/v2\/product_brand?post=1669305"},{"taxonomy":"product_cat","embeddable":true,"href":"https:\/\/greenspells.com\/lt\/wp-json\/wp\/v2\/product_cat?post=1669305"},{"taxonomy":"product_tag","embeddable":true,"href":"https:\/\/greenspells.com\/lt\/wp-json\/wp\/v2\/product_tag?post=1669305"}],"curies":[{"name":"wp","href":"https:\/\/api.w.org\/{rel}","templated":true}]}}