{"id":1669117,"date":"2020-11-17T12:52:02","date_gmt":"2020-11-17T10:52:02","guid":{"rendered":"https:\/\/greenspells.com\/?post_type=product&#038;p=1669117"},"modified":"2025-06-12T18:52:42","modified_gmt":"2025-06-12T16:52:42","slug":"dr-bronners-ekologiska-dantu-pasta-peppermint-140g","status":"publish","type":"product","link":"https:\/\/greenspells.com\/lt\/produktas\/dr-bronners-ekologiska-dantu-pasta-peppermint-140g\/","title":{"rendered":"DR. BRONNER'S <br> Ekologi\u0161ka dant\u0173 pasta <br> Peppermint, 140g"},"content":{"rendered":"<p>Ekologi\u0161ka dant\u0173 pasta Dr.Bronner\u2019s Peppermint saugiai balina (dant\u0173 pastos abrazyvumas 95), gerai pa\u0161alina apna\u0161as nuo dant\u0173 pavir\u0161iaus, palankiai stimuliuoja danten\u0173 ir burnos gleivin\u0117s audinius.<\/p>\n<p><strong>Paprasta efektyvi formul\u0117<\/strong><\/p>\n<p>Ekologi\u0161kas glicerinas ir ekologi\u0161kos alavij\u0173 sultys, ekologi\u0161ki kokos\u0173 milteliai ir ekologi\u0161kas kokos\u0173 aliejus sudaro dant\u0173 pastos pagrind\u0105. Hidratuoto silicio dioksidas ir kalcio karbonatas nat\u016braliai ir saugiai \u0161alina apna\u0161as, o geriamoji soda kartu su kalio kokoatu (gaunamu i\u0161 kokos\u0173 aliejaus) \u0161variai nuvalo dant\u0173 pavir\u0161i\u0173s. Ekologi\u0161ki nat\u016bral\u016bs aliejai ir mentolio kristalai suteikia gaivumo.<\/p>\n<p><strong>Dr.Bronner\u2019s \u012fsipareigojimas<\/strong><\/p>\n<p>Be dirbtini\u0173 konservant\u0173 \u2013 Be dirbtini\u0173 da\u017eikli\u0173 \u2013 Be dirbtini\u0173 putojan\u010di\u0173 med\u017eiag\u0173 \u2013 Be fluorido \u2013 100% vegani\u0161ka \u2013 Nebandyta su gyv\u016bnais \u2013 Be gyvulin\u0117s kilm\u0117s ingredient\u0173 \u2013 Perdibto popieriaus pakuot\u0117je.<\/p>\n<p><strong>S\u0105\u017einingu b\u016bdu (Fair Trade) gaunami kokos\u0173 milteliai ir aliejus<\/strong><\/p>\n<p>Kokos\u0173 milteli\u0173 ir kokos\u0173 aliejaus mi\u0161inys nuo seno naudojamas Indijoje kaip veiksminga dant\u0173 valymo priemon\u0117. Dr.Bronner\u2019s ekologi\u0161ki kokos\u0173 milteliai ir aliejus gaunami i\u0161 s\u0105\u017einingu b\u016bd\u0173 u\u017eaugint\u0173 kokos\u0173 \u0160ri lankoje Serendipalo s\u0105\u017einingos prekybos (Fair Trade) projekte. Serendipalas teigiamai veikia daugiau kaip 1000 \u016bkinink\u0173 ir darbuotoj\u0173 ekonomin\u0119 pad\u0117t\u012f, finansuoja bendruomen\u0117s vadovaujamus sveikatos, \u0161vietimo, infrastrukt\u016bros gerinimo projektus. Serendipalas \u012frodo, kad verslas gali b\u016bti socialiai atsakingas ir tvarus.<\/p>\n<p><strong>Ingredientai<\/strong>\u00a0(INCI): Glycerin*, Aqua, Silica, Hydrated Silica, Calcium Carbonate, Xanthan Gum, Sodium Bicarbonate (Baking Soda), Potassium Cocoate (Saponified Coconut Oil*#), Mentha Piperita Oil (Peppermint Oil*), Sodium Sulfate, Cocos Nucifera Fruit Powder (Coconut Flour*#), Citric Acid, Stevia Rebaudiana Leaf Extract (Stevia*), Aloe Barbadensis Leaf Juice Powder (Aloe*), Tocopherol (Vitamin E), Cocos Nucifera Oil (Coconut Oil*#), Menthol*, Helianthus Annuus Seed Oil (Sunflower Oil*), Limonene\u25ca<\/p>\n<p>*Certified organic ingredients<br \/>\n# Fair Trade-zertifizierte Inhaltsstoffe<br \/>\n\u25caFrom Pure essential Oils<\/p>","protected":false},"excerpt":{"rendered":"<p>Ekologi\u0161ka dant\u0173 pasta Dr.Bronner\u2019s Peppermint saugiai balina (dant\u0173 pastos abrazyvumas 95), gerai pa\u0161alina apna\u0161as nuo dant\u0173 pavir\u0161iaus, palankiai stimuliuoja danten\u0173 ir burnos gleivin\u0117s audinius. Paprasta efektyvi formul\u0117 Ekologi\u0161kas glicerinas ir ekologi\u0161kos alavij\u0173 sultys, ekologi\u0161ki kokos\u0173 milteliai ir ekologi\u0161kas kokos\u0173 aliejus sudaro dant\u0173 pastos pagrind\u0105. Hidratuoto silicio dioksidas ir kalcio karbonatas nat\u016braliai ir saugiai \u0161alina apna\u0161as, [&hellip;]<\/p>\n","protected":false},"featured_media":1669119,"comment_status":"open","ping_status":"closed","template":"","meta":{"content-type":"","_monsterinsights_skip_tracking":false,"_monsterinsights_sitenote_active":false,"_monsterinsights_sitenote_note":"","_monsterinsights_sitenote_category":0,"_uf_show_specific_survey":0,"_uf_disable_surveys":false},"product_brand":[],"product_cat":[43,134,15],"product_tag":[423,465,420,466,364,421,460,366,56,21,422,57,119],"class_list":{"0":"post-1669117","1":"product","2":"type-product","3":"status-publish","4":"has-post-thumbnail","6":"product_cat-oral-care","7":"product_cat-toothpaste","8":"product_cat-all-products","9":"product_tag-be-fluorido","10":"product_tag-burnos-higiena","11":"product_tag-dantu-pasta","12":"product_tag-dantu-prieziura","13":"product_tag-dr-bronners","14":"product_tag-ekologiska","15":"product_tag-ekologiska-kosmetika","16":"product_tag-fluoride-free","17":"product_tag-natural","18":"product_tag-organic","19":"product_tag-organic-tootpaste","20":"product_tag-toothpaste","21":"product_tag-vegan","23":"first","24":"outofstock","25":"taxable","26":"shipping-taxable","27":"purchasable","28":"product-type-simple"},"bundled_by":[],"bundle_stock_status":"outofstock","bundle_stock_quantity":null,"bundle_virtual":false,"bundle_layout":"","bundle_add_to_cart_form_location":"","bundle_editable_in_cart":false,"bundle_sold_individually_context":"","bundle_item_grouping":"","bundle_min_size":"","bundle_max_size":"","bundle_price":[],"bundled_items":[],"bundle_sell_ids":[],"group_of_quantity":0,"min_quantity":0,"max_quantity":"","exclude_order_quantity_value_rules":"no","exclude_category_quantity_rules":"no","combine_variations":"no","exclude_global_add_ons":[],"addons":[],"yoast_head":"<!-- This site is optimized with the Yoast SEO plugin v27.4 - https:\/\/yoast.com\/product\/yoast-seo-wordpress\/ -->\n<title>DR. BRONNER&#039;S  Ekologi\u0161ka dant\u0173 pasta  Peppermint, 140g - Greenspells<\/title>\n<meta name=\"description\" content=\"Ekologi\u0161ka dant\u0173 pasta Dr.Bronner\u2019s saugiai balina, gerai pa\u0161alina apna\u0161as nuo dant\u0173 pavir\u0161iaus. Tinka veganams.\" \/>\n<meta name=\"robots\" content=\"index, follow, max-snippet:-1, max-image-preview:large, max-video-preview:-1\" \/>\n<link rel=\"canonical\" href=\"https:\/\/greenspells.com\/lt\/produktas\/dr-bronners-ekologiska-dantu-pasta-peppermint-140g\/\" \/>\n<meta property=\"og:locale\" content=\"lt_LT\" \/>\n<meta property=\"og:type\" content=\"article\" \/>\n<meta property=\"og:title\" content=\"DR. BRONNER&#039;S  Ekologi\u0161ka dant\u0173 pasta  Peppermint, 140g - Greenspells\" \/>\n<meta property=\"og:description\" content=\"Ekologi\u0161ka dant\u0173 pasta Dr.Bronner\u2019s saugiai balina, gerai pa\u0161alina apna\u0161as nuo dant\u0173 pavir\u0161iaus. Tinka veganams.\" \/>\n<meta property=\"og:url\" content=\"https:\/\/greenspells.com\/lt\/produktas\/dr-bronners-ekologiska-dantu-pasta-peppermint-140g\/\" \/>\n<meta property=\"og:site_name\" content=\"Greenspells\" \/>\n<meta property=\"article:publisher\" content=\"https:\/\/www.facebook.com\/Greenspells\" \/>\n<meta property=\"article:modified_time\" content=\"2025-06-12T16:52:42+00:00\" \/>\n<meta property=\"og:image\" content=\"https:\/\/greenspells.com\/wp-content\/uploads\/2020\/11\/Dr.bronners-dantu-pasta-140-gr.jpg\" \/>\n\t<meta property=\"og:image:width\" content=\"800\" \/>\n\t<meta property=\"og:image:height\" content=\"799\" \/>\n\t<meta property=\"og:image:type\" content=\"image\/jpeg\" \/>\n<meta name=\"twitter:card\" content=\"summary_large_image\" \/>\n<meta name=\"twitter:label1\" content=\"Est. reading time\" \/>\n\t<meta name=\"twitter:data1\" content=\"2 minut\u0117s\" \/>\n<script type=\"application\/ld+json\" class=\"yoast-schema-graph\">{\"@context\":\"https:\\\/\\\/schema.org\",\"@graph\":[{\"@type\":\"WebPage\",\"@id\":\"https:\\\/\\\/greenspells.com\\\/product\\\/dr-bronners-ekologiska-dantu-pasta-peppermint-140g\\\/\",\"url\":\"https:\\\/\\\/greenspells.com\\\/product\\\/dr-bronners-ekologiska-dantu-pasta-peppermint-140g\\\/\",\"name\":\"DR. BRONNER'S Ekologi\u0161ka dant\u0173 pasta Peppermint, 140g - Greenspells\",\"isPartOf\":{\"@id\":\"https:\\\/\\\/greenspells.com\\\/#website\"},\"primaryImageOfPage\":{\"@id\":\"https:\\\/\\\/greenspells.com\\\/product\\\/dr-bronners-ekologiska-dantu-pasta-peppermint-140g\\\/#primaryimage\"},\"image\":{\"@id\":\"https:\\\/\\\/greenspells.com\\\/product\\\/dr-bronners-ekologiska-dantu-pasta-peppermint-140g\\\/#primaryimage\"},\"thumbnailUrl\":\"https:\\\/\\\/i0.wp.com\\\/greenspells.com\\\/wp-content\\\/uploads\\\/2020\\\/11\\\/Dr.bronners-dantu-pasta-140-gr.jpg?fit=800%2C799&ssl=1\",\"datePublished\":\"2020-11-17T10:52:02+00:00\",\"dateModified\":\"2025-06-12T16:52:42+00:00\",\"description\":\"Ekologi\u0161ka dant\u0173 pasta Dr.Bronner\u2019s saugiai balina, gerai pa\u0161alina apna\u0161as nuo dant\u0173 pavir\u0161iaus. Tinka veganams.\",\"breadcrumb\":{\"@id\":\"https:\\\/\\\/greenspells.com\\\/product\\\/dr-bronners-ekologiska-dantu-pasta-peppermint-140g\\\/#breadcrumb\"},\"inLanguage\":\"lt-LT\",\"potentialAction\":[{\"@type\":\"ReadAction\",\"target\":[\"https:\\\/\\\/greenspells.com\\\/product\\\/dr-bronners-ekologiska-dantu-pasta-peppermint-140g\\\/\"]}]},{\"@type\":\"ImageObject\",\"inLanguage\":\"lt-LT\",\"@id\":\"https:\\\/\\\/greenspells.com\\\/product\\\/dr-bronners-ekologiska-dantu-pasta-peppermint-140g\\\/#primaryimage\",\"url\":\"https:\\\/\\\/i0.wp.com\\\/greenspells.com\\\/wp-content\\\/uploads\\\/2020\\\/11\\\/Dr.bronners-dantu-pasta-140-gr.jpg?fit=800%2C799&ssl=1\",\"contentUrl\":\"https:\\\/\\\/i0.wp.com\\\/greenspells.com\\\/wp-content\\\/uploads\\\/2020\\\/11\\\/Dr.bronners-dantu-pasta-140-gr.jpg?fit=800%2C799&ssl=1\",\"width\":800,\"height\":799,\"caption\":\"dr bronners organic toothpaste\"},{\"@type\":\"BreadcrumbList\",\"@id\":\"https:\\\/\\\/greenspells.com\\\/product\\\/dr-bronners-ekologiska-dantu-pasta-peppermint-140g\\\/#breadcrumb\",\"itemListElement\":[{\"@type\":\"ListItem\",\"position\":1,\"name\":\"Home\",\"item\":\"https:\\\/\\\/greenspells.com\\\/\"},{\"@type\":\"ListItem\",\"position\":2,\"name\":\"Shop\",\"item\":\"https:\\\/\\\/greenspells.com\\\/shop\\\/\"},{\"@type\":\"ListItem\",\"position\":3,\"name\":\"DR. BRONNER&#8217;S Ekologi\u0161ka dant\u0173 pasta Peppermint, 140g\"}]},{\"@type\":\"WebSite\",\"@id\":\"https:\\\/\\\/greenspells.com\\\/#website\",\"url\":\"https:\\\/\\\/greenspells.com\\\/\",\"name\":\"Greenspells\",\"description\":\"Nat\u016brali ir ekologi\u0161ka kosmetika\",\"publisher\":{\"@id\":\"https:\\\/\\\/greenspells.com\\\/#organization\"},\"potentialAction\":[{\"@type\":\"SearchAction\",\"target\":{\"@type\":\"EntryPoint\",\"urlTemplate\":\"https:\\\/\\\/greenspells.com\\\/?s={search_term_string}\"},\"query-input\":{\"@type\":\"PropertyValueSpecification\",\"valueRequired\":true,\"valueName\":\"search_term_string\"}}],\"inLanguage\":\"lt-LT\"},{\"@type\":\"Organization\",\"@id\":\"https:\\\/\\\/greenspells.com\\\/#organization\",\"name\":\"Greenspells\",\"url\":\"https:\\\/\\\/greenspells.com\\\/\",\"logo\":{\"@type\":\"ImageObject\",\"inLanguage\":\"lt-LT\",\"@id\":\"https:\\\/\\\/greenspells.com\\\/#\\\/schema\\\/logo\\\/image\\\/\",\"url\":\"https:\\\/\\\/i0.wp.com\\\/greenspells.com\\\/wp-content\\\/uploads\\\/2020\\\/09\\\/20200722_153424_0000.png?fit=1500%2C1500&ssl=1\",\"contentUrl\":\"https:\\\/\\\/i0.wp.com\\\/greenspells.com\\\/wp-content\\\/uploads\\\/2020\\\/09\\\/20200722_153424_0000.png?fit=1500%2C1500&ssl=1\",\"width\":1500,\"height\":1500,\"caption\":\"Greenspells\"},\"image\":{\"@id\":\"https:\\\/\\\/greenspells.com\\\/#\\\/schema\\\/logo\\\/image\\\/\"},\"sameAs\":[\"https:\\\/\\\/www.facebook.com\\\/Greenspells\",\"https:\\\/\\\/www.instagram.com\\\/greenspells_store\\\/\"]}]}<\/script>\n<!-- \/ Yoast SEO plugin. -->","yoast_head_json":{"title":"DR. BRONNER'S  Ekologi\u0161ka dant\u0173 pasta  Peppermint, 140g - Greenspells","description":"Ekologi\u0161ka dant\u0173 pasta Dr.Bronner\u2019s saugiai balina, gerai pa\u0161alina apna\u0161as nuo dant\u0173 pavir\u0161iaus. Tinka veganams.","robots":{"index":"index","follow":"follow","max-snippet":"max-snippet:-1","max-image-preview":"max-image-preview:large","max-video-preview":"max-video-preview:-1"},"canonical":"https:\/\/greenspells.com\/lt\/produktas\/dr-bronners-ekologiska-dantu-pasta-peppermint-140g\/","og_locale":"lt_LT","og_type":"article","og_title":"DR. BRONNER'S  Ekologi\u0161ka dant\u0173 pasta  Peppermint, 140g - Greenspells","og_description":"Ekologi\u0161ka dant\u0173 pasta Dr.Bronner\u2019s saugiai balina, gerai pa\u0161alina apna\u0161as nuo dant\u0173 pavir\u0161iaus. Tinka veganams.","og_url":"https:\/\/greenspells.com\/lt\/produktas\/dr-bronners-ekologiska-dantu-pasta-peppermint-140g\/","og_site_name":"Greenspells","article_publisher":"https:\/\/www.facebook.com\/Greenspells","article_modified_time":"2025-06-12T16:52:42+00:00","og_image":[{"width":800,"height":799,"url":"https:\/\/greenspells.com\/wp-content\/uploads\/2020\/11\/Dr.bronners-dantu-pasta-140-gr.jpg","type":"image\/jpeg"}],"twitter_card":"summary_large_image","twitter_misc":{"Est. reading time":"2 minut\u0117s"},"schema":{"@context":"https:\/\/schema.org","@graph":[{"@type":"WebPage","@id":"https:\/\/greenspells.com\/product\/dr-bronners-ekologiska-dantu-pasta-peppermint-140g\/","url":"https:\/\/greenspells.com\/product\/dr-bronners-ekologiska-dantu-pasta-peppermint-140g\/","name":"DR. BRONNER'S Ekologi\u0161ka dant\u0173 pasta Peppermint, 140g - Greenspells","isPartOf":{"@id":"https:\/\/greenspells.com\/#website"},"primaryImageOfPage":{"@id":"https:\/\/greenspells.com\/product\/dr-bronners-ekologiska-dantu-pasta-peppermint-140g\/#primaryimage"},"image":{"@id":"https:\/\/greenspells.com\/product\/dr-bronners-ekologiska-dantu-pasta-peppermint-140g\/#primaryimage"},"thumbnailUrl":"https:\/\/i0.wp.com\/greenspells.com\/wp-content\/uploads\/2020\/11\/Dr.bronners-dantu-pasta-140-gr.jpg?fit=800%2C799&ssl=1","datePublished":"2020-11-17T10:52:02+00:00","dateModified":"2025-06-12T16:52:42+00:00","description":"Ekologi\u0161ka dant\u0173 pasta Dr.Bronner\u2019s saugiai balina, gerai pa\u0161alina apna\u0161as nuo dant\u0173 pavir\u0161iaus. Tinka veganams.","breadcrumb":{"@id":"https:\/\/greenspells.com\/product\/dr-bronners-ekologiska-dantu-pasta-peppermint-140g\/#breadcrumb"},"inLanguage":"lt-LT","potentialAction":[{"@type":"ReadAction","target":["https:\/\/greenspells.com\/product\/dr-bronners-ekologiska-dantu-pasta-peppermint-140g\/"]}]},{"@type":"ImageObject","inLanguage":"lt-LT","@id":"https:\/\/greenspells.com\/product\/dr-bronners-ekologiska-dantu-pasta-peppermint-140g\/#primaryimage","url":"https:\/\/i0.wp.com\/greenspells.com\/wp-content\/uploads\/2020\/11\/Dr.bronners-dantu-pasta-140-gr.jpg?fit=800%2C799&ssl=1","contentUrl":"https:\/\/i0.wp.com\/greenspells.com\/wp-content\/uploads\/2020\/11\/Dr.bronners-dantu-pasta-140-gr.jpg?fit=800%2C799&ssl=1","width":800,"height":799,"caption":"dr bronners organic toothpaste"},{"@type":"BreadcrumbList","@id":"https:\/\/greenspells.com\/product\/dr-bronners-ekologiska-dantu-pasta-peppermint-140g\/#breadcrumb","itemListElement":[{"@type":"ListItem","position":1,"name":"Home","item":"https:\/\/greenspells.com\/"},{"@type":"ListItem","position":2,"name":"Shop","item":"https:\/\/greenspells.com\/shop\/"},{"@type":"ListItem","position":3,"name":"DR. BRONNER&#8217;S Ekologi\u0161ka dant\u0173 pasta Peppermint, 140g"}]},{"@type":"WebSite","@id":"https:\/\/greenspells.com\/#website","url":"https:\/\/greenspells.com\/","name":"Greenspells","description":"Nat\u016brali ir ekologi\u0161ka kosmetika","publisher":{"@id":"https:\/\/greenspells.com\/#organization"},"potentialAction":[{"@type":"SearchAction","target":{"@type":"EntryPoint","urlTemplate":"https:\/\/greenspells.com\/?s={search_term_string}"},"query-input":{"@type":"PropertyValueSpecification","valueRequired":true,"valueName":"search_term_string"}}],"inLanguage":"lt-LT"},{"@type":"Organization","@id":"https:\/\/greenspells.com\/#organization","name":"Greenspells","url":"https:\/\/greenspells.com\/","logo":{"@type":"ImageObject","inLanguage":"lt-LT","@id":"https:\/\/greenspells.com\/#\/schema\/logo\/image\/","url":"https:\/\/i0.wp.com\/greenspells.com\/wp-content\/uploads\/2020\/09\/20200722_153424_0000.png?fit=1500%2C1500&ssl=1","contentUrl":"https:\/\/i0.wp.com\/greenspells.com\/wp-content\/uploads\/2020\/09\/20200722_153424_0000.png?fit=1500%2C1500&ssl=1","width":1500,"height":1500,"caption":"Greenspells"},"image":{"@id":"https:\/\/greenspells.com\/#\/schema\/logo\/image\/"},"sameAs":["https:\/\/www.facebook.com\/Greenspells","https:\/\/www.instagram.com\/greenspells_store\/"]}]}},"jetpack_likes_enabled":true,"jetpack_sharing_enabled":true,"_links":{"self":[{"href":"https:\/\/greenspells.com\/lt\/wp-json\/wp\/v2\/product\/1669117","targetHints":{"allow":["GET"]}}],"collection":[{"href":"https:\/\/greenspells.com\/lt\/wp-json\/wp\/v2\/product"}],"about":[{"href":"https:\/\/greenspells.com\/lt\/wp-json\/wp\/v2\/types\/product"}],"replies":[{"embeddable":true,"href":"https:\/\/greenspells.com\/lt\/wp-json\/wp\/v2\/comments?post=1669117"}],"wp:featuredmedia":[{"embeddable":true,"href":"https:\/\/greenspells.com\/lt\/wp-json\/wp\/v2\/media\/1669119"}],"wp:attachment":[{"href":"https:\/\/greenspells.com\/lt\/wp-json\/wp\/v2\/media?parent=1669117"}],"wp:term":[{"taxonomy":"product_brand","embeddable":true,"href":"https:\/\/greenspells.com\/lt\/wp-json\/wp\/v2\/product_brand?post=1669117"},{"taxonomy":"product_cat","embeddable":true,"href":"https:\/\/greenspells.com\/lt\/wp-json\/wp\/v2\/product_cat?post=1669117"},{"taxonomy":"product_tag","embeddable":true,"href":"https:\/\/greenspells.com\/lt\/wp-json\/wp\/v2\/product_tag?post=1669117"}],"curies":[{"name":"wp","href":"https:\/\/api.w.org\/{rel}","templated":true}]}}