{"id":1668759,"date":"2020-05-12T20:48:07","date_gmt":"2020-05-12T18:48:07","guid":{"rendered":"https:\/\/greenspells.com\/?post_type=product&#038;p=1668759"},"modified":"2026-01-01T09:24:44","modified_gmt":"2026-01-01T07:24:44","slug":"dr-bronner-pure-castile-liquid-soap-eucalyptus-60-ml","status":"publish","type":"product","link":"https:\/\/greenspells.com\/lt\/produktas\/dr-bronner-pure-castile-liquid-soap-eucalyptus-60-ml\/","title":{"rendered":"DR. BRONNER <br> Skystas muilas\/du\u0161o \u017eel\u0117, Eucalyptus, 60 ml"},"content":{"rendered":"<p>Idealiai tinka prausti veid\u0105, rankas ir k\u016bn\u0105, puikiai nuplauna makia\u017e\u0105, \u0161velniai dr\u0117kina ir maitina od\u0105. Pagamintas tik i\u0161 ekologi\u0161k\u0173 sertifikuot\u0173 aliej\u0173. Draugi\u0161kas aplinkai!<\/p>\n<p>\u017demi\u0161kai \u0161iltas, su galingu mentolo pli\u016bpsniu, praturtintas ekologi\u0161ku eukalipto aliejumi, m\u016bs\u0173 EUCALIPTUS skystas muilas yra koncentruotas, suyrantis gamtoje, universalus ir efektyvus, pagamintas i\u0161 ekologi\u0161k\u0173 sertifikuot\u0173 s\u0105\u017einingos prekybos ingredient\u0173, perdirbto plastiko pakuot\u0117je.<\/p>\n<div class=\"block-title\"><em><strong>Kaip naudoti?<\/strong><\/em><\/div>\n<div><\/div>\n<div class=\"block-content\">Suteikite did\u017eiausi\u0105 palaim\u0105 jautriai, sausai, \u0161iurk\u0161\u010diai, odai \u2013 rankoms, veidui, k\u016bnui \u2013 viskam!\n\nEkologi\u0161kas simondsij\u0173 aliejus gydo ir stangrina, ekologi\u0161kas kokos\u0173 aliejus dr\u0117kina, ekologi\u0161kas kanapi\u0173 aliejus suteikia odai glotnumo ir elastingumo, eteriniai aliejai d\u017eiugina dvasi\u0105. U\u017eteks nedidelio kiekio! Naudokite kaip k\u016bno prausikl\u012f, skiesdami plaukite plaukus, valykite dantis, naudokite vietoj skutimosi put\u0173, po darbo dienos mirkykite kojas, nedidel\u012f kiek\u012f pasiimkite su savimi \u012f kelion\u0119 tobulai k\u016bno prie\u017ei\u016brai.\n\nD\u017eiaukit\u0117s ekologi\u0161kais namais!\n \nStebuklingu Dr.Bronners muilu plaukite indus, valykite pavir\u0161ius, langus, naudokite indaplov\u0117je ir skalbkite, plaukite grindis, prauskite naminius gyv\u016bn\u0117lius, pur\u0161kite augalus nuo kenk\u0117j\u0173, dezinfekuokite dar\u017eoves ir vaisius \u2013 viskas spind\u0117s \u0161vara ir gaiva.<\/div>\n<div><\/div>\n<hr \/>\n<h4><strong>KAS VIDUJE?<\/strong><\/h4>\n<div><em><strong>Sud\u0117tis:<\/strong><\/em><\/div>\n<div>Water, Organic Coconut Oil*, Potassium Hydroxide**, Organic Palm Kernel Oil*, Organic Olive Oil*, Organic Eucalyptus Oil, Organic Hemp Oil, Organic Jojoba Oil, Citric Acid, Tocopherol<br \/>\n*CERTIFIED FAIR TRADE INGREDIENTS<br \/>\n**None remains after saponifying oils into soap &amp; glycerin.<\/div>","protected":false},"excerpt":{"rendered":"<p>Great for face, body, hair wash\u2014 even for food, dishes, mopping, pets wash\u2014the best for human, home and Earth! Earthy and warm, with a powerful menthol burst to clear congestion and focus the mind! Scented purely with organic eucalyptus oil, our Eucalyptus Pure-Castile Liquid Soap is concentrated, biodegradable, versatile and effective. Made with organic and [&hellip;]<\/p>\n","protected":false},"featured_media":1668760,"comment_status":"open","ping_status":"closed","template":"","meta":{"content-type":"","_monsterinsights_skip_tracking":false,"_monsterinsights_sitenote_active":false,"_monsterinsights_sitenote_note":"","_monsterinsights_sitenote_category":0,"_uf_show_specific_survey":0,"_uf_disable_surveys":false},"product_brand":[],"product_cat":[137,140,15],"product_tag":[447,79,364,509,507,84,166,167,508,21,220,506],"class_list":{"0":"post-1668759","1":"product","2":"type-product","3":"status-publish","4":"has-post-thumbnail","6":"product_cat-bath-and-body","7":"product_cat-shower-and-bath","8":"product_cat-all-products","9":"product_tag-be-sls","10":"product_tag-body-wash","11":"product_tag-dr-bronners","12":"product_tag-duso-zele","13":"product_tag-ekologiskas-muilas","14":"product_tag-face-wash","15":"product_tag-liquid-soap","16":"product_tag-multiuse","17":"product_tag-naturalus-prausiklis","18":"product_tag-organic","19":"product_tag-shower-gel","20":"product_tag-skystas-muilas","22":"first","23":"instock","24":"taxable","25":"shipping-taxable","26":"purchasable","27":"product-type-simple"},"bundled_by":[],"bundle_stock_status":"instock","bundle_stock_quantity":null,"bundle_virtual":false,"bundle_layout":"","bundle_add_to_cart_form_location":"","bundle_editable_in_cart":false,"bundle_sold_individually_context":"","bundle_item_grouping":"","bundle_min_size":"","bundle_max_size":"","bundle_price":[],"bundled_items":[],"bundle_sell_ids":[],"group_of_quantity":0,"min_quantity":0,"max_quantity":"","exclude_order_quantity_value_rules":"no","exclude_category_quantity_rules":"no","combine_variations":"no","exclude_global_add_ons":[],"addons":[],"yoast_head":"<!-- This site is optimized with the Yoast SEO plugin v27.4 - https:\/\/yoast.com\/product\/yoast-seo-wordpress\/ -->\n<title>DR. BRONNER  Pure-Castile LIQUID SOAP, Eucalyptus, 60 ml - Greenspells<\/title>\n<meta name=\"description\" content=\"DR. BRONNER&#039;S Pure-Castile liquid soap is great for face, body, hair\u2014food, dishes, mopping, pets\u2014the best for human, home and Earth!\" \/>\n<meta name=\"robots\" content=\"index, follow, max-snippet:-1, max-image-preview:large, max-video-preview:-1\" \/>\n<link rel=\"canonical\" href=\"http:\/\/greenspells.com\/lt\/produktas\/dr-bronner-pure-castile-liquid-soap-eucalyptus-60-ml\/\" \/>\n<meta property=\"og:locale\" content=\"lt_LT\" \/>\n<meta property=\"og:type\" content=\"article\" \/>\n<meta property=\"og:title\" content=\"DR. BRONNER  Pure-Castile LIQUID SOAP, Eucalyptus, 60 ml - Greenspells\" \/>\n<meta property=\"og:description\" content=\"DR. BRONNER&#039;S Pure-Castile liquid soap is great for face, body, hair\u2014food, dishes, mopping, pets\u2014the best for human, home and Earth!\" \/>\n<meta property=\"og:url\" content=\"http:\/\/greenspells.com\/lt\/produktas\/dr-bronner-pure-castile-liquid-soap-eucalyptus-60-ml\/\" \/>\n<meta property=\"og:site_name\" content=\"Greenspells\" \/>\n<meta property=\"article:publisher\" content=\"https:\/\/www.facebook.com\/Greenspells\" \/>\n<meta property=\"article:modified_time\" content=\"2026-01-01T07:24:44+00:00\" \/>\n<meta property=\"og:image\" content=\"https:\/\/i0.wp.com\/greenspells.com\/wp-content\/uploads\/2020\/05\/Skystas-muilas-Eucalyptus-60-ml-Dr.Bronner-510x510-1.png?fit=510%2C510\" \/>\n\t<meta property=\"og:image:width\" content=\"510\" \/>\n\t<meta property=\"og:image:height\" content=\"510\" \/>\n\t<meta property=\"og:image:type\" content=\"image\/png\" \/>\n<meta name=\"twitter:card\" content=\"summary_large_image\" \/>\n<meta name=\"twitter:label1\" content=\"Est. reading time\" \/>\n\t<meta name=\"twitter:data1\" content=\"1 minut\u0117\" \/>\n<script type=\"application\/ld+json\" class=\"yoast-schema-graph\">{\"@context\":\"https:\\\/\\\/schema.org\",\"@graph\":[{\"@type\":\"WebPage\",\"@id\":\"http:\\\/\\\/greenspells.com\\\/product\\\/dr-bronner-pure-castile-liquid-soap-eucalyptus-60-ml\\\/\",\"url\":\"http:\\\/\\\/greenspells.com\\\/product\\\/dr-bronner-pure-castile-liquid-soap-eucalyptus-60-ml\\\/\",\"name\":\"DR. BRONNER Pure-Castile LIQUID SOAP, Eucalyptus, 60 ml - Greenspells\",\"isPartOf\":{\"@id\":\"https:\\\/\\\/greenspells.com\\\/#website\"},\"primaryImageOfPage\":{\"@id\":\"http:\\\/\\\/greenspells.com\\\/product\\\/dr-bronner-pure-castile-liquid-soap-eucalyptus-60-ml\\\/#primaryimage\"},\"image\":{\"@id\":\"http:\\\/\\\/greenspells.com\\\/product\\\/dr-bronner-pure-castile-liquid-soap-eucalyptus-60-ml\\\/#primaryimage\"},\"thumbnailUrl\":\"https:\\\/\\\/i0.wp.com\\\/greenspells.com\\\/wp-content\\\/uploads\\\/2020\\\/05\\\/Skystas-muilas-Eucalyptus-60-ml-Dr.Bronner-510x510-1.png?fit=510%2C510&ssl=1\",\"datePublished\":\"2020-05-12T18:48:07+00:00\",\"dateModified\":\"2026-01-01T07:24:44+00:00\",\"description\":\"DR. BRONNER'S Pure-Castile liquid soap is great for face, body, hair\u2014food, dishes, mopping, pets\u2014the best for human, home and Earth!\",\"breadcrumb\":{\"@id\":\"http:\\\/\\\/greenspells.com\\\/product\\\/dr-bronner-pure-castile-liquid-soap-eucalyptus-60-ml\\\/#breadcrumb\"},\"inLanguage\":\"lt-LT\",\"potentialAction\":[{\"@type\":\"ReadAction\",\"target\":[\"http:\\\/\\\/greenspells.com\\\/product\\\/dr-bronner-pure-castile-liquid-soap-eucalyptus-60-ml\\\/\"]}]},{\"@type\":\"ImageObject\",\"inLanguage\":\"lt-LT\",\"@id\":\"http:\\\/\\\/greenspells.com\\\/product\\\/dr-bronner-pure-castile-liquid-soap-eucalyptus-60-ml\\\/#primaryimage\",\"url\":\"https:\\\/\\\/i0.wp.com\\\/greenspells.com\\\/wp-content\\\/uploads\\\/2020\\\/05\\\/Skystas-muilas-Eucalyptus-60-ml-Dr.Bronner-510x510-1.png?fit=510%2C510&ssl=1\",\"contentUrl\":\"https:\\\/\\\/i0.wp.com\\\/greenspells.com\\\/wp-content\\\/uploads\\\/2020\\\/05\\\/Skystas-muilas-Eucalyptus-60-ml-Dr.Bronner-510x510-1.png?fit=510%2C510&ssl=1\",\"width\":510,\"height\":510},{\"@type\":\"BreadcrumbList\",\"@id\":\"http:\\\/\\\/greenspells.com\\\/product\\\/dr-bronner-pure-castile-liquid-soap-eucalyptus-60-ml\\\/#breadcrumb\",\"itemListElement\":[{\"@type\":\"ListItem\",\"position\":1,\"name\":\"Home\",\"item\":\"https:\\\/\\\/greenspells.com\\\/\"},{\"@type\":\"ListItem\",\"position\":2,\"name\":\"Shop\",\"item\":\"https:\\\/\\\/greenspells.com\\\/shop\\\/\"},{\"@type\":\"ListItem\",\"position\":3,\"name\":\"DR. BRONNER Pure-Castile LIQUID SOAP, Eucalyptus, 60 ml\"}]},{\"@type\":\"WebSite\",\"@id\":\"https:\\\/\\\/greenspells.com\\\/#website\",\"url\":\"https:\\\/\\\/greenspells.com\\\/\",\"name\":\"Greenspells\",\"description\":\"Nat\u016brali ir ekologi\u0161ka kosmetika\",\"publisher\":{\"@id\":\"https:\\\/\\\/greenspells.com\\\/#organization\"},\"potentialAction\":[{\"@type\":\"SearchAction\",\"target\":{\"@type\":\"EntryPoint\",\"urlTemplate\":\"https:\\\/\\\/greenspells.com\\\/?s={search_term_string}\"},\"query-input\":{\"@type\":\"PropertyValueSpecification\",\"valueRequired\":true,\"valueName\":\"search_term_string\"}}],\"inLanguage\":\"lt-LT\"},{\"@type\":\"Organization\",\"@id\":\"https:\\\/\\\/greenspells.com\\\/#organization\",\"name\":\"Greenspells\",\"url\":\"https:\\\/\\\/greenspells.com\\\/\",\"logo\":{\"@type\":\"ImageObject\",\"inLanguage\":\"lt-LT\",\"@id\":\"https:\\\/\\\/greenspells.com\\\/#\\\/schema\\\/logo\\\/image\\\/\",\"url\":\"https:\\\/\\\/i0.wp.com\\\/greenspells.com\\\/wp-content\\\/uploads\\\/2020\\\/09\\\/20200722_153424_0000.png?fit=1500%2C1500&ssl=1\",\"contentUrl\":\"https:\\\/\\\/i0.wp.com\\\/greenspells.com\\\/wp-content\\\/uploads\\\/2020\\\/09\\\/20200722_153424_0000.png?fit=1500%2C1500&ssl=1\",\"width\":1500,\"height\":1500,\"caption\":\"Greenspells\"},\"image\":{\"@id\":\"https:\\\/\\\/greenspells.com\\\/#\\\/schema\\\/logo\\\/image\\\/\"},\"sameAs\":[\"https:\\\/\\\/www.facebook.com\\\/Greenspells\",\"https:\\\/\\\/www.instagram.com\\\/greenspells_store\\\/\"]}]}<\/script>\n<!-- \/ Yoast SEO plugin. -->","yoast_head_json":{"title":"DR. BRONNER  Pure-Castile LIQUID SOAP, Eucalyptus, 60 ml - Greenspells","description":"DR. BRONNER'S Pure-Castile liquid soap is great for face, body, hair\u2014food, dishes, mopping, pets\u2014the best for human, home and Earth!","robots":{"index":"index","follow":"follow","max-snippet":"max-snippet:-1","max-image-preview":"max-image-preview:large","max-video-preview":"max-video-preview:-1"},"canonical":"http:\/\/greenspells.com\/lt\/produktas\/dr-bronner-pure-castile-liquid-soap-eucalyptus-60-ml\/","og_locale":"lt_LT","og_type":"article","og_title":"DR. BRONNER  Pure-Castile LIQUID SOAP, Eucalyptus, 60 ml - Greenspells","og_description":"DR. BRONNER'S Pure-Castile liquid soap is great for face, body, hair\u2014food, dishes, mopping, pets\u2014the best for human, home and Earth!","og_url":"http:\/\/greenspells.com\/lt\/produktas\/dr-bronner-pure-castile-liquid-soap-eucalyptus-60-ml\/","og_site_name":"Greenspells","article_publisher":"https:\/\/www.facebook.com\/Greenspells","article_modified_time":"2026-01-01T07:24:44+00:00","og_image":[{"width":510,"height":510,"url":"https:\/\/i0.wp.com\/greenspells.com\/wp-content\/uploads\/2020\/05\/Skystas-muilas-Eucalyptus-60-ml-Dr.Bronner-510x510-1.png?fit=510%2C510","type":"image\/png"}],"twitter_card":"summary_large_image","twitter_misc":{"Est. reading time":"1 minut\u0117"},"schema":{"@context":"https:\/\/schema.org","@graph":[{"@type":"WebPage","@id":"http:\/\/greenspells.com\/product\/dr-bronner-pure-castile-liquid-soap-eucalyptus-60-ml\/","url":"http:\/\/greenspells.com\/product\/dr-bronner-pure-castile-liquid-soap-eucalyptus-60-ml\/","name":"DR. BRONNER Pure-Castile LIQUID SOAP, Eucalyptus, 60 ml - Greenspells","isPartOf":{"@id":"https:\/\/greenspells.com\/#website"},"primaryImageOfPage":{"@id":"http:\/\/greenspells.com\/product\/dr-bronner-pure-castile-liquid-soap-eucalyptus-60-ml\/#primaryimage"},"image":{"@id":"http:\/\/greenspells.com\/product\/dr-bronner-pure-castile-liquid-soap-eucalyptus-60-ml\/#primaryimage"},"thumbnailUrl":"https:\/\/i0.wp.com\/greenspells.com\/wp-content\/uploads\/2020\/05\/Skystas-muilas-Eucalyptus-60-ml-Dr.Bronner-510x510-1.png?fit=510%2C510&ssl=1","datePublished":"2020-05-12T18:48:07+00:00","dateModified":"2026-01-01T07:24:44+00:00","description":"DR. BRONNER'S Pure-Castile liquid soap is great for face, body, hair\u2014food, dishes, mopping, pets\u2014the best for human, home and Earth!","breadcrumb":{"@id":"http:\/\/greenspells.com\/product\/dr-bronner-pure-castile-liquid-soap-eucalyptus-60-ml\/#breadcrumb"},"inLanguage":"lt-LT","potentialAction":[{"@type":"ReadAction","target":["http:\/\/greenspells.com\/product\/dr-bronner-pure-castile-liquid-soap-eucalyptus-60-ml\/"]}]},{"@type":"ImageObject","inLanguage":"lt-LT","@id":"http:\/\/greenspells.com\/product\/dr-bronner-pure-castile-liquid-soap-eucalyptus-60-ml\/#primaryimage","url":"https:\/\/i0.wp.com\/greenspells.com\/wp-content\/uploads\/2020\/05\/Skystas-muilas-Eucalyptus-60-ml-Dr.Bronner-510x510-1.png?fit=510%2C510&ssl=1","contentUrl":"https:\/\/i0.wp.com\/greenspells.com\/wp-content\/uploads\/2020\/05\/Skystas-muilas-Eucalyptus-60-ml-Dr.Bronner-510x510-1.png?fit=510%2C510&ssl=1","width":510,"height":510},{"@type":"BreadcrumbList","@id":"http:\/\/greenspells.com\/product\/dr-bronner-pure-castile-liquid-soap-eucalyptus-60-ml\/#breadcrumb","itemListElement":[{"@type":"ListItem","position":1,"name":"Home","item":"https:\/\/greenspells.com\/"},{"@type":"ListItem","position":2,"name":"Shop","item":"https:\/\/greenspells.com\/shop\/"},{"@type":"ListItem","position":3,"name":"DR. BRONNER Pure-Castile LIQUID SOAP, Eucalyptus, 60 ml"}]},{"@type":"WebSite","@id":"https:\/\/greenspells.com\/#website","url":"https:\/\/greenspells.com\/","name":"Greenspells","description":"Nat\u016brali ir ekologi\u0161ka kosmetika","publisher":{"@id":"https:\/\/greenspells.com\/#organization"},"potentialAction":[{"@type":"SearchAction","target":{"@type":"EntryPoint","urlTemplate":"https:\/\/greenspells.com\/?s={search_term_string}"},"query-input":{"@type":"PropertyValueSpecification","valueRequired":true,"valueName":"search_term_string"}}],"inLanguage":"lt-LT"},{"@type":"Organization","@id":"https:\/\/greenspells.com\/#organization","name":"Greenspells","url":"https:\/\/greenspells.com\/","logo":{"@type":"ImageObject","inLanguage":"lt-LT","@id":"https:\/\/greenspells.com\/#\/schema\/logo\/image\/","url":"https:\/\/i0.wp.com\/greenspells.com\/wp-content\/uploads\/2020\/09\/20200722_153424_0000.png?fit=1500%2C1500&ssl=1","contentUrl":"https:\/\/i0.wp.com\/greenspells.com\/wp-content\/uploads\/2020\/09\/20200722_153424_0000.png?fit=1500%2C1500&ssl=1","width":1500,"height":1500,"caption":"Greenspells"},"image":{"@id":"https:\/\/greenspells.com\/#\/schema\/logo\/image\/"},"sameAs":["https:\/\/www.facebook.com\/Greenspells","https:\/\/www.instagram.com\/greenspells_store\/"]}]}},"jetpack_likes_enabled":true,"jetpack_sharing_enabled":true,"_links":{"self":[{"href":"https:\/\/greenspells.com\/lt\/wp-json\/wp\/v2\/product\/1668759","targetHints":{"allow":["GET"]}}],"collection":[{"href":"https:\/\/greenspells.com\/lt\/wp-json\/wp\/v2\/product"}],"about":[{"href":"https:\/\/greenspells.com\/lt\/wp-json\/wp\/v2\/types\/product"}],"replies":[{"embeddable":true,"href":"https:\/\/greenspells.com\/lt\/wp-json\/wp\/v2\/comments?post=1668759"}],"wp:featuredmedia":[{"embeddable":true,"href":"https:\/\/greenspells.com\/lt\/wp-json\/wp\/v2\/media\/1668760"}],"wp:attachment":[{"href":"https:\/\/greenspells.com\/lt\/wp-json\/wp\/v2\/media?parent=1668759"}],"wp:term":[{"taxonomy":"product_brand","embeddable":true,"href":"https:\/\/greenspells.com\/lt\/wp-json\/wp\/v2\/product_brand?post=1668759"},{"taxonomy":"product_cat","embeddable":true,"href":"https:\/\/greenspells.com\/lt\/wp-json\/wp\/v2\/product_cat?post=1668759"},{"taxonomy":"product_tag","embeddable":true,"href":"https:\/\/greenspells.com\/lt\/wp-json\/wp\/v2\/product_tag?post=1668759"}],"curies":[{"name":"wp","href":"https:\/\/api.w.org\/{rel}","templated":true}]}}