{"id":1654831,"date":"2020-02-10T23:48:25","date_gmt":"2020-02-10T21:48:25","guid":{"rendered":"https:\/\/greenspells.com\/?page_id=1654831"},"modified":"2026-04-07T13:50:15","modified_gmt":"2026-04-07T11:50:15","slug":"faq","status":"publish","type":"page","link":"https:\/\/greenspells.com\/lt\/faq\/","title":{"rendered":"DUK"},"content":{"rendered":"<p><strong><em>Kiek kainuoja pristatymas?<\/em><\/strong><\/p>\n\n\n\n<p>U\u017esakymus nuo 50 eur pristatome nemokamai, DPD kurjeriu, arba OMNIVA pa\u0161tomatais.<\/p>\n\n\n\n<p>U\u017esakymams iki 50 eur skai\u010diuojamas 3 eur pristatymo mokestis.<\/p>\n\n\n\n<p><strong><em>Per kiek laiko i\u0161siun\u010diamas u\u017esakymas<\/em> ?<\/strong><\/p>\n\n\n\n<p>Lietuvoje u\u017esakymus i\u0161siun\u010diame per 2-9 darbo dienas (baland\u017eio m\u0117n viduryje terminus sutrumpinsime iki 2-5 d.d. <\/p>\n\n\n\n<p>Kurjeriai pristato per 1-2 dienas.<\/p>\n\n\n\n<p>I\u0161siuntus u\u017esakym\u0105 gausite prane\u0161im\u0105 el.pa\u0161tu, kad u\u017esakymas yra i\u0161si\u0173stas. Paprastai per 1 ar 2 darbo dienas nuo tokio prane\u0161imo turite sulaukti savo siuntinuko.<\/p>\n\n\n\n<p>Jeigu siuntos nesulaukiate ilgiau, nei nurodytas pristatymo terminas, para\u0161ykite mums el.pa\u0161tu: info@greenspells.com, nurodydami savo u\u017esakymo numer\u012f.<\/p>\n\n\n\n<p>Tarptautin\u0117s siuntos keliauja priklausomai nuo \u0161alies, 5-14 darbo dien\u0173. <\/p>\n\n\n\n<p><strong><em>Kaip galima apmok\u0117ti u\u017esakym\u0105?<\/em><\/strong><\/p>\n\n\n\n<p>U\u017esakymus galite saugiai apmok\u0117ti per el.bankininkyst\u0119 ar Paysera.<\/p>\n\n\n\n<p>Atsiskaitym\u0173 Paypal laikinai nepriimame.<\/p>\n\n\n\n<p><\/p>","protected":false},"excerpt":{"rendered":"<p>Kiek kainuoja pristatymas? U\u017esakymus nuo 50 eur pristatome nemokamai, DPD kurjeriu, arba OMNIVA pa\u0161tomatais. U\u017esakymams iki 50 eur skai\u010diuojamas 3 eur pristatymo mokestis. Per kiek laiko i\u0161siun\u010diamas u\u017esakymas ? Lietuvoje u\u017esakymus i\u0161siun\u010diame per 2-9 darbo dienas (baland\u017eio m\u0117n viduryje terminus sutrumpinsime iki 2-5 d.d. Kurjeriai pristato per 1-2 dienas. I\u0161siuntus u\u017esakym\u0105 gausite prane\u0161im\u0105 el.pa\u0161tu, kad [&hellip;]<\/p>\n","protected":false},"author":1,"featured_media":0,"parent":0,"menu_order":0,"comment_status":"closed","ping_status":"closed","template":"","meta":{"content-type":"","_monsterinsights_skip_tracking":false,"_monsterinsights_sitenote_active":false,"_monsterinsights_sitenote_note":"","_monsterinsights_sitenote_category":0,"_uf_show_specific_survey":0,"_uf_disable_surveys":false,"footnotes":""},"class_list":["post-1654831","page","type-page","status-publish","hentry"],"yoast_head":"<!-- This site is optimized with the Yoast SEO plugin v27.5 - https:\/\/yoast.com\/product\/yoast-seo-wordpress\/ -->\n<title>FAQ - Greenspells<\/title>\n<meta name=\"description\" content=\"Frequently asked questions about shipping, delivery, payment options.\" \/>\n<meta name=\"robots\" content=\"index, follow, max-snippet:-1, max-image-preview:large, max-video-preview:-1\" \/>\n<link rel=\"canonical\" href=\"https:\/\/greenspells.com\/lt\/faq\/\" \/>\n<meta property=\"og:locale\" content=\"lt_LT\" \/>\n<meta property=\"og:type\" content=\"article\" \/>\n<meta property=\"og:title\" content=\"FAQ - Greenspells\" \/>\n<meta property=\"og:description\" content=\"Frequently asked questions about shipping, delivery, payment options.\" \/>\n<meta property=\"og:url\" content=\"https:\/\/greenspells.com\/lt\/faq\/\" \/>\n<meta property=\"og:site_name\" content=\"Greenspells\" \/>\n<meta property=\"article:publisher\" content=\"https:\/\/www.facebook.com\/Greenspells\" \/>\n<meta property=\"article:modified_time\" content=\"2026-04-07T11:50:15+00:00\" \/>\n<meta name=\"twitter:card\" content=\"summary_large_image\" \/>\n<meta name=\"twitter:label1\" content=\"Est. reading time\" \/>\n\t<meta name=\"twitter:data1\" content=\"1 minut\u0117\" \/>\n<script type=\"application\/ld+json\" class=\"yoast-schema-graph\">{\"@context\":\"https:\\\/\\\/schema.org\",\"@graph\":[{\"@type\":\"WebPage\",\"@id\":\"https:\\\/\\\/greenspells.com\\\/faq\\\/\",\"url\":\"https:\\\/\\\/greenspells.com\\\/faq\\\/\",\"name\":\"FAQ - Greenspells\",\"isPartOf\":{\"@id\":\"https:\\\/\\\/greenspells.com\\\/#website\"},\"datePublished\":\"2020-02-10T21:48:25+00:00\",\"dateModified\":\"2026-04-07T11:50:15+00:00\",\"description\":\"Frequently asked questions about shipping, delivery, payment options.\",\"breadcrumb\":{\"@id\":\"https:\\\/\\\/greenspells.com\\\/faq\\\/#breadcrumb\"},\"inLanguage\":\"lt-LT\",\"potentialAction\":[{\"@type\":\"ReadAction\",\"target\":[\"https:\\\/\\\/greenspells.com\\\/faq\\\/\"]}]},{\"@type\":\"BreadcrumbList\",\"@id\":\"https:\\\/\\\/greenspells.com\\\/faq\\\/#breadcrumb\",\"itemListElement\":[{\"@type\":\"ListItem\",\"position\":1,\"name\":\"Home\",\"item\":\"https:\\\/\\\/greenspells.com\\\/\"},{\"@type\":\"ListItem\",\"position\":2,\"name\":\"FAQ\"}]},{\"@type\":\"WebSite\",\"@id\":\"https:\\\/\\\/greenspells.com\\\/#website\",\"url\":\"https:\\\/\\\/greenspells.com\\\/\",\"name\":\"Greenspells\",\"description\":\"Nat\u016brali ir ekologi\u0161ka kosmetika\",\"publisher\":{\"@id\":\"https:\\\/\\\/greenspells.com\\\/#organization\"},\"potentialAction\":[{\"@type\":\"SearchAction\",\"target\":{\"@type\":\"EntryPoint\",\"urlTemplate\":\"https:\\\/\\\/greenspells.com\\\/?s={search_term_string}\"},\"query-input\":{\"@type\":\"PropertyValueSpecification\",\"valueRequired\":true,\"valueName\":\"search_term_string\"}}],\"inLanguage\":\"lt-LT\"},{\"@type\":\"Organization\",\"@id\":\"https:\\\/\\\/greenspells.com\\\/#organization\",\"name\":\"Greenspells\",\"url\":\"https:\\\/\\\/greenspells.com\\\/\",\"logo\":{\"@type\":\"ImageObject\",\"inLanguage\":\"lt-LT\",\"@id\":\"https:\\\/\\\/greenspells.com\\\/#\\\/schema\\\/logo\\\/image\\\/\",\"url\":\"https:\\\/\\\/i0.wp.com\\\/greenspells.com\\\/wp-content\\\/uploads\\\/2020\\\/09\\\/20200722_153424_0000.png?fit=1500%2C1500&ssl=1\",\"contentUrl\":\"https:\\\/\\\/i0.wp.com\\\/greenspells.com\\\/wp-content\\\/uploads\\\/2020\\\/09\\\/20200722_153424_0000.png?fit=1500%2C1500&ssl=1\",\"width\":1500,\"height\":1500,\"caption\":\"Greenspells\"},\"image\":{\"@id\":\"https:\\\/\\\/greenspells.com\\\/#\\\/schema\\\/logo\\\/image\\\/\"},\"sameAs\":[\"https:\\\/\\\/www.facebook.com\\\/Greenspells\",\"https:\\\/\\\/www.instagram.com\\\/greenspells_store\\\/\"]}]}<\/script>\n<!-- \/ Yoast SEO plugin. -->","yoast_head_json":{"title":"FAQ - Greenspells","description":"Frequently asked questions about shipping, delivery, payment options.","robots":{"index":"index","follow":"follow","max-snippet":"max-snippet:-1","max-image-preview":"max-image-preview:large","max-video-preview":"max-video-preview:-1"},"canonical":"https:\/\/greenspells.com\/lt\/faq\/","og_locale":"lt_LT","og_type":"article","og_title":"FAQ - Greenspells","og_description":"Frequently asked questions about shipping, delivery, payment options.","og_url":"https:\/\/greenspells.com\/lt\/faq\/","og_site_name":"Greenspells","article_publisher":"https:\/\/www.facebook.com\/Greenspells","article_modified_time":"2026-04-07T11:50:15+00:00","twitter_card":"summary_large_image","twitter_misc":{"Est. reading time":"1 minut\u0117"},"schema":{"@context":"https:\/\/schema.org","@graph":[{"@type":"WebPage","@id":"https:\/\/greenspells.com\/faq\/","url":"https:\/\/greenspells.com\/faq\/","name":"FAQ - Greenspells","isPartOf":{"@id":"https:\/\/greenspells.com\/#website"},"datePublished":"2020-02-10T21:48:25+00:00","dateModified":"2026-04-07T11:50:15+00:00","description":"Frequently asked questions about shipping, delivery, payment options.","breadcrumb":{"@id":"https:\/\/greenspells.com\/faq\/#breadcrumb"},"inLanguage":"lt-LT","potentialAction":[{"@type":"ReadAction","target":["https:\/\/greenspells.com\/faq\/"]}]},{"@type":"BreadcrumbList","@id":"https:\/\/greenspells.com\/faq\/#breadcrumb","itemListElement":[{"@type":"ListItem","position":1,"name":"Home","item":"https:\/\/greenspells.com\/"},{"@type":"ListItem","position":2,"name":"FAQ"}]},{"@type":"WebSite","@id":"https:\/\/greenspells.com\/#website","url":"https:\/\/greenspells.com\/","name":"Greenspells","description":"Nat\u016brali ir ekologi\u0161ka kosmetika","publisher":{"@id":"https:\/\/greenspells.com\/#organization"},"potentialAction":[{"@type":"SearchAction","target":{"@type":"EntryPoint","urlTemplate":"https:\/\/greenspells.com\/?s={search_term_string}"},"query-input":{"@type":"PropertyValueSpecification","valueRequired":true,"valueName":"search_term_string"}}],"inLanguage":"lt-LT"},{"@type":"Organization","@id":"https:\/\/greenspells.com\/#organization","name":"Greenspells","url":"https:\/\/greenspells.com\/","logo":{"@type":"ImageObject","inLanguage":"lt-LT","@id":"https:\/\/greenspells.com\/#\/schema\/logo\/image\/","url":"https:\/\/i0.wp.com\/greenspells.com\/wp-content\/uploads\/2020\/09\/20200722_153424_0000.png?fit=1500%2C1500&ssl=1","contentUrl":"https:\/\/i0.wp.com\/greenspells.com\/wp-content\/uploads\/2020\/09\/20200722_153424_0000.png?fit=1500%2C1500&ssl=1","width":1500,"height":1500,"caption":"Greenspells"},"image":{"@id":"https:\/\/greenspells.com\/#\/schema\/logo\/image\/"},"sameAs":["https:\/\/www.facebook.com\/Greenspells","https:\/\/www.instagram.com\/greenspells_store\/"]}]}},"jetpack_shortlink":"https:\/\/wp.me\/PazOBU-6WuP","jetpack_likes_enabled":true,"jetpack_sharing_enabled":true,"_links":{"self":[{"href":"https:\/\/greenspells.com\/lt\/wp-json\/wp\/v2\/pages\/1654831","targetHints":{"allow":["GET"]}}],"collection":[{"href":"https:\/\/greenspells.com\/lt\/wp-json\/wp\/v2\/pages"}],"about":[{"href":"https:\/\/greenspells.com\/lt\/wp-json\/wp\/v2\/types\/page"}],"author":[{"embeddable":true,"href":"https:\/\/greenspells.com\/lt\/wp-json\/wp\/v2\/users\/1"}],"replies":[{"embeddable":true,"href":"https:\/\/greenspells.com\/lt\/wp-json\/wp\/v2\/comments?post=1654831"}],"version-history":[{"count":9,"href":"https:\/\/greenspells.com\/lt\/wp-json\/wp\/v2\/pages\/1654831\/revisions"}],"predecessor-version":[{"id":1677529,"href":"https:\/\/greenspells.com\/lt\/wp-json\/wp\/v2\/pages\/1654831\/revisions\/1677529"}],"wp:attachment":[{"href":"https:\/\/greenspells.com\/lt\/wp-json\/wp\/v2\/media?parent=1654831"}],"curies":[{"name":"wp","href":"https:\/\/api.w.org\/{rel}","templated":true}]}}